{"id":2120,"date":"2020-04-29T14:21:26","date_gmt":"2020-04-29T12:21:26","guid":{"rendered":"https:\/\/ship-tracker.org\/?page_id=2120"},"modified":"2022-10-27T16:02:03","modified_gmt":"2022-10-27T14:02:03","slug":"celestyal-cruises","status":"publish","type":"page","link":"https:\/\/ship-tracker.org\/nb\/celestyal-cruises\/","title":{"rendered":"Celestyal Cruises"},"content":{"rendered":"<h2>Celestyal Cruises Fleet Location Skip, IMO-nummer, MMSI, Webkameraer<\/h2>\n<p>Hvor er den n\u00e5v\u00e6rende posisjonen til Celestyal Cruises Fleet for tiden?<\/p>\n<table>\n<tbody>\n<tr style=\"height: 24px;\">\n<td style=\"width: 457px; height: 24px;\"><span style=\"color: #1f405b;\"><strong>Skip<\/strong><\/span><\/td>\n<td style=\"width: 456px; height: 24px;\"><span style=\"color: #1f405b;\"><strong>IMO<\/strong><\/span><\/td>\n<td style=\"width: 456px; height: 24px;\"><span style=\"color: #1f405b;\"><strong>MMSI<\/strong><\/span><\/td>\n<\/tr>\n<tr style=\"height: 24px;\">\n<td style=\"width: 457px; height: 24px;\"><a href=\"https:\/\/ship-tracker.org\/nb\/celestyal-olympia\/\">Celestyal Olympia<\/a><\/td>\n<td style=\"width: 456px; height: 24px;\">7927984<\/td>\n<td style=\"width: 456px; height: 24px;\">229051000<\/td>\n<\/tr>\n<tr style=\"height: 24px;\">\n<td style=\"width: 457px; height: 24px;\"><a href=\"https:\/\/ship-tracker.org\/nb\/celestyal-crystal\/\">Himmelsk krystall<\/a><\/td>\n<td style=\"width: 456px; height: 24px;\">7827213<\/td>\n<td style=\"width: 456px; height: 24px;\">229001000<\/td>\n<\/tr>\n<\/tbody>\n<\/table>\n<h2>Om Celestyal Cruises<\/h2>\n<p>Celestyal Cruises er et nyetablert rederi i Hellas. Det opererer for tiden tre cruiseskip, to fra Louis Cruises, Louis Crystal og Louis Olympia. Begge skipene har f\u00e5tt nytt navn. Det er ogs\u00e5 inng\u00e5tt en charterkontrakt for MS Voyager, som sist ble brukt til Semester til sj\u00f8s. Skipet skal hete Celestyal Odyssey. Enten stor eller liten, Celestyal Cruises har en rekke tilbud som sikrer en flott reise. De f\u00f8rste programmene starter tidlig om morgenen og er tilgjengelige til sent p\u00e5 kvelden. Hvis du n\u00e5 vil spille brettspill med barna eller foretrekker \u00e5 gj\u00f8re noe for deg selv i treningsstudioet, finnes det underholdningspunkter og aktiviteter som passer alle behov. Kunnskapskonkurranser, dansekurs, ulike idretter, konserter, matlagingskurs \u2013 alt dette og mye mer tilbys her.<\/p>","protected":false},"excerpt":{"rendered":"<p>Celestyal Cruises Fleet Plassering Skip, IMO-nummer, MMSI, Webkameraer Hvor er den n\u00e5v\u00e6rende posisjonen til Celestyal Cruises Fleet for tiden? Send IMO MMSI Celestyal Olympia 7927984 229051000 Celestyal Crystal 7827213 229001000 Om Celestyal Cruises Celestyal Cruises er et nyetablert rederi i Hellas. Det opererer for tiden tre cruiseskip, to fra Louis Cruises, Louis ...&nbsp;<a href=\"https:\/\/ship-tracker.org\/nb\/celestyal-cruises\/\" rel=\"bookmark\">Les mer \u00bb<span class=\"screen-reader-text\">Celestyal Cruises<\/span><\/a><\/p>","protected":false},"author":1,"featured_media":2121,"parent":0,"menu_order":0,"comment_status":"closed","ping_status":"closed","template":"","meta":{"neve_meta_sidebar":"","neve_meta_container":"","neve_meta_enable_content_width":"","neve_meta_content_width":0,"neve_meta_title_alignment":"","neve_meta_author_avatar":"","neve_post_elements_order":"","neve_meta_disable_header":"","neve_meta_disable_footer":"","neve_meta_disable_title":"","neve_meta_reading_time":"","footnotes":""},"class_list":["post-2120","page","type-page","status-publish","has-post-thumbnail","hentry"],"yoast_head":"<!-- This site is optimized with the Yoast SEO plugin v27.4 - https:\/\/yoast.com\/product\/yoast-seo-wordpress\/ -->\n<title>Track Celestyal Cruises Fleet | Cruise Ships | Marine Vessel<\/title>\n<meta name=\"description\" content=\"Celestyal Cruises Fleet Location | Current Positions of Celestyal Cruises Ships, IMO numbers, MMSI, Webcam | Live Fleet Maps | Ship Tracker\" \/>\n<meta name=\"robots\" content=\"index, follow, max-snippet:-1, max-image-preview:large, max-video-preview:-1\" \/>\n<link rel=\"canonical\" href=\"https:\/\/ship-tracker.org\/nb\/celestyal-cruises\/\" \/>\n<meta property=\"og:locale\" content=\"nb_NO\" \/>\n<meta property=\"og:type\" content=\"article\" \/>\n<meta property=\"og:title\" content=\"Track Celestyal Cruises Fleet | Cruise Ships | Marine Vessel\" \/>\n<meta property=\"og:description\" content=\"Celestyal Cruises Fleet Location | Current Positions of Celestyal Cruises Ships, IMO numbers, MMSI, Webcam | Live Fleet Maps | Ship Tracker\" \/>\n<meta property=\"og:url\" content=\"https:\/\/ship-tracker.org\/nb\/celestyal-cruises\/\" \/>\n<meta property=\"og:site_name\" content=\"Ship-tracker.org\" \/>\n<meta property=\"article:modified_time\" content=\"2022-10-27T14:02:03+00:00\" \/>\n<meta property=\"og:image\" content=\"https:\/\/ship-tracker.org\/wp-content\/uploads\/2020\/04\/company-logos-celestyal-354962.jpg\" \/>\n\t<meta property=\"og:image:width\" content=\"600\" \/>\n\t<meta property=\"og:image:height\" content=\"352\" \/>\n\t<meta property=\"og:image:type\" content=\"image\/jpeg\" \/>\n<meta name=\"twitter:card\" content=\"summary_large_image\" \/>\n<meta name=\"twitter:label1\" content=\"Ansl. lesetid\" \/>\n\t<meta name=\"twitter:data1\" content=\"1 minutt\" \/>\n<script type=\"application\/ld+json\" class=\"yoast-schema-graph\">{\"@context\":\"https:\\\/\\\/schema.org\",\"@graph\":[{\"@type\":\"WebPage\",\"@id\":\"https:\\\/\\\/ship-tracker.org\\\/celestyal-cruises\\\/\",\"url\":\"https:\\\/\\\/ship-tracker.org\\\/celestyal-cruises\\\/\",\"name\":\"Track Celestyal Cruises Fleet | Cruise Ships | Marine Vessel\",\"isPartOf\":{\"@id\":\"https:\\\/\\\/ship-tracker.org\\\/#website\"},\"primaryImageOfPage\":{\"@id\":\"https:\\\/\\\/ship-tracker.org\\\/celestyal-cruises\\\/#primaryimage\"},\"image\":{\"@id\":\"https:\\\/\\\/ship-tracker.org\\\/celestyal-cruises\\\/#primaryimage\"},\"thumbnailUrl\":\"https:\\\/\\\/ship-tracker.org\\\/wp-content\\\/uploads\\\/2020\\\/04\\\/company-logos-celestyal-354962.jpg\",\"datePublished\":\"2020-04-29T12:21:26+00:00\",\"dateModified\":\"2022-10-27T14:02:03+00:00\",\"description\":\"Celestyal Cruises Fleet Location | Current Positions of Celestyal Cruises Ships, IMO numbers, MMSI, Webcam | Live Fleet Maps | Ship Tracker\",\"breadcrumb\":{\"@id\":\"https:\\\/\\\/ship-tracker.org\\\/celestyal-cruises\\\/#breadcrumb\"},\"inLanguage\":\"nb-NO\",\"potentialAction\":[{\"@type\":\"ReadAction\",\"target\":[\"https:\\\/\\\/ship-tracker.org\\\/celestyal-cruises\\\/\"]}]},{\"@type\":\"ImageObject\",\"inLanguage\":\"nb-NO\",\"@id\":\"https:\\\/\\\/ship-tracker.org\\\/celestyal-cruises\\\/#primaryimage\",\"url\":\"https:\\\/\\\/ship-tracker.org\\\/wp-content\\\/uploads\\\/2020\\\/04\\\/company-logos-celestyal-354962.jpg\",\"contentUrl\":\"https:\\\/\\\/ship-tracker.org\\\/wp-content\\\/uploads\\\/2020\\\/04\\\/company-logos-celestyal-354962.jpg\",\"width\":600,\"height\":352,\"caption\":\"Celestyal Cruises\"},{\"@type\":\"BreadcrumbList\",\"@id\":\"https:\\\/\\\/ship-tracker.org\\\/celestyal-cruises\\\/#breadcrumb\",\"itemListElement\":[{\"@type\":\"ListItem\",\"position\":1,\"name\":\"Startseite\",\"item\":\"https:\\\/\\\/ship-tracker.org\\\/\"},{\"@type\":\"ListItem\",\"position\":2,\"name\":\"Celestyal Cruises\"}]},{\"@type\":\"WebSite\",\"@id\":\"https:\\\/\\\/ship-tracker.org\\\/#website\",\"url\":\"https:\\\/\\\/ship-tracker.org\\\/\",\"name\":\"Ship-tracker.org\",\"description\":\"\",\"potentialAction\":[{\"@type\":\"SearchAction\",\"target\":{\"@type\":\"EntryPoint\",\"urlTemplate\":\"https:\\\/\\\/ship-tracker.org\\\/?s={search_term_string}\"},\"query-input\":{\"@type\":\"PropertyValueSpecification\",\"valueRequired\":true,\"valueName\":\"search_term_string\"}}],\"inLanguage\":\"nb-NO\"}]}<\/script>\n<!-- \/ Yoast SEO plugin. -->","yoast_head_json":{"title":"Spor Celestyal Cruises Fleet | Cruiseskip | Marine fart\u00f8y","description":"Celestyal Cruises Fleet Plassering | N\u00e5v\u00e6rende posisjoner til Celestyal Cruises-skip, IMO-nummer, MMSI, webkamera | Live Fleet Maps | Skipssporer","robots":{"index":"index","follow":"follow","max-snippet":"max-snippet:-1","max-image-preview":"max-image-preview:large","max-video-preview":"max-video-preview:-1"},"canonical":"https:\/\/ship-tracker.org\/nb\/celestyal-cruises\/","og_locale":"nb_NO","og_type":"article","og_title":"Track Celestyal Cruises Fleet | Cruise Ships | Marine Vessel","og_description":"Celestyal Cruises Fleet Location | Current Positions of Celestyal Cruises Ships, IMO numbers, MMSI, Webcam | Live Fleet Maps | Ship Tracker","og_url":"https:\/\/ship-tracker.org\/nb\/celestyal-cruises\/","og_site_name":"Ship-tracker.org","article_modified_time":"2022-10-27T14:02:03+00:00","og_image":[{"width":600,"height":352,"url":"https:\/\/ship-tracker.org\/wp-content\/uploads\/2020\/04\/company-logos-celestyal-354962.jpg","type":"image\/jpeg"}],"twitter_card":"summary_large_image","twitter_misc":{"Ansl. lesetid":"1 minutt"},"schema":{"@context":"https:\/\/schema.org","@graph":[{"@type":"WebPage","@id":"https:\/\/ship-tracker.org\/celestyal-cruises\/","url":"https:\/\/ship-tracker.org\/celestyal-cruises\/","name":"Spor Celestyal Cruises Fleet | Cruiseskip | Marine fart\u00f8y","isPartOf":{"@id":"https:\/\/ship-tracker.org\/#website"},"primaryImageOfPage":{"@id":"https:\/\/ship-tracker.org\/celestyal-cruises\/#primaryimage"},"image":{"@id":"https:\/\/ship-tracker.org\/celestyal-cruises\/#primaryimage"},"thumbnailUrl":"https:\/\/ship-tracker.org\/wp-content\/uploads\/2020\/04\/company-logos-celestyal-354962.jpg","datePublished":"2020-04-29T12:21:26+00:00","dateModified":"2022-10-27T14:02:03+00:00","description":"Celestyal Cruises Fleet Plassering | N\u00e5v\u00e6rende posisjoner til Celestyal Cruises-skip, IMO-nummer, MMSI, webkamera | Live Fleet Maps | Skipssporer","breadcrumb":{"@id":"https:\/\/ship-tracker.org\/celestyal-cruises\/#breadcrumb"},"inLanguage":"nb-NO","potentialAction":[{"@type":"ReadAction","target":["https:\/\/ship-tracker.org\/celestyal-cruises\/"]}]},{"@type":"ImageObject","inLanguage":"nb-NO","@id":"https:\/\/ship-tracker.org\/celestyal-cruises\/#primaryimage","url":"https:\/\/ship-tracker.org\/wp-content\/uploads\/2020\/04\/company-logos-celestyal-354962.jpg","contentUrl":"https:\/\/ship-tracker.org\/wp-content\/uploads\/2020\/04\/company-logos-celestyal-354962.jpg","width":600,"height":352,"caption":"Celestyal Cruises"},{"@type":"BreadcrumbList","@id":"https:\/\/ship-tracker.org\/celestyal-cruises\/#breadcrumb","itemListElement":[{"@type":"ListItem","position":1,"name":"Startseite","item":"https:\/\/ship-tracker.org\/"},{"@type":"ListItem","position":2,"name":"Celestyal Cruises"}]},{"@type":"WebSite","@id":"https:\/\/ship-tracker.org\/#website","url":"https:\/\/ship-tracker.org\/","name":"Ship-tracker.org","description":"","potentialAction":[{"@type":"SearchAction","target":{"@type":"EntryPoint","urlTemplate":"https:\/\/ship-tracker.org\/?s={search_term_string}"},"query-input":{"@type":"PropertyValueSpecification","valueRequired":true,"valueName":"search_term_string"}}],"inLanguage":"nb-NO"}]}},"_links":{"self":[{"href":"https:\/\/ship-tracker.org\/nb\/wp-json\/wp\/v2\/pages\/2120","targetHints":{"allow":["GET"]}}],"collection":[{"href":"https:\/\/ship-tracker.org\/nb\/wp-json\/wp\/v2\/pages"}],"about":[{"href":"https:\/\/ship-tracker.org\/nb\/wp-json\/wp\/v2\/types\/page"}],"author":[{"embeddable":true,"href":"https:\/\/ship-tracker.org\/nb\/wp-json\/wp\/v2\/users\/1"}],"replies":[{"embeddable":true,"href":"https:\/\/ship-tracker.org\/nb\/wp-json\/wp\/v2\/comments?post=2120"}],"version-history":[{"count":5,"href":"https:\/\/ship-tracker.org\/nb\/wp-json\/wp\/v2\/pages\/2120\/revisions"}],"predecessor-version":[{"id":3492,"href":"https:\/\/ship-tracker.org\/nb\/wp-json\/wp\/v2\/pages\/2120\/revisions\/3492"}],"wp:featuredmedia":[{"embeddable":true,"href":"https:\/\/ship-tracker.org\/nb\/wp-json\/wp\/v2\/media\/2121"}],"wp:attachment":[{"href":"https:\/\/ship-tracker.org\/nb\/wp-json\/wp\/v2\/media?parent=2120"}],"curies":[{"name":"wp","href":"https:\/\/api.w.org\/{rel}","templated":true}]}}