{"id":2117,"date":"2020-04-29T14:22:29","date_gmt":"2020-04-29T12:22:29","guid":{"rendered":"https:\/\/ship-tracker.org\/?page_id=2117"},"modified":"2022-11-01T13:48:25","modified_gmt":"2022-11-01T12:48:25","slug":"azamara-cruises","status":"publish","type":"page","link":"https:\/\/ship-tracker.org\/nb\/azamara-cruises\/","title":{"rendered":"Azamara Cruises"},"content":{"rendered":"<h2>Azamara Cruises Fleet Location Skip, IMO-nummer, MMSI, Webkameraer<\/h2>\n<p>Hvor er den n\u00e5v\u00e6rende posisjonen til Azamara Cruises Fleet for tiden?<\/p>\n<table>\n<tbody>\n<tr style=\"height: 24px;\">\n<td style=\"width: 457px; height: 24px;\"><span style=\"color: #1f405b;\"><strong>Skip<\/strong><\/span><\/td>\n<td style=\"width: 456px; height: 24px;\"><span style=\"color: #1f405b;\"><strong>IMO<\/strong><\/span><\/td>\n<td style=\"width: 456px; height: 24px;\"><span style=\"color: #1f405b;\"><strong>MMSI<\/strong><\/span><\/td>\n<\/tr>\n<tr style=\"height: 24px;\">\n<td style=\"width: 457px; height: 24px;\"><a href=\"https:\/\/ship-tracker.org\/nb\/azamara-pursuit\/\">Azamara-forf\u00f8lgelse<\/a><\/td>\n<td style=\"width: 456px; height: 24px;\">9210220<\/td>\n<td style=\"width: 456px; height: 24px;\">248762000<\/td>\n<\/tr>\n<tr style=\"height: 24px;\">\n<td style=\"width: 457px; height: 24px;\"><a href=\"https:\/\/ship-tracker.org\/nb\/azamara-quest\/\">Azamara Quest<\/a><\/td>\n<td style=\"width: 456px; height: 24px;\">9210218<\/td>\n<td style=\"width: 456px; height: 24px;\">256216000<\/td>\n<\/tr>\n<tr style=\"height: 24px;\">\n<td style=\"width: 457px; height: 24px;\"><a href=\"https:\/\/ship-tracker.org\/nb\/azamara-journey\/\">Azamara-reise<\/a><\/td>\n<td style=\"width: 456px; height: 24px;\">9200940<\/td>\n<td style=\"width: 456px; height: 24px;\">256204000<\/td>\n<\/tr>\n<tr>\n<td style=\"width: 457px;\"><a href=\"https:\/\/ship-tracker.org\/nb\/azamara-onward\/\">Azamara videre<\/a><\/td>\n<td style=\"width: 456px;\">9187887<\/td>\n<td style=\"width: 456px;\">229765000<\/td>\n<\/tr>\n<\/tbody>\n<\/table>\n<h2>Om Azamara Cruises<\/h2>\n<p>Azamara Cruises er et cruisemerke for kresne, erfarne cruisere. Fokus er p\u00e5 destinasjonene skipene anl\u00f8per. Passasjerer b\u00f8r ikke bare bes\u00f8ke stoppestedene p\u00e5 cruiset, men oppleve dem. Fl\u00e5ten inkluderer tre eksklusive skip for opptil 694 gjester, Azamara Journey, Azamara Pursuit og Azamara Quest. Med 353 lugarer og suiter skaper de atmosf\u00e6ren til et boutiquehotell med eksepsjonell service, de beste vinene og maten fra hele verden, samt velv\u00e6re- og velv\u00e6reprogrammer \u2013 alt sammen med havner som st\u00f8rre skip ikke kan anl\u00f8pe.<\/p>\n<p>Azamara Journey og Azamara Quest seiler vannene i Europa og Asia, passerer gjennom Panamakanalen, krysser over Atlanterhavet og guider gjestene sine til de karibiske \u00f8yene. Det spesielle: rutene inkluderer en h\u00f8y grad av havneopphold til sent p\u00e5 kvelden eller til og med over natten.<\/p>","protected":false},"excerpt":{"rendered":"<p>Azamara Cruises Fleet Plassering Skip, IMO-nummer, MMSI, Webkameraer Hvor er den n\u00e5v\u00e6rende posisjonen til Azamara Cruises Fleet for tiden? Send IMO MMSI Azamara Pursuit 9210220 248762000 Azamara Quest 9210218 256216000 Azamara Journey 9200940 256204000 Azamara Onward 9187887 22976500 cruiser med Azam cruiser, er en cruiserfarer . Fokus er p\u00e5\u2026&nbsp;<a href=\"https:\/\/ship-tracker.org\/nb\/azamara-cruises\/\" rel=\"bookmark\">Les mer \u00bb<span class=\"screen-reader-text\">Azamara Cruises<\/span><\/a><\/p>","protected":false},"author":1,"featured_media":2118,"parent":0,"menu_order":0,"comment_status":"closed","ping_status":"closed","template":"","meta":{"neve_meta_sidebar":"","neve_meta_container":"","neve_meta_enable_content_width":"","neve_meta_content_width":0,"neve_meta_title_alignment":"","neve_meta_author_avatar":"","neve_post_elements_order":"","neve_meta_disable_header":"","neve_meta_disable_footer":"","neve_meta_disable_title":"","neve_meta_reading_time":"","footnotes":""},"class_list":["post-2117","page","type-page","status-publish","has-post-thumbnail","hentry"],"yoast_head":"<!-- This site is optimized with the Yoast SEO plugin v26.9 - https:\/\/yoast.com\/product\/yoast-seo-wordpress\/ -->\n<title>Track Azamara Cruises Fleet | Cruise Ships | Marine Vessel<\/title>\n<meta name=\"description\" content=\"Azamara Cruises Fleet Location | Current Positions of Azamara Cruises Ships, IMO numbers, MMSI, Webcam | Live Fleet Maps | Live Ship Tracker\" \/>\n<meta name=\"robots\" content=\"index, follow, max-snippet:-1, max-image-preview:large, max-video-preview:-1\" \/>\n<link rel=\"canonical\" href=\"https:\/\/ship-tracker.org\/nb\/azamara-cruises\/\" \/>\n<meta property=\"og:locale\" content=\"nb_NO\" \/>\n<meta property=\"og:type\" content=\"article\" \/>\n<meta property=\"og:title\" content=\"Track Azamara Cruises Fleet | Cruise Ships | Marine Vessel\" \/>\n<meta property=\"og:description\" content=\"Azamara Cruises Fleet Location | Current Positions of Azamara Cruises Ships, IMO numbers, MMSI, Webcam | Live Fleet Maps | Live Ship Tracker\" \/>\n<meta property=\"og:url\" content=\"https:\/\/ship-tracker.org\/nb\/azamara-cruises\/\" \/>\n<meta property=\"og:site_name\" content=\"Ship-tracker.org\" \/>\n<meta property=\"article:modified_time\" content=\"2022-11-01T12:48:25+00:00\" \/>\n<meta property=\"og:image\" content=\"https:\/\/ship-tracker.org\/wp-content\/uploads\/2020\/04\/500x309.jpg\" \/>\n\t<meta property=\"og:image:width\" content=\"500\" \/>\n\t<meta property=\"og:image:height\" content=\"309\" \/>\n\t<meta property=\"og:image:type\" content=\"image\/jpeg\" \/>\n<meta name=\"twitter:card\" content=\"summary_large_image\" \/>\n<meta name=\"twitter:label1\" content=\"Ansl. lesetid\" \/>\n\t<meta name=\"twitter:data1\" content=\"1 minutt\" \/>\n<script type=\"application\/ld+json\" class=\"yoast-schema-graph\">{\"@context\":\"https:\/\/schema.org\",\"@graph\":[{\"@type\":\"WebPage\",\"@id\":\"https:\/\/ship-tracker.org\/azamara-cruises\/\",\"url\":\"https:\/\/ship-tracker.org\/azamara-cruises\/\",\"name\":\"Track Azamara Cruises Fleet | Cruise Ships | Marine Vessel\",\"isPartOf\":{\"@id\":\"https:\/\/ship-tracker.org\/#website\"},\"primaryImageOfPage\":{\"@id\":\"https:\/\/ship-tracker.org\/azamara-cruises\/#primaryimage\"},\"image\":{\"@id\":\"https:\/\/ship-tracker.org\/azamara-cruises\/#primaryimage\"},\"thumbnailUrl\":\"https:\/\/ship-tracker.org\/wp-content\/uploads\/2020\/04\/500x309.jpg\",\"datePublished\":\"2020-04-29T12:22:29+00:00\",\"dateModified\":\"2022-11-01T12:48:25+00:00\",\"description\":\"Azamara Cruises Fleet Location | Current Positions of Azamara Cruises Ships, IMO numbers, MMSI, Webcam | Live Fleet Maps | Live Ship Tracker\",\"breadcrumb\":{\"@id\":\"https:\/\/ship-tracker.org\/azamara-cruises\/#breadcrumb\"},\"inLanguage\":\"nb-NO\",\"potentialAction\":[{\"@type\":\"ReadAction\",\"target\":[\"https:\/\/ship-tracker.org\/azamara-cruises\/\"]}]},{\"@type\":\"ImageObject\",\"inLanguage\":\"nb-NO\",\"@id\":\"https:\/\/ship-tracker.org\/azamara-cruises\/#primaryimage\",\"url\":\"https:\/\/ship-tracker.org\/wp-content\/uploads\/2020\/04\/500x309.jpg\",\"contentUrl\":\"https:\/\/ship-tracker.org\/wp-content\/uploads\/2020\/04\/500x309.jpg\",\"width\":500,\"height\":309,\"caption\":\"Azamara Cruises\"},{\"@type\":\"BreadcrumbList\",\"@id\":\"https:\/\/ship-tracker.org\/azamara-cruises\/#breadcrumb\",\"itemListElement\":[{\"@type\":\"ListItem\",\"position\":1,\"name\":\"Startseite\",\"item\":\"https:\/\/ship-tracker.org\/\"},{\"@type\":\"ListItem\",\"position\":2,\"name\":\"Azamara Cruises\"}]},{\"@type\":\"WebSite\",\"@id\":\"https:\/\/ship-tracker.org\/#website\",\"url\":\"https:\/\/ship-tracker.org\/\",\"name\":\"Ship-tracker.org\",\"description\":\"\",\"potentialAction\":[{\"@type\":\"SearchAction\",\"target\":{\"@type\":\"EntryPoint\",\"urlTemplate\":\"https:\/\/ship-tracker.org\/?s={search_term_string}\"},\"query-input\":{\"@type\":\"PropertyValueSpecification\",\"valueRequired\":true,\"valueName\":\"search_term_string\"}}],\"inLanguage\":\"nb-NO\"}]}<\/script>\n<!-- \/ Yoast SEO plugin. -->","yoast_head_json":{"title":"Spor Azamara Cruises Fleet | Cruiseskip | Marine fart\u00f8y","description":"Azamara Cruises Fleet Plassering | N\u00e5v\u00e6rende posisjoner til Azamara Cruises-skip, IMO-nummer, MMSI, Webkamera | Live Fleet Maps | Live Ship Tracker","robots":{"index":"index","follow":"follow","max-snippet":"max-snippet:-1","max-image-preview":"max-image-preview:large","max-video-preview":"max-video-preview:-1"},"canonical":"https:\/\/ship-tracker.org\/nb\/azamara-cruises\/","og_locale":"nb_NO","og_type":"article","og_title":"Track Azamara Cruises Fleet | Cruise Ships | Marine Vessel","og_description":"Azamara Cruises Fleet Location | Current Positions of Azamara Cruises Ships, IMO numbers, MMSI, Webcam | Live Fleet Maps | Live Ship Tracker","og_url":"https:\/\/ship-tracker.org\/nb\/azamara-cruises\/","og_site_name":"Ship-tracker.org","article_modified_time":"2022-11-01T12:48:25+00:00","og_image":[{"width":500,"height":309,"url":"https:\/\/ship-tracker.org\/wp-content\/uploads\/2020\/04\/500x309.jpg","type":"image\/jpeg"}],"twitter_card":"summary_large_image","twitter_misc":{"Ansl. lesetid":"1 minutt"},"schema":{"@context":"https:\/\/schema.org","@graph":[{"@type":"WebPage","@id":"https:\/\/ship-tracker.org\/azamara-cruises\/","url":"https:\/\/ship-tracker.org\/azamara-cruises\/","name":"Spor Azamara Cruises Fleet | Cruiseskip | Marine fart\u00f8y","isPartOf":{"@id":"https:\/\/ship-tracker.org\/#website"},"primaryImageOfPage":{"@id":"https:\/\/ship-tracker.org\/azamara-cruises\/#primaryimage"},"image":{"@id":"https:\/\/ship-tracker.org\/azamara-cruises\/#primaryimage"},"thumbnailUrl":"https:\/\/ship-tracker.org\/wp-content\/uploads\/2020\/04\/500x309.jpg","datePublished":"2020-04-29T12:22:29+00:00","dateModified":"2022-11-01T12:48:25+00:00","description":"Azamara Cruises Fleet Plassering | N\u00e5v\u00e6rende posisjoner til Azamara Cruises-skip, IMO-nummer, MMSI, Webkamera | Live Fleet Maps | Live Ship Tracker","breadcrumb":{"@id":"https:\/\/ship-tracker.org\/azamara-cruises\/#breadcrumb"},"inLanguage":"nb-NO","potentialAction":[{"@type":"ReadAction","target":["https:\/\/ship-tracker.org\/azamara-cruises\/"]}]},{"@type":"ImageObject","inLanguage":"nb-NO","@id":"https:\/\/ship-tracker.org\/azamara-cruises\/#primaryimage","url":"https:\/\/ship-tracker.org\/wp-content\/uploads\/2020\/04\/500x309.jpg","contentUrl":"https:\/\/ship-tracker.org\/wp-content\/uploads\/2020\/04\/500x309.jpg","width":500,"height":309,"caption":"Azamara Cruises"},{"@type":"BreadcrumbList","@id":"https:\/\/ship-tracker.org\/azamara-cruises\/#breadcrumb","itemListElement":[{"@type":"ListItem","position":1,"name":"Startseite","item":"https:\/\/ship-tracker.org\/"},{"@type":"ListItem","position":2,"name":"Azamara Cruises"}]},{"@type":"WebSite","@id":"https:\/\/ship-tracker.org\/#website","url":"https:\/\/ship-tracker.org\/","name":"Ship-tracker.org","description":"","potentialAction":[{"@type":"SearchAction","target":{"@type":"EntryPoint","urlTemplate":"https:\/\/ship-tracker.org\/?s={search_term_string}"},"query-input":{"@type":"PropertyValueSpecification","valueRequired":true,"valueName":"search_term_string"}}],"inLanguage":"nb-NO"}]}},"_links":{"self":[{"href":"https:\/\/ship-tracker.org\/nb\/wp-json\/wp\/v2\/pages\/2117","targetHints":{"allow":["GET"]}}],"collection":[{"href":"https:\/\/ship-tracker.org\/nb\/wp-json\/wp\/v2\/pages"}],"about":[{"href":"https:\/\/ship-tracker.org\/nb\/wp-json\/wp\/v2\/types\/page"}],"author":[{"embeddable":true,"href":"https:\/\/ship-tracker.org\/nb\/wp-json\/wp\/v2\/users\/1"}],"replies":[{"embeddable":true,"href":"https:\/\/ship-tracker.org\/nb\/wp-json\/wp\/v2\/comments?post=2117"}],"version-history":[{"count":6,"href":"https:\/\/ship-tracker.org\/nb\/wp-json\/wp\/v2\/pages\/2117\/revisions"}],"predecessor-version":[{"id":3544,"href":"https:\/\/ship-tracker.org\/nb\/wp-json\/wp\/v2\/pages\/2117\/revisions\/3544"}],"wp:featuredmedia":[{"embeddable":true,"href":"https:\/\/ship-tracker.org\/nb\/wp-json\/wp\/v2\/media\/2118"}],"wp:attachment":[{"href":"https:\/\/ship-tracker.org\/nb\/wp-json\/wp\/v2\/media?parent=2117"}],"curies":[{"name":"wp","href":"https:\/\/api.w.org\/{rel}","templated":true}]}}