{"id":2103,"date":"2020-04-29T14:27:18","date_gmt":"2020-04-29T12:27:18","guid":{"rendered":"https:\/\/ship-tracker.org\/?page_id=2103"},"modified":"2024-09-20T14:35:09","modified_gmt":"2024-09-20T12:35:09","slug":"norwegian-cruise-line","status":"publish","type":"page","link":"https:\/\/ship-tracker.org\/nb\/norwegian-cruise-line\/","title":{"rendered":"Norwegian Cruise Line"},"content":{"rendered":"<h2>Norwegian Cruise Line Fleet Plassering Skip, IMO-nummer, MMSI, Webkameraer<\/h2>\n<p>Hvor er den n\u00e5v\u00e6rende posisjonen til Norwegian Cruise Line Fleet for tiden?<\/p>\n<table style=\"border-collapse: collapse; width: 100%; height: 432px;\">\n<tbody>\n<tr style=\"height: 24px;\">\n<td style=\"width: 33.3333%; height: 24px;\"><span style=\"color: #1f405b;\"><strong>Skip<\/strong><\/span><\/td>\n<td style=\"width: 33.3333%; height: 24px;\"><span style=\"color: #1f405b;\"><strong>IMO<\/strong><\/span><\/td>\n<td style=\"width: 33.3333%; height: 24px;\"><span style=\"color: #1f405b;\"><strong>MMSI<\/strong><\/span><\/td>\n<\/tr>\n<tr style=\"height: 24px;\">\n<td style=\"width: 33.3333%; height: 24px;\"><a href=\"https:\/\/ship-tracker.org\/nb\/norwegian-encore\/\">Norsk Encore<\/a><\/td>\n<td style=\"width: 33.3333%; height: 24px;\">9751511<\/td>\n<td style=\"width: 33.3333%; height: 24px;\">311000879<\/td>\n<\/tr>\n<tr style=\"height: 24px;\">\n<td style=\"width: 33.3333%; height: 24px;\"><a href=\"https:\/\/ship-tracker.org\/nb\/norwegian-bliss\/\">Norsk Bliss<\/a><\/td>\n<td style=\"width: 33.3333%; height: 24px;\">9751509<\/td>\n<td style=\"width: 33.3333%; height: 24px;\">311000710<\/td>\n<\/tr>\n<tr style=\"height: 24px;\">\n<td style=\"width: 33.3333%; height: 24px;\"><a href=\"https:\/\/ship-tracker.org\/nb\/norwegian-joy\/\">Norsk glede<\/a><\/td>\n<td style=\"width: 33.3333%; height: 24px;\">9703796<\/td>\n<td style=\"width: 33.3333%; height: 24px;\">311000599<\/td>\n<\/tr>\n<tr style=\"height: 24px;\">\n<td style=\"width: 33.3333%; height: 24px;\"><a href=\"https:\/\/ship-tracker.org\/nb\/norwegian-escape\/\">Norwegian Escape<\/a><\/td>\n<td style=\"width: 33.3333%; height: 24px;\">9677076<\/td>\n<td style=\"width: 33.3333%; height: 24px;\">311000341<\/td>\n<\/tr>\n<tr style=\"height: 24px;\">\n<td style=\"width: 33.3333%; height: 24px;\"><a href=\"https:\/\/ship-tracker.org\/nb\/norwegian-getaway\/\">Norwegian Getaway<\/a><\/td>\n<td style=\"width: 33.3333%; height: 24px;\">9606924<\/td>\n<td style=\"width: 33.3333%; height: 24px;\">311050900<\/td>\n<\/tr>\n<tr style=\"height: 24px;\">\n<td style=\"width: 33.3333%; height: 24px;\"><a href=\"https:\/\/ship-tracker.org\/nb\/norwegian-breakaway\/\">Norwegian Breakaway<\/a><\/td>\n<td style=\"width: 33.3333%; height: 24px;\">9606912<\/td>\n<td style=\"width: 33.3333%; height: 24px;\">311050800<\/td>\n<\/tr>\n<tr style=\"height: 24px;\">\n<td style=\"width: 33.3333%; height: 24px;\"><a href=\"https:\/\/ship-tracker.org\/nb\/norwegian-epic\/\">Norsk epos<\/a><\/td>\n<td style=\"width: 33.3333%; height: 24px;\">9410569<\/td>\n<td style=\"width: 33.3333%; height: 24px;\">311018500<\/td>\n<\/tr>\n<tr style=\"height: 24px;\">\n<td style=\"width: 33.3333%; height: 24px;\"><a href=\"https:\/\/ship-tracker.org\/nb\/norwegian-gem\/\">Norsk perle<\/a><\/td>\n<td style=\"width: 33.3333%; height: 24px;\">9355733<\/td>\n<td style=\"width: 33.3333%; height: 24px;\">309951000<\/td>\n<\/tr>\n<tr class=\"alt\" style=\"height: 24px;\">\n<td style=\"width: 33.3333%; height: 24px;\"><a href=\"https:\/\/ship-tracker.org\/nb\/norwegian-jade\/\">Norsk Jade<\/a><\/td>\n<td style=\"width: 33.3333%; height: 24px;\">9304057<\/td>\n<td style=\"width: 33.3333%; height: 24px;\">308416000<\/td>\n<\/tr>\n<tr style=\"height: 24px;\">\n<td style=\"width: 33.3333%; height: 24px;\"><a href=\"https:\/\/ship-tracker.org\/nb\/norwegian-pearl\/\">Norsk Perle<\/a><\/td>\n<td style=\"width: 33.3333%; height: 24px;\">9342281<\/td>\n<td style=\"width: 33.3333%; height: 24px;\">309653000<\/td>\n<\/tr>\n<tr style=\"height: 24px;\">\n<td style=\"width: 33.3333%; height: 24px;\"><a href=\"https:\/\/ship-tracker.org\/nb\/norwegian-jewel\/\">Norsk juvel<\/a><\/td>\n<td style=\"width: 33.3333%; height: 24px;\">9304045<\/td>\n<td style=\"width: 33.3333%; height: 24px;\">311827000<\/td>\n<\/tr>\n<tr style=\"height: 24px;\">\n<td style=\"width: 33.3333%; height: 24px;\"><a href=\"https:\/\/ship-tracker.org\/nb\/pride-of-america\/\">Pride of America<\/a><\/td>\n<td style=\"width: 33.3333%; height: 24px;\">9209221<\/td>\n<td style=\"width: 33.3333%; height: 24px;\">366994450<\/td>\n<\/tr>\n<tr style=\"height: 24px;\">\n<td style=\"width: 33.3333%; height: 24px;\"><a href=\"https:\/\/ship-tracker.org\/nb\/norwegian-dawn\/\">Norsk Dawn<\/a><\/td>\n<td style=\"width: 33.3333%; height: 24px;\">9195169<\/td>\n<td style=\"width: 33.3333%; height: 24px;\">311307000<\/td>\n<\/tr>\n<tr style=\"height: 24px;\">\n<td style=\"width: 33.3333%; height: 24px;\"><a href=\"https:\/\/ship-tracker.org\/nb\/norwegian-star\/\">Norwegian Star<\/a><\/td>\n<td style=\"width: 33.3333%; height: 24px;\">9195157<\/td>\n<td style=\"width: 33.3333%; height: 24px;\">311082000<\/td>\n<\/tr>\n<tr style=\"height: 24px;\">\n<td style=\"width: 33.3333%; height: 24px;\"><a href=\"https:\/\/ship-tracker.org\/nb\/norwegian-sun\/\">Norsk Sol<\/a><\/td>\n<td style=\"width: 33.3333%; height: 24px;\">9218131<\/td>\n<td style=\"width: 33.3333%; height: 24px;\">311109000<\/td>\n<\/tr>\n<tr style=\"height: 24px;\">\n<td style=\"width: 33.3333%; height: 24px;\"><a href=\"https:\/\/ship-tracker.org\/nb\/norwegian-sky\/\">Norsk himmel<\/a><\/td>\n<td style=\"width: 33.3333%; height: 24px;\">9128532<\/td>\n<td style=\"width: 33.3333%; height: 24px;\">308865000<\/td>\n<\/tr>\n<tr style=\"height: 24px;\">\n<td style=\"width: 33.3333%; height: 24px;\"><a href=\"https:\/\/ship-tracker.org\/nb\/norwegian-spirit\/\">Norsk \u00c5nd<\/a><\/td>\n<td style=\"width: 33.3333%; height: 24px;\">9141065<\/td>\n<td style=\"width: 33.3333%; height: 24px;\">311746000<\/td>\n<\/tr>\n<tr>\n<td style=\"width: 33.3333%;\"><a href=\"https:\/\/ship-tracker.org\/nb\/norwegian-prima\/\">Norsk Prima<\/a><\/td>\n<td style=\"width: 33.3333%;\">9823986<\/td>\n<td style=\"width: 33.3333%;\">311001059<\/td>\n<\/tr>\n<tr>\n<td style=\"width: 33.3333%;\"><a href=\"https:\/\/ship-tracker.org\/nb\/norwegian-viva\/\">Norske Viva<\/a><\/td>\n<td style=\"width: 33.3333%;\">9823998<\/td>\n<td style=\"width: 33.3333%;\">311001127<\/td>\n<\/tr>\n<tr>\n<td style=\"width: 33.3333%;\"><a href=\"https:\/\/ship-tracker.org\/nb\/norwegian-aqua\/\">Norsk Aqua<\/a><\/td>\n<td style=\"width: 33.3333%;\">9824007<\/td>\n<td style=\"width: 33.3333%;\"><\/td>\n<\/tr>\n<tr>\n<td style=\"width: 33.3333%;\"><a href=\"https:\/\/ship-tracker.org\/nb\/norwegian-luna\/\">Norsk Luna<\/a><\/td>\n<td style=\"width: 33.3333%;\">9824019<\/td>\n<td style=\"width: 33.3333%;\"><\/td>\n<\/tr>\n<\/tbody>\n<\/table>\n<h2>Om Norwegian Cruise Line<\/h2>\n<p>Norwegian Cruise Line er et fornyet selskap med en fl\u00e5te p\u00e5 14 skip i Miami, Florida. V\u00e5rt firma er en fusjon av flere selskaper privateid av Norwegian Cruise Line \u2013 NCL. I motsetning til den klassiske cruisemodusen tilbyr vi et program som er tilpasset behovene til den moderne passasjeren og som kan endres under cruiset. Passasjerer tilbys en avslappet ferie, lik et opphold p\u00e5 et feriested med et diskr\u00e9 h\u00f8y standardtilbud. Ingen faste middagstider eller kleskode.<\/p>\n<p>Nyt den avslappede atmosf\u00e6ren og komforten om bord mens du reiser til de vakreste stedene. Kjedsomhet er et fremmedord om bord p\u00e5 Norwegian Cruise Line. Underholdning er en topp prioritet: Enten du liker Broadway-show eller middagsshow, vil du oppleve fantastiske \u00f8yeblikk overalt \u2013 og det gjelder barna dine ogs\u00e5. Sv\u00f8mmebasseng med sklier, barnediskotek, bordtennis eller klatrevegger: alt er inkludert. Hos Norwegian Cruise Line er til og med rappellering mulig! Alt er rettet mot kreative og aktive aktiviteter. \u00c5 drive med sport, synge, danse p\u00e5 bassengfest og se film er bare noen av aktivitetene som tilbys.<\/p>\n<p>La deg skjemme bort med det enormt varierte kulinariske tilbudet. Fra tapas til teppanyaki og fra sushibar til steakhouse. Eller foretrekker du den franske bistroen? Det er alltid en balansert fordeling mellom restaurantene som er inkludert i oppholdet og restaurantene det m\u00e5 betales tilleggsavgift for. Det er ingen streng klesanbefaling, s\u00e5 du kan la smokingen eller aftenkjolen st\u00e5 hjemme. Du kan gj\u00f8re hva du vil, tross alt er det din ferie. Med den yngste fl\u00e5ten i verden vil du ikke kjede deg et minutt.<\/p>","protected":false},"excerpt":{"rendered":"<p>Plassering av Norwegian Cruise Line Fleet Skip, IMO-nummer, MMSI, Webkameraer Hvor er den n\u00e5v\u00e6rende posisjonen til Norwegian Cruise Line Fleet for tiden? Skip IMO Norsk Encore 9751511 311000879 Norwegian Bliss 9751509 311000710 Norwegian Joy 9703796 311000599 Norwegian Escape 9677076 311000341 Norwegian Getaway 5900 690 690 690 2 311050800 Norwegian Epic 9410569 311018500 Norwegian Gem 9355733\u2026&nbsp;<a href=\"https:\/\/ship-tracker.org\/nb\/norwegian-cruise-line\/\" rel=\"bookmark\">Les mer \u00bb<span class=\"screen-reader-text\">Norwegian Cruise Line<\/span><\/a><\/p>","protected":false},"author":1,"featured_media":2105,"parent":0,"menu_order":0,"comment_status":"closed","ping_status":"closed","template":"","meta":{"neve_meta_sidebar":"","neve_meta_container":"","neve_meta_enable_content_width":"off","neve_meta_content_width":100,"neve_meta_title_alignment":"","neve_meta_author_avatar":"","neve_post_elements_order":"","neve_meta_disable_header":"","neve_meta_disable_footer":"","neve_meta_disable_title":"","neve_meta_reading_time":"","footnotes":""},"class_list":["post-2103","page","type-page","status-publish","has-post-thumbnail","hentry"],"yoast_head":"<!-- This site is optimized with the Yoast SEO plugin v27.4 - https:\/\/yoast.com\/product\/yoast-seo-wordpress\/ -->\n<title>Track Norwegian Cruise Line Fleet | Cruise Ships | Marine Vessel<\/title>\n<meta name=\"description\" content=\"Norwegian Cruise Line Fleet Location | Current Positions of Norwegian Cruise Line Ships, IMO numbers, MMSI, Webcam | Live Fleet Maps\" \/>\n<meta name=\"robots\" content=\"index, follow, max-snippet:-1, max-image-preview:large, max-video-preview:-1\" \/>\n<link rel=\"canonical\" href=\"https:\/\/ship-tracker.org\/nb\/norwegian-cruise-line\/\" \/>\n<meta property=\"og:locale\" content=\"nb_NO\" \/>\n<meta property=\"og:type\" content=\"article\" \/>\n<meta property=\"og:title\" content=\"Track Norwegian Cruise Line Fleet | Cruise Ships | Marine Vessel\" \/>\n<meta property=\"og:description\" content=\"Norwegian Cruise Line Fleet Location | Current Positions of Norwegian Cruise Line Ships, IMO numbers, MMSI, Webcam | Live Fleet Maps\" \/>\n<meta property=\"og:url\" content=\"https:\/\/ship-tracker.org\/nb\/norwegian-cruise-line\/\" \/>\n<meta property=\"og:site_name\" content=\"Ship-tracker.org\" \/>\n<meta property=\"article:modified_time\" content=\"2024-09-20T12:35:09+00:00\" \/>\n<meta property=\"og:image\" content=\"https:\/\/ship-tracker.org\/wp-content\/uploads\/2020\/04\/reederei-norwegian.jpg\" \/>\n\t<meta property=\"og:image:width\" content=\"325\" \/>\n\t<meta property=\"og:image:height\" content=\"245\" \/>\n\t<meta property=\"og:image:type\" content=\"image\/jpeg\" \/>\n<meta name=\"twitter:card\" content=\"summary_large_image\" \/>\n<meta name=\"twitter:label1\" content=\"Ansl. lesetid\" \/>\n\t<meta name=\"twitter:data1\" content=\"2 minutter\" \/>\n<script type=\"application\/ld+json\" class=\"yoast-schema-graph\">{\"@context\":\"https:\\\/\\\/schema.org\",\"@graph\":[{\"@type\":\"WebPage\",\"@id\":\"https:\\\/\\\/ship-tracker.org\\\/norwegian-cruise-line\\\/\",\"url\":\"https:\\\/\\\/ship-tracker.org\\\/norwegian-cruise-line\\\/\",\"name\":\"Track Norwegian Cruise Line Fleet | Cruise Ships | Marine Vessel\",\"isPartOf\":{\"@id\":\"https:\\\/\\\/ship-tracker.org\\\/#website\"},\"primaryImageOfPage\":{\"@id\":\"https:\\\/\\\/ship-tracker.org\\\/norwegian-cruise-line\\\/#primaryimage\"},\"image\":{\"@id\":\"https:\\\/\\\/ship-tracker.org\\\/norwegian-cruise-line\\\/#primaryimage\"},\"thumbnailUrl\":\"https:\\\/\\\/ship-tracker.org\\\/wp-content\\\/uploads\\\/2020\\\/04\\\/reederei-norwegian.jpg\",\"datePublished\":\"2020-04-29T12:27:18+00:00\",\"dateModified\":\"2024-09-20T12:35:09+00:00\",\"description\":\"Norwegian Cruise Line Fleet Location | Current Positions of Norwegian Cruise Line Ships, IMO numbers, MMSI, Webcam | Live Fleet Maps\",\"breadcrumb\":{\"@id\":\"https:\\\/\\\/ship-tracker.org\\\/norwegian-cruise-line\\\/#breadcrumb\"},\"inLanguage\":\"nb-NO\",\"potentialAction\":[{\"@type\":\"ReadAction\",\"target\":[\"https:\\\/\\\/ship-tracker.org\\\/norwegian-cruise-line\\\/\"]}]},{\"@type\":\"ImageObject\",\"inLanguage\":\"nb-NO\",\"@id\":\"https:\\\/\\\/ship-tracker.org\\\/norwegian-cruise-line\\\/#primaryimage\",\"url\":\"https:\\\/\\\/ship-tracker.org\\\/wp-content\\\/uploads\\\/2020\\\/04\\\/reederei-norwegian.jpg\",\"contentUrl\":\"https:\\\/\\\/ship-tracker.org\\\/wp-content\\\/uploads\\\/2020\\\/04\\\/reederei-norwegian.jpg\",\"width\":325,\"height\":245,\"caption\":\"Norwegian Cruise Line\"},{\"@type\":\"BreadcrumbList\",\"@id\":\"https:\\\/\\\/ship-tracker.org\\\/norwegian-cruise-line\\\/#breadcrumb\",\"itemListElement\":[{\"@type\":\"ListItem\",\"position\":1,\"name\":\"Startseite\",\"item\":\"https:\\\/\\\/ship-tracker.org\\\/\"},{\"@type\":\"ListItem\",\"position\":2,\"name\":\"Norwegian Cruise Line\"}]},{\"@type\":\"WebSite\",\"@id\":\"https:\\\/\\\/ship-tracker.org\\\/#website\",\"url\":\"https:\\\/\\\/ship-tracker.org\\\/\",\"name\":\"Ship-tracker.org\",\"description\":\"\",\"potentialAction\":[{\"@type\":\"SearchAction\",\"target\":{\"@type\":\"EntryPoint\",\"urlTemplate\":\"https:\\\/\\\/ship-tracker.org\\\/?s={search_term_string}\"},\"query-input\":{\"@type\":\"PropertyValueSpecification\",\"valueRequired\":true,\"valueName\":\"search_term_string\"}}],\"inLanguage\":\"nb-NO\"}]}<\/script>\n<!-- \/ Yoast SEO plugin. -->","yoast_head_json":{"title":"Spor Norwegian Cruise Line Fleet | Cruiseskip | Marine fart\u00f8y","description":"Plassering av Norwegian Cruise Line Fleet | N\u00e5v\u00e6rende posisjoner til norske cruiseskip, IMO-nummer, MMSI, webkamera | Live fl\u00e5tekart","robots":{"index":"index","follow":"follow","max-snippet":"max-snippet:-1","max-image-preview":"max-image-preview:large","max-video-preview":"max-video-preview:-1"},"canonical":"https:\/\/ship-tracker.org\/nb\/norwegian-cruise-line\/","og_locale":"nb_NO","og_type":"article","og_title":"Track Norwegian Cruise Line Fleet | Cruise Ships | Marine Vessel","og_description":"Norwegian Cruise Line Fleet Location | Current Positions of Norwegian Cruise Line Ships, IMO numbers, MMSI, Webcam | Live Fleet Maps","og_url":"https:\/\/ship-tracker.org\/nb\/norwegian-cruise-line\/","og_site_name":"Ship-tracker.org","article_modified_time":"2024-09-20T12:35:09+00:00","og_image":[{"width":325,"height":245,"url":"https:\/\/ship-tracker.org\/wp-content\/uploads\/2020\/04\/reederei-norwegian.jpg","type":"image\/jpeg"}],"twitter_card":"summary_large_image","twitter_misc":{"Ansl. lesetid":"2 minutter"},"schema":{"@context":"https:\/\/schema.org","@graph":[{"@type":"WebPage","@id":"https:\/\/ship-tracker.org\/norwegian-cruise-line\/","url":"https:\/\/ship-tracker.org\/norwegian-cruise-line\/","name":"Spor Norwegian Cruise Line Fleet | Cruiseskip | Marine fart\u00f8y","isPartOf":{"@id":"https:\/\/ship-tracker.org\/#website"},"primaryImageOfPage":{"@id":"https:\/\/ship-tracker.org\/norwegian-cruise-line\/#primaryimage"},"image":{"@id":"https:\/\/ship-tracker.org\/norwegian-cruise-line\/#primaryimage"},"thumbnailUrl":"https:\/\/ship-tracker.org\/wp-content\/uploads\/2020\/04\/reederei-norwegian.jpg","datePublished":"2020-04-29T12:27:18+00:00","dateModified":"2024-09-20T12:35:09+00:00","description":"Plassering av Norwegian Cruise Line Fleet | N\u00e5v\u00e6rende posisjoner til norske cruiseskip, IMO-nummer, MMSI, webkamera | Live fl\u00e5tekart","breadcrumb":{"@id":"https:\/\/ship-tracker.org\/norwegian-cruise-line\/#breadcrumb"},"inLanguage":"nb-NO","potentialAction":[{"@type":"ReadAction","target":["https:\/\/ship-tracker.org\/norwegian-cruise-line\/"]}]},{"@type":"ImageObject","inLanguage":"nb-NO","@id":"https:\/\/ship-tracker.org\/norwegian-cruise-line\/#primaryimage","url":"https:\/\/ship-tracker.org\/wp-content\/uploads\/2020\/04\/reederei-norwegian.jpg","contentUrl":"https:\/\/ship-tracker.org\/wp-content\/uploads\/2020\/04\/reederei-norwegian.jpg","width":325,"height":245,"caption":"Norwegian Cruise Line"},{"@type":"BreadcrumbList","@id":"https:\/\/ship-tracker.org\/norwegian-cruise-line\/#breadcrumb","itemListElement":[{"@type":"ListItem","position":1,"name":"Startseite","item":"https:\/\/ship-tracker.org\/"},{"@type":"ListItem","position":2,"name":"Norwegian Cruise Line"}]},{"@type":"WebSite","@id":"https:\/\/ship-tracker.org\/#website","url":"https:\/\/ship-tracker.org\/","name":"Ship-tracker.org","description":"","potentialAction":[{"@type":"SearchAction","target":{"@type":"EntryPoint","urlTemplate":"https:\/\/ship-tracker.org\/?s={search_term_string}"},"query-input":{"@type":"PropertyValueSpecification","valueRequired":true,"valueName":"search_term_string"}}],"inLanguage":"nb-NO"}]}},"_links":{"self":[{"href":"https:\/\/ship-tracker.org\/nb\/wp-json\/wp\/v2\/pages\/2103","targetHints":{"allow":["GET"]}}],"collection":[{"href":"https:\/\/ship-tracker.org\/nb\/wp-json\/wp\/v2\/pages"}],"about":[{"href":"https:\/\/ship-tracker.org\/nb\/wp-json\/wp\/v2\/types\/page"}],"author":[{"embeddable":true,"href":"https:\/\/ship-tracker.org\/nb\/wp-json\/wp\/v2\/users\/1"}],"replies":[{"embeddable":true,"href":"https:\/\/ship-tracker.org\/nb\/wp-json\/wp\/v2\/comments?post=2103"}],"version-history":[{"count":8,"href":"https:\/\/ship-tracker.org\/nb\/wp-json\/wp\/v2\/pages\/2103\/revisions"}],"predecessor-version":[{"id":5334,"href":"https:\/\/ship-tracker.org\/nb\/wp-json\/wp\/v2\/pages\/2103\/revisions\/5334"}],"wp:featuredmedia":[{"embeddable":true,"href":"https:\/\/ship-tracker.org\/nb\/wp-json\/wp\/v2\/media\/2105"}],"wp:attachment":[{"href":"https:\/\/ship-tracker.org\/nb\/wp-json\/wp\/v2\/media?parent=2103"}],"curies":[{"name":"wp","href":"https:\/\/api.w.org\/{rel}","templated":true}]}}