{"id":2086,"date":"2020-04-29T14:39:32","date_gmt":"2020-04-29T12:39:32","guid":{"rendered":"https:\/\/ship-tracker.org\/?page_id=2086"},"modified":"2023-06-03T12:24:30","modified_gmt":"2023-06-03T10:24:30","slug":"msc-cruises","status":"publish","type":"page","link":"https:\/\/ship-tracker.org\/nb\/msc-cruises\/","title":{"rendered":"MSC Cruises"},"content":{"rendered":"<h2>MSC Cruises Fleet Location Skip, IMO-nummer, MMSI, Webkameraer<\/h2>\n<p>Hvor er den n\u00e5v\u00e6rende posisjonen til MSC Cruises Fleet for tiden?<\/p>\n<table style=\"border-collapse: collapse; width: 100%; height: 504px;\">\n<tbody>\n<tr style=\"height: 24px;\">\n<td style=\"width: 33.3333%; height: 24px;\"><span style=\"color: #1f405b;\"><strong>Skip<\/strong><\/span><\/td>\n<td style=\"width: 33.3333%; height: 24px;\"><span style=\"color: #1f405b;\"><strong>IMO<\/strong><\/span><\/td>\n<td style=\"width: 33.3333%; height: 24px;\"><span style=\"color: #1f405b;\"><strong>MMSI<\/strong><\/span><\/td>\n<\/tr>\n<tr style=\"height: 24px;\">\n<td style=\"width: 33.3333%; height: 24px;\"><a href=\"https:\/\/ship-tracker.org\/nb\/msc-preziosa\/\">MSC Preziosa<\/a><\/td>\n<td style=\"width: 33.3333%; height: 24px;\">9595321<\/td>\n<td style=\"width: 33.3333%; height: 24px;\">371861000<\/td>\n<\/tr>\n<tr style=\"height: 24px;\">\n<td style=\"width: 33.3333%; height: 24px;\"><a href=\"https:\/\/ship-tracker.org\/nb\/msc-sinfonia\/\">MSC Sinfonia<\/a><\/td>\n<td style=\"width: 33.3333%; height: 24px;\">9210153<\/td>\n<td style=\"width: 33.3333%; height: 24px;\">356716000<\/td>\n<\/tr>\n<tr style=\"height: 24px;\">\n<td style=\"width: 33.3333%; height: 24px;\"><a href=\"https:\/\/ship-tracker.org\/nb\/msc-poesia\/\">MSC Poesia<\/a><\/td>\n<td style=\"width: 33.3333%; height: 24px;\">9387073<\/td>\n<td style=\"width: 33.3333%; height: 24px;\">355931000<\/td>\n<\/tr>\n<tr style=\"height: 24px;\">\n<td style=\"width: 33.3333%; height: 24px;\"><a href=\"https:\/\/ship-tracker.org\/nb\/msc-orchestra\/\">MSC orkester<\/a><\/td>\n<td style=\"width: 33.3333%; height: 24px;\">9320099<\/td>\n<td style=\"width: 33.3333%; height: 24px;\">372497000<\/td>\n<\/tr>\n<tr style=\"height: 24px;\">\n<td style=\"width: 33.3333%; height: 24px;\"><a href=\"https:\/\/ship-tracker.org\/nb\/msc-opera\/\">MSC Opera<\/a><\/td>\n<td style=\"width: 33.3333%; height: 24px;\">9250464<\/td>\n<td style=\"width: 33.3333%; height: 24px;\">357627000<\/td>\n<\/tr>\n<tr style=\"height: 24px;\">\n<td style=\"width: 33.3333%; height: 24px;\"><a href=\"https:\/\/ship-tracker.org\/nb\/msc-musica\/\">MSC Musica<\/a><\/td>\n<td style=\"width: 33.3333%; height: 24px;\">9320087<\/td>\n<td style=\"width: 33.3333%; height: 24px;\">352003000<\/td>\n<\/tr>\n<tr style=\"height: 24px;\">\n<td style=\"width: 33.3333%; height: 24px;\"><a href=\"https:\/\/ship-tracker.org\/nb\/msc-magnifica\/\">MSC Magnifica<\/a><\/td>\n<td style=\"width: 33.3333%; height: 24px;\">9387085<\/td>\n<td style=\"width: 33.3333%; height: 24px;\">352594000<\/td>\n<\/tr>\n<tr style=\"height: 24px;\">\n<td style=\"width: 33.3333%; height: 24px;\"><a href=\"https:\/\/ship-tracker.org\/nb\/msc-lirica\/\">MSC Lirica<\/a><\/td>\n<td style=\"width: 33.3333%; height: 24px;\">9246102<\/td>\n<td style=\"width: 33.3333%; height: 24px;\">356042000<\/td>\n<\/tr>\n<tr class=\"alt\" style=\"height: 24px;\">\n<td style=\"width: 33.3333%; height: 24px;\"><a href=\"https:\/\/ship-tracker.org\/nb\/msc-fantasia\/\">MSC Fantasia<\/a><\/td>\n<td style=\"width: 33.3333%; height: 24px;\">9359791<\/td>\n<td style=\"width: 33.3333%; height: 24px;\">370648000<\/td>\n<\/tr>\n<tr style=\"height: 24px;\">\n<td style=\"width: 33.3333%; height: 24px;\"><a href=\"https:\/\/ship-tracker.org\/nb\/msc-divina\/\">MSC Divina<\/a><\/td>\n<td style=\"width: 33.3333%; height: 24px;\">9585285<\/td>\n<td style=\"width: 33.3333%; height: 24px;\">373178000<\/td>\n<\/tr>\n<tr style=\"height: 24px;\">\n<td style=\"width: 33.3333%; height: 24px;\"><a href=\"https:\/\/ship-tracker.org\/nb\/msc-armonia\/\">MSC Armonia<\/a><\/td>\n<td style=\"width: 33.3333%; height: 24px;\">9210141<\/td>\n<td style=\"width: 33.3333%; height: 24px;\">357281000<\/td>\n<\/tr>\n<tr style=\"height: 24px;\">\n<td style=\"width: 33.3333%; height: 24px;\"><a href=\"https:\/\/ship-tracker.org\/nb\/msc-splendida\/\">MSC Splendida<\/a><\/td>\n<td style=\"width: 33.3333%; height: 24px;\">9359806<\/td>\n<td style=\"width: 33.3333%; height: 24px;\">357698000<\/td>\n<\/tr>\n<tr class=\"alt\" style=\"height: 24px;\">\n<td style=\"width: 33.3333%; height: 24px;\"><a href=\"https:\/\/ship-tracker.org\/nb\/msc-meraviglia\/\">MSC Meraviglia<\/a><\/td>\n<td style=\"width: 33.3333%; height: 24px;\">9760512<\/td>\n<td style=\"width: 33.3333%; height: 24px;\">249973000<\/td>\n<\/tr>\n<tr style=\"height: 24px;\">\n<td style=\"width: 33.3333%; height: 24px;\"><a href=\"https:\/\/ship-tracker.org\/nb\/msc-seaview\/\">MSC Seaview<\/a><\/td>\n<td style=\"width: 33.3333%; height: 24px;\">9745378<\/td>\n<td style=\"width: 33.3333%; height: 24px;\">248717000<\/td>\n<\/tr>\n<tr style=\"height: 24px;\">\n<td style=\"width: 33.3333%; height: 24px;\"><a href=\"https:\/\/ship-tracker.org\/nb\/msc-seaside\/\">MSC Seaside<\/a><\/td>\n<td style=\"width: 33.3333%; height: 24px;\">9745366<\/td>\n<td style=\"width: 33.3333%; height: 24px;\">248392000<\/td>\n<\/tr>\n<tr style=\"height: 24px;\">\n<td style=\"width: 33.3333%; height: 24px;\"><a href=\"https:\/\/ship-tracker.org\/nb\/msc-bellissima\/\">MSC Bellissima<\/a><\/td>\n<td style=\"width: 33.3333%; height: 24px;\">9760524<\/td>\n<td style=\"width: 33.3333%; height: 24px;\">248992000<\/td>\n<\/tr>\n<tr style=\"height: 24px;\">\n<td style=\"width: 33.3333%; height: 24px;\"><a href=\"https:\/\/ship-tracker.org\/nb\/msc-grandiosa\/\">MSC Grandiosa<\/a><\/td>\n<td style=\"width: 33.3333%; height: 24px;\">9803613<\/td>\n<td style=\"width: 33.3333%; height: 24px;\">215325000<\/td>\n<\/tr>\n<tr style=\"height: 24px;\">\n<td style=\"width: 33.3333%; height: 24px;\"><a href=\"https:\/\/ship-tracker.org\/nb\/msc-virtuosa\/\">MSC Virtuosa<\/a><\/td>\n<td style=\"width: 33.3333%; height: 24px;\">9803625<\/td>\n<td style=\"width: 33.3333%; height: 24px;\">215610000<\/td>\n<\/tr>\n<tr style=\"height: 24px;\">\n<td style=\"width: 33.3333%; height: 24px;\"><a href=\"https:\/\/ship-tracker.org\/nb\/msc-seashore\/\">MSC Seashore<\/a><\/td>\n<td style=\"width: 33.3333%; height: 24px;\">9843792<\/td>\n<td style=\"width: 33.3333%; height: 24px;\">215920000<\/td>\n<\/tr>\n<tr>\n<td style=\"width: 33.3333%;\"><a href=\"https:\/\/ship-tracker.org\/nb\/msc-seascape\/\">MSC Seascape<\/a><\/td>\n<td style=\"width: 33.3333%;\">9843807<\/td>\n<td style=\"width: 33.3333%;\">247474400<\/td>\n<\/tr>\n<tr style=\"height: 24px;\">\n<td style=\"width: 33.3333%; height: 24px;\"><a href=\"https:\/\/ship-tracker.org\/nb\/msc-europa\/\">MSC World Europa<\/a><\/td>\n<td style=\"width: 33.3333%; height: 24px;\">9837420<\/td>\n<td style=\"width: 33.3333%; height: 24px;\">256070000<\/td>\n<\/tr>\n<tr>\n<td style=\"width: 33.3333%;\"><a href=\"https:\/\/ship-tracker.org\/nb\/msc-euribia\/\">MSC Euribia<\/a><\/td>\n<td style=\"width: 33.3333%;\">9901544<\/td>\n<td style=\"width: 33.3333%;\">256281000<\/td>\n<\/tr>\n<tr>\n<td style=\"width: 33.3333%;\">MSC World America<\/td>\n<td style=\"width: 33.3333%;\">2025<\/td>\n<td style=\"width: 33.3333%;\"><\/td>\n<\/tr>\n<\/tbody>\n<\/table>\n<h2>Om MSC Cruises<\/h2>\n<p>MSC Cruises st\u00e5r for moro og nytelse. V\u00e5re luksuscruise er 5-stjerners hoteller p\u00e5 vannet og den beste m\u00e5ten \u00e5 bes\u00f8ke flere \u00f8nskede destinasjoner og komme dit med komfort og stil. MSC Cruises har blitt ledende p\u00e5 cruisemarkedet i Middelhavet. Takket v\u00e6re v\u00e5r unike fl\u00e5testruktur har vi n\u00e5 en av de mest moderne fl\u00e5tene i verden. I tr\u00e5d med den betydelige veksten de siste \u00e5rene har MSC Cruises etablert en ledende posisjon i Middelhavet, S\u00f8r-Afrika og Brasil. V\u00e5rt firma er fullt europeisk eid. Vi sysselsetter 12 000 mennesker over hele verden og selskapet er representert i 45 land.<\/p>\n<p>En moderne fl\u00e5te p\u00e5 elleve skip frakter 1,2 millioner passasjerer. MSC Cruises er til stede i Middelhavet hele \u00e5ret og tilbyr et bredt utvalg av sesongbaserte ruter til Nord-Europa, Atlanterhavet, Karibien og Antillene, S\u00f8r-Amerika, Det indiske hav, S\u00f8r- og Vest-Afrika og De forente arabiske emirater.<\/p>\n<p>Hvert cruise er designet for \u00e5 la deg oppleve det valgte reisem\u00e5let fullt ut. Fra de historiske monumentene i det klassiske Middelhavet til de baltiske statene, fra mangfoldet i Afrika til de frigjorte karibiske rytmene og den eksotiske atmosf\u00e6ren til karnevalene i S\u00f8r-Amerika, er hvert cruise et uforglemmelig eventyr. Du kan nyte dr\u00f8mmeferien til rimelige priser og velge mellom et bredt utvalg av reisem\u00e5l, som de solfylte greske \u00f8yene, de vakre norske fjordene, det turkise karibiske hav og mye mer. MSC Cruises lar deg bes\u00f8ke flere destinasjoner med bare \u00e9n reise!<\/p>\n<p>N\u00e5r det gjelder service og komfort, fortsetter MSC Cruises \u00e5 sette standarder for luksuscruise. Dette bekreftes av MSC Aurea Spa, det luksuri\u00f8se velv\u00e6resenteret og MSC Yacht Club. I Top Sail Lounge Bar, utstyrt med Skydome skyvetak, kan du nyte gastronomiske spesialiteter under stjernene. Du kan ogs\u00e5 dra nytte av MSC Aurea Spa.<\/p>","protected":false},"excerpt":{"rendered":"<p>MSC Cruises Fleet Plassering Skip, IMO-nummer, MMSI, Webkameraer Hvor er den n\u00e5v\u00e6rende posisjonen til MSC Cruises Fleet for tiden? Send IMO MMSI MSC Preziosa 9595321 371861000 MSC Sinfonia 9210153 356716000 MSC Poesia 9387073 355931000 MSC Orchestra 9320099 372497000 MSC 06 MSC 04 MSC 4000 MSC 06 MSC 20087 352003000 MSC Magnifica 9387085 352594000 MSC Lirica 9246102 356042000 MSC\u2026&nbsp;<a href=\"https:\/\/ship-tracker.org\/nb\/msc-cruises\/\" rel=\"bookmark\">Les mer \u00bb<span class=\"screen-reader-text\">MSC Cruises<\/span><\/a><\/p>","protected":false},"author":1,"featured_media":2087,"parent":0,"menu_order":0,"comment_status":"closed","ping_status":"closed","template":"","meta":{"neve_meta_sidebar":"","neve_meta_container":"","neve_meta_enable_content_width":"","neve_meta_content_width":0,"neve_meta_title_alignment":"","neve_meta_author_avatar":"","neve_post_elements_order":"","neve_meta_disable_header":"","neve_meta_disable_footer":"","neve_meta_disable_title":"","neve_meta_reading_time":"","footnotes":""},"class_list":["post-2086","page","type-page","status-publish","has-post-thumbnail","hentry"],"yoast_head":"<!-- This site is optimized with the Yoast SEO plugin v26.9 - https:\/\/yoast.com\/product\/yoast-seo-wordpress\/ -->\n<title>Track MSC Cruises Fleet | Cruise Ships | Marine Vessel | Live Map<\/title>\n<meta name=\"description\" content=\"MSC Cruises Fleet Location | Current Positions of MSC Cruises Ships, IMO numbers, MMSI, Webcam | Live Fleet Maps | Live Ship Tracker\" \/>\n<meta name=\"robots\" content=\"index, follow, max-snippet:-1, max-image-preview:large, max-video-preview:-1\" \/>\n<link rel=\"canonical\" href=\"https:\/\/ship-tracker.org\/nb\/msc-cruises\/\" \/>\n<meta property=\"og:locale\" content=\"nb_NO\" \/>\n<meta property=\"og:type\" content=\"article\" \/>\n<meta property=\"og:title\" content=\"Track MSC Cruises Fleet | Cruise Ships | Marine Vessel | Live Map\" \/>\n<meta property=\"og:description\" content=\"MSC Cruises Fleet Location | Current Positions of MSC Cruises Ships, IMO numbers, MMSI, Webcam | Live Fleet Maps | Live Ship Tracker\" \/>\n<meta property=\"og:url\" content=\"https:\/\/ship-tracker.org\/nb\/msc-cruises\/\" \/>\n<meta property=\"og:site_name\" content=\"Ship-tracker.org\" \/>\n<meta property=\"article:modified_time\" content=\"2023-06-03T10:24:30+00:00\" \/>\n<meta property=\"og:image\" content=\"https:\/\/ship-tracker.org\/wp-content\/uploads\/2020\/04\/reederei-msc.jpg\" \/>\n\t<meta property=\"og:image:width\" content=\"325\" \/>\n\t<meta property=\"og:image:height\" content=\"245\" \/>\n\t<meta property=\"og:image:type\" content=\"image\/jpeg\" \/>\n<meta name=\"twitter:card\" content=\"summary_large_image\" \/>\n<meta name=\"twitter:label1\" content=\"Ansl. lesetid\" \/>\n\t<meta name=\"twitter:data1\" content=\"2 minutter\" \/>\n<script type=\"application\/ld+json\" class=\"yoast-schema-graph\">{\"@context\":\"https:\/\/schema.org\",\"@graph\":[{\"@type\":\"WebPage\",\"@id\":\"https:\/\/ship-tracker.org\/msc-cruises\/\",\"url\":\"https:\/\/ship-tracker.org\/msc-cruises\/\",\"name\":\"Track MSC Cruises Fleet | Cruise Ships | Marine Vessel | Live Map\",\"isPartOf\":{\"@id\":\"https:\/\/ship-tracker.org\/#website\"},\"primaryImageOfPage\":{\"@id\":\"https:\/\/ship-tracker.org\/msc-cruises\/#primaryimage\"},\"image\":{\"@id\":\"https:\/\/ship-tracker.org\/msc-cruises\/#primaryimage\"},\"thumbnailUrl\":\"https:\/\/ship-tracker.org\/wp-content\/uploads\/2020\/04\/reederei-msc.jpg\",\"datePublished\":\"2020-04-29T12:39:32+00:00\",\"dateModified\":\"2023-06-03T10:24:30+00:00\",\"description\":\"MSC Cruises Fleet Location | Current Positions of MSC Cruises Ships, IMO numbers, MMSI, Webcam | Live Fleet Maps | Live Ship Tracker\",\"breadcrumb\":{\"@id\":\"https:\/\/ship-tracker.org\/msc-cruises\/#breadcrumb\"},\"inLanguage\":\"nb-NO\",\"potentialAction\":[{\"@type\":\"ReadAction\",\"target\":[\"https:\/\/ship-tracker.org\/msc-cruises\/\"]}]},{\"@type\":\"ImageObject\",\"inLanguage\":\"nb-NO\",\"@id\":\"https:\/\/ship-tracker.org\/msc-cruises\/#primaryimage\",\"url\":\"https:\/\/ship-tracker.org\/wp-content\/uploads\/2020\/04\/reederei-msc.jpg\",\"contentUrl\":\"https:\/\/ship-tracker.org\/wp-content\/uploads\/2020\/04\/reederei-msc.jpg\",\"width\":325,\"height\":245,\"caption\":\"MSC Cruises\"},{\"@type\":\"BreadcrumbList\",\"@id\":\"https:\/\/ship-tracker.org\/msc-cruises\/#breadcrumb\",\"itemListElement\":[{\"@type\":\"ListItem\",\"position\":1,\"name\":\"Startseite\",\"item\":\"https:\/\/ship-tracker.org\/\"},{\"@type\":\"ListItem\",\"position\":2,\"name\":\"MSC Cruises\"}]},{\"@type\":\"WebSite\",\"@id\":\"https:\/\/ship-tracker.org\/#website\",\"url\":\"https:\/\/ship-tracker.org\/\",\"name\":\"Ship-tracker.org\",\"description\":\"\",\"potentialAction\":[{\"@type\":\"SearchAction\",\"target\":{\"@type\":\"EntryPoint\",\"urlTemplate\":\"https:\/\/ship-tracker.org\/?s={search_term_string}\"},\"query-input\":{\"@type\":\"PropertyValueSpecification\",\"valueRequired\":true,\"valueName\":\"search_term_string\"}}],\"inLanguage\":\"nb-NO\"}]}<\/script>\n<!-- \/ Yoast SEO plugin. -->","yoast_head_json":{"title":"Spor MSC Cruises Fleet | Cruiseskip | Marinefart\u00f8y | Live kart","description":"MSC Cruises Fleet Plassering | N\u00e5v\u00e6rende posisjoner til MSC Cruises-skip, IMO-nummer, MMSI, webkamera | Live Fleet Maps | Live Ship Tracker","robots":{"index":"index","follow":"follow","max-snippet":"max-snippet:-1","max-image-preview":"max-image-preview:large","max-video-preview":"max-video-preview:-1"},"canonical":"https:\/\/ship-tracker.org\/nb\/msc-cruises\/","og_locale":"nb_NO","og_type":"article","og_title":"Track MSC Cruises Fleet | Cruise Ships | Marine Vessel | Live Map","og_description":"MSC Cruises Fleet Location | Current Positions of MSC Cruises Ships, IMO numbers, MMSI, Webcam | Live Fleet Maps | Live Ship Tracker","og_url":"https:\/\/ship-tracker.org\/nb\/msc-cruises\/","og_site_name":"Ship-tracker.org","article_modified_time":"2023-06-03T10:24:30+00:00","og_image":[{"width":325,"height":245,"url":"https:\/\/ship-tracker.org\/wp-content\/uploads\/2020\/04\/reederei-msc.jpg","type":"image\/jpeg"}],"twitter_card":"summary_large_image","twitter_misc":{"Ansl. lesetid":"2 minutter"},"schema":{"@context":"https:\/\/schema.org","@graph":[{"@type":"WebPage","@id":"https:\/\/ship-tracker.org\/msc-cruises\/","url":"https:\/\/ship-tracker.org\/msc-cruises\/","name":"Spor MSC Cruises Fleet | Cruiseskip | Marinefart\u00f8y | Live kart","isPartOf":{"@id":"https:\/\/ship-tracker.org\/#website"},"primaryImageOfPage":{"@id":"https:\/\/ship-tracker.org\/msc-cruises\/#primaryimage"},"image":{"@id":"https:\/\/ship-tracker.org\/msc-cruises\/#primaryimage"},"thumbnailUrl":"https:\/\/ship-tracker.org\/wp-content\/uploads\/2020\/04\/reederei-msc.jpg","datePublished":"2020-04-29T12:39:32+00:00","dateModified":"2023-06-03T10:24:30+00:00","description":"MSC Cruises Fleet Plassering | N\u00e5v\u00e6rende posisjoner til MSC Cruises-skip, IMO-nummer, MMSI, webkamera | Live Fleet Maps | Live Ship Tracker","breadcrumb":{"@id":"https:\/\/ship-tracker.org\/msc-cruises\/#breadcrumb"},"inLanguage":"nb-NO","potentialAction":[{"@type":"ReadAction","target":["https:\/\/ship-tracker.org\/msc-cruises\/"]}]},{"@type":"ImageObject","inLanguage":"nb-NO","@id":"https:\/\/ship-tracker.org\/msc-cruises\/#primaryimage","url":"https:\/\/ship-tracker.org\/wp-content\/uploads\/2020\/04\/reederei-msc.jpg","contentUrl":"https:\/\/ship-tracker.org\/wp-content\/uploads\/2020\/04\/reederei-msc.jpg","width":325,"height":245,"caption":"MSC Cruises"},{"@type":"BreadcrumbList","@id":"https:\/\/ship-tracker.org\/msc-cruises\/#breadcrumb","itemListElement":[{"@type":"ListItem","position":1,"name":"Startseite","item":"https:\/\/ship-tracker.org\/"},{"@type":"ListItem","position":2,"name":"MSC Cruises"}]},{"@type":"WebSite","@id":"https:\/\/ship-tracker.org\/#website","url":"https:\/\/ship-tracker.org\/","name":"Ship-tracker.org","description":"","potentialAction":[{"@type":"SearchAction","target":{"@type":"EntryPoint","urlTemplate":"https:\/\/ship-tracker.org\/?s={search_term_string}"},"query-input":{"@type":"PropertyValueSpecification","valueRequired":true,"valueName":"search_term_string"}}],"inLanguage":"nb-NO"}]}},"_links":{"self":[{"href":"https:\/\/ship-tracker.org\/nb\/wp-json\/wp\/v2\/pages\/2086","targetHints":{"allow":["GET"]}}],"collection":[{"href":"https:\/\/ship-tracker.org\/nb\/wp-json\/wp\/v2\/pages"}],"about":[{"href":"https:\/\/ship-tracker.org\/nb\/wp-json\/wp\/v2\/types\/page"}],"author":[{"embeddable":true,"href":"https:\/\/ship-tracker.org\/nb\/wp-json\/wp\/v2\/users\/1"}],"replies":[{"embeddable":true,"href":"https:\/\/ship-tracker.org\/nb\/wp-json\/wp\/v2\/comments?post=2086"}],"version-history":[{"count":9,"href":"https:\/\/ship-tracker.org\/nb\/wp-json\/wp\/v2\/pages\/2086\/revisions"}],"predecessor-version":[{"id":3572,"href":"https:\/\/ship-tracker.org\/nb\/wp-json\/wp\/v2\/pages\/2086\/revisions\/3572"}],"wp:featuredmedia":[{"embeddable":true,"href":"https:\/\/ship-tracker.org\/nb\/wp-json\/wp\/v2\/media\/2087"}],"wp:attachment":[{"href":"https:\/\/ship-tracker.org\/nb\/wp-json\/wp\/v2\/media?parent=2086"}],"curies":[{"name":"wp","href":"https:\/\/api.w.org\/{rel}","templated":true}]}}