{"id":2081,"date":"2020-04-29T14:37:25","date_gmt":"2020-04-29T12:37:25","guid":{"rendered":"https:\/\/ship-tracker.org\/?page_id=2081"},"modified":"2022-10-27T16:00:06","modified_gmt":"2022-10-27T14:00:06","slug":"costa-cruises","status":"publish","type":"page","link":"https:\/\/ship-tracker.org\/nb\/costa-cruises\/","title":{"rendered":"Costa Cruises"},"content":{"rendered":"<h2>Costa Cruises Fleet Location Skip, IMO-nummer, MMSI, Webkameraer<\/h2>\n<p>Hvor er den n\u00e5v\u00e6rende posisjonen til Costa Cruises Fleet for \u00f8yeblikket?<\/p>\n<table style=\"border-collapse: collapse; width: 100%; height: 480px;\">\n<tbody>\n<tr style=\"height: 24px;\">\n<td style=\"width: 33.3333%; height: 24px;\"><span style=\"color: #1f405b;\"><strong>Skip<\/strong><\/span><\/td>\n<td style=\"width: 33.3333%; height: 24px;\"><span style=\"color: #1f405b;\"><strong>IMO<\/strong><\/span><\/td>\n<td style=\"width: 33.3333%; height: 24px;\"><span style=\"color: #1f405b;\"><strong>MMSI<\/strong><\/span><\/td>\n<\/tr>\n<tr style=\"height: 24px;\">\n<td style=\"width: 33.3333%; height: 24px;\"><a href=\"https:\/\/ship-tracker.org\/nb\/costa-deliziosa\/\">Costa Deliziosa<\/a><\/td>\n<td style=\"width: 33.3333%; height: 24px;\">9398917<\/td>\n<td style=\"width: 33.3333%; height: 24px;\">247282900<\/td>\n<\/tr>\n<tr style=\"height: 24px;\">\n<td style=\"width: 33.3333%; height: 24px;\"><a href=\"https:\/\/ship-tracker.org\/nb\/costa-diadema\/\">Costa Diadema<\/a><\/td>\n<td style=\"width: 33.3333%; height: 24px;\">9636888<\/td>\n<td style=\"width: 33.3333%; height: 24px;\">247353700<\/td>\n<\/tr>\n<tr style=\"height: 24px;\">\n<td style=\"width: 33.3333%; height: 24px;\"><a href=\"https:\/\/ship-tracker.org\/nb\/costa-fascinosa\/\">Costa Fascinosa<\/a><\/td>\n<td style=\"width: 33.3333%; height: 24px;\">9479864<\/td>\n<td style=\"width: 33.3333%; height: 24px;\">247313500<\/td>\n<\/tr>\n<tr style=\"height: 24px;\">\n<td style=\"width: 33.3333%; height: 24px;\"><a href=\"https:\/\/ship-tracker.org\/nb\/costa-favolosa\/\">Costa Favolosa<\/a><\/td>\n<td style=\"width: 33.3333%; height: 24px;\">9479852<\/td>\n<td style=\"width: 33.3333%; height: 24px;\">247311100<\/td>\n<\/tr>\n<tr style=\"height: 24px;\">\n<td style=\"width: 33.3333%; height: 24px;\"><a href=\"https:\/\/ship-tracker.org\/nb\/costa-fortuna\/\">Costa Fortuna<\/a><\/td>\n<td style=\"width: 33.3333%; height: 24px;\">9239783<\/td>\n<td style=\"width: 33.3333%; height: 24px;\">247094800<\/td>\n<\/tr>\n<tr style=\"height: 24px;\">\n<td style=\"width: 33.3333%; height: 24px;\"><a href=\"https:\/\/ship-tracker.org\/nb\/costa-luminosa\/\">Costa Luminosa<\/a><\/td>\n<td style=\"width: 33.3333%; height: 24px;\">9172777<\/td>\n<td style=\"width: 33.3333%; height: 24px;\">247325300<\/td>\n<\/tr>\n<tr style=\"height: 24px;\">\n<td style=\"width: 33.3333%; height: 24px;\"><a href=\"https:\/\/ship-tracker.org\/nb\/costa-magica\/\">Costa Magica<\/a><\/td>\n<td style=\"width: 33.3333%; height: 24px;\">9239795<\/td>\n<td style=\"width: 33.3333%; height: 24px;\">247113300<\/td>\n<\/tr>\n<tr class=\"alt\" style=\"height: 24px;\">\n<td style=\"width: 33.3333%; height: 24px;\"><a href=\"https:\/\/ship-tracker.org\/nb\/costa-mediterranea\/\">Costa Mediterranea<\/a><\/td>\n<td style=\"width: 33.3333%; height: 24px;\">9237345<\/td>\n<td style=\"width: 33.3333%; height: 24px;\">247088200<\/td>\n<\/tr>\n<tr style=\"height: 24px;\">\n<td style=\"width: 33.3333%; height: 24px;\"><a href=\"https:\/\/ship-tracker.org\/nb\/costa-pacifica\/\">Costa Pacifica<\/a><\/td>\n<td style=\"width: 33.3333%; height: 24px;\">9378498<\/td>\n<td style=\"width: 33.3333%; height: 24px;\">247258100<\/td>\n<\/tr>\n<tr style=\"height: 24px;\">\n<td style=\"width: 33.3333%; height: 24px;\"><a href=\"https:\/\/ship-tracker.org\/nb\/costa-serena\/\">Costa Serena<\/a><\/td>\n<td style=\"width: 33.3333%; height: 24px;\">9343132<\/td>\n<td style=\"width: 33.3333%; height: 24px;\">247187600<\/td>\n<\/tr>\n<tr style=\"height: 24px;\">\n<td style=\"width: 33.3333%; height: 24px;\"><a href=\"https:\/\/ship-tracker.org\/nb\/costa-smeralda\/\">Costa Smeralda<\/a><\/td>\n<td style=\"width: 33.3333%; height: 24px;\">9781889<\/td>\n<td style=\"width: 33.3333%; height: 24px;\">247391900<\/td>\n<\/tr>\n<tr style=\"height: 24px;\">\n<td style=\"width: 33.3333%; height: 24px;\"><a href=\"https:\/\/ship-tracker.org\/nb\/costa-venezia\/\">Costa Venezia<\/a><\/td>\n<td style=\"width: 33.3333%; height: 24px;\">9801689<\/td>\n<td style=\"width: 33.3333%; height: 24px;\">247391100<\/td>\n<\/tr>\n<tr style=\"height: 24px;\">\n<td style=\"width: 33.3333%; height: 24px;\"><a href=\"https:\/\/ship-tracker.org\/nb\/costa-firenze\/\">Costa Firenze<\/a><\/td>\n<td style=\"width: 33.3333%; height: 24px;\">9801691<\/td>\n<td style=\"width: 33.3333%; height: 24px;\">247431800<\/td>\n<\/tr>\n<tr style=\"height: 24px;\">\n<td style=\"width: 33.3333%; height: 24px;\"><a href=\"https:\/\/ship-tracker.org\/nb\/costa-toscana\/\">Costa Toscana<\/a><\/td>\n<td style=\"width: 33.3333%; height: 24px;\">9781891<\/td>\n<td style=\"width: 33.3333%; height: 24px;\">247431200<\/td>\n<\/tr>\n<\/tbody>\n<\/table>\n<h2>Om Costa Cruises<\/h2>\n<p>Costa Crociere er det st\u00f8rste cruiseselskapet i Europa og tilbyr et bredt utvalg av cruise og en rekke ulike programmer. Hver b\u00e5t kombinerer komfort, moro og nytelse p\u00e5 en umiskjennelig italiensk m\u00e5te. Fra det \u00f8yeblikket du g\u00e5r om bord, vil du oppdage at et cruise med Costa Crociere vil bli uforglemmelig.<\/p>\n<p>Hvert Costa-cruise tilbyr s\u00e5 mange forskjellige innhold og gleder. Du trenger ikke engang \u00e5 forlate skipet, for du kan ogs\u00e5 finne om bord ulike aktiviteter for enhver stemning og smak. Costas moderne skip er utstyrt med alt du trenger for en ferie med alt inkludert. Med alle aktivitetene som passer til ulike smaker og livsstiler, kan vi ikke snakke om et typisk cruiseskip. V\u00e5rt vennlige og kvalifiserte byr\u00e5personale vil alltid hjelpe deg med \u00e5 velge et cruise.<\/p>\n<p>Seil til dr\u00f8mmereisen! Det st\u00f8rste utvalget av individuelle og gruppecruise til luksusskip i Europa, Middelhavet, Asia, Karibien og Alaska vil skjemme deg bort med komfort og glamour og en rekke aktiviteter. Et cruise p\u00e5 Costa inkluderer alle m\u00e5ltider, b\u00e5taktiviteter, underholdning og cruise mellom destinasjoner. Slike cruise er en veldig hyggelig m\u00e5te \u00e5 reise p\u00e5, da du ikke trenger \u00e5 tenke p\u00e5 om du rekker neste fly til neste destinasjon. Du vil oppdage at v\u00e5re skip er flytende feriesteder som tilbyr den h\u00f8yeste komforten og alle aktivitetene du kan tenke deg. Det er derfor ikke rart at flere og flere velger cruise til ferien.<\/p>\n<p>Videre har v\u00e5re cruise den h\u00f8yeste andelen forn\u00f8yde passasjerer sammenlignet med alle andre typer reiser. Cruise med Costa Crociere fra solfylt \u00f8st til solfylt vest og utforsk mange forskjellige destinasjoner. Eller bare slapp av p\u00e5 et av b\u00e5tdekkene og nyt solen og lukten av havet. En ting er sikkert: med Costa Crociere vil du aldri kjede deg. Mer enn noen gang f\u00f8r oppdager reisende fordelene og gledene ved \u00e5 cruise med best valuta for pengene.<\/p>","protected":false},"excerpt":{"rendered":"<p>Costa Cruises Fleet Plassering Skip, IMO-nummer, MMSI, Webkameraer Hvor er den n\u00e5v\u00e6rende posisjonen til Costa Cruises Fleet for tiden? Send IMO Costa Deliziosa 9398917 247282900 Costa Diadema 9636888 247353700 Costa Fascinosa 9479864 247313500 Costa Favolosa 9479852 247311100 Costa 7 09 4 Costa 7 09 4 92 24 11100 2473111100 2777 247325300 Costa Magica 9239795 247113300 Costa Mediterranea 9237345 247088200 Costa Pacifica\u2026&nbsp;<a href=\"https:\/\/ship-tracker.org\/nb\/costa-cruises\/\" rel=\"bookmark\">Les mer \u00bb<span class=\"screen-reader-text\">Costa Cruises<\/span><\/a><\/p>","protected":false},"author":1,"featured_media":2083,"parent":0,"menu_order":0,"comment_status":"closed","ping_status":"closed","template":"","meta":{"neve_meta_sidebar":"","neve_meta_container":"","neve_meta_enable_content_width":"","neve_meta_content_width":0,"neve_meta_title_alignment":"","neve_meta_author_avatar":"","neve_post_elements_order":"","neve_meta_disable_header":"","neve_meta_disable_footer":"","neve_meta_disable_title":"","neve_meta_reading_time":"","footnotes":""},"class_list":["post-2081","page","type-page","status-publish","has-post-thumbnail","hentry"],"yoast_head":"<!-- This site is optimized with the Yoast SEO plugin v26.9 - https:\/\/yoast.com\/product\/yoast-seo-wordpress\/ -->\n<title>Track Costa Cruises Fleet | Cruise Ships | Marine Vessel<\/title>\n<meta name=\"description\" content=\"Costa Cruises Fleet Location | Current Positions of Costa Cruises Ships, IMO numbers, MMSI, Webcam | Live Fleet Maps | Live Ship Tracker\" \/>\n<meta name=\"robots\" content=\"index, follow, max-snippet:-1, max-image-preview:large, max-video-preview:-1\" \/>\n<link rel=\"canonical\" href=\"https:\/\/ship-tracker.org\/nb\/costa-cruises\/\" \/>\n<meta property=\"og:locale\" content=\"nb_NO\" \/>\n<meta property=\"og:type\" content=\"article\" \/>\n<meta property=\"og:title\" content=\"Track Costa Cruises Fleet | Cruise Ships | Marine Vessel\" \/>\n<meta property=\"og:description\" content=\"Costa Cruises Fleet Location | Current Positions of Costa Cruises Ships, IMO numbers, MMSI, Webcam | Live Fleet Maps | Live Ship Tracker\" \/>\n<meta property=\"og:url\" content=\"https:\/\/ship-tracker.org\/nb\/costa-cruises\/\" \/>\n<meta property=\"og:site_name\" content=\"Ship-tracker.org\" \/>\n<meta property=\"article:modified_time\" content=\"2022-10-27T14:00:06+00:00\" \/>\n<meta property=\"og:image\" content=\"https:\/\/ship-tracker.org\/wp-content\/uploads\/2020\/04\/Costa_Logo4c_Positiv-1080x675-1.jpg\" \/>\n\t<meta property=\"og:image:width\" content=\"1080\" \/>\n\t<meta property=\"og:image:height\" content=\"675\" \/>\n\t<meta property=\"og:image:type\" content=\"image\/jpeg\" \/>\n<meta name=\"twitter:card\" content=\"summary_large_image\" \/>\n<meta name=\"twitter:label1\" content=\"Ansl. lesetid\" \/>\n\t<meta name=\"twitter:data1\" content=\"2 minutter\" \/>\n<script type=\"application\/ld+json\" class=\"yoast-schema-graph\">{\"@context\":\"https:\/\/schema.org\",\"@graph\":[{\"@type\":\"WebPage\",\"@id\":\"https:\/\/ship-tracker.org\/costa-cruises\/\",\"url\":\"https:\/\/ship-tracker.org\/costa-cruises\/\",\"name\":\"Track Costa Cruises Fleet | Cruise Ships | Marine Vessel\",\"isPartOf\":{\"@id\":\"https:\/\/ship-tracker.org\/#website\"},\"primaryImageOfPage\":{\"@id\":\"https:\/\/ship-tracker.org\/costa-cruises\/#primaryimage\"},\"image\":{\"@id\":\"https:\/\/ship-tracker.org\/costa-cruises\/#primaryimage\"},\"thumbnailUrl\":\"https:\/\/ship-tracker.org\/wp-content\/uploads\/2020\/04\/Costa_Logo4c_Positiv-1080x675-1.jpg\",\"datePublished\":\"2020-04-29T12:37:25+00:00\",\"dateModified\":\"2022-10-27T14:00:06+00:00\",\"description\":\"Costa Cruises Fleet Location | Current Positions of Costa Cruises Ships, IMO numbers, MMSI, Webcam | Live Fleet Maps | Live Ship Tracker\",\"breadcrumb\":{\"@id\":\"https:\/\/ship-tracker.org\/costa-cruises\/#breadcrumb\"},\"inLanguage\":\"nb-NO\",\"potentialAction\":[{\"@type\":\"ReadAction\",\"target\":[\"https:\/\/ship-tracker.org\/costa-cruises\/\"]}]},{\"@type\":\"ImageObject\",\"inLanguage\":\"nb-NO\",\"@id\":\"https:\/\/ship-tracker.org\/costa-cruises\/#primaryimage\",\"url\":\"https:\/\/ship-tracker.org\/wp-content\/uploads\/2020\/04\/Costa_Logo4c_Positiv-1080x675-1.jpg\",\"contentUrl\":\"https:\/\/ship-tracker.org\/wp-content\/uploads\/2020\/04\/Costa_Logo4c_Positiv-1080x675-1.jpg\",\"width\":1080,\"height\":675,\"caption\":\"Costa Cruises\"},{\"@type\":\"BreadcrumbList\",\"@id\":\"https:\/\/ship-tracker.org\/costa-cruises\/#breadcrumb\",\"itemListElement\":[{\"@type\":\"ListItem\",\"position\":1,\"name\":\"Startseite\",\"item\":\"https:\/\/ship-tracker.org\/\"},{\"@type\":\"ListItem\",\"position\":2,\"name\":\"Costa Cruises\"}]},{\"@type\":\"WebSite\",\"@id\":\"https:\/\/ship-tracker.org\/#website\",\"url\":\"https:\/\/ship-tracker.org\/\",\"name\":\"Ship-tracker.org\",\"description\":\"\",\"potentialAction\":[{\"@type\":\"SearchAction\",\"target\":{\"@type\":\"EntryPoint\",\"urlTemplate\":\"https:\/\/ship-tracker.org\/?s={search_term_string}\"},\"query-input\":{\"@type\":\"PropertyValueSpecification\",\"valueRequired\":true,\"valueName\":\"search_term_string\"}}],\"inLanguage\":\"nb-NO\"}]}<\/script>\n<!-- \/ Yoast SEO plugin. -->","yoast_head_json":{"title":"Spor Costa Cruises Fleet | Cruiseskip | Marine fart\u00f8y","description":"Costa Cruises Fleet Plassering | N\u00e5v\u00e6rende posisjoner til Costa Cruises-skip, IMO-nummer, MMSI, webkamera | Live Fleet Maps | Live Ship Tracker","robots":{"index":"index","follow":"follow","max-snippet":"max-snippet:-1","max-image-preview":"max-image-preview:large","max-video-preview":"max-video-preview:-1"},"canonical":"https:\/\/ship-tracker.org\/nb\/costa-cruises\/","og_locale":"nb_NO","og_type":"article","og_title":"Track Costa Cruises Fleet | Cruise Ships | Marine Vessel","og_description":"Costa Cruises Fleet Location | Current Positions of Costa Cruises Ships, IMO numbers, MMSI, Webcam | Live Fleet Maps | Live Ship Tracker","og_url":"https:\/\/ship-tracker.org\/nb\/costa-cruises\/","og_site_name":"Ship-tracker.org","article_modified_time":"2022-10-27T14:00:06+00:00","og_image":[{"width":1080,"height":675,"url":"https:\/\/ship-tracker.org\/wp-content\/uploads\/2020\/04\/Costa_Logo4c_Positiv-1080x675-1.jpg","type":"image\/jpeg"}],"twitter_card":"summary_large_image","twitter_misc":{"Ansl. lesetid":"2 minutter"},"schema":{"@context":"https:\/\/schema.org","@graph":[{"@type":"WebPage","@id":"https:\/\/ship-tracker.org\/costa-cruises\/","url":"https:\/\/ship-tracker.org\/costa-cruises\/","name":"Spor Costa Cruises Fleet | Cruiseskip | Marine fart\u00f8y","isPartOf":{"@id":"https:\/\/ship-tracker.org\/#website"},"primaryImageOfPage":{"@id":"https:\/\/ship-tracker.org\/costa-cruises\/#primaryimage"},"image":{"@id":"https:\/\/ship-tracker.org\/costa-cruises\/#primaryimage"},"thumbnailUrl":"https:\/\/ship-tracker.org\/wp-content\/uploads\/2020\/04\/Costa_Logo4c_Positiv-1080x675-1.jpg","datePublished":"2020-04-29T12:37:25+00:00","dateModified":"2022-10-27T14:00:06+00:00","description":"Costa Cruises Fleet Plassering | N\u00e5v\u00e6rende posisjoner til Costa Cruises-skip, IMO-nummer, MMSI, webkamera | Live Fleet Maps | Live Ship Tracker","breadcrumb":{"@id":"https:\/\/ship-tracker.org\/costa-cruises\/#breadcrumb"},"inLanguage":"nb-NO","potentialAction":[{"@type":"ReadAction","target":["https:\/\/ship-tracker.org\/costa-cruises\/"]}]},{"@type":"ImageObject","inLanguage":"nb-NO","@id":"https:\/\/ship-tracker.org\/costa-cruises\/#primaryimage","url":"https:\/\/ship-tracker.org\/wp-content\/uploads\/2020\/04\/Costa_Logo4c_Positiv-1080x675-1.jpg","contentUrl":"https:\/\/ship-tracker.org\/wp-content\/uploads\/2020\/04\/Costa_Logo4c_Positiv-1080x675-1.jpg","width":1080,"height":675,"caption":"Costa Cruises"},{"@type":"BreadcrumbList","@id":"https:\/\/ship-tracker.org\/costa-cruises\/#breadcrumb","itemListElement":[{"@type":"ListItem","position":1,"name":"Startseite","item":"https:\/\/ship-tracker.org\/"},{"@type":"ListItem","position":2,"name":"Costa Cruises"}]},{"@type":"WebSite","@id":"https:\/\/ship-tracker.org\/#website","url":"https:\/\/ship-tracker.org\/","name":"Ship-tracker.org","description":"","potentialAction":[{"@type":"SearchAction","target":{"@type":"EntryPoint","urlTemplate":"https:\/\/ship-tracker.org\/?s={search_term_string}"},"query-input":{"@type":"PropertyValueSpecification","valueRequired":true,"valueName":"search_term_string"}}],"inLanguage":"nb-NO"}]}},"_links":{"self":[{"href":"https:\/\/ship-tracker.org\/nb\/wp-json\/wp\/v2\/pages\/2081","targetHints":{"allow":["GET"]}}],"collection":[{"href":"https:\/\/ship-tracker.org\/nb\/wp-json\/wp\/v2\/pages"}],"about":[{"href":"https:\/\/ship-tracker.org\/nb\/wp-json\/wp\/v2\/types\/page"}],"author":[{"embeddable":true,"href":"https:\/\/ship-tracker.org\/nb\/wp-json\/wp\/v2\/users\/1"}],"replies":[{"embeddable":true,"href":"https:\/\/ship-tracker.org\/nb\/wp-json\/wp\/v2\/comments?post=2081"}],"version-history":[{"count":6,"href":"https:\/\/ship-tracker.org\/nb\/wp-json\/wp\/v2\/pages\/2081\/revisions"}],"predecessor-version":[{"id":3488,"href":"https:\/\/ship-tracker.org\/nb\/wp-json\/wp\/v2\/pages\/2081\/revisions\/3488"}],"wp:featuredmedia":[{"embeddable":true,"href":"https:\/\/ship-tracker.org\/nb\/wp-json\/wp\/v2\/media\/2083"}],"wp:attachment":[{"href":"https:\/\/ship-tracker.org\/nb\/wp-json\/wp\/v2\/media?parent=2081"}],"curies":[{"name":"wp","href":"https:\/\/api.w.org\/{rel}","templated":true}]}}