{"id":2070,"date":"2020-04-29T14:35:01","date_gmt":"2020-04-29T12:35:01","guid":{"rendered":"https:\/\/ship-tracker.org\/?page_id=2070"},"modified":"2022-11-01T13:22:27","modified_gmt":"2022-11-01T12:22:27","slug":"celebrity-cruises","status":"publish","type":"page","link":"https:\/\/ship-tracker.org\/nb\/celebrity-cruises\/","title":{"rendered":"Kjendiscruise"},"content":{"rendered":"<h2>Celebrity Cruises Fleet Location Skip, IMO-nummer, MMSI, Webkameraer<\/h2>\n<p>Hvor er den n\u00e5v\u00e6rende posisjonen til Celebrity Cruises Fleet for tiden?<\/p>\n<table style=\"border-collapse: collapse; width: 100%; height: 336px;\">\n<tbody>\n<tr style=\"height: 24px;\">\n<td style=\"width: 33.3333%; height: 24px;\"><span style=\"color: #1f405b;\"><strong>Skip<\/strong><\/span><\/td>\n<td style=\"width: 33.3333%; height: 24px;\"><span style=\"color: #1f405b;\"><strong>IMO<\/strong><\/span><\/td>\n<td style=\"width: 33.3333%; height: 24px;\"><span style=\"color: #1f405b;\"><strong>MMSI<\/strong><\/span><\/td>\n<\/tr>\n<tr style=\"height: 24px;\">\n<td style=\"width: 33.3333%; height: 24px;\"><a href=\"https:\/\/ship-tracker.org\/nb\/celebrity-apex\/\">Kjendis Apex<\/a><\/td>\n<td style=\"width: 33.3333%; height: 24px;\">9838383<\/td>\n<td style=\"width: 33.3333%; height: 24px;\">215105000<\/td>\n<\/tr>\n<tr style=\"height: 24px;\">\n<td style=\"width: 33.3333%; height: 24px;\"><a href=\"https:\/\/ship-tracker.org\/nb\/celebrity-flora\/\">Kjendisflora<\/a><\/td>\n<td style=\"width: 33.3333%; height: 24px;\">9837925<\/td>\n<td style=\"width: 33.3333%; height: 24px;\">735059945<\/td>\n<\/tr>\n<tr style=\"height: 24px;\">\n<td style=\"width: 33.3333%; height: 24px;\"><a href=\"https:\/\/ship-tracker.org\/nb\/celebrity-edge\/\">Celebrity Edge<\/a><\/td>\n<td style=\"width: 33.3333%; height: 24px;\">9812705<\/td>\n<td style=\"width: 33.3333%; height: 24px;\">248325000<\/td>\n<\/tr>\n<tr style=\"height: 24px;\">\n<td style=\"width: 33.3333%; height: 24px;\"><a href=\"https:\/\/ship-tracker.org\/nb\/celebrity-silhouette\/\">Kjendis silhuett<\/a><\/td>\n<td style=\"width: 33.3333%; height: 24px;\">9451094<\/td>\n<td style=\"width: 33.3333%; height: 24px;\">248939000<\/td>\n<\/tr>\n<tr style=\"height: 24px;\">\n<td style=\"width: 33.3333%; height: 24px;\"><a href=\"https:\/\/ship-tracker.org\/nb\/celebrity-millennium\/\">Kjendis Millennium<\/a><\/td>\n<td style=\"width: 33.3333%; height: 24px;\">9189419<\/td>\n<td style=\"width: 33.3333%; height: 24px;\">249055000<\/td>\n<\/tr>\n<tr style=\"height: 24px;\">\n<td style=\"width: 33.3333%; height: 24px;\"><a href=\"https:\/\/ship-tracker.org\/nb\/celebrity-eclipse\/\">Celebrity Eclipse<\/a><\/td>\n<td style=\"width: 33.3333%; height: 24px;\">9404314<\/td>\n<td style=\"width: 33.3333%; height: 24px;\">249666000<\/td>\n<\/tr>\n<tr style=\"height: 24px;\">\n<td style=\"width: 33.3333%; height: 24px;\"><a href=\"https:\/\/ship-tracker.org\/nb\/celebrity-infinity\/\">Kjendis Infinity<\/a><\/td>\n<td style=\"width: 33.3333%; height: 24px;\">9189421<\/td>\n<td style=\"width: 33.3333%; height: 24px;\">249048000<\/td>\n<\/tr>\n<tr style=\"height: 24px;\">\n<td style=\"width: 33.3333%; height: 24px;\"><a href=\"https:\/\/ship-tracker.org\/nb\/celebrity-solstice\/\">Kjendissolverv<\/a><\/td>\n<td style=\"width: 33.3333%; height: 24px;\">9362530<\/td>\n<td style=\"width: 33.3333%; height: 24px;\">249409000<\/td>\n<\/tr>\n<tr class=\"alt\" style=\"height: 24px;\">\n<td style=\"width: 33.3333%; height: 24px;\"><a href=\"https:\/\/ship-tracker.org\/nb\/celebrity-reflection\/\">Kjendisrefleksjon<\/a><\/td>\n<td style=\"width: 33.3333%; height: 24px;\">9506459<\/td>\n<td style=\"width: 33.3333%; height: 24px;\">229074000<\/td>\n<\/tr>\n<tr style=\"height: 24px;\">\n<td style=\"width: 33.3333%; height: 24px;\"><a href=\"https:\/\/ship-tracker.org\/nb\/celebrity-summit\/\">Kjendistoppm\u00f8te<\/a><\/td>\n<td style=\"width: 33.3333%; height: 24px;\">9192387<\/td>\n<td style=\"width: 33.3333%; height: 24px;\">249047000<\/td>\n<\/tr>\n<tr style=\"height: 24px;\">\n<td style=\"width: 33.3333%; height: 24px;\"><a href=\"https:\/\/ship-tracker.org\/nb\/celebrity-equinox\/\">Kjendisjevnd\u00f8gn<\/a><\/td>\n<td style=\"width: 33.3333%; height: 24px;\">9372456<\/td>\n<td style=\"width: 33.3333%; height: 24px;\">249667000<\/td>\n<\/tr>\n<tr style=\"height: 24px;\">\n<td style=\"width: 33.3333%; height: 24px;\"><a href=\"https:\/\/ship-tracker.org\/nb\/celebrity-constellation\/\">Kjendiskonstellasjon<\/a><\/td>\n<td style=\"width: 33.3333%; height: 24px;\">9192399<\/td>\n<td style=\"width: 33.3333%; height: 24px;\">249046000<\/td>\n<\/tr>\n<tr style=\"height: 24px;\">\n<td style=\"width: 33.3333%; height: 24px;\"><a href=\"https:\/\/ship-tracker.org\/nb\/celebrity-xpedition\/\">Celebrity Xpedition<\/a><\/td>\n<td style=\"width: 33.3333%; height: 24px;\">9228368<\/td>\n<td style=\"width: 33.3333%; height: 24px;\">735023483<\/td>\n<\/tr>\n<tr>\n<td style=\"width: 33.3333%;\"><a href=\"https:\/\/ship-tracker.org\/nb\/celebrity-beyond\/\">Celebrity Beyond<\/a><\/td>\n<td style=\"width: 33.3333%;\">9838395<\/td>\n<td style=\"width: 33.3333%;\">215808000<\/td>\n<\/tr>\n<tr>\n<td style=\"width: 33.3333%;\"><a href=\"https:\/\/ship-tracker.org\/nb\/celebrity-ascent\/\">Celebrity Ascent<\/a><\/td>\n<td style=\"width: 33.3333%;\">2023<\/td>\n<td style=\"width: 33.3333%;\"><\/td>\n<\/tr>\n<\/tbody>\n<\/table>\n<h2>Om Celebrity Cruises<\/h2>\n<p>Celebrity Cruises st\u00e5r for luksus og service av de beste \u2013 det er det det eksklusive rederiet Celebrity Cruises st\u00e5r for. Celebrity Cruises ble grunnlagt i 1989 av den greske &quot;Chandris Group&quot;, og fusjonerte med Royel Caribbean International i 1997. Siden da har Celebrity Cruises jevnt og trutt utviklet seg til et av de mest popul\u00e6re cruiseselskapene. Gjestenes velv\u00e6re er en topp prioritet for Celebrity Cruises og er alltid i forgrunnen. Et forhold mellom gjester og ansatte p\u00e5 2:1 gj\u00f8r det mulig for hver passasjer \u00e5 nyte f\u00f8rsteklasses service og garanterer at ingen \u00f8nsker forblir uoppfylt. Hytteservice og for suitene til og med en butlerservice st\u00e5r for h\u00f8yeste luksus, noe som gj\u00f8r at gjestene kan nyte m\u00e5ltider og drikke selv i den helt private atmosf\u00e6ren p\u00e5 hytta eller balkongen.<\/p>\n<p>Celebrity Cruises tilbyr et unikt underholdningsprogram i en klasse for seg. Konserter, teaterforestillinger og liveshow vil garantert ikke kjede noen. Broadway-show og prisbel\u00f8nte sirkusshow er faste gjester om bord p\u00e5 Celebrity Cruises. Men ogs\u00e5 aktive og kreative passasjerer f\u00e5r valuta for pengene, for workshops om temaer som smykker, maling, dans eller vin er ogs\u00e5 en del av det mangfoldige programmet til Celebrity Cruises. De som er interessert i kunst vil garantert nyte galleriet og kunststudioet om bord p\u00e5 skipene.<\/p>\n<p>Skipene til Celebrity Cruises tilbyr passasjerene et moderne utstyrt treningsstudio samt muligheten til \u00e5 delta p\u00e5 forskjellige kurs som aerobic, pilates, spinning og yoga. For cruise i Europa, Australia og Karibia kan gjestene ogs\u00e5 bestille aktive utflukter som kanopadling, stand-up padling eller hydrosykling.<\/p>","protected":false},"excerpt":{"rendered":"<p>Celebrity Cruises Fleet Plassering Skip, IMO-nummer, MMSI, Webkameraer Hvor er den n\u00e5v\u00e6rende posisjonen til Celebrity Cruises Fleet for tiden? Send IMO kjendisapex 9838383 215105000 kjendisflora 9837925 735059945 Celebrity Edge 9812705 248325000 Celebrity Silhouette 9451094 00499n Mill 5000 Celebrity Eclipse 9404314 249666000 Celebrity Infinity 9189421 249048000 Celebrity Solstice 9362530 249409000 Celebrity...&nbsp;<a href=\"https:\/\/ship-tracker.org\/nb\/celebrity-cruises\/\" rel=\"bookmark\">Les mer \u00bb<span class=\"screen-reader-text\">Kjendiscruise<\/span><\/a><\/p>","protected":false},"author":1,"featured_media":2071,"parent":0,"menu_order":0,"comment_status":"closed","ping_status":"closed","template":"","meta":{"neve_meta_sidebar":"","neve_meta_container":"","neve_meta_enable_content_width":"","neve_meta_content_width":0,"neve_meta_title_alignment":"","neve_meta_author_avatar":"","neve_post_elements_order":"","neve_meta_disable_header":"","neve_meta_disable_footer":"","neve_meta_disable_title":"","neve_meta_reading_time":"","footnotes":""},"class_list":["post-2070","page","type-page","status-publish","has-post-thumbnail","hentry"],"yoast_head":"<!-- This site is optimized with the Yoast SEO plugin v27.4 - https:\/\/yoast.com\/product\/yoast-seo-wordpress\/ -->\n<title>Track Celebrity Cruises Fleet | Cruise Ships | Marine Vessel<\/title>\n<meta name=\"description\" content=\"Celebrity Cruises Fleet Location | Current Positions of Celebrity Cruises Ships, IMO numbers, MMSI, Webcam | Live Fleet Maps | Ship Tracker\" \/>\n<meta name=\"robots\" content=\"index, follow, max-snippet:-1, max-image-preview:large, max-video-preview:-1\" \/>\n<link rel=\"canonical\" href=\"https:\/\/ship-tracker.org\/nb\/celebrity-cruises\/\" \/>\n<meta property=\"og:locale\" content=\"nb_NO\" \/>\n<meta property=\"og:type\" content=\"article\" \/>\n<meta property=\"og:title\" content=\"Track Celebrity Cruises Fleet | Cruise Ships | Marine Vessel\" \/>\n<meta property=\"og:description\" content=\"Celebrity Cruises Fleet Location | Current Positions of Celebrity Cruises Ships, IMO numbers, MMSI, Webcam | Live Fleet Maps | Ship Tracker\" \/>\n<meta property=\"og:url\" content=\"https:\/\/ship-tracker.org\/nb\/celebrity-cruises\/\" \/>\n<meta property=\"og:site_name\" content=\"Ship-tracker.org\" \/>\n<meta property=\"article:modified_time\" content=\"2022-11-01T12:22:27+00:00\" \/>\n<meta property=\"og:image\" content=\"https:\/\/ship-tracker.org\/wp-content\/uploads\/2020\/04\/celebrity-cruises.jpg\" \/>\n\t<meta property=\"og:image:width\" content=\"400\" \/>\n\t<meta property=\"og:image:height\" content=\"281\" \/>\n\t<meta property=\"og:image:type\" content=\"image\/jpeg\" \/>\n<meta name=\"twitter:card\" content=\"summary_large_image\" \/>\n<meta name=\"twitter:label1\" content=\"Ansl. lesetid\" \/>\n\t<meta name=\"twitter:data1\" content=\"2 minutter\" \/>\n<script type=\"application\/ld+json\" class=\"yoast-schema-graph\">{\"@context\":\"https:\\\/\\\/schema.org\",\"@graph\":[{\"@type\":\"WebPage\",\"@id\":\"https:\\\/\\\/ship-tracker.org\\\/celebrity-cruises\\\/\",\"url\":\"https:\\\/\\\/ship-tracker.org\\\/celebrity-cruises\\\/\",\"name\":\"Track Celebrity Cruises Fleet | Cruise Ships | Marine Vessel\",\"isPartOf\":{\"@id\":\"https:\\\/\\\/ship-tracker.org\\\/#website\"},\"primaryImageOfPage\":{\"@id\":\"https:\\\/\\\/ship-tracker.org\\\/celebrity-cruises\\\/#primaryimage\"},\"image\":{\"@id\":\"https:\\\/\\\/ship-tracker.org\\\/celebrity-cruises\\\/#primaryimage\"},\"thumbnailUrl\":\"https:\\\/\\\/ship-tracker.org\\\/wp-content\\\/uploads\\\/2020\\\/04\\\/celebrity-cruises.jpg\",\"datePublished\":\"2020-04-29T12:35:01+00:00\",\"dateModified\":\"2022-11-01T12:22:27+00:00\",\"description\":\"Celebrity Cruises Fleet Location | Current Positions of Celebrity Cruises Ships, IMO numbers, MMSI, Webcam | Live Fleet Maps | Ship Tracker\",\"breadcrumb\":{\"@id\":\"https:\\\/\\\/ship-tracker.org\\\/celebrity-cruises\\\/#breadcrumb\"},\"inLanguage\":\"nb-NO\",\"potentialAction\":[{\"@type\":\"ReadAction\",\"target\":[\"https:\\\/\\\/ship-tracker.org\\\/celebrity-cruises\\\/\"]}]},{\"@type\":\"ImageObject\",\"inLanguage\":\"nb-NO\",\"@id\":\"https:\\\/\\\/ship-tracker.org\\\/celebrity-cruises\\\/#primaryimage\",\"url\":\"https:\\\/\\\/ship-tracker.org\\\/wp-content\\\/uploads\\\/2020\\\/04\\\/celebrity-cruises.jpg\",\"contentUrl\":\"https:\\\/\\\/ship-tracker.org\\\/wp-content\\\/uploads\\\/2020\\\/04\\\/celebrity-cruises.jpg\",\"width\":400,\"height\":281,\"caption\":\"Celebrity Cruises\"},{\"@type\":\"BreadcrumbList\",\"@id\":\"https:\\\/\\\/ship-tracker.org\\\/celebrity-cruises\\\/#breadcrumb\",\"itemListElement\":[{\"@type\":\"ListItem\",\"position\":1,\"name\":\"Startseite\",\"item\":\"https:\\\/\\\/ship-tracker.org\\\/\"},{\"@type\":\"ListItem\",\"position\":2,\"name\":\"Celebrity Cruises\"}]},{\"@type\":\"WebSite\",\"@id\":\"https:\\\/\\\/ship-tracker.org\\\/#website\",\"url\":\"https:\\\/\\\/ship-tracker.org\\\/\",\"name\":\"Ship-tracker.org\",\"description\":\"\",\"potentialAction\":[{\"@type\":\"SearchAction\",\"target\":{\"@type\":\"EntryPoint\",\"urlTemplate\":\"https:\\\/\\\/ship-tracker.org\\\/?s={search_term_string}\"},\"query-input\":{\"@type\":\"PropertyValueSpecification\",\"valueRequired\":true,\"valueName\":\"search_term_string\"}}],\"inLanguage\":\"nb-NO\"}]}<\/script>\n<!-- \/ Yoast SEO plugin. -->","yoast_head_json":{"title":"Spor Celebrity Cruises Fleet | Cruiseskip | Marine fart\u00f8y","description":"Celebrity Cruises Fleet Plassering | N\u00e5v\u00e6rende posisjoner for kjendiscruiseskip, IMO-nummer, MMSI, webkamera | Live Fleet Maps | Skipssporer","robots":{"index":"index","follow":"follow","max-snippet":"max-snippet:-1","max-image-preview":"max-image-preview:large","max-video-preview":"max-video-preview:-1"},"canonical":"https:\/\/ship-tracker.org\/nb\/celebrity-cruises\/","og_locale":"nb_NO","og_type":"article","og_title":"Track Celebrity Cruises Fleet | Cruise Ships | Marine Vessel","og_description":"Celebrity Cruises Fleet Location | Current Positions of Celebrity Cruises Ships, IMO numbers, MMSI, Webcam | Live Fleet Maps | Ship Tracker","og_url":"https:\/\/ship-tracker.org\/nb\/celebrity-cruises\/","og_site_name":"Ship-tracker.org","article_modified_time":"2022-11-01T12:22:27+00:00","og_image":[{"width":400,"height":281,"url":"https:\/\/ship-tracker.org\/wp-content\/uploads\/2020\/04\/celebrity-cruises.jpg","type":"image\/jpeg"}],"twitter_card":"summary_large_image","twitter_misc":{"Ansl. lesetid":"2 minutter"},"schema":{"@context":"https:\/\/schema.org","@graph":[{"@type":"WebPage","@id":"https:\/\/ship-tracker.org\/celebrity-cruises\/","url":"https:\/\/ship-tracker.org\/celebrity-cruises\/","name":"Spor Celebrity Cruises Fleet | Cruiseskip | Marine fart\u00f8y","isPartOf":{"@id":"https:\/\/ship-tracker.org\/#website"},"primaryImageOfPage":{"@id":"https:\/\/ship-tracker.org\/celebrity-cruises\/#primaryimage"},"image":{"@id":"https:\/\/ship-tracker.org\/celebrity-cruises\/#primaryimage"},"thumbnailUrl":"https:\/\/ship-tracker.org\/wp-content\/uploads\/2020\/04\/celebrity-cruises.jpg","datePublished":"2020-04-29T12:35:01+00:00","dateModified":"2022-11-01T12:22:27+00:00","description":"Celebrity Cruises Fleet Plassering | N\u00e5v\u00e6rende posisjoner for kjendiscruiseskip, IMO-nummer, MMSI, webkamera | Live Fleet Maps | Skipssporer","breadcrumb":{"@id":"https:\/\/ship-tracker.org\/celebrity-cruises\/#breadcrumb"},"inLanguage":"nb-NO","potentialAction":[{"@type":"ReadAction","target":["https:\/\/ship-tracker.org\/celebrity-cruises\/"]}]},{"@type":"ImageObject","inLanguage":"nb-NO","@id":"https:\/\/ship-tracker.org\/celebrity-cruises\/#primaryimage","url":"https:\/\/ship-tracker.org\/wp-content\/uploads\/2020\/04\/celebrity-cruises.jpg","contentUrl":"https:\/\/ship-tracker.org\/wp-content\/uploads\/2020\/04\/celebrity-cruises.jpg","width":400,"height":281,"caption":"Celebrity Cruises"},{"@type":"BreadcrumbList","@id":"https:\/\/ship-tracker.org\/celebrity-cruises\/#breadcrumb","itemListElement":[{"@type":"ListItem","position":1,"name":"Startseite","item":"https:\/\/ship-tracker.org\/"},{"@type":"ListItem","position":2,"name":"Celebrity Cruises"}]},{"@type":"WebSite","@id":"https:\/\/ship-tracker.org\/#website","url":"https:\/\/ship-tracker.org\/","name":"Ship-tracker.org","description":"","potentialAction":[{"@type":"SearchAction","target":{"@type":"EntryPoint","urlTemplate":"https:\/\/ship-tracker.org\/?s={search_term_string}"},"query-input":{"@type":"PropertyValueSpecification","valueRequired":true,"valueName":"search_term_string"}}],"inLanguage":"nb-NO"}]}},"_links":{"self":[{"href":"https:\/\/ship-tracker.org\/nb\/wp-json\/wp\/v2\/pages\/2070","targetHints":{"allow":["GET"]}}],"collection":[{"href":"https:\/\/ship-tracker.org\/nb\/wp-json\/wp\/v2\/pages"}],"about":[{"href":"https:\/\/ship-tracker.org\/nb\/wp-json\/wp\/v2\/types\/page"}],"author":[{"embeddable":true,"href":"https:\/\/ship-tracker.org\/nb\/wp-json\/wp\/v2\/users\/1"}],"replies":[{"embeddable":true,"href":"https:\/\/ship-tracker.org\/nb\/wp-json\/wp\/v2\/comments?post=2070"}],"version-history":[{"count":8,"href":"https:\/\/ship-tracker.org\/nb\/wp-json\/wp\/v2\/pages\/2070\/revisions"}],"predecessor-version":[{"id":3532,"href":"https:\/\/ship-tracker.org\/nb\/wp-json\/wp\/v2\/pages\/2070\/revisions\/3532"}],"wp:featuredmedia":[{"embeddable":true,"href":"https:\/\/ship-tracker.org\/nb\/wp-json\/wp\/v2\/media\/2071"}],"wp:attachment":[{"href":"https:\/\/ship-tracker.org\/nb\/wp-json\/wp\/v2\/media?parent=2070"}],"curies":[{"name":"wp","href":"https:\/\/api.w.org\/{rel}","templated":true}]}}