{"id":2060,"date":"2020-04-29T14:15:55","date_gmt":"2020-04-29T12:15:55","guid":{"rendered":"https:\/\/ship-tracker.org\/?page_id=2060"},"modified":"2023-08-13T02:47:17","modified_gmt":"2023-08-13T00:47:17","slug":"royal-caribbean","status":"publish","type":"page","link":"https:\/\/ship-tracker.org\/nb\/royal-caribbean\/","title":{"rendered":"Royal Caribbean"},"content":{"rendered":"<h2>Royal Caribbean Fleet Plassering Skip, IMO-nummer, MMSI, webkameraer<\/h2>\n<p>Hvor er den n\u00e5v\u00e6rende posisjonen til Royal Caribbean Fleet for \u00f8yeblikket?<\/p>\n<table style=\"border-collapse: collapse; width: 100%; height: 733px;\">\n<tbody>\n<tr style=\"height: 23px;\">\n<td style=\"width: 33.3333%; height: 23px;\"><span style=\"color: #1f405b;\"><strong>Skip<\/strong><\/span><\/td>\n<td style=\"width: 33.3333%; height: 23px;\"><span style=\"color: #1f405b;\"><strong>IMO<\/strong><\/span><\/td>\n<td style=\"width: 33.3333%; height: 23px;\"><span style=\"color: #1f405b;\"><strong>MMSI<\/strong><\/span><\/td>\n<\/tr>\n<tr style=\"height: 24px;\">\n<td style=\"width: 33.3333%; height: 24px;\"><a href=\"https:\/\/ship-tracker.org\/nb\/adventure-of-the-seas\/\">Havets eventyr<\/a><\/td>\n<td style=\"width: 33.3333%; height: 24px;\">9167227<\/td>\n<td style=\"width: 33.3333%; height: 24px;\">311263000<\/td>\n<\/tr>\n<tr style=\"height: 24px;\">\n<td style=\"width: 33.3333%; height: 24px;\"><a href=\"https:\/\/ship-tracker.org\/nb\/allure-of-the-seas\/\">Allure of the Seas<\/a><\/td>\n<td style=\"width: 33.3333%; height: 24px;\">9383948<\/td>\n<td style=\"width: 33.3333%; height: 24px;\">311020700<\/td>\n<\/tr>\n<tr style=\"height: 24px;\">\n<td style=\"width: 33.3333%; height: 24px;\"><a href=\"https:\/\/ship-tracker.org\/nb\/anthem-of-the-seas\/\">Anthem of the Seas<\/a><\/td>\n<td style=\"width: 33.3333%; height: 24px;\">9656101<\/td>\n<td style=\"width: 33.3333%; height: 24px;\">311000274<\/td>\n<\/tr>\n<tr style=\"height: 24px;\">\n<td style=\"width: 33.3333%; height: 24px;\"><a href=\"https:\/\/ship-tracker.org\/nb\/brilliance-of-the-seas\/\">Brilliance of the Seas<\/a><\/td>\n<td style=\"width: 33.3333%; height: 24px;\">9195200<\/td>\n<td style=\"width: 33.3333%; height: 24px;\">311361000<\/td>\n<\/tr>\n<tr style=\"height: 24px;\">\n<td style=\"width: 33.3333%; height: 24px;\"><a href=\"https:\/\/ship-tracker.org\/nb\/enchantment-of-the-seas\/\">Havets fortryllelse<\/a><\/td>\n<td style=\"width: 33.3333%; height: 24px;\">9111802<\/td>\n<td style=\"width: 33.3333%; height: 24px;\">311733000<\/td>\n<\/tr>\n<tr style=\"height: 24px;\">\n<td style=\"width: 33.3333%; height: 24px;\"><a href=\"https:\/\/ship-tracker.org\/nb\/explorer-of-the-seas\/\">Utforsker av havet<\/a><\/td>\n<td style=\"width: 33.3333%; height: 24px;\">9161728<\/td>\n<td style=\"width: 33.3333%; height: 24px;\">311316000<\/td>\n<\/tr>\n<tr style=\"height: 24px;\">\n<td style=\"width: 33.3333%; height: 24px;\"><a href=\"https:\/\/ship-tracker.org\/nb\/freedom-of-the-seas\/\">Havets frihet<\/a><\/td>\n<td style=\"width: 33.3333%; height: 24px;\">9304033<\/td>\n<td style=\"width: 33.3333%; height: 24px;\">309906000<\/td>\n<\/tr>\n<tr style=\"height: 24px;\">\n<td style=\"width: 33.3333%; height: 24px;\"><a href=\"https:\/\/ship-tracker.org\/nb\/grandeur-of-the-seas\/\">Havets storhet<\/a><\/td>\n<td style=\"width: 33.3333%; height: 24px;\">9102978<\/td>\n<td style=\"width: 33.3333%; height: 24px;\">311315000<\/td>\n<\/tr>\n<tr style=\"height: 24px;\">\n<td style=\"width: 33.3333%; height: 24px;\"><a href=\"https:\/\/ship-tracker.org\/nb\/harmony-of-the-seas\/\">Havets harmoni<\/a><\/td>\n<td style=\"width: 33.3333%; height: 24px;\">9682875<\/td>\n<td style=\"width: 33.3333%; height: 24px;\">311000396<\/td>\n<\/tr>\n<tr style=\"height: 24px;\">\n<td style=\"width: 33.3333%; height: 24px;\"><a href=\"https:\/\/ship-tracker.org\/nb\/independence-of-the-seas\/\">Havets uavhengighet<\/a><\/td>\n<td style=\"width: 33.3333%; height: 24px;\">9349681<\/td>\n<td style=\"width: 33.3333%; height: 24px;\">309374000<\/td>\n<\/tr>\n<tr style=\"height: 24px;\">\n<td style=\"width: 33.3333%; height: 24px;\"><a href=\"https:\/\/ship-tracker.org\/nb\/jewel-of-the-seas\/\">Jewel of the Seas<\/a><\/td>\n<td style=\"width: 33.3333%; height: 24px;\">9228356<\/td>\n<td style=\"width: 33.3333%; height: 24px;\">311583000<\/td>\n<\/tr>\n<tr style=\"height: 24px;\">\n<td style=\"width: 33.3333%; height: 24px;\"><a href=\"https:\/\/ship-tracker.org\/nb\/liberty-of-the-seas\/\">Liberty of the Seas<\/a><\/td>\n<td style=\"width: 33.3333%; height: 24px;\">9330032<\/td>\n<td style=\"width: 33.3333%; height: 24px;\">309436000<\/td>\n<\/tr>\n<tr style=\"height: 24px;\">\n<td style=\"width: 33.3333%; height: 24px;\"><a href=\"https:\/\/ship-tracker.org\/nb\/mariner-of-the-seas\/\">Mariner of the Seas<\/a><\/td>\n<td style=\"width: 33.3333%; height: 24px;\">9227510<\/td>\n<td style=\"width: 33.3333%; height: 24px;\">311493000<\/td>\n<\/tr>\n<tr style=\"height: 24px;\">\n<td style=\"width: 33.3333%; height: 24px;\"><a href=\"https:\/\/ship-tracker.org\/nb\/navigator-of-the-seas\/\">Navigator of the Seas<\/a><\/td>\n<td style=\"width: 33.3333%; height: 24px;\">9227508<\/td>\n<td style=\"width: 33.3333%; height: 24px;\">311478000<\/td>\n<\/tr>\n<tr style=\"height: 24px;\">\n<td style=\"width: 33.3333%; height: 24px;\"><a href=\"https:\/\/ship-tracker.org\/nb\/oasis-of-the-seas\/\">Oase of the Seas<\/a><\/td>\n<td style=\"width: 33.3333%; height: 24px;\">9383936<\/td>\n<td style=\"width: 33.3333%; height: 24px;\">311020600<\/td>\n<\/tr>\n<tr style=\"height: 24px;\">\n<td style=\"width: 33.3333%; height: 24px;\"><a href=\"https:\/\/ship-tracker.org\/nb\/ovation-of-the-seas\/\">Ovasjon av havet<\/a><\/td>\n<td style=\"width: 33.3333%; height: 24px;\">9697753<\/td>\n<td style=\"width: 33.3333%; height: 24px;\">311000397<\/td>\n<\/tr>\n<tr style=\"height: 24px;\">\n<td style=\"width: 33.3333%; height: 24px;\"><a href=\"https:\/\/ship-tracker.org\/nb\/quantum-of-the-seas\/\">Quantum of the Seas<\/a><\/td>\n<td style=\"width: 33.3333%; height: 24px;\">9549463<\/td>\n<td style=\"width: 33.3333%; height: 24px;\">311000267<\/td>\n<\/tr>\n<tr style=\"height: 24px;\">\n<td style=\"width: 33.3333%; height: 24px;\"><a href=\"https:\/\/ship-tracker.org\/nb\/radiance-of-the-seas\/\">Havets utstr\u00e5ling<\/a><\/td>\n<td style=\"width: 33.3333%; height: 24px;\">9195195<\/td>\n<td style=\"width: 33.3333%; height: 24px;\">311319000<\/td>\n<\/tr>\n<tr style=\"height: 24px;\">\n<td style=\"width: 33.3333%; height: 24px;\"><a href=\"https:\/\/ship-tracker.org\/nb\/rhapsody-of-the-seas\/\">Rhapsody of the Seas<\/a><\/td>\n<td style=\"width: 33.3333%; height: 24px;\">9116864<\/td>\n<td style=\"width: 33.3333%; height: 24px;\">311805000<\/td>\n<\/tr>\n<tr style=\"height: 24px;\">\n<td style=\"width: 33.3333%; height: 24px;\"><a href=\"https:\/\/ship-tracker.org\/nb\/serenade-of-the-seas\/\">Serenade of the Seas<\/a><\/td>\n<td style=\"width: 33.3333%; height: 24px;\">9228344<\/td>\n<td style=\"width: 33.3333%; height: 24px;\">311492000<\/td>\n<\/tr>\n<tr style=\"height: 24px;\">\n<td style=\"width: 33.3333%; height: 24px;\"><a href=\"https:\/\/ship-tracker.org\/nb\/spectrum-of-the-seas\/\">Spektrum av havet<\/a><\/td>\n<td style=\"width: 33.3333%; height: 24px;\">9778856<\/td>\n<td style=\"width: 33.3333%; height: 24px;\">311000749<\/td>\n<\/tr>\n<tr style=\"height: 24px;\">\n<td style=\"width: 33.3333%; height: 24px;\"><a href=\"https:\/\/ship-tracker.org\/nb\/symphony-of-the-seas\/\">Symphony of the Seas<\/a><\/td>\n<td style=\"width: 33.3333%; height: 24px;\">9744001<\/td>\n<td style=\"width: 33.3333%; height: 24px;\">311000660<\/td>\n<\/tr>\n<tr style=\"height: 24px;\">\n<td style=\"width: 33.3333%; height: 24px;\"><a href=\"https:\/\/ship-tracker.org\/nb\/vision-of-the-seas\/\">Visjon av havet<\/a><\/td>\n<td style=\"width: 33.3333%; height: 24px;\">9116876<\/td>\n<td style=\"width: 33.3333%; height: 24px;\">311321000<\/td>\n<\/tr>\n<tr style=\"height: 16px;\">\n<td style=\"width: 33.3333%; height: 16px;\"><a href=\"https:\/\/ship-tracker.org\/nb\/voyager-of-the-seas\/\">Voyager of the Seas<\/a><\/td>\n<td style=\"width: 33.3333%; height: 16px;\">9161716<\/td>\n<td style=\"width: 33.3333%; height: 16px;\">311317000<\/td>\n<\/tr>\n<tr style=\"height: 24px;\">\n<td style=\"width: 33.3333%; height: 24px;\"><a href=\"https:\/\/ship-tracker.org\/nb\/odyssey-of-the-seas\/\">Odyssey of the Seas<\/a><\/td>\n<td style=\"width: 33.3333%; height: 24px;\">9795737<\/td>\n<td style=\"width: 33.3333%; height: 24px;\">311000912<\/td>\n<\/tr>\n<tr style=\"height: 24px;\">\n<td style=\"width: 33.3333%; height: 24px;\"><a href=\"https:\/\/ship-tracker.org\/nb\/wonder-of-the-seas\/\">Wonder Of the Seas<\/a><\/td>\n<td style=\"width: 33.3333%; height: 24px;\">9838345<\/td>\n<td style=\"width: 33.3333%; height: 24px;\">311001033<\/td>\n<\/tr>\n<tr style=\"height: 23px;\">\n<td style=\"width: 33.3333%; height: 23px;\"><a href=\"https:\/\/ship-tracker.org\/nb\/icon-of-the-seas\/\">Ikon av havet<\/a><\/td>\n<td style=\"width: 33.3333%; height: 23px;\">9829930<\/td>\n<td style=\"width: 33.3333%; height: 23px;\">311001178<\/td>\n<\/tr>\n<tr style=\"height: 23px;\">\n<td style=\"width: 33.3333%; height: 23px;\"><a href=\"https:\/\/ship-tracker.org\/nb\/utopia-of-the-seas\/\">Utopia of the Seas<\/a><\/td>\n<td style=\"width: 33.3333%; height: 23px;\"><\/td>\n<td style=\"width: 33.3333%; height: 23px;\"><\/td>\n<\/tr>\n<\/tbody>\n<\/table>\n<h2>Om Royal Caribbean<\/h2>\n<p>Royal Caribbean International er et av de st\u00f8rste globale cruisemerkene, og opererer for tiden 20 skip og to til under bygging. Det som skiller Royal Caribbean fra andre cruiserederier er v\u00e5r filosofi: &quot;The sky is the limit&quot;. Ingenting er umulig for v\u00e5rt rederi. Et levende bevis p\u00e5 dette er aktiviteter om bord, alt fra via ferrata, surfesimulatorer, taubaner, strikk-trampoliner, sk\u00f8ytebaner til rekognoseringsflyvninger med helikopter og sv\u00f8mming med rokker. Du sier bare ordet \u2013 og vi gj\u00f8r det mulig!<\/p>\n<p>V\u00e5re skip er perler av innovativ klasse som bes\u00f8ker nesten alle steder p\u00e5 jorden. Attraktive cruise foreg\u00e5r \u00e5ret rundt i Karibia, Middelhavet og p\u00e5 den meksikanske rivieraen. Sesongcruise til Nord-Europa, S\u00f8r-Amerika, Fjern\u00f8sten og Australia bestilles ogs\u00e5 gjerne og ofte. Royal Caribbean International seiler til de fortryllende Bahamas, robuste Alaska, Mexico, tropiske Hawaii, Canada og New England, legendariske Panama, rike Europa og eksotiske Asia.<\/p>\n<p>Royal Caribbean International er det perfekte valget for familier, par og enkeltpersoner i alle aldre p\u00e5 jakt etter en aktiv ferie og opplevelse. The Gold Anchor Service er et popul\u00e6rt lojalitetsprogram til Royal Caribbean International som bel\u00f8nner lojale medlemmer. Cruiseskipene v\u00e5re er som fritidssentre, underholdningskomplekser, kunstgallerier, flere restauranter og badebyer i ett. Her kan du nyte gourmetmat, f\u00f8rsteklasses underholdning og avslapning i romslige rom og fjellklatring \u2013 alt under ett tak.<\/p>","protected":false},"excerpt":{"rendered":"<p>Royal Caribbean Fleet Plassering Skip, IMO-nummer, MMSI, Webkameraer Hvor er den n\u00e5v\u00e6rende posisjonen til Royal Caribbean Fleet for tiden? Skip IMO Adventure of the Seas 9167227 311263000 Allure of the Seas 9383948 311020700 Anthem of the Seas 9656101 311000274 Brilliance of the Seas 9195200 3001390 av 3001361901 311361 3001301 311360 000 Utforsker av...&nbsp;<a href=\"https:\/\/ship-tracker.org\/nb\/royal-caribbean\/\" rel=\"bookmark\">Les mer \u00bb<span class=\"screen-reader-text\">Royal Caribbean<\/span><\/a><\/p>","protected":false},"author":1,"featured_media":2063,"parent":0,"menu_order":0,"comment_status":"closed","ping_status":"closed","template":"","meta":{"neve_meta_sidebar":"","neve_meta_container":"","neve_meta_enable_content_width":"off","neve_meta_content_width":100,"neve_meta_title_alignment":"","neve_meta_author_avatar":"","neve_post_elements_order":"","neve_meta_disable_header":"","neve_meta_disable_footer":"","neve_meta_disable_title":"","neve_meta_reading_time":"","footnotes":""},"class_list":["post-2060","page","type-page","status-publish","has-post-thumbnail","hentry"],"yoast_head":"<!-- This site is optimized with the Yoast SEO plugin v27.4 - https:\/\/yoast.com\/product\/yoast-seo-wordpress\/ -->\n<title>Track Royal Caribbean Fleet | Cruise Ships | Marine Vessel<\/title>\n<meta name=\"description\" content=\"Royal Caribbean Fleet Location | Current Positions of Royal Caribbean Ships, IMO numbers, MMSI, Webcam | Live Fleet Maps | Live Ship Tracker\" \/>\n<meta name=\"robots\" content=\"index, follow, max-snippet:-1, max-image-preview:large, max-video-preview:-1\" \/>\n<link rel=\"canonical\" href=\"https:\/\/ship-tracker.org\/nb\/royal-caribbean\/\" \/>\n<meta property=\"og:locale\" content=\"nb_NO\" \/>\n<meta property=\"og:type\" content=\"article\" \/>\n<meta property=\"og:title\" content=\"Track Royal Caribbean Fleet | Cruise Ships | Marine Vessel\" \/>\n<meta property=\"og:description\" content=\"Royal Caribbean Fleet Location | Current Positions of Royal Caribbean Ships, IMO numbers, MMSI, Webcam | Live Fleet Maps | Live Ship Tracker\" \/>\n<meta property=\"og:url\" content=\"https:\/\/ship-tracker.org\/nb\/royal-caribbean\/\" \/>\n<meta property=\"og:site_name\" content=\"Ship-tracker.org\" \/>\n<meta property=\"article:modified_time\" content=\"2023-08-13T00:47:17+00:00\" \/>\n<meta property=\"og:image\" content=\"https:\/\/ship-tracker.org\/wp-content\/uploads\/2020\/04\/rcl-web.jpg\" \/>\n\t<meta property=\"og:image:width\" content=\"1000\" \/>\n\t<meta property=\"og:image:height\" content=\"682\" \/>\n\t<meta property=\"og:image:type\" content=\"image\/jpeg\" \/>\n<meta name=\"twitter:card\" content=\"summary_large_image\" \/>\n<meta name=\"twitter:label1\" content=\"Ansl. lesetid\" \/>\n\t<meta name=\"twitter:data1\" content=\"2 minutter\" \/>\n<script type=\"application\/ld+json\" class=\"yoast-schema-graph\">{\"@context\":\"https:\\\/\\\/schema.org\",\"@graph\":[{\"@type\":\"WebPage\",\"@id\":\"https:\\\/\\\/ship-tracker.org\\\/royal-caribbean\\\/\",\"url\":\"https:\\\/\\\/ship-tracker.org\\\/royal-caribbean\\\/\",\"name\":\"Track Royal Caribbean Fleet | Cruise Ships | Marine Vessel\",\"isPartOf\":{\"@id\":\"https:\\\/\\\/ship-tracker.org\\\/#website\"},\"primaryImageOfPage\":{\"@id\":\"https:\\\/\\\/ship-tracker.org\\\/royal-caribbean\\\/#primaryimage\"},\"image\":{\"@id\":\"https:\\\/\\\/ship-tracker.org\\\/royal-caribbean\\\/#primaryimage\"},\"thumbnailUrl\":\"https:\\\/\\\/ship-tracker.org\\\/wp-content\\\/uploads\\\/2020\\\/04\\\/rcl-web.jpg\",\"datePublished\":\"2020-04-29T12:15:55+00:00\",\"dateModified\":\"2023-08-13T00:47:17+00:00\",\"description\":\"Royal Caribbean Fleet Location | Current Positions of Royal Caribbean Ships, IMO numbers, MMSI, Webcam | Live Fleet Maps | Live Ship Tracker\",\"breadcrumb\":{\"@id\":\"https:\\\/\\\/ship-tracker.org\\\/royal-caribbean\\\/#breadcrumb\"},\"inLanguage\":\"nb-NO\",\"potentialAction\":[{\"@type\":\"ReadAction\",\"target\":[\"https:\\\/\\\/ship-tracker.org\\\/royal-caribbean\\\/\"]}]},{\"@type\":\"ImageObject\",\"inLanguage\":\"nb-NO\",\"@id\":\"https:\\\/\\\/ship-tracker.org\\\/royal-caribbean\\\/#primaryimage\",\"url\":\"https:\\\/\\\/ship-tracker.org\\\/wp-content\\\/uploads\\\/2020\\\/04\\\/rcl-web.jpg\",\"contentUrl\":\"https:\\\/\\\/ship-tracker.org\\\/wp-content\\\/uploads\\\/2020\\\/04\\\/rcl-web.jpg\",\"width\":1000,\"height\":682,\"caption\":\"Royal Caribbean\"},{\"@type\":\"BreadcrumbList\",\"@id\":\"https:\\\/\\\/ship-tracker.org\\\/royal-caribbean\\\/#breadcrumb\",\"itemListElement\":[{\"@type\":\"ListItem\",\"position\":1,\"name\":\"Startseite\",\"item\":\"https:\\\/\\\/ship-tracker.org\\\/\"},{\"@type\":\"ListItem\",\"position\":2,\"name\":\"Royal Caribbean\"}]},{\"@type\":\"WebSite\",\"@id\":\"https:\\\/\\\/ship-tracker.org\\\/#website\",\"url\":\"https:\\\/\\\/ship-tracker.org\\\/\",\"name\":\"Ship-tracker.org\",\"description\":\"\",\"potentialAction\":[{\"@type\":\"SearchAction\",\"target\":{\"@type\":\"EntryPoint\",\"urlTemplate\":\"https:\\\/\\\/ship-tracker.org\\\/?s={search_term_string}\"},\"query-input\":{\"@type\":\"PropertyValueSpecification\",\"valueRequired\":true,\"valueName\":\"search_term_string\"}}],\"inLanguage\":\"nb-NO\"}]}<\/script>\n<!-- \/ Yoast SEO plugin. -->","yoast_head_json":{"title":"Spor Royal Caribbean Fleet | Cruiseskip | Marine fart\u00f8y","description":"Royal Caribbean Fleet Plassering | N\u00e5v\u00e6rende posisjoner til Royal Caribbean Ships, IMO-nummer, MMSI, webkamera | Live Fleet Maps | Live Ship Tracker","robots":{"index":"index","follow":"follow","max-snippet":"max-snippet:-1","max-image-preview":"max-image-preview:large","max-video-preview":"max-video-preview:-1"},"canonical":"https:\/\/ship-tracker.org\/nb\/royal-caribbean\/","og_locale":"nb_NO","og_type":"article","og_title":"Track Royal Caribbean Fleet | Cruise Ships | Marine Vessel","og_description":"Royal Caribbean Fleet Location | Current Positions of Royal Caribbean Ships, IMO numbers, MMSI, Webcam | Live Fleet Maps | Live Ship Tracker","og_url":"https:\/\/ship-tracker.org\/nb\/royal-caribbean\/","og_site_name":"Ship-tracker.org","article_modified_time":"2023-08-13T00:47:17+00:00","og_image":[{"width":1000,"height":682,"url":"https:\/\/ship-tracker.org\/wp-content\/uploads\/2020\/04\/rcl-web.jpg","type":"image\/jpeg"}],"twitter_card":"summary_large_image","twitter_misc":{"Ansl. lesetid":"2 minutter"},"schema":{"@context":"https:\/\/schema.org","@graph":[{"@type":"WebPage","@id":"https:\/\/ship-tracker.org\/royal-caribbean\/","url":"https:\/\/ship-tracker.org\/royal-caribbean\/","name":"Spor Royal Caribbean Fleet | Cruiseskip | Marine fart\u00f8y","isPartOf":{"@id":"https:\/\/ship-tracker.org\/#website"},"primaryImageOfPage":{"@id":"https:\/\/ship-tracker.org\/royal-caribbean\/#primaryimage"},"image":{"@id":"https:\/\/ship-tracker.org\/royal-caribbean\/#primaryimage"},"thumbnailUrl":"https:\/\/ship-tracker.org\/wp-content\/uploads\/2020\/04\/rcl-web.jpg","datePublished":"2020-04-29T12:15:55+00:00","dateModified":"2023-08-13T00:47:17+00:00","description":"Royal Caribbean Fleet Plassering | N\u00e5v\u00e6rende posisjoner til Royal Caribbean Ships, IMO-nummer, MMSI, webkamera | Live Fleet Maps | Live Ship Tracker","breadcrumb":{"@id":"https:\/\/ship-tracker.org\/royal-caribbean\/#breadcrumb"},"inLanguage":"nb-NO","potentialAction":[{"@type":"ReadAction","target":["https:\/\/ship-tracker.org\/royal-caribbean\/"]}]},{"@type":"ImageObject","inLanguage":"nb-NO","@id":"https:\/\/ship-tracker.org\/royal-caribbean\/#primaryimage","url":"https:\/\/ship-tracker.org\/wp-content\/uploads\/2020\/04\/rcl-web.jpg","contentUrl":"https:\/\/ship-tracker.org\/wp-content\/uploads\/2020\/04\/rcl-web.jpg","width":1000,"height":682,"caption":"Royal Caribbean"},{"@type":"BreadcrumbList","@id":"https:\/\/ship-tracker.org\/royal-caribbean\/#breadcrumb","itemListElement":[{"@type":"ListItem","position":1,"name":"Startseite","item":"https:\/\/ship-tracker.org\/"},{"@type":"ListItem","position":2,"name":"Royal Caribbean"}]},{"@type":"WebSite","@id":"https:\/\/ship-tracker.org\/#website","url":"https:\/\/ship-tracker.org\/","name":"Ship-tracker.org","description":"","potentialAction":[{"@type":"SearchAction","target":{"@type":"EntryPoint","urlTemplate":"https:\/\/ship-tracker.org\/?s={search_term_string}"},"query-input":{"@type":"PropertyValueSpecification","valueRequired":true,"valueName":"search_term_string"}}],"inLanguage":"nb-NO"}]}},"_links":{"self":[{"href":"https:\/\/ship-tracker.org\/nb\/wp-json\/wp\/v2\/pages\/2060","targetHints":{"allow":["GET"]}}],"collection":[{"href":"https:\/\/ship-tracker.org\/nb\/wp-json\/wp\/v2\/pages"}],"about":[{"href":"https:\/\/ship-tracker.org\/nb\/wp-json\/wp\/v2\/types\/page"}],"author":[{"embeddable":true,"href":"https:\/\/ship-tracker.org\/nb\/wp-json\/wp\/v2\/users\/1"}],"replies":[{"embeddable":true,"href":"https:\/\/ship-tracker.org\/nb\/wp-json\/wp\/v2\/comments?post=2060"}],"version-history":[{"count":10,"href":"https:\/\/ship-tracker.org\/nb\/wp-json\/wp\/v2\/pages\/2060\/revisions"}],"predecessor-version":[{"id":2952,"href":"https:\/\/ship-tracker.org\/nb\/wp-json\/wp\/v2\/pages\/2060\/revisions\/2952"}],"wp:featuredmedia":[{"embeddable":true,"href":"https:\/\/ship-tracker.org\/nb\/wp-json\/wp\/v2\/media\/2063"}],"wp:attachment":[{"href":"https:\/\/ship-tracker.org\/nb\/wp-json\/wp\/v2\/media?parent=2060"}],"curies":[{"name":"wp","href":"https:\/\/api.w.org\/{rel}","templated":true}]}}