{"id":2056,"date":"2020-04-29T14:29:44","date_gmt":"2020-04-29T12:29:44","guid":{"rendered":"https:\/\/ship-tracker.org\/?page_id=2056"},"modified":"2022-10-27T16:00:27","modified_gmt":"2022-10-27T14:00:27","slug":"hurtigruten","status":"publish","type":"page","link":"https:\/\/ship-tracker.org\/nb\/hurtigruten\/","title":{"rendered":"Hurtigruten"},"content":{"rendered":"<h2>Hurtigruten Fleet Location Skip, IMO-nummer, MMSI, Webkameraer<\/h2>\n<p>Hvor er den n\u00e5v\u00e6rende posisjonen til Hurtigruten Fleet n\u00e5?<\/p>\n<table style=\"border-collapse: collapse; width: 100%; height: 384px;\">\n<tbody>\n<tr style=\"height: 24px;\">\n<td style=\"width: 33.3333%; height: 24px;\"><span style=\"color: #1f405b;\"><strong>Skip<\/strong><\/span><\/td>\n<td style=\"width: 33.3333%; height: 24px;\"><span style=\"color: #1f405b;\"><strong>IMO<\/strong><\/span><\/td>\n<td style=\"width: 33.3333%; height: 24px;\"><span style=\"color: #1f405b;\"><strong>MMSI<\/strong><\/span><\/td>\n<\/tr>\n<tr style=\"height: 24px;\">\n<td style=\"width: 33.3333%; height: 24px;\"><a href=\"https:\/\/ship-tracker.org\/nb\/ms-lofoten\/\">MS Lofoten<\/a><\/td>\n<td style=\"width: 33.3333%; height: 24px;\">5424562<\/td>\n<td style=\"width: 33.3333%; height: 24px;\">258477000<\/td>\n<\/tr>\n<tr style=\"height: 24px;\">\n<td style=\"width: 33.3333%; height: 24px;\"><a href=\"https:\/\/ship-tracker.org\/nb\/ms-fridtjof-nansen\/\">MS Fridtjof Nansen<\/a><\/td>\n<td style=\"width: 33.3333%; height: 24px;\">9813084<\/td>\n<td style=\"width: 33.3333%; height: 24px;\">257088070<\/td>\n<\/tr>\n<tr style=\"height: 24px;\">\n<td style=\"width: 33.3333%; height: 24px;\"><a href=\"https:\/\/ship-tracker.org\/nb\/ms-roald-amundsen\/\">MS Roald Amundsen<\/a><\/td>\n<td style=\"width: 33.3333%; height: 24px;\">9813072<\/td>\n<td style=\"width: 33.3333%; height: 24px;\">257425000<\/td>\n<\/tr>\n<tr style=\"height: 24px;\">\n<td style=\"width: 33.3333%; height: 24px;\"><a href=\"https:\/\/ship-tracker.org\/nb\/ms-spitsbergen\/\">MS Spitsbergen<\/a><\/td>\n<td style=\"width: 33.3333%; height: 24px;\">9434060<\/td>\n<td style=\"width: 33.3333%; height: 24px;\">258157000<\/td>\n<\/tr>\n<tr style=\"height: 24px;\">\n<td style=\"width: 33.3333%; height: 24px;\"><a href=\"https:\/\/ship-tracker.org\/nb\/ms-fram\/\">MS Fram<\/a><\/td>\n<td style=\"width: 33.3333%; height: 24px;\">9370018<\/td>\n<td style=\"width: 33.3333%; height: 24px;\">258932000<\/td>\n<\/tr>\n<tr style=\"height: 24px;\">\n<td style=\"width: 33.3333%; height: 24px;\"><a href=\"https:\/\/ship-tracker.org\/nb\/ms-midnatsol\/\">MS Midnatsol<\/a><\/td>\n<td style=\"width: 33.3333%; height: 24px;\">9247728<\/td>\n<td style=\"width: 33.3333%; height: 24px;\">258595000<\/td>\n<\/tr>\n<tr style=\"height: 24px;\">\n<td style=\"width: 33.3333%; height: 24px;\"><a href=\"https:\/\/ship-tracker.org\/nb\/ms-trollfjord\/\">MS Trollfjord<\/a><\/td>\n<td style=\"width: 33.3333%; height: 24px;\">9233258<\/td>\n<td style=\"width: 33.3333%; height: 24px;\">258465000<\/td>\n<\/tr>\n<tr style=\"height: 24px;\">\n<td style=\"width: 33.3333%; height: 24px;\"><a href=\"https:\/\/ship-tracker.org\/nb\/ms-nordnorge\/\">MS Nordnorge<\/a><\/td>\n<td style=\"width: 33.3333%; height: 24px;\">9107784<\/td>\n<td style=\"width: 33.3333%; height: 24px;\">259371000<\/td>\n<\/tr>\n<tr style=\"height: 24px;\">\n<td style=\"width: 33.3333%; height: 24px;\"><a href=\"https:\/\/ship-tracker.org\/nb\/ms-polarlys\/\">MS Polarlys<\/a><\/td>\n<td style=\"width: 33.3333%; height: 24px;\">9107796<\/td>\n<td style=\"width: 33.3333%; height: 24px;\">259322000<\/td>\n<\/tr>\n<tr style=\"height: 24px;\">\n<td style=\"width: 33.3333%; height: 24px;\"><a href=\"https:\/\/ship-tracker.org\/nb\/ms-nordkapp\/\">MS Nordkapp<\/a><\/td>\n<td style=\"width: 33.3333%; height: 24px;\">9107772<\/td>\n<td style=\"width: 33.3333%; height: 24px;\">259330000<\/td>\n<\/tr>\n<tr style=\"height: 24px;\">\n<td style=\"width: 33.3333%; height: 24px;\"><a href=\"https:\/\/ship-tracker.org\/nb\/ms-nordlys\/\">MS Nordlys<\/a><\/td>\n<td style=\"width: 33.3333%; height: 24px;\">9048914<\/td>\n<td style=\"width: 33.3333%; height: 24px;\">259139000<\/td>\n<\/tr>\n<tr style=\"height: 24px;\">\n<td style=\"width: 33.3333%; height: 24px;\"><a href=\"https:\/\/ship-tracker.org\/nb\/ms-richard-with\/\">MS Richard With<\/a><\/td>\n<td style=\"width: 33.3333%; height: 24px;\">9040429<\/td>\n<td style=\"width: 33.3333%; height: 24px;\">258500000<\/td>\n<\/tr>\n<tr style=\"height: 24px;\">\n<td style=\"width: 33.3333%; height: 24px;\"><a href=\"https:\/\/ship-tracker.org\/nb\/ms-kong-harald\/\">MS Kong Harald<\/a><\/td>\n<td style=\"width: 33.3333%; height: 24px;\">9039119<\/td>\n<td style=\"width: 33.3333%; height: 24px;\">257200000<\/td>\n<\/tr>\n<tr style=\"height: 24px;\">\n<td style=\"width: 33.3333%; height: 24px;\"><a href=\"https:\/\/ship-tracker.org\/nb\/ms-vesteralen\/\">MS Vesteralen<\/a><\/td>\n<td style=\"width: 33.3333%; height: 24px;\">8019368<\/td>\n<td style=\"width: 33.3333%; height: 24px;\">258478000<\/td>\n<\/tr>\n<tr style=\"height: 24px;\">\n<td style=\"width: 33.3333%; height: 24px;\"><a href=\"https:\/\/ship-tracker.org\/nb\/ms-lofoten\/\">MS Lofoten<\/a><\/td>\n<td style=\"width: 33.3333%; height: 24px;\">5424562<\/td>\n<td style=\"width: 33.3333%; height: 24px;\">258477000<\/td>\n<\/tr>\n<\/tbody>\n<\/table>\n<h2>Om Hurtigruten<\/h2>\n<p>Hurtigruten er et av f\u00e5 rederier som tar deg med til eventyret om norske fjorder og Nordkapp \u00e5ret rundt. Enkelte hurtigruteskip tilbyr muligheten til \u00e5 frakte mennesker og biler fra s\u00f8r og opp til nordenden av Norge og tilbyr samtidig all komfort du forventer p\u00e5 et cruise. I tillegg til de vanlige rederiene og cruisene langs norskekysten, inkluderer v\u00e5re ruter noen av de mest interessante cruiseprogrammene til de fjerneste delene av verden, som Svalbard, Island, Gr\u00f8nland og Antarktis. Hurtigruten beskrives som det \u00abvakreste cruiset i verden\u00bb. Hvis denne beskrivelsen stemmer, b\u00f8r du finne det ut selv.<\/p>\n<p>Hurtigruten er en spesiell opplevelse! Cruiset starter i den gamle hansabyen Bergen og g\u00e5r opp til Kirkenes, like ved grensen til Russland, og deretter tilbake til Bergen. En sj\u00f8reise p\u00e5 12 dager, hvor ikke mindre enn 34 havner bes\u00f8kes p\u00e5 utreisen. P\u00e5 returreisen vil de samme havnene igjen komme til syne, men du vil ankomme havner p\u00e5 dagtid, mens utreisen vil foreg\u00e5 om natten. Det organiseres utflukter fra forskjellige havner.<\/p>\n<p>Hvert skip har sin egen karakter og er utstyrt med alle moderne bekvemmeligheter og komfort for \u00e5 sikre en hyggelig reise. Det er 4 forskjellige typer skip. Du kan velge mellom flere typer lugarer, med mer eller mindre luksus, men du vil oppleve samme kvalitet p\u00e5 alle skip overalt. S\u00e5 du kan nyte deilige buffeer og m\u00e5ltider p\u00e5 alle hurtigrutens skip: kj\u00f8tt og fisk, kaldt og varmt.<\/p>\n<p>&nbsp;<\/p>","protected":false},"excerpt":{"rendered":"<p>Hurtigruten Fleet Plassering Skip, IMO-nummer, MMSI, Webkameraer Hvor er den n\u00e5v\u00e6rende posisjonen til Hurtigruten Fleet for tiden? Skip IMO MS Lofoten 5424562 258477000 MS Fridtjof Nansen 9813084 257088070 MS Roald Amundsen 9813072 257425000 MS Spitsbergen 9434060 2500 MS Fram 8na 9 sol 9247728 258595000 MS Trollfjord 9233258 258465000 MS Nordnorge 9107784 259371000 MS\u2026&nbsp;<a href=\"https:\/\/ship-tracker.org\/nb\/hurtigruten\/\" rel=\"bookmark\">Les mer \u00bb<span class=\"screen-reader-text\">Hurtigruten<\/span><\/a><\/p>","protected":false},"author":1,"featured_media":2057,"parent":0,"menu_order":0,"comment_status":"closed","ping_status":"closed","template":"","meta":{"neve_meta_sidebar":"","neve_meta_container":"","neve_meta_enable_content_width":"","neve_meta_content_width":0,"neve_meta_title_alignment":"","neve_meta_author_avatar":"","neve_post_elements_order":"","neve_meta_disable_header":"","neve_meta_disable_footer":"","neve_meta_disable_title":"","neve_meta_reading_time":"","footnotes":""},"class_list":["post-2056","page","type-page","status-publish","has-post-thumbnail","hentry"],"yoast_head":"<!-- This site is optimized with the Yoast SEO plugin v26.9 - https:\/\/yoast.com\/product\/yoast-seo-wordpress\/ -->\n<title>Track Hurtigruten Fleet | Cruise Ships | Marine Vessel<\/title>\n<meta name=\"description\" content=\"Hurtigruten Fleet Location | Current Positions of Hurtigruten Ships, IMO numbers, MMSI, Webcam | Live Fleet Maps | Live Ship Tracker\" \/>\n<meta name=\"robots\" content=\"index, follow, max-snippet:-1, max-image-preview:large, max-video-preview:-1\" \/>\n<link rel=\"canonical\" href=\"https:\/\/ship-tracker.org\/nb\/hurtigruten\/\" \/>\n<meta property=\"og:locale\" content=\"nb_NO\" \/>\n<meta property=\"og:type\" content=\"article\" \/>\n<meta property=\"og:title\" content=\"Track Hurtigruten Fleet | Cruise Ships | Marine Vessel\" \/>\n<meta property=\"og:description\" content=\"Hurtigruten Fleet Location | Current Positions of Hurtigruten Ships, IMO numbers, MMSI, Webcam | Live Fleet Maps | Live Ship Tracker\" \/>\n<meta property=\"og:url\" content=\"https:\/\/ship-tracker.org\/nb\/hurtigruten\/\" \/>\n<meta property=\"og:site_name\" content=\"Ship-tracker.org\" \/>\n<meta property=\"article:modified_time\" content=\"2022-10-27T14:00:27+00:00\" \/>\n<meta property=\"og:image\" content=\"https:\/\/ship-tracker.org\/wp-content\/uploads\/2020\/04\/hurtigruten-web.jpg\" \/>\n\t<meta property=\"og:image:width\" content=\"1000\" \/>\n\t<meta property=\"og:image:height\" content=\"682\" \/>\n\t<meta property=\"og:image:type\" content=\"image\/jpeg\" \/>\n<meta name=\"twitter:card\" content=\"summary_large_image\" \/>\n<meta name=\"twitter:label1\" content=\"Ansl. lesetid\" \/>\n\t<meta name=\"twitter:data1\" content=\"2 minutter\" \/>\n<script type=\"application\/ld+json\" class=\"yoast-schema-graph\">{\"@context\":\"https:\/\/schema.org\",\"@graph\":[{\"@type\":\"WebPage\",\"@id\":\"https:\/\/ship-tracker.org\/hurtigruten\/\",\"url\":\"https:\/\/ship-tracker.org\/hurtigruten\/\",\"name\":\"Track Hurtigruten Fleet | Cruise Ships | Marine Vessel\",\"isPartOf\":{\"@id\":\"https:\/\/ship-tracker.org\/#website\"},\"primaryImageOfPage\":{\"@id\":\"https:\/\/ship-tracker.org\/hurtigruten\/#primaryimage\"},\"image\":{\"@id\":\"https:\/\/ship-tracker.org\/hurtigruten\/#primaryimage\"},\"thumbnailUrl\":\"https:\/\/ship-tracker.org\/wp-content\/uploads\/2020\/04\/hurtigruten-web.jpg\",\"datePublished\":\"2020-04-29T12:29:44+00:00\",\"dateModified\":\"2022-10-27T14:00:27+00:00\",\"description\":\"Hurtigruten Fleet Location | Current Positions of Hurtigruten Ships, IMO numbers, MMSI, Webcam | Live Fleet Maps | Live Ship Tracker\",\"breadcrumb\":{\"@id\":\"https:\/\/ship-tracker.org\/hurtigruten\/#breadcrumb\"},\"inLanguage\":\"nb-NO\",\"potentialAction\":[{\"@type\":\"ReadAction\",\"target\":[\"https:\/\/ship-tracker.org\/hurtigruten\/\"]}]},{\"@type\":\"ImageObject\",\"inLanguage\":\"nb-NO\",\"@id\":\"https:\/\/ship-tracker.org\/hurtigruten\/#primaryimage\",\"url\":\"https:\/\/ship-tracker.org\/wp-content\/uploads\/2020\/04\/hurtigruten-web.jpg\",\"contentUrl\":\"https:\/\/ship-tracker.org\/wp-content\/uploads\/2020\/04\/hurtigruten-web.jpg\",\"width\":1000,\"height\":682,\"caption\":\"Hurtigruten\"},{\"@type\":\"BreadcrumbList\",\"@id\":\"https:\/\/ship-tracker.org\/hurtigruten\/#breadcrumb\",\"itemListElement\":[{\"@type\":\"ListItem\",\"position\":1,\"name\":\"Startseite\",\"item\":\"https:\/\/ship-tracker.org\/\"},{\"@type\":\"ListItem\",\"position\":2,\"name\":\"Hurtigruten\"}]},{\"@type\":\"WebSite\",\"@id\":\"https:\/\/ship-tracker.org\/#website\",\"url\":\"https:\/\/ship-tracker.org\/\",\"name\":\"Ship-tracker.org\",\"description\":\"\",\"potentialAction\":[{\"@type\":\"SearchAction\",\"target\":{\"@type\":\"EntryPoint\",\"urlTemplate\":\"https:\/\/ship-tracker.org\/?s={search_term_string}\"},\"query-input\":{\"@type\":\"PropertyValueSpecification\",\"valueRequired\":true,\"valueName\":\"search_term_string\"}}],\"inLanguage\":\"nb-NO\"}]}<\/script>\n<!-- \/ Yoast SEO plugin. -->","yoast_head_json":{"title":"Spor Hurtigruten Fleet | Cruiseskip | Marine fart\u00f8y","description":"Hurtigruten Fleet Plassering | N\u00e5v\u00e6rende posisjoner til hurtigruteskip, IMO-nummer, MMSI, webkamera | Live Fleet Maps | Live Ship Tracker","robots":{"index":"index","follow":"follow","max-snippet":"max-snippet:-1","max-image-preview":"max-image-preview:large","max-video-preview":"max-video-preview:-1"},"canonical":"https:\/\/ship-tracker.org\/nb\/hurtigruten\/","og_locale":"nb_NO","og_type":"article","og_title":"Track Hurtigruten Fleet | Cruise Ships | Marine Vessel","og_description":"Hurtigruten Fleet Location | Current Positions of Hurtigruten Ships, IMO numbers, MMSI, Webcam | Live Fleet Maps | Live Ship Tracker","og_url":"https:\/\/ship-tracker.org\/nb\/hurtigruten\/","og_site_name":"Ship-tracker.org","article_modified_time":"2022-10-27T14:00:27+00:00","og_image":[{"width":1000,"height":682,"url":"https:\/\/ship-tracker.org\/wp-content\/uploads\/2020\/04\/hurtigruten-web.jpg","type":"image\/jpeg"}],"twitter_card":"summary_large_image","twitter_misc":{"Ansl. lesetid":"2 minutter"},"schema":{"@context":"https:\/\/schema.org","@graph":[{"@type":"WebPage","@id":"https:\/\/ship-tracker.org\/hurtigruten\/","url":"https:\/\/ship-tracker.org\/hurtigruten\/","name":"Spor Hurtigruten Fleet | Cruiseskip | Marine fart\u00f8y","isPartOf":{"@id":"https:\/\/ship-tracker.org\/#website"},"primaryImageOfPage":{"@id":"https:\/\/ship-tracker.org\/hurtigruten\/#primaryimage"},"image":{"@id":"https:\/\/ship-tracker.org\/hurtigruten\/#primaryimage"},"thumbnailUrl":"https:\/\/ship-tracker.org\/wp-content\/uploads\/2020\/04\/hurtigruten-web.jpg","datePublished":"2020-04-29T12:29:44+00:00","dateModified":"2022-10-27T14:00:27+00:00","description":"Hurtigruten Fleet Plassering | N\u00e5v\u00e6rende posisjoner til hurtigruteskip, IMO-nummer, MMSI, webkamera | Live Fleet Maps | Live Ship Tracker","breadcrumb":{"@id":"https:\/\/ship-tracker.org\/hurtigruten\/#breadcrumb"},"inLanguage":"nb-NO","potentialAction":[{"@type":"ReadAction","target":["https:\/\/ship-tracker.org\/hurtigruten\/"]}]},{"@type":"ImageObject","inLanguage":"nb-NO","@id":"https:\/\/ship-tracker.org\/hurtigruten\/#primaryimage","url":"https:\/\/ship-tracker.org\/wp-content\/uploads\/2020\/04\/hurtigruten-web.jpg","contentUrl":"https:\/\/ship-tracker.org\/wp-content\/uploads\/2020\/04\/hurtigruten-web.jpg","width":1000,"height":682,"caption":"Hurtigruten"},{"@type":"BreadcrumbList","@id":"https:\/\/ship-tracker.org\/hurtigruten\/#breadcrumb","itemListElement":[{"@type":"ListItem","position":1,"name":"Startseite","item":"https:\/\/ship-tracker.org\/"},{"@type":"ListItem","position":2,"name":"Hurtigruten"}]},{"@type":"WebSite","@id":"https:\/\/ship-tracker.org\/#website","url":"https:\/\/ship-tracker.org\/","name":"Ship-tracker.org","description":"","potentialAction":[{"@type":"SearchAction","target":{"@type":"EntryPoint","urlTemplate":"https:\/\/ship-tracker.org\/?s={search_term_string}"},"query-input":{"@type":"PropertyValueSpecification","valueRequired":true,"valueName":"search_term_string"}}],"inLanguage":"nb-NO"}]}},"_links":{"self":[{"href":"https:\/\/ship-tracker.org\/nb\/wp-json\/wp\/v2\/pages\/2056","targetHints":{"allow":["GET"]}}],"collection":[{"href":"https:\/\/ship-tracker.org\/nb\/wp-json\/wp\/v2\/pages"}],"about":[{"href":"https:\/\/ship-tracker.org\/nb\/wp-json\/wp\/v2\/types\/page"}],"author":[{"embeddable":true,"href":"https:\/\/ship-tracker.org\/nb\/wp-json\/wp\/v2\/users\/1"}],"replies":[{"embeddable":true,"href":"https:\/\/ship-tracker.org\/nb\/wp-json\/wp\/v2\/comments?post=2056"}],"version-history":[{"count":5,"href":"https:\/\/ship-tracker.org\/nb\/wp-json\/wp\/v2\/pages\/2056\/revisions"}],"predecessor-version":[{"id":2475,"href":"https:\/\/ship-tracker.org\/nb\/wp-json\/wp\/v2\/pages\/2056\/revisions\/2475"}],"wp:featuredmedia":[{"embeddable":true,"href":"https:\/\/ship-tracker.org\/nb\/wp-json\/wp\/v2\/media\/2057"}],"wp:attachment":[{"href":"https:\/\/ship-tracker.org\/nb\/wp-json\/wp\/v2\/media?parent=2056"}],"curies":[{"name":"wp","href":"https:\/\/api.w.org\/{rel}","templated":true}]}}