{"id":2049,"date":"2020-04-29T14:38:31","date_gmt":"2020-04-29T12:38:31","guid":{"rendered":"https:\/\/ship-tracker.org\/?page_id=2049"},"modified":"2022-11-01T13:43:29","modified_gmt":"2022-11-01T12:43:29","slug":"cunard-line","status":"publish","type":"page","link":"https:\/\/ship-tracker.org\/nb\/cunard-line\/","title":{"rendered":"Cunard Line"},"content":{"rendered":"<h2>Cunard Line Fleet Location Skip, IMO-nummer, MMSI, Webkameraer<\/h2>\n<p>Hvor er den n\u00e5v\u00e6rende posisjonen til Cunard Line Fleet for tiden?<\/p>\n<table style=\"border-collapse: collapse; width: 100%; height: 96px;\">\n<tbody>\n<tr style=\"height: 24px;\">\n<td style=\"width: 33.3333%; height: 24px;\"><span style=\"color: #1f405b;\"><strong>Skip<\/strong><\/span><\/td>\n<td style=\"width: 33.3333%; height: 24px;\"><span style=\"color: #1f405b;\"><strong>IMO<\/strong><\/span><\/td>\n<td style=\"width: 33.3333%; height: 24px;\"><span style=\"color: #1f405b;\"><strong>MMSI<\/strong><\/span><\/td>\n<\/tr>\n<tr style=\"height: 24px;\">\n<td style=\"width: 33.3333%; height: 24px;\"><a href=\"https:\/\/ship-tracker.org\/nb\/queen-elizabeth\/\">dronning Elizabeth<\/a><\/td>\n<td style=\"width: 33.3333%; height: 24px;\">9477438<\/td>\n<td style=\"width: 33.3333%; height: 24px;\">310625000<\/td>\n<\/tr>\n<tr style=\"height: 24px;\">\n<td style=\"width: 33.3333%; height: 24px;\"><a href=\"https:\/\/ship-tracker.org\/nb\/queen-victoria\/\">Dronning Victoria<\/a><\/td>\n<td style=\"width: 33.3333%; height: 24px;\">9320556<\/td>\n<td style=\"width: 33.3333%; height: 24px;\">310624000<\/td>\n<\/tr>\n<tr style=\"height: 24px;\">\n<td style=\"width: 33.3333%; height: 24px;\"><a href=\"https:\/\/ship-tracker.org\/nb\/queen-mary-2\/\">Queen Mary 2<\/a><\/td>\n<td style=\"width: 33.3333%; height: 24px;\">9241061<\/td>\n<td style=\"width: 33.3333%; height: 24px;\">310627000<\/td>\n<\/tr>\n<tr>\n<td style=\"width: 33.3333%;\"><a href=\"https:\/\/ship-tracker.org\/nb\/queen-anne\/\">Dronning Anne<\/a><\/td>\n<td style=\"width: 33.3333%;\">2024<\/td>\n<td style=\"width: 33.3333%;\"><\/td>\n<\/tr>\n<\/tbody>\n<\/table>\n<h2>Om Cunard Line<\/h2>\n<p>Cunard Line st\u00e5r for klassisk britisk luksus og eleganse. Cunard-fl\u00e5ten best\u00e5r av tre elegante 5-stjerners cruiseskip: Queen Elizabeth, Queen Victoria og Queen Mary 2. I 150 \u00e5r har Cunard Line-skip seilt havet. Med skip som Queen Mary og Queen Elizabeth ble v\u00e5rt rederi verdenskjent p\u00e5 ruten mellom Southampton og New York. Selv i dag kan du selv oppleve hvordan det er \u00e5 se Frihetsgudinnen og Manhattans skyline etter en luksuri\u00f8s 6-dagers sj\u00f8reise.<\/p>\n<p>Velg et cruise med Cunard Line n\u00e5 for \u00e5 oppleve ekstraordin\u00e6re eventyr og oppdage hele verden. De n\u00f8ye utformede reiserutene vil sikre at du f\u00e5r mest mulig ut av reisetiden din. Cunard-fl\u00e5ten tar deg til de vakreste destinasjonene i verden som Norge, Kreta, Bermuda og Australia. Du kan ogs\u00e5 reise verden rundt p\u00e5 cruise av opptil 4 m\u00e5neders varighet. Cunard Line tilbyr allsidige cruise, slik at alle dine \u00f8nsker kan oppfylles.<\/p>\n<p>P\u00e5 Cunard Line-skip er m\u00e5ltider i hovedrestaurantene og buff\u00e9restaurantene inkludert i prisen, det samme er kaffe og te fra automatene i buff\u00e9restauranten. Det er en ekstra kostnad for kaffespesialiteter som cappuccino, espresso og brus. I spesialrestaurantene, som Verandah Grill, betaler du en tilleggsavgift og reservasjon anbefales.<\/p>\n<p>Slapp av for eksempel i en godt plassert lesestol p\u00e5 biblioteket. Du har ogs\u00e5 et bredt utvalg av ulike restaurant- og baropplevelser \u00e5 velge mellom, samt en forfriskende morgentur p\u00e5 promenadedekket. V\u00e5re cruiseskip har n\u00f8ye utformede rom, romslige lugarer og vakre, avslappende restauranter slik at du kan kose deg fullt ut under cruiset. Om bord kombineres nostalgi med modernitet. Til tross for den klassiske karakteren st\u00e5r alle de vanlige moderne fasilitetene til din disposisjon.<\/p>","protected":false},"excerpt":{"rendered":"<p>Cunard Line Fleet Plassering Skip, IMO-nummer, MMSI, Webkameraer Hvor er den n\u00e5v\u00e6rende posisjonen til Cunard Line Fleet for tiden? Send IMO MMSI Queen Elizabeth 9477438 310625000 Queen Victoria 9320556 310624000 Queen Mary 2 9241061 310627000 Queen Anne 2024 Om Cunard Line Cunard Line st\u00e5r for klassisk britisk luksus og eleganse. Cunard-fl\u00e5ten best\u00e5r av...&nbsp;<a href=\"https:\/\/ship-tracker.org\/nb\/cunard-line\/\" rel=\"bookmark\">Les mer \u00bb<span class=\"screen-reader-text\">Cunard Line<\/span><\/a><\/p>","protected":false},"author":1,"featured_media":2055,"parent":0,"menu_order":0,"comment_status":"closed","ping_status":"closed","template":"","meta":{"neve_meta_sidebar":"","neve_meta_container":"","neve_meta_enable_content_width":"","neve_meta_content_width":0,"neve_meta_title_alignment":"","neve_meta_author_avatar":"","neve_post_elements_order":"","neve_meta_disable_header":"","neve_meta_disable_footer":"","neve_meta_disable_title":"","neve_meta_reading_time":"","footnotes":""},"class_list":["post-2049","page","type-page","status-publish","has-post-thumbnail","hentry"],"yoast_head":"<!-- This site is optimized with the Yoast SEO plugin v27.4 - https:\/\/yoast.com\/product\/yoast-seo-wordpress\/ -->\n<title>Track Cunard Line Fleet | Cruise Ships | Marine Vessel<\/title>\n<meta name=\"description\" content=\"Cunard Line Fleet Location | Current Positions of Cunard Line Ships, IMO numbers, MMSI, Webcam | Live Fleet Maps | Live Ship Tracker\" \/>\n<meta name=\"robots\" content=\"index, follow, max-snippet:-1, max-image-preview:large, max-video-preview:-1\" \/>\n<link rel=\"canonical\" href=\"https:\/\/ship-tracker.org\/nb\/cunard-line\/\" \/>\n<meta property=\"og:locale\" content=\"nb_NO\" \/>\n<meta property=\"og:type\" content=\"article\" \/>\n<meta property=\"og:title\" content=\"Track Cunard Line Fleet | Cruise Ships | Marine Vessel\" \/>\n<meta property=\"og:description\" content=\"Cunard Line Fleet Location | Current Positions of Cunard Line Ships, IMO numbers, MMSI, Webcam | Live Fleet Maps | Live Ship Tracker\" \/>\n<meta property=\"og:url\" content=\"https:\/\/ship-tracker.org\/nb\/cunard-line\/\" \/>\n<meta property=\"og:site_name\" content=\"Ship-tracker.org\" \/>\n<meta property=\"article:modified_time\" content=\"2022-11-01T12:43:29+00:00\" \/>\n<meta property=\"og:image\" content=\"https:\/\/ship-tracker.org\/wp-content\/uploads\/2020\/04\/reederei-cunard.jpg\" \/>\n\t<meta property=\"og:image:width\" content=\"325\" \/>\n\t<meta property=\"og:image:height\" content=\"245\" \/>\n\t<meta property=\"og:image:type\" content=\"image\/jpeg\" \/>\n<meta name=\"twitter:card\" content=\"summary_large_image\" \/>\n<meta name=\"twitter:label1\" content=\"Ansl. lesetid\" \/>\n\t<meta name=\"twitter:data1\" content=\"2 minutter\" \/>\n<script type=\"application\/ld+json\" class=\"yoast-schema-graph\">{\"@context\":\"https:\\\/\\\/schema.org\",\"@graph\":[{\"@type\":\"WebPage\",\"@id\":\"https:\\\/\\\/ship-tracker.org\\\/cunard-line\\\/\",\"url\":\"https:\\\/\\\/ship-tracker.org\\\/cunard-line\\\/\",\"name\":\"Track Cunard Line Fleet | Cruise Ships | Marine Vessel\",\"isPartOf\":{\"@id\":\"https:\\\/\\\/ship-tracker.org\\\/#website\"},\"primaryImageOfPage\":{\"@id\":\"https:\\\/\\\/ship-tracker.org\\\/cunard-line\\\/#primaryimage\"},\"image\":{\"@id\":\"https:\\\/\\\/ship-tracker.org\\\/cunard-line\\\/#primaryimage\"},\"thumbnailUrl\":\"https:\\\/\\\/ship-tracker.org\\\/wp-content\\\/uploads\\\/2020\\\/04\\\/reederei-cunard.jpg\",\"datePublished\":\"2020-04-29T12:38:31+00:00\",\"dateModified\":\"2022-11-01T12:43:29+00:00\",\"description\":\"Cunard Line Fleet Location | Current Positions of Cunard Line Ships, IMO numbers, MMSI, Webcam | Live Fleet Maps | Live Ship Tracker\",\"breadcrumb\":{\"@id\":\"https:\\\/\\\/ship-tracker.org\\\/cunard-line\\\/#breadcrumb\"},\"inLanguage\":\"nb-NO\",\"potentialAction\":[{\"@type\":\"ReadAction\",\"target\":[\"https:\\\/\\\/ship-tracker.org\\\/cunard-line\\\/\"]}]},{\"@type\":\"ImageObject\",\"inLanguage\":\"nb-NO\",\"@id\":\"https:\\\/\\\/ship-tracker.org\\\/cunard-line\\\/#primaryimage\",\"url\":\"https:\\\/\\\/ship-tracker.org\\\/wp-content\\\/uploads\\\/2020\\\/04\\\/reederei-cunard.jpg\",\"contentUrl\":\"https:\\\/\\\/ship-tracker.org\\\/wp-content\\\/uploads\\\/2020\\\/04\\\/reederei-cunard.jpg\",\"width\":325,\"height\":245,\"caption\":\"Cunard Line\"},{\"@type\":\"BreadcrumbList\",\"@id\":\"https:\\\/\\\/ship-tracker.org\\\/cunard-line\\\/#breadcrumb\",\"itemListElement\":[{\"@type\":\"ListItem\",\"position\":1,\"name\":\"Startseite\",\"item\":\"https:\\\/\\\/ship-tracker.org\\\/\"},{\"@type\":\"ListItem\",\"position\":2,\"name\":\"Cunard Line\"}]},{\"@type\":\"WebSite\",\"@id\":\"https:\\\/\\\/ship-tracker.org\\\/#website\",\"url\":\"https:\\\/\\\/ship-tracker.org\\\/\",\"name\":\"Ship-tracker.org\",\"description\":\"\",\"potentialAction\":[{\"@type\":\"SearchAction\",\"target\":{\"@type\":\"EntryPoint\",\"urlTemplate\":\"https:\\\/\\\/ship-tracker.org\\\/?s={search_term_string}\"},\"query-input\":{\"@type\":\"PropertyValueSpecification\",\"valueRequired\":true,\"valueName\":\"search_term_string\"}}],\"inLanguage\":\"nb-NO\"}]}<\/script>\n<!-- \/ Yoast SEO plugin. -->","yoast_head_json":{"title":"Spor Cunard Line Fleet | Cruiseskip | Marine fart\u00f8y","description":"Cunard Line Fleet Plassering | N\u00e5v\u00e6rende posisjoner til Cunard Line-skip, IMO-nummer, MMSI, webkamera | Live Fleet Maps | Live Ship Tracker","robots":{"index":"index","follow":"follow","max-snippet":"max-snippet:-1","max-image-preview":"max-image-preview:large","max-video-preview":"max-video-preview:-1"},"canonical":"https:\/\/ship-tracker.org\/nb\/cunard-line\/","og_locale":"nb_NO","og_type":"article","og_title":"Track Cunard Line Fleet | Cruise Ships | Marine Vessel","og_description":"Cunard Line Fleet Location | Current Positions of Cunard Line Ships, IMO numbers, MMSI, Webcam | Live Fleet Maps | Live Ship Tracker","og_url":"https:\/\/ship-tracker.org\/nb\/cunard-line\/","og_site_name":"Ship-tracker.org","article_modified_time":"2022-11-01T12:43:29+00:00","og_image":[{"width":325,"height":245,"url":"https:\/\/ship-tracker.org\/wp-content\/uploads\/2020\/04\/reederei-cunard.jpg","type":"image\/jpeg"}],"twitter_card":"summary_large_image","twitter_misc":{"Ansl. lesetid":"2 minutter"},"schema":{"@context":"https:\/\/schema.org","@graph":[{"@type":"WebPage","@id":"https:\/\/ship-tracker.org\/cunard-line\/","url":"https:\/\/ship-tracker.org\/cunard-line\/","name":"Spor Cunard Line Fleet | Cruiseskip | Marine fart\u00f8y","isPartOf":{"@id":"https:\/\/ship-tracker.org\/#website"},"primaryImageOfPage":{"@id":"https:\/\/ship-tracker.org\/cunard-line\/#primaryimage"},"image":{"@id":"https:\/\/ship-tracker.org\/cunard-line\/#primaryimage"},"thumbnailUrl":"https:\/\/ship-tracker.org\/wp-content\/uploads\/2020\/04\/reederei-cunard.jpg","datePublished":"2020-04-29T12:38:31+00:00","dateModified":"2022-11-01T12:43:29+00:00","description":"Cunard Line Fleet Plassering | N\u00e5v\u00e6rende posisjoner til Cunard Line-skip, IMO-nummer, MMSI, webkamera | Live Fleet Maps | Live Ship Tracker","breadcrumb":{"@id":"https:\/\/ship-tracker.org\/cunard-line\/#breadcrumb"},"inLanguage":"nb-NO","potentialAction":[{"@type":"ReadAction","target":["https:\/\/ship-tracker.org\/cunard-line\/"]}]},{"@type":"ImageObject","inLanguage":"nb-NO","@id":"https:\/\/ship-tracker.org\/cunard-line\/#primaryimage","url":"https:\/\/ship-tracker.org\/wp-content\/uploads\/2020\/04\/reederei-cunard.jpg","contentUrl":"https:\/\/ship-tracker.org\/wp-content\/uploads\/2020\/04\/reederei-cunard.jpg","width":325,"height":245,"caption":"Cunard Line"},{"@type":"BreadcrumbList","@id":"https:\/\/ship-tracker.org\/cunard-line\/#breadcrumb","itemListElement":[{"@type":"ListItem","position":1,"name":"Startseite","item":"https:\/\/ship-tracker.org\/"},{"@type":"ListItem","position":2,"name":"Cunard Line"}]},{"@type":"WebSite","@id":"https:\/\/ship-tracker.org\/#website","url":"https:\/\/ship-tracker.org\/","name":"Ship-tracker.org","description":"","potentialAction":[{"@type":"SearchAction","target":{"@type":"EntryPoint","urlTemplate":"https:\/\/ship-tracker.org\/?s={search_term_string}"},"query-input":{"@type":"PropertyValueSpecification","valueRequired":true,"valueName":"search_term_string"}}],"inLanguage":"nb-NO"}]}},"_links":{"self":[{"href":"https:\/\/ship-tracker.org\/nb\/wp-json\/wp\/v2\/pages\/2049","targetHints":{"allow":["GET"]}}],"collection":[{"href":"https:\/\/ship-tracker.org\/nb\/wp-json\/wp\/v2\/pages"}],"about":[{"href":"https:\/\/ship-tracker.org\/nb\/wp-json\/wp\/v2\/types\/page"}],"author":[{"embeddable":true,"href":"https:\/\/ship-tracker.org\/nb\/wp-json\/wp\/v2\/users\/1"}],"replies":[{"embeddable":true,"href":"https:\/\/ship-tracker.org\/nb\/wp-json\/wp\/v2\/comments?post=2049"}],"version-history":[{"count":10,"href":"https:\/\/ship-tracker.org\/nb\/wp-json\/wp\/v2\/pages\/2049\/revisions"}],"predecessor-version":[{"id":3541,"href":"https:\/\/ship-tracker.org\/nb\/wp-json\/wp\/v2\/pages\/2049\/revisions\/3541"}],"wp:featuredmedia":[{"embeddable":true,"href":"https:\/\/ship-tracker.org\/nb\/wp-json\/wp\/v2\/media\/2055"}],"wp:attachment":[{"href":"https:\/\/ship-tracker.org\/nb\/wp-json\/wp\/v2\/media?parent=2049"}],"curies":[{"name":"wp","href":"https:\/\/api.w.org\/{rel}","templated":true}]}}