{"id":1911,"date":"2020-02-17T14:11:32","date_gmt":"2020-02-17T13:11:32","guid":{"rendered":"https:\/\/ship-tracker.org\/?page_id=1911"},"modified":"2022-10-27T15:05:00","modified_gmt":"2022-10-27T13:05:00","slug":"ms-zaandam","status":"publish","type":"page","link":"https:\/\/ship-tracker.org\/nb\/ms-zaandam\/","title":{"rendered":"MS Zaandam"},"content":{"rendered":"<p><script async src=\"https:\/\/pagead2.googlesyndication.com\/pagead\/js\/adsbygoogle.js\"><\/script><br \/>\n<!-- Ship-Tracker Display --><br \/>\n<ins class=\"adsbygoogle\" style=\"display: block;\" data-ad-client=\"ca-pub-1316785063791781\" data-ad-slot=\"8075999632\" data-ad-format=\"auto\" data-full-width-responsive=\"true\"><\/ins><br \/>\n<script>\n     (adsbygoogle = window.adsbygoogle || []).push({});\n<\/script><\/p>\n<h2><span style=\"color: #000000;\">N\u00e5v\u00e6rende plassering og <\/span><span style=\"color: #000000;\">stillingen til MS Zaandam<\/span><\/h2>\n<p>Hvor er den n\u00e5v\u00e6rende stillingen til MS Zaandam for tiden?<br \/>\n<script async src=\"https:\/\/pagead2.googlesyndication.com\/pagead\/js\/adsbygoogle.js\"><\/script><br \/>\n<!-- Schip-Tracker Linkanzeigen --><br \/>\n<ins class=\"adsbygoogle\" style=\"display: block;\" data-ad-client=\"ca-pub-1316785063791781\" data-ad-slot=\"3429004156\" data-ad-format=\"link\" data-full-width-responsive=\"true\"><\/ins><br \/>\n<script>\n     (adsbygoogle = window.adsbygoogle || []).push({});\n<\/script><br \/>\n<script type=\"text\/javascript\">  var width=\"100%\";var height=\"400\";  var mmsi=246442000;<\/script><script type=\"text\/javascript\" src=\"https:\/\/www.vesselfinder.com\/aismap.js\"><\/script><\/p>\n<p><script async src=\"https:\/\/pagead2.googlesyndication.com\/pagead\/js\/adsbygoogle.js\"><\/script><br \/>\n<!-- Ship-Tracker Display --><br \/>\n<ins class=\"adsbygoogle\" style=\"display: block;\" data-ad-client=\"ca-pub-1316785063791781\" data-ad-slot=\"8075999632\" data-ad-format=\"auto\" data-full-width-responsive=\"true\"><\/ins><br \/>\n<script>\n     (adsbygoogle = window.adsbygoogle || []).push({});\n<\/script><\/p>\n<p>Se MS Zaandam gjeldende plassering. Posisjonen til MS Zaandam kan bestemmes n\u00f8yaktig av kartene over VesselFinder og MarineTraffic. S\u00e5 du er alltid godt informert om hvor favorittskipet ditt er for \u00f8yeblikket.<\/p>\n<h2 class=\"title\"><span style=\"color: #000000;\">MS Zaandam og spesifikasjoner<\/span><\/h2>\n<table style=\"height: 294px;\" width=\"400\">\n<tbody>\n<tr>\n<td style=\"width: 192px;\"><strong><span style=\"color: #000000;\">Bygge\u00e5r<\/span><\/strong><\/td>\n<td style=\"width: 192px;\"><span style=\"color: #000000;\">2000<\/span><\/td>\n<\/tr>\n<tr>\n<td style=\"width: 192px;\"><strong><span style=\"color: #000000;\">Bygger<\/span><\/strong><\/td>\n<td style=\"width: 192px;\"><span style=\"color: #000000;\">Fincantieri<\/span><\/td>\n<\/tr>\n<tr>\n<td style=\"width: 192px;\"><strong><span style=\"color: #000000;\">Lengde<\/span><\/strong><\/td>\n<td style=\"width: 192px;\"><span style=\"color: #000000;\"><span class=\"specificationUnit\">202 m<\/span><br \/>\n<\/span><\/td>\n<\/tr>\n<tr>\n<td style=\"width: 192px;\"><strong><span style=\"color: #000000;\">Str\u00e5le<\/span><\/strong><\/td>\n<td style=\"width: 192px;\"><span style=\"color: #000000;\">32 m<\/span><\/td>\n<\/tr>\n<tr>\n<td style=\"width: 192px;\"><strong><span style=\"color: #000000;\">Klasse<\/span><\/strong><\/td>\n<td style=\"width: 192px;\"><span style=\"color: #000000;\">Rotterdam<\/span><\/td>\n<\/tr>\n<tr>\n<td style=\"width: 192px;\"><strong><span style=\"color: #000000;\">Bruttotonn<\/span><\/strong><\/td>\n<td style=\"width: 192px;\"><span style=\"color: #000000;\">61396<span class=\"specificationUnit\">\u00a0gt<\/span><\/span><\/td>\n<\/tr>\n<tr>\n<td style=\"width: 192px;\"><strong><span style=\"color: #000000;\">Passasjerer<\/span><\/strong><\/td>\n<td style=\"width: 192px;\"><span style=\"color: #000000;\">1700<\/span><\/td>\n<\/tr>\n<tr>\n<td style=\"width: 192px;\"><strong><span style=\"color: #000000;\">Mannskap<\/span><\/strong><\/td>\n<td style=\"width: 192px;\"><span style=\"color: #000000;\">640<\/span><\/td>\n<\/tr>\n<tr>\n<td style=\"width: 192px;\"><strong><span style=\"color: #000000;\">Dekk\u00a0<\/span><\/strong><\/td>\n<td style=\"width: 192px;\"><span style=\"color: #000000;\">10<\/span><\/td>\n<\/tr>\n<tr>\n<td style=\"width: 192px;\"><strong><span style=\"color: #000000;\">Hytter<\/span><\/strong><\/td>\n<td style=\"width: 192px;\"><span style=\"color: #000000;\">716<\/span><\/td>\n<\/tr>\n<tr>\n<td style=\"width: 192px;\"><span style=\"color: #000000;\"><strong><b>Eieren<\/b><\/strong><\/span><\/td>\n<td style=\"width: 192px;\"><a href=\"https:\/\/ship-tracker.org\/nb\/holland-america-line\/\">Holland America Line<\/a><\/td>\n<\/tr>\n<\/tbody>\n<\/table>\n<p><img loading=\"lazy\" decoding=\"async\" class=\"aligncenter wp-image-382 size-full\" src=\"https:\/\/ship-tracker.org\/wp-content\/uploads\/2017\/09\/cruise-1419799_640.jpg\" alt=\"MS Zaandam\" width=\"640\" height=\"283\" srcset=\"https:\/\/ship-tracker.org\/wp-content\/uploads\/2017\/09\/cruise-1419799_640.jpg 640w, https:\/\/ship-tracker.org\/wp-content\/uploads\/2017\/09\/cruise-1419799_640-300x133.jpg 300w\" sizes=\"auto, (max-width: 640px) 100vw, 640px\" \/><\/p>\n<h3 class=\"title\">Holland America fl\u00e5te<\/h3>\n<ul>\n<li><a href=\"https:\/\/ship-tracker.org\/nb\/ms-nieuw-ryndam\/\">MS Nieuw Ryndam<\/a><\/li>\n<li><a href=\"https:\/\/ship-tracker.org\/nb\/ms-nieuw-statendam\/\">MS Nieuw Statendam<\/a><\/li>\n<li><a href=\"https:\/\/ship-tracker.org\/nb\/ms-koningsdam\/\">MS Koningsdam<\/a><\/li>\n<li><a href=\"https:\/\/ship-tracker.org\/nb\/ms-nieuw-amsterdam\/\">MS Nieuw Amsterdam<\/a><\/li>\n<li><a href=\"https:\/\/ship-tracker.org\/nb\/ms-eurodam\/\">MS Eurodam<\/a><\/li>\n<li><a href=\"https:\/\/ship-tracker.org\/nb\/ms-noordam\/\">MS Noordam<\/a><\/li>\n<li><a href=\"https:\/\/ship-tracker.org\/nb\/ms-westerdam\/\">MS Westerdam<\/a><\/li>\n<li><a href=\"https:\/\/ship-tracker.org\/nb\/ms-oosterdam\/\">MS Oosterdam<\/a><\/li>\n<li><a href=\"https:\/\/ship-tracker.org\/nb\/ms-zuiderdam\/\">MS Zuiderdam<\/a><\/li>\n<li><a href=\"https:\/\/ship-tracker.org\/nb\/ms-amsterdam\/\">MS Amsterdam<\/a><\/li>\n<li><a href=\"https:\/\/ship-tracker.org\/nb\/ms-volendam\/\">MS Volendam<\/a><\/li>\n<li><a href=\"https:\/\/ship-tracker.org\/nb\/ms-rotterdam\/\">MS Rotterdam<\/a><\/li>\n<li><a href=\"https:\/\/ship-tracker.org\/nb\/ms-veendam\/\">MS Veendam<\/a><\/li>\n<li><a href=\"https:\/\/ship-tracker.org\/nb\/ms-maasdam\/\">MS Maasdam<\/a><\/li>\n<\/ul>\n<p><script async src=\"https:\/\/pagead2.googlesyndication.com\/pagead\/js\/adsbygoogle.js\"><\/script><br \/>\n<!-- Schip-Tracker Linkanzeigen --><br \/>\n<ins class=\"adsbygoogle\" style=\"display: block;\" data-ad-client=\"ca-pub-1316785063791781\" data-ad-slot=\"3429004156\" data-ad-format=\"link\" data-full-width-responsive=\"true\"><\/ins><br \/>\n<script>\n     (adsbygoogle = window.adsbygoogle || []).push({});\n<\/script><\/p>\n<h4><span style=\"color: #000000;\">MS Zaandam video<\/span><\/h4>\n<div class=\"su-youtube su-u-responsive-media-yes\"><iframe loading=\"lazy\" width=\"600\" height=\"400\" src=\"https:\/\/www.youtube.com\/embed\/3Oemb6W2t8M?\" frameborder=\"0\" allowfullscreen allow=\"autoplay; encrypted-media; picture-in-picture\" title=\"\"><\/iframe><\/div>","protected":false},"excerpt":{"rendered":"<p>N\u00e5v\u00e6rende plassering og posisjon til MS Zaandam Hvor er n\u00e5v\u00e6rende posisjon til MS Zaandam for \u00f8yeblikket? Se MS Zaandam gjeldende plassering. Posisjonen til MS Zaandam kan bestemmes n\u00f8yaktig av kartene over VesselFinder og MarineTraffic. S\u00e5 du er alltid godt informert om hvor favorittskipet ditt er for \u00f8yeblikket. MS Zaandam og spesifikasjoner \u00c5r bygget...&nbsp;<a href=\"https:\/\/ship-tracker.org\/nb\/ms-zaandam\/\" rel=\"bookmark\">Les mer \u00bb<span class=\"screen-reader-text\">MS Zaandam<\/span><\/a><\/p>","protected":false},"author":1,"featured_media":0,"parent":0,"menu_order":0,"comment_status":"closed","ping_status":"closed","template":"","meta":{"neve_meta_sidebar":"","neve_meta_container":"","neve_meta_enable_content_width":"","neve_meta_content_width":0,"neve_meta_title_alignment":"","neve_meta_author_avatar":"","neve_post_elements_order":"","neve_meta_disable_header":"","neve_meta_disable_footer":"","neve_meta_disable_title":"","neve_meta_reading_time":"","footnotes":""},"class_list":["post-1911","page","type-page","status-publish","hentry"],"yoast_head":"<!-- This site is optimized with the Yoast SEO plugin v26.9 - https:\/\/yoast.com\/product\/yoast-seo-wordpress\/ -->\n<title>MS Zaandam\u2503Current location and position of Holland America<\/title>\n<meta name=\"description\" content=\"MS Zaandam \u2693 Current location and position of MS Zaandam \u2713 Cruise Ship Tracker \u2713 Live Ship Tracker \u2503 Holland America Line\" \/>\n<meta name=\"robots\" content=\"index, follow, max-snippet:-1, max-image-preview:large, max-video-preview:-1\" \/>\n<link rel=\"canonical\" href=\"https:\/\/ship-tracker.org\/nb\/ms-zaandam\/\" \/>\n<meta property=\"og:locale\" content=\"nb_NO\" \/>\n<meta property=\"og:type\" content=\"article\" \/>\n<meta property=\"og:title\" content=\"MS Zaandam\u2503Current location and position of Holland America\" \/>\n<meta property=\"og:description\" content=\"MS Zaandam \u2693 Current location and position of MS Zaandam \u2713 Cruise Ship Tracker \u2713 Live Ship Tracker \u2503 Holland America Line\" \/>\n<meta property=\"og:url\" content=\"https:\/\/ship-tracker.org\/nb\/ms-zaandam\/\" \/>\n<meta property=\"og:site_name\" content=\"Ship-tracker.org\" \/>\n<meta property=\"article:modified_time\" content=\"2022-10-27T13:05:00+00:00\" \/>\n<meta property=\"og:image\" content=\"https:\/\/ship-tracker.org\/wp-content\/uploads\/2017\/09\/cruise-1419799_640.jpg\" \/>\n<meta name=\"twitter:card\" content=\"summary_large_image\" \/>\n<meta name=\"twitter:label1\" content=\"Ansl. lesetid\" \/>\n\t<meta name=\"twitter:data1\" content=\"1 minutt\" \/>\n<script type=\"application\/ld+json\" class=\"yoast-schema-graph\">{\"@context\":\"https:\/\/schema.org\",\"@graph\":[{\"@type\":\"WebPage\",\"@id\":\"https:\/\/ship-tracker.org\/ms-zaandam\/\",\"url\":\"https:\/\/ship-tracker.org\/ms-zaandam\/\",\"name\":\"MS Zaandam\u2503Current location and position of Holland America\",\"isPartOf\":{\"@id\":\"https:\/\/ship-tracker.org\/#website\"},\"primaryImageOfPage\":{\"@id\":\"https:\/\/ship-tracker.org\/ms-zaandam\/#primaryimage\"},\"image\":{\"@id\":\"https:\/\/ship-tracker.org\/ms-zaandam\/#primaryimage\"},\"thumbnailUrl\":\"https:\/\/ship-tracker.org\/wp-content\/uploads\/2017\/09\/cruise-1419799_640.jpg\",\"datePublished\":\"2020-02-17T13:11:32+00:00\",\"dateModified\":\"2022-10-27T13:05:00+00:00\",\"description\":\"MS Zaandam \u2693 Current location and position of MS Zaandam \u2713 Cruise Ship Tracker \u2713 Live Ship Tracker \u2503 Holland America Line\",\"breadcrumb\":{\"@id\":\"https:\/\/ship-tracker.org\/ms-zaandam\/#breadcrumb\"},\"inLanguage\":\"nb-NO\",\"potentialAction\":[{\"@type\":\"ReadAction\",\"target\":[\"https:\/\/ship-tracker.org\/ms-zaandam\/\"]}]},{\"@type\":\"ImageObject\",\"inLanguage\":\"nb-NO\",\"@id\":\"https:\/\/ship-tracker.org\/ms-zaandam\/#primaryimage\",\"url\":\"https:\/\/ship-tracker.org\/wp-content\/uploads\/2017\/09\/cruise-1419799_640.jpg\",\"contentUrl\":\"https:\/\/ship-tracker.org\/wp-content\/uploads\/2017\/09\/cruise-1419799_640.jpg\"},{\"@type\":\"BreadcrumbList\",\"@id\":\"https:\/\/ship-tracker.org\/ms-zaandam\/#breadcrumb\",\"itemListElement\":[{\"@type\":\"ListItem\",\"position\":1,\"name\":\"Startseite\",\"item\":\"https:\/\/ship-tracker.org\/\"},{\"@type\":\"ListItem\",\"position\":2,\"name\":\"MS Zaandam\"}]},{\"@type\":\"WebSite\",\"@id\":\"https:\/\/ship-tracker.org\/#website\",\"url\":\"https:\/\/ship-tracker.org\/\",\"name\":\"Ship-tracker.org\",\"description\":\"\",\"potentialAction\":[{\"@type\":\"SearchAction\",\"target\":{\"@type\":\"EntryPoint\",\"urlTemplate\":\"https:\/\/ship-tracker.org\/?s={search_term_string}\"},\"query-input\":{\"@type\":\"PropertyValueSpecification\",\"valueRequired\":true,\"valueName\":\"search_term_string\"}}],\"inLanguage\":\"nb-NO\"}]}<\/script>\n<!-- \/ Yoast SEO plugin. -->","yoast_head_json":{"title":"MS Zaandam\u2503N\u00e5v\u00e6rende plassering og posisjon til Holland America","description":"MS Zaandam \u2693 N\u00e5v\u00e6rende plassering og posisjon til MS Zaandam \u2713 Cruiseship Tracker \u2713 Live Ship Tracker \u2503 Holland America Line","robots":{"index":"index","follow":"follow","max-snippet":"max-snippet:-1","max-image-preview":"max-image-preview:large","max-video-preview":"max-video-preview:-1"},"canonical":"https:\/\/ship-tracker.org\/nb\/ms-zaandam\/","og_locale":"nb_NO","og_type":"article","og_title":"MS Zaandam\u2503Current location and position of Holland America","og_description":"MS Zaandam \u2693 Current location and position of MS Zaandam \u2713 Cruise Ship Tracker \u2713 Live Ship Tracker \u2503 Holland America Line","og_url":"https:\/\/ship-tracker.org\/nb\/ms-zaandam\/","og_site_name":"Ship-tracker.org","article_modified_time":"2022-10-27T13:05:00+00:00","og_image":[{"url":"https:\/\/ship-tracker.org\/wp-content\/uploads\/2017\/09\/cruise-1419799_640.jpg","type":"","width":"","height":""}],"twitter_card":"summary_large_image","twitter_misc":{"Ansl. lesetid":"1 minutt"},"schema":{"@context":"https:\/\/schema.org","@graph":[{"@type":"WebPage","@id":"https:\/\/ship-tracker.org\/ms-zaandam\/","url":"https:\/\/ship-tracker.org\/ms-zaandam\/","name":"MS Zaandam\u2503N\u00e5v\u00e6rende plassering og posisjon til Holland America","isPartOf":{"@id":"https:\/\/ship-tracker.org\/#website"},"primaryImageOfPage":{"@id":"https:\/\/ship-tracker.org\/ms-zaandam\/#primaryimage"},"image":{"@id":"https:\/\/ship-tracker.org\/ms-zaandam\/#primaryimage"},"thumbnailUrl":"https:\/\/ship-tracker.org\/wp-content\/uploads\/2017\/09\/cruise-1419799_640.jpg","datePublished":"2020-02-17T13:11:32+00:00","dateModified":"2022-10-27T13:05:00+00:00","description":"MS Zaandam \u2693 N\u00e5v\u00e6rende plassering og posisjon til MS Zaandam \u2713 Cruiseship Tracker \u2713 Live Ship Tracker \u2503 Holland America Line","breadcrumb":{"@id":"https:\/\/ship-tracker.org\/ms-zaandam\/#breadcrumb"},"inLanguage":"nb-NO","potentialAction":[{"@type":"ReadAction","target":["https:\/\/ship-tracker.org\/ms-zaandam\/"]}]},{"@type":"ImageObject","inLanguage":"nb-NO","@id":"https:\/\/ship-tracker.org\/ms-zaandam\/#primaryimage","url":"https:\/\/ship-tracker.org\/wp-content\/uploads\/2017\/09\/cruise-1419799_640.jpg","contentUrl":"https:\/\/ship-tracker.org\/wp-content\/uploads\/2017\/09\/cruise-1419799_640.jpg"},{"@type":"BreadcrumbList","@id":"https:\/\/ship-tracker.org\/ms-zaandam\/#breadcrumb","itemListElement":[{"@type":"ListItem","position":1,"name":"Startseite","item":"https:\/\/ship-tracker.org\/"},{"@type":"ListItem","position":2,"name":"MS Zaandam"}]},{"@type":"WebSite","@id":"https:\/\/ship-tracker.org\/#website","url":"https:\/\/ship-tracker.org\/","name":"Ship-tracker.org","description":"","potentialAction":[{"@type":"SearchAction","target":{"@type":"EntryPoint","urlTemplate":"https:\/\/ship-tracker.org\/?s={search_term_string}"},"query-input":{"@type":"PropertyValueSpecification","valueRequired":true,"valueName":"search_term_string"}}],"inLanguage":"nb-NO"}]}},"_links":{"self":[{"href":"https:\/\/ship-tracker.org\/nb\/wp-json\/wp\/v2\/pages\/1911","targetHints":{"allow":["GET"]}}],"collection":[{"href":"https:\/\/ship-tracker.org\/nb\/wp-json\/wp\/v2\/pages"}],"about":[{"href":"https:\/\/ship-tracker.org\/nb\/wp-json\/wp\/v2\/types\/page"}],"author":[{"embeddable":true,"href":"https:\/\/ship-tracker.org\/nb\/wp-json\/wp\/v2\/users\/1"}],"replies":[{"embeddable":true,"href":"https:\/\/ship-tracker.org\/nb\/wp-json\/wp\/v2\/comments?post=1911"}],"version-history":[{"count":3,"href":"https:\/\/ship-tracker.org\/nb\/wp-json\/wp\/v2\/pages\/1911\/revisions"}],"predecessor-version":[{"id":2420,"href":"https:\/\/ship-tracker.org\/nb\/wp-json\/wp\/v2\/pages\/1911\/revisions\/2420"}],"wp:attachment":[{"href":"https:\/\/ship-tracker.org\/nb\/wp-json\/wp\/v2\/media?parent=1911"}],"curies":[{"name":"wp","href":"https:\/\/api.w.org\/{rel}","templated":true}]}}