{"id":1702,"date":"2020-02-14T12:04:20","date_gmt":"2020-02-14T11:04:20","guid":{"rendered":"https:\/\/ship-tracker.org\/?page_id=1702"},"modified":"2022-10-27T13:21:34","modified_gmt":"2022-10-27T11:21:34","slug":"celebrity-flora","status":"publish","type":"page","link":"https:\/\/ship-tracker.org\/nb\/celebrity-flora\/","title":{"rendered":"Kjendisflora"},"content":{"rendered":"<p><script async src=\"https:\/\/pagead2.googlesyndication.com\/pagead\/js\/adsbygoogle.js\"><\/script><br \/>\n<!-- Ship-Tracker Display --><br \/>\n<ins class=\"adsbygoogle\" style=\"display: block;\" data-ad-client=\"ca-pub-1316785063791781\" data-ad-slot=\"8075999632\" data-ad-format=\"auto\" data-full-width-responsive=\"true\"><\/ins><br \/>\n<script>\n     (adsbygoogle = window.adsbygoogle || []).push({});\n<\/script><\/p>\n<h2><span style=\"color: #000000;\">N\u00e5v\u00e6rende plassering og <\/span><span style=\"color: #000000;\">posisjon som Celebrity Flora<\/span><\/h2>\n<p>Hvor er den n\u00e5v\u00e6rende posisjonen til Celebrity Flora for tiden?<br \/>\n<script async src=\"https:\/\/pagead2.googlesyndication.com\/pagead\/js\/adsbygoogle.js\"><\/script><br \/>\n<!-- Schip-Tracker Linkanzeigen --><br \/>\n<ins class=\"adsbygoogle\" style=\"display: block;\" data-ad-client=\"ca-pub-1316785063791781\" data-ad-slot=\"3429004156\" data-ad-format=\"link\" data-full-width-responsive=\"true\"><\/ins><br \/>\n<script>\n     (adsbygoogle = window.adsbygoogle || []).push({});\n<\/script><br \/>\n<script type=\"text\/javascript\">\n  var width=\"100%\";var height=\"400\";\n  var mmsi=735059945;\n<\/script><script type=\"text\/javascript\" src=\"https:\/\/www.vesselfinder.com\/aismap.js\"><\/script><\/p>\n<p><script async src=\"https:\/\/pagead2.googlesyndication.com\/pagead\/js\/adsbygoogle.js\"><\/script><br \/>\n<!-- Ship-Tracker Display --><br \/>\n<ins class=\"adsbygoogle\" style=\"display: block;\" data-ad-client=\"ca-pub-1316785063791781\" data-ad-slot=\"8075999632\" data-ad-format=\"auto\" data-full-width-responsive=\"true\"><\/ins><br \/>\n<script>\n     (adsbygoogle = window.adsbygoogle || []).push({});\n<\/script><\/p>\n<p>Se Celebrity Floras n\u00e5v\u00e6rende plassering. Posisjonen til Celebrity Flora kan bestemmes n\u00f8yaktig av kartene over Schiffsiff og MarineTraffic. S\u00e5 du er alltid godt informert om hvor favorittskipet ditt er for \u00f8yeblikket.<\/p>\n<h2 class=\"title\"><span style=\"color: #000000;\">Gjennomgang og spesifikasjoner for kjendisflora<\/span><\/h2>\n<table style=\"height: 294px;\" width=\"400\">\n<tbody>\n<tr>\n<td style=\"width: 192px;\"><span style=\"color: #000000;\"><strong>Bygge\u00e5r<\/strong><\/span><\/td>\n<td style=\"width: 192px;\"><span style=\"color: #000000;\">2019<\/span><\/td>\n<\/tr>\n<tr>\n<td style=\"width: 192px;\"><span style=\"color: #000000;\"><strong>Bygger<\/strong><\/span><\/td>\n<td style=\"width: 192px;\"><span style=\"color: #000000;\">Skipsverft De Hoop BV<\/span><\/td>\n<\/tr>\n<tr>\n<td style=\"width: 192px;\"><span style=\"color: #000000;\"><strong>Lengde<\/strong><\/span><\/td>\n<td style=\"width: 192px;\"><span style=\"color: #000000;\"><span class=\"specificationUnit\">101 m<\/span><\/span><\/td>\n<\/tr>\n<tr>\n<td style=\"width: 192px;\"><span style=\"color: #000000;\"><strong>Str\u00e5le<\/strong><\/span><\/td>\n<td style=\"width: 192px;\"><span style=\"color: #000000;\"><span class=\"specificationUnit\">17 m<\/span><\/span><\/td>\n<\/tr>\n<tr>\n<td style=\"width: 192px;\"><span style=\"color: #000000;\"><strong>Bruttotonn<\/strong><\/span><\/td>\n<td style=\"width: 192px;\"><span style=\"color: #000000;\">5739<span class=\"specificationUnit\">\u00a0gt<\/span><\/span><\/td>\n<\/tr>\n<tr>\n<td style=\"width: 192px;\"><span style=\"color: #000000;\"><strong>Passasjerer<\/strong><\/span><\/td>\n<td style=\"width: 192px;\"><span style=\"color: #000000;\">120<\/span><\/td>\n<\/tr>\n<tr>\n<td style=\"width: 192px;\"><span style=\"color: #000000;\"><strong>Mannskap<\/strong><\/span><\/td>\n<td style=\"width: 192px;\"><span style=\"color: #000000;\">50<\/span><\/td>\n<\/tr>\n<tr>\n<td style=\"width: 192px;\"><span style=\"color: #000000;\"><strong>Dekk<\/strong>\u00a0<\/span><\/td>\n<td style=\"width: 192px;\"><span style=\"color: #000000;\">8<\/span><\/td>\n<\/tr>\n<tr>\n<td style=\"width: 192px;\"><strong><span style=\"color: #000000;\">Klasse<\/span><\/strong><\/td>\n<td style=\"width: 192px;\"><span style=\"color: #000000;\">Galapagos\u00f8yene ekspedisjonsskip<\/span><\/td>\n<\/tr>\n<tr>\n<td style=\"width: 192px;\"><strong><span style=\"color: #000000;\">Hytter<\/span><\/strong><\/td>\n<td style=\"width: 192px;\"><span style=\"color: #000000;\">50<\/span><\/td>\n<\/tr>\n<tr>\n<td style=\"width: 192px;\"><span style=\"color: #000000;\"><strong><b>Cruiserederi<\/b><\/strong><\/span><\/td>\n<td style=\"width: 192px;\"><a href=\"https:\/\/ship-tracker.org\/nb\/celebrity-cruises\/\">Kjendiscruise<\/a><\/td>\n<\/tr>\n<\/tbody>\n<\/table>\n<p>&nbsp;<\/p>\n<figure id=\"attachment_1703\" aria-describedby=\"caption-attachment-1703\" style=\"width: 780px\" class=\"wp-caption aligncenter\"><img loading=\"lazy\" decoding=\"async\" class=\"size-full wp-image-1703\" src=\"https:\/\/ship-tracker.org\/wp-content\/uploads\/2020\/02\/Knapp-zwei-Dutzend-auf-einmal-Die-neuen-Kreuzfahrtschiffe-2019-9.jpg\" alt=\"Kjendisflora\" width=\"780\" height=\"373\" srcset=\"https:\/\/ship-tracker.org\/wp-content\/uploads\/2020\/02\/Knapp-zwei-Dutzend-auf-einmal-Die-neuen-Kreuzfahrtschiffe-2019-9.jpg 780w, https:\/\/ship-tracker.org\/wp-content\/uploads\/2020\/02\/Knapp-zwei-Dutzend-auf-einmal-Die-neuen-Kreuzfahrtschiffe-2019-9-300x143.jpg 300w, https:\/\/ship-tracker.org\/wp-content\/uploads\/2020\/02\/Knapp-zwei-Dutzend-auf-einmal-Die-neuen-Kreuzfahrtschiffe-2019-9-768x367.jpg 768w\" sizes=\"auto, (max-width: 780px) 100vw, 780px\" \/><figcaption id=\"caption-attachment-1703\" class=\"wp-caption-text\">\u00a9 Celebrity Cruises<\/figcaption><\/figure>\n<h3 class=\"title\">Celebrity Cruises fl\u00e5te<\/h3>\n<ul>\n<li><a href=\"https:\/\/ship-tracker.org\/nb\/celebrity-beyond\/\">Celebrity Beyond<\/a><\/li>\n<li><a href=\"https:\/\/ship-tracker.org\/nb\/celebrity-apex\/\">Kjendis Apex<\/a><\/li>\n<li><a href=\"https:\/\/ship-tracker.org\/nb\/celebrity-edge\/\">Celebrity Edge<\/a><\/li>\n<li><a href=\"https:\/\/ship-tracker.org\/nb\/celebrity-reflection\/\">Kjendisrefleksjon<\/a><\/li>\n<li><a href=\"https:\/\/ship-tracker.org\/nb\/celebrity-silhouette\/\">Kjendis silhuett<\/a><\/li>\n<li><a href=\"https:\/\/ship-tracker.org\/nb\/celebrity-eclipse\/\">Celebrity Eclipse<\/a><\/li>\n<li><a href=\"https:\/\/ship-tracker.org\/nb\/celebrity-equinox\/\">Kjendisjevnd\u00f8gn<\/a><\/li>\n<li><a href=\"https:\/\/ship-tracker.org\/nb\/celebrity-solstice\/\">Kjendissolverv<\/a><\/li>\n<li><a href=\"https:\/\/ship-tracker.org\/nb\/celebrity-xploration\/\">Celebrity Xploration<\/a><\/li>\n<li><a href=\"https:\/\/ship-tracker.org\/nb\/celebrity-constellation\/\">Kjendiskonstellasjon<\/a><\/li>\n<li><a href=\"https:\/\/ship-tracker.org\/nb\/celebrity-xperience\/\">Celebrity Xperience<\/a><\/li>\n<li><a href=\"https:\/\/ship-tracker.org\/nb\/celebrity-infinity\/\">Kjendis Infinity<\/a><\/li>\n<li><a href=\"https:\/\/ship-tracker.org\/nb\/celebrity-summit\/\">Kjendistoppm\u00f8te<\/a><\/li>\n<li><a href=\"https:\/\/ship-tracker.org\/nb\/celebrity-xpedition\/\">Celebrity Xpedition<\/a><\/li>\n<li><a href=\"https:\/\/ship-tracker.org\/nb\/celebrity-millennium\/\">Kjendis Millennium<\/a><\/li>\n<\/ul>\n<p><script async src=\"https:\/\/pagead2.googlesyndication.com\/pagead\/js\/adsbygoogle.js\"><\/script><br \/>\n<!-- Schip-Tracker Linkanzeigen --><br \/>\n<ins class=\"adsbygoogle\" style=\"display: block;\" data-ad-client=\"ca-pub-1316785063791781\" data-ad-slot=\"3429004156\" data-ad-format=\"link\" data-full-width-responsive=\"true\"><\/ins><br \/>\n<script>\n     (adsbygoogle = window.adsbygoogle || []).push({});\n<\/script><\/p>\n<h4><span style=\"color: #000000;\">Video om kjendisflora<\/span><\/h4>\n<div class=\"su-youtube su-u-responsive-media-yes\"><iframe loading=\"lazy\" width=\"600\" height=\"400\" src=\"https:\/\/www.youtube.com\/embed\/V4A7fii_zYQ?\" frameborder=\"0\" allowfullscreen allow=\"autoplay; encrypted-media; picture-in-picture\" title=\"\"><\/iframe><\/div>","protected":false},"excerpt":{"rendered":"<p>Gjeldende plassering og posisjon for Celebrity Flora Hvor er Celebrity Floras n\u00e5v\u00e6rende posisjon? Se Celebrity Floras n\u00e5v\u00e6rende plassering. Celebrity Floras posisjon kan bestemmes n\u00f8yaktig av kartene til Skipsfart\u00f8y og MarineTraffic. S\u00e5 du er alltid godt informert om hvor favorittskipet ditt er for \u00f8yeblikket. Celebrity Flora anmeldelse og spesifikasjoner \u00e5r\u2026&nbsp;<a href=\"https:\/\/ship-tracker.org\/nb\/celebrity-flora\/\" rel=\"bookmark\">Les mer \u00bb<span class=\"screen-reader-text\">Kjendisflora<\/span><\/a><\/p>","protected":false},"author":1,"featured_media":0,"parent":0,"menu_order":0,"comment_status":"closed","ping_status":"closed","template":"","meta":{"neve_meta_sidebar":"","neve_meta_container":"","neve_meta_enable_content_width":"","neve_meta_content_width":0,"neve_meta_title_alignment":"","neve_meta_author_avatar":"","neve_post_elements_order":"","neve_meta_disable_header":"","neve_meta_disable_footer":"","neve_meta_disable_title":"","neve_meta_reading_time":"","footnotes":""},"class_list":["post-1702","page","type-page","status-publish","hentry"],"yoast_head":"<!-- This site is optimized with the Yoast SEO plugin v26.9 - https:\/\/yoast.com\/product\/yoast-seo-wordpress\/ -->\n<title>Celebrity Flora\u2503Current location and position of Celebrity Cruises<\/title>\n<meta name=\"description\" content=\"Celebrity Flora \u2693 Current location and position of Celebrity Flora \u2713 Cruise Ship Tracker \u2713 Live Ship Tracker\" \/>\n<meta name=\"robots\" content=\"index, follow, max-snippet:-1, max-image-preview:large, max-video-preview:-1\" \/>\n<link rel=\"canonical\" href=\"https:\/\/ship-tracker.org\/nb\/celebrity-flora\/\" \/>\n<meta property=\"og:locale\" content=\"nb_NO\" \/>\n<meta property=\"og:type\" content=\"article\" \/>\n<meta property=\"og:title\" content=\"Celebrity Flora\u2503Current location and position of Celebrity Cruises\" \/>\n<meta property=\"og:description\" content=\"Celebrity Flora \u2693 Current location and position of Celebrity Flora \u2713 Cruise Ship Tracker \u2713 Live Ship Tracker\" \/>\n<meta property=\"og:url\" content=\"https:\/\/ship-tracker.org\/nb\/celebrity-flora\/\" \/>\n<meta property=\"og:site_name\" content=\"Ship-tracker.org\" \/>\n<meta property=\"article:modified_time\" content=\"2022-10-27T11:21:34+00:00\" \/>\n<meta property=\"og:image\" content=\"https:\/\/ship-tracker.org\/wp-content\/uploads\/2020\/02\/Knapp-zwei-Dutzend-auf-einmal-Die-neuen-Kreuzfahrtschiffe-2019-9.jpg\" \/>\n<meta name=\"twitter:card\" content=\"summary_large_image\" \/>\n<meta name=\"twitter:label1\" content=\"Ansl. lesetid\" \/>\n\t<meta name=\"twitter:data1\" content=\"1 minutt\" \/>\n<script type=\"application\/ld+json\" class=\"yoast-schema-graph\">{\"@context\":\"https:\/\/schema.org\",\"@graph\":[{\"@type\":\"WebPage\",\"@id\":\"https:\/\/ship-tracker.org\/celebrity-flora\/\",\"url\":\"https:\/\/ship-tracker.org\/celebrity-flora\/\",\"name\":\"Celebrity Flora\u2503Current location and position of Celebrity Cruises\",\"isPartOf\":{\"@id\":\"https:\/\/ship-tracker.org\/#website\"},\"primaryImageOfPage\":{\"@id\":\"https:\/\/ship-tracker.org\/celebrity-flora\/#primaryimage\"},\"image\":{\"@id\":\"https:\/\/ship-tracker.org\/celebrity-flora\/#primaryimage\"},\"thumbnailUrl\":\"https:\/\/ship-tracker.org\/wp-content\/uploads\/2020\/02\/Knapp-zwei-Dutzend-auf-einmal-Die-neuen-Kreuzfahrtschiffe-2019-9.jpg\",\"datePublished\":\"2020-02-14T11:04:20+00:00\",\"dateModified\":\"2022-10-27T11:21:34+00:00\",\"description\":\"Celebrity Flora \u2693 Current location and position of Celebrity Flora \u2713 Cruise Ship Tracker \u2713 Live Ship Tracker\",\"breadcrumb\":{\"@id\":\"https:\/\/ship-tracker.org\/celebrity-flora\/#breadcrumb\"},\"inLanguage\":\"nb-NO\",\"potentialAction\":[{\"@type\":\"ReadAction\",\"target\":[\"https:\/\/ship-tracker.org\/celebrity-flora\/\"]}]},{\"@type\":\"ImageObject\",\"inLanguage\":\"nb-NO\",\"@id\":\"https:\/\/ship-tracker.org\/celebrity-flora\/#primaryimage\",\"url\":\"https:\/\/ship-tracker.org\/wp-content\/uploads\/2020\/02\/Knapp-zwei-Dutzend-auf-einmal-Die-neuen-Kreuzfahrtschiffe-2019-9.jpg\",\"contentUrl\":\"https:\/\/ship-tracker.org\/wp-content\/uploads\/2020\/02\/Knapp-zwei-Dutzend-auf-einmal-Die-neuen-Kreuzfahrtschiffe-2019-9.jpg\"},{\"@type\":\"BreadcrumbList\",\"@id\":\"https:\/\/ship-tracker.org\/celebrity-flora\/#breadcrumb\",\"itemListElement\":[{\"@type\":\"ListItem\",\"position\":1,\"name\":\"Startseite\",\"item\":\"https:\/\/ship-tracker.org\/\"},{\"@type\":\"ListItem\",\"position\":2,\"name\":\"Celebrity Flora\"}]},{\"@type\":\"WebSite\",\"@id\":\"https:\/\/ship-tracker.org\/#website\",\"url\":\"https:\/\/ship-tracker.org\/\",\"name\":\"Ship-tracker.org\",\"description\":\"\",\"potentialAction\":[{\"@type\":\"SearchAction\",\"target\":{\"@type\":\"EntryPoint\",\"urlTemplate\":\"https:\/\/ship-tracker.org\/?s={search_term_string}\"},\"query-input\":{\"@type\":\"PropertyValueSpecification\",\"valueRequired\":true,\"valueName\":\"search_term_string\"}}],\"inLanguage\":\"nb-NO\"}]}<\/script>\n<!-- \/ Yoast SEO plugin. -->","yoast_head_json":{"title":"Celebrity Flora\u2503N\u00e5v\u00e6rende plassering og posisjon til Celebrity Cruises","description":"Celebrity Flora \u2693 N\u00e5v\u00e6rende plassering og posisjon til Celebrity Flora \u2713 Cruise Ship Tracker \u2713 Live Ship Tracker","robots":{"index":"index","follow":"follow","max-snippet":"max-snippet:-1","max-image-preview":"max-image-preview:large","max-video-preview":"max-video-preview:-1"},"canonical":"https:\/\/ship-tracker.org\/nb\/celebrity-flora\/","og_locale":"nb_NO","og_type":"article","og_title":"Celebrity Flora\u2503Current location and position of Celebrity Cruises","og_description":"Celebrity Flora \u2693 Current location and position of Celebrity Flora \u2713 Cruise Ship Tracker \u2713 Live Ship Tracker","og_url":"https:\/\/ship-tracker.org\/nb\/celebrity-flora\/","og_site_name":"Ship-tracker.org","article_modified_time":"2022-10-27T11:21:34+00:00","og_image":[{"url":"https:\/\/ship-tracker.org\/wp-content\/uploads\/2020\/02\/Knapp-zwei-Dutzend-auf-einmal-Die-neuen-Kreuzfahrtschiffe-2019-9.jpg","type":"","width":"","height":""}],"twitter_card":"summary_large_image","twitter_misc":{"Ansl. lesetid":"1 minutt"},"schema":{"@context":"https:\/\/schema.org","@graph":[{"@type":"WebPage","@id":"https:\/\/ship-tracker.org\/celebrity-flora\/","url":"https:\/\/ship-tracker.org\/celebrity-flora\/","name":"Celebrity Flora\u2503N\u00e5v\u00e6rende plassering og posisjon til Celebrity Cruises","isPartOf":{"@id":"https:\/\/ship-tracker.org\/#website"},"primaryImageOfPage":{"@id":"https:\/\/ship-tracker.org\/celebrity-flora\/#primaryimage"},"image":{"@id":"https:\/\/ship-tracker.org\/celebrity-flora\/#primaryimage"},"thumbnailUrl":"https:\/\/ship-tracker.org\/wp-content\/uploads\/2020\/02\/Knapp-zwei-Dutzend-auf-einmal-Die-neuen-Kreuzfahrtschiffe-2019-9.jpg","datePublished":"2020-02-14T11:04:20+00:00","dateModified":"2022-10-27T11:21:34+00:00","description":"Celebrity Flora \u2693 N\u00e5v\u00e6rende plassering og posisjon til Celebrity Flora \u2713 Cruise Ship Tracker \u2713 Live Ship Tracker","breadcrumb":{"@id":"https:\/\/ship-tracker.org\/celebrity-flora\/#breadcrumb"},"inLanguage":"nb-NO","potentialAction":[{"@type":"ReadAction","target":["https:\/\/ship-tracker.org\/celebrity-flora\/"]}]},{"@type":"ImageObject","inLanguage":"nb-NO","@id":"https:\/\/ship-tracker.org\/celebrity-flora\/#primaryimage","url":"https:\/\/ship-tracker.org\/wp-content\/uploads\/2020\/02\/Knapp-zwei-Dutzend-auf-einmal-Die-neuen-Kreuzfahrtschiffe-2019-9.jpg","contentUrl":"https:\/\/ship-tracker.org\/wp-content\/uploads\/2020\/02\/Knapp-zwei-Dutzend-auf-einmal-Die-neuen-Kreuzfahrtschiffe-2019-9.jpg"},{"@type":"BreadcrumbList","@id":"https:\/\/ship-tracker.org\/celebrity-flora\/#breadcrumb","itemListElement":[{"@type":"ListItem","position":1,"name":"Startseite","item":"https:\/\/ship-tracker.org\/"},{"@type":"ListItem","position":2,"name":"Celebrity Flora"}]},{"@type":"WebSite","@id":"https:\/\/ship-tracker.org\/#website","url":"https:\/\/ship-tracker.org\/","name":"Ship-tracker.org","description":"","potentialAction":[{"@type":"SearchAction","target":{"@type":"EntryPoint","urlTemplate":"https:\/\/ship-tracker.org\/?s={search_term_string}"},"query-input":{"@type":"PropertyValueSpecification","valueRequired":true,"valueName":"search_term_string"}}],"inLanguage":"nb-NO"}]}},"_links":{"self":[{"href":"https:\/\/ship-tracker.org\/nb\/wp-json\/wp\/v2\/pages\/1702","targetHints":{"allow":["GET"]}}],"collection":[{"href":"https:\/\/ship-tracker.org\/nb\/wp-json\/wp\/v2\/pages"}],"about":[{"href":"https:\/\/ship-tracker.org\/nb\/wp-json\/wp\/v2\/types\/page"}],"author":[{"embeddable":true,"href":"https:\/\/ship-tracker.org\/nb\/wp-json\/wp\/v2\/users\/1"}],"replies":[{"embeddable":true,"href":"https:\/\/ship-tracker.org\/nb\/wp-json\/wp\/v2\/comments?post=1702"}],"version-history":[{"count":7,"href":"https:\/\/ship-tracker.org\/nb\/wp-json\/wp\/v2\/pages\/1702\/revisions"}],"predecessor-version":[{"id":2245,"href":"https:\/\/ship-tracker.org\/nb\/wp-json\/wp\/v2\/pages\/1702\/revisions\/2245"}],"wp:attachment":[{"href":"https:\/\/ship-tracker.org\/nb\/wp-json\/wp\/v2\/media?parent=1702"}],"curies":[{"name":"wp","href":"https:\/\/api.w.org\/{rel}","templated":true}]}}