{"id":1638,"date":"2020-02-14T10:59:57","date_gmt":"2020-02-14T09:59:57","guid":{"rendered":"https:\/\/ship-tracker.org\/?page_id=1638"},"modified":"2022-10-27T14:26:23","modified_gmt":"2022-10-27T12:26:23","slug":"carnival-mardi-gras","status":"publish","type":"page","link":"https:\/\/ship-tracker.org\/nb\/carnival-mardi-gras\/","title":{"rendered":"Karneval Mardi Gras"},"content":{"rendered":"<p><script async src=\"https:\/\/pagead2.googlesyndication.com\/pagead\/js\/adsbygoogle.js\"><\/script><br \/>\n<!-- Ship-Tracker Display --><br \/>\n<ins class=\"adsbygoogle\" style=\"display: block;\" data-ad-client=\"ca-pub-1316785063791781\" data-ad-slot=\"8075999632\" data-ad-format=\"auto\" data-full-width-responsive=\"true\"><\/ins><br \/>\n<script>\n     (adsbygoogle = window.adsbygoogle || []).push({});\n<\/script><\/p>\n<h2><span style=\"color: #000000;\">N\u00e5v\u00e6rende plassering og <\/span><span style=\"color: #000000;\">plassering av Carnival Mardi Gras<\/span><\/h2>\n<p>Hvor er den n\u00e5v\u00e6rende posisjonen til Carnival Mardi Gras for tiden?<br \/>\n<script async src=\"https:\/\/pagead2.googlesyndication.com\/pagead\/js\/adsbygoogle.js\"><\/script><br \/>\n<!-- Schip-Tracker Linkanzeigen --><br \/>\n<ins class=\"adsbygoogle\" style=\"display: block;\" data-ad-client=\"ca-pub-1316785063791781\" data-ad-slot=\"3429004156\" data-ad-format=\"link\" data-full-width-responsive=\"true\"><\/ins><br \/>\n<script>\n     (adsbygoogle = window.adsbygoogle || []).push({});\n<\/script><\/p>\n<p><script type=\"text\/javascript\">\n  var width=\"100%\";var height=\"400\";\n  var mmsi=311001049;\n<\/script><script type=\"text\/javascript\" src=\"https:\/\/www.vesselfinder.com\/aismap.js\"><\/script><\/p>\n<p><script async src=\"https:\/\/pagead2.googlesyndication.com\/pagead\/js\/adsbygoogle.js\"><\/script><br \/>\n<!-- Ship-Tracker Display --><br \/>\n<ins class=\"adsbygoogle\" style=\"display: block;\" data-ad-client=\"ca-pub-1316785063791781\" data-ad-slot=\"8075999632\" data-ad-format=\"auto\" data-full-width-responsive=\"true\"><\/ins><br \/>\n<script>\n     (adsbygoogle = window.adsbygoogle || []).push({});\n<\/script><\/p>\n<p>Se Carnival Mardi Gras n\u00e5v\u00e6rende plassering. Plasseringen til Carnival Mardi Gras kan bestemmes n\u00f8yaktig av kartene over Schiffsradar og MarineTraffic. S\u00e5 du er alltid godt informert om hvor favorittskipet ditt er for \u00f8yeblikket.<\/p>\n<h2 class=\"pageTitle shipItemTitle\"><span style=\"color: #000000;\">Carnival Mardi Gras gjennomgang og spesifikasjoner<\/span><\/h2>\n<table style=\"height: 294px;\" width=\"400\">\n<tbody>\n<tr>\n<td style=\"width: 192px;\"><strong><span style=\"color: #000000;\">Klasse<\/span><\/strong><\/td>\n<td style=\"width: 192px;\"><span style=\"color: #000000;\">Excellence-Helios<\/span><\/td>\n<\/tr>\n<tr>\n<td style=\"width: 192px;\"><span style=\"color: #000000;\"><strong>Bygge\u00e5r<\/strong><\/span><\/td>\n<td style=\"width: 192px;\"><span style=\"color: #000000;\">2020<\/span><\/td>\n<\/tr>\n<tr>\n<td style=\"width: 192px;\"><span style=\"color: #000000;\"><strong>Bygger<\/strong><\/span><\/td>\n<td style=\"width: 192px;\"><span style=\"color: #000000;\">Fincantieri<\/span><\/td>\n<\/tr>\n<tr>\n<td style=\"width: 192px;\"><span style=\"color: #000000;\"><strong>Lengde<\/strong><\/span><\/td>\n<td style=\"width: 192px;\"><span style=\"color: #000000;\">344<span class=\"specificationUnit\">\u00a0m<\/span><br \/>\n<\/span><\/td>\n<\/tr>\n<tr>\n<td style=\"width: 192px;\"><span style=\"color: #000000;\"><strong>Str\u00e5le<\/strong><\/span><\/td>\n<td style=\"width: 192px;\"><span style=\"color: #000000;\"><span class=\"specificationUnit\">42 m<\/span><\/span><\/td>\n<\/tr>\n<tr>\n<td style=\"width: 192px;\"><span style=\"color: #000000;\"><strong>Bruttotonn<\/strong><\/span><\/td>\n<td style=\"width: 192px;\"><span style=\"color: #000000;\">180800<span class=\"specificationUnit\">\u00a0gt<\/span><\/span><\/td>\n<\/tr>\n<tr>\n<td style=\"width: 192px;\"><span style=\"color: #000000;\"><strong>Passasjerer<\/strong><\/span><\/td>\n<td style=\"width: 192px;\"><span style=\"color: #000000;\">6338<\/span><\/td>\n<\/tr>\n<tr>\n<td style=\"width: 192px;\"><span style=\"color: #000000;\"><strong>Mannskap<\/strong><\/span><\/td>\n<td style=\"width: 192px;\"><span style=\"color: #000000;\">1745<\/span><\/td>\n<\/tr>\n<tr>\n<td style=\"width: 192px;\"><span style=\"color: #000000;\"><strong>Dekk<\/strong>\u00a0<\/span><\/td>\n<td style=\"width: 192px;\"><span style=\"color: #000000;\">18<\/span><\/td>\n<\/tr>\n<tr>\n<td style=\"width: 192px;\"><span style=\"color: #000000;\"><strong>Hastighet<\/strong><\/span><\/td>\n<td style=\"width: 192px;\"><span style=\"color: #000000;\">23<span class=\"specificationUnit\">\u00a0kn<\/span><\/span><\/td>\n<\/tr>\n<tr>\n<td style=\"width: 192px;\"><span style=\"color: #000000;\"><strong><b>Fremdrift<\/b><\/strong><\/span><\/td>\n<td style=\"width: 192px;\"><span style=\"color: #000000;\">Diesel-elektrisk<\/span><\/td>\n<\/tr>\n<tr>\n<td style=\"width: 192px;\"><span style=\"color: #000000;\"><strong><b>Eieren<\/b><\/strong><\/span><\/td>\n<td style=\"width: 192px;\"><a href=\"https:\/\/ship-tracker.org\/nb\/carnival-cruise-line\/\">Carnival Cruise Line<\/a><\/td>\n<\/tr>\n<\/tbody>\n<\/table>\n<p>&nbsp;<\/p>\n<figure id=\"attachment_1639\" aria-describedby=\"caption-attachment-1639\" style=\"width: 700px\" class=\"wp-caption aligncenter\"><img loading=\"lazy\" decoding=\"async\" class=\"wp-image-1639 size-full\" src=\"https:\/\/ship-tracker.org\/wp-content\/uploads\/2020\/02\/cl_md_exterior_sideprofile_aerial_rend_0.jpg\" alt=\"Karneval Mardi Gras\" width=\"700\" height=\"466\" srcset=\"https:\/\/ship-tracker.org\/wp-content\/uploads\/2020\/02\/cl_md_exterior_sideprofile_aerial_rend_0.jpg 700w, https:\/\/ship-tracker.org\/wp-content\/uploads\/2020\/02\/cl_md_exterior_sideprofile_aerial_rend_0-300x200.jpg 300w\" sizes=\"auto, (max-width: 700px) 100vw, 700px\" \/><figcaption id=\"caption-attachment-1639\" class=\"wp-caption-text\">\u00a9 Carnival Corporation<\/figcaption><\/figure>\n<h3 class=\"title\">Carnival Cruise Line fl\u00e5te<\/h3>\n<ul>\n<li><a href=\"https:\/\/ship-tracker.org\/nb\/carnival-panorama\/\">Karneval Panorama<\/a><\/li>\n<li><a href=\"https:\/\/ship-tracker.org\/nb\/carnival-horizon\/\">Karneval Horisont<\/a><\/li>\n<li><a href=\"https:\/\/ship-tracker.org\/nb\/carnival-vista\/\">Karneval Vista<\/a><\/li>\n<li><a href=\"https:\/\/ship-tracker.org\/nb\/carnival-breeze\/\">Carnival Breeze<\/a><\/li>\n<li><a href=\"https:\/\/ship-tracker.org\/nb\/carnival-magic\/\">Magi i karnevalet<\/a><\/li>\n<li><a href=\"https:\/\/ship-tracker.org\/nb\/carnival-dream\/\">Karnevalsdr\u00f8m<\/a><\/li>\n<li><a href=\"https:\/\/ship-tracker.org\/nb\/carnival-splendor\/\">Carnival Splendor<\/a><\/li>\n<li><a href=\"https:\/\/ship-tracker.org\/nb\/carnival-freedom\/\">Karnevalsfrihet<\/a><\/li>\n<li><a href=\"https:\/\/ship-tracker.org\/nb\/carnival-liberty\/\">Karneval Liberty<\/a><\/li>\n<li><a href=\"https:\/\/ship-tracker.org\/nb\/carnival-valor\/\">Carnival Valor<\/a><\/li>\n<li><a href=\"https:\/\/ship-tracker.org\/nb\/carnival-miracle\/\">Karnevalsmirakel<\/a><\/li>\n<li><a href=\"https:\/\/ship-tracker.org\/nb\/carnival-glory\/\">Carnival Glory<\/a><\/li>\n<li><a href=\"https:\/\/ship-tracker.org\/nb\/carnival-legend\/\">Karnevalslegende<\/a><\/li>\n<li><a href=\"https:\/\/ship-tracker.org\/nb\/carnival-conquest\/\">Karneval erobring<\/a><\/li>\n<li><a href=\"https:\/\/ship-tracker.org\/nb\/carnival-spirit\/\">Karnevals\u00e5nd<\/a><\/li>\n<li><a href=\"https:\/\/ship-tracker.org\/nb\/carnival-pride\/\">Carnival Pride<\/a><\/li>\n<li><a href=\"https:\/\/ship-tracker.org\/nb\/carnival-radiance\/\">Carnival Radiance<\/a><\/li>\n<li><a href=\"https:\/\/ship-tracker.org\/nb\/carnival-sunrise\/\">Karneval soloppgang<\/a><\/li>\n<li><a href=\"https:\/\/ship-tracker.org\/nb\/carnival-elation\/\">Carnival Elation<\/a><\/li>\n<li><a href=\"https:\/\/ship-tracker.org\/nb\/carnival-paradise\/\">Karneval paradis<\/a><\/li>\n<li><a href=\"https:\/\/ship-tracker.org\/nb\/carnival-inspiration\/\">Karneval inspirasjon<\/a><\/li>\n<li><a href=\"https:\/\/ship-tracker.org\/nb\/carnival-sunshine\/\">Karneval solskinn<\/a><\/li>\n<li><a href=\"https:\/\/ship-tracker.org\/nb\/carnival-imagination\/\">Karnevalsfantasi<\/a><\/li>\n<li><a href=\"https:\/\/ship-tracker.org\/nb\/carnival-fascination\/\">Karnevalsfascinasjon<\/a><\/li>\n<li><a href=\"https:\/\/ship-tracker.org\/nb\/carnival-sensation\/\">Karnevalssensasjon<\/a><\/li>\n<li><a href=\"https:\/\/ship-tracker.org\/nb\/carnival-ecstasy\/\">Carnival Ecstasy<\/a><\/li>\n<li><a href=\"https:\/\/ship-tracker.org\/nb\/carnival-fantasy\/\">Karnevalsfantasi<\/a><\/li>\n<\/ul>\n<p><script async src=\"https:\/\/pagead2.googlesyndication.com\/pagead\/js\/adsbygoogle.js\"><\/script><br \/>\n<!-- Schip-Tracker Linkanzeigen --><br \/>\n<ins class=\"adsbygoogle\" style=\"display: block;\" data-ad-client=\"ca-pub-1316785063791781\" data-ad-slot=\"3429004156\" data-ad-format=\"link\" data-full-width-responsive=\"true\"><\/ins><br \/>\n<script>\n     (adsbygoogle = window.adsbygoogle || []).push({});\n<\/script><\/p>\n<h4><span style=\"color: #000000;\">Karneval Mardi Gras video<\/span><\/h4>\n<div class=\"su-youtube su-u-responsive-media-yes\"><iframe loading=\"lazy\" width=\"600\" height=\"400\" src=\"https:\/\/www.youtube.com\/embed\/cmd2h-2q1n4?\" frameborder=\"0\" allowfullscreen allow=\"autoplay; encrypted-media; picture-in-picture\" title=\"\"><\/iframe><\/div>","protected":false},"excerpt":{"rendered":"<p>Gjeldende plassering og posisjon for Carnival Mardi Gras Hvor er Carnival Mardi Gras&#039; n\u00e5v\u00e6rende posisjon for \u00f8yeblikket? Se Carnival Mardi Gras&#039; n\u00e5v\u00e6rende plassering. Posisjonen til Carnival Mardi Gras kan bestemmes n\u00f8yaktig av kartene til Skipsskib og MarineTraffic. S\u00e5 du er alltid godt informert om hvor favorittskipet ditt er for \u00f8yeblikket. Carnival Mardi\u2026&nbsp;<a href=\"https:\/\/ship-tracker.org\/nb\/carnival-mardi-gras\/\" rel=\"bookmark\">Les mer \u00bb<span class=\"screen-reader-text\">Karneval Mardi Gras<\/span><\/a><\/p>","protected":false},"author":1,"featured_media":0,"parent":0,"menu_order":0,"comment_status":"closed","ping_status":"closed","template":"","meta":{"neve_meta_sidebar":"","neve_meta_container":"","neve_meta_enable_content_width":"","neve_meta_content_width":0,"neve_meta_title_alignment":"","neve_meta_author_avatar":"","neve_post_elements_order":"","neve_meta_disable_header":"","neve_meta_disable_footer":"","neve_meta_disable_title":"","neve_meta_reading_time":"","footnotes":""},"class_list":["post-1638","page","type-page","status-publish","hentry"],"yoast_head":"<!-- This site is optimized with the Yoast SEO plugin v27.4 - https:\/\/yoast.com\/product\/yoast-seo-wordpress\/ -->\n<title>Carnival Mardi Gras \u2503Current position and location of Carnival<\/title>\n<meta name=\"description\" content=\"Carnival Mardi Gras \u2693 Current position of Carnival Mardi Gras \u2713 Cruise Ship Tracker \u2713 Live Ship Tracker \u2713 Webcam\" \/>\n<meta name=\"robots\" content=\"index, follow, max-snippet:-1, max-image-preview:large, max-video-preview:-1\" \/>\n<link rel=\"canonical\" href=\"https:\/\/ship-tracker.org\/nb\/carnival-mardi-gras\/\" \/>\n<meta property=\"og:locale\" content=\"nb_NO\" \/>\n<meta property=\"og:type\" content=\"article\" \/>\n<meta property=\"og:title\" content=\"Carnival Mardi Gras \u2503Current position and location of Carnival\" \/>\n<meta property=\"og:description\" content=\"Carnival Mardi Gras \u2693 Current position of Carnival Mardi Gras \u2713 Cruise Ship Tracker \u2713 Live Ship Tracker \u2713 Webcam\" \/>\n<meta property=\"og:url\" content=\"https:\/\/ship-tracker.org\/nb\/carnival-mardi-gras\/\" \/>\n<meta property=\"og:site_name\" content=\"Ship-tracker.org\" \/>\n<meta property=\"article:modified_time\" content=\"2022-10-27T12:26:23+00:00\" \/>\n<meta property=\"og:image\" content=\"https:\/\/ship-tracker.org\/wp-content\/uploads\/2020\/02\/cl_md_exterior_sideprofile_aerial_rend_0.jpg\" \/>\n<meta name=\"twitter:card\" content=\"summary_large_image\" \/>\n<meta name=\"twitter:label1\" content=\"Ansl. lesetid\" \/>\n\t<meta name=\"twitter:data1\" content=\"2 minutter\" \/>\n<script type=\"application\/ld+json\" class=\"yoast-schema-graph\">{\"@context\":\"https:\\\/\\\/schema.org\",\"@graph\":[{\"@type\":\"WebPage\",\"@id\":\"https:\\\/\\\/ship-tracker.org\\\/carnival-mardi-gras\\\/\",\"url\":\"https:\\\/\\\/ship-tracker.org\\\/carnival-mardi-gras\\\/\",\"name\":\"Carnival Mardi Gras \u2503Current position and location of Carnival\",\"isPartOf\":{\"@id\":\"https:\\\/\\\/ship-tracker.org\\\/#website\"},\"primaryImageOfPage\":{\"@id\":\"https:\\\/\\\/ship-tracker.org\\\/carnival-mardi-gras\\\/#primaryimage\"},\"image\":{\"@id\":\"https:\\\/\\\/ship-tracker.org\\\/carnival-mardi-gras\\\/#primaryimage\"},\"thumbnailUrl\":\"https:\\\/\\\/ship-tracker.org\\\/wp-content\\\/uploads\\\/2020\\\/02\\\/cl_md_exterior_sideprofile_aerial_rend_0.jpg\",\"datePublished\":\"2020-02-14T09:59:57+00:00\",\"dateModified\":\"2022-10-27T12:26:23+00:00\",\"description\":\"Carnival Mardi Gras \u2693 Current position of Carnival Mardi Gras \u2713 Cruise Ship Tracker \u2713 Live Ship Tracker \u2713 Webcam\",\"breadcrumb\":{\"@id\":\"https:\\\/\\\/ship-tracker.org\\\/carnival-mardi-gras\\\/#breadcrumb\"},\"inLanguage\":\"nb-NO\",\"potentialAction\":[{\"@type\":\"ReadAction\",\"target\":[\"https:\\\/\\\/ship-tracker.org\\\/carnival-mardi-gras\\\/\"]}]},{\"@type\":\"ImageObject\",\"inLanguage\":\"nb-NO\",\"@id\":\"https:\\\/\\\/ship-tracker.org\\\/carnival-mardi-gras\\\/#primaryimage\",\"url\":\"https:\\\/\\\/ship-tracker.org\\\/wp-content\\\/uploads\\\/2020\\\/02\\\/cl_md_exterior_sideprofile_aerial_rend_0.jpg\",\"contentUrl\":\"https:\\\/\\\/ship-tracker.org\\\/wp-content\\\/uploads\\\/2020\\\/02\\\/cl_md_exterior_sideprofile_aerial_rend_0.jpg\"},{\"@type\":\"BreadcrumbList\",\"@id\":\"https:\\\/\\\/ship-tracker.org\\\/carnival-mardi-gras\\\/#breadcrumb\",\"itemListElement\":[{\"@type\":\"ListItem\",\"position\":1,\"name\":\"Startseite\",\"item\":\"https:\\\/\\\/ship-tracker.org\\\/\"},{\"@type\":\"ListItem\",\"position\":2,\"name\":\"Carnival Mardi Gras\"}]},{\"@type\":\"WebSite\",\"@id\":\"https:\\\/\\\/ship-tracker.org\\\/#website\",\"url\":\"https:\\\/\\\/ship-tracker.org\\\/\",\"name\":\"Ship-tracker.org\",\"description\":\"\",\"potentialAction\":[{\"@type\":\"SearchAction\",\"target\":{\"@type\":\"EntryPoint\",\"urlTemplate\":\"https:\\\/\\\/ship-tracker.org\\\/?s={search_term_string}\"},\"query-input\":{\"@type\":\"PropertyValueSpecification\",\"valueRequired\":true,\"valueName\":\"search_term_string\"}}],\"inLanguage\":\"nb-NO\"}]}<\/script>\n<!-- \/ Yoast SEO plugin. -->","yoast_head_json":{"title":"Carnival Mardi Gras \u2503N\u00e5v\u00e6rende posisjon og plassering av Carnival","description":"Carnival Mardi Gras \u2693 N\u00e5v\u00e6rende posisjon til Carnival Mardi Gras \u2713 Cruiseship Tracker \u2713 Live Ship Tracker \u2713 Webcam","robots":{"index":"index","follow":"follow","max-snippet":"max-snippet:-1","max-image-preview":"max-image-preview:large","max-video-preview":"max-video-preview:-1"},"canonical":"https:\/\/ship-tracker.org\/nb\/carnival-mardi-gras\/","og_locale":"nb_NO","og_type":"article","og_title":"Carnival Mardi Gras \u2503Current position and location of Carnival","og_description":"Carnival Mardi Gras \u2693 Current position of Carnival Mardi Gras \u2713 Cruise Ship Tracker \u2713 Live Ship Tracker \u2713 Webcam","og_url":"https:\/\/ship-tracker.org\/nb\/carnival-mardi-gras\/","og_site_name":"Ship-tracker.org","article_modified_time":"2022-10-27T12:26:23+00:00","og_image":[{"url":"https:\/\/ship-tracker.org\/wp-content\/uploads\/2020\/02\/cl_md_exterior_sideprofile_aerial_rend_0.jpg","type":"","width":"","height":""}],"twitter_card":"summary_large_image","twitter_misc":{"Ansl. lesetid":"2 minutter"},"schema":{"@context":"https:\/\/schema.org","@graph":[{"@type":"WebPage","@id":"https:\/\/ship-tracker.org\/carnival-mardi-gras\/","url":"https:\/\/ship-tracker.org\/carnival-mardi-gras\/","name":"Carnival Mardi Gras \u2503N\u00e5v\u00e6rende posisjon og plassering av Carnival","isPartOf":{"@id":"https:\/\/ship-tracker.org\/#website"},"primaryImageOfPage":{"@id":"https:\/\/ship-tracker.org\/carnival-mardi-gras\/#primaryimage"},"image":{"@id":"https:\/\/ship-tracker.org\/carnival-mardi-gras\/#primaryimage"},"thumbnailUrl":"https:\/\/ship-tracker.org\/wp-content\/uploads\/2020\/02\/cl_md_exterior_sideprofile_aerial_rend_0.jpg","datePublished":"2020-02-14T09:59:57+00:00","dateModified":"2022-10-27T12:26:23+00:00","description":"Carnival Mardi Gras \u2693 N\u00e5v\u00e6rende posisjon til Carnival Mardi Gras \u2713 Cruiseship Tracker \u2713 Live Ship Tracker \u2713 Webcam","breadcrumb":{"@id":"https:\/\/ship-tracker.org\/carnival-mardi-gras\/#breadcrumb"},"inLanguage":"nb-NO","potentialAction":[{"@type":"ReadAction","target":["https:\/\/ship-tracker.org\/carnival-mardi-gras\/"]}]},{"@type":"ImageObject","inLanguage":"nb-NO","@id":"https:\/\/ship-tracker.org\/carnival-mardi-gras\/#primaryimage","url":"https:\/\/ship-tracker.org\/wp-content\/uploads\/2020\/02\/cl_md_exterior_sideprofile_aerial_rend_0.jpg","contentUrl":"https:\/\/ship-tracker.org\/wp-content\/uploads\/2020\/02\/cl_md_exterior_sideprofile_aerial_rend_0.jpg"},{"@type":"BreadcrumbList","@id":"https:\/\/ship-tracker.org\/carnival-mardi-gras\/#breadcrumb","itemListElement":[{"@type":"ListItem","position":1,"name":"Startseite","item":"https:\/\/ship-tracker.org\/"},{"@type":"ListItem","position":2,"name":"Carnival Mardi Gras"}]},{"@type":"WebSite","@id":"https:\/\/ship-tracker.org\/#website","url":"https:\/\/ship-tracker.org\/","name":"Ship-tracker.org","description":"","potentialAction":[{"@type":"SearchAction","target":{"@type":"EntryPoint","urlTemplate":"https:\/\/ship-tracker.org\/?s={search_term_string}"},"query-input":{"@type":"PropertyValueSpecification","valueRequired":true,"valueName":"search_term_string"}}],"inLanguage":"nb-NO"}]}},"_links":{"self":[{"href":"https:\/\/ship-tracker.org\/nb\/wp-json\/wp\/v2\/pages\/1638","targetHints":{"allow":["GET"]}}],"collection":[{"href":"https:\/\/ship-tracker.org\/nb\/wp-json\/wp\/v2\/pages"}],"about":[{"href":"https:\/\/ship-tracker.org\/nb\/wp-json\/wp\/v2\/types\/page"}],"author":[{"embeddable":true,"href":"https:\/\/ship-tracker.org\/nb\/wp-json\/wp\/v2\/users\/1"}],"replies":[{"embeddable":true,"href":"https:\/\/ship-tracker.org\/nb\/wp-json\/wp\/v2\/comments?post=1638"}],"version-history":[{"count":5,"href":"https:\/\/ship-tracker.org\/nb\/wp-json\/wp\/v2\/pages\/1638\/revisions"}],"predecessor-version":[{"id":3346,"href":"https:\/\/ship-tracker.org\/nb\/wp-json\/wp\/v2\/pages\/1638\/revisions\/3346"}],"wp:attachment":[{"href":"https:\/\/ship-tracker.org\/nb\/wp-json\/wp\/v2\/media?parent=1638"}],"curies":[{"name":"wp","href":"https:\/\/api.w.org\/{rel}","templated":true}]}}