{"id":1551,"date":"2020-04-29T14:30:38","date_gmt":"2020-04-29T12:30:38","guid":{"rendered":"https:\/\/ship-tracker.org\/?page_id=1551"},"modified":"2022-11-01T12:53:43","modified_gmt":"2022-11-01T11:53:43","slug":"carnival-cruise-line","status":"publish","type":"page","link":"https:\/\/ship-tracker.org\/nb\/carnival-cruise-line\/","title":{"rendered":"Carnival Cruise Line"},"content":{"rendered":"<h2>Carnival Cruise Line Fleet Plassering Skip, IMO-nummer, MMSI, Webkameraer<\/h2>\n<p>Hvor er den n\u00e5v\u00e6rende posisjonen til Carnival Cruise Line Fleet for tiden?<\/p>\n<table style=\"border-collapse: collapse; width: 100%; height: 783px;\">\n<tbody>\n<tr style=\"height: 24px;\">\n<td style=\"width: 33.3333%; height: 24px;\"><span style=\"color: #1f405b;\"><strong>Skip<\/strong><\/span><\/td>\n<td style=\"width: 33.3333%; height: 24px;\"><span style=\"color: #1f405b;\"><strong>IMO<\/strong><\/span><\/td>\n<td style=\"width: 33.3333%; height: 24px;\"><span style=\"color: #1f405b;\"><strong>MMSI<\/strong><\/span><\/td>\n<\/tr>\n<tr style=\"height: 24px;\">\n<td style=\"width: 33.3333%; height: 24px;\"><a href=\"https:\/\/ship-tracker.org\/nb\/carnival-inspiration\/\">Karneval inspirasjon<\/a><\/td>\n<td style=\"width: 33.3333%; height: 24px;\">9087489<\/td>\n<td style=\"width: 33.3333%; height: 24px;\">309484000<\/td>\n<\/tr>\n<tr style=\"height: 24px;\">\n<td style=\"width: 33.3333%; height: 24px;\"><a href=\"https:\/\/ship-tracker.org\/nb\/carnival-sunshine\/\">Karneval solskinn<\/a><\/td>\n<td style=\"width: 33.3333%; height: 24px;\">9070058<\/td>\n<td style=\"width: 33.3333%; height: 24px;\">308017000<\/td>\n<\/tr>\n<tr style=\"height: 24px;\">\n<td style=\"width: 33.3333%; height: 24px;\"><a href=\"https:\/\/ship-tracker.org\/nb\/carnival-splendor\/\">Carnival Splendor<\/a><\/td>\n<td style=\"width: 33.3333%; height: 24px;\">9333163<\/td>\n<td style=\"width: 33.3333%; height: 24px;\">372808000<\/td>\n<\/tr>\n<tr style=\"height: 24px;\">\n<td style=\"width: 33.3333%; height: 24px;\"><a href=\"https:\/\/ship-tracker.org\/nb\/carnival-legend\/\">Karnevalslegende<\/a><\/td>\n<td style=\"width: 33.3333%; height: 24px;\">9224726<\/td>\n<td style=\"width: 33.3333%; height: 24px;\">229857000<\/td>\n<\/tr>\n<tr style=\"height: 24px;\">\n<td style=\"width: 33.3333%; height: 24px;\"><a href=\"https:\/\/ship-tracker.org\/nb\/carnival-spirit\/\">Karnevals\u00e5nd<\/a><\/td>\n<td style=\"width: 33.3333%; height: 24px;\">9188647<\/td>\n<td style=\"width: 33.3333%; height: 24px;\">229136000<\/td>\n<\/tr>\n<tr style=\"height: 24px;\">\n<td style=\"width: 33.3333%; height: 24px;\"><a href=\"https:\/\/ship-tracker.org\/nb\/carnival-triumph\/\">Carnival Triumph<\/a><\/td>\n<td style=\"width: 33.3333%; height: 24px;\">9138850<\/td>\n<td style=\"width: 33.3333%; height: 24px;\">308045000<\/td>\n<\/tr>\n<tr style=\"height: 24px;\">\n<td style=\"width: 33.3333%; height: 24px;\"><a href=\"https:\/\/ship-tracker.org\/nb\/carnival-liberty\/\">Karneval Liberty<\/a><\/td>\n<td style=\"width: 33.3333%; height: 24px;\">9278181<\/td>\n<td style=\"width: 33.3333%; height: 24px;\">371083000<\/td>\n<\/tr>\n<tr style=\"height: 24px;\">\n<td style=\"width: 33.3333%; height: 24px;\"><a href=\"https:\/\/ship-tracker.org\/nb\/carnival-elation\/\">Carnival Elation<\/a><\/td>\n<td style=\"width: 33.3333%; height: 24px;\">9118721<\/td>\n<td style=\"width: 33.3333%; height: 24px;\">355831000<\/td>\n<\/tr>\n<tr class=\"alt\" style=\"height: 24px;\">\n<td style=\"width: 33.3333%; height: 24px;\"><a href=\"https:\/\/ship-tracker.org\/nb\/carnival-freedom\/\">Karnevalsfrihet<\/a><\/td>\n<td style=\"width: 33.3333%; height: 24px;\">9333149<\/td>\n<td style=\"width: 33.3333%; height: 24px;\">371154000<\/td>\n<\/tr>\n<tr style=\"height: 24px;\">\n<td style=\"width: 33.3333%; height: 24px;\"><a href=\"https:\/\/ship-tracker.org\/nb\/carnival-ecstasy\/\">Carnival Ecstasy<\/a><\/td>\n<td style=\"width: 33.3333%; height: 24px;\">8711344<\/td>\n<td style=\"width: 33.3333%; height: 24px;\">353479000<\/td>\n<\/tr>\n<tr style=\"height: 24px;\">\n<td style=\"width: 33.3333%; height: 24px;\"><a href=\"https:\/\/ship-tracker.org\/nb\/carnival-fantasy\/\">Karnevalsfantasi<\/a><\/td>\n<td style=\"width: 33.3333%; height: 24px;\">8700773<\/td>\n<td style=\"width: 33.3333%; height: 24px;\">353486000<\/td>\n<\/tr>\n<tr style=\"height: 24px;\">\n<td style=\"width: 33.3333%; height: 24px;\"><a href=\"https:\/\/ship-tracker.org\/nb\/carnival-imagination\/\">Karnevalsfantasi<\/a><\/td>\n<td style=\"width: 33.3333%; height: 24px;\">9053878<\/td>\n<td style=\"width: 33.3333%; height: 24px;\">309933000<\/td>\n<\/tr>\n<tr style=\"height: 24px;\">\n<td style=\"width: 33.3333%; height: 24px;\"><a href=\"https:\/\/ship-tracker.org\/nb\/carnival-valor\/\">Carnival Valor<\/a><\/td>\n<td style=\"width: 33.3333%; height: 24px;\">9236389<\/td>\n<td style=\"width: 33.3333%; height: 24px;\">354298000<\/td>\n<\/tr>\n<tr style=\"height: 24px;\">\n<td style=\"width: 33.3333%; height: 24px;\"><a href=\"https:\/\/ship-tracker.org\/nb\/carnival-fascination\/\">Karnevalsfascinasjon<\/a><\/td>\n<td style=\"width: 33.3333%; height: 24px;\">9041253<\/td>\n<td style=\"width: 33.3333%; height: 24px;\">309682000<\/td>\n<\/tr>\n<tr style=\"height: 24px;\">\n<td style=\"width: 33.3333%; height: 24px;\"><a href=\"https:\/\/ship-tracker.org\/nb\/carnival-conquest\/\">Karneval erobring<\/a><\/td>\n<td style=\"width: 33.3333%; height: 24px;\">9198355<\/td>\n<td style=\"width: 33.3333%; height: 24px;\">357657000<\/td>\n<\/tr>\n<tr style=\"height: 24px;\">\n<td style=\"width: 33.3333%; height: 24px;\"><a href=\"https:\/\/ship-tracker.org\/nb\/carnival-victory\/\">Karnevalets seier<\/a><\/td>\n<td style=\"width: 33.3333%; height: 24px;\">9172648<\/td>\n<td style=\"width: 33.3333%; height: 24px;\">355263000<\/td>\n<\/tr>\n<tr style=\"height: 24px;\">\n<td style=\"width: 33.3333%; height: 24px;\"><a href=\"https:\/\/ship-tracker.org\/nb\/carnival-pride\/\">Carnival Pride<\/a><\/td>\n<td style=\"width: 33.3333%; height: 24px;\">9223954<\/td>\n<td style=\"width: 33.3333%; height: 24px;\">354215000<\/td>\n<\/tr>\n<tr style=\"height: 24px;\">\n<td style=\"width: 33.3333%; height: 24px;\"><a href=\"https:\/\/ship-tracker.org\/nb\/carnival-dream\/\">Karnevalsdr\u00f8m<\/a><\/td>\n<td style=\"width: 33.3333%; height: 24px;\">9378474<\/td>\n<td style=\"width: 33.3333%; height: 24px;\">370490000<\/td>\n<\/tr>\n<tr style=\"height: 24px;\">\n<td style=\"width: 33.3333%; height: 24px;\"><a href=\"https:\/\/ship-tracker.org\/nb\/carnival-magic\/\">Magi i karnevalet<\/a><\/td>\n<td style=\"width: 33.3333%; height: 24px;\">9378486<\/td>\n<td style=\"width: 33.3333%; height: 24px;\">370491000<\/td>\n<\/tr>\n<tr style=\"height: 19px;\">\n<td style=\"width: 33.3333%; height: 19px;\"><a href=\"https:\/\/ship-tracker.org\/nb\/carnival-sensation\/\">Karnevalssensasjon<\/a><\/td>\n<td style=\"width: 33.3333%; height: 19px;\">8711356<\/td>\n<td style=\"width: 33.3333%; height: 19px;\">309697000<\/td>\n<\/tr>\n<tr style=\"height: 24px;\">\n<td style=\"width: 33.3333%; height: 24px;\"><a href=\"https:\/\/ship-tracker.org\/nb\/carnival-vista\/\">Karneval Vista<\/a><\/td>\n<td style=\"width: 33.3333%; height: 24px;\">9692569<\/td>\n<td style=\"width: 33.3333%; height: 24px;\">356883000<\/td>\n<\/tr>\n<tr style=\"height: 24px;\">\n<td style=\"width: 33.3333%; height: 24px;\"><a href=\"https:\/\/ship-tracker.org\/nb\/carnival-paradise\/\">Karneval paradis<\/a><\/td>\n<td style=\"width: 33.3333%; height: 24px;\">9120877<\/td>\n<td style=\"width: 33.3333%; height: 24px;\">355833000<\/td>\n<\/tr>\n<tr style=\"height: 24px;\">\n<td style=\"width: 33.3333%; height: 24px;\"><a href=\"https:\/\/ship-tracker.org\/nb\/carnival-breeze\/\">Carnival Breeze<\/a><\/td>\n<td style=\"width: 33.3333%; height: 24px;\">9555723<\/td>\n<td style=\"width: 33.3333%; height: 24px;\">354842000<\/td>\n<\/tr>\n<tr style=\"height: 24px;\">\n<td style=\"width: 33.3333%; height: 24px;\"><a href=\"https:\/\/ship-tracker.org\/nb\/carnival-glory\/\">Carnival Glory<\/a><\/td>\n<td style=\"width: 33.3333%; height: 24px;\">9198367<\/td>\n<td style=\"width: 33.3333%; height: 24px;\">357659000<\/td>\n<\/tr>\n<tr style=\"height: 24px;\">\n<td style=\"width: 33.3333%; height: 24px;\"><a href=\"https:\/\/ship-tracker.org\/nb\/carnival-miracle\/\">Karnevalsmirakel<\/a><\/td>\n<td style=\"width: 33.3333%; height: 24px;\">9237357<\/td>\n<td style=\"width: 33.3333%; height: 24px;\">354277000<\/td>\n<\/tr>\n<tr style=\"height: 24px;\">\n<td style=\"width: 33.3333%; height: 24px;\"><a href=\"https:\/\/ship-tracker.org\/nb\/carnival-horizon\/\">Karneval Horisont<\/a><\/td>\n<td style=\"width: 33.3333%; height: 24px;\">9767091<\/td>\n<td style=\"width: 33.3333%; height: 24px;\">370039000<\/td>\n<\/tr>\n<tr style=\"height: 24px;\">\n<td style=\"width: 33.3333%; height: 24px;\"><a href=\"https:\/\/ship-tracker.org\/nb\/carnival-panorama\/\">Karneval Panorama<\/a><\/td>\n<td style=\"width: 33.3333%; height: 24px;\">9802384<\/td>\n<td style=\"width: 33.3333%; height: 24px;\">374527000<\/td>\n<\/tr>\n<tr style=\"height: 24px;\">\n<td style=\"width: 33.3333%; height: 24px;\"><a href=\"https:\/\/ship-tracker.org\/nb\/carnival-mardi-gras\/\">Karneval Mardi Gras<\/a><\/td>\n<td style=\"width: 33.3333%; height: 24px;\">9837444<\/td>\n<td style=\"width: 33.3333%; height: 24px;\">311001049<\/td>\n<\/tr>\n<tr style=\"height: 23px;\">\n<td style=\"width: 33.3333%; height: 23px;\"><a href=\"https:\/\/ship-tracker.org\/nb\/carnival-radiance\/\">Carnival Radiance<\/a><\/td>\n<td style=\"width: 33.3333%; height: 23px;\">9172648<\/td>\n<td style=\"width: 33.3333%; height: 23px;\">355263000<\/td>\n<\/tr>\n<tr style=\"height: 23px;\">\n<td style=\"width: 33.3333%; height: 23px;\"><a href=\"https:\/\/ship-tracker.org\/nb\/carnival-sunrise\/\">Karneval soloppgang<\/a><\/td>\n<td style=\"width: 33.3333%; height: 23px;\">9138850<\/td>\n<td style=\"width: 33.3333%; height: 23px;\">308045000<\/td>\n<\/tr>\n<tr style=\"height: 23px;\">\n<td style=\"width: 33.3333%; height: 23px;\"><a href=\"https:\/\/ship-tracker.org\/nb\/carnival-celebration\/\">Karnevalsfeiring<\/a><\/td>\n<td style=\"width: 33.3333%; height: 23px;\">9837456<\/td>\n<td style=\"width: 33.3333%; height: 23px;\">352898755<\/td>\n<\/tr>\n<tr style=\"height: 23px;\">\n<td style=\"width: 33.3333%; height: 23px;\"><a href=\"https:\/\/ship-tracker.org\/nb\/carnival-jubilee\/\">Karnevalsjubileum<\/a><\/td>\n<td style=\"width: 33.3333%; height: 23px;\">2023<\/td>\n<td style=\"width: 33.3333%; height: 23px;\"><\/td>\n<\/tr>\n<\/tbody>\n<\/table>\n<h2>Om Carnival Cruise Line<\/h2>\n<p>Med 28 skip og 5,2 millioner passasjerer \u00e5rlig, er Carnival Cruise Line en av de to st\u00f8rste cruiserederiene i verden. Det yngste medlemmet av fl\u00e5ten er Carnival Panorama (4008 passasjerer), som starter sine f\u00f8rste cruise i desember 2019 som nok et nybygg i Vista-klassen.<\/p>\n<p>Det vil bli fulgt i august 2020 av Mardi Gras, det st\u00f8rste skipet til dags dato (5200 gjester) og det f\u00f8rste skipet som opereres med flytende naturgass (LNG). En ytterligere LNG-cruiser skal f\u00f8lge i 2022. Siden 1993 har Carnival Cruise Line bare v\u00e6rt et grunnleggerselskap av Carnival Corporation, som ble dannet p\u00e5 den tiden, og fortsatt er under flagget i dag. Siden den gang har fl\u00e5ten vokst jevnt og trutt parallelt med populariteten. I mellomtiden best\u00e5r fl\u00e5ten av 26 skip og det er ingen ende i sikte. Etter et nybygg i 2018 vil det ogs\u00e5 komme nye skip i 2020 og 2022.<\/p>","protected":false},"excerpt":{"rendered":"<p>Plassering av Carnival Cruise Line Fleet Skip, IMO-nummer, MMSI, Webkameraer Hvor er den n\u00e5v\u00e6rende posisjonen til Carnival Cruise Line Fleet for tiden? Send IMO Carnival Inspiration 9087489 309484000 Carnival Sunshine 9070058 308017000 Carnival Splendor 9333163 372808000 Carnival Legend 9224726 22985 82 Carnival Spirit 60ni 60ni 609 val Triumph 9138850 308045000 Carnival Liberty 9278181 371083000 Carnival Elation 9118721\u2026&nbsp;<a href=\"https:\/\/ship-tracker.org\/nb\/carnival-cruise-line\/\" rel=\"bookmark\">Les mer \u00bb<span class=\"screen-reader-text\">Carnival Cruise Line<\/span><\/a><\/p>","protected":false},"author":1,"featured_media":2067,"parent":0,"menu_order":0,"comment_status":"closed","ping_status":"closed","template":"","meta":{"neve_meta_sidebar":"","neve_meta_container":"","neve_meta_enable_content_width":"","neve_meta_content_width":0,"neve_meta_title_alignment":"","neve_meta_author_avatar":"","neve_post_elements_order":"","neve_meta_disable_header":"","neve_meta_disable_footer":"","neve_meta_disable_title":"","neve_meta_reading_time":"","footnotes":""},"class_list":["post-1551","page","type-page","status-publish","has-post-thumbnail","hentry"],"yoast_head":"<!-- This site is optimized with the Yoast SEO plugin v26.9 - https:\/\/yoast.com\/product\/yoast-seo-wordpress\/ -->\n<title>Track Carnival Cruise Line Fleet | Cruise Ships | Marine Vessel<\/title>\n<meta name=\"description\" content=\"Carnival Cruise Line Fleet Location | Current Positions of Carnival Cruise Line Ships, IMO numbers, MMSI, Webcam | Live Fleet Maps\" \/>\n<meta name=\"robots\" content=\"index, follow, max-snippet:-1, max-image-preview:large, max-video-preview:-1\" \/>\n<link rel=\"canonical\" href=\"https:\/\/ship-tracker.org\/nb\/carnival-cruise-line\/\" \/>\n<meta property=\"og:locale\" content=\"nb_NO\" \/>\n<meta property=\"og:type\" content=\"article\" \/>\n<meta property=\"og:title\" content=\"Track Carnival Cruise Line Fleet | Cruise Ships | Marine Vessel\" \/>\n<meta property=\"og:description\" content=\"Carnival Cruise Line Fleet Location | Current Positions of Carnival Cruise Line Ships, IMO numbers, MMSI, Webcam | Live Fleet Maps\" \/>\n<meta property=\"og:url\" content=\"https:\/\/ship-tracker.org\/nb\/carnival-cruise-line\/\" \/>\n<meta property=\"og:site_name\" content=\"Ship-tracker.org\" \/>\n<meta property=\"article:modified_time\" content=\"2022-11-01T11:53:43+00:00\" \/>\n<meta property=\"og:image\" content=\"https:\/\/ship-tracker.org\/wp-content\/uploads\/2020\/04\/carnival-web-480x327-1.jpg\" \/>\n\t<meta property=\"og:image:width\" content=\"480\" \/>\n\t<meta property=\"og:image:height\" content=\"327\" \/>\n\t<meta property=\"og:image:type\" content=\"image\/jpeg\" \/>\n<meta name=\"twitter:card\" content=\"summary_large_image\" \/>\n<meta name=\"twitter:label1\" content=\"Ansl. lesetid\" \/>\n\t<meta name=\"twitter:data1\" content=\"2 minutter\" \/>\n<script type=\"application\/ld+json\" class=\"yoast-schema-graph\">{\"@context\":\"https:\/\/schema.org\",\"@graph\":[{\"@type\":\"WebPage\",\"@id\":\"https:\/\/ship-tracker.org\/carnival-cruise-line\/\",\"url\":\"https:\/\/ship-tracker.org\/carnival-cruise-line\/\",\"name\":\"Track Carnival Cruise Line Fleet | Cruise Ships | Marine Vessel\",\"isPartOf\":{\"@id\":\"https:\/\/ship-tracker.org\/#website\"},\"primaryImageOfPage\":{\"@id\":\"https:\/\/ship-tracker.org\/carnival-cruise-line\/#primaryimage\"},\"image\":{\"@id\":\"https:\/\/ship-tracker.org\/carnival-cruise-line\/#primaryimage\"},\"thumbnailUrl\":\"https:\/\/ship-tracker.org\/wp-content\/uploads\/2020\/04\/carnival-web-480x327-1.jpg\",\"datePublished\":\"2020-04-29T12:30:38+00:00\",\"dateModified\":\"2022-11-01T11:53:43+00:00\",\"description\":\"Carnival Cruise Line Fleet Location | Current Positions of Carnival Cruise Line Ships, IMO numbers, MMSI, Webcam | Live Fleet Maps\",\"breadcrumb\":{\"@id\":\"https:\/\/ship-tracker.org\/carnival-cruise-line\/#breadcrumb\"},\"inLanguage\":\"nb-NO\",\"potentialAction\":[{\"@type\":\"ReadAction\",\"target\":[\"https:\/\/ship-tracker.org\/carnival-cruise-line\/\"]}]},{\"@type\":\"ImageObject\",\"inLanguage\":\"nb-NO\",\"@id\":\"https:\/\/ship-tracker.org\/carnival-cruise-line\/#primaryimage\",\"url\":\"https:\/\/ship-tracker.org\/wp-content\/uploads\/2020\/04\/carnival-web-480x327-1.jpg\",\"contentUrl\":\"https:\/\/ship-tracker.org\/wp-content\/uploads\/2020\/04\/carnival-web-480x327-1.jpg\",\"width\":480,\"height\":327,\"caption\":\"Carnival Cruise Line\"},{\"@type\":\"BreadcrumbList\",\"@id\":\"https:\/\/ship-tracker.org\/carnival-cruise-line\/#breadcrumb\",\"itemListElement\":[{\"@type\":\"ListItem\",\"position\":1,\"name\":\"Startseite\",\"item\":\"https:\/\/ship-tracker.org\/\"},{\"@type\":\"ListItem\",\"position\":2,\"name\":\"Carnival Cruise Line\"}]},{\"@type\":\"WebSite\",\"@id\":\"https:\/\/ship-tracker.org\/#website\",\"url\":\"https:\/\/ship-tracker.org\/\",\"name\":\"Ship-tracker.org\",\"description\":\"\",\"potentialAction\":[{\"@type\":\"SearchAction\",\"target\":{\"@type\":\"EntryPoint\",\"urlTemplate\":\"https:\/\/ship-tracker.org\/?s={search_term_string}\"},\"query-input\":{\"@type\":\"PropertyValueSpecification\",\"valueRequired\":true,\"valueName\":\"search_term_string\"}}],\"inLanguage\":\"nb-NO\"}]}<\/script>\n<!-- \/ Yoast SEO plugin. -->","yoast_head_json":{"title":"Spor Carnival Cruise Line Fleet | Cruiseskip | Marine fart\u00f8y","description":"Plassering av Carnival Cruise Line Fleet | N\u00e5v\u00e6rende posisjoner til Carnival Cruise Line-skip, IMO-nummer, MMSI, webkamera | Live fl\u00e5tekart","robots":{"index":"index","follow":"follow","max-snippet":"max-snippet:-1","max-image-preview":"max-image-preview:large","max-video-preview":"max-video-preview:-1"},"canonical":"https:\/\/ship-tracker.org\/nb\/carnival-cruise-line\/","og_locale":"nb_NO","og_type":"article","og_title":"Track Carnival Cruise Line Fleet | Cruise Ships | Marine Vessel","og_description":"Carnival Cruise Line Fleet Location | Current Positions of Carnival Cruise Line Ships, IMO numbers, MMSI, Webcam | Live Fleet Maps","og_url":"https:\/\/ship-tracker.org\/nb\/carnival-cruise-line\/","og_site_name":"Ship-tracker.org","article_modified_time":"2022-11-01T11:53:43+00:00","og_image":[{"width":480,"height":327,"url":"https:\/\/ship-tracker.org\/wp-content\/uploads\/2020\/04\/carnival-web-480x327-1.jpg","type":"image\/jpeg"}],"twitter_card":"summary_large_image","twitter_misc":{"Ansl. lesetid":"2 minutter"},"schema":{"@context":"https:\/\/schema.org","@graph":[{"@type":"WebPage","@id":"https:\/\/ship-tracker.org\/carnival-cruise-line\/","url":"https:\/\/ship-tracker.org\/carnival-cruise-line\/","name":"Spor Carnival Cruise Line Fleet | Cruiseskip | Marine fart\u00f8y","isPartOf":{"@id":"https:\/\/ship-tracker.org\/#website"},"primaryImageOfPage":{"@id":"https:\/\/ship-tracker.org\/carnival-cruise-line\/#primaryimage"},"image":{"@id":"https:\/\/ship-tracker.org\/carnival-cruise-line\/#primaryimage"},"thumbnailUrl":"https:\/\/ship-tracker.org\/wp-content\/uploads\/2020\/04\/carnival-web-480x327-1.jpg","datePublished":"2020-04-29T12:30:38+00:00","dateModified":"2022-11-01T11:53:43+00:00","description":"Plassering av Carnival Cruise Line Fleet | N\u00e5v\u00e6rende posisjoner til Carnival Cruise Line-skip, IMO-nummer, MMSI, webkamera | Live fl\u00e5tekart","breadcrumb":{"@id":"https:\/\/ship-tracker.org\/carnival-cruise-line\/#breadcrumb"},"inLanguage":"nb-NO","potentialAction":[{"@type":"ReadAction","target":["https:\/\/ship-tracker.org\/carnival-cruise-line\/"]}]},{"@type":"ImageObject","inLanguage":"nb-NO","@id":"https:\/\/ship-tracker.org\/carnival-cruise-line\/#primaryimage","url":"https:\/\/ship-tracker.org\/wp-content\/uploads\/2020\/04\/carnival-web-480x327-1.jpg","contentUrl":"https:\/\/ship-tracker.org\/wp-content\/uploads\/2020\/04\/carnival-web-480x327-1.jpg","width":480,"height":327,"caption":"Carnival Cruise Line"},{"@type":"BreadcrumbList","@id":"https:\/\/ship-tracker.org\/carnival-cruise-line\/#breadcrumb","itemListElement":[{"@type":"ListItem","position":1,"name":"Startseite","item":"https:\/\/ship-tracker.org\/"},{"@type":"ListItem","position":2,"name":"Carnival Cruise Line"}]},{"@type":"WebSite","@id":"https:\/\/ship-tracker.org\/#website","url":"https:\/\/ship-tracker.org\/","name":"Ship-tracker.org","description":"","potentialAction":[{"@type":"SearchAction","target":{"@type":"EntryPoint","urlTemplate":"https:\/\/ship-tracker.org\/?s={search_term_string}"},"query-input":{"@type":"PropertyValueSpecification","valueRequired":true,"valueName":"search_term_string"}}],"inLanguage":"nb-NO"}]}},"_links":{"self":[{"href":"https:\/\/ship-tracker.org\/nb\/wp-json\/wp\/v2\/pages\/1551","targetHints":{"allow":["GET"]}}],"collection":[{"href":"https:\/\/ship-tracker.org\/nb\/wp-json\/wp\/v2\/pages"}],"about":[{"href":"https:\/\/ship-tracker.org\/nb\/wp-json\/wp\/v2\/types\/page"}],"author":[{"embeddable":true,"href":"https:\/\/ship-tracker.org\/nb\/wp-json\/wp\/v2\/users\/1"}],"replies":[{"embeddable":true,"href":"https:\/\/ship-tracker.org\/nb\/wp-json\/wp\/v2\/comments?post=1551"}],"version-history":[{"count":8,"href":"https:\/\/ship-tracker.org\/nb\/wp-json\/wp\/v2\/pages\/1551\/revisions"}],"predecessor-version":[{"id":3514,"href":"https:\/\/ship-tracker.org\/nb\/wp-json\/wp\/v2\/pages\/1551\/revisions\/3514"}],"wp:featuredmedia":[{"embeddable":true,"href":"https:\/\/ship-tracker.org\/nb\/wp-json\/wp\/v2\/media\/2067"}],"wp:attachment":[{"href":"https:\/\/ship-tracker.org\/nb\/wp-json\/wp\/v2\/media?parent=1551"}],"curies":[{"name":"wp","href":"https:\/\/api.w.org\/{rel}","templated":true}]}}