{"id":1534,"date":"2019-10-29T11:57:40","date_gmt":"2019-10-29T10:57:40","guid":{"rendered":"https:\/\/ship-tracker.org\/?page_id=1534"},"modified":"2022-09-07T17:10:58","modified_gmt":"2022-09-07T15:10:58","slug":"hurricane-tracker","status":"publish","type":"page","link":"https:\/\/ship-tracker.org\/nb\/hurricane-tracker\/","title":{"rendered":"Orkansporer"},"content":{"rendered":"<h2 class=\"cruisin-style01\">Hurricane Tracker Live Map<\/h2>\n<p><script async src=\"https:\/\/pagead2.googlesyndication.com\/pagead\/js\/adsbygoogle.js\"><\/script><br \/>\n<!-- Ship-Tracker Display --><br \/>\n<ins class=\"adsbygoogle\" style=\"display: block;\" data-ad-client=\"ca-pub-1316785063791781\" data-ad-slot=\"8075999632\" data-ad-format=\"auto\" data-full-width-responsive=\"true\"><\/ins><br \/>\n<script>\n     (adsbygoogle = window.adsbygoogle || []).push({});\n<\/script><br \/>\nHurricane and Tropical Storm Tracker live. Inkluderer sporingskart, direkte radar, prognosekjegler og spor, vindhastighets- og trykkkart.<\/p>\n<p>De <a href=\"https:\/\/weather-radar24.com\/hurricane-tracker\/\" target=\"_blank\" rel=\"noopener\">orkan tracker kart<\/a> viser deg verdensomspennende alvorlige stormer, orkan, tornado, tyfon og lyn og forteller deg hvordan en storm beveger seg.<\/p>\n<p><strong>Flytt kartet for \u00e5 finne stormen du vil spore.<\/strong><br \/>\n<iframe loading=\"lazy\" src=\"https:\/\/embed.windy.com\/embed2.html?lat=34.778&amp;lon=-44.648&amp;zoom=4&amp;level=surface&amp;overlay=thunder&amp;menu=&amp;message=&amp;marker=&amp;calendar=&amp;pressure=&amp;type=map&amp;location=coordinates&amp;detail=&amp;detailLat=34.778&amp;detailLon=-44.648&amp;metricWind=default&amp;metricTemp=default&amp;radarRange=-1\" width=\"650\" height=\"450\" frameborder=\"0\"><\/iframe><\/p>\n<h2>Orkanradar \u2013 Tornado \u2013 Tyfon, Stormkart<\/h2>\n<p>Med avspillingsknappen kan forl\u00f8pet av orkanen den siste timen spilles av. Kartet kan zoomes inn eller ut og rulles etter \u00f8nske. De lysegr\u00e5 omr\u00e5dene p\u00e5 kartet overv\u00e5kes av m\u00e5lestasjoner, hvor hardt v\u00e6r kan registreres og vises. I de m\u00f8rke gr\u00e5sonene er det ingen m\u00e5lestasjoner, slik at det ikke kan vises hardt v\u00e6r der. Hovedomr\u00e5dene som dekkes er Europa, USA og deler av Asia, S\u00f8r-Amerika og Australia.<\/p>\n<h3>De verste orkanene<\/h3>\n<ul>\n<li>Orkanen Karl \u2013 2004<\/li>\n<li>Orkanen Nicole \u2013 2016<\/li>\n<li>Orkanen Lili \u2013 1996<\/li>\n<li>Orkanen Igor - 2010<\/li>\n<li>Orkanen Sandy \u2013 2012<\/li>\n<li>Orkanen Olga \u2013 2001<\/li>\n<li>Orkanen Katrina \u2013 2005<\/li>\n<li>Orkanen Irma \u2013 2017<\/li>\n<li>Orkanen Firenze \u2013 2018<\/li>\n<li>Tyfontips \u2013 1979<\/li>\n<\/ul>\n<p><a href=\"https:\/\/ship-tracker.org\/nb\/thunderstorm-tracker\/\">Sjekk her for tordenv\u00e6r<\/a>.<\/p>\n<p><script async src=\"https:\/\/pagead2.googlesyndication.com\/pagead\/js\/adsbygoogle.js\"><\/script><br \/>\n<!-- Ship-Tracker Display --><br \/>\n<ins class=\"adsbygoogle\" style=\"display: block;\" data-ad-client=\"ca-pub-1316785063791781\" data-ad-slot=\"8075999632\" data-ad-format=\"auto\" data-full-width-responsive=\"true\"><\/ins><br \/>\n<script>\n     (adsbygoogle = window.adsbygoogle || []).push({});\n<\/script><\/p>\n<div id=\"gtx-trans\" style=\"position: absolute; left: 204px; top: 895.031px;\">\n<div class=\"gtx-trans-icon\"><\/div>\n<\/div>","protected":false},"excerpt":{"rendered":"<p>Hurricane Tracker Live Map Hurricane and Tropical Storm Tracker live. Inkluderer sporingskart, direkte radar, prognosekjegler og spor, vindhastighets- og trykkkart. Orkansporingskartet viser deg verdensomspennende alvorlige stormer, orkan, tornado, tyfon og lyn og forteller deg hvordan en storm beveger seg. Flytt kartet for \u00e5 finne stormen du...&nbsp;<a href=\"https:\/\/ship-tracker.org\/nb\/hurricane-tracker\/\" rel=\"bookmark\">Les mer \u00bb<span class=\"screen-reader-text\">Orkansporer<\/span><\/a><\/p>","protected":false},"author":1,"featured_media":3265,"parent":0,"menu_order":0,"comment_status":"closed","ping_status":"closed","template":"","meta":{"neve_meta_sidebar":"","neve_meta_container":"","neve_meta_enable_content_width":"","neve_meta_content_width":0,"neve_meta_title_alignment":"","neve_meta_author_avatar":"","neve_post_elements_order":"","neve_meta_disable_header":"","neve_meta_disable_footer":"","neve_meta_disable_title":"","neve_meta_reading_time":"","footnotes":""},"class_list":["post-1534","page","type-page","status-publish","has-post-thumbnail","hentry"],"yoast_head":"<!-- This site is optimized with the Yoast SEO plugin v26.9 - https:\/\/yoast.com\/product\/yoast-seo-wordpress\/ -->\n<title>Hurricane Tracker - Tornado - Typhoon, Storm Map<\/title>\n<meta name=\"description\" content=\"Hurricane Tracker Live \u2713 Includes tracking map, live radar, forecast cones and tracks, wind speed and pressure charts \u2713 Tropical Storms\" \/>\n<meta name=\"robots\" content=\"index, follow, max-snippet:-1, max-image-preview:large, max-video-preview:-1\" \/>\n<link rel=\"canonical\" href=\"https:\/\/ship-tracker.org\/nb\/hurricane-tracker\/\" \/>\n<meta property=\"og:locale\" content=\"nb_NO\" \/>\n<meta property=\"og:type\" content=\"article\" \/>\n<meta property=\"og:title\" content=\"Hurricane Tracker - Tornado - Typhoon, Storm Map\" \/>\n<meta property=\"og:description\" content=\"Hurricane Tracker Live \u2713 Includes tracking map, live radar, forecast cones and tracks, wind speed and pressure charts \u2713 Tropical Storms\" \/>\n<meta property=\"og:url\" content=\"https:\/\/ship-tracker.org\/nb\/hurricane-tracker\/\" \/>\n<meta property=\"og:site_name\" content=\"Ship-tracker.org\" \/>\n<meta property=\"article:modified_time\" content=\"2022-09-07T15:10:58+00:00\" \/>\n<meta property=\"og:image\" content=\"https:\/\/ship-tracker.org\/wp-content\/uploads\/2020\/05\/hurricane-67581_640.jpg\" \/>\n\t<meta property=\"og:image:width\" content=\"640\" \/>\n\t<meta property=\"og:image:height\" content=\"476\" \/>\n\t<meta property=\"og:image:type\" content=\"image\/jpeg\" \/>\n<meta name=\"twitter:card\" content=\"summary_large_image\" \/>\n<meta name=\"twitter:label1\" content=\"Ansl. lesetid\" \/>\n\t<meta name=\"twitter:data1\" content=\"1 minutt\" \/>\n<script type=\"application\/ld+json\" class=\"yoast-schema-graph\">{\"@context\":\"https:\/\/schema.org\",\"@graph\":[{\"@type\":\"WebPage\",\"@id\":\"https:\/\/ship-tracker.org\/hurricane-tracker\/\",\"url\":\"https:\/\/ship-tracker.org\/hurricane-tracker\/\",\"name\":\"Hurricane Tracker - Tornado - Typhoon, Storm Map\",\"isPartOf\":{\"@id\":\"https:\/\/ship-tracker.org\/#website\"},\"primaryImageOfPage\":{\"@id\":\"https:\/\/ship-tracker.org\/hurricane-tracker\/#primaryimage\"},\"image\":{\"@id\":\"https:\/\/ship-tracker.org\/hurricane-tracker\/#primaryimage\"},\"thumbnailUrl\":\"https:\/\/ship-tracker.org\/wp-content\/uploads\/2020\/05\/hurricane-67581_640.jpg\",\"datePublished\":\"2019-10-29T10:57:40+00:00\",\"dateModified\":\"2022-09-07T15:10:58+00:00\",\"description\":\"Hurricane Tracker Live \u2713 Includes tracking map, live radar, forecast cones and tracks, wind speed and pressure charts \u2713 Tropical Storms\",\"breadcrumb\":{\"@id\":\"https:\/\/ship-tracker.org\/hurricane-tracker\/#breadcrumb\"},\"inLanguage\":\"nb-NO\",\"potentialAction\":[{\"@type\":\"ReadAction\",\"target\":[\"https:\/\/ship-tracker.org\/hurricane-tracker\/\"]}]},{\"@type\":\"ImageObject\",\"inLanguage\":\"nb-NO\",\"@id\":\"https:\/\/ship-tracker.org\/hurricane-tracker\/#primaryimage\",\"url\":\"https:\/\/ship-tracker.org\/wp-content\/uploads\/2020\/05\/hurricane-67581_640.jpg\",\"contentUrl\":\"https:\/\/ship-tracker.org\/wp-content\/uploads\/2020\/05\/hurricane-67581_640.jpg\",\"width\":640,\"height\":476,\"caption\":\"Hurricane Tracker\"},{\"@type\":\"BreadcrumbList\",\"@id\":\"https:\/\/ship-tracker.org\/hurricane-tracker\/#breadcrumb\",\"itemListElement\":[{\"@type\":\"ListItem\",\"position\":1,\"name\":\"Startseite\",\"item\":\"https:\/\/ship-tracker.org\/\"},{\"@type\":\"ListItem\",\"position\":2,\"name\":\"Hurricane Tracker\"}]},{\"@type\":\"WebSite\",\"@id\":\"https:\/\/ship-tracker.org\/#website\",\"url\":\"https:\/\/ship-tracker.org\/\",\"name\":\"Ship-tracker.org\",\"description\":\"\",\"potentialAction\":[{\"@type\":\"SearchAction\",\"target\":{\"@type\":\"EntryPoint\",\"urlTemplate\":\"https:\/\/ship-tracker.org\/?s={search_term_string}\"},\"query-input\":{\"@type\":\"PropertyValueSpecification\",\"valueRequired\":true,\"valueName\":\"search_term_string\"}}],\"inLanguage\":\"nb-NO\"}]}<\/script>\n<!-- \/ Yoast SEO plugin. -->","yoast_head_json":{"title":"Hurricane Tracker - Tornado - Tyfon, Storm Kart","description":"Hurricane Tracker Live \u2713 Inkluderer sporingskart, live radar, prognosekjegler og spor, vindhastighets- og trykkkart \u2713 Tropiske stormer","robots":{"index":"index","follow":"follow","max-snippet":"max-snippet:-1","max-image-preview":"max-image-preview:large","max-video-preview":"max-video-preview:-1"},"canonical":"https:\/\/ship-tracker.org\/nb\/hurricane-tracker\/","og_locale":"nb_NO","og_type":"article","og_title":"Hurricane Tracker - Tornado - Typhoon, Storm Map","og_description":"Hurricane Tracker Live \u2713 Includes tracking map, live radar, forecast cones and tracks, wind speed and pressure charts \u2713 Tropical Storms","og_url":"https:\/\/ship-tracker.org\/nb\/hurricane-tracker\/","og_site_name":"Ship-tracker.org","article_modified_time":"2022-09-07T15:10:58+00:00","og_image":[{"width":640,"height":476,"url":"https:\/\/ship-tracker.org\/wp-content\/uploads\/2020\/05\/hurricane-67581_640.jpg","type":"image\/jpeg"}],"twitter_card":"summary_large_image","twitter_misc":{"Ansl. lesetid":"1 minutt"},"schema":{"@context":"https:\/\/schema.org","@graph":[{"@type":"WebPage","@id":"https:\/\/ship-tracker.org\/hurricane-tracker\/","url":"https:\/\/ship-tracker.org\/hurricane-tracker\/","name":"Hurricane Tracker - Tornado - Tyfon, Storm Kart","isPartOf":{"@id":"https:\/\/ship-tracker.org\/#website"},"primaryImageOfPage":{"@id":"https:\/\/ship-tracker.org\/hurricane-tracker\/#primaryimage"},"image":{"@id":"https:\/\/ship-tracker.org\/hurricane-tracker\/#primaryimage"},"thumbnailUrl":"https:\/\/ship-tracker.org\/wp-content\/uploads\/2020\/05\/hurricane-67581_640.jpg","datePublished":"2019-10-29T10:57:40+00:00","dateModified":"2022-09-07T15:10:58+00:00","description":"Hurricane Tracker Live \u2713 Inkluderer sporingskart, live radar, prognosekjegler og spor, vindhastighets- og trykkkart \u2713 Tropiske stormer","breadcrumb":{"@id":"https:\/\/ship-tracker.org\/hurricane-tracker\/#breadcrumb"},"inLanguage":"nb-NO","potentialAction":[{"@type":"ReadAction","target":["https:\/\/ship-tracker.org\/hurricane-tracker\/"]}]},{"@type":"ImageObject","inLanguage":"nb-NO","@id":"https:\/\/ship-tracker.org\/hurricane-tracker\/#primaryimage","url":"https:\/\/ship-tracker.org\/wp-content\/uploads\/2020\/05\/hurricane-67581_640.jpg","contentUrl":"https:\/\/ship-tracker.org\/wp-content\/uploads\/2020\/05\/hurricane-67581_640.jpg","width":640,"height":476,"caption":"Hurricane Tracker"},{"@type":"BreadcrumbList","@id":"https:\/\/ship-tracker.org\/hurricane-tracker\/#breadcrumb","itemListElement":[{"@type":"ListItem","position":1,"name":"Startseite","item":"https:\/\/ship-tracker.org\/"},{"@type":"ListItem","position":2,"name":"Hurricane Tracker"}]},{"@type":"WebSite","@id":"https:\/\/ship-tracker.org\/#website","url":"https:\/\/ship-tracker.org\/","name":"Ship-tracker.org","description":"","potentialAction":[{"@type":"SearchAction","target":{"@type":"EntryPoint","urlTemplate":"https:\/\/ship-tracker.org\/?s={search_term_string}"},"query-input":{"@type":"PropertyValueSpecification","valueRequired":true,"valueName":"search_term_string"}}],"inLanguage":"nb-NO"}]}},"_links":{"self":[{"href":"https:\/\/ship-tracker.org\/nb\/wp-json\/wp\/v2\/pages\/1534","targetHints":{"allow":["GET"]}}],"collection":[{"href":"https:\/\/ship-tracker.org\/nb\/wp-json\/wp\/v2\/pages"}],"about":[{"href":"https:\/\/ship-tracker.org\/nb\/wp-json\/wp\/v2\/types\/page"}],"author":[{"embeddable":true,"href":"https:\/\/ship-tracker.org\/nb\/wp-json\/wp\/v2\/users\/1"}],"replies":[{"embeddable":true,"href":"https:\/\/ship-tracker.org\/nb\/wp-json\/wp\/v2\/comments?post=1534"}],"version-history":[{"count":9,"href":"https:\/\/ship-tracker.org\/nb\/wp-json\/wp\/v2\/pages\/1534\/revisions"}],"predecessor-version":[{"id":3471,"href":"https:\/\/ship-tracker.org\/nb\/wp-json\/wp\/v2\/pages\/1534\/revisions\/3471"}],"wp:featuredmedia":[{"embeddable":true,"href":"https:\/\/ship-tracker.org\/nb\/wp-json\/wp\/v2\/media\/3265"}],"wp:attachment":[{"href":"https:\/\/ship-tracker.org\/nb\/wp-json\/wp\/v2\/media?parent=1534"}],"curies":[{"name":"wp","href":"https:\/\/api.w.org\/{rel}","templated":true}]}}