{"id":1273,"date":"2019-10-04T13:41:19","date_gmt":"2019-10-04T11:41:19","guid":{"rendered":"https:\/\/ship-tracker.org\/?page_id=1273"},"modified":"2025-12-30T06:32:21","modified_gmt":"2025-12-30T05:32:21","slug":"site-notice","status":"publish","type":"page","link":"https:\/\/ship-tracker.org\/nb\/site-notice\/","title":{"rendered":"Merknad om nettsted"},"content":{"rendered":"<p><strong>Informasjon etter \u00a7 5 TMG<\/strong><br \/>\n<strong>Ta kontakt med:<\/strong><\/p>\n<p>Petros Aslanakis<br \/>\n889\/850 Moo 5<br \/>\nNong Prue, Bang Lamung<br \/>\nChon Buri 20150<br \/>\nThailand<\/p>\n<p>E-post: info(@)ship-tracker.org<\/p>\n<p><strong>Kilde til bilder:<\/strong><\/p>\n<ul>\n<li>\u00a9 Pixabay<\/li>\n<li>\u00a9 fontawesome.com<\/li>\n<li>\u00a9 AIDA Cruises<\/li>\n<li>\u00a9 TUI Cruises<\/li>\n<li>\u00a9 MSC Cruises<\/li>\n<li>\u00a9 Costa Crociere<\/li>\n<li>\u00a9 Royal Caribbean Cruises Ltd<\/li>\n<li>\u00a9 Carnival Cruise Line Corporation<\/li>\n<li>\u00a9 Crystal Cruises<\/li>\n<li>\u00a9 Holland America Line<\/li>\n<li>\u00a9 Celebrity Cruises<\/li>\n<li>\u00a9 Dream Cruises<\/li>\n<\/ul>\n<p><strong>EU-tvistel\u00f8sning<\/strong><\/p>\n<p>EU-kommisjonen tilbyr en plattform for online tvistel\u00f8sning (ODR):\u00a0<a href=\"http:\/\/ec.europa.eu\/consumers\/odr\">http:\/\/ec.europa.eu\/consumers\/odr<\/a><br \/>\nV\u00e5r e-postadresse finner du ovenfor i kunngj\u00f8ringen.<br \/>\nVi er ikke villige eller forpliktet til \u00e5 delta i tvistel\u00f8sningssaker for en forbrukervoldgiftsnemnd.<\/p>\n<div class=\"wpb_text_column wpb_content_element\">\n<div class=\"wpb_wrapper\">\n<h2>Ansvarsfraskrivelse<\/h2>\n<p><strong>Ansvar for innhold<\/strong><\/p>\n<p>Som tjenesteleverand\u00f8rer er vi ansvarlige for eget innhold p\u00e5 disse nettsidene i henhold til Sec. 7, paragraf 1 tysk telemedielov (TMG). Imidlertid, if\u00f8lge Sec. 8 til 10 German Telemedia Act (TMG), er tjenesteleverand\u00f8rer ikke forpliktet til \u00e5 permanent overv\u00e5ke innsendt eller lagret informasjon eller \u00e5 s\u00f8ke etter bevis som indikerer ulovlige aktiviteter.<\/p>\n<p><strong>Ansvar for lenker<\/strong><\/p>\n<p>V\u00e5rt tilbud inkluderer lenker til eksterne tredjeparts nettsteder. Vi har ingen innflytelse p\u00e5 innholdet p\u00e5 disse nettstedene, derfor kan vi ikke garantere for dette innholdet. Leverand\u00f8rer eller administratorer av koblede nettsteder er alltid ansvarlige for sitt eget innhold. De tilknyttede nettsidene hadde blitt sjekket for mulige lovbrudd p\u00e5 tidspunktet for etableringen av lenken. Ulovlig innhold ble ikke oppdaget p\u00e5 tidspunktet for koblingen. En permanent overv\u00e5king av innholdet p\u00e5 lenkede nettsteder kan ikke p\u00e5legges uten rimelige indikasjoner p\u00e5 at det har v\u00e6rt brudd p\u00e5 loven. Ulovlige lenker vil bli fjernet umiddelbart n\u00e5r vi f\u00e5r kunnskap om dem.<\/p>\n<p><strong>opphavsrett<\/strong><\/p>\n<p>Innhold og samlinger publisert p\u00e5 disse nettstedene av leverand\u00f8rene er underlagt tyske lover om opphavsrett. Reproduksjon, redigering, distribusjon samt bruk av enhver art utenfor opphavsrettsloven krever skriftlig tillatelse fra forfatteren eller opphavsmannen. Nedlastinger og kopier av disse nettstedene er kun tillatt for privat bruk. Kommersiell bruk av innholdet v\u00e5rt uten tillatelse fra opphavsmannen er forbudt. Tredjeparters opphavsrett respekteres s\u00e5 lenge innholdet p\u00e5 disse nettsidene ikke kommer fra leverand\u00f8ren. Bidrag fra tredjeparter p\u00e5 denne siden er indikert som s\u00e5dan. Men hvis du oppdager brudd p\u00e5 opphavsrettsloven, vennligst informer oss. Slikt innhold vil bli fjernet umiddelbart.<\/p>\n<\/div>\n<\/div>","protected":false},"excerpt":{"rendered":"<p>Informasjon i henhold til \u00a7 5 TMG Kontakt: Petros Aslanakis 889\/850 Moo 5 Nong Prue, Bang Lamung Chon Buri 20150 Thailand E-post: info(@)ship-tracker.org Bildekilde: \u00a9 Pixabay \u00a9 fontawesome.com \u00a9 AIDA Cruises \u00a9 TUI Cruises \u00a9 MSC Cruises \u00a9 Costa Crociere \u00a9 Royal Caribbean Cruises Ltd \u00a9 Carnival Cruise Line Corporation \u00a9 Crystal Cruises \u00a9\u2026&nbsp;<a href=\"https:\/\/ship-tracker.org\/nb\/site-notice\/\" rel=\"bookmark\">Les mer \u00bb<span class=\"screen-reader-text\">Merknad om nettsted<\/span><\/a><\/p>","protected":false},"author":1,"featured_media":0,"parent":0,"menu_order":0,"comment_status":"closed","ping_status":"closed","template":"","meta":{"neve_meta_sidebar":"","neve_meta_container":"","neve_meta_enable_content_width":"off","neve_meta_content_width":100,"neve_meta_title_alignment":"","neve_meta_author_avatar":"","neve_post_elements_order":"","neve_meta_disable_header":"","neve_meta_disable_footer":"","neve_meta_disable_title":"","neve_meta_reading_time":"","footnotes":""},"class_list":["post-1273","page","type-page","status-publish","hentry"],"yoast_head":"<!-- This site is optimized with the Yoast SEO plugin v26.9 - https:\/\/yoast.com\/product\/yoast-seo-wordpress\/ -->\n<title>Site Notice - Ship-tracker.org<\/title>\n<meta name=\"robots\" content=\"noindex, follow\" \/>\n<meta property=\"og:locale\" content=\"nb_NO\" \/>\n<meta property=\"og:type\" content=\"article\" \/>\n<meta property=\"og:title\" content=\"Site Notice - Ship-tracker.org\" \/>\n<meta property=\"og:description\" content=\"Information pursuant to \u00a7 5 TMG Contact: Petros Aslanakis 889\/850 Moo 5 Nong Prue, Bang Lamung Chon Buri 20150 Thailand E-Mail: info(@)ship-tracker.org Source of images: \u00a9 Pixabay \u00a9 fontawesome.com \u00a9 AIDA Cruises \u00a9 TUI Cruises \u00a9 MSC Cruises \u00a9 Costa Crociere \u00a9 Royal Caribbean Cruises Ltd \u00a9 Carnival Cruise Line Corporation \u00a9 Crystal Cruises \u00a9&hellip;&nbsp;Read More &raquo;Site Notice\" \/>\n<meta property=\"og:url\" content=\"https:\/\/ship-tracker.org\/nb\/site-notice\/\" \/>\n<meta property=\"og:site_name\" content=\"Ship-tracker.org\" \/>\n<meta property=\"article:modified_time\" content=\"2025-12-30T05:32:21+00:00\" \/>\n<meta name=\"twitter:card\" content=\"summary_large_image\" \/>\n<meta name=\"twitter:label1\" content=\"Ansl. lesetid\" \/>\n\t<meta name=\"twitter:data1\" content=\"2 minutter\" \/>\n<script type=\"application\/ld+json\" class=\"yoast-schema-graph\">{\"@context\":\"https:\/\/schema.org\",\"@graph\":[{\"@type\":\"WebPage\",\"@id\":\"https:\/\/ship-tracker.org\/site-notice\/\",\"url\":\"https:\/\/ship-tracker.org\/site-notice\/\",\"name\":\"Site Notice - Ship-tracker.org\",\"isPartOf\":{\"@id\":\"https:\/\/ship-tracker.org\/#website\"},\"datePublished\":\"2019-10-04T11:41:19+00:00\",\"dateModified\":\"2025-12-30T05:32:21+00:00\",\"breadcrumb\":{\"@id\":\"https:\/\/ship-tracker.org\/site-notice\/#breadcrumb\"},\"inLanguage\":\"nb-NO\",\"potentialAction\":[{\"@type\":\"ReadAction\",\"target\":[\"https:\/\/ship-tracker.org\/site-notice\/\"]}]},{\"@type\":\"BreadcrumbList\",\"@id\":\"https:\/\/ship-tracker.org\/site-notice\/#breadcrumb\",\"itemListElement\":[{\"@type\":\"ListItem\",\"position\":1,\"name\":\"Startseite\",\"item\":\"https:\/\/ship-tracker.org\/\"},{\"@type\":\"ListItem\",\"position\":2,\"name\":\"Site Notice\"}]},{\"@type\":\"WebSite\",\"@id\":\"https:\/\/ship-tracker.org\/#website\",\"url\":\"https:\/\/ship-tracker.org\/\",\"name\":\"Ship-tracker.org\",\"description\":\"\",\"potentialAction\":[{\"@type\":\"SearchAction\",\"target\":{\"@type\":\"EntryPoint\",\"urlTemplate\":\"https:\/\/ship-tracker.org\/?s={search_term_string}\"},\"query-input\":{\"@type\":\"PropertyValueSpecification\",\"valueRequired\":true,\"valueName\":\"search_term_string\"}}],\"inLanguage\":\"nb-NO\"}]}<\/script>\n<!-- \/ Yoast SEO plugin. -->","yoast_head_json":{"title":"Merknad om nettsted - Ship-tracker.org","robots":{"index":"noindex","follow":"follow"},"og_locale":"nb_NO","og_type":"article","og_title":"Site Notice - Ship-tracker.org","og_description":"Information pursuant to \u00a7 5 TMG Contact: Petros Aslanakis 889\/850 Moo 5 Nong Prue, Bang Lamung Chon Buri 20150 Thailand E-Mail: info(@)ship-tracker.org Source of images: \u00a9 Pixabay \u00a9 fontawesome.com \u00a9 AIDA Cruises \u00a9 TUI Cruises \u00a9 MSC Cruises \u00a9 Costa Crociere \u00a9 Royal Caribbean Cruises Ltd \u00a9 Carnival Cruise Line Corporation \u00a9 Crystal Cruises \u00a9&hellip;&nbsp;Read More &raquo;Site Notice","og_url":"https:\/\/ship-tracker.org\/nb\/site-notice\/","og_site_name":"Ship-tracker.org","article_modified_time":"2025-12-30T05:32:21+00:00","twitter_card":"summary_large_image","twitter_misc":{"Ansl. lesetid":"2 minutter"},"schema":{"@context":"https:\/\/schema.org","@graph":[{"@type":"WebPage","@id":"https:\/\/ship-tracker.org\/site-notice\/","url":"https:\/\/ship-tracker.org\/site-notice\/","name":"Merknad om nettsted - Ship-tracker.org","isPartOf":{"@id":"https:\/\/ship-tracker.org\/#website"},"datePublished":"2019-10-04T11:41:19+00:00","dateModified":"2025-12-30T05:32:21+00:00","breadcrumb":{"@id":"https:\/\/ship-tracker.org\/site-notice\/#breadcrumb"},"inLanguage":"nb-NO","potentialAction":[{"@type":"ReadAction","target":["https:\/\/ship-tracker.org\/site-notice\/"]}]},{"@type":"BreadcrumbList","@id":"https:\/\/ship-tracker.org\/site-notice\/#breadcrumb","itemListElement":[{"@type":"ListItem","position":1,"name":"Startseite","item":"https:\/\/ship-tracker.org\/"},{"@type":"ListItem","position":2,"name":"Site Notice"}]},{"@type":"WebSite","@id":"https:\/\/ship-tracker.org\/#website","url":"https:\/\/ship-tracker.org\/","name":"Ship-tracker.org","description":"","potentialAction":[{"@type":"SearchAction","target":{"@type":"EntryPoint","urlTemplate":"https:\/\/ship-tracker.org\/?s={search_term_string}"},"query-input":{"@type":"PropertyValueSpecification","valueRequired":true,"valueName":"search_term_string"}}],"inLanguage":"nb-NO"}]}},"_links":{"self":[{"href":"https:\/\/ship-tracker.org\/nb\/wp-json\/wp\/v2\/pages\/1273","targetHints":{"allow":["GET"]}}],"collection":[{"href":"https:\/\/ship-tracker.org\/nb\/wp-json\/wp\/v2\/pages"}],"about":[{"href":"https:\/\/ship-tracker.org\/nb\/wp-json\/wp\/v2\/types\/page"}],"author":[{"embeddable":true,"href":"https:\/\/ship-tracker.org\/nb\/wp-json\/wp\/v2\/users\/1"}],"replies":[{"embeddable":true,"href":"https:\/\/ship-tracker.org\/nb\/wp-json\/wp\/v2\/comments?post=1273"}],"version-history":[{"count":6,"href":"https:\/\/ship-tracker.org\/nb\/wp-json\/wp\/v2\/pages\/1273\/revisions"}],"predecessor-version":[{"id":5376,"href":"https:\/\/ship-tracker.org\/nb\/wp-json\/wp\/v2\/pages\/1273\/revisions\/5376"}],"wp:attachment":[{"href":"https:\/\/ship-tracker.org\/nb\/wp-json\/wp\/v2\/media?parent=1273"}],"curies":[{"name":"wp","href":"https:\/\/api.w.org\/{rel}","templated":true}]}}