{"id":1158,"date":"2019-10-02T10:02:55","date_gmt":"2019-10-02T08:02:55","guid":{"rendered":"https:\/\/ship-tracker.org\/?page_id=1158"},"modified":"2021-11-08T21:49:06","modified_gmt":"2021-11-08T20:49:06","slug":"regal-princess","status":"publish","type":"page","link":"https:\/\/ship-tracker.org\/nb\/regal-princess\/","title":{"rendered":"Regal prinsesse"},"content":{"rendered":"<p><script async src=\"https:\/\/pagead2.googlesyndication.com\/pagead\/js\/adsbygoogle.js\"><\/script><br \/>\n<!-- Ship-Tracker Display --><br \/>\n<ins class=\"adsbygoogle\" style=\"display: block;\" data-ad-client=\"ca-pub-1316785063791781\" data-ad-slot=\"8075999632\" data-ad-format=\"auto\" data-full-width-responsive=\"true\"><\/ins><br \/>\n<script>\n     (adsbygoogle = window.adsbygoogle || []).push({});\n<\/script><\/p>\n<h2><span style=\"color: #000000;\">N\u00e5v\u00e6rende plassering og <\/span><span style=\"color: #000000;\">stilling som Regal Princess <\/span><\/h2>\n<p>Hvor er den n\u00e5v\u00e6rende stillingen til Regal Princess for tiden?<br \/>\n<script async src=\"https:\/\/pagead2.googlesyndication.com\/pagead\/js\/adsbygoogle.js\"><\/script><br \/>\n<!-- Schip-Tracker Linkanzeigen --><br \/>\n<ins class=\"adsbygoogle\" style=\"display: block;\" data-ad-client=\"ca-pub-1316785063791781\" data-ad-slot=\"3429004156\" data-ad-format=\"link\" data-full-width-responsive=\"true\"><\/ins><br \/>\n<script>\n     (adsbygoogle = window.adsbygoogle || []).push({});\n<\/script><br \/>\n<script type=\"text\/javascript\">var width=\"100%\";var height=\"400\";var mmsi=310674000;<\/script><script type=\"text\/javascript\" src=\"https:\/\/www.vesselfinder.com\/aismap.js\"><\/script><br \/>\n<script async src=\"https:\/\/pagead2.googlesyndication.com\/pagead\/js\/adsbygoogle.js\"><\/script><br \/>\n<!-- Ship-Tracker Display --><br \/>\n<ins class=\"adsbygoogle\" style=\"display: block;\" data-ad-client=\"ca-pub-1316785063791781\" data-ad-slot=\"8075999632\" data-ad-format=\"auto\" data-full-width-responsive=\"true\"><\/ins><br \/>\n<script>\n     (adsbygoogle = window.adsbygoogle || []).push({});\n<\/script><br \/>\nSe Regal Princess n\u00e5v\u00e6rende posisjon. Posisjonen til Regal Princess kan bestemmes n\u00f8yaktig av kartene over Schiffsiff og MarineTraffic. S\u00e5 du er alltid godt informert om hvor favorittskipet ditt er for \u00f8yeblikket.<\/p>\n<h2 class=\"title\"><span style=\"color: #000000;\">Regal Princess anmeldelse og spesifikasjoner<\/span><\/h2>\n<table class=\"responsive\">\n<tbody>\n<tr>\n<td style=\"width: 192px;\"><span style=\"color: #000000;\"><strong>Flaggstat<\/strong><\/span><\/td>\n<td style=\"width: 192px;\"><span style=\"color: #000000;\">Bermuda<\/span><\/td>\n<\/tr>\n<tr>\n<td style=\"width: 192px;\"><span style=\"color: #000000;\"><strong>Bygge\u00e5r<\/strong><\/span><\/td>\n<td style=\"width: 192px;\"><span style=\"color: #000000;\">2014<\/span><\/td>\n<\/tr>\n<tr>\n<td style=\"width: 192px;\"><span style=\"color: #000000;\"><strong>Bygger<\/strong><\/span><\/td>\n<td style=\"width: 192px;\"><span style=\"color: #000000;\">Fincantieri<\/span><\/td>\n<\/tr>\n<tr>\n<td style=\"width: 192px;\"><span style=\"color: #000000;\"><strong>Lengde<\/strong><\/span><\/td>\n<td style=\"width: 192px;\"><span style=\"color: #000000;\"><span class=\"specificationUnit\">330 m<\/span><\/span><\/td>\n<\/tr>\n<tr>\n<td style=\"width: 192px;\"><span style=\"color: #000000;\"><strong>Str\u00e5le<\/strong><\/span><\/td>\n<td style=\"width: 192px;\"><span style=\"color: #000000;\"><span class=\"specificationUnit\">47 m<\/span><\/span><\/td>\n<\/tr>\n<tr>\n<td style=\"width: 192px;\"><span style=\"color: #000000;\"><strong>Bruttotonn<\/strong><\/span><\/td>\n<td style=\"width: 192px;\"><span style=\"color: #000000;\">142714<span class=\"specificationUnit\">\u00a0gt<\/span><\/span><\/td>\n<\/tr>\n<tr>\n<td style=\"width: 192px;\"><span style=\"color: #000000;\"><strong>Passasjerer<\/strong><\/span><\/td>\n<td style=\"width: 192px;\"><span style=\"color: #000000;\">4272<\/span><\/td>\n<\/tr>\n<tr>\n<td style=\"width: 192px;\"><span style=\"color: #000000;\"><strong>Mannskap<\/strong><\/span><\/td>\n<td style=\"width: 192px;\"><span style=\"color: #000000;\">1350<\/span><\/td>\n<\/tr>\n<tr>\n<td style=\"width: 192px;\"><span style=\"color: #000000;\"><strong>Dekk<\/strong>\u00a0<\/span><\/td>\n<td style=\"width: 192px;\"><span style=\"color: #000000;\">18<\/span><\/td>\n<\/tr>\n<tr>\n<td style=\"width: 192px;\"><span style=\"color: #000000;\"><strong>Hastighet<\/strong><\/span><\/td>\n<td style=\"width: 192px;\"><span style=\"color: #000000;\">23<span class=\"specificationUnit\">\u00a0kn<\/span><\/span><\/td>\n<\/tr>\n<tr>\n<td style=\"width: 192px;\"><span style=\"color: #000000;\"><strong><b>Registerhavn<\/b><\/strong><\/span><\/td>\n<td style=\"width: 192px;\"><span style=\"color: #000000;\">Hamilton<\/span><\/td>\n<\/tr>\n<tr>\n<td style=\"width: 192px;\"><span style=\"color: #000000;\"><strong><b>Fremdrift<\/b><\/strong><\/span><\/td>\n<td style=\"width: 192px;\"><span style=\"color: #000000;\">Diesel-elektrisk<\/span><\/td>\n<\/tr>\n<tr>\n<td style=\"width: 192px;\"><span style=\"color: #000000;\"><strong><b>Eieren<\/b><\/strong><\/span><\/td>\n<td style=\"width: 192px;\"><a href=\"https:\/\/ship-tracker.org\/nb\/princes-cruises\/\">Princess Cruises<\/a><\/td>\n<\/tr>\n<\/tbody>\n<\/table>\n<p><script async src=\"https:\/\/pagead2.googlesyndication.com\/pagead\/js\/adsbygoogle.js\"><\/script><br \/>\n<!-- Schip-Tracker Linkanzeigen --><br \/>\n<ins class=\"adsbygoogle\" style=\"display: block;\" data-ad-client=\"ca-pub-1316785063791781\" data-ad-slot=\"3429004156\" data-ad-format=\"link\" data-full-width-responsive=\"true\"><\/ins><br \/>\n<script>\n     (adsbygoogle = window.adsbygoogle || []).push({});\n<\/script><br \/>\n<img loading=\"lazy\" decoding=\"async\" class=\"aligncenter wp-image-746 size-full\" src=\"https:\/\/ship-tracker.org\/wp-content\/uploads\/2019\/03\/cruise-ship-615116_640-1.jpg\" alt=\"Regal prinsesse \" width=\"640\" height=\"357\" srcset=\"https:\/\/ship-tracker.org\/wp-content\/uploads\/2019\/03\/cruise-ship-615116_640-1.jpg 640w, https:\/\/ship-tracker.org\/wp-content\/uploads\/2019\/03\/cruise-ship-615116_640-1-300x167.jpg 300w\" sizes=\"auto, (max-width: 640px) 100vw, 640px\" \/><\/p>\n<h3 class=\"title\">Princess Cruises fl\u00e5te<\/h3>\n<ul>\n<li><a href=\"https:\/\/ship-tracker.org\/nb\/discovery-princess\/\">Discovery Princess<\/a><\/li>\n<li><a href=\"https:\/\/ship-tracker.org\/nb\/enchanted-princess\/\">Fortryllet prinsesse<\/a><\/li>\n<li><a href=\"https:\/\/ship-tracker.org\/nb\/sky-princess\/\">Himmelprinsesse<\/a><\/li>\n<li><a href=\"https:\/\/ship-tracker.org\/nb\/majestic-princess\/\">Majestetisk prinsesse<\/a><\/li>\n<li><a href=\"https:\/\/ship-tracker.org\/nb\/royal-princess\/\">Kongelig prinsesse<\/a><\/li>\n<li><a href=\"https:\/\/ship-tracker.org\/nb\/ruby-princess\/\">Ruby prinsesse<\/a><\/li>\n<li><a href=\"https:\/\/ship-tracker.org\/nb\/emerald-princess\/\">Smaragdprinsesse<\/a><\/li>\n<li><a href=\"https:\/\/ship-tracker.org\/nb\/crown-princess\/\">Kronprinsesse<\/a><\/li>\n<li><a href=\"https:\/\/ship-tracker.org\/nb\/diamond-princess\/\">Diamantprinsesse<\/a><\/li>\n<li><a href=\"https:\/\/ship-tracker.org\/nb\/caribbean-princess\/\">Karibisk prinsesse<\/a><\/li>\n<li><a href=\"https:\/\/ship-tracker.org\/nb\/sapphire-princess\/\">Safir prinsesse<\/a><\/li>\n<li><a href=\"https:\/\/ship-tracker.org\/nb\/island-princess\/\">\u00d8yprinsesse<\/a><\/li>\n<li><a href=\"https:\/\/ship-tracker.org\/nb\/coral-princess\/\">Korallprinsesse<\/a><\/li>\n<li><a href=\"https:\/\/ship-tracker.org\/nb\/star-princess\/\">Stjerneprinsesse<\/a><\/li>\n<li><a href=\"https:\/\/ship-tracker.org\/nb\/pacific-princess\/\">Stillehavsprinsesse<\/a><\/li>\n<li><a href=\"https:\/\/ship-tracker.org\/nb\/sea-princess\/\">Sj\u00f8prinsesse<\/a><\/li>\n<li><a href=\"https:\/\/ship-tracker.org\/nb\/grand-princess\/\">Storprinsesse<\/a><\/li>\n<li><a href=\"https:\/\/ship-tracker.org\/nb\/sun-princess\/\">Solprinsesse<\/a><\/li>\n<\/ul>","protected":false},"excerpt":{"rendered":"<p>Regal Princess n\u00e5v\u00e6rende plassering og posisjon Hvor er Regal Princess n\u00e5v\u00e6rende posisjon? Se Regal Princess n\u00e5v\u00e6rende plassering. Regal Princess&#039; posisjon kan bestemmes n\u00f8yaktig av kartene til Lloyds og MarineTraffic. S\u00e5 du er alltid godt informert om hvor favorittskipet ditt er for \u00f8yeblikket. Regal Princess anmeldelse og spesifikasjoner Flaggstat\u2026&nbsp;<a href=\"https:\/\/ship-tracker.org\/nb\/regal-princess\/\" rel=\"bookmark\">Les mer \u00bb<span class=\"screen-reader-text\">Regal prinsesse<\/span><\/a><\/p>","protected":false},"author":1,"featured_media":0,"parent":0,"menu_order":0,"comment_status":"closed","ping_status":"closed","template":"","meta":{"neve_meta_sidebar":"","neve_meta_container":"","neve_meta_enable_content_width":"","neve_meta_content_width":0,"neve_meta_title_alignment":"","neve_meta_author_avatar":"","neve_post_elements_order":"","neve_meta_disable_header":"","neve_meta_disable_footer":"","neve_meta_disable_title":"","neve_meta_reading_time":"","footnotes":""},"class_list":["post-1158","page","type-page","status-publish","hentry"],"yoast_head":"<!-- This site is optimized with the Yoast SEO plugin v27.4 - https:\/\/yoast.com\/product\/yoast-seo-wordpress\/ -->\n<title>Regal Princess \u2503 Current location and position of Princess Cruises<\/title>\n<meta name=\"description\" content=\"Regal Princess \u2693 Current location and position of Regal Princess \u2713 Cruise Ship Tracker \u2713 Live Ship Tracker \u2713 Review and Specifications\" \/>\n<meta name=\"robots\" content=\"index, follow, max-snippet:-1, max-image-preview:large, max-video-preview:-1\" \/>\n<link rel=\"canonical\" href=\"https:\/\/ship-tracker.org\/nb\/regal-princess\/\" \/>\n<meta property=\"og:locale\" content=\"nb_NO\" \/>\n<meta property=\"og:type\" content=\"article\" \/>\n<meta property=\"og:title\" content=\"Regal Princess \u2503 Current location and position of Princess Cruises\" \/>\n<meta property=\"og:description\" content=\"Regal Princess \u2693 Current location and position of Regal Princess \u2713 Cruise Ship Tracker \u2713 Live Ship Tracker \u2713 Review and Specifications\" \/>\n<meta property=\"og:url\" content=\"https:\/\/ship-tracker.org\/nb\/regal-princess\/\" \/>\n<meta property=\"og:site_name\" content=\"Ship-tracker.org\" \/>\n<meta property=\"article:modified_time\" content=\"2021-11-08T20:49:06+00:00\" \/>\n<meta property=\"og:image\" content=\"https:\/\/ship-tracker.org\/wp-content\/uploads\/2019\/03\/cruise-ship-615116_640-1.jpg\" \/>\n<meta name=\"twitter:card\" content=\"summary_large_image\" \/>\n<meta name=\"twitter:label1\" content=\"Ansl. lesetid\" \/>\n\t<meta name=\"twitter:data1\" content=\"1 minutt\" \/>\n<script type=\"application\/ld+json\" class=\"yoast-schema-graph\">{\"@context\":\"https:\\\/\\\/schema.org\",\"@graph\":[{\"@type\":\"WebPage\",\"@id\":\"https:\\\/\\\/ship-tracker.org\\\/regal-princess\\\/\",\"url\":\"https:\\\/\\\/ship-tracker.org\\\/regal-princess\\\/\",\"name\":\"Regal Princess \u2503 Current location and position of Princess Cruises\",\"isPartOf\":{\"@id\":\"https:\\\/\\\/ship-tracker.org\\\/#website\"},\"primaryImageOfPage\":{\"@id\":\"https:\\\/\\\/ship-tracker.org\\\/regal-princess\\\/#primaryimage\"},\"image\":{\"@id\":\"https:\\\/\\\/ship-tracker.org\\\/regal-princess\\\/#primaryimage\"},\"thumbnailUrl\":\"https:\\\/\\\/ship-tracker.org\\\/wp-content\\\/uploads\\\/2019\\\/03\\\/cruise-ship-615116_640-1.jpg\",\"datePublished\":\"2019-10-02T08:02:55+00:00\",\"dateModified\":\"2021-11-08T20:49:06+00:00\",\"description\":\"Regal Princess \u2693 Current location and position of Regal Princess \u2713 Cruise Ship Tracker \u2713 Live Ship Tracker \u2713 Review and Specifications\",\"breadcrumb\":{\"@id\":\"https:\\\/\\\/ship-tracker.org\\\/regal-princess\\\/#breadcrumb\"},\"inLanguage\":\"nb-NO\",\"potentialAction\":[{\"@type\":\"ReadAction\",\"target\":[\"https:\\\/\\\/ship-tracker.org\\\/regal-princess\\\/\"]}]},{\"@type\":\"ImageObject\",\"inLanguage\":\"nb-NO\",\"@id\":\"https:\\\/\\\/ship-tracker.org\\\/regal-princess\\\/#primaryimage\",\"url\":\"https:\\\/\\\/ship-tracker.org\\\/wp-content\\\/uploads\\\/2019\\\/03\\\/cruise-ship-615116_640-1.jpg\",\"contentUrl\":\"https:\\\/\\\/ship-tracker.org\\\/wp-content\\\/uploads\\\/2019\\\/03\\\/cruise-ship-615116_640-1.jpg\"},{\"@type\":\"BreadcrumbList\",\"@id\":\"https:\\\/\\\/ship-tracker.org\\\/regal-princess\\\/#breadcrumb\",\"itemListElement\":[{\"@type\":\"ListItem\",\"position\":1,\"name\":\"Startseite\",\"item\":\"https:\\\/\\\/ship-tracker.org\\\/\"},{\"@type\":\"ListItem\",\"position\":2,\"name\":\"Regal Princess\"}]},{\"@type\":\"WebSite\",\"@id\":\"https:\\\/\\\/ship-tracker.org\\\/#website\",\"url\":\"https:\\\/\\\/ship-tracker.org\\\/\",\"name\":\"Ship-tracker.org\",\"description\":\"\",\"potentialAction\":[{\"@type\":\"SearchAction\",\"target\":{\"@type\":\"EntryPoint\",\"urlTemplate\":\"https:\\\/\\\/ship-tracker.org\\\/?s={search_term_string}\"},\"query-input\":{\"@type\":\"PropertyValueSpecification\",\"valueRequired\":true,\"valueName\":\"search_term_string\"}}],\"inLanguage\":\"nb-NO\"}]}<\/script>\n<!-- \/ Yoast SEO plugin. -->","yoast_head_json":{"title":"Regal Princess \u2503 N\u00e5v\u00e6rende plassering og posisjon til Princess Cruises","description":"Regal Princess \u2693 N\u00e5v\u00e6rende plassering og posisjon til Regal Princess \u2713 Cruiseship Tracker \u2713 Live Ship Tracker \u2713 Gjennomgang og spesifikasjoner","robots":{"index":"index","follow":"follow","max-snippet":"max-snippet:-1","max-image-preview":"max-image-preview:large","max-video-preview":"max-video-preview:-1"},"canonical":"https:\/\/ship-tracker.org\/nb\/regal-princess\/","og_locale":"nb_NO","og_type":"article","og_title":"Regal Princess \u2503 Current location and position of Princess Cruises","og_description":"Regal Princess \u2693 Current location and position of Regal Princess \u2713 Cruise Ship Tracker \u2713 Live Ship Tracker \u2713 Review and Specifications","og_url":"https:\/\/ship-tracker.org\/nb\/regal-princess\/","og_site_name":"Ship-tracker.org","article_modified_time":"2021-11-08T20:49:06+00:00","og_image":[{"url":"https:\/\/ship-tracker.org\/wp-content\/uploads\/2019\/03\/cruise-ship-615116_640-1.jpg","type":"","width":"","height":""}],"twitter_card":"summary_large_image","twitter_misc":{"Ansl. lesetid":"1 minutt"},"schema":{"@context":"https:\/\/schema.org","@graph":[{"@type":"WebPage","@id":"https:\/\/ship-tracker.org\/regal-princess\/","url":"https:\/\/ship-tracker.org\/regal-princess\/","name":"Regal Princess \u2503 N\u00e5v\u00e6rende plassering og posisjon til Princess Cruises","isPartOf":{"@id":"https:\/\/ship-tracker.org\/#website"},"primaryImageOfPage":{"@id":"https:\/\/ship-tracker.org\/regal-princess\/#primaryimage"},"image":{"@id":"https:\/\/ship-tracker.org\/regal-princess\/#primaryimage"},"thumbnailUrl":"https:\/\/ship-tracker.org\/wp-content\/uploads\/2019\/03\/cruise-ship-615116_640-1.jpg","datePublished":"2019-10-02T08:02:55+00:00","dateModified":"2021-11-08T20:49:06+00:00","description":"Regal Princess \u2693 N\u00e5v\u00e6rende plassering og posisjon til Regal Princess \u2713 Cruiseship Tracker \u2713 Live Ship Tracker \u2713 Gjennomgang og spesifikasjoner","breadcrumb":{"@id":"https:\/\/ship-tracker.org\/regal-princess\/#breadcrumb"},"inLanguage":"nb-NO","potentialAction":[{"@type":"ReadAction","target":["https:\/\/ship-tracker.org\/regal-princess\/"]}]},{"@type":"ImageObject","inLanguage":"nb-NO","@id":"https:\/\/ship-tracker.org\/regal-princess\/#primaryimage","url":"https:\/\/ship-tracker.org\/wp-content\/uploads\/2019\/03\/cruise-ship-615116_640-1.jpg","contentUrl":"https:\/\/ship-tracker.org\/wp-content\/uploads\/2019\/03\/cruise-ship-615116_640-1.jpg"},{"@type":"BreadcrumbList","@id":"https:\/\/ship-tracker.org\/regal-princess\/#breadcrumb","itemListElement":[{"@type":"ListItem","position":1,"name":"Startseite","item":"https:\/\/ship-tracker.org\/"},{"@type":"ListItem","position":2,"name":"Regal Princess"}]},{"@type":"WebSite","@id":"https:\/\/ship-tracker.org\/#website","url":"https:\/\/ship-tracker.org\/","name":"Ship-tracker.org","description":"","potentialAction":[{"@type":"SearchAction","target":{"@type":"EntryPoint","urlTemplate":"https:\/\/ship-tracker.org\/?s={search_term_string}"},"query-input":{"@type":"PropertyValueSpecification","valueRequired":true,"valueName":"search_term_string"}}],"inLanguage":"nb-NO"}]}},"_links":{"self":[{"href":"https:\/\/ship-tracker.org\/nb\/wp-json\/wp\/v2\/pages\/1158","targetHints":{"allow":["GET"]}}],"collection":[{"href":"https:\/\/ship-tracker.org\/nb\/wp-json\/wp\/v2\/pages"}],"about":[{"href":"https:\/\/ship-tracker.org\/nb\/wp-json\/wp\/v2\/types\/page"}],"author":[{"embeddable":true,"href":"https:\/\/ship-tracker.org\/nb\/wp-json\/wp\/v2\/users\/1"}],"replies":[{"embeddable":true,"href":"https:\/\/ship-tracker.org\/nb\/wp-json\/wp\/v2\/comments?post=1158"}],"version-history":[{"count":5,"href":"https:\/\/ship-tracker.org\/nb\/wp-json\/wp\/v2\/pages\/1158\/revisions"}],"predecessor-version":[{"id":2375,"href":"https:\/\/ship-tracker.org\/nb\/wp-json\/wp\/v2\/pages\/1158\/revisions\/2375"}],"wp:attachment":[{"href":"https:\/\/ship-tracker.org\/nb\/wp-json\/wp\/v2\/media?parent=1158"}],"curies":[{"name":"wp","href":"https:\/\/api.w.org\/{rel}","templated":true}]}}