{"id":111,"date":"2017-09-14T16:35:36","date_gmt":"2017-09-14T14:35:36","guid":{"rendered":"http:\/\/ship-tracker.org\/?page_id=111"},"modified":"2019-10-10T17:03:05","modified_gmt":"2019-10-10T15:03:05","slug":"pulse-of-the-seas","status":"publish","type":"page","link":"https:\/\/ship-tracker.org\/nb\/pulse-of-the-seas\/","title":{"rendered":"Havets puls"},"content":{"rendered":"<p><script async src=\"https:\/\/pagead2.googlesyndication.com\/pagead\/js\/adsbygoogle.js\"><\/script><br \/>\n<!-- Ship-Tracker Display --><br \/>\n<ins class=\"adsbygoogle\"\n     style=\"display:block\"\n     data-ad-client=\"ca-pub-1316785063791781\"\n     data-ad-slot=\"8075999632\"\n     data-ad-format=\"auto\"\n     data-full-width-responsive=\"true\"><\/ins><br \/>\n<script>\n     (adsbygoogle = window.adsbygoogle || []).push({});\n<\/script><\/p>\n<h2><span style=\"color: #000000;\">N\u00e5v\u00e6rende plassering og <\/span><span style=\"color: #000000;\">posisjonen til Pulse Of The Seas<\/span><\/h2>\n<p>Hvor er den n\u00e5v\u00e6rende posisjonen til Pulse Of The Seas for tiden?<br \/>\n<script async src=\"https:\/\/pagead2.googlesyndication.com\/pagead\/js\/adsbygoogle.js\"><\/script><br \/>\n<!-- Schip-Tracker Linkanzeigen --><br \/>\n<ins class=\"adsbygoogle\"\n     style=\"display:block\"\n     data-ad-client=\"ca-pub-1316785063791781\"\n     data-ad-slot=\"3429004156\"\n     data-ad-format=\"link\"\n     data-full-width-responsive=\"true\"><\/ins><br \/>\n<script>\n     (adsbygoogle = window.adsbygoogle || []).push({});\n<\/script><br \/>\n<div class=\"su-gmap su-u-responsive-media-yes\"><iframe loading=\"lazy\" width=\"600\" height=\"400\" src=\"\/\/maps.google.com\/maps?q=meyer%20werft&amp;output=embed\" title=\"\"><\/iframe><\/div>\n<p><script async src=\"https:\/\/pagead2.googlesyndication.com\/pagead\/js\/adsbygoogle.js\"><\/script><br \/>\n<!-- Ship-Tracker Display --><br \/>\n<ins class=\"adsbygoogle\"\n     style=\"display:block\"\n     data-ad-client=\"ca-pub-1316785063791781\"\n     data-ad-slot=\"8075999632\"\n     data-ad-format=\"auto\"\n     data-full-width-responsive=\"true\"><\/ins><br \/>\n<script>\n     (adsbygoogle = window.adsbygoogle || []).push({});\n<\/script><\/p>\n<p>Se Pulse Of The Seas n\u00e5v\u00e6rende plassering. Posisjonen til Pulse Of The Seas kan bestemmes n\u00f8yaktig av kartene over Schiffsiff og MarineTraffic. S\u00e5 du er alltid godt informert om hvor favorittskipet ditt er for \u00f8yeblikket.<\/p>\n<h2 class=\"title\"><span style=\"color: #000000;\">Pulse Of The Seas gjennomgang og spesifikasjoner<\/span><\/h2>\n<table style=\"height: 296px;\" width=\"400\">\n<tbody>\n<tr>\n<td style=\"width: 192px;\"><span style=\"color: #000000;\"><strong>Bygge\u00e5r<\/strong><\/span><\/td>\n<td style=\"width: 192px;\"><span style=\"color: #000000;\">2020<\/span><\/td>\n<\/tr>\n<tr>\n<td style=\"width: 192px;\"><span style=\"color: #000000;\"><strong>Bygger<\/strong><\/span><\/td>\n<td style=\"width: 192px;\"><span style=\"color: #000000;\">Meyer Werft<\/span><\/td>\n<\/tr>\n<tr>\n<td style=\"width: 192px;\"><span style=\"color: #000000;\"><strong>Lengde<\/strong><\/span><\/td>\n<td style=\"width: 192px;\"><span style=\"color: #000000;\">347<span class=\"specificationUnit\">\u00a0m<\/span><\/span><\/td>\n<\/tr>\n<tr>\n<td style=\"width: 192px;\"><span style=\"color: #000000;\"><strong>Klasse<\/strong><\/span><\/td>\n<td style=\"width: 192px;\"><span style=\"color: #000000;\">Quantum-Plus<\/span><\/td>\n<\/tr>\n<tr>\n<td style=\"width: 192px;\"><span style=\"color: #000000;\"><strong>Bruttotonn<\/strong><\/span><\/td>\n<td style=\"width: 192px;\"><span style=\"color: #000000;\">168666<span class=\"specificationUnit\">\u00a0gt<\/span><\/span><\/td>\n<\/tr>\n<tr>\n<td style=\"width: 192px;\"><span style=\"color: #000000;\"><strong><b>Fremdrift<\/b><\/strong><\/span><\/td>\n<td style=\"width: 192px;\"><span style=\"color: #000000;\">Diesel-elektrisk<\/span><\/td>\n<\/tr>\n<tr>\n<td style=\"width: 192px;\"><span style=\"color: #000000;\"><strong><b>Eieren<\/b><\/strong><\/span><\/td>\n<td style=\"width: 192px;\"><a href=\"https:\/\/www.royalcaribbean.com\/\" target=\"_blank\" rel=\"noopener noreferrer\">Royal Caribbean Cruises<\/a><\/td>\n<\/tr>\n<\/tbody>\n<\/table>\n<figure id=\"attachment_164\" aria-describedby=\"caption-attachment-164\" style=\"width: 1000px\" class=\"wp-caption aligncenter\"><img loading=\"lazy\" decoding=\"async\" class=\"wp-image-164 size-full\" src=\"https:\/\/ship-tracker.org\/wp-content\/uploads\/2017\/09\/1818-a337fe3f73d.jpg\" alt=\"Havets puls\" width=\"1000\" height=\"600\" srcset=\"https:\/\/ship-tracker.org\/wp-content\/uploads\/2017\/09\/1818-a337fe3f73d.jpg 1000w, https:\/\/ship-tracker.org\/wp-content\/uploads\/2017\/09\/1818-a337fe3f73d-300x180.jpg 300w, https:\/\/ship-tracker.org\/wp-content\/uploads\/2017\/09\/1818-a337fe3f73d-768x461.jpg 768w\" sizes=\"auto, (max-width: 1000px) 100vw, 1000px\" \/><figcaption id=\"caption-attachment-164\" class=\"wp-caption-text\">Havets puls<\/p>\n<p>\u00a9 Royal Caribbean Cruises Ltd<\/figcaption><\/figure>\n<p><script async src=\"https:\/\/pagead2.googlesyndication.com\/pagead\/js\/adsbygoogle.js\"><\/script><br \/>\n<!-- Schip-Tracker Linkanzeigen --><br \/>\n<ins class=\"adsbygoogle\"\n     style=\"display:block\"\n     data-ad-client=\"ca-pub-1316785063791781\"\n     data-ad-slot=\"3429004156\"\n     data-ad-format=\"link\"\n     data-full-width-responsive=\"true\"><\/ins><br \/>\n<script>\n     (adsbygoogle = window.adsbygoogle || []).push({});\n<\/script><\/p>\n<h4><span style=\"color: #000000;\">Pulse Of The Seas video<\/span><\/h4>\n<div class=\"su-youtube su-u-responsive-media-yes\"><iframe loading=\"lazy\" width=\"600\" height=\"400\" src=\"https:\/\/www.youtube.com\/embed\/-srgb3RtjH4?\" frameborder=\"0\" allowfullscreen allow=\"autoplay; encrypted-media; picture-in-picture\" title=\"\"><\/iframe><\/div>","protected":false},"excerpt":{"rendered":"<p>Gjeldende plassering og posisjon for Pulse Of The Seas Hvor er Pulse Of The Seas&#039; n\u00e5v\u00e6rende posisjon? Se Pulse Of The Seas&#039; n\u00e5v\u00e6rende plassering. Pulse Of The Seas&#039; posisjon kan bestemmes n\u00f8yaktig av kartene til Skipsfart\u00f8yet og MarineTraffic. S\u00e5 du er alltid godt informert om hvor favorittskipet ditt er ...&nbsp;<a href=\"https:\/\/ship-tracker.org\/nb\/pulse-of-the-seas\/\" rel=\"bookmark\">Les mer \u00bb<span class=\"screen-reader-text\">Havets puls<\/span><\/a><\/p>","protected":false},"author":1,"featured_media":0,"parent":0,"menu_order":0,"comment_status":"closed","ping_status":"closed","template":"","meta":{"neve_meta_sidebar":"","neve_meta_container":"","neve_meta_enable_content_width":"","neve_meta_content_width":0,"neve_meta_title_alignment":"","neve_meta_author_avatar":"","neve_post_elements_order":"","neve_meta_disable_header":"","neve_meta_disable_footer":"","neve_meta_disable_title":"","neve_meta_reading_time":"","footnotes":""},"class_list":["post-111","page","type-page","status-publish","hentry"],"yoast_head":"<!-- This site is optimized with the Yoast SEO plugin v26.9 - https:\/\/yoast.com\/product\/yoast-seo-wordpress\/ -->\n<title>Pulse Of The Seas \u2503 Current location and position<\/title>\n<meta name=\"description\" content=\"ll\u2b50\u27a4 Pulse Of The Seas \u2693 \u2705 Current location and position of Pulse Of The Seas \u2705 Cruise Ship Tracker \u2705 Live Ship Tracker \u25036. april 2026 \u2503\" \/>\n<meta name=\"robots\" content=\"index, follow, max-snippet:-1, max-image-preview:large, max-video-preview:-1\" \/>\n<link rel=\"canonical\" href=\"https:\/\/ship-tracker.org\/nb\/pulse-of-the-seas\/\" \/>\n<meta property=\"og:locale\" content=\"nb_NO\" \/>\n<meta property=\"og:type\" content=\"article\" \/>\n<meta property=\"og:title\" content=\"Pulse Of The Seas \u2503 Current location and position\" \/>\n<meta property=\"og:description\" content=\"ll\u2b50\u27a4 Pulse Of The Seas \u2693 \u2705 Current location and position of Pulse Of The Seas \u2705 Cruise Ship Tracker \u2705 Live Ship Tracker \u25036. april 2026 \u2503\" \/>\n<meta property=\"og:url\" content=\"https:\/\/ship-tracker.org\/nb\/pulse-of-the-seas\/\" \/>\n<meta property=\"og:site_name\" content=\"Ship-tracker.org\" \/>\n<meta property=\"article:modified_time\" content=\"2019-10-10T15:03:05+00:00\" \/>\n<meta property=\"og:image\" content=\"https:\/\/ship-tracker.org\/wp-content\/uploads\/2017\/09\/1818-a337fe3f73d.jpg\" \/>\n<meta name=\"twitter:card\" content=\"summary_large_image\" \/>\n<meta name=\"twitter:label1\" content=\"Ansl. lesetid\" \/>\n\t<meta name=\"twitter:data1\" content=\"1 minutt\" \/>\n<script type=\"application\/ld+json\" class=\"yoast-schema-graph\">{\"@context\":\"https:\/\/schema.org\",\"@graph\":[{\"@type\":\"WebPage\",\"@id\":\"https:\/\/ship-tracker.org\/fr\/pulse-of-the-seas\/\",\"url\":\"https:\/\/ship-tracker.org\/fr\/pulse-of-the-seas\/\",\"name\":\"Pulse Of The Seas \u2503 Current location and position\",\"isPartOf\":{\"@id\":\"https:\/\/ship-tracker.org\/#website\"},\"primaryImageOfPage\":{\"@id\":\"https:\/\/ship-tracker.org\/fr\/pulse-of-the-seas\/#primaryimage\"},\"image\":{\"@id\":\"https:\/\/ship-tracker.org\/fr\/pulse-of-the-seas\/#primaryimage\"},\"thumbnailUrl\":\"https:\/\/ship-tracker.org\/wp-content\/uploads\/2017\/09\/1818-a337fe3f73d.jpg\",\"datePublished\":\"2017-09-14T14:35:36+00:00\",\"dateModified\":\"2019-10-10T15:03:05+00:00\",\"description\":\"ll\u2b50\u27a4 Pulse Of The Seas \u2693 \u2705 Current location and position of Pulse Of The Seas \u2705 Cruise Ship Tracker \u2705 Live Ship Tracker \u25036. april 2026 \u2503\",\"breadcrumb\":{\"@id\":\"https:\/\/ship-tracker.org\/fr\/pulse-of-the-seas\/#breadcrumb\"},\"inLanguage\":\"nb-NO\",\"potentialAction\":[{\"@type\":\"ReadAction\",\"target\":[\"https:\/\/ship-tracker.org\/fr\/pulse-of-the-seas\/\"]}]},{\"@type\":\"ImageObject\",\"inLanguage\":\"nb-NO\",\"@id\":\"https:\/\/ship-tracker.org\/fr\/pulse-of-the-seas\/#primaryimage\",\"url\":\"https:\/\/ship-tracker.org\/wp-content\/uploads\/2017\/09\/1818-a337fe3f73d.jpg\",\"contentUrl\":\"https:\/\/ship-tracker.org\/wp-content\/uploads\/2017\/09\/1818-a337fe3f73d.jpg\"},{\"@type\":\"BreadcrumbList\",\"@id\":\"https:\/\/ship-tracker.org\/fr\/pulse-of-the-seas\/#breadcrumb\",\"itemListElement\":[{\"@type\":\"ListItem\",\"position\":1,\"name\":\"Startseite\",\"item\":\"https:\/\/ship-tracker.org\/\"},{\"@type\":\"ListItem\",\"position\":2,\"name\":\"Pulse Of The Seas\"}]},{\"@type\":\"WebSite\",\"@id\":\"https:\/\/ship-tracker.org\/#website\",\"url\":\"https:\/\/ship-tracker.org\/\",\"name\":\"Ship-tracker.org\",\"description\":\"\",\"potentialAction\":[{\"@type\":\"SearchAction\",\"target\":{\"@type\":\"EntryPoint\",\"urlTemplate\":\"https:\/\/ship-tracker.org\/?s={search_term_string}\"},\"query-input\":{\"@type\":\"PropertyValueSpecification\",\"valueRequired\":true,\"valueName\":\"search_term_string\"}}],\"inLanguage\":\"nb-NO\"}]}<\/script>\n<!-- \/ Yoast SEO plugin. -->","yoast_head_json":{"title":"Pulse Of The Seas \u2503 N\u00e5v\u00e6rende plassering og posisjon","description":"ll\u2b50\u27a4 Pulse Of The Seas \u2693 \u2705 Current location and position of Pulse Of The Seas \u2705 Cruise Ship Tracker \u2705 Live Ship Tracker \u25036. april 2026 \u2503","robots":{"index":"index","follow":"follow","max-snippet":"max-snippet:-1","max-image-preview":"max-image-preview:large","max-video-preview":"max-video-preview:-1"},"canonical":"https:\/\/ship-tracker.org\/nb\/pulse-of-the-seas\/","og_locale":"nb_NO","og_type":"article","og_title":"Pulse Of The Seas \u2503 Current location and position","og_description":"ll\u2b50\u27a4 Pulse Of The Seas \u2693 \u2705 Current location and position of Pulse Of The Seas \u2705 Cruise Ship Tracker \u2705 Live Ship Tracker \u25036. april 2026 \u2503","og_url":"https:\/\/ship-tracker.org\/nb\/pulse-of-the-seas\/","og_site_name":"Ship-tracker.org","article_modified_time":"2019-10-10T15:03:05+00:00","og_image":[{"url":"https:\/\/ship-tracker.org\/wp-content\/uploads\/2017\/09\/1818-a337fe3f73d.jpg","type":"","width":"","height":""}],"twitter_card":"summary_large_image","twitter_misc":{"Ansl. lesetid":"1 minutt"},"schema":{"@context":"https:\/\/schema.org","@graph":[{"@type":"WebPage","@id":"https:\/\/ship-tracker.org\/fr\/pulse-of-the-seas\/","url":"https:\/\/ship-tracker.org\/fr\/pulse-of-the-seas\/","name":"Pulse Of The Seas \u2503 N\u00e5v\u00e6rende plassering og posisjon","isPartOf":{"@id":"https:\/\/ship-tracker.org\/#website"},"primaryImageOfPage":{"@id":"https:\/\/ship-tracker.org\/fr\/pulse-of-the-seas\/#primaryimage"},"image":{"@id":"https:\/\/ship-tracker.org\/fr\/pulse-of-the-seas\/#primaryimage"},"thumbnailUrl":"https:\/\/ship-tracker.org\/wp-content\/uploads\/2017\/09\/1818-a337fe3f73d.jpg","datePublished":"2017-09-14T14:35:36+00:00","dateModified":"2019-10-10T15:03:05+00:00","description":"ll\u2b50\u27a4 Pulse Of The Seas \u2693 \u2705 Current location and position of Pulse Of The Seas \u2705 Cruise Ship Tracker \u2705 Live Ship Tracker \u25036. april 2026 \u2503","breadcrumb":{"@id":"https:\/\/ship-tracker.org\/fr\/pulse-of-the-seas\/#breadcrumb"},"inLanguage":"nb-NO","potentialAction":[{"@type":"ReadAction","target":["https:\/\/ship-tracker.org\/fr\/pulse-of-the-seas\/"]}]},{"@type":"ImageObject","inLanguage":"nb-NO","@id":"https:\/\/ship-tracker.org\/fr\/pulse-of-the-seas\/#primaryimage","url":"https:\/\/ship-tracker.org\/wp-content\/uploads\/2017\/09\/1818-a337fe3f73d.jpg","contentUrl":"https:\/\/ship-tracker.org\/wp-content\/uploads\/2017\/09\/1818-a337fe3f73d.jpg"},{"@type":"BreadcrumbList","@id":"https:\/\/ship-tracker.org\/fr\/pulse-of-the-seas\/#breadcrumb","itemListElement":[{"@type":"ListItem","position":1,"name":"Startseite","item":"https:\/\/ship-tracker.org\/"},{"@type":"ListItem","position":2,"name":"Pulse Of The Seas"}]},{"@type":"WebSite","@id":"https:\/\/ship-tracker.org\/#website","url":"https:\/\/ship-tracker.org\/","name":"Ship-tracker.org","description":"","potentialAction":[{"@type":"SearchAction","target":{"@type":"EntryPoint","urlTemplate":"https:\/\/ship-tracker.org\/?s={search_term_string}"},"query-input":{"@type":"PropertyValueSpecification","valueRequired":true,"valueName":"search_term_string"}}],"inLanguage":"nb-NO"}]}},"_links":{"self":[{"href":"https:\/\/ship-tracker.org\/nb\/wp-json\/wp\/v2\/pages\/111","targetHints":{"allow":["GET"]}}],"collection":[{"href":"https:\/\/ship-tracker.org\/nb\/wp-json\/wp\/v2\/pages"}],"about":[{"href":"https:\/\/ship-tracker.org\/nb\/wp-json\/wp\/v2\/types\/page"}],"author":[{"embeddable":true,"href":"https:\/\/ship-tracker.org\/nb\/wp-json\/wp\/v2\/users\/1"}],"replies":[{"embeddable":true,"href":"https:\/\/ship-tracker.org\/nb\/wp-json\/wp\/v2\/comments?post=111"}],"version-history":[{"count":5,"href":"https:\/\/ship-tracker.org\/nb\/wp-json\/wp\/v2\/pages\/111\/revisions"}],"predecessor-version":[{"id":1488,"href":"https:\/\/ship-tracker.org\/nb\/wp-json\/wp\/v2\/pages\/111\/revisions\/1488"}],"wp:attachment":[{"href":"https:\/\/ship-tracker.org\/nb\/wp-json\/wp\/v2\/media?parent=111"}],"curies":[{"name":"wp","href":"https:\/\/api.w.org\/{rel}","templated":true}]}}