{"id":745,"date":"2019-03-28T16:16:09","date_gmt":"2019-03-28T15:16:09","guid":{"rendered":"https:\/\/ship-tracker.org\/?page_id=745"},"modified":"2021-11-08T21:05:13","modified_gmt":"2021-11-08T20:05:13","slug":"cruise-ship-tracker","status":"publish","type":"page","link":"https:\/\/ship-tracker.org\/it\/cruise-ship-tracker\/","title":{"rendered":"Tracker per navi da crociera"},"content":{"rendered":"<p><script async src=\"https:\/\/pagead2.googlesyndication.com\/pagead\/js\/adsbygoogle.js\"><span data-mce-type=\"bookmark\" style=\"display: inline-block; width: 0px; overflow: hidden; line-height: 0;\" class=\"mce_SELRES_start\">\ufeff<\/span><span data-mce-type=\"bookmark\" style=\"display: inline-block; width: 0px; overflow: hidden; line-height: 0;\" class=\"mce_SELRES_start\">\ufeff<\/span><\/script><br \/>\n<!-- Ship-Tracker Display --><br \/>\n<ins class=\"adsbygoogle\" style=\"display: block;\" data-ad-client=\"ca-pub-1316785063791781\" data-ad-slot=\"8075999632\" data-ad-format=\"auto\" data-full-width-responsive=\"true\"><\/ins><br \/>\n<script>\n     (adsbygoogle = window.adsbygoogle || []).push({});\n<\/script><\/p>\n<h2 class=\"p1\"><span class=\"s1\">Tracker per navi da crociera - <\/span>Posizione della nave in tempo reale<\/h2>\n<p><script type=\"text\/javascript\">\nwidth='100%';\nheight='450';\n<\/script><br \/>\n<script type=\"text\/javascript\" src=\"\/\/www.marinetraffic.com\/js\/embed.js\"><\/script><\/p>\n<p><script async src=\"https:\/\/pagead2.googlesyndication.com\/pagead\/js\/adsbygoogle.js\"><\/script><br \/>\n<!-- Schip-Tracker Linkanzeigen --><br \/>\n<ins class=\"adsbygoogle\" style=\"display: block;\" data-ad-client=\"ca-pub-1316785063791781\" data-ad-slot=\"3429004156\" data-ad-format=\"link\" data-full-width-responsive=\"true\"><\/ins><br \/>\n<script>\n     (adsbygoogle = window.adsbygoogle || []).push({});\n<\/script><\/p>\n<p style=\"text-align: justify;\">Il monitoraggio delle navi \u00e8 la posizione pi\u00f9 popolare della nave da crociera. I parenti spesso vogliono sapere se il viaggio della nave da crociera procede senza intoppi o se la nave arriver\u00e0 al porto o alla sua destinazione in tempo.<\/p>\n<p class=\"p1\" style=\"text-align: justify;\"><span class=\"s1\">Ci sono alcune cose che \u00e8 necessario sapere sul monitoraggio del flusso di crociera. Non importa quale tipo di nave sia quella che ti sta guidando, \u00e8 importante sapere che \u00e8 abbastanza e fuori di testa. Con l&#039;aiuto della gloriosa AIS che ti sta chiedendo, puoi anche dirti dove ti dirigi e che anche i conducenti della nave sono al sicuro. <\/span><\/p>\n<p class=\"p1\" style=\"text-align: justify;\"><span class=\"s1\">Questa \u00e8 la cosa pi\u00f9 importante che si sta facendo perch\u00e9 \u00e8 cos\u00ec con la stessa di tutte le citazioni e anche dopo. Puoi essere sempre al lavoro e averlo scaricato sul tuo telefono come un&#039;applicazione - e poi puoi usare la tua crociera per far s\u00ec che tutto funzioni allo stesso modo.\u00a0<\/span><\/p>\n<h2>Come individuare le navi da crociera?<\/h2>\n<p style=\"text-align: justify;\">La posizione delle navi da crociera \u00e8 la pi\u00f9 ricercata. I parenti spesso vogliono sapere se il viaggio della nave da crociera procede senza intoppi o se la nave arriver\u00e0 al porto o alla sua destinazione all&#039;orario previsto. Per visualizzare la posizione di una specifica nave da crociera, \u00e8 sufficiente fare clic sull&#039;icona della lente di ingrandimento nell&#039;angolo in alto a sinistra. Quindi puoi inserire il nome della nave che stai cercando. Quindi la nave verr\u00e0 visualizzata nella posizione corrente con tutte le informazioni.<\/p>\n<figure id=\"attachment_2025\" aria-describedby=\"caption-attachment-2025\" style=\"width: 768px\" class=\"wp-caption aligncenter\"><img loading=\"lazy\" decoding=\"async\" class=\"wp-image-2025 size-full\" src=\"https:\/\/ship-tracker.org\/wp-content\/uploads\/2020\/04\/karte-kreuzfahrt-kreuzfahrtschiff-schiffsposition-schiffsradar-768x388-1.jpg\" alt=\"Come individuare le navi da crociera?\" width=\"768\" height=\"388\" srcset=\"https:\/\/ship-tracker.org\/wp-content\/uploads\/2020\/04\/karte-kreuzfahrt-kreuzfahrtschiff-schiffsposition-schiffsradar-768x388-1.jpg 768w, https:\/\/ship-tracker.org\/wp-content\/uploads\/2020\/04\/karte-kreuzfahrt-kreuzfahrtschiff-schiffsposition-schiffsradar-768x388-1-300x152.jpg 300w\" sizes=\"auto, (max-width: 768px) 100vw, 768px\" \/><figcaption id=\"caption-attachment-2025\" class=\"wp-caption-text\">Schermata \u00a9 Marinetraffic.com<\/figcaption><\/figure>\n<p style=\"text-align: justify;\">In Marinetraffic, le navi passeggeri sono rappresentate da simboli blu. Qui tutte le navi da crociera possono essere facilmente selezionate per mantenere una visione d&#039;insieme ed eseguire ricerche specifiche.<\/p>\n<h2>Posizione delle navi da crociera in tutto il mondo<\/h2>\n<p style=\"text-align: justify;\">Soprattutto con le navi di grandi dimensioni \u00e8 molto importante che la posizione pi\u00f9 attuale sia nota in ogni momento. Grazie alle moderne tecnologie questo ovviamente non \u00e8 pi\u00f9 un problema. A tal fine, il cosiddetto <a href=\"https:\/\/en.wikipedia.org\/wiki\/Automatic_identification_system\" target=\"_blank\" rel=\"noopener noreferrer\">Sistema di identificazione automatica<\/a> viene utilizzato, che invia in modo permanente la posizione corrente della nave alle stazioni base richieste, che sono distribuite in tutto il mondo. In effetti esiste un regolamento mondiale riguardante l&#039;equipaggiamento delle navi con questo sistema.<\/p>\n<p style=\"text-align: justify;\">Quindi questo sistema deve essere sempre a bordo e ovviamente attivo. I dati del sistema vengono quindi valutati ed elaborati graficamente in modo che possano essere resi disponibili all&#039;utente.<\/p>\n<p>Dalla classica nave da crociera Mariner Of The Seas, su cui centinaia di vacanzieri prendono il sole e si lasciano coccolare dallo staff, fino alla grande nave portacontainer, su cui vengono trasportate le merci in tutti i paesi del mondo, la scelta delle navi difficilmente potrebbe essere maggiore.<\/p>\n<h2>Come viene determinata la posizione della nave?<\/h2>\n<p style=\"text-align: justify;\">Se ti stai chiedendo come funziona esattamente l&#039;indagine sull&#039;AIS, ecco la spiegazione. AIS \u00e8 la forma abbreviata del sistema di identificazione automatica. \u00c8 un sistema radio utilizzato per trasmettere dati di navigazione e di nave. Permette di identificare accuratamente le navi. Questa possibilit\u00e0 aumenta notevolmente la sicurezza della nave. Le navi trasmettono importanti dati statistici e relativi al viaggio tramite AIS a intervalli regolari da 2 secondi a 3 minuti, il tutto tramite speciali trasmettitori e ricevitori.<\/p>\n<h2>Questo radar per navi da crociera \u00e8 a vostra disposizione gratuitamente<\/h2>\n<p style=\"text-align: justify;\">Se sei interessato al tracciamento delle navi da crociera e vuoi determinare una posizione specifica della nave, sei nel posto giusto sulle pagine Marinetraffic.com o Vesselfinder.com. Al giorno d&#039;oggi, tutte le navi sono dotate del cosiddetto sistema AIS, che consente loro di trasmettere continuamente la loro posizione attuale.<\/p>\n<p style=\"text-align: justify;\">Ci\u00f2 consente di inserire i dati sulla mappa in tempo reale, in modo da poter seguire la posizione della nave dal vivo da casa, che si tratti di una nave da crociera, una nave portacontainer, un rimorchiatore o persino uno yacht. Ogni nave nel mondo pu\u00f2 essere discussa sulla mappa grazie al sistema AIS, sia che tu stia cercando una nave specifica o sia semplicemente interessato alla spedizione. Esplorare gli oceani \u00e8 divertente, rivela nuovi dettagli ogni giorno ed \u00e8 anche assolutamente gratuito per tutti.<\/p>\n<p><script async src=\"https:\/\/pagead2.googlesyndication.com\/pagead\/js\/adsbygoogle.js\"><\/script><br \/>\n<!-- Ship-Tracker Display --><br \/>\n<ins class=\"adsbygoogle\" style=\"display: block;\" data-ad-client=\"ca-pub-1316785063791781\" data-ad-slot=\"8075999632\" data-ad-format=\"auto\" data-full-width-responsive=\"true\"><\/ins><br \/>\n<script>\n     (adsbygoogle = window.adsbygoogle || []).push({});\n<\/script><\/p>\n<h2 class=\"p1\"><span class=\"s1\">Sicurezza attraverso il cruismo delle navi\u00a0<\/span><\/h2>\n<p class=\"p1\" style=\"text-align: justify;\"><span class=\"s1\">Il riscontro di una certa decisione \u00e8 particolarmente importante in considerazione della sicurezza di ogni altra cosa che \u00e8 nelle tue mani. Il monitoraggio delle navi \u00e8 anche un obbligo legale; ci sono anche molte ragioni per cui bisogna essere sicuri che tutto funzioni senza intoppi. Trovare una risposta \u00e8 solo cos\u00ec importante come il traffico, perch\u00e9 si tratta di una parte delle persone che partecipano e delle operazioni.\u00a0<\/span><\/p>\n<p class=\"p1\" style=\"text-align: justify;\"><span class=\"s1\">Con gli aggiornamenti sul tempo \u00e8 possibile scegliere alcuni driver con i driver sulla strada per dare loro un modo per evitare che anche durante il viaggio. Con l&#039;aiuto di ci\u00f2 che \u00e8 stato detto, le preoccupazioni sulla barca avrebbero anche saputo che avrebbero potuto evitare di iniziare anche loro a fare altrettanto. Questo \u00e8 da usare ed \u00e8 un ottimo modo per assicurarsi che ogni cosa in esecuzione stia funzionando abbastanza.<\/span><\/p>\n<h3 class=\"p1\"><span class=\"s1\">Vedi la Direction\u00a0<\/span><\/h3>\n<p class=\"p1\" style=\"text-align: justify;\"><span class=\"s1\">Non solo sarai in grado di vedere il tuo personale ma la direzione di te stesso ti circonda. <a href=\"https:\/\/ship-tracker.org\/it\/vesselfinder\/\">Vesselfind\u0435r<\/a> non ti ritroveranno che c&#039;\u00e8 un&#039;altra nave che \u00e8 stata scelta da e che il tuo dovrebbe anche prendere immediatamente le indicazioni o anche l&#039;altro per assicurarti che i percorsi di attraversamento lo abbiano fatto altrettanto. Tutti gli articoli che stanno riuscendo avranno anche accesso a questi e saranno in grado di ciascuno di essi, secondo le condizioni, la velocit\u00e0 e il tempo necessario per farli arrivare a destinazione. <\/span><\/p>\n<p class=\"p1\" style=\"text-align: justify;\"><span class=\"s1\">Questo \u00e8 un briciolo che non sta per lasciarti cadere o farlo per caso. \u00c8 molto coerente e molti si affidano a questi per far s\u00ec che i loro pi\u00f9 o meno siano stati salvati nella loro intesa e amata.\u00a0<\/span><\/p>\n<p><img loading=\"lazy\" decoding=\"async\" class=\"wp-image-746 size-full aligncenter\" src=\"https:\/\/ship-tracker.org\/wp-content\/uploads\/2019\/03\/cruise-ship-615116_640-1.jpg\" alt=\"Tracker per navi da crociera\" width=\"640\" height=\"357\" srcset=\"https:\/\/ship-tracker.org\/wp-content\/uploads\/2019\/03\/cruise-ship-615116_640-1.jpg 640w, https:\/\/ship-tracker.org\/wp-content\/uploads\/2019\/03\/cruise-ship-615116_640-1-300x167.jpg 300w\" sizes=\"auto, (max-width: 640px) 100vw, 640px\" \/><\/p>","protected":false},"excerpt":{"rendered":"<p>Localizzatore di navi da crociera: posizione della nave in tempo reale Il monitoraggio delle navi \u00e8 la posizione delle navi da crociera pi\u00f9 popolare. Spesso i parenti vogliono sapere se il viaggio della nave da crociera procede senza intoppi o se la nave arriver\u00e0 in tempo al porto o alla sua destinazione. Ci sono alcune cose che devi sapere sulla crociera...&nbsp;<a href=\"https:\/\/ship-tracker.org\/it\/cruise-ship-tracker\/\" rel=\"bookmark\">Per saperne di pi\u00f9 &quot;<span class=\"screen-reader-text\">Tracker per navi da crociera<\/span><\/a><\/p>","protected":false},"author":1,"featured_media":0,"parent":0,"menu_order":0,"comment_status":"closed","ping_status":"closed","template":"","meta":{"neve_meta_sidebar":"","neve_meta_container":"","neve_meta_enable_content_width":"","neve_meta_content_width":0,"neve_meta_title_alignment":"","neve_meta_author_avatar":"","neve_post_elements_order":"","neve_meta_disable_header":"","neve_meta_disable_footer":"","neve_meta_disable_title":"","neve_meta_reading_time":"","footnotes":""},"class_list":["post-745","page","type-page","status-publish","hentry"],"yoast_head":"<!-- This site is optimized with the Yoast SEO plugin v27.4 - https:\/\/yoast.com\/product\/yoast-seo-wordpress\/ -->\n<title>Cruise Ship Tracker\u2503Current position location and Specifications<\/title>\n<meta name=\"description\" content=\"Cruise Ship Tracker \u2693 Current position of All Cruise ships \u2713 Ship Tracker \u2713 Live Ship Tracker \u2713 Review and Specifications \u2713 Webcam\" \/>\n<meta name=\"robots\" content=\"index, follow, max-snippet:-1, max-image-preview:large, max-video-preview:-1\" \/>\n<link rel=\"canonical\" href=\"https:\/\/ship-tracker.org\/it\/cruise-ship-tracker\/\" \/>\n<meta property=\"og:locale\" content=\"it_IT\" \/>\n<meta property=\"og:type\" content=\"article\" \/>\n<meta property=\"og:title\" content=\"Cruise Ship Tracker\u2503Current position location and Specifications\" \/>\n<meta property=\"og:description\" content=\"Cruise Ship Tracker \u2693 Current position of All Cruise ships \u2713 Ship Tracker \u2713 Live Ship Tracker \u2713 Review and Specifications \u2713 Webcam\" \/>\n<meta property=\"og:url\" content=\"https:\/\/ship-tracker.org\/it\/cruise-ship-tracker\/\" \/>\n<meta property=\"og:site_name\" content=\"Ship-tracker.org\" \/>\n<meta property=\"article:modified_time\" content=\"2021-11-08T20:05:13+00:00\" \/>\n<meta property=\"og:image\" content=\"https:\/\/ship-tracker.org\/wp-content\/uploads\/2020\/04\/karte-kreuzfahrt-kreuzfahrtschiff-schiffsposition-schiffsradar-768x388-1.jpg\" \/>\n<meta name=\"twitter:card\" content=\"summary_large_image\" \/>\n<meta name=\"twitter:label1\" content=\"Tempo di lettura stimato\" \/>\n\t<meta name=\"twitter:data1\" content=\"6 minuti\" \/>\n<script type=\"application\/ld+json\" class=\"yoast-schema-graph\">{\"@context\":\"https:\\\/\\\/schema.org\",\"@graph\":[{\"@type\":\"WebPage\",\"@id\":\"https:\\\/\\\/ship-tracker.org\\\/nl\\\/cruise-ship-tracker\\\/\",\"url\":\"https:\\\/\\\/ship-tracker.org\\\/nl\\\/cruise-ship-tracker\\\/\",\"name\":\"Cruise Ship Tracker\u2503Current position location and Specifications\",\"isPartOf\":{\"@id\":\"https:\\\/\\\/ship-tracker.org\\\/#website\"},\"primaryImageOfPage\":{\"@id\":\"https:\\\/\\\/ship-tracker.org\\\/nl\\\/cruise-ship-tracker\\\/#primaryimage\"},\"image\":{\"@id\":\"https:\\\/\\\/ship-tracker.org\\\/nl\\\/cruise-ship-tracker\\\/#primaryimage\"},\"thumbnailUrl\":\"https:\\\/\\\/ship-tracker.org\\\/wp-content\\\/uploads\\\/2020\\\/04\\\/karte-kreuzfahrt-kreuzfahrtschiff-schiffsposition-schiffsradar-768x388-1.jpg\",\"datePublished\":\"2019-03-28T15:16:09+00:00\",\"dateModified\":\"2021-11-08T20:05:13+00:00\",\"description\":\"Cruise Ship Tracker \u2693 Current position of All Cruise ships \u2713 Ship Tracker \u2713 Live Ship Tracker \u2713 Review and Specifications \u2713 Webcam\",\"breadcrumb\":{\"@id\":\"https:\\\/\\\/ship-tracker.org\\\/nl\\\/cruise-ship-tracker\\\/#breadcrumb\"},\"inLanguage\":\"it-IT\",\"potentialAction\":[{\"@type\":\"ReadAction\",\"target\":[\"https:\\\/\\\/ship-tracker.org\\\/nl\\\/cruise-ship-tracker\\\/\"]}]},{\"@type\":\"ImageObject\",\"inLanguage\":\"it-IT\",\"@id\":\"https:\\\/\\\/ship-tracker.org\\\/nl\\\/cruise-ship-tracker\\\/#primaryimage\",\"url\":\"https:\\\/\\\/ship-tracker.org\\\/wp-content\\\/uploads\\\/2020\\\/04\\\/karte-kreuzfahrt-kreuzfahrtschiff-schiffsposition-schiffsradar-768x388-1.jpg\",\"contentUrl\":\"https:\\\/\\\/ship-tracker.org\\\/wp-content\\\/uploads\\\/2020\\\/04\\\/karte-kreuzfahrt-kreuzfahrtschiff-schiffsposition-schiffsradar-768x388-1.jpg\"},{\"@type\":\"BreadcrumbList\",\"@id\":\"https:\\\/\\\/ship-tracker.org\\\/nl\\\/cruise-ship-tracker\\\/#breadcrumb\",\"itemListElement\":[{\"@type\":\"ListItem\",\"position\":1,\"name\":\"Startseite\",\"item\":\"https:\\\/\\\/ship-tracker.org\\\/\"},{\"@type\":\"ListItem\",\"position\":2,\"name\":\"Cruise Ship Tracker\"}]},{\"@type\":\"WebSite\",\"@id\":\"https:\\\/\\\/ship-tracker.org\\\/#website\",\"url\":\"https:\\\/\\\/ship-tracker.org\\\/\",\"name\":\"Ship-tracker.org\",\"description\":\"\",\"potentialAction\":[{\"@type\":\"SearchAction\",\"target\":{\"@type\":\"EntryPoint\",\"urlTemplate\":\"https:\\\/\\\/ship-tracker.org\\\/?s={search_term_string}\"},\"query-input\":{\"@type\":\"PropertyValueSpecification\",\"valueRequired\":true,\"valueName\":\"search_term_string\"}}],\"inLanguage\":\"it-IT\"}]}<\/script>\n<!-- \/ Yoast SEO plugin. -->","yoast_head_json":{"title":"Tracker per navi da crociera\u2503 Posizione attuale e specifiche","description":"Localizzatore di navi da crociera \u2693 Posizione attuale di tutte le navi da crociera \u2713 Localizzatore di navi \u2713 Localizzatore di navi in tempo reale \u2713 Revisione e specifiche \u2713 Webcam","robots":{"index":"index","follow":"follow","max-snippet":"max-snippet:-1","max-image-preview":"max-image-preview:large","max-video-preview":"max-video-preview:-1"},"canonical":"https:\/\/ship-tracker.org\/it\/cruise-ship-tracker\/","og_locale":"it_IT","og_type":"article","og_title":"Cruise Ship Tracker\u2503Current position location and Specifications","og_description":"Cruise Ship Tracker \u2693 Current position of All Cruise ships \u2713 Ship Tracker \u2713 Live Ship Tracker \u2713 Review and Specifications \u2713 Webcam","og_url":"https:\/\/ship-tracker.org\/it\/cruise-ship-tracker\/","og_site_name":"Ship-tracker.org","article_modified_time":"2021-11-08T20:05:13+00:00","og_image":[{"url":"https:\/\/ship-tracker.org\/wp-content\/uploads\/2020\/04\/karte-kreuzfahrt-kreuzfahrtschiff-schiffsposition-schiffsradar-768x388-1.jpg","type":"","width":"","height":""}],"twitter_card":"summary_large_image","twitter_misc":{"Tempo di lettura stimato":"6 minuti"},"schema":{"@context":"https:\/\/schema.org","@graph":[{"@type":"WebPage","@id":"https:\/\/ship-tracker.org\/nl\/cruise-ship-tracker\/","url":"https:\/\/ship-tracker.org\/nl\/cruise-ship-tracker\/","name":"Tracker per navi da crociera\u2503 Posizione attuale e specifiche","isPartOf":{"@id":"https:\/\/ship-tracker.org\/#website"},"primaryImageOfPage":{"@id":"https:\/\/ship-tracker.org\/nl\/cruise-ship-tracker\/#primaryimage"},"image":{"@id":"https:\/\/ship-tracker.org\/nl\/cruise-ship-tracker\/#primaryimage"},"thumbnailUrl":"https:\/\/ship-tracker.org\/wp-content\/uploads\/2020\/04\/karte-kreuzfahrt-kreuzfahrtschiff-schiffsposition-schiffsradar-768x388-1.jpg","datePublished":"2019-03-28T15:16:09+00:00","dateModified":"2021-11-08T20:05:13+00:00","description":"Localizzatore di navi da crociera \u2693 Posizione attuale di tutte le navi da crociera \u2713 Localizzatore di navi \u2713 Localizzatore di navi in tempo reale \u2713 Revisione e specifiche \u2713 Webcam","breadcrumb":{"@id":"https:\/\/ship-tracker.org\/nl\/cruise-ship-tracker\/#breadcrumb"},"inLanguage":"it-IT","potentialAction":[{"@type":"ReadAction","target":["https:\/\/ship-tracker.org\/nl\/cruise-ship-tracker\/"]}]},{"@type":"ImageObject","inLanguage":"it-IT","@id":"https:\/\/ship-tracker.org\/nl\/cruise-ship-tracker\/#primaryimage","url":"https:\/\/ship-tracker.org\/wp-content\/uploads\/2020\/04\/karte-kreuzfahrt-kreuzfahrtschiff-schiffsposition-schiffsradar-768x388-1.jpg","contentUrl":"https:\/\/ship-tracker.org\/wp-content\/uploads\/2020\/04\/karte-kreuzfahrt-kreuzfahrtschiff-schiffsposition-schiffsradar-768x388-1.jpg"},{"@type":"BreadcrumbList","@id":"https:\/\/ship-tracker.org\/nl\/cruise-ship-tracker\/#breadcrumb","itemListElement":[{"@type":"ListItem","position":1,"name":"Startseite","item":"https:\/\/ship-tracker.org\/"},{"@type":"ListItem","position":2,"name":"Cruise Ship Tracker"}]},{"@type":"WebSite","@id":"https:\/\/ship-tracker.org\/#website","url":"https:\/\/ship-tracker.org\/","name":"Ship-tracker.org","description":"","potentialAction":[{"@type":"SearchAction","target":{"@type":"EntryPoint","urlTemplate":"https:\/\/ship-tracker.org\/?s={search_term_string}"},"query-input":{"@type":"PropertyValueSpecification","valueRequired":true,"valueName":"search_term_string"}}],"inLanguage":"it-IT"}]}},"_links":{"self":[{"href":"https:\/\/ship-tracker.org\/it\/wp-json\/wp\/v2\/pages\/745","targetHints":{"allow":["GET"]}}],"collection":[{"href":"https:\/\/ship-tracker.org\/it\/wp-json\/wp\/v2\/pages"}],"about":[{"href":"https:\/\/ship-tracker.org\/it\/wp-json\/wp\/v2\/types\/page"}],"author":[{"embeddable":true,"href":"https:\/\/ship-tracker.org\/it\/wp-json\/wp\/v2\/users\/1"}],"replies":[{"embeddable":true,"href":"https:\/\/ship-tracker.org\/it\/wp-json\/wp\/v2\/comments?post=745"}],"version-history":[{"count":10,"href":"https:\/\/ship-tracker.org\/it\/wp-json\/wp\/v2\/pages\/745\/revisions"}],"predecessor-version":[{"id":2026,"href":"https:\/\/ship-tracker.org\/it\/wp-json\/wp\/v2\/pages\/745\/revisions\/2026"}],"wp:attachment":[{"href":"https:\/\/ship-tracker.org\/it\/wp-json\/wp\/v2\/media?parent=745"}],"curies":[{"name":"parola chiave","href":"https:\/\/api.w.org\/{rel}","templated":true}]}}