{"id":716,"date":"2018-05-30T18:57:30","date_gmt":"2018-05-30T16:57:30","guid":{"rendered":"http:\/\/ship-tracker.org\/?page_id=716"},"modified":"2024-05-03T22:27:09","modified_gmt":"2024-05-03T20:27:09","slug":"vesselfinder","status":"publish","type":"page","link":"https:\/\/ship-tracker.org\/it\/vesselfinder\/","title":{"rendered":"VesselFinder"},"content":{"rendered":"<p><script async src=\"https:\/\/pagead2.googlesyndication.com\/pagead\/js\/adsbygoogle.js\"><span data-mce-type=\"bookmark\" style=\"display: inline-block; width: 0px; overflow: hidden; line-height: 0;\" class=\"mce_SELRES_start\">\ufeff<\/span><span data-mce-type=\"bookmark\" style=\"display: inline-block; width: 0px; overflow: hidden; line-height: 0;\" class=\"mce_SELRES_start\">\ufeff<\/span><\/script><br \/>\n<!-- Ship-Tracker Display --><br \/>\n<ins class=\"adsbygoogle\" style=\"display: block;\" data-ad-client=\"ca-pub-1316785063791781\" data-ad-slot=\"8075999632\" data-ad-format=\"auto\" data-full-width-responsive=\"true\"><\/ins><br \/>\n<script>\n     (adsbygoogle = window.adsbygoogle || []).push({});\n<\/script><\/p>\n<h2>Tracciamento della nave in tempo reale da VesselFinder<\/h2>\n<p><script type=\"text\/javascript\">\n  var width=\"1500\";\n  var height=\"500\";\n  var zoom=\"3\";\n  var click_to_activate=false;\n<\/script><br \/>\n<script type=\"text\/javascript\" src=\"https:\/\/www.vesselfinder.com\/aismap.js\">\n<\/script><br \/>\n<script async src=\"https:\/\/pagead2.googlesyndication.com\/pagead\/js\/adsbygoogle.js\"><\/script><br \/>\n<!-- Schip-Tracker Linkanzeigen --><br \/>\n<ins class=\"adsbygoogle\" style=\"display: block;\" data-ad-client=\"ca-pub-1316785063791781\" data-ad-slot=\"3429004156\" data-ad-format=\"link\" data-full-width-responsive=\"true\"><\/ins><br \/>\n<script>\n     (adsbygoogle = window.adsbygoogle || []).push({});\n<\/script><\/p>\n<p class=\"p1\" style=\"text-align: justify;\"><span class=\"s1\">Inoltre, in tempo reale \u00e8 diminuito di oltre 100.000 volte su base regolare, con l&#039;aiuto di una grande novit\u00e0 di altri AIS, pranzati e istituiti nel 2011.\u00a0<\/span><\/p>\n<p class=\"p1\" style=\"text-align: justify;\"><span class=\"s1\">VesselFinder offre servizi su piattaforme digitali, sociali e mobili, VesselFinder offre servizi di monitoraggio efficienti, scali portuali, dati principali della nave e un viaggio dettagliato. Inoltre, fornisce anche servizi di dati AIS storici che forniscono rapporti personalizzati sui movimenti delle navi, analisi della densit\u00e0 del traffico e simulazione video dei movimenti delle navi,<span class=\"Apple-converted-space\">\u00a0 <\/span>tra gli altri.<span class=\"Apple-converted-space\">\u00a0 \u00a0<\/span><\/span><\/p>\n<h2>Come funziona VesselFinder?<\/h2>\n<p class=\"p1\" style=\"text-align: justify;\"><span class=\"s1\">AIS Liv\u0435 <a href=\"https:\/\/ship-tracker.org\/it\/ship-tracker\/\">localizzazione della nave<\/a><span class=\"Apple-converted-space\">\u00a0\u00a0<\/span>\u00e8 una buona idea quando molte persone pensano per la loro stessa nave, la loro nave<span class=\"Apple-converted-space\">\u00a0 <\/span>Peraltro, tutto sommato prima, anche per quanto riguarda l&#039;induismo<span class=\"Apple-converted-space\">\u00a0 <\/span>e affari. Il servizio di monitoraggio di AIS Liv\u0435 di V\u0435\u0455\u0435llindind \u00e8 un servizio totalmente basato su Internet, che non funziona<\/span><span class=\"s1\">siete tutti<span class=\"Apple-converted-space\">\u00a0 <\/span>registrazione, \u00e8 anche con un&#039;interfaccia davvero veloce e g<\/span><span class=\"s1\">sei semplice<span class=\"Apple-converted-space\">\u00a0 <\/span>assolutamente favoloso. C&#039;\u00e8 anche una semplice modifica con litll\u00e9<span class=\"Apple-converted-space\">\u00a0 <\/span>per quanto riguarda le affermazioni precedenti che \u00e8 meglio per gli utenti per le loro prime verifiche.\u00a0<\/span><\/p>\n<div class=\"su-youtube su-u-responsive-media-yes\"><iframe loading=\"lazy\" width=\"600\" height=\"400\" src=\"https:\/\/www.youtube.com\/embed\/fIbwRnq4jdo?\" frameborder=\"0\" allowfullscreen allow=\"autoplay; encrypted-media; picture-in-picture\" title=\"\"><\/iframe><\/div>\n<p><script async src=\"https:\/\/pagead2.googlesyndication.com\/pagead\/js\/adsbygoogle.js\"><\/script><br \/>\n<!-- Ship-Tracker Display --><br \/>\n<ins class=\"adsbygoogle\" style=\"display: block;\" data-ad-client=\"ca-pub-1316785063791781\" data-ad-slot=\"8075999632\" data-ad-format=\"auto\" data-full-width-responsive=\"true\"><\/ins><br \/>\n<script>\n     (adsbygoogle = window.adsbygoogle || []).push({});\n<\/script><\/p>\n<h2>VesselFinder Informazioni su navi, merci e Co.<\/h2>\n<p style=\"text-align: justify;\">Hai accesso a molti pi\u00f9 dati con VesselFinder, non solo puoi tracciare la posizione attuale delle navi. Con alcune navi e modelli, ad esempio, sono disponibili immagini. Grazie a questi \u00e8 possibile avere direttamente un&#039;impressione personale della nave, \u00e8 sufficiente un semplice clic o un tap sul simbolo corrispondente sulla mappa.<\/p>\n<figure id=\"attachment_2727\" aria-describedby=\"caption-attachment-2727\" style=\"width: 900px\" class=\"wp-caption aligncenter\"><img loading=\"lazy\" decoding=\"async\" class=\"wp-image-2727 size-full\" src=\"https:\/\/ship-tracker.org\/wp-content\/uploads\/2020\/05\/Unbenannt44-e1589046113367.png\" alt=\"Vesselfinder\" width=\"900\" height=\"455\" srcset=\"https:\/\/ship-tracker.org\/wp-content\/uploads\/2020\/05\/Unbenannt44-e1589046113367.png 900w, https:\/\/ship-tracker.org\/wp-content\/uploads\/2020\/05\/Unbenannt44-e1589046113367-300x152.png 300w, https:\/\/ship-tracker.org\/wp-content\/uploads\/2020\/05\/Unbenannt44-e1589046113367-768x388.png 768w\" sizes=\"auto, (max-width: 900px) 100vw, 900px\" \/><figcaption id=\"caption-attachment-2727\" class=\"wp-caption-text\">Schermata \u00a9 VesselFinder.com<\/figcaption><\/figure>\n<p style=\"text-align: justify;\">Inoltre, le informazioni sul carico e sulla destinazione della nave sono a vostra disposizione. Se vuoi anche sapere dove \u00e8 iniziata la nave e quanto tempo impiega il viaggio, anche questo non \u00e8 un problema. E, ultimo ma non meno importante, l&#039;attuale velocit\u00e0 delle navi dovrebbe essere interessante per molti. Puoi persino vederli, vengono aggiornati a intervalli regolari.<\/p>\n<p style=\"text-align: justify;\">Prova tu stesso il cercatore di navi e lasciati convincere dalla funzionalit\u00e0 e dal funzionamento semplice. Ti auguriamo buon divertimento!<\/p>\n<p>Se stai cercando ulteriori dati in tempo reale da vari tipi di radar, inclusi voli, marittimi, meteo e altro, puoi trovarli sul sito web <a href=\"https:\/\/live-radar.org\/\" target=\"_blank\" rel=\"noopener noreferrer\">https:\/\/live-radar.org\/<\/a>.<\/p>\n<h3>I diversi tipi di navi su VesselFinder<\/h3>\n<p>Ci sono un gran numero di navi che possono essere tracciate usando VesselFinder. Nella nostra tabella abbiamo riassunto tutti i tipi di nave con i simboli e il significato sul radar della nave. Con l&#039;aiuto della tabella puoi facilmente vedere la posizione della nave.<\/p>\n<table style=\"border-collapse: collapse; width: 100%;\">\n<tbody>\n<tr>\n<td style=\"width: 33.3333%;\"><strong>TIPO DI NAVE<\/strong><\/td>\n<td style=\"width: 33.3333%; text-align: center;\"><strong>TIPO DI NAVE<\/strong><\/td>\n<td style=\"width: 33.3333%; text-align: center;\"><strong>TIPO DI NAVE<\/strong><\/td>\n<\/tr>\n<tr>\n<td style=\"width: 33.3333%;\">Nave mercantile<\/td>\n<td style=\"width: 33.3333%; text-align: left;\"><img loading=\"lazy\" decoding=\"async\" class=\"aligncenter wp-image-2709 size-full\" src=\"https:\/\/ship-tracker.org\/wp-content\/uploads\/2020\/05\/icon_4_8.png\" alt=\"Nave mercantile\" width=\"32\" height=\"32\" \/><\/td>\n<td style=\"width: 33.3333%; text-align: left;\"><img loading=\"lazy\" decoding=\"async\" class=\"aligncenter size-full wp-image-2718\" src=\"https:\/\/ship-tracker.org\/wp-content\/uploads\/2020\/05\/icon_4_32.png\" alt=\"\" width=\"32\" height=\"32\" \/><\/td>\n<\/tr>\n<tr>\n<td style=\"width: 33.3333%;\">petroliera<\/td>\n<td style=\"width: 33.3333%; text-align: left;\"><img loading=\"lazy\" decoding=\"async\" class=\"aligncenter size-full wp-image-2710\" src=\"https:\/\/ship-tracker.org\/wp-content\/uploads\/2020\/05\/icon_6_8.png\" alt=\"petroliera\" width=\"32\" height=\"32\" \/><\/td>\n<td style=\"width: 33.3333%; text-align: left;\"><img loading=\"lazy\" decoding=\"async\" class=\"aligncenter size-full wp-image-2719\" src=\"https:\/\/ship-tracker.org\/wp-content\/uploads\/2020\/05\/icon_6_32.png\" alt=\"\" width=\"32\" height=\"32\" \/><\/td>\n<\/tr>\n<tr>\n<td style=\"width: 33.3333%;\">Navi militari<\/td>\n<td style=\"width: 33.3333%; text-align: left;\"><img loading=\"lazy\" decoding=\"async\" class=\"aligncenter wp-image-2711 size-full\" src=\"https:\/\/ship-tracker.org\/wp-content\/uploads\/2020\/05\/icon_7_8.png\" alt=\"Navi militari\" width=\"32\" height=\"32\" \/><\/td>\n<td style=\"width: 33.3333%; text-align: left;\"><img loading=\"lazy\" decoding=\"async\" class=\"aligncenter size-full wp-image-2720\" src=\"https:\/\/ship-tracker.org\/wp-content\/uploads\/2020\/05\/icon_7_32.png\" alt=\"\" width=\"32\" height=\"32\" \/><\/td>\n<\/tr>\n<tr>\n<td style=\"width: 33.3333%;\">Nave passeggeri<\/td>\n<td style=\"width: 33.3333%; text-align: left;\"><img loading=\"lazy\" decoding=\"async\" class=\"aligncenter size-full wp-image-2712\" src=\"https:\/\/ship-tracker.org\/wp-content\/uploads\/2020\/05\/icon_3_8.png\" alt=\"Nave passeggeri\" width=\"32\" height=\"32\" \/><\/td>\n<td style=\"width: 33.3333%; text-align: left;\"><img loading=\"lazy\" decoding=\"async\" class=\"aligncenter size-full wp-image-2721\" src=\"https:\/\/ship-tracker.org\/wp-content\/uploads\/2020\/05\/icon_3_32.png\" alt=\"\" width=\"32\" height=\"32\" \/><\/td>\n<\/tr>\n<tr>\n<td style=\"width: 33.3333%;\">Peschereccio<\/td>\n<td style=\"width: 33.3333%; text-align: left;\"><img loading=\"lazy\" decoding=\"async\" class=\"aligncenter size-full wp-image-2713\" src=\"https:\/\/ship-tracker.org\/wp-content\/uploads\/2020\/05\/icon_5_8.png\" alt=\"Peschereccio\" width=\"32\" height=\"32\" \/><\/td>\n<td style=\"width: 33.3333%; text-align: left;\"><img loading=\"lazy\" decoding=\"async\" class=\"aligncenter size-full wp-image-2722\" src=\"https:\/\/ship-tracker.org\/wp-content\/uploads\/2020\/05\/icon_5_32.png\" alt=\"\" width=\"32\" height=\"32\" \/><\/td>\n<\/tr>\n<tr>\n<td style=\"width: 33.3333%;\">Motoscafo<\/td>\n<td style=\"width: 33.3333%; text-align: left;\"><img loading=\"lazy\" decoding=\"async\" class=\"aligncenter size-full wp-image-2714\" src=\"https:\/\/ship-tracker.org\/wp-content\/uploads\/2020\/05\/icon_2_8.png\" alt=\"Barche veloci\" width=\"32\" height=\"32\" \/><\/td>\n<td style=\"width: 33.3333%; text-align: left;\"><img loading=\"lazy\" decoding=\"async\" class=\"aligncenter size-full wp-image-2723\" src=\"https:\/\/ship-tracker.org\/wp-content\/uploads\/2020\/05\/icon_2_32.png\" alt=\"\" width=\"32\" height=\"32\" \/><\/td>\n<\/tr>\n<tr>\n<td style=\"width: 33.3333%;\">Veliero<\/td>\n<td style=\"width: 33.3333%; text-align: left;\"><img loading=\"lazy\" decoding=\"async\" class=\"aligncenter size-full wp-image-2715\" src=\"https:\/\/ship-tracker.org\/wp-content\/uploads\/2020\/05\/icon_8_8.png\" alt=\"Veliero\" width=\"32\" height=\"32\" \/><\/td>\n<td style=\"width: 33.3333%; text-align: left;\"><img loading=\"lazy\" decoding=\"async\" class=\"aligncenter size-full wp-image-2724\" src=\"https:\/\/ship-tracker.org\/wp-content\/uploads\/2020\/05\/icon_8_32.png\" alt=\"\" width=\"32\" height=\"32\" \/><\/td>\n<\/tr>\n<tr>\n<td style=\"width: 33.3333%;\">altra nave<\/td>\n<td style=\"width: 33.3333%; text-align: left;\"><img loading=\"lazy\" decoding=\"async\" class=\"aligncenter size-full wp-image-2716\" src=\"https:\/\/ship-tracker.org\/wp-content\/uploads\/2020\/05\/icon_1_8.png\" alt=\"altra nave\" width=\"32\" height=\"32\" \/><\/td>\n<td style=\"width: 33.3333%; text-align: left;\"><img loading=\"lazy\" decoding=\"async\" class=\"aligncenter size-full wp-image-2725\" src=\"https:\/\/ship-tracker.org\/wp-content\/uploads\/2020\/05\/icon_1_32.png\" alt=\"\" width=\"32\" height=\"32\" \/><\/td>\n<\/tr>\n<tr>\n<td style=\"width: 33.3333%;\">altri oggetti<\/td>\n<td style=\"width: 33.3333%; text-align: left;\"><img loading=\"lazy\" decoding=\"async\" class=\"aligncenter size-full wp-image-2717\" src=\"https:\/\/ship-tracker.org\/wp-content\/uploads\/2020\/05\/andere-Objekte.png\" alt=\"altri oggetti\" width=\"32\" height=\"32\" \/><\/td>\n<td style=\"width: 33.3333%; text-align: left;\"><img loading=\"lazy\" decoding=\"async\" class=\"aligncenter size-full wp-image-2726\" src=\"https:\/\/ship-tracker.org\/wp-content\/uploads\/2020\/05\/icon_0_32.png\" alt=\"\" width=\"32\" height=\"32\" \/><\/td>\n<\/tr>\n<\/tbody>\n<\/table>\n<h2 class=\"p1\"><span class=\"s1\">Tra le altre cose che la migliore ha potuto trarre in considerazione:<\/span><\/h2>\n<p>VesselFinder si basa sul sistema di identificazione automatica (AIS). Una vasta rete di ricevitori in tutto il mondo invia costantemente segnali che il servizio di tracciamento decodifica e converte nel materiale che puoi vedere sul sito web.<\/p>\n<ul class=\"ul1\">\n<li class=\"li1\"><span class=\"s1\">\u00c8 una cosa meravigliosa <\/span><\/li>\n<li class=\"li1\"><span class=\"s1\">Inoltre, alcuni potrebbero rispondere da Nemo, numero IMO, MMSI. \u00c8 davvero facile per gli altri a scoprire i dettagli della nave nel caso in cui trovare le informazioni desiderate. <\/span><\/li>\n<li class=\"li1\"><span class=\"s1\">Ci sono state molte informazioni nel Venerabile Finder per oltre 150.000 navi, Nemere, Im\u00ae, TY\u0440\u0435, DESTINATE <\/span><\/li>\n<li class=\"li1\"><span class=\"s1\">Per tutte le navi, \u00e8 possibile trovare posizioni, traccia e storia. <\/span><\/li>\n<li class=\"li1\"><span class=\"s1\">Inoltre, molte altre cose hanno riguardato gli eventi, le scoperte, le finanze, le nuove navi, le navi e molti altri eventi. <\/span><\/li>\n<li class=\"li1\"><span class=\"s1\">Con il porto di Ves\u0161slslfinder \u00e8 stato possibile utilizzare tutti gli altri tipi di navi in partenza e in partenza <\/span><\/li>\n<li class=\"li1\"><span class=\"s1\">C&#039;\u00e8 anche una galleria con molte fotografie. <\/span><\/li>\n<li class=\"li1\"><span class=\"s1\">Molto bello \u00e8 un aspetto molto amichevole, con un design davvero semplice e perfetto per l&#039;utilizzo. <\/span><\/li>\n<li class=\"li1\"><span class=\"s1\">Continuare a migliorare la copertura per le porte e altre.<\/span><\/li>\n<\/ul>\n<p>Il sistema di localizzazione delle navi AIS Live viene utilizzato per identificare con precisione la posizione delle navi e visualizza la loro posizione, velocit\u00e0, tipo, movimento attuali, ecc. Questo sistema di localizzazione delle navi \u00e8 stato creato principalmente per evitare collisioni nel traffico delle navi.<\/p>\n<h3>Applicazioni mobili VesselFinder<\/h3>\n<p>Anche la versione mobile dell&#039;osservazione VesselFinder \u00e8 gratuita e pu\u00f2 essere <a href=\"https:\/\/play.google.com\/store\/apps\/details?id=com.astrapaging.vff&amp;hl=de\" target=\"_blank\" rel=\"noopener noreferrer\">scaricato come app per Android<\/a> e iOS. Ci\u00f2 ti consente di tenere traccia dei movimenti della nave molto bene, anche quando sei in movimento. Puoi accedere facilmente alla versione mobile facendo clic sul collegamento corrispondente sulla mappa radar in basso a destra.<\/p>\n<h3>Usa la mappa grande di VesselFinder<\/h3>\n<p>Migliaia di navi, che sono in movimento contemporaneamente e solcano tutti i mari del mondo. Qui puoi perdere rapidamente le tracce. Affinch\u00e9 questo non ti accada con VesselFinder, puoi vedere tutte le informazioni direttamente su una mappa del mondo completa. Qui non solo puoi vedere tutte le navi, i continenti e gli oceani a prima vista, ma hai anche la possibilit\u00e0 di concentrarti su una determinata area. Soprattutto per questo scopo il radar della nave ha una semplice possibilit\u00e0 di ingrandire e rimpicciolire questa mappa.<\/p>\n<p class=\"p1\"><span class=\"s1\">Vesselfindr vestesly tracking tracking alcuni e <a href=\"https:\/\/ship-tracker.org\/it\/marinetraffic\/\">MarineTraffic<\/a> sta usando O\u0440\u0435n Street M\u0430\u0440 - che porta in mente e suggerisce di farlo in modo completamente gratuito sulla Terra e mappare il mondo intero.<\/span><\/p>","protected":false},"excerpt":{"rendered":"<p>Monitoraggio delle navi in tempo reale tramite VesselFinder Vesselfinder offre dati in tempo reale su pi\u00f9 di 100.000 navi su base giornaliera con l&#039;aiuto di una vasta rete di ricevitori AIS terrestri, avviata e fondata nel 2011 Vesselfinder offre servizi su piattaforme digitali, social e mobili, VesselFinder offre servizi di monitoraggio efficienti, scali portuali, dati principali e...&nbsp;<a href=\"https:\/\/ship-tracker.org\/it\/vesselfinder\/\" rel=\"bookmark\">Per saperne di pi\u00f9 &quot;<span class=\"screen-reader-text\">VesselFinder<\/span><\/a><\/p>","protected":false},"author":1,"featured_media":0,"parent":0,"menu_order":0,"comment_status":"closed","ping_status":"closed","template":"","meta":{"neve_meta_sidebar":"","neve_meta_container":"","neve_meta_enable_content_width":"off","neve_meta_content_width":100,"neve_meta_title_alignment":"","neve_meta_author_avatar":"","neve_post_elements_order":"","neve_meta_disable_header":"","neve_meta_disable_footer":"","neve_meta_disable_title":"","neve_meta_reading_time":"","footnotes":""},"class_list":["post-716","page","type-page","status-publish","hentry"],"yoast_head":"<!-- This site is optimized with the Yoast SEO plugin v26.9 - https:\/\/yoast.com\/product\/yoast-seo-wordpress\/ -->\n<title>VesselFinder | Worldwide Ship Tracking In Real-time<\/title>\n<meta name=\"description\" content=\"VesselFinder for tracking Ships with live tracking maps based on Global AIS Network Data \u2713Current location and position \u2713 Ship Tracker\" \/>\n<meta name=\"robots\" content=\"index, follow, max-snippet:-1, max-image-preview:large, max-video-preview:-1\" \/>\n<link rel=\"canonical\" href=\"https:\/\/ship-tracker.org\/it\/vesselfinder\/\" \/>\n<meta property=\"og:locale\" content=\"it_IT\" \/>\n<meta property=\"og:type\" content=\"article\" \/>\n<meta property=\"og:title\" content=\"VesselFinder | Worldwide Ship Tracking In Real-time\" \/>\n<meta property=\"og:description\" content=\"VesselFinder for tracking Ships with live tracking maps based on Global AIS Network Data \u2713Current location and position \u2713 Ship Tracker\" \/>\n<meta property=\"og:url\" content=\"https:\/\/ship-tracker.org\/it\/vesselfinder\/\" \/>\n<meta property=\"og:site_name\" content=\"Ship-tracker.org\" \/>\n<meta property=\"article:modified_time\" content=\"2024-05-03T20:27:09+00:00\" \/>\n<meta property=\"og:image\" content=\"https:\/\/ship-tracker.org\/wp-content\/uploads\/2020\/05\/Unbenannt44-e1589046113367.png\" \/>\n<meta name=\"twitter:card\" content=\"summary_large_image\" \/>\n<meta name=\"twitter:label1\" content=\"Tempo di lettura stimato\" \/>\n\t<meta name=\"twitter:data1\" content=\"8 minuti\" \/>\n<script type=\"application\/ld+json\" class=\"yoast-schema-graph\">{\"@context\":\"https:\/\/schema.org\",\"@graph\":[{\"@type\":\"WebPage\",\"@id\":\"https:\/\/ship-tracker.org\/vesselfinder\/\",\"url\":\"https:\/\/ship-tracker.org\/vesselfinder\/\",\"name\":\"VesselFinder | Worldwide Ship Tracking In Real-time\",\"isPartOf\":{\"@id\":\"https:\/\/ship-tracker.org\/#website\"},\"primaryImageOfPage\":{\"@id\":\"https:\/\/ship-tracker.org\/vesselfinder\/#primaryimage\"},\"image\":{\"@id\":\"https:\/\/ship-tracker.org\/vesselfinder\/#primaryimage\"},\"thumbnailUrl\":\"https:\/\/ship-tracker.org\/wp-content\/uploads\/2020\/05\/Unbenannt44-e1589046113367.png\",\"datePublished\":\"2018-05-30T16:57:30+00:00\",\"dateModified\":\"2024-05-03T20:27:09+00:00\",\"description\":\"VesselFinder for tracking Ships with live tracking maps based on Global AIS Network Data \u2713Current location and position \u2713 Ship Tracker\",\"breadcrumb\":{\"@id\":\"https:\/\/ship-tracker.org\/vesselfinder\/#breadcrumb\"},\"inLanguage\":\"it-IT\",\"potentialAction\":[{\"@type\":\"ReadAction\",\"target\":[\"https:\/\/ship-tracker.org\/vesselfinder\/\"]}]},{\"@type\":\"ImageObject\",\"inLanguage\":\"it-IT\",\"@id\":\"https:\/\/ship-tracker.org\/vesselfinder\/#primaryimage\",\"url\":\"https:\/\/ship-tracker.org\/wp-content\/uploads\/2020\/05\/Unbenannt44-e1589046113367.png\",\"contentUrl\":\"https:\/\/ship-tracker.org\/wp-content\/uploads\/2020\/05\/Unbenannt44-e1589046113367.png\"},{\"@type\":\"BreadcrumbList\",\"@id\":\"https:\/\/ship-tracker.org\/vesselfinder\/#breadcrumb\",\"itemListElement\":[{\"@type\":\"ListItem\",\"position\":1,\"name\":\"Startseite\",\"item\":\"https:\/\/ship-tracker.org\/\"},{\"@type\":\"ListItem\",\"position\":2,\"name\":\"VesselFinder\"}]},{\"@type\":\"WebSite\",\"@id\":\"https:\/\/ship-tracker.org\/#website\",\"url\":\"https:\/\/ship-tracker.org\/\",\"name\":\"Ship-tracker.org\",\"description\":\"\",\"potentialAction\":[{\"@type\":\"SearchAction\",\"target\":{\"@type\":\"EntryPoint\",\"urlTemplate\":\"https:\/\/ship-tracker.org\/?s={search_term_string}\"},\"query-input\":{\"@type\":\"PropertyValueSpecification\",\"valueRequired\":true,\"valueName\":\"search_term_string\"}}],\"inLanguage\":\"it-IT\"}]}<\/script>\n<!-- \/ Yoast SEO plugin. -->","yoast_head_json":{"title":"VesselFinder | Monitoraggio della nave in tutto il mondo in tempo reale","description":"VesselFinder per il tracciamento delle navi con mappe di tracciamento in tempo reale basate sui dati della rete AIS globale \u2713Posizione e posizione attuali \u2713 Tracker della nave","robots":{"index":"index","follow":"follow","max-snippet":"max-snippet:-1","max-image-preview":"max-image-preview:large","max-video-preview":"max-video-preview:-1"},"canonical":"https:\/\/ship-tracker.org\/it\/vesselfinder\/","og_locale":"it_IT","og_type":"article","og_title":"VesselFinder | Worldwide Ship Tracking In Real-time","og_description":"VesselFinder for tracking Ships with live tracking maps based on Global AIS Network Data \u2713Current location and position \u2713 Ship Tracker","og_url":"https:\/\/ship-tracker.org\/it\/vesselfinder\/","og_site_name":"Ship-tracker.org","article_modified_time":"2024-05-03T20:27:09+00:00","og_image":[{"url":"https:\/\/ship-tracker.org\/wp-content\/uploads\/2020\/05\/Unbenannt44-e1589046113367.png","type":"","width":"","height":""}],"twitter_card":"summary_large_image","twitter_misc":{"Tempo di lettura stimato":"8 minuti"},"schema":{"@context":"https:\/\/schema.org","@graph":[{"@type":"WebPage","@id":"https:\/\/ship-tracker.org\/vesselfinder\/","url":"https:\/\/ship-tracker.org\/vesselfinder\/","name":"VesselFinder | Monitoraggio della nave in tutto il mondo in tempo reale","isPartOf":{"@id":"https:\/\/ship-tracker.org\/#website"},"primaryImageOfPage":{"@id":"https:\/\/ship-tracker.org\/vesselfinder\/#primaryimage"},"image":{"@id":"https:\/\/ship-tracker.org\/vesselfinder\/#primaryimage"},"thumbnailUrl":"https:\/\/ship-tracker.org\/wp-content\/uploads\/2020\/05\/Unbenannt44-e1589046113367.png","datePublished":"2018-05-30T16:57:30+00:00","dateModified":"2024-05-03T20:27:09+00:00","description":"VesselFinder per il tracciamento delle navi con mappe di tracciamento in tempo reale basate sui dati della rete AIS globale \u2713Posizione e posizione attuali \u2713 Tracker della nave","breadcrumb":{"@id":"https:\/\/ship-tracker.org\/vesselfinder\/#breadcrumb"},"inLanguage":"it-IT","potentialAction":[{"@type":"ReadAction","target":["https:\/\/ship-tracker.org\/vesselfinder\/"]}]},{"@type":"ImageObject","inLanguage":"it-IT","@id":"https:\/\/ship-tracker.org\/vesselfinder\/#primaryimage","url":"https:\/\/ship-tracker.org\/wp-content\/uploads\/2020\/05\/Unbenannt44-e1589046113367.png","contentUrl":"https:\/\/ship-tracker.org\/wp-content\/uploads\/2020\/05\/Unbenannt44-e1589046113367.png"},{"@type":"BreadcrumbList","@id":"https:\/\/ship-tracker.org\/vesselfinder\/#breadcrumb","itemListElement":[{"@type":"ListItem","position":1,"name":"Startseite","item":"https:\/\/ship-tracker.org\/"},{"@type":"ListItem","position":2,"name":"VesselFinder"}]},{"@type":"WebSite","@id":"https:\/\/ship-tracker.org\/#website","url":"https:\/\/ship-tracker.org\/","name":"Ship-tracker.org","description":"","potentialAction":[{"@type":"SearchAction","target":{"@type":"EntryPoint","urlTemplate":"https:\/\/ship-tracker.org\/?s={search_term_string}"},"query-input":{"@type":"PropertyValueSpecification","valueRequired":true,"valueName":"search_term_string"}}],"inLanguage":"it-IT"}]}},"_links":{"self":[{"href":"https:\/\/ship-tracker.org\/it\/wp-json\/wp\/v2\/pages\/716","targetHints":{"allow":["GET"]}}],"collection":[{"href":"https:\/\/ship-tracker.org\/it\/wp-json\/wp\/v2\/pages"}],"about":[{"href":"https:\/\/ship-tracker.org\/it\/wp-json\/wp\/v2\/types\/page"}],"author":[{"embeddable":true,"href":"https:\/\/ship-tracker.org\/it\/wp-json\/wp\/v2\/users\/1"}],"replies":[{"embeddable":true,"href":"https:\/\/ship-tracker.org\/it\/wp-json\/wp\/v2\/comments?post=716"}],"version-history":[{"count":10,"href":"https:\/\/ship-tracker.org\/it\/wp-json\/wp\/v2\/pages\/716\/revisions"}],"predecessor-version":[{"id":5321,"href":"https:\/\/ship-tracker.org\/it\/wp-json\/wp\/v2\/pages\/716\/revisions\/5321"}],"wp:attachment":[{"href":"https:\/\/ship-tracker.org\/it\/wp-json\/wp\/v2\/media?parent=716"}],"curies":[{"name":"parola chiave","href":"https:\/\/api.w.org\/{rel}","templated":true}]}}