{"id":6,"date":"2017-09-13T13:59:08","date_gmt":"2017-09-13T11:59:08","guid":{"rendered":"http:\/\/ship-tracker.org\/?page_id=6"},"modified":"2017-09-14T16:43:07","modified_gmt":"2017-09-14T14:43:07","slug":"disclaimer","status":"publish","type":"page","link":"https:\/\/ship-tracker.org\/it\/disclaimer\/","title":{"rendered":"disconoscimento"},"content":{"rendered":"<p style=\"text-align: justify;\"><span style=\"font-family: georgia, palatino, serif;\"><span style=\"font-family: helvetica, arial, sans-serif;\">Il sito Web ship-tracker.org (il &quot;sito&quot;) \u00e8 un servizio di informazioni online. &quot;Ship-tracker.org&quot;, soggetto al rispetto dei termini e delle condizioni di seguito indicati.<\/span>\u00a0<span style=\"font-family: helvetica, arial, sans-serif;\"><strong>LEGGERE ATTENTAMENTE QUESTO DOCUMENTO PRIMA DI ACCEDERE O UTILIZZARE IL SITO. ACCEDENDO O UTILIZZANDO IL SITO, L&#039;UTENTE ACCETTA I TERMINI E LE CONDIZIONI DI CUI SOTTO. SE NON DESIDERI ESSERE VINCOLATO DA QUESTI TERMINI E CONDIZIONI, NON PUOI ACCEDERE O UTILIZZARE IL SITO. Ship-tracker.org PUO &#039;MODIFICARE IL PRESENTE CONTRATTO IN QUALSIASI MOMENTO, E TALI MODIFICHE SARANNO EFFICACI IMMEDIATAMENTE SULL&#039;INVIO DEL CONTRATTO MODIFICATO SUL SITO. CONVENGETE DI RIVEDERE L&#039;ACCORDO PERIODICAMENTE DI ESSERE CONSIDERATI DA TALI MODIFICHE E IL VOSTRO ACCESSO CONTINUATO O UTILIZZO DEL SITO DEVE ESSERE CONSIDERATO L&#039;ACCETTAZIONE CONCLUSIVA DELL&#039;ACCORDO MODIFICATO.<\/strong><\/span><\/span><\/p>\n<p style=\"text-align: justify;\"><span style=\"font-family: helvetica, arial, sans-serif;\"><strong>1. Copyright, licenze e invio di idee.<\/strong><\/span><\/p>\n<p style=\"text-align: justify;\"><span style=\"font-family: helvetica, arial, sans-serif;\">L&#039;intero contenuto del sito \u00e8 protetto dalle leggi internazionali sul copyright e sui marchi. Il proprietario dei diritti d&#039;autore e dei marchi sono Ship-tracker.org, i suoi affiliati o altri licenziatari di terze parti.\u00a0<strong>NON PUOI MODIFICARE, COPIARE, RIPRODURRE, REPLICARE, CARICARE, POSTARE, TRASMETTERE O DISTRIBUIRE, IN QUALSIASI MODO, IL MATERIALE SUL SITO, COMPRESO TESTO, GRAFICA, CODICE E \/ O SOFTWARE.<\/strong>\u00a0\u00c8 possibile stampare e scaricare porzioni di materiale dalle diverse aree del Sito esclusivamente per uso non commerciale purch\u00e9 si accetti di non modificare o eliminare avvisi di copyright o di propriet\u00e0 dai materiali. Accetti di concedere a Ship-tracker.org una licenza perpetua non esclusiva, esente da royalty, in tutto il mondo, con il diritto di sub-licenza, riprodurre, distribuire, trasmettere, creare opere derivate, mostrare pubblicamente ed eseguire pubblicamente qualsiasi materiali e altre informazioni (inclusi, a titolo esemplificativo, idee in essi contenute per prodotti e servizi nuovi o migliorati) inviati a qualsiasi area pubblica del Sito (come bacheche, forum e newsgroup) o tramite e-mail a Ship-tracker. org con tutti i mezzi e in tutti i media ora conosciuti o di seguito sviluppati. Concedi inoltre a Ship-tracker.org il diritto di utilizzare il tuo nome in relazione ai materiali inviati e ad altre informazioni, nonch\u00e9 in relazione a tutto il materiale pubblicitario, di marketing e promozionale ad essi correlato. Accetti di non poter fare ricorso contro Ship-tracker.org per qualsiasi presunta o effettiva violazione o appropriazione indebita di qualsiasi diritto di propriet\u00e0 nelle tue comunicazioni a Ship-tracker.org.\u00a0<strong>MARCHI.<\/strong>Pubblicazioni, prodotti, contenuti o servizi citati nel presente documento o sul Sito sono marchi o servizi esclusivi di Ship-tracker.org. Altri nomi di prodotti e societ\u00e0 menzionati nel Sito possono essere marchi dei rispettivi proprietari.<\/span><\/p>\n<p style=\"text-align: justify;\"><span style=\"font-family: helvetica, arial, sans-serif;\"><strong>2. Uso del sito.<\/strong><\/span><\/p>\n<p style=\"text-align: justify;\"><span style=\"font-family: helvetica, arial, sans-serif;\">Comprendi che, ad eccezione di informazioni, prodotti o servizi chiaramente identificati come forniti da Ship-tracker.org, Ship-tracker.org non gestisce, controlla o approva alcuna informazione, prodotto o servizio su Internet in alcun modo. Fatta eccezione per le informazioni, i prodotti o i servizi identificati da Ship-tracker.org, tutte le informazioni, i prodotti e i servizi offerti attraverso il Sito o su Internet sono generalmente offerti da terzi, che non sono affiliati a Ship-tracker.org. Comprendi anche che Ship-tracker.org non pu\u00f2 e non garantisce n\u00e9 garantisce che i file disponibili per il download attraverso il Sito siano privi di infezioni o virus, worm, cavalli di Troia o altri codici che manifestano propriet\u00e0 contaminanti o distruttive. Sei responsabile dell&#039;implementazione di procedure e punti di controllo sufficienti a soddisfare i tuoi requisiti particolari per l&#039;accuratezza dell&#039;input e dell&#039;output dei dati e per mantenere un mezzo esterno al Sito per la ricostruzione di eventuali dati persi.<\/span><\/p>\n<p style=\"text-align: justify;\"><span style=\"font-family: helvetica, arial, sans-serif;\">ASSUMI TOTALE RESPONSABILIT\u00c0 E RISCHIO PER IL TUO UTILIZZO DEL SITO E DI INTERNET. Ship-tracker.org FORNISCE IL SITO E LE INFORMAZIONI CORRELATE &quot;COS\u00cc COM&#039;\u00c8&quot; E NON FORNISCE ALCUNA GARANZIA, RAPPRESENTAZIONE O APPROVAZIONE ESPLICITE O IMPLICITE, COMPRESI (INCLUSE SENZA ALCUNA GARANZIA DI LIMITAZIONE DEL TITOLO O DI NON CONFRONTO, O LE GARANZIE IMPLICITE DI COMMERCIABILIT\u00c0) FINALMENTE) PER QUANTO RIGUARDA IL SERVIZIO, QUALSIASI INFORMAZIONE O SERVIZIO DI MERCHANDISE FORNITO ATTRAVERSO IL SERVIZIO O IN INTERNET IN GENERALE, E Ship-tracker.org NON SAR\u00c0 RESPONSABILE DI QUALSIASI COSTO O DANNO SUCCESSO DIRETTAMENTE O INDIRETTAMENTE DA QUALUNQUE TRANSAZIONE. \u00c8 SOLO LA TUA RESPONSABILIT\u00c0 DI VALUTARE LA PRECISIONE, LA COMPLETEZZA E L&#039;UTILIZZO DI TUTTI I PARERI, I CONSIGLI, I SERVIZI, IL COMMERCIO E ALTRE INFORMAZIONI FORNITE ATTRAVERSO IL SERVIZIO O SULL&#039;INTERNET IN GENERALE. Ship-tracker.org NON GARANTISCE CHE IL SERVIZIO SAR\u00c0 ININTERROTTO O ESENTE DA ERRORI O CHE I DIFETTI DEL SERVIZIO SARANNO CORRETTI.<\/span><\/p>\n<p style=\"text-align: justify;\"><span style=\"font-family: helvetica, arial, sans-serif;\">COMPRENDI ANCORA CHE LA NATURA PURA DI INTERNET CONTIENE MATERIALI INEDITATI ALCUNI DI CUI CHE SONO ESPLICITAMENTE SESSANTI O POSSONO ESSERE OFFENSIVI. IL TUO ACCESSO A TALI MATERIALI \u00c8 A TUO RISCHIO. Ship-tracker.org NON HA CONTROLLO E NON ACCETTA ALCUNA RESPONSABILIT\u00c0 PER QUESTI MATERIALI.<\/span><\/p>\n<p style=\"text-align: justify;\"><span style=\"font-family: helvetica, arial, sans-serif;\"><strong>LIMITAZIONE DI RESPONSABILIT\u00c0<\/strong><\/span><\/p>\n<p style=\"text-align: justify;\"><span style=\"font-family: helvetica, arial, sans-serif;\">In nessun caso Ship-tracker.org SAR\u00c0 RESPONSABILE DI (I) QUALSIASI DANNO INCIDENTALE, CONSEQUENZIALE O INDIRETTO (COMPRESI, MA NON LIMITATI A, DANNI PER PERDITA DI PROFITTI, INTERRUZIONE DI AFFARI, PERDITA DI PROGRAMMI O INFORMAZIONI E SIMILI) DERIVANTE DALL&#039;UTILIZZO O DALL&#039;INABILIT\u00c0 DI UTILIZZARE IL SERVIZIO O DI QUALSIASI INFORMAZIONE O OPERAZIONI FORNITE SUL SERVIZIO O SCARICATI DAL SERVIZIO O QUALSIASI RITARDO DI TALI INFORMAZIONI O SERVIZI. ANCHE SE Ship-tracker.org OI SUOI RAPPRESENTANTI AUTORIZZATI SONO STATI AVVISATI DELLA POSSIBILIT\u00c0 DI TALI DANNI O (II) QUALSIASI RICHIESTA ATTRIBUIBILE A ERRORI, OMISSIONI O ALTRE INACCURACIE AL SERVIZIO E \/ O MATERIALI O INFORMAZIONI SCARICATE AL SERVIZIO. PERCH\u00c9 ALCUNI STATI NON CONSENTONO L&#039;ESCLUSIONE O LA LIMITAZIONE DI RESPONSABILIT\u00c0 PER DANNI CONSEQUENZIALI O INCIDENTALI, LA LIMITAZIONE DI CUI SOPRA POTREBBE NON ESSERE APPLICABILE. IN TALI STATI, Ship-tracker.org LA RESPONSABILIT\u00c0 \u00c8 LIMITATA NELLA MISURA MASSIMA CONSENTITA DALLA LEGGE.<\/span><\/p>\n<p style=\"text-align: justify;\"><span style=\"font-family: helvetica, arial, sans-serif;\">Ship-tracker.org non rilascia alcuna dichiarazione in merito a qualsiasi altro sito Web a cui \u00e8 possibile accedere tramite questo o che pu\u00f2 essere collegato a questo sito. Quando si accede a un sito Web non-Nave-tracker.org, si prega di comprendere che \u00e8 indipendente da Ship-tracker.org e che Ship-tracker.org non ha alcun controllo sul contenuto di quel sito Web. Inoltre, un collegamento a un sito Web Ship-tracker.org non significa che Ship-tracker.org avalli o accetti alcuna responsabilit\u00e0 per il contenuto o l&#039;uso di tale sito Web.<\/span><\/p>\n<p style=\"text-align: justify;\"><span style=\"font-family: helvetica, arial, sans-serif;\"><strong>3. Indennizzo.<\/strong><\/span><\/p>\n<p style=\"text-align: justify;\"><span style=\"font-family: helvetica, arial, sans-serif;\">Accetti di indennizzare, difendere e mantenere innocuo Ship-tracker.org, i suoi funzionari, direttori, dipendenti, agenti, licenziatari, fornitori e qualsiasi fornitore di informazioni di terze parti al Servizio da e contro tutte le perdite, spese, danni e costi, compresi quelli ragionevoli spese legali, risultanti da qualsiasi violazione del presente Accordo (inclusi comportamenti negligenti o illeciti) da parte dell&#039;utente o di qualsiasi altra persona che accede al Servizio.<\/span><\/p>\n<p style=\"text-align: justify;\"><span style=\"font-family: helvetica, arial, sans-serif;\"><strong>4. Diritti di terzi.<\/strong><\/span><\/p>\n<p style=\"text-align: justify;\"><span style=\"font-family: helvetica, arial, sans-serif;\">Le disposizioni dei paragrafi 2 (Uso del servizio) e 3 (Indennizzo) sono a beneficio di Ship-tracker.org e dei suoi funzionari, direttori, dipendenti, agenti, licenzianti, fornitori e qualsiasi fornitore di informazioni di terze parti al Servizio . Ognuno di questi individui o entit\u00e0 avr\u00e0 il diritto di far valere e applicare tali disposizioni direttamente nei suoi confronti per proprio conto.<\/span><\/p>\n<p style=\"text-align: justify;\"><span style=\"font-family: helvetica, arial, sans-serif;\"><strong>5.Term; Terminazione.<\/strong><\/span><\/p>\n<p style=\"text-align: justify;\"><span style=\"font-family: helvetica, arial, sans-serif;\">Il presente Accordo pu\u00f2 essere risolto da entrambe le parti senza preavviso in qualsiasi momento e per qualsiasi motivo. Le disposizioni dei paragrafi 1 (Copyright, Licenze e Presentazione di idee), 2 (Uso del servizio), 3 (Indennizzo), 4 (Diritti di terzi) e 6 (Varie) sopravvivranno a qualsiasi risoluzione del presente Accordo.<\/span><\/p>\n<p style=\"text-align: justify;\"><span style=\"font-family: helvetica, arial, sans-serif;\"><strong>6.Miscellaneous.<\/strong><\/span><\/p>\n<p style=\"text-align: justify;\"><span style=\"font-family: helvetica, arial, sans-serif;\">Il presente Accordo sar\u00e0 regolato e interpretato in conformit\u00e0 con le leggi della Bulgaria applicabili agli accordi stipulati e da eseguire in Bulgaria. L&#039;utente accetta che qualsiasi azione legale o procedimento tra Ship-tracker.org e l&#039;utente per qualsiasi scopo relativo al presente Accordo o agli obblighi delle parti in esso contenuti deve essere intentato esclusivamente presso un tribunale federale o statale della giurisdizione competente che si trova in Bulgaria. Qualsiasi causa di azione o reclamo che potresti avere in relazione al Servizio deve essere avviata entro un (1) anno dopo che il reclamo o la causa di azione si presenta o tale reclamo o causa di azione \u00e8 esclusa. L&#039;incapacit\u00e0 di Ship-tracker.org di insistere o far rispettare rigorosamente qualsiasi disposizione del presente Accordo non deve essere interpretata come una rinuncia a qualsiasi disposizione o diritto. N\u00e9 il corso di condotta tra le parti n\u00e9 le pratiche commerciali agiranno per modificare alcuna disposizione del presente Accordo. Ship-tracker.org pu\u00f2 assegnare i propri diritti e doveri ai sensi del presente Accordo a qualsiasi parte in qualsiasi momento senza preavviso. Tutti i diritti non espressamente concessi sono riservati.<\/span><\/p>","protected":false},"excerpt":{"rendered":"<p>Il sito web ship-tracker.org (il &quot;Sito&quot;) \u00e8 un servizio di informazioni online. &quot;Ship-tracker.org&quot; \u00e8 soggetto al rispetto dei termini e delle condizioni di seguito riportati. LEGGERE ATTENTAMENTE IL PRESENTE DOCUMENTO PRIMA DI ACCEDERE O UTILIZZARE IL SITO. ACCEDENDO O UTILIZZANDO IL SITO, L&#039;UTENTE ACCETTA DI ESSERE VINCOLATO DAI TERMINI E DALLE CONDIZIONI DI SEGUITO RIPORTATI. SE...&nbsp;<a href=\"https:\/\/ship-tracker.org\/it\/disclaimer\/\" rel=\"bookmark\">Per saperne di pi\u00f9 &quot;<span class=\"screen-reader-text\">disconoscimento<\/span><\/a><\/p>","protected":false},"author":1,"featured_media":0,"parent":0,"menu_order":0,"comment_status":"closed","ping_status":"closed","template":"","meta":{"neve_meta_sidebar":"","neve_meta_container":"","neve_meta_enable_content_width":"","neve_meta_content_width":0,"neve_meta_title_alignment":"","neve_meta_author_avatar":"","neve_post_elements_order":"","neve_meta_disable_header":"","neve_meta_disable_footer":"","neve_meta_disable_title":"","neve_meta_reading_time":"","footnotes":""},"class_list":["post-6","page","type-page","status-publish","hentry"],"yoast_head":"<!-- This site is optimized with the Yoast SEO plugin v26.9 - https:\/\/yoast.com\/product\/yoast-seo-wordpress\/ -->\n<title>Disclaimer - Ship-tracker.org<\/title>\n<meta name=\"robots\" content=\"noindex, follow\" \/>\n<meta property=\"og:locale\" content=\"it_IT\" \/>\n<meta property=\"og:type\" content=\"article\" \/>\n<meta property=\"og:title\" content=\"Disclaimer - Ship-tracker.org\" \/>\n<meta property=\"og:description\" content=\"The ship-tracker.org\u00a0Web Site (the &#8220;Site&#8221;) is an online information service . &#8220;Ship-tracker.org &#8220;, subject to your compliance with the terms and conditions set forth below.\u00a0PLEASE READ THIS DOCUMENT CAREFULLY BEFORE ACCESSING OR USING THE SITE. BY ACCESSING OR USING THE SITE, YOU AGREE TO BE BOUND BY THE TERMS AND CONDITIONS SET FORTH BELOW. IF&hellip;&nbsp;Read More &raquo;Disclaimer\" \/>\n<meta property=\"og:url\" content=\"https:\/\/ship-tracker.org\/it\/disclaimer\/\" \/>\n<meta property=\"og:site_name\" content=\"Ship-tracker.org\" \/>\n<meta property=\"article:modified_time\" content=\"2017-09-14T14:43:07+00:00\" \/>\n<meta name=\"twitter:card\" content=\"summary_large_image\" \/>\n<meta name=\"twitter:label1\" content=\"Tempo di lettura stimato\" \/>\n\t<meta name=\"twitter:data1\" content=\"7 minuti\" \/>\n<script type=\"application\/ld+json\" class=\"yoast-schema-graph\">{\"@context\":\"https:\/\/schema.org\",\"@graph\":[{\"@type\":\"WebPage\",\"@id\":\"https:\/\/ship-tracker.org\/it\/disclaimer\/\",\"url\":\"https:\/\/ship-tracker.org\/it\/disclaimer\/\",\"name\":\"Disclaimer - Ship-tracker.org\",\"isPartOf\":{\"@id\":\"https:\/\/ship-tracker.org\/#website\"},\"datePublished\":\"2017-09-13T11:59:08+00:00\",\"dateModified\":\"2017-09-14T14:43:07+00:00\",\"breadcrumb\":{\"@id\":\"https:\/\/ship-tracker.org\/it\/disclaimer\/#breadcrumb\"},\"inLanguage\":\"it-IT\",\"potentialAction\":[{\"@type\":\"ReadAction\",\"target\":[\"https:\/\/ship-tracker.org\/it\/disclaimer\/\"]}]},{\"@type\":\"BreadcrumbList\",\"@id\":\"https:\/\/ship-tracker.org\/it\/disclaimer\/#breadcrumb\",\"itemListElement\":[{\"@type\":\"ListItem\",\"position\":1,\"name\":\"Startseite\",\"item\":\"https:\/\/ship-tracker.org\/\"},{\"@type\":\"ListItem\",\"position\":2,\"name\":\"Disclaimer\"}]},{\"@type\":\"WebSite\",\"@id\":\"https:\/\/ship-tracker.org\/#website\",\"url\":\"https:\/\/ship-tracker.org\/\",\"name\":\"Ship-tracker.org\",\"description\":\"\",\"potentialAction\":[{\"@type\":\"SearchAction\",\"target\":{\"@type\":\"EntryPoint\",\"urlTemplate\":\"https:\/\/ship-tracker.org\/?s={search_term_string}\"},\"query-input\":{\"@type\":\"PropertyValueSpecification\",\"valueRequired\":true,\"valueName\":\"search_term_string\"}}],\"inLanguage\":\"it-IT\"}]}<\/script>\n<!-- \/ Yoast SEO plugin. -->","yoast_head_json":{"title":"Disclaimer - Ship-tracker.org","robots":{"index":"noindex","follow":"follow"},"og_locale":"it_IT","og_type":"article","og_title":"Disclaimer - Ship-tracker.org","og_description":"The ship-tracker.org\u00a0Web Site (the &#8220;Site&#8221;) is an online information service . &#8220;Ship-tracker.org &#8220;, subject to your compliance with the terms and conditions set forth below.\u00a0PLEASE READ THIS DOCUMENT CAREFULLY BEFORE ACCESSING OR USING THE SITE. BY ACCESSING OR USING THE SITE, YOU AGREE TO BE BOUND BY THE TERMS AND CONDITIONS SET FORTH BELOW. IF&hellip;&nbsp;Read More &raquo;Disclaimer","og_url":"https:\/\/ship-tracker.org\/it\/disclaimer\/","og_site_name":"Ship-tracker.org","article_modified_time":"2017-09-14T14:43:07+00:00","twitter_card":"summary_large_image","twitter_misc":{"Tempo di lettura stimato":"7 minuti"},"schema":{"@context":"https:\/\/schema.org","@graph":[{"@type":"WebPage","@id":"https:\/\/ship-tracker.org\/it\/disclaimer\/","url":"https:\/\/ship-tracker.org\/it\/disclaimer\/","name":"Disclaimer - Ship-tracker.org","isPartOf":{"@id":"https:\/\/ship-tracker.org\/#website"},"datePublished":"2017-09-13T11:59:08+00:00","dateModified":"2017-09-14T14:43:07+00:00","breadcrumb":{"@id":"https:\/\/ship-tracker.org\/it\/disclaimer\/#breadcrumb"},"inLanguage":"it-IT","potentialAction":[{"@type":"ReadAction","target":["https:\/\/ship-tracker.org\/it\/disclaimer\/"]}]},{"@type":"BreadcrumbList","@id":"https:\/\/ship-tracker.org\/it\/disclaimer\/#breadcrumb","itemListElement":[{"@type":"ListItem","position":1,"name":"Startseite","item":"https:\/\/ship-tracker.org\/"},{"@type":"ListItem","position":2,"name":"Disclaimer"}]},{"@type":"WebSite","@id":"https:\/\/ship-tracker.org\/#website","url":"https:\/\/ship-tracker.org\/","name":"Ship-tracker.org","description":"","potentialAction":[{"@type":"SearchAction","target":{"@type":"EntryPoint","urlTemplate":"https:\/\/ship-tracker.org\/?s={search_term_string}"},"query-input":{"@type":"PropertyValueSpecification","valueRequired":true,"valueName":"search_term_string"}}],"inLanguage":"it-IT"}]}},"_links":{"self":[{"href":"https:\/\/ship-tracker.org\/it\/wp-json\/wp\/v2\/pages\/6","targetHints":{"allow":["GET"]}}],"collection":[{"href":"https:\/\/ship-tracker.org\/it\/wp-json\/wp\/v2\/pages"}],"about":[{"href":"https:\/\/ship-tracker.org\/it\/wp-json\/wp\/v2\/types\/page"}],"author":[{"embeddable":true,"href":"https:\/\/ship-tracker.org\/it\/wp-json\/wp\/v2\/users\/1"}],"replies":[{"embeddable":true,"href":"https:\/\/ship-tracker.org\/it\/wp-json\/wp\/v2\/comments?post=6"}],"version-history":[{"count":3,"href":"https:\/\/ship-tracker.org\/it\/wp-json\/wp\/v2\/pages\/6\/revisions"}],"predecessor-version":[{"id":9,"href":"https:\/\/ship-tracker.org\/it\/wp-json\/wp\/v2\/pages\/6\/revisions\/9"}],"wp:attachment":[{"href":"https:\/\/ship-tracker.org\/it\/wp-json\/wp\/v2\/media?parent=6"}],"curies":[{"name":"parola chiave","href":"https:\/\/api.w.org\/{rel}","templated":true}]}}