{"id":400,"date":"2017-09-15T22:26:10","date_gmt":"2017-09-15T20:26:10","guid":{"rendered":"http:\/\/ship-tracker.org\/?page_id=400"},"modified":"2021-11-08T21:04:41","modified_gmt":"2021-11-08T20:04:41","slug":"ship-tracker","status":"publish","type":"page","link":"https:\/\/ship-tracker.org\/it\/","title":{"rendered":"Tracker della nave"},"content":{"rendered":"<p><script async src=\"https:\/\/pagead2.googlesyndication.com\/pagead\/js\/adsbygoogle.js\"><\/script><br \/>\n<!-- Ship-Tracker Display --><br \/>\n<ins class=\"adsbygoogle\" style=\"display: block;\" data-ad-client=\"ca-pub-1316785063791781\" data-ad-slot=\"8075999632\" data-ad-format=\"auto\" data-full-width-responsive=\"true\"><\/ins><br \/>\n<script>\n     (adsbygoogle = window.adsbygoogle || []).push({});\n<\/script><\/p>\n<h2>Monitoraggio delle navi - Come funzionano le navi e le navi di localizzazione?<\/h2>\n<p><script type=\"text\/javascript\">\nwidth='100%';\nheight='450';\n<\/script><br \/>\n<script type=\"text\/javascript\" src=\"\/\/www.marinetraffic.com\/js\/embed.js\"><\/script><br \/>\n<script async src=\"https:\/\/pagead2.googlesyndication.com\/pagead\/js\/adsbygoogle.js\"><\/script><br \/>\n<!-- Schip-Tracker Linkanzeigen --><br \/>\n<ins class=\"adsbygoogle\" style=\"display: block;\" data-ad-client=\"ca-pub-1316785063791781\" data-ad-slot=\"3429004156\" data-ad-format=\"link\" data-full-width-responsive=\"true\"><\/ins><br \/>\n<script>\n     (adsbygoogle = window.adsbygoogle || []).push({});\n<\/script><\/p>\n<p class=\"p1\" style=\"text-align: justify;\"><span class=\"s1\">Tracciare le navi con il pulsante di un clic del mouse - grazie a Internet, questa \u00e8 la realt\u00e0. Ma come puoi effettivamente rintracciare grandi navi e navi di tutti i tipi? Come puoi utilizzare le giuste piattaforme a tuo vantaggio e come puoi determinare quale tipo di nave hai appena selezionato? Trova qui tutte le informazioni sul monitoraggio della nave e scopri quante pi\u00f9 informazioni possibili sulla nave che preferisci!<\/span><\/p>\n<h2 class=\"p1\"><span class=\"s1\">Come funziona un localizzatore di navi?<\/span><\/h2>\n<p class=\"p1\" style=\"text-align: justify;\"><span class=\"s1\">Migliaia di grandi navi navigano gli oceani ogni singolo giorno. Ognuna di queste navi utilizza il monitoraggio chiamato &quot;Sistema di identificazione automatica&quot;. Questo programma di localizzazione delle navi aiuta a evitare le collisioni e funge anche da modo per trovare rapidamente le navi in situazioni di emergenza. Un paio di aziende si sono concentrate sulla fornitura di un monitoraggio delle navi accurato in tempo reale online. Usano i dati di tracciamento delle navi e il tracciamento AIS e forniscono mappe online, raffiguranti navi e navi in tempo reale. AIS \u00e8 una tecnologia affascinante, che salva vite e semplifica notevolmente il trasporto marittimo, ma fornisce anche preziose informazioni sul settore marittimo in tutto il mondo.<\/span><\/p>\n<h2 class=\"p1\"><span class=\"s1\">Cosa contiene un messaggio AIS?<\/span><\/h2>\n<p class=\"p1\" style=\"text-align: justify;\"><span class=\"s1\">Il &quot;Sistema di identificazione automatica&quot; fornisce molte informazioni. Ogni messaggio mostra la posizione GPS del mittente. Inoltre, contiene lo Speed Over Ground (&quot;SOG&quot;) - in termini approssimativi, la velocit\u00e0 effettiva della nave. Inoltre, l&#039;AIS fornisce il Course Over Ground (&quot;COG&quot;). Quindi conosci anche la direzione in cui la nave si sta dirigendo. Quando ricevi anche l&#039;ID univoco della nave, di solito puoi trovare ulteriori informazioni sulla barca specifica che stai guardando. Questo \u00e8 il motivo per cui i siti web gratuiti per il monitoraggio delle navi sono in grado di fornire una tale quantit\u00e0 di dati.<\/span><\/p>\n<h2 class=\"p1\"><span class=\"s1\">Cosa si pu\u00f2 trovare facilmente sul sito web di un localizzatore di navi?<\/span><\/h2>\n<p class=\"p1\" style=\"text-align: justify;\"><span class=\"s1\">Il monitoraggio della nave in tempo reale non \u00e8 limitato alla posizione attuale, come abbiamo discusso nel paragrafo precedente. In realt\u00e0 fornisce molto di pi\u00f9. Ad esempio, il sito Web <a href=\"https:\/\/www.marinetraffic.com\/\" target=\"_blank\" rel=\"noopener noreferrer\"><span class=\"s2\">MarineTraffic<\/span><\/a> offre molte informazioni. Puoi trovare i seguenti dati:<\/span><\/p>\n<ul class=\"ul1\">\n<li class=\"li1\"><span class=\"s1\">pescaggio della nave<\/span><\/li>\n<li class=\"li1\"><span class=\"s1\">lunghezza e larghezza<\/span><\/li>\n<li class=\"li1\"><span class=\"s1\">&quot;Nazionalit\u00e0&quot; della nave - dove ha ottenuto la licenza?<\/span><\/li>\n<li class=\"li1\"><span class=\"s1\">destinazione<\/span><\/li>\n<li class=\"li1\"><span class=\"s1\">velocit\u00e0 media in nodi<\/span><\/li>\n<li class=\"li1\"><span class=\"s1\">massima velocit\u00e0 in nodi<\/span><\/li>\n<li class=\"li1\"><span class=\"s1\">percorso attuale (angolare)<\/span><\/li>\n<li class=\"li1\"><span class=\"s1\">orario di arrivo previsto (&quot;ETA&quot;)<\/span><\/li>\n<li class=\"li1\"><span class=\"s1\">ora di partenza effettiva (&quot;ATD&quot;)<\/span><\/li>\n<\/ul>\n<figure id=\"attachment_2025\" aria-describedby=\"caption-attachment-2025\" style=\"width: 768px\" class=\"wp-caption aligncenter\"><img loading=\"lazy\" decoding=\"async\" class=\"wp-image-2025 size-full\" src=\"https:\/\/ship-tracker.org\/wp-content\/uploads\/2020\/04\/karte-kreuzfahrt-kreuzfahrtschiff-schiffsposition-schiffsradar-768x388-1.jpg\" alt=\"Marinetraffic\" width=\"768\" height=\"388\" srcset=\"https:\/\/ship-tracker.org\/wp-content\/uploads\/2020\/04\/karte-kreuzfahrt-kreuzfahrtschiff-schiffsposition-schiffsradar-768x388-1.jpg 768w, https:\/\/ship-tracker.org\/wp-content\/uploads\/2020\/04\/karte-kreuzfahrt-kreuzfahrtschiff-schiffsposition-schiffsradar-768x388-1-300x152.jpg 300w\" sizes=\"auto, (max-width: 768px) 100vw, 768px\" \/><figcaption id=\"caption-attachment-2025\" class=\"wp-caption-text\">Schermata \u00a9 Marinetraffic.com<\/figcaption><\/figure>\n<p class=\"p1\"><span class=\"s1\">Ci sono molti pi\u00f9 dati disponibili sul sito web. Per informazioni pi\u00f9 dettagliate, devi pagare per ricevere tutte le informazioni.<\/span><\/p>\n<h3 class=\"p1\"><span class=\"s1\">Vesselfinder - Un&#039;alternativa interessante a MarineTraffic<\/span><\/h3>\n<p class=\"p1\" style=\"text-align: justify;\"><span class=\"s1\">Ovviamente non devi necessariamente pagare per un abbonamento premium. Ecco perch\u00e9 il sito web <a href=\"http:\/\/www.vesselfinder.com\" target=\"_blank\" rel=\"noopener noreferrer\"><span class=\"s2\">VesselFinder<\/span><\/a> si adatta perfettamente come alternativa. Mentre entrambi i siti hanno una mappa live abbastanza simile di tutte le navi commerciali in tutto il mondo, ci sono alcune differenze. Principalmente, ricevi semplicemente molte pi\u00f9 informazioni su ogni nave in questo momento in navigazione.<\/span><\/p>\n<figure id=\"attachment_2727\" aria-describedby=\"caption-attachment-2727\" style=\"width: 900px\" class=\"wp-caption aligncenter\"><img loading=\"lazy\" decoding=\"async\" class=\"wp-image-2727 size-full\" src=\"https:\/\/ship-tracker.org\/wp-content\/uploads\/2020\/05\/Unbenannt44-e1589046113367.png\" alt=\"Vesselfinder\" width=\"900\" height=\"455\" srcset=\"https:\/\/ship-tracker.org\/wp-content\/uploads\/2020\/05\/Unbenannt44-e1589046113367.png 900w, https:\/\/ship-tracker.org\/wp-content\/uploads\/2020\/05\/Unbenannt44-e1589046113367-300x152.png 300w, https:\/\/ship-tracker.org\/wp-content\/uploads\/2020\/05\/Unbenannt44-e1589046113367-768x388.png 768w\" sizes=\"auto, (max-width: 900px) 100vw, 900px\" \/><figcaption id=\"caption-attachment-2727\" class=\"wp-caption-text\">Schermata \u00a9 Vesselfinder.com<\/figcaption><\/figure>\n<p class=\"p1\" style=\"text-align: justify;\"><span class=\"s1\">Ad esempio, puoi scoprire dove \u00e8 rimasta l&#039;ultima nave a tua scelta. Era il paradiso di Amburgo o, ad esempio, Bremerhaven? Puoi scoprirlo semplicemente cliccando sulla nave. Troverai molte pi\u00f9 informazioni disponibili gratuitamente senza il requisito di un abbonamento.<\/span><\/p>\n<h3 class=\"p1\"><span class=\"s1\">Come puoi sfruttare il tracker gratuito delle navi?<\/span><\/h3>\n<p class=\"p1\" style=\"text-align: justify;\"><span class=\"s1\">Innanzitutto, \u00e8 semplicemente interessante per molte persone l\u00e0 fuori. L&#039;industria marittima \u00e8 stata un fascino per secoli e l&#039;interesse per il presente persiste fino ad oggi. Pertanto, la maggior parte delle persone sta controllando un localizzatore di navi come hobby e interesse, poich\u00e9 \u00e8 possibile trovare molte informazioni sulle navi. Qual \u00e8 la conoscenza, che altre persone, che non hanno familiarit\u00e0 con l&#039;idea di un localizzatore di navi, potrebbero non averlo.<\/span><\/p>\n<p class=\"p1\" style=\"text-align: justify;\"><span class=\"s1\">Ma ovviamente puoi usare un localizzatore di navi anche come un modo pratico per acquisire maggiori conoscenze al fine di comprendere meglio la vita quotidiana. Ad esempio, puoi seguire il percorso delle navi mercantili che viaggiano dalla Cina all&#039;Europa. Puoi tenere traccia dei loro percorsi e verificare tu stesso fino a che punto vanno. Questo potrebbe essere interessante per te, se sei appassionato di inquinamento e cambiamenti climatici.<\/span><\/p>\n<h2 class=\"p1\"><span class=\"s1\">Uso pratico di un localizzatore di navi<\/span><\/h2>\n<p class=\"p1\" style=\"text-align: justify;\"><span class=\"s1\">Ovviamente i siti di localizzazione delle navi come VesselFinder e MarineTraffic non sono fatti solo per le persone curiose delle navi nell&#039;oceano. Quei siti Web di localizzazione delle navi offrono un uso pratico per molte persone in tutto il mondo.<\/span><\/p>\n<p class=\"p1\" style=\"text-align: justify;\"><span class=\"s1\">Ad esempio, puoi trarre grandi vantaggi dai tracker delle navi se decidi di scegliere di studiare marittimo dopo la tua finale. Ad esempio, se scegli di studiare la legge marittima, potresti imparare molto controllando i dati legali delle navi e delle navi che navigano in questo momento. Sotto quali bandiere la maggior parte delle navi naviga nel mondo? Tutte le navi di tutto il mondo navigano legalmente o esistono navi che non rispettano la legge, ad esempio quando si tratta della capacit\u00e0 massima o delle norme ISO (regole generali per tutte le navi portacontainer).<\/span><\/p>\n<h3 class=\"p1\"><span class=\"s1\">Altre idee su come utilizzare i localizzatori di navi<\/span><\/h3>\n<p class=\"p1\" style=\"text-align: justify;\"><span class=\"s1\">Esistono molte opzioni che puoi utilizzare per saperne di pi\u00f9 sul tuo ambiente marino. Ad esempio, puoi fare un esempio dell&#039;opzione &quot;Porte vicine a me&quot;. Ci\u00f2 ti consente di trovare porti vicini alla tua citt\u00e0, se vivi vicino al mare. I siti web di tracciamento delle navi come MarineTraffic sono anche molto utili quando sei in vacanza e potresti voler passare un po &#039;di tempo nei porti locali. La cultura marittima e l&#039;ambiente dei porti di solito hanno sempre un&#039;atmosfera unica. \u00c8 diverso in ogni paese, quindi sar\u00e0 una nuova esperienza per te, non importa se sei attualmente a Shanghai, in Cina o ad Amburgo, in Germania.<\/span><\/p>\n<h2 class=\"p1\"><span class=\"s1\">Come posso trovare ulteriori informazioni sul funzionamento del localizzatore di navi?<\/span><\/h2>\n<p class=\"p1\" style=\"text-align: justify;\"><span class=\"s1\">Il localizzatore di navi e l&#039;AIS svolgono un ruolo importante nel mondo marittimo. Pertanto, puoi trovare tonnellate di informazioni su Internet. Siti web come <a href=\"http:\/\/www.marineinsight.com\" target=\"_blank\" rel=\"noopener noreferrer\"><span class=\"s2\">www.marineinsight.com<\/span><\/a> fornire una variet\u00e0 di articoli su vari argomenti che ti aiuteranno a comprendere appieno il mondo marittimo. Coprono anche articoli e notizie su AIS e altri sistemi. <\/span><\/p>\n<h3 class=\"p1\"><span class=\"s1\">Riepilogo: perch\u00e9 il tracciamento delle navi dovrebbe esserti familiare<\/span><\/h3>\n<p class=\"p1\" style=\"text-align: justify;\"><span class=\"s1\">Spedire grandi quantit\u00e0 di merci sull&#039;oceano utilizzando enormi navi portacontainer ha contribuito essenzialmente ai nostri elevati standard di vita e ricchezza. \u00c8 un mezzo di trasporto estremamente economico e affidabile che \u00e8 stato ottimizzato enormemente negli ultimi decenni. Utilizzando un localizzatore di navi, puoi trovare ogni nave e ogni nave mercantile con un ID nave unico con pochi clic del mouse. Non \u00e8 solo interessante verificarlo: passarci del tempo arricchir\u00e0 la tua prospettiva sul commercio mondiale e molti altri aspetti.<\/span><\/p>\n<p><script async src=\"https:\/\/pagead2.googlesyndication.com\/pagead\/js\/adsbygoogle.js\"><\/script><br \/>\n<!-- Ship-Tracker Display --><br \/>\n<ins class=\"adsbygoogle\" style=\"display: block;\" data-ad-client=\"ca-pub-1316785063791781\" data-ad-slot=\"8075999632\" data-ad-format=\"auto\" data-full-width-responsive=\"true\"><\/ins><br \/>\n<script>\n     (adsbygoogle = window.adsbygoogle || []).push({});\n<\/script><\/p>\n<p>Mostra tutto <a href=\"https:\/\/ship-tracker.org\/it\/cruise-ship-tracker\/\">Posizione attuale delle navi da crociera.<\/a> La posizione delle navi da crociera pu\u00f2 essere determinata con precisione dalle mappe di <a href=\"https:\/\/ship-tracker.org\/it\/vesselfinder\/\">VesselFinder<\/a> e <a href=\"https:\/\/ship-tracker.org\/it\/marinetraffic\/\">MarineTraffic<\/a>. Quindi sei sempre ben informato, dove si trova attualmente la tua nave preferita.<\/p>\n<p>&nbsp;<\/p>","protected":false},"excerpt":{"rendered":"<p>Monitoraggio delle navi: come funziona il monitoraggio di navi e navi? Tracciare le navi con un semplice clic del mouse: grazie a Internet, questa \u00e8 realt\u00e0. Ma come \u00e8 possibile monitorare effettivamente le navi di grandi dimensioni e di tutti i tipi? Come puoi utilizzare le piattaforme giuste a tuo vantaggio e come puoi determinare...&nbsp;<a href=\"https:\/\/ship-tracker.org\/it\/\" rel=\"bookmark\">Per saperne di pi\u00f9 &quot;<span class=\"screen-reader-text\">Tracker della nave<\/span><\/a><\/p>","protected":false},"author":1,"featured_media":2025,"parent":0,"menu_order":0,"comment_status":"closed","ping_status":"closed","template":"","meta":{"neve_meta_sidebar":"","neve_meta_container":"","neve_meta_enable_content_width":"","neve_meta_content_width":0,"neve_meta_title_alignment":"","neve_meta_author_avatar":"","neve_post_elements_order":"","neve_meta_disable_header":"","neve_meta_disable_footer":"","neve_meta_disable_title":"","neve_meta_reading_time":"","footnotes":""},"class_list":["post-400","page","type-page","status-publish","has-post-thumbnail","hentry"],"yoast_head":"<!-- This site is optimized with the Yoast SEO plugin v27.4 - https:\/\/yoast.com\/product\/yoast-seo-wordpress\/ -->\n<title>Ship Tracker \u2503How does tracking vessels and ships work?<\/title>\n<meta name=\"description\" content=\"Ship Tracker \u2693 Current position of All Cruise-ships \u2713 Live Ship Tracker \u2713 Review and Specifications \u2713 Webcam \u2713 Ship Tracking\" \/>\n<meta name=\"robots\" content=\"index, follow, max-snippet:-1, max-image-preview:large, max-video-preview:-1\" \/>\n<link rel=\"canonical\" href=\"https:\/\/ship-tracker.org\/it\/\" \/>\n<meta property=\"og:locale\" content=\"it_IT\" \/>\n<meta property=\"og:type\" content=\"article\" \/>\n<meta property=\"og:title\" content=\"Ship Tracker \u2503How does tracking vessels and ships work?\" \/>\n<meta property=\"og:description\" content=\"Ship Tracker \u2693 Current position of All Cruise-ships \u2713 Live Ship Tracker \u2713 Review and Specifications \u2713 Webcam \u2713 Ship Tracking\" \/>\n<meta property=\"og:url\" content=\"https:\/\/ship-tracker.org\/it\/\" \/>\n<meta property=\"og:site_name\" content=\"Ship-tracker.org\" \/>\n<meta property=\"article:modified_time\" content=\"2021-11-08T20:04:41+00:00\" \/>\n<meta property=\"og:image\" content=\"https:\/\/ship-tracker.org\/wp-content\/uploads\/2020\/04\/karte-kreuzfahrt-kreuzfahrtschiff-schiffsposition-schiffsradar-768x388-1.jpg\" \/>\n\t<meta property=\"og:image:width\" content=\"768\" \/>\n\t<meta property=\"og:image:height\" content=\"388\" \/>\n\t<meta property=\"og:image:type\" content=\"image\/jpeg\" \/>\n<meta name=\"twitter:card\" content=\"summary_large_image\" \/>\n<meta name=\"twitter:label1\" content=\"Tempo di lettura stimato\" \/>\n\t<meta name=\"twitter:data1\" content=\"6 minuti\" \/>\n<script type=\"application\/ld+json\" class=\"yoast-schema-graph\">{\"@context\":\"https:\\\/\\\/schema.org\",\"@graph\":[{\"@type\":\"WebPage\",\"@id\":\"https:\\\/\\\/ship-tracker.org\\\/\",\"url\":\"https:\\\/\\\/ship-tracker.org\\\/\",\"name\":\"Ship Tracker \u2503How does tracking vessels and ships work?\",\"isPartOf\":{\"@id\":\"https:\\\/\\\/ship-tracker.org\\\/#website\"},\"primaryImageOfPage\":{\"@id\":\"https:\\\/\\\/ship-tracker.org\\\/#primaryimage\"},\"image\":{\"@id\":\"https:\\\/\\\/ship-tracker.org\\\/#primaryimage\"},\"thumbnailUrl\":\"https:\\\/\\\/ship-tracker.org\\\/wp-content\\\/uploads\\\/2020\\\/04\\\/karte-kreuzfahrt-kreuzfahrtschiff-schiffsposition-schiffsradar-768x388-1.jpg\",\"datePublished\":\"2017-09-15T20:26:10+00:00\",\"dateModified\":\"2021-11-08T20:04:41+00:00\",\"description\":\"Ship Tracker \u2693 Current position of All Cruise-ships \u2713 Live Ship Tracker \u2713 Review and Specifications \u2713 Webcam \u2713 Ship Tracking\",\"breadcrumb\":{\"@id\":\"https:\\\/\\\/ship-tracker.org\\\/#breadcrumb\"},\"inLanguage\":\"it-IT\",\"potentialAction\":[{\"@type\":\"ReadAction\",\"target\":[\"https:\\\/\\\/ship-tracker.org\\\/\"]}]},{\"@type\":\"ImageObject\",\"inLanguage\":\"it-IT\",\"@id\":\"https:\\\/\\\/ship-tracker.org\\\/#primaryimage\",\"url\":\"https:\\\/\\\/ship-tracker.org\\\/wp-content\\\/uploads\\\/2020\\\/04\\\/karte-kreuzfahrt-kreuzfahrtschiff-schiffsposition-schiffsradar-768x388-1.jpg\",\"contentUrl\":\"https:\\\/\\\/ship-tracker.org\\\/wp-content\\\/uploads\\\/2020\\\/04\\\/karte-kreuzfahrt-kreuzfahrtschiff-schiffsposition-schiffsradar-768x388-1.jpg\",\"width\":768,\"height\":388,\"caption\":\"MarineTraffic\"},{\"@type\":\"BreadcrumbList\",\"@id\":\"https:\\\/\\\/ship-tracker.org\\\/#breadcrumb\",\"itemListElement\":[{\"@type\":\"ListItem\",\"position\":1,\"name\":\"Startseite\",\"item\":\"https:\\\/\\\/ship-tracker.org\\\/\"},{\"@type\":\"ListItem\",\"position\":2,\"name\":\"Ship Tracker\"}]},{\"@type\":\"WebSite\",\"@id\":\"https:\\\/\\\/ship-tracker.org\\\/#website\",\"url\":\"https:\\\/\\\/ship-tracker.org\\\/\",\"name\":\"Ship-tracker.org\",\"description\":\"\",\"potentialAction\":[{\"@type\":\"SearchAction\",\"target\":{\"@type\":\"EntryPoint\",\"urlTemplate\":\"https:\\\/\\\/ship-tracker.org\\\/?s={search_term_string}\"},\"query-input\":{\"@type\":\"PropertyValueSpecification\",\"valueRequired\":true,\"valueName\":\"search_term_string\"}}],\"inLanguage\":\"it-IT\"}]}<\/script>\n<!-- \/ Yoast SEO plugin. -->","yoast_head_json":{"title":"Ship Tracker \u2503Come funzionano le navi e le navi di localizzazione?","description":"Ship Tracker \u2693 Posizione attuale di tutte le navi da crociera \u2713 Live Ship Tracker \u2713 Revisione e specifiche \u2713 Webcam \u2713 Ship Tracking","robots":{"index":"index","follow":"follow","max-snippet":"max-snippet:-1","max-image-preview":"max-image-preview:large","max-video-preview":"max-video-preview:-1"},"canonical":"https:\/\/ship-tracker.org\/it\/","og_locale":"it_IT","og_type":"article","og_title":"Ship Tracker \u2503How does tracking vessels and ships work?","og_description":"Ship Tracker \u2693 Current position of All Cruise-ships \u2713 Live Ship Tracker \u2713 Review and Specifications \u2713 Webcam \u2713 Ship Tracking","og_url":"https:\/\/ship-tracker.org\/it\/","og_site_name":"Ship-tracker.org","article_modified_time":"2021-11-08T20:04:41+00:00","og_image":[{"width":768,"height":388,"url":"https:\/\/ship-tracker.org\/wp-content\/uploads\/2020\/04\/karte-kreuzfahrt-kreuzfahrtschiff-schiffsposition-schiffsradar-768x388-1.jpg","type":"image\/jpeg"}],"twitter_card":"summary_large_image","twitter_misc":{"Tempo di lettura stimato":"6 minuti"},"schema":{"@context":"https:\/\/schema.org","@graph":[{"@type":"WebPage","@id":"https:\/\/ship-tracker.org\/","url":"https:\/\/ship-tracker.org\/","name":"Ship Tracker \u2503Come funzionano le navi e le navi di localizzazione?","isPartOf":{"@id":"https:\/\/ship-tracker.org\/#website"},"primaryImageOfPage":{"@id":"https:\/\/ship-tracker.org\/#primaryimage"},"image":{"@id":"https:\/\/ship-tracker.org\/#primaryimage"},"thumbnailUrl":"https:\/\/ship-tracker.org\/wp-content\/uploads\/2020\/04\/karte-kreuzfahrt-kreuzfahrtschiff-schiffsposition-schiffsradar-768x388-1.jpg","datePublished":"2017-09-15T20:26:10+00:00","dateModified":"2021-11-08T20:04:41+00:00","description":"Ship Tracker \u2693 Posizione attuale di tutte le navi da crociera \u2713 Live Ship Tracker \u2713 Revisione e specifiche \u2713 Webcam \u2713 Ship Tracking","breadcrumb":{"@id":"https:\/\/ship-tracker.org\/#breadcrumb"},"inLanguage":"it-IT","potentialAction":[{"@type":"ReadAction","target":["https:\/\/ship-tracker.org\/"]}]},{"@type":"ImageObject","inLanguage":"it-IT","@id":"https:\/\/ship-tracker.org\/#primaryimage","url":"https:\/\/ship-tracker.org\/wp-content\/uploads\/2020\/04\/karte-kreuzfahrt-kreuzfahrtschiff-schiffsposition-schiffsradar-768x388-1.jpg","contentUrl":"https:\/\/ship-tracker.org\/wp-content\/uploads\/2020\/04\/karte-kreuzfahrt-kreuzfahrtschiff-schiffsposition-schiffsradar-768x388-1.jpg","width":768,"height":388,"caption":"MarineTraffic"},{"@type":"BreadcrumbList","@id":"https:\/\/ship-tracker.org\/#breadcrumb","itemListElement":[{"@type":"ListItem","position":1,"name":"Startseite","item":"https:\/\/ship-tracker.org\/"},{"@type":"ListItem","position":2,"name":"Ship Tracker"}]},{"@type":"WebSite","@id":"https:\/\/ship-tracker.org\/#website","url":"https:\/\/ship-tracker.org\/","name":"Ship-tracker.org","description":"","potentialAction":[{"@type":"SearchAction","target":{"@type":"EntryPoint","urlTemplate":"https:\/\/ship-tracker.org\/?s={search_term_string}"},"query-input":{"@type":"PropertyValueSpecification","valueRequired":true,"valueName":"search_term_string"}}],"inLanguage":"it-IT"}]}},"_links":{"self":[{"href":"https:\/\/ship-tracker.org\/it\/wp-json\/wp\/v2\/pages\/400","targetHints":{"allow":["GET"]}}],"collection":[{"href":"https:\/\/ship-tracker.org\/it\/wp-json\/wp\/v2\/pages"}],"about":[{"href":"https:\/\/ship-tracker.org\/it\/wp-json\/wp\/v2\/types\/page"}],"author":[{"embeddable":true,"href":"https:\/\/ship-tracker.org\/it\/wp-json\/wp\/v2\/users\/1"}],"replies":[{"embeddable":true,"href":"https:\/\/ship-tracker.org\/it\/wp-json\/wp\/v2\/comments?post=400"}],"version-history":[{"count":10,"href":"https:\/\/ship-tracker.org\/it\/wp-json\/wp\/v2\/pages\/400\/revisions"}],"predecessor-version":[{"id":3281,"href":"https:\/\/ship-tracker.org\/it\/wp-json\/wp\/v2\/pages\/400\/revisions\/3281"}],"wp:featuredmedia":[{"embeddable":true,"href":"https:\/\/ship-tracker.org\/it\/wp-json\/wp\/v2\/media\/2025"}],"wp:attachment":[{"href":"https:\/\/ship-tracker.org\/it\/wp-json\/wp\/v2\/media?parent=400"}],"curies":[{"name":"parola chiave","href":"https:\/\/api.w.org\/{rel}","templated":true}]}}