{"id":3450,"date":"2022-02-06T19:35:34","date_gmt":"2022-02-06T18:35:34","guid":{"rendered":"https:\/\/ship-tracker.org\/?page_id=3450"},"modified":"2022-02-06T19:35:34","modified_gmt":"2022-02-06T18:35:34","slug":"argentina-star","status":"publish","type":"page","link":"https:\/\/ship-tracker.org\/it\/argentina-star\/","title":{"rendered":"STELLA ARGENTINA"},"content":{"rendered":"<p><strong>STELLA ARGENTINA<\/strong> (IMO: 7636688) attualmente batte bandiera di <strong>Bahamas<\/strong>. La nave ARGENTINA STAR \u00e8 una <strong>Nave cargo<\/strong> integrato <strong>1979<\/strong>. La sua lunghezza complessiva (LOA) \u00e8 <strong>207.32<\/strong>\u00a0m, il raggio \u00e8 <strong>25.2<\/strong>\u00a0metri.<strong> STELLA ARGENTINA<\/strong> la capacit\u00e0 del contenitore \u00e8 <strong>1261<\/strong>\u00a0<strong>TUE<\/strong>.<\/p>\n<h2>Posizione attuale e posizione di ARGENTINA STAR (IMO 7636688) \u2013 Nave portacontainer<\/h2>\n<p>Dov&#039;\u00e8 attualmente l&#039;attuale posizione di ARGENTINA STAR?<\/p>\n<p><script type=\"text\/javascript\">\n  var width=\"1500\";\n  var height=\"500\";\n  var zoom=\"3\";\n  var click_to_activate=false;\n<\/script><br \/>\n<script type=\"text\/javascript\" src=\"https:\/\/www.vesselfinder.com\/aismap.js\">\n<\/script><\/p>\n<p>Visualizza la posizione attuale di ARGENTINA STAR. La posizione di ARGENTINA STAR pu\u00f2 essere determinata con precisione dalle mappe di VesselFinder e MarineTraffic. Quindi sei sempre ben informato su dove si trova attualmente la tua nave preferita.<\/p>\n<h2>Dettagli nave per ARGENTINA STAR<\/h2>\n<table>\n<tbody>\n<tr>\n<td style=\"width: 50%;\"><strong>Dettagli della nave<\/strong><\/td>\n<td style=\"width: 50%;\"><strong>Valore<\/strong><\/td>\n<\/tr>\n<tr>\n<td style=\"width: 50%;\">Nome del vascello<\/td>\n<td style=\"width: 50%;\">STELLA ARGENTINA<\/td>\n<\/tr>\n<tr>\n<td style=\"width: 50%;\">Tipo di nave<\/td>\n<td style=\"width: 50%;\">Nave cargo<\/td>\n<\/tr>\n<tr>\n<td style=\"width: 50%;\">IMO<\/td>\n<td style=\"width: 50%;\">7636688<\/td>\n<\/tr>\n<tr>\n<td style=\"width: 50%;\">MMSI<\/td>\n<td style=\"width: 50%;\">N \/ A<\/td>\n<\/tr>\n<tr>\n<td style=\"width: 50%;\">Nominativo<\/td>\n<td style=\"width: 50%;\">N \/ A<\/td>\n<\/tr>\n<tr>\n<td style=\"width: 50%;\">Bandiera<\/td>\n<td style=\"width: 50%;\">Bahamas<\/td>\n<\/tr>\n<tr>\n<td style=\"width: 50%;\">Stazza lorda<\/td>\n<td style=\"width: 50%;\">22635<\/td>\n<\/tr>\n<tr>\n<td style=\"width: 50%;\">Peso morto<\/td>\n<td style=\"width: 50%;\">23756<\/td>\n<\/tr>\n<tr>\n<td style=\"width: 50%;\">Lunghezza<\/td>\n<td style=\"width: 50%;\">207,32 m<\/td>\n<\/tr>\n<tr>\n<td style=\"width: 50%;\">Fascio<\/td>\n<td style=\"width: 50%;\">25,2 m<\/td>\n<\/tr>\n<tr>\n<td style=\"width: 50%;\">Anno di costruzione<\/td>\n<td style=\"width: 50%;\">1979<\/td>\n<\/tr>\n<tr>\n<td style=\"width: 50%;\">Costruttore<\/td>\n<td style=\"width: 50%;\">CACCIATORE DI CIGNI COLLINA DI HAVETON<\/td>\n<\/tr>\n<tr>\n<td style=\"width: 50%;\">Cortile<\/td>\n<td style=\"width: 50%;\">COLLINA DI HAVETON<\/td>\n<\/tr>\n<tr>\n<td style=\"width: 50%;\">TUE<\/td>\n<td style=\"width: 50%;\">1261<\/td>\n<\/tr>\n<tr>\n<td style=\"width: 50%;\">Operatore navale<\/td>\n<td style=\"width: 50%;\"><a href=\"https:\/\/ship-tracker.org\/it\/maersk-line\/\">Linea Maersk<\/a><\/td>\n<\/tr>\n<\/tbody>\n<\/table>\n<p>Tutti i dettagli sono a scopo informativo e ship-tracker.org non \u00e8 responsabile per l&#039;accuratezza e l&#039;affidabilit\u00e0 dei valori dei dati.<\/p>","protected":false},"excerpt":{"rendered":"<p>ARGENTINA STAR (IMO: 7636688) attualmente naviga sotto bandiera delle Bahamas. La nave ARGENTINA STAR \u00e8 una nave portacontainer costruita nel 1979. La sua lunghezza fuori tutto (LOA) \u00e8 di 207,32 m, la larghezza \u00e8 di 25,2 metri. La capacit\u00e0 di carico della ARGENTINA STAR \u00e8 di 1261 TEU. Posizione attuale della ARGENTINA STAR (IMO 7636688) \u2013 Nave portacontainer. Dove si trova la posizione attuale\u2026&nbsp;<a href=\"https:\/\/ship-tracker.org\/it\/argentina-star\/\" rel=\"bookmark\">Per saperne di pi\u00f9 &quot;<span class=\"screen-reader-text\">STELLA ARGENTINA<\/span><\/a><\/p>","protected":false},"author":1,"featured_media":0,"parent":0,"menu_order":0,"comment_status":"closed","ping_status":"closed","template":"","meta":{"neve_meta_sidebar":"","neve_meta_container":"","neve_meta_enable_content_width":"","neve_meta_content_width":0,"neve_meta_title_alignment":"","neve_meta_author_avatar":"","neve_post_elements_order":"","neve_meta_disable_header":"","neve_meta_disable_footer":"","neve_meta_disable_title":"","neve_meta_reading_time":"","footnotes":""},"class_list":["post-3450","page","type-page","status-publish","hentry"],"yoast_head":"<!-- This site is optimized with the Yoast SEO plugin v26.9 - https:\/\/yoast.com\/product\/yoast-seo-wordpress\/ -->\n<title>ARGENTINA STAR - Container Ship, IMO 7636688 - Current location<\/title>\n<meta name=\"description\" content=\"Track current location and position of ARGENTINA STAR Container Ship on Live Map - IMO: 7636688 \u2713 Container Ship Tracking\" \/>\n<meta name=\"robots\" content=\"index, follow, max-snippet:-1, max-image-preview:large, max-video-preview:-1\" \/>\n<link rel=\"canonical\" href=\"https:\/\/ship-tracker.org\/it\/argentina-star\/\" \/>\n<meta property=\"og:locale\" content=\"it_IT\" \/>\n<meta property=\"og:type\" content=\"article\" \/>\n<meta property=\"og:title\" content=\"ARGENTINA STAR - Container Ship, IMO 7636688 - Current location\" \/>\n<meta property=\"og:description\" content=\"Track current location and position of ARGENTINA STAR Container Ship on Live Map - IMO: 7636688 \u2713 Container Ship Tracking\" \/>\n<meta property=\"og:url\" content=\"https:\/\/ship-tracker.org\/it\/argentina-star\/\" \/>\n<meta property=\"og:site_name\" content=\"Ship-tracker.org\" \/>\n<meta name=\"twitter:card\" content=\"summary_large_image\" \/>\n<meta name=\"twitter:label1\" content=\"Tempo di lettura stimato\" \/>\n\t<meta name=\"twitter:data1\" content=\"1 minuto\" \/>\n<script type=\"application\/ld+json\" class=\"yoast-schema-graph\">{\"@context\":\"https:\/\/schema.org\",\"@graph\":[{\"@type\":\"WebPage\",\"@id\":\"https:\/\/ship-tracker.org\/argentina-star\/\",\"url\":\"https:\/\/ship-tracker.org\/argentina-star\/\",\"name\":\"ARGENTINA STAR - Container Ship, IMO 7636688 - Current location\",\"isPartOf\":{\"@id\":\"https:\/\/ship-tracker.org\/#website\"},\"datePublished\":\"2022-02-06T18:35:34+00:00\",\"description\":\"Track current location and position of ARGENTINA STAR Container Ship on Live Map - IMO: 7636688 \u2713 Container Ship Tracking\",\"breadcrumb\":{\"@id\":\"https:\/\/ship-tracker.org\/argentina-star\/#breadcrumb\"},\"inLanguage\":\"it-IT\",\"potentialAction\":[{\"@type\":\"ReadAction\",\"target\":[\"https:\/\/ship-tracker.org\/argentina-star\/\"]}]},{\"@type\":\"BreadcrumbList\",\"@id\":\"https:\/\/ship-tracker.org\/argentina-star\/#breadcrumb\",\"itemListElement\":[{\"@type\":\"ListItem\",\"position\":1,\"name\":\"Startseite\",\"item\":\"https:\/\/ship-tracker.org\/\"},{\"@type\":\"ListItem\",\"position\":2,\"name\":\"ARGENTINA STAR\"}]},{\"@type\":\"WebSite\",\"@id\":\"https:\/\/ship-tracker.org\/#website\",\"url\":\"https:\/\/ship-tracker.org\/\",\"name\":\"Ship-tracker.org\",\"description\":\"\",\"potentialAction\":[{\"@type\":\"SearchAction\",\"target\":{\"@type\":\"EntryPoint\",\"urlTemplate\":\"https:\/\/ship-tracker.org\/?s={search_term_string}\"},\"query-input\":{\"@type\":\"PropertyValueSpecification\",\"valueRequired\":true,\"valueName\":\"search_term_string\"}}],\"inLanguage\":\"it-IT\"}]}<\/script>\n<!-- \/ Yoast SEO plugin. -->","yoast_head_json":{"title":"ARGENTINA STAR - Nave portacontainer, IMO 7636688 - Posizione attuale","description":"Tieni traccia della posizione attuale e della posizione della nave portacontainer ARGENTINA STAR sulla mappa live - IMO: 7636688 \u2713 Monitoraggio della nave portacontainer","robots":{"index":"index","follow":"follow","max-snippet":"max-snippet:-1","max-image-preview":"max-image-preview:large","max-video-preview":"max-video-preview:-1"},"canonical":"https:\/\/ship-tracker.org\/it\/argentina-star\/","og_locale":"it_IT","og_type":"article","og_title":"ARGENTINA STAR - Container Ship, IMO 7636688 - Current location","og_description":"Track current location and position of ARGENTINA STAR Container Ship on Live Map - IMO: 7636688 \u2713 Container Ship Tracking","og_url":"https:\/\/ship-tracker.org\/it\/argentina-star\/","og_site_name":"Ship-tracker.org","twitter_card":"summary_large_image","twitter_misc":{"Tempo di lettura stimato":"1 minuto"},"schema":{"@context":"https:\/\/schema.org","@graph":[{"@type":"WebPage","@id":"https:\/\/ship-tracker.org\/argentina-star\/","url":"https:\/\/ship-tracker.org\/argentina-star\/","name":"ARGENTINA STAR - Nave portacontainer, IMO 7636688 - Posizione attuale","isPartOf":{"@id":"https:\/\/ship-tracker.org\/#website"},"datePublished":"2022-02-06T18:35:34+00:00","description":"Tieni traccia della posizione attuale e della posizione della nave portacontainer ARGENTINA STAR sulla mappa live - IMO: 7636688 \u2713 Monitoraggio della nave portacontainer","breadcrumb":{"@id":"https:\/\/ship-tracker.org\/argentina-star\/#breadcrumb"},"inLanguage":"it-IT","potentialAction":[{"@type":"ReadAction","target":["https:\/\/ship-tracker.org\/argentina-star\/"]}]},{"@type":"BreadcrumbList","@id":"https:\/\/ship-tracker.org\/argentina-star\/#breadcrumb","itemListElement":[{"@type":"ListItem","position":1,"name":"Startseite","item":"https:\/\/ship-tracker.org\/"},{"@type":"ListItem","position":2,"name":"ARGENTINA STAR"}]},{"@type":"WebSite","@id":"https:\/\/ship-tracker.org\/#website","url":"https:\/\/ship-tracker.org\/","name":"Ship-tracker.org","description":"","potentialAction":[{"@type":"SearchAction","target":{"@type":"EntryPoint","urlTemplate":"https:\/\/ship-tracker.org\/?s={search_term_string}"},"query-input":{"@type":"PropertyValueSpecification","valueRequired":true,"valueName":"search_term_string"}}],"inLanguage":"it-IT"}]}},"_links":{"self":[{"href":"https:\/\/ship-tracker.org\/it\/wp-json\/wp\/v2\/pages\/3450","targetHints":{"allow":["GET"]}}],"collection":[{"href":"https:\/\/ship-tracker.org\/it\/wp-json\/wp\/v2\/pages"}],"about":[{"href":"https:\/\/ship-tracker.org\/it\/wp-json\/wp\/v2\/types\/page"}],"author":[{"embeddable":true,"href":"https:\/\/ship-tracker.org\/it\/wp-json\/wp\/v2\/users\/1"}],"replies":[{"embeddable":true,"href":"https:\/\/ship-tracker.org\/it\/wp-json\/wp\/v2\/comments?post=3450"}],"version-history":[{"count":1,"href":"https:\/\/ship-tracker.org\/it\/wp-json\/wp\/v2\/pages\/3450\/revisions"}],"predecessor-version":[{"id":3451,"href":"https:\/\/ship-tracker.org\/it\/wp-json\/wp\/v2\/pages\/3450\/revisions\/3451"}],"wp:attachment":[{"href":"https:\/\/ship-tracker.org\/it\/wp-json\/wp\/v2\/media?parent=3450"}],"curies":[{"name":"parola chiave","href":"https:\/\/api.w.org\/{rel}","templated":true}]}}