{"id":3433,"date":"2022-02-06T19:01:29","date_gmt":"2022-02-06T18:01:29","guid":{"rendered":"https:\/\/ship-tracker.org\/?page_id=3433"},"modified":"2022-02-06T19:01:29","modified_gmt":"2022-02-06T18:01:29","slug":"po-nedlloyd-tauranga","status":"publish","type":"page","link":"https:\/\/ship-tracker.org\/it\/po-nedlloyd-tauranga\/","title":{"rendered":"P&amp;O NEDLLOYD TAURANGA"},"content":{"rendered":"<p><strong>P&amp;O NEDLLOYD TAURANGA<\/strong> (IMO: 7015913) attualmente batte bandiera di <strong>Hong Kong<\/strong>. La nave P&amp;O NEDLLOYD TAURANGA \u00e8 a <strong>Nave cargo<\/strong> integrato <strong>1970<\/strong>. La sua lunghezza complessiva (LOA) \u00e8 <strong>211.49<\/strong>\u00a0m, il raggio \u00e8 <strong>30.08<\/strong>\u00a0metri.<strong> P&amp;O NEDLLOYD TAURANGA<\/strong> la capacit\u00e0 del contenitore \u00e8 <strong>1258<\/strong>\u00a0<strong>TUE<\/strong>.<\/p>\n<h2>Posizione attuale e posizione di P&amp;O NEDLLOYD TAURANGA (IMO 7015913) \u2013 Nave portacontainer<\/h2>\n<p>Qual \u00e8 la posizione attuale di P&amp;O NEDLLOYD TAURANGA?<\/p>\n<p><script type=\"text\/javascript\">\n  var width=\"1500\";\n  var height=\"500\";\n  var zoom=\"3\";\n  var click_to_activate=false;\n<\/script><br \/>\n<script type=\"text\/javascript\" src=\"https:\/\/www.vesselfinder.com\/aismap.js\">\n<\/script><\/p>\n<p>Visualizza la posizione attuale di P&amp;O NEDLLOYD TAURANGA. La posizione di P&amp;O NEDLLOYD TAURANGA pu\u00f2 essere determinata con precisione dalle mappe di VesselFinder e MarineTraffic. Quindi sei sempre ben informato su dove si trova attualmente la tua nave preferita.<\/p>\n<h2>Dettagli della nave per P&amp;O NEDLLOYD TAURANGA<\/h2>\n<table>\n<tbody>\n<tr>\n<td style=\"width: 50%;\"><strong>Dettagli della nave<\/strong><\/td>\n<td style=\"width: 50%;\"><strong>Valore<\/strong><\/td>\n<\/tr>\n<tr>\n<td style=\"width: 50%;\">Nome del vascello<\/td>\n<td style=\"width: 50%;\">P&amp;O NEDLLOYD TAURANGA<\/td>\n<\/tr>\n<tr>\n<td style=\"width: 50%;\">Tipo di nave<\/td>\n<td style=\"width: 50%;\">Nave cargo<\/td>\n<\/tr>\n<tr>\n<td style=\"width: 50%;\">IMO<\/td>\n<td style=\"width: 50%;\">7015913<\/td>\n<\/tr>\n<tr>\n<td style=\"width: 50%;\">MMSI<\/td>\n<td style=\"width: 50%;\">N \/ A<\/td>\n<\/tr>\n<tr>\n<td style=\"width: 50%;\">Nominativo<\/td>\n<td style=\"width: 50%;\">N \/ A<\/td>\n<\/tr>\n<tr>\n<td style=\"width: 50%;\">Bandiera<\/td>\n<td style=\"width: 50%;\">Hong Kong<\/td>\n<\/tr>\n<tr>\n<td style=\"width: 50%;\">Stazza lorda<\/td>\n<td style=\"width: 50%;\">25093<\/td>\n<\/tr>\n<tr>\n<td style=\"width: 50%;\">Peso morto<\/td>\n<td style=\"width: 50%;\">23016<\/td>\n<\/tr>\n<tr>\n<td style=\"width: 50%;\">Lunghezza<\/td>\n<td style=\"width: 50%;\">211,49 m<\/td>\n<\/tr>\n<tr>\n<td style=\"width: 50%;\">Fascio<\/td>\n<td style=\"width: 50%;\">30,08 m<\/td>\n<\/tr>\n<tr>\n<td style=\"width: 50%;\">Anno di costruzione<\/td>\n<td style=\"width: 50%;\">1970<\/td>\n<\/tr>\n<tr>\n<td style=\"width: 50%;\">Costruttore<\/td>\n<td style=\"width: 50%;\">CANTIERE MHI KOBE E LAVORI DI MACCHINE<\/td>\n<\/tr>\n<tr>\n<td style=\"width: 50%;\">Cortile<\/td>\n<td style=\"width: 50%;\">KOBE<\/td>\n<\/tr>\n<tr>\n<td style=\"width: 50%;\">TUE<\/td>\n<td style=\"width: 50%;\">1258<\/td>\n<\/tr>\n<tr>\n<td style=\"width: 50%;\">Operatore navale<\/td>\n<td style=\"width: 50%;\"><a href=\"https:\/\/ship-tracker.org\/it\/maersk-line\/\">Linea Maersk<\/a><\/td>\n<\/tr>\n<\/tbody>\n<\/table>\n<p>Tutti i dettagli sono a scopo informativo e ship-tracker.org non \u00e8 responsabile per l&#039;accuratezza e l&#039;affidabilit\u00e0 dei valori dei dati.<\/p>","protected":false},"excerpt":{"rendered":"<p>P&amp;O NEDLLOYD TAURANGA (IMO: 7015913) attualmente naviga sotto bandiera di Hong Kong. La nave P&amp;O NEDLLOYD TAURANGA \u00e8 una nave portacontainer costruita nel 1970. La sua lunghezza fuori tutto (LOA) \u00e8 di 211,49 m, la larghezza \u00e8 di 30,08 metri. La capacit\u00e0 di carico della P&amp;O NEDLLOYD TAURANGA \u00e8 di 1258 TEU. Posizione attuale della P&amp;O NEDLLOYD TAURANGA (IMO 7015913) \u2013 Nave portacontainer\u2026&nbsp;<a href=\"https:\/\/ship-tracker.org\/it\/po-nedlloyd-tauranga\/\" rel=\"bookmark\">Per saperne di pi\u00f9 &quot;<span class=\"screen-reader-text\">P&amp;O NEDLLOYD TAURANGA<\/span><\/a><\/p>","protected":false},"author":1,"featured_media":0,"parent":0,"menu_order":0,"comment_status":"closed","ping_status":"closed","template":"","meta":{"neve_meta_sidebar":"","neve_meta_container":"","neve_meta_enable_content_width":"","neve_meta_content_width":0,"neve_meta_title_alignment":"","neve_meta_author_avatar":"","neve_post_elements_order":"","neve_meta_disable_header":"","neve_meta_disable_footer":"","neve_meta_disable_title":"","neve_meta_reading_time":"","footnotes":""},"class_list":["post-3433","page","type-page","status-publish","hentry"],"yoast_head":"<!-- This site is optimized with the Yoast SEO plugin v27.4 - https:\/\/yoast.com\/product\/yoast-seo-wordpress\/ -->\n<title>P&amp;O NEDLLOYD TAURANGA - Container Ship, IMO 7015913<\/title>\n<meta name=\"description\" content=\"Track current location and position of P&amp;O NEDLLOYD TAURANGA Container Ship on Live Map - IMO: 7015913 \u2713 Container Ship Tracking\" \/>\n<meta name=\"robots\" content=\"index, follow, max-snippet:-1, max-image-preview:large, max-video-preview:-1\" \/>\n<link rel=\"canonical\" href=\"https:\/\/ship-tracker.org\/it\/po-nedlloyd-tauranga\/\" \/>\n<meta property=\"og:locale\" content=\"it_IT\" \/>\n<meta property=\"og:type\" content=\"article\" \/>\n<meta property=\"og:title\" content=\"P&amp;O NEDLLOYD TAURANGA - Container Ship, IMO 7015913\" \/>\n<meta property=\"og:description\" content=\"Track current location and position of P&amp;O NEDLLOYD TAURANGA Container Ship on Live Map - IMO: 7015913 \u2713 Container Ship Tracking\" \/>\n<meta property=\"og:url\" content=\"https:\/\/ship-tracker.org\/it\/po-nedlloyd-tauranga\/\" \/>\n<meta property=\"og:site_name\" content=\"Ship-tracker.org\" \/>\n<meta name=\"twitter:card\" content=\"summary_large_image\" \/>\n<meta name=\"twitter:label1\" content=\"Tempo di lettura stimato\" \/>\n\t<meta name=\"twitter:data1\" content=\"1 minuto\" \/>\n<script type=\"application\/ld+json\" class=\"yoast-schema-graph\">{\"@context\":\"https:\\\/\\\/schema.org\",\"@graph\":[{\"@type\":\"WebPage\",\"@id\":\"https:\\\/\\\/ship-tracker.org\\\/po-nedlloyd-tauranga\\\/\",\"url\":\"https:\\\/\\\/ship-tracker.org\\\/po-nedlloyd-tauranga\\\/\",\"name\":\"P&O NEDLLOYD TAURANGA - Container Ship, IMO 7015913\",\"isPartOf\":{\"@id\":\"https:\\\/\\\/ship-tracker.org\\\/#website\"},\"datePublished\":\"2022-02-06T18:01:29+00:00\",\"description\":\"Track current location and position of P&O NEDLLOYD TAURANGA Container Ship on Live Map - IMO: 7015913 \u2713 Container Ship Tracking\",\"breadcrumb\":{\"@id\":\"https:\\\/\\\/ship-tracker.org\\\/po-nedlloyd-tauranga\\\/#breadcrumb\"},\"inLanguage\":\"it-IT\",\"potentialAction\":[{\"@type\":\"ReadAction\",\"target\":[\"https:\\\/\\\/ship-tracker.org\\\/po-nedlloyd-tauranga\\\/\"]}]},{\"@type\":\"BreadcrumbList\",\"@id\":\"https:\\\/\\\/ship-tracker.org\\\/po-nedlloyd-tauranga\\\/#breadcrumb\",\"itemListElement\":[{\"@type\":\"ListItem\",\"position\":1,\"name\":\"Startseite\",\"item\":\"https:\\\/\\\/ship-tracker.org\\\/\"},{\"@type\":\"ListItem\",\"position\":2,\"name\":\"P&#038;O NEDLLOYD TAURANGA\"}]},{\"@type\":\"WebSite\",\"@id\":\"https:\\\/\\\/ship-tracker.org\\\/#website\",\"url\":\"https:\\\/\\\/ship-tracker.org\\\/\",\"name\":\"Ship-tracker.org\",\"description\":\"\",\"potentialAction\":[{\"@type\":\"SearchAction\",\"target\":{\"@type\":\"EntryPoint\",\"urlTemplate\":\"https:\\\/\\\/ship-tracker.org\\\/?s={search_term_string}\"},\"query-input\":{\"@type\":\"PropertyValueSpecification\",\"valueRequired\":true,\"valueName\":\"search_term_string\"}}],\"inLanguage\":\"it-IT\"}]}<\/script>\n<!-- \/ Yoast SEO plugin. -->","yoast_head_json":{"title":"P&amp;O NEDLLOYD TAURANGA - Nave portacontainer, IMO 7015913","description":"Traccia la posizione attuale e la posizione della nave portacontainer P&amp;O NEDLLOYD TAURANGA sulla mappa live - IMO: 7015913 \u2713 Tracciamento della nave portacontainer","robots":{"index":"index","follow":"follow","max-snippet":"max-snippet:-1","max-image-preview":"max-image-preview:large","max-video-preview":"max-video-preview:-1"},"canonical":"https:\/\/ship-tracker.org\/it\/po-nedlloyd-tauranga\/","og_locale":"it_IT","og_type":"article","og_title":"P&O NEDLLOYD TAURANGA - Container Ship, IMO 7015913","og_description":"Track current location and position of P&O NEDLLOYD TAURANGA Container Ship on Live Map - IMO: 7015913 \u2713 Container Ship Tracking","og_url":"https:\/\/ship-tracker.org\/it\/po-nedlloyd-tauranga\/","og_site_name":"Ship-tracker.org","twitter_card":"summary_large_image","twitter_misc":{"Tempo di lettura stimato":"1 minuto"},"schema":{"@context":"https:\/\/schema.org","@graph":[{"@type":"WebPage","@id":"https:\/\/ship-tracker.org\/po-nedlloyd-tauranga\/","url":"https:\/\/ship-tracker.org\/po-nedlloyd-tauranga\/","name":"P&amp;O NEDLLOYD TAURANGA - Nave portacontainer, IMO 7015913","isPartOf":{"@id":"https:\/\/ship-tracker.org\/#website"},"datePublished":"2022-02-06T18:01:29+00:00","description":"Traccia la posizione attuale e la posizione della nave portacontainer P&amp;O NEDLLOYD TAURANGA sulla mappa live - IMO: 7015913 \u2713 Tracciamento della nave portacontainer","breadcrumb":{"@id":"https:\/\/ship-tracker.org\/po-nedlloyd-tauranga\/#breadcrumb"},"inLanguage":"it-IT","potentialAction":[{"@type":"ReadAction","target":["https:\/\/ship-tracker.org\/po-nedlloyd-tauranga\/"]}]},{"@type":"BreadcrumbList","@id":"https:\/\/ship-tracker.org\/po-nedlloyd-tauranga\/#breadcrumb","itemListElement":[{"@type":"ListItem","position":1,"name":"Startseite","item":"https:\/\/ship-tracker.org\/"},{"@type":"ListItem","position":2,"name":"P&#038;O NEDLLOYD TAURANGA"}]},{"@type":"WebSite","@id":"https:\/\/ship-tracker.org\/#website","url":"https:\/\/ship-tracker.org\/","name":"Ship-tracker.org","description":"","potentialAction":[{"@type":"SearchAction","target":{"@type":"EntryPoint","urlTemplate":"https:\/\/ship-tracker.org\/?s={search_term_string}"},"query-input":{"@type":"PropertyValueSpecification","valueRequired":true,"valueName":"search_term_string"}}],"inLanguage":"it-IT"}]}},"_links":{"self":[{"href":"https:\/\/ship-tracker.org\/it\/wp-json\/wp\/v2\/pages\/3433","targetHints":{"allow":["GET"]}}],"collection":[{"href":"https:\/\/ship-tracker.org\/it\/wp-json\/wp\/v2\/pages"}],"about":[{"href":"https:\/\/ship-tracker.org\/it\/wp-json\/wp\/v2\/types\/page"}],"author":[{"embeddable":true,"href":"https:\/\/ship-tracker.org\/it\/wp-json\/wp\/v2\/users\/1"}],"replies":[{"embeddable":true,"href":"https:\/\/ship-tracker.org\/it\/wp-json\/wp\/v2\/comments?post=3433"}],"version-history":[{"count":1,"href":"https:\/\/ship-tracker.org\/it\/wp-json\/wp\/v2\/pages\/3433\/revisions"}],"predecessor-version":[{"id":3434,"href":"https:\/\/ship-tracker.org\/it\/wp-json\/wp\/v2\/pages\/3433\/revisions\/3434"}],"wp:attachment":[{"href":"https:\/\/ship-tracker.org\/it\/wp-json\/wp\/v2\/media?parent=3433"}],"curies":[{"name":"parola chiave","href":"https:\/\/api.w.org\/{rel}","templated":true}]}}