{"id":3416,"date":"2022-02-06T18:24:15","date_gmt":"2022-02-06T17:24:15","guid":{"rendered":"https:\/\/ship-tracker.org\/?page_id=3416"},"modified":"2022-02-06T18:25:13","modified_gmt":"2022-02-06T17:25:13","slug":"seago-istanbul","status":"publish","type":"page","link":"https:\/\/ship-tracker.org\/it\/seago-istanbul\/","title":{"rendered":"MARE ISTANBUL"},"content":{"rendered":"<p><strong>MARE ISTANBUL<\/strong> (IMO: 9313943, MMSI 219116000) attualmente naviga sotto la bandiera di <strong>Danimarca<\/strong>. La nave SEAGO ISTANBUL \u00e8 a <strong>Nave cargo<\/strong> integrato <strong>2007<\/strong>. La sua lunghezza complessiva (LOA) \u00e8 <strong>293.86<\/strong>\u00a0m, il raggio \u00e8 <strong>32.28<\/strong>\u00a0metri.<strong> MARE ISTANBUL<\/strong> la capacit\u00e0 del contenitore \u00e8 <strong>4504<\/strong>\u00a0<strong>TUE<\/strong>.<\/p>\n<h2>Ubicazione e posizione attuale di SEAGO ISTANBUL (IMO 9313943) \u2013 Nave portacontainer<\/h2>\n<p>Dov&#039;\u00e8 attualmente la posizione di SEAGO ISTANBUL?<\/p>\n<p><script type=\"text\/javascript\">\n  var width=\"100%\";var height=\"400\";\n  var mmsi=219116000;\n<\/script><script type=\"text\/javascript\" src=\"https:\/\/www.vesselfinder.com\/aismap.js\"><\/script><\/p>\n<p>Visualizza la posizione attuale di SEAGO ISTANBUL. La posizione di SEAGO ISTANBUL pu\u00f2 essere determinata con precisione dalle mappe di VesselFinder e MarineTraffic. Cos\u00ec sarai sempre ben informato su dove si trova attualmente la tua nave preferita.<\/p>\n<h2>Dettagli della nave per SEAGO ISTANBUL<\/h2>\n<table>\n<tbody>\n<tr>\n<td style=\"width: 50%;\"><strong>Dettagli della nave<\/strong><\/td>\n<td style=\"width: 50%;\"><strong>Valore<\/strong><\/td>\n<\/tr>\n<tr>\n<td style=\"width: 50%;\">Nome del vascello<\/td>\n<td style=\"width: 50%;\">MARE ISTANBUL<\/td>\n<\/tr>\n<tr>\n<td style=\"width: 50%;\">Tipo di nave<\/td>\n<td style=\"width: 50%;\">Nave cargo<\/td>\n<\/tr>\n<tr>\n<td style=\"width: 50%;\">IMO<\/td>\n<td style=\"width: 50%;\">9313943<\/td>\n<\/tr>\n<tr>\n<td style=\"width: 50%;\">MMSI<\/td>\n<td style=\"width: 50%;\">219116000<\/td>\n<\/tr>\n<tr>\n<td style=\"width: 50%;\">Nominativo<\/td>\n<td style=\"width: 50%;\">OXVE2<\/td>\n<\/tr>\n<tr>\n<td style=\"width: 50%;\">Bandiera<\/td>\n<td style=\"width: 50%;\">Danimarca<\/td>\n<\/tr>\n<tr>\n<td style=\"width: 50%;\">Stazza lorda<\/td>\n<td style=\"width: 50%;\">48788<\/td>\n<\/tr>\n<tr>\n<td style=\"width: 50%;\">Peso morto<\/td>\n<td style=\"width: 50%;\">53701<\/td>\n<\/tr>\n<tr>\n<td style=\"width: 50%;\">Lunghezza<\/td>\n<td style=\"width: 50%;\">293,86 m<\/td>\n<\/tr>\n<tr>\n<td style=\"width: 50%;\">Fascio<\/td>\n<td style=\"width: 50%;\">32,28 m<\/td>\n<\/tr>\n<tr>\n<td style=\"width: 50%;\">Anno di costruzione<\/td>\n<td style=\"width: 50%;\">2007<\/td>\n<\/tr>\n<tr>\n<td style=\"width: 50%;\">Costruttore<\/td>\n<td style=\"width: 50%;\">PS WERFTEN STRALSUND<\/td>\n<\/tr>\n<tr>\n<td style=\"width: 50%;\">Cortile<\/td>\n<td style=\"width: 50%;\">STRALSUND<\/td>\n<\/tr>\n<tr>\n<td style=\"width: 50%;\">TUE<\/td>\n<td style=\"width: 50%;\">4504<\/td>\n<\/tr>\n<tr>\n<td style=\"width: 50%;\">Operatore navale<\/td>\n<td style=\"width: 50%;\"><a href=\"https:\/\/ship-tracker.org\/it\/maersk-line\/\">Linea Maersk<\/a><\/td>\n<\/tr>\n<\/tbody>\n<\/table>\n<p>Tutti i dettagli sono a scopo informativo e ship-tracker.org non \u00e8 responsabile per l&#039;accuratezza e l&#039;affidabilit\u00e0 dei valori dei dati.<\/p>","protected":false},"excerpt":{"rendered":"<p>SEAGO ISTANBUL (IMO: 9313943, MMSI 219116000) attualmente batte bandiera danese. La nave SEAGO ISTANBUL \u00e8 una nave portacontainer costruita nel 2007. La sua lunghezza fuori tutto (LOA) \u00e8 di 293,86 m, la larghezza \u00e8 di 32,28 metri. La capacit\u00e0 di carico della SEAGO ISTANBUL \u00e8 di 4504 TEU. Posizione attuale della SEAGO ISTANBUL (IMO 9313943) \u2013 Nave portacontainer Dove si trova\u2026&nbsp;<a href=\"https:\/\/ship-tracker.org\/it\/seago-istanbul\/\" rel=\"bookmark\">Per saperne di pi\u00f9 &quot;<span class=\"screen-reader-text\">MARE ISTANBUL<\/span><\/a><\/p>","protected":false},"author":1,"featured_media":0,"parent":0,"menu_order":0,"comment_status":"closed","ping_status":"closed","template":"","meta":{"neve_meta_sidebar":"","neve_meta_container":"","neve_meta_enable_content_width":"","neve_meta_content_width":0,"neve_meta_title_alignment":"","neve_meta_author_avatar":"","neve_post_elements_order":"","neve_meta_disable_header":"","neve_meta_disable_footer":"","neve_meta_disable_title":"","neve_meta_reading_time":"","footnotes":""},"class_list":["post-3416","page","type-page","status-publish","hentry"],"yoast_head":"<!-- This site is optimized with the Yoast SEO plugin v26.9 - https:\/\/yoast.com\/product\/yoast-seo-wordpress\/ -->\n<title>SEAGO ISTANBUL - Container Ship, IMO 9313943 - Current location<\/title>\n<meta name=\"description\" content=\"Track current location and position of SEAGO ISTANBUL Container Ship on Live Map - IMO: 9313943 \u2713 Container Ship Tracking\" \/>\n<meta name=\"robots\" content=\"index, follow, max-snippet:-1, max-image-preview:large, max-video-preview:-1\" \/>\n<link rel=\"canonical\" href=\"https:\/\/ship-tracker.org\/it\/seago-istanbul\/\" \/>\n<meta property=\"og:locale\" content=\"it_IT\" \/>\n<meta property=\"og:type\" content=\"article\" \/>\n<meta property=\"og:title\" content=\"SEAGO ISTANBUL - Container Ship, IMO 9313943 - Current location\" \/>\n<meta property=\"og:description\" content=\"Track current location and position of SEAGO ISTANBUL Container Ship on Live Map - IMO: 9313943 \u2713 Container Ship Tracking\" \/>\n<meta property=\"og:url\" content=\"https:\/\/ship-tracker.org\/it\/seago-istanbul\/\" \/>\n<meta property=\"og:site_name\" content=\"Ship-tracker.org\" \/>\n<meta property=\"article:modified_time\" content=\"2022-02-06T17:25:13+00:00\" \/>\n<meta name=\"twitter:card\" content=\"summary_large_image\" \/>\n<meta name=\"twitter:label1\" content=\"Tempo di lettura stimato\" \/>\n\t<meta name=\"twitter:data1\" content=\"1 minuto\" \/>\n<script type=\"application\/ld+json\" class=\"yoast-schema-graph\">{\"@context\":\"https:\/\/schema.org\",\"@graph\":[{\"@type\":\"WebPage\",\"@id\":\"https:\/\/ship-tracker.org\/seago-istanbul\/\",\"url\":\"https:\/\/ship-tracker.org\/seago-istanbul\/\",\"name\":\"SEAGO ISTANBUL - Container Ship, IMO 9313943 - Current location\",\"isPartOf\":{\"@id\":\"https:\/\/ship-tracker.org\/#website\"},\"datePublished\":\"2022-02-06T17:24:15+00:00\",\"dateModified\":\"2022-02-06T17:25:13+00:00\",\"description\":\"Track current location and position of SEAGO ISTANBUL Container Ship on Live Map - IMO: 9313943 \u2713 Container Ship Tracking\",\"breadcrumb\":{\"@id\":\"https:\/\/ship-tracker.org\/seago-istanbul\/#breadcrumb\"},\"inLanguage\":\"it-IT\",\"potentialAction\":[{\"@type\":\"ReadAction\",\"target\":[\"https:\/\/ship-tracker.org\/seago-istanbul\/\"]}]},{\"@type\":\"BreadcrumbList\",\"@id\":\"https:\/\/ship-tracker.org\/seago-istanbul\/#breadcrumb\",\"itemListElement\":[{\"@type\":\"ListItem\",\"position\":1,\"name\":\"Startseite\",\"item\":\"https:\/\/ship-tracker.org\/\"},{\"@type\":\"ListItem\",\"position\":2,\"name\":\"SEAGO ISTANBUL\"}]},{\"@type\":\"WebSite\",\"@id\":\"https:\/\/ship-tracker.org\/#website\",\"url\":\"https:\/\/ship-tracker.org\/\",\"name\":\"Ship-tracker.org\",\"description\":\"\",\"potentialAction\":[{\"@type\":\"SearchAction\",\"target\":{\"@type\":\"EntryPoint\",\"urlTemplate\":\"https:\/\/ship-tracker.org\/?s={search_term_string}\"},\"query-input\":{\"@type\":\"PropertyValueSpecification\",\"valueRequired\":true,\"valueName\":\"search_term_string\"}}],\"inLanguage\":\"it-IT\"}]}<\/script>\n<!-- \/ Yoast SEO plugin. -->","yoast_head_json":{"title":"SEAGO ISTANBUL - Nave portacontainer, IMO 9313943 - Posizione attuale","description":"Tieni traccia della posizione attuale e della posizione della nave portacontainer SEAGO ISTANBUL sulla mappa in tempo reale - IMO: 9313943 \u2713 Monitoraggio della nave portacontainer","robots":{"index":"index","follow":"follow","max-snippet":"max-snippet:-1","max-image-preview":"max-image-preview:large","max-video-preview":"max-video-preview:-1"},"canonical":"https:\/\/ship-tracker.org\/it\/seago-istanbul\/","og_locale":"it_IT","og_type":"article","og_title":"SEAGO ISTANBUL - Container Ship, IMO 9313943 - Current location","og_description":"Track current location and position of SEAGO ISTANBUL Container Ship on Live Map - IMO: 9313943 \u2713 Container Ship Tracking","og_url":"https:\/\/ship-tracker.org\/it\/seago-istanbul\/","og_site_name":"Ship-tracker.org","article_modified_time":"2022-02-06T17:25:13+00:00","twitter_card":"summary_large_image","twitter_misc":{"Tempo di lettura stimato":"1 minuto"},"schema":{"@context":"https:\/\/schema.org","@graph":[{"@type":"WebPage","@id":"https:\/\/ship-tracker.org\/seago-istanbul\/","url":"https:\/\/ship-tracker.org\/seago-istanbul\/","name":"SEAGO ISTANBUL - Nave portacontainer, IMO 9313943 - Posizione attuale","isPartOf":{"@id":"https:\/\/ship-tracker.org\/#website"},"datePublished":"2022-02-06T17:24:15+00:00","dateModified":"2022-02-06T17:25:13+00:00","description":"Tieni traccia della posizione attuale e della posizione della nave portacontainer SEAGO ISTANBUL sulla mappa in tempo reale - IMO: 9313943 \u2713 Monitoraggio della nave portacontainer","breadcrumb":{"@id":"https:\/\/ship-tracker.org\/seago-istanbul\/#breadcrumb"},"inLanguage":"it-IT","potentialAction":[{"@type":"ReadAction","target":["https:\/\/ship-tracker.org\/seago-istanbul\/"]}]},{"@type":"BreadcrumbList","@id":"https:\/\/ship-tracker.org\/seago-istanbul\/#breadcrumb","itemListElement":[{"@type":"ListItem","position":1,"name":"Startseite","item":"https:\/\/ship-tracker.org\/"},{"@type":"ListItem","position":2,"name":"SEAGO ISTANBUL"}]},{"@type":"WebSite","@id":"https:\/\/ship-tracker.org\/#website","url":"https:\/\/ship-tracker.org\/","name":"Ship-tracker.org","description":"","potentialAction":[{"@type":"SearchAction","target":{"@type":"EntryPoint","urlTemplate":"https:\/\/ship-tracker.org\/?s={search_term_string}"},"query-input":{"@type":"PropertyValueSpecification","valueRequired":true,"valueName":"search_term_string"}}],"inLanguage":"it-IT"}]}},"_links":{"self":[{"href":"https:\/\/ship-tracker.org\/it\/wp-json\/wp\/v2\/pages\/3416","targetHints":{"allow":["GET"]}}],"collection":[{"href":"https:\/\/ship-tracker.org\/it\/wp-json\/wp\/v2\/pages"}],"about":[{"href":"https:\/\/ship-tracker.org\/it\/wp-json\/wp\/v2\/types\/page"}],"author":[{"embeddable":true,"href":"https:\/\/ship-tracker.org\/it\/wp-json\/wp\/v2\/users\/1"}],"replies":[{"embeddable":true,"href":"https:\/\/ship-tracker.org\/it\/wp-json\/wp\/v2\/comments?post=3416"}],"version-history":[{"count":3,"href":"https:\/\/ship-tracker.org\/it\/wp-json\/wp\/v2\/pages\/3416\/revisions"}],"predecessor-version":[{"id":3421,"href":"https:\/\/ship-tracker.org\/it\/wp-json\/wp\/v2\/pages\/3416\/revisions\/3421"}],"wp:attachment":[{"href":"https:\/\/ship-tracker.org\/it\/wp-json\/wp\/v2\/media?parent=3416"}],"curies":[{"name":"parola chiave","href":"https:\/\/api.w.org\/{rel}","templated":true}]}}