{"id":3400,"date":"2022-02-06T13:07:07","date_gmt":"2022-02-06T12:07:07","guid":{"rendered":"https:\/\/ship-tracker.org\/?page_id=3400"},"modified":"2023-06-20T16:13:31","modified_gmt":"2023-06-20T14:13:31","slug":"mumbai-maersk","status":"publish","type":"page","link":"https:\/\/ship-tracker.org\/it\/mumbai-maersk\/","title":{"rendered":"MAERSK DI MUMBAI"},"content":{"rendered":"<p><strong>MAERSK DI MUMBAI<\/strong> (IMO: 9780471, MMSI 219039000) attualmente naviga sotto la bandiera di <strong>Danimarca<\/strong>. La nave MUMBAI MAERSK \u00e8 a <strong>Nave cargo<\/strong> costruito nel 2018. La sua lunghezza fuori tutto (LOA) \u00e8 <strong>399<\/strong> m, il raggio \u00e8 <strong>58.6<\/strong> metri. La capacit\u00e0 del contenitore MUMBAI MAERSK \u00e8 <strong>19630 TUE<\/strong>.<\/p>\n<h2>Localizzazione e posizione attuale di MUMBAI MAERSK (IMO 9780471) - Nave portacontainer<\/h2>\n<p>Dov&#039;\u00e8 attualmente la posizione di MUMBAI MAERSK?<\/p>\n<p><script type=\"text\/javascript\">\n  var width=\"100%\";var height=\"400\";\n  var mmsi=219039000;\n<\/script><script type=\"text\/javascript\" src=\"https:\/\/www.vesselfinder.com\/aismap.js\"><\/script><\/p>\n<p>Visualizza la posizione attuale di MUMBAI MAERSK. La posizione di MUMBAI MAERSK pu\u00f2 essere determinata con precisione dalle mappe di VesselFinder e MarineTraffic. Cos\u00ec sarai sempre ben informato su dove si trova attualmente la tua nave preferita.<\/p>\n<h2>Dettagli della nave per MUMBAI MAERSK<\/h2>\n<table>\n<tbody>\n<tr>\n<td style=\"width: 50%;\"><strong>Dettagli della nave<\/strong><\/td>\n<td style=\"width: 50%;\"><strong>Valore<\/strong><\/td>\n<\/tr>\n<tr>\n<td style=\"width: 50%;\">Nome del vascello<\/td>\n<td style=\"width: 50%;\">MAERSK DI MUMBAI<\/td>\n<\/tr>\n<tr>\n<td style=\"width: 50%;\">Tipo di nave<\/td>\n<td style=\"width: 50%;\">Nave cargo<\/td>\n<\/tr>\n<tr>\n<td style=\"width: 50%;\">IMO<\/td>\n<td style=\"width: 50%;\">9780471<\/td>\n<\/tr>\n<tr>\n<td style=\"width: 50%;\">MMSI<\/td>\n<td style=\"width: 50%;\">219039000<\/td>\n<\/tr>\n<tr>\n<td style=\"width: 50%;\">Nominativo<\/td>\n<td style=\"width: 50%;\">PROPRIOQ2<\/td>\n<\/tr>\n<tr>\n<td style=\"width: 50%;\">Bandiera<\/td>\n<td style=\"width: 50%;\">Danimarca<\/td>\n<\/tr>\n<tr>\n<td style=\"width: 50%;\">Stazza lorda<\/td>\n<td style=\"width: 50%;\">214286<\/td>\n<\/tr>\n<tr>\n<td style=\"width: 50%;\">Peso morto<\/td>\n<td style=\"width: 50%;\">190326<\/td>\n<\/tr>\n<tr>\n<td style=\"width: 50%;\">Lunghezza<\/td>\n<td style=\"width: 50%;\">399 mt<\/td>\n<\/tr>\n<tr>\n<td style=\"width: 50%;\">Fascio<\/td>\n<td style=\"width: 50%;\">58,6 milioni<\/td>\n<\/tr>\n<tr>\n<td style=\"width: 50%;\">Anno di costruzione<\/td>\n<td style=\"width: 50%;\">2018<\/td>\n<\/tr>\n<tr>\n<td style=\"width: 50%;\">Costruttore<\/td>\n<td style=\"width: 50%;\">DAEWOO SB &amp; ME CO<\/td>\n<\/tr>\n<tr>\n<td style=\"width: 50%;\">Cortile<\/td>\n<td style=\"width: 50%;\">Okpo<\/td>\n<\/tr>\n<tr>\n<td style=\"width: 50%;\">TUE<\/td>\n<td style=\"width: 50%;\">19630<\/td>\n<\/tr>\n<tr>\n<td style=\"width: 50%;\">Operatore navale<\/td>\n<td style=\"width: 50%;\"><a href=\"https:\/\/ship-tracker.org\/it\/maersk-line\/\">Linea Maersk<\/a><\/td>\n<\/tr>\n<\/tbody>\n<\/table>\n<p>Tutti i dettagli sono a scopo informativo e ship-tracker.org non \u00e8 responsabile per l&#039;accuratezza e l&#039;affidabilit\u00e0 dei valori dei dati.<\/p>","protected":false},"excerpt":{"rendered":"<p>La MUMBAI MAERSK (IMO: 9780471, MMSI 219039000) attualmente naviga sotto bandiera danese. La nave MUMBAI MAERSK \u00e8 una nave portacontainer costruita nel 2018. La sua lunghezza fuori tutto (LOA) \u00e8 di 399 m, la larghezza \u00e8 di 58,6 metri. La capacit\u00e0 di carico della MUMBAI MAERSK \u00e8 di 19.630 TEU. Posizione attuale della MUMBAI MAERSK (IMO 9780471) \u2013 Nave portacontainer Dove\u2026&nbsp;<a href=\"https:\/\/ship-tracker.org\/it\/mumbai-maersk\/\" rel=\"bookmark\">Per saperne di pi\u00f9 &quot;<span class=\"screen-reader-text\">MAERSK DI MUMBAI<\/span><\/a><\/p>","protected":false},"author":1,"featured_media":3637,"parent":0,"menu_order":0,"comment_status":"closed","ping_status":"closed","template":"","meta":{"neve_meta_sidebar":"","neve_meta_container":"","neve_meta_enable_content_width":"off","neve_meta_content_width":100,"neve_meta_title_alignment":"","neve_meta_author_avatar":"","neve_post_elements_order":"","neve_meta_disable_header":"","neve_meta_disable_footer":"","neve_meta_disable_title":"","neve_meta_reading_time":"","footnotes":""},"class_list":["post-3400","page","type-page","status-publish","has-post-thumbnail","hentry"],"yoast_head":"<!-- This site is optimized with the Yoast SEO plugin v27.4 - https:\/\/yoast.com\/product\/yoast-seo-wordpress\/ -->\n<title>MUMBAI MAERSK - Container Ship, IMO 9780471 - Current location<\/title>\n<meta name=\"description\" content=\"Track current location and position of MUMBAI MAERSK Container Ship on Live Map - IMO: 9780471 \u2713 Container Ship Tracking\" \/>\n<meta name=\"robots\" content=\"index, follow, max-snippet:-1, max-image-preview:large, max-video-preview:-1\" \/>\n<link rel=\"canonical\" href=\"https:\/\/ship-tracker.org\/it\/mumbai-maersk\/\" \/>\n<meta property=\"og:locale\" content=\"it_IT\" \/>\n<meta property=\"og:type\" content=\"article\" \/>\n<meta property=\"og:title\" content=\"MUMBAI MAERSK - Container Ship, IMO 9780471 - Current location\" \/>\n<meta property=\"og:description\" content=\"Track current location and position of MUMBAI MAERSK Container Ship on Live Map - IMO: 9780471 \u2713 Container Ship Tracking\" \/>\n<meta property=\"og:url\" content=\"https:\/\/ship-tracker.org\/it\/mumbai-maersk\/\" \/>\n<meta property=\"og:site_name\" content=\"Ship-tracker.org\" \/>\n<meta property=\"article:modified_time\" content=\"2023-06-20T14:13:31+00:00\" \/>\n<meta property=\"og:image\" content=\"https:\/\/ship-tracker.org\/wp-content\/uploads\/2023\/06\/maersk-tanjong-g275700498_640.jpg\" \/>\n\t<meta property=\"og:image:width\" content=\"640\" \/>\n\t<meta property=\"og:image:height\" content=\"446\" \/>\n\t<meta property=\"og:image:type\" content=\"image\/jpeg\" \/>\n<meta name=\"twitter:card\" content=\"summary_large_image\" \/>\n<meta name=\"twitter:label1\" content=\"Tempo di lettura stimato\" \/>\n\t<meta name=\"twitter:data1\" content=\"1 minuto\" \/>\n<script type=\"application\/ld+json\" class=\"yoast-schema-graph\">{\"@context\":\"https:\\\/\\\/schema.org\",\"@graph\":[{\"@type\":\"WebPage\",\"@id\":\"https:\\\/\\\/ship-tracker.org\\\/mumbai-maersk\\\/\",\"url\":\"https:\\\/\\\/ship-tracker.org\\\/mumbai-maersk\\\/\",\"name\":\"MUMBAI MAERSK - Container Ship, IMO 9780471 - Current location\",\"isPartOf\":{\"@id\":\"https:\\\/\\\/ship-tracker.org\\\/#website\"},\"primaryImageOfPage\":{\"@id\":\"https:\\\/\\\/ship-tracker.org\\\/mumbai-maersk\\\/#primaryimage\"},\"image\":{\"@id\":\"https:\\\/\\\/ship-tracker.org\\\/mumbai-maersk\\\/#primaryimage\"},\"thumbnailUrl\":\"https:\\\/\\\/ship-tracker.org\\\/wp-content\\\/uploads\\\/2023\\\/06\\\/maersk-tanjong-g275700498_640.jpg\",\"datePublished\":\"2022-02-06T12:07:07+00:00\",\"dateModified\":\"2023-06-20T14:13:31+00:00\",\"description\":\"Track current location and position of MUMBAI MAERSK Container Ship on Live Map - IMO: 9780471 \u2713 Container Ship Tracking\",\"breadcrumb\":{\"@id\":\"https:\\\/\\\/ship-tracker.org\\\/mumbai-maersk\\\/#breadcrumb\"},\"inLanguage\":\"it-IT\",\"potentialAction\":[{\"@type\":\"ReadAction\",\"target\":[\"https:\\\/\\\/ship-tracker.org\\\/mumbai-maersk\\\/\"]}]},{\"@type\":\"ImageObject\",\"inLanguage\":\"it-IT\",\"@id\":\"https:\\\/\\\/ship-tracker.org\\\/mumbai-maersk\\\/#primaryimage\",\"url\":\"https:\\\/\\\/ship-tracker.org\\\/wp-content\\\/uploads\\\/2023\\\/06\\\/maersk-tanjong-g275700498_640.jpg\",\"contentUrl\":\"https:\\\/\\\/ship-tracker.org\\\/wp-content\\\/uploads\\\/2023\\\/06\\\/maersk-tanjong-g275700498_640.jpg\",\"width\":640,\"height\":446,\"caption\":\"MAERSK ABERDEEN\"},{\"@type\":\"BreadcrumbList\",\"@id\":\"https:\\\/\\\/ship-tracker.org\\\/mumbai-maersk\\\/#breadcrumb\",\"itemListElement\":[{\"@type\":\"ListItem\",\"position\":1,\"name\":\"Startseite\",\"item\":\"https:\\\/\\\/ship-tracker.org\\\/\"},{\"@type\":\"ListItem\",\"position\":2,\"name\":\"MUMBAI MAERSK\"}]},{\"@type\":\"WebSite\",\"@id\":\"https:\\\/\\\/ship-tracker.org\\\/#website\",\"url\":\"https:\\\/\\\/ship-tracker.org\\\/\",\"name\":\"Ship-tracker.org\",\"description\":\"\",\"potentialAction\":[{\"@type\":\"SearchAction\",\"target\":{\"@type\":\"EntryPoint\",\"urlTemplate\":\"https:\\\/\\\/ship-tracker.org\\\/?s={search_term_string}\"},\"query-input\":{\"@type\":\"PropertyValueSpecification\",\"valueRequired\":true,\"valueName\":\"search_term_string\"}}],\"inLanguage\":\"it-IT\"}]}<\/script>\n<!-- \/ Yoast SEO plugin. -->","yoast_head_json":{"title":"MUMBAI MAERSK - Nave portacontainer, IMO 9780471 - Posizione attuale","description":"Tieni traccia della posizione attuale e della posizione della nave portacontainer MUMBAI MAERSK sulla mappa in tempo reale - IMO: 9780471 \u2713 Monitoraggio della nave portacontainer","robots":{"index":"index","follow":"follow","max-snippet":"max-snippet:-1","max-image-preview":"max-image-preview:large","max-video-preview":"max-video-preview:-1"},"canonical":"https:\/\/ship-tracker.org\/it\/mumbai-maersk\/","og_locale":"it_IT","og_type":"article","og_title":"MUMBAI MAERSK - Container Ship, IMO 9780471 - Current location","og_description":"Track current location and position of MUMBAI MAERSK Container Ship on Live Map - IMO: 9780471 \u2713 Container Ship Tracking","og_url":"https:\/\/ship-tracker.org\/it\/mumbai-maersk\/","og_site_name":"Ship-tracker.org","article_modified_time":"2023-06-20T14:13:31+00:00","og_image":[{"width":640,"height":446,"url":"https:\/\/ship-tracker.org\/wp-content\/uploads\/2023\/06\/maersk-tanjong-g275700498_640.jpg","type":"image\/jpeg"}],"twitter_card":"summary_large_image","twitter_misc":{"Tempo di lettura stimato":"1 minuto"},"schema":{"@context":"https:\/\/schema.org","@graph":[{"@type":"WebPage","@id":"https:\/\/ship-tracker.org\/mumbai-maersk\/","url":"https:\/\/ship-tracker.org\/mumbai-maersk\/","name":"MUMBAI MAERSK - Nave portacontainer, IMO 9780471 - Posizione attuale","isPartOf":{"@id":"https:\/\/ship-tracker.org\/#website"},"primaryImageOfPage":{"@id":"https:\/\/ship-tracker.org\/mumbai-maersk\/#primaryimage"},"image":{"@id":"https:\/\/ship-tracker.org\/mumbai-maersk\/#primaryimage"},"thumbnailUrl":"https:\/\/ship-tracker.org\/wp-content\/uploads\/2023\/06\/maersk-tanjong-g275700498_640.jpg","datePublished":"2022-02-06T12:07:07+00:00","dateModified":"2023-06-20T14:13:31+00:00","description":"Tieni traccia della posizione attuale e della posizione della nave portacontainer MUMBAI MAERSK sulla mappa in tempo reale - IMO: 9780471 \u2713 Monitoraggio della nave portacontainer","breadcrumb":{"@id":"https:\/\/ship-tracker.org\/mumbai-maersk\/#breadcrumb"},"inLanguage":"it-IT","potentialAction":[{"@type":"ReadAction","target":["https:\/\/ship-tracker.org\/mumbai-maersk\/"]}]},{"@type":"ImageObject","inLanguage":"it-IT","@id":"https:\/\/ship-tracker.org\/mumbai-maersk\/#primaryimage","url":"https:\/\/ship-tracker.org\/wp-content\/uploads\/2023\/06\/maersk-tanjong-g275700498_640.jpg","contentUrl":"https:\/\/ship-tracker.org\/wp-content\/uploads\/2023\/06\/maersk-tanjong-g275700498_640.jpg","width":640,"height":446,"caption":"MAERSK ABERDEEN"},{"@type":"BreadcrumbList","@id":"https:\/\/ship-tracker.org\/mumbai-maersk\/#breadcrumb","itemListElement":[{"@type":"ListItem","position":1,"name":"Startseite","item":"https:\/\/ship-tracker.org\/"},{"@type":"ListItem","position":2,"name":"MUMBAI MAERSK"}]},{"@type":"WebSite","@id":"https:\/\/ship-tracker.org\/#website","url":"https:\/\/ship-tracker.org\/","name":"Ship-tracker.org","description":"","potentialAction":[{"@type":"SearchAction","target":{"@type":"EntryPoint","urlTemplate":"https:\/\/ship-tracker.org\/?s={search_term_string}"},"query-input":{"@type":"PropertyValueSpecification","valueRequired":true,"valueName":"search_term_string"}}],"inLanguage":"it-IT"}]}},"_links":{"self":[{"href":"https:\/\/ship-tracker.org\/it\/wp-json\/wp\/v2\/pages\/3400","targetHints":{"allow":["GET"]}}],"collection":[{"href":"https:\/\/ship-tracker.org\/it\/wp-json\/wp\/v2\/pages"}],"about":[{"href":"https:\/\/ship-tracker.org\/it\/wp-json\/wp\/v2\/types\/page"}],"author":[{"embeddable":true,"href":"https:\/\/ship-tracker.org\/it\/wp-json\/wp\/v2\/users\/1"}],"replies":[{"embeddable":true,"href":"https:\/\/ship-tracker.org\/it\/wp-json\/wp\/v2\/comments?post=3400"}],"version-history":[{"count":10,"href":"https:\/\/ship-tracker.org\/it\/wp-json\/wp\/v2\/pages\/3400\/revisions"}],"predecessor-version":[{"id":3423,"href":"https:\/\/ship-tracker.org\/it\/wp-json\/wp\/v2\/pages\/3400\/revisions\/3423"}],"wp:featuredmedia":[{"embeddable":true,"href":"https:\/\/ship-tracker.org\/it\/wp-json\/wp\/v2\/media\/3637"}],"wp:attachment":[{"href":"https:\/\/ship-tracker.org\/it\/wp-json\/wp\/v2\/media?parent=3400"}],"curies":[{"name":"parola chiave","href":"https:\/\/api.w.org\/{rel}","templated":true}]}}