{"id":2606,"date":"2020-05-09T14:06:50","date_gmt":"2020-05-09T12:06:50","guid":{"rendered":"https:\/\/ship-tracker.org\/?page_id=2606"},"modified":"2022-11-01T13:55:44","modified_gmt":"2022-11-01T12:55:44","slug":"hapag-lloyd-cruises","status":"publish","type":"page","link":"https:\/\/ship-tracker.org\/it\/hapag-lloyd-cruises\/","title":{"rendered":"Hapag-Lloyd Cruises"},"content":{"rendered":"<h2>Navi di localizzazione della flotta di Hapag-Lloyd Cruises, numeri IMO, MMSI, webcam<\/h2>\n<p>Dove si trova attualmente la posizione della flotta Hapag-Lloyd Cruises?<\/p>\n<table style=\"border-collapse: collapse; width: 100%; height: 168px;\">\n<tbody>\n<tr style=\"height: 24px;\">\n<td style=\"width: 457px; height: 24px;\"><span style=\"color: #1f405b;\"><strong>Nave<\/strong><\/span><\/td>\n<td style=\"width: 456px; height: 24px;\"><span style=\"color: #1f405b;\"><strong>IMO<\/strong><\/span><\/td>\n<td style=\"width: 456px; height: 24px;\"><span style=\"color: #1f405b;\"><strong>MMSI<\/strong><\/span><\/td>\n<\/tr>\n<tr style=\"height: 24px;\">\n<td style=\"width: 457px; height: 24px;\"><a href=\"https:\/\/ship-tracker.org\/it\/hanseatic-spirit\/\">Hanseatic Spirit<\/a><\/td>\n<td style=\"width: 456px; height: 24px;\">9857640<\/td>\n<td style=\"width: 456px; height: 24px;\">215973000<\/td>\n<\/tr>\n<tr style=\"height: 24px;\">\n<td style=\"width: 457px; height: 24px;\"><a href=\"https:\/\/ship-tracker.org\/it\/hanseatic-inspiration\/\">Hanseatic Inspiration<\/a><\/td>\n<td style=\"width: 456px; height: 24px;\">9817145<\/td>\n<td style=\"width: 456px; height: 24px;\">311000910<\/td>\n<\/tr>\n<tr style=\"height: 24px;\">\n<td style=\"width: 457px; height: 24px;\"><a href=\"https:\/\/ship-tracker.org\/it\/hanseatic-nature\/\">Hanseatic Nature<\/a><\/td>\n<td style=\"width: 456px; height: 24px;\">9817133<\/td>\n<td style=\"width: 456px; height: 24px;\">311000865<\/td>\n<\/tr>\n<tr style=\"height: 24px;\">\n<td style=\"width: 457px; height: 24px;\"><a href=\"https:\/\/ship-tracker.org\/it\/ms-europa\/\">MS Europa\u00a0<\/a><\/td>\n<td style=\"width: 456px; height: 24px;\">9183855<\/td>\n<td style=\"width: 456px; height: 24px;\">308007000<\/td>\n<\/tr>\n<tr style=\"height: 24px;\">\n<td style=\"width: 457px; height: 24px;\"><a href=\"https:\/\/ship-tracker.org\/it\/ms-europa-2\/\">MS Europa 2<\/a><\/td>\n<td style=\"width: 456px; height: 24px;\">9616230<\/td>\n<td style=\"width: 456px; height: 24px;\">229378000<\/td>\n<\/tr>\n<\/tbody>\n<\/table>\n<h2>Informazioni su Hapag-Lloyd Cruises<\/h2>\n<p>Hapag Lloyd Cruises non offre navi per il mercato di massa ma \u00e8 specializzato in crociere di lusso e di spedizione. La compagnia di navigazione si concentra ancora sul mercato tedesco, nonostante l&#039;aumento dei passeggeri stranieri. La flotta di Hapag Lloyd \u00e8 attualmente composta da quattro navi da crociera. Nel 2019 verranno messe in servizio altre due navi da spedizione. Ciascuna delle navi della flotta offre relativamente pochi posti per i passeggeri, il che ha il vantaggio che al singolo passeggero viene offerto di pi\u00f9 durante le crociere di spedizione.<\/p>\n<p>La flotta da crociera di Hapag Lloyd \u00e8 composta da quattro navi e sar\u00e0 ampliata a sei navi nel 2019, poich\u00e9 in questi due anni verranno commissionate due nuove costruzioni nel segmento delle spedizioni di lusso. In generale, le navi offrono spazio per pochi passeggeri e sono progettate anche per spedizioni piuttosto che per il mercato di massa. Le singole navi della flotta hanno tutte una classe di ghiaccio molto elevata, in modo da poter raggiungere anche destinazioni come l&#039;Artico o l&#039;Antartide.<\/p>","protected":false},"excerpt":{"rendered":"<p>Posizione della flotta Hapag-Lloyd Cruises Navi, numeri IMO, MMSI, webcam Dov&#039;\u00e8 attualmente la posizione della flotta Hapag-Lloyd Cruises? Nave IMO MMSI Hanseatic Spirit 9857640 215973000 Hanseatic Inspiration 9817145 311000910 Hanseatic Nature 9817133 311000865 MS Europa 9183855 308007000 MS Europa 2 9616230 229378000 Informazioni su Hapag-Lloyd Crociere Hapag Lloyd Cruises non offre navi per il...&nbsp;<a href=\"https:\/\/ship-tracker.org\/it\/hapag-lloyd-cruises\/\" rel=\"bookmark\">Per saperne di pi\u00f9 &quot;<span class=\"screen-reader-text\">Hapag-Lloyd Cruises<\/span><\/a><\/p>","protected":false},"author":1,"featured_media":2607,"parent":0,"menu_order":0,"comment_status":"closed","ping_status":"closed","template":"","meta":{"neve_meta_sidebar":"","neve_meta_container":"","neve_meta_enable_content_width":"","neve_meta_content_width":0,"neve_meta_title_alignment":"","neve_meta_author_avatar":"","neve_post_elements_order":"","neve_meta_disable_header":"","neve_meta_disable_footer":"","neve_meta_disable_title":"","neve_meta_reading_time":"","footnotes":""},"class_list":["post-2606","page","type-page","status-publish","has-post-thumbnail","hentry"],"yoast_head":"<!-- This site is optimized with the Yoast SEO plugin v27.4 - https:\/\/yoast.com\/product\/yoast-seo-wordpress\/ -->\n<title>Track Hapag-Lloyd Cruises Fleet | Cruise Ships | Marine Vessel<\/title>\n<meta name=\"description\" content=\"Hapag-Lloyd Cruises Fleet Location | Current Positions of Hapag-Lloyd Cruises Ships, IMO numbers, MMSI, Webcam | Live Fleet Maps\" \/>\n<meta name=\"robots\" content=\"index, follow, max-snippet:-1, max-image-preview:large, max-video-preview:-1\" \/>\n<link rel=\"canonical\" href=\"https:\/\/ship-tracker.org\/it\/hapag-lloyd-cruises\/\" \/>\n<meta property=\"og:locale\" content=\"it_IT\" \/>\n<meta property=\"og:type\" content=\"article\" \/>\n<meta property=\"og:title\" content=\"Track Hapag-Lloyd Cruises Fleet | Cruise Ships | Marine Vessel\" \/>\n<meta property=\"og:description\" content=\"Hapag-Lloyd Cruises Fleet Location | Current Positions of Hapag-Lloyd Cruises Ships, IMO numbers, MMSI, Webcam | Live Fleet Maps\" \/>\n<meta property=\"og:url\" content=\"https:\/\/ship-tracker.org\/it\/hapag-lloyd-cruises\/\" \/>\n<meta property=\"og:site_name\" content=\"Ship-tracker.org\" \/>\n<meta property=\"article:modified_time\" content=\"2022-11-01T12:55:44+00:00\" \/>\n<meta property=\"og:image\" content=\"https:\/\/ship-tracker.org\/wp-content\/uploads\/2020\/05\/HL_Logo3.svg.png\" \/>\n\t<meta property=\"og:image:width\" content=\"1200\" \/>\n\t<meta property=\"og:image:height\" content=\"785\" \/>\n\t<meta property=\"og:image:type\" content=\"image\/png\" \/>\n<meta name=\"twitter:card\" content=\"summary_large_image\" \/>\n<meta name=\"twitter:label1\" content=\"Tempo di lettura stimato\" \/>\n\t<meta name=\"twitter:data1\" content=\"1 minuto\" \/>\n<script type=\"application\/ld+json\" class=\"yoast-schema-graph\">{\"@context\":\"https:\\\/\\\/schema.org\",\"@graph\":[{\"@type\":\"WebPage\",\"@id\":\"https:\\\/\\\/ship-tracker.org\\\/hapag-lloyd-cruises\\\/\",\"url\":\"https:\\\/\\\/ship-tracker.org\\\/hapag-lloyd-cruises\\\/\",\"name\":\"Track Hapag-Lloyd Cruises Fleet | Cruise Ships | Marine Vessel\",\"isPartOf\":{\"@id\":\"https:\\\/\\\/ship-tracker.org\\\/#website\"},\"primaryImageOfPage\":{\"@id\":\"https:\\\/\\\/ship-tracker.org\\\/hapag-lloyd-cruises\\\/#primaryimage\"},\"image\":{\"@id\":\"https:\\\/\\\/ship-tracker.org\\\/hapag-lloyd-cruises\\\/#primaryimage\"},\"thumbnailUrl\":\"https:\\\/\\\/ship-tracker.org\\\/wp-content\\\/uploads\\\/2020\\\/05\\\/HL_Logo3.svg.png\",\"datePublished\":\"2020-05-09T12:06:50+00:00\",\"dateModified\":\"2022-11-01T12:55:44+00:00\",\"description\":\"Hapag-Lloyd Cruises Fleet Location | Current Positions of Hapag-Lloyd Cruises Ships, IMO numbers, MMSI, Webcam | Live Fleet Maps\",\"breadcrumb\":{\"@id\":\"https:\\\/\\\/ship-tracker.org\\\/hapag-lloyd-cruises\\\/#breadcrumb\"},\"inLanguage\":\"it-IT\",\"potentialAction\":[{\"@type\":\"ReadAction\",\"target\":[\"https:\\\/\\\/ship-tracker.org\\\/hapag-lloyd-cruises\\\/\"]}]},{\"@type\":\"ImageObject\",\"inLanguage\":\"it-IT\",\"@id\":\"https:\\\/\\\/ship-tracker.org\\\/hapag-lloyd-cruises\\\/#primaryimage\",\"url\":\"https:\\\/\\\/ship-tracker.org\\\/wp-content\\\/uploads\\\/2020\\\/05\\\/HL_Logo3.svg.png\",\"contentUrl\":\"https:\\\/\\\/ship-tracker.org\\\/wp-content\\\/uploads\\\/2020\\\/05\\\/HL_Logo3.svg.png\",\"width\":1200,\"height\":785,\"caption\":\"Hapag-Lloyd Cruises\"},{\"@type\":\"BreadcrumbList\",\"@id\":\"https:\\\/\\\/ship-tracker.org\\\/hapag-lloyd-cruises\\\/#breadcrumb\",\"itemListElement\":[{\"@type\":\"ListItem\",\"position\":1,\"name\":\"Startseite\",\"item\":\"https:\\\/\\\/ship-tracker.org\\\/\"},{\"@type\":\"ListItem\",\"position\":2,\"name\":\"Hapag-Lloyd Cruises\"}]},{\"@type\":\"WebSite\",\"@id\":\"https:\\\/\\\/ship-tracker.org\\\/#website\",\"url\":\"https:\\\/\\\/ship-tracker.org\\\/\",\"name\":\"Ship-tracker.org\",\"description\":\"\",\"potentialAction\":[{\"@type\":\"SearchAction\",\"target\":{\"@type\":\"EntryPoint\",\"urlTemplate\":\"https:\\\/\\\/ship-tracker.org\\\/?s={search_term_string}\"},\"query-input\":{\"@type\":\"PropertyValueSpecification\",\"valueRequired\":true,\"valueName\":\"search_term_string\"}}],\"inLanguage\":\"it-IT\"}]}<\/script>\n<!-- \/ Yoast SEO plugin. -->","yoast_head_json":{"title":"Traccia la flotta di Hapag-Lloyd Cruises | Navi da crociera | Marine Vessel","description":"Posizione della flotta Hapag-Lloyd Cruises | Posizioni attuali delle navi Hapag-Lloyd Cruises, numeri IMO, MMSI, webcam | Mappe della flotta in tempo reale","robots":{"index":"index","follow":"follow","max-snippet":"max-snippet:-1","max-image-preview":"max-image-preview:large","max-video-preview":"max-video-preview:-1"},"canonical":"https:\/\/ship-tracker.org\/it\/hapag-lloyd-cruises\/","og_locale":"it_IT","og_type":"article","og_title":"Track Hapag-Lloyd Cruises Fleet | Cruise Ships | Marine Vessel","og_description":"Hapag-Lloyd Cruises Fleet Location | Current Positions of Hapag-Lloyd Cruises Ships, IMO numbers, MMSI, Webcam | Live Fleet Maps","og_url":"https:\/\/ship-tracker.org\/it\/hapag-lloyd-cruises\/","og_site_name":"Ship-tracker.org","article_modified_time":"2022-11-01T12:55:44+00:00","og_image":[{"width":1200,"height":785,"url":"https:\/\/ship-tracker.org\/wp-content\/uploads\/2020\/05\/HL_Logo3.svg.png","type":"image\/png"}],"twitter_card":"summary_large_image","twitter_misc":{"Tempo di lettura stimato":"1 minuto"},"schema":{"@context":"https:\/\/schema.org","@graph":[{"@type":"WebPage","@id":"https:\/\/ship-tracker.org\/hapag-lloyd-cruises\/","url":"https:\/\/ship-tracker.org\/hapag-lloyd-cruises\/","name":"Traccia la flotta di Hapag-Lloyd Cruises | Navi da crociera | Marine Vessel","isPartOf":{"@id":"https:\/\/ship-tracker.org\/#website"},"primaryImageOfPage":{"@id":"https:\/\/ship-tracker.org\/hapag-lloyd-cruises\/#primaryimage"},"image":{"@id":"https:\/\/ship-tracker.org\/hapag-lloyd-cruises\/#primaryimage"},"thumbnailUrl":"https:\/\/ship-tracker.org\/wp-content\/uploads\/2020\/05\/HL_Logo3.svg.png","datePublished":"2020-05-09T12:06:50+00:00","dateModified":"2022-11-01T12:55:44+00:00","description":"Posizione della flotta Hapag-Lloyd Cruises | Posizioni attuali delle navi Hapag-Lloyd Cruises, numeri IMO, MMSI, webcam | Mappe della flotta in tempo reale","breadcrumb":{"@id":"https:\/\/ship-tracker.org\/hapag-lloyd-cruises\/#breadcrumb"},"inLanguage":"it-IT","potentialAction":[{"@type":"ReadAction","target":["https:\/\/ship-tracker.org\/hapag-lloyd-cruises\/"]}]},{"@type":"ImageObject","inLanguage":"it-IT","@id":"https:\/\/ship-tracker.org\/hapag-lloyd-cruises\/#primaryimage","url":"https:\/\/ship-tracker.org\/wp-content\/uploads\/2020\/05\/HL_Logo3.svg.png","contentUrl":"https:\/\/ship-tracker.org\/wp-content\/uploads\/2020\/05\/HL_Logo3.svg.png","width":1200,"height":785,"caption":"Hapag-Lloyd Cruises"},{"@type":"BreadcrumbList","@id":"https:\/\/ship-tracker.org\/hapag-lloyd-cruises\/#breadcrumb","itemListElement":[{"@type":"ListItem","position":1,"name":"Startseite","item":"https:\/\/ship-tracker.org\/"},{"@type":"ListItem","position":2,"name":"Hapag-Lloyd Cruises"}]},{"@type":"WebSite","@id":"https:\/\/ship-tracker.org\/#website","url":"https:\/\/ship-tracker.org\/","name":"Ship-tracker.org","description":"","potentialAction":[{"@type":"SearchAction","target":{"@type":"EntryPoint","urlTemplate":"https:\/\/ship-tracker.org\/?s={search_term_string}"},"query-input":{"@type":"PropertyValueSpecification","valueRequired":true,"valueName":"search_term_string"}}],"inLanguage":"it-IT"}]}},"_links":{"self":[{"href":"https:\/\/ship-tracker.org\/it\/wp-json\/wp\/v2\/pages\/2606","targetHints":{"allow":["GET"]}}],"collection":[{"href":"https:\/\/ship-tracker.org\/it\/wp-json\/wp\/v2\/pages"}],"about":[{"href":"https:\/\/ship-tracker.org\/it\/wp-json\/wp\/v2\/types\/page"}],"author":[{"embeddable":true,"href":"https:\/\/ship-tracker.org\/it\/wp-json\/wp\/v2\/users\/1"}],"replies":[{"embeddable":true,"href":"https:\/\/ship-tracker.org\/it\/wp-json\/wp\/v2\/comments?post=2606"}],"version-history":[{"count":4,"href":"https:\/\/ship-tracker.org\/it\/wp-json\/wp\/v2\/pages\/2606\/revisions"}],"predecessor-version":[{"id":3550,"href":"https:\/\/ship-tracker.org\/it\/wp-json\/wp\/v2\/pages\/2606\/revisions\/3550"}],"wp:featuredmedia":[{"embeddable":true,"href":"https:\/\/ship-tracker.org\/it\/wp-json\/wp\/v2\/media\/2607"}],"wp:attachment":[{"href":"https:\/\/ship-tracker.org\/it\/wp-json\/wp\/v2\/media?parent=2606"}],"curies":[{"name":"parola chiave","href":"https:\/\/api.w.org\/{rel}","templated":true}]}}