{"id":2103,"date":"2020-04-29T14:27:18","date_gmt":"2020-04-29T12:27:18","guid":{"rendered":"https:\/\/ship-tracker.org\/?page_id=2103"},"modified":"2024-09-20T14:35:09","modified_gmt":"2024-09-20T12:35:09","slug":"norwegian-cruise-line","status":"publish","type":"page","link":"https:\/\/ship-tracker.org\/it\/norwegian-cruise-line\/","title":{"rendered":"Norwegian Cruise Line"},"content":{"rendered":"<h2>Navi di localizzazione della flotta di Norwegian Cruise Line, numeri IMO, MMSI, webcam<\/h2>\n<p>Dove si trova attualmente la posizione della flotta della Norwegian Cruise Line?<\/p>\n<table style=\"border-collapse: collapse; width: 100%; height: 432px;\">\n<tbody>\n<tr style=\"height: 24px;\">\n<td style=\"width: 33.3333%; height: 24px;\"><span style=\"color: #1f405b;\"><strong>Nave<\/strong><\/span><\/td>\n<td style=\"width: 33.3333%; height: 24px;\"><span style=\"color: #1f405b;\"><strong>IMO<\/strong><\/span><\/td>\n<td style=\"width: 33.3333%; height: 24px;\"><span style=\"color: #1f405b;\"><strong>MMSI<\/strong><\/span><\/td>\n<\/tr>\n<tr style=\"height: 24px;\">\n<td style=\"width: 33.3333%; height: 24px;\"><a href=\"https:\/\/ship-tracker.org\/it\/norwegian-encore\/\">Norwegian Encore<\/a><\/td>\n<td style=\"width: 33.3333%; height: 24px;\">9751511<\/td>\n<td style=\"width: 33.3333%; height: 24px;\">311000879<\/td>\n<\/tr>\n<tr style=\"height: 24px;\">\n<td style=\"width: 33.3333%; height: 24px;\"><a href=\"https:\/\/ship-tracker.org\/it\/norwegian-bliss\/\">Norwegian Bliss<\/a><\/td>\n<td style=\"width: 33.3333%; height: 24px;\">9751509<\/td>\n<td style=\"width: 33.3333%; height: 24px;\">311000710<\/td>\n<\/tr>\n<tr style=\"height: 24px;\">\n<td style=\"width: 33.3333%; height: 24px;\"><a href=\"https:\/\/ship-tracker.org\/it\/norwegian-joy\/\">Norwegian Joy<\/a><\/td>\n<td style=\"width: 33.3333%; height: 24px;\">9703796<\/td>\n<td style=\"width: 33.3333%; height: 24px;\">311000599<\/td>\n<\/tr>\n<tr style=\"height: 24px;\">\n<td style=\"width: 33.3333%; height: 24px;\"><a href=\"https:\/\/ship-tracker.org\/it\/norwegian-escape\/\">Norwegian Escape<\/a><\/td>\n<td style=\"width: 33.3333%; height: 24px;\">9677076<\/td>\n<td style=\"width: 33.3333%; height: 24px;\">311000341<\/td>\n<\/tr>\n<tr style=\"height: 24px;\">\n<td style=\"width: 33.3333%; height: 24px;\"><a href=\"https:\/\/ship-tracker.org\/it\/norwegian-getaway\/\">Norwegian Getaway<\/a><\/td>\n<td style=\"width: 33.3333%; height: 24px;\">9606924<\/td>\n<td style=\"width: 33.3333%; height: 24px;\">311050900<\/td>\n<\/tr>\n<tr style=\"height: 24px;\">\n<td style=\"width: 33.3333%; height: 24px;\"><a href=\"https:\/\/ship-tracker.org\/it\/norwegian-breakaway\/\">Norwegian Breakaway<\/a><\/td>\n<td style=\"width: 33.3333%; height: 24px;\">9606912<\/td>\n<td style=\"width: 33.3333%; height: 24px;\">311050800<\/td>\n<\/tr>\n<tr style=\"height: 24px;\">\n<td style=\"width: 33.3333%; height: 24px;\"><a href=\"https:\/\/ship-tracker.org\/it\/norwegian-epic\/\">Norwegian Epic<\/a><\/td>\n<td style=\"width: 33.3333%; height: 24px;\">9410569<\/td>\n<td style=\"width: 33.3333%; height: 24px;\">311018500<\/td>\n<\/tr>\n<tr style=\"height: 24px;\">\n<td style=\"width: 33.3333%; height: 24px;\"><a href=\"https:\/\/ship-tracker.org\/it\/norwegian-gem\/\">Norwegian Gem<\/a><\/td>\n<td style=\"width: 33.3333%; height: 24px;\">9355733<\/td>\n<td style=\"width: 33.3333%; height: 24px;\">309951000<\/td>\n<\/tr>\n<tr class=\"alt\" style=\"height: 24px;\">\n<td style=\"width: 33.3333%; height: 24px;\"><a href=\"https:\/\/ship-tracker.org\/it\/norwegian-jade\/\">Norwegian Jade<\/a><\/td>\n<td style=\"width: 33.3333%; height: 24px;\">9304057<\/td>\n<td style=\"width: 33.3333%; height: 24px;\">308416000<\/td>\n<\/tr>\n<tr style=\"height: 24px;\">\n<td style=\"width: 33.3333%; height: 24px;\"><a href=\"https:\/\/ship-tracker.org\/it\/norwegian-pearl\/\">Norwegian Pearl<\/a><\/td>\n<td style=\"width: 33.3333%; height: 24px;\">9342281<\/td>\n<td style=\"width: 33.3333%; height: 24px;\">309653000<\/td>\n<\/tr>\n<tr style=\"height: 24px;\">\n<td style=\"width: 33.3333%; height: 24px;\"><a href=\"https:\/\/ship-tracker.org\/it\/norwegian-jewel\/\">Norwegian Jewel<\/a><\/td>\n<td style=\"width: 33.3333%; height: 24px;\">9304045<\/td>\n<td style=\"width: 33.3333%; height: 24px;\">311827000<\/td>\n<\/tr>\n<tr style=\"height: 24px;\">\n<td style=\"width: 33.3333%; height: 24px;\"><a href=\"https:\/\/ship-tracker.org\/it\/pride-of-america\/\">Pride of America<\/a><\/td>\n<td style=\"width: 33.3333%; height: 24px;\">9209221<\/td>\n<td style=\"width: 33.3333%; height: 24px;\">366994450<\/td>\n<\/tr>\n<tr style=\"height: 24px;\">\n<td style=\"width: 33.3333%; height: 24px;\"><a href=\"https:\/\/ship-tracker.org\/it\/norwegian-dawn\/\">Norwegian Dawn<\/a><\/td>\n<td style=\"width: 33.3333%; height: 24px;\">9195169<\/td>\n<td style=\"width: 33.3333%; height: 24px;\">311307000<\/td>\n<\/tr>\n<tr style=\"height: 24px;\">\n<td style=\"width: 33.3333%; height: 24px;\"><a href=\"https:\/\/ship-tracker.org\/it\/norwegian-star\/\">Norwegian Star<\/a><\/td>\n<td style=\"width: 33.3333%; height: 24px;\">9195157<\/td>\n<td style=\"width: 33.3333%; height: 24px;\">311082000<\/td>\n<\/tr>\n<tr style=\"height: 24px;\">\n<td style=\"width: 33.3333%; height: 24px;\"><a href=\"https:\/\/ship-tracker.org\/it\/norwegian-sun\/\">Norwegian Sun<\/a><\/td>\n<td style=\"width: 33.3333%; height: 24px;\">9218131<\/td>\n<td style=\"width: 33.3333%; height: 24px;\">311109000<\/td>\n<\/tr>\n<tr style=\"height: 24px;\">\n<td style=\"width: 33.3333%; height: 24px;\"><a href=\"https:\/\/ship-tracker.org\/it\/norwegian-sky\/\">Norwegian Sky<\/a><\/td>\n<td style=\"width: 33.3333%; height: 24px;\">9128532<\/td>\n<td style=\"width: 33.3333%; height: 24px;\">308865000<\/td>\n<\/tr>\n<tr style=\"height: 24px;\">\n<td style=\"width: 33.3333%; height: 24px;\"><a href=\"https:\/\/ship-tracker.org\/it\/norwegian-spirit\/\">Norwegian Spirit<\/a><\/td>\n<td style=\"width: 33.3333%; height: 24px;\">9141065<\/td>\n<td style=\"width: 33.3333%; height: 24px;\">311746000<\/td>\n<\/tr>\n<tr>\n<td style=\"width: 33.3333%;\"><a href=\"https:\/\/ship-tracker.org\/it\/norwegian-prima\/\">Prima norvegese<\/a><\/td>\n<td style=\"width: 33.3333%;\">9823986<\/td>\n<td style=\"width: 33.3333%;\">311001059<\/td>\n<\/tr>\n<tr>\n<td style=\"width: 33.3333%;\"><a href=\"https:\/\/ship-tracker.org\/it\/norwegian-viva\/\">Viva norvegese<\/a><\/td>\n<td style=\"width: 33.3333%;\">9823998<\/td>\n<td style=\"width: 33.3333%;\">311001127<\/td>\n<\/tr>\n<tr>\n<td style=\"width: 33.3333%;\"><a href=\"https:\/\/ship-tracker.org\/it\/norwegian-aqua\/\">Acqua norvegese<\/a><\/td>\n<td style=\"width: 33.3333%;\">9824007<\/td>\n<td style=\"width: 33.3333%;\"><\/td>\n<\/tr>\n<tr>\n<td style=\"width: 33.3333%;\"><a href=\"https:\/\/ship-tracker.org\/it\/norwegian-luna\/\">Luna norvegese<\/a><\/td>\n<td style=\"width: 33.3333%;\">9824019<\/td>\n<td style=\"width: 33.3333%;\"><\/td>\n<\/tr>\n<\/tbody>\n<\/table>\n<h2>Informazioni su Norwegian Cruise Line<\/h2>\n<p>Norwegian Cruise Line \u00e8 una compagnia rinnovata con una flotta di 14 navi a Miami, in Florida. La nostra azienda \u00e8 una fusione di diverse societ\u00e0 di propriet\u00e0 privata di Norwegian Cruise Line - NCL. A differenza della classica modalit\u00e0 di crociera, offriamo un programma adattato alle esigenze del passeggero moderno e che pu\u00f2 essere modificato durante la crociera. Ai passeggeri viene offerta una vacanza rilassante, simile a un soggiorno in un luogo di villeggiatura con un&#039;offerta discreta di alto livello. Nessun orario fisso per la cena o codice di abbigliamento.<\/p>\n<p>Goditi l&#039;atmosfera rilassata e il comfort a bordo mentre viaggi nei luoghi pi\u00f9 belli. La noia \u00e8 una parola straniera a bordo della Norwegian Cruise Line. L&#039;intrattenimento \u00e8 una priorit\u00e0 assoluta: che ti piacciano gli spettacoli di Broadway o quelli per la cena, vivrai momenti fantastici ovunque, e questo vale anche per i tuoi figli. Piscine con scivoli, discoteca per bambini, ping-pong o pareti da arrampicata: tutto \u00e8 incluso. Alla Norwegian Cruise Line \u00e8 possibile anche la discesa in corda doppia! Tutto \u00e8 orientato verso attivit\u00e0 creative e attive. Fare sport, cantare, ballare a una festa in piscina e guardare film sono solo alcune delle attivit\u00e0 offerte.<\/p>\n<p>Lasciati viziare dall&#039;ampia offerta culinaria. Dalle tapas al teppanyaki e dal sushi bar alla steakhouse. O preferiresti il bistrot francese? Esiste sempre una distribuzione equilibrata tra i ristoranti inclusi nel soggiorno e i ristoranti per i quali \u00e8 necessario pagare un supplemento. Non esiste una raccomandazione di abbigliamento rigorosa, quindi puoi lasciare lo smoking o l&#039;abito da sera a casa. Puoi fare quello che vuoi, dopo tutto \u00e8 la tua vacanza. Con la flotta pi\u00f9 giovane del mondo, non ti annoierai per un minuto.<\/p>","protected":false},"excerpt":{"rendered":"<p>Posizione della flotta di Norwegian Cruise Line Navi, numeri IMO, MMSI, webcam Dov&#039;\u00e8 attualmente la posizione della flotta di Norwegian Cruise Line? Nave IMO MMSI Norwegian Encore 9751511 311000879 Norwegian Bliss 9751509 311000710 Norwegian Joy 9703796 311000599 Norwegian Escape 9677076 311000341 Norwegian Getaway 9606924 311050900 Norwegian Breakaway 9606912 311050800 Epico norvegese 9410569 311018500 Gemma norvegese 9355733\u2026&nbsp;<a href=\"https:\/\/ship-tracker.org\/it\/norwegian-cruise-line\/\" rel=\"bookmark\">Per saperne di pi\u00f9 &quot;<span class=\"screen-reader-text\">Norwegian Cruise Line<\/span><\/a><\/p>","protected":false},"author":1,"featured_media":2105,"parent":0,"menu_order":0,"comment_status":"closed","ping_status":"closed","template":"","meta":{"neve_meta_sidebar":"","neve_meta_container":"","neve_meta_enable_content_width":"off","neve_meta_content_width":100,"neve_meta_title_alignment":"","neve_meta_author_avatar":"","neve_post_elements_order":"","neve_meta_disable_header":"","neve_meta_disable_footer":"","neve_meta_disable_title":"","neve_meta_reading_time":"","footnotes":""},"class_list":["post-2103","page","type-page","status-publish","has-post-thumbnail","hentry"],"yoast_head":"<!-- This site is optimized with the Yoast SEO plugin v27.4 - https:\/\/yoast.com\/product\/yoast-seo-wordpress\/ -->\n<title>Track Norwegian Cruise Line Fleet | Cruise Ships | Marine Vessel<\/title>\n<meta name=\"description\" content=\"Norwegian Cruise Line Fleet Location | Current Positions of Norwegian Cruise Line Ships, IMO numbers, MMSI, Webcam | Live Fleet Maps\" \/>\n<meta name=\"robots\" content=\"index, follow, max-snippet:-1, max-image-preview:large, max-video-preview:-1\" \/>\n<link rel=\"canonical\" href=\"https:\/\/ship-tracker.org\/it\/norwegian-cruise-line\/\" \/>\n<meta property=\"og:locale\" content=\"it_IT\" \/>\n<meta property=\"og:type\" content=\"article\" \/>\n<meta property=\"og:title\" content=\"Track Norwegian Cruise Line Fleet | Cruise Ships | Marine Vessel\" \/>\n<meta property=\"og:description\" content=\"Norwegian Cruise Line Fleet Location | Current Positions of Norwegian Cruise Line Ships, IMO numbers, MMSI, Webcam | Live Fleet Maps\" \/>\n<meta property=\"og:url\" content=\"https:\/\/ship-tracker.org\/it\/norwegian-cruise-line\/\" \/>\n<meta property=\"og:site_name\" content=\"Ship-tracker.org\" \/>\n<meta property=\"article:modified_time\" content=\"2024-09-20T12:35:09+00:00\" \/>\n<meta property=\"og:image\" content=\"https:\/\/ship-tracker.org\/wp-content\/uploads\/2020\/04\/reederei-norwegian.jpg\" \/>\n\t<meta property=\"og:image:width\" content=\"325\" \/>\n\t<meta property=\"og:image:height\" content=\"245\" \/>\n\t<meta property=\"og:image:type\" content=\"image\/jpeg\" \/>\n<meta name=\"twitter:card\" content=\"summary_large_image\" \/>\n<meta name=\"twitter:label1\" content=\"Tempo di lettura stimato\" \/>\n\t<meta name=\"twitter:data1\" content=\"2 minuti\" \/>\n<script type=\"application\/ld+json\" class=\"yoast-schema-graph\">{\"@context\":\"https:\\\/\\\/schema.org\",\"@graph\":[{\"@type\":\"WebPage\",\"@id\":\"https:\\\/\\\/ship-tracker.org\\\/norwegian-cruise-line\\\/\",\"url\":\"https:\\\/\\\/ship-tracker.org\\\/norwegian-cruise-line\\\/\",\"name\":\"Track Norwegian Cruise Line Fleet | Cruise Ships | Marine Vessel\",\"isPartOf\":{\"@id\":\"https:\\\/\\\/ship-tracker.org\\\/#website\"},\"primaryImageOfPage\":{\"@id\":\"https:\\\/\\\/ship-tracker.org\\\/norwegian-cruise-line\\\/#primaryimage\"},\"image\":{\"@id\":\"https:\\\/\\\/ship-tracker.org\\\/norwegian-cruise-line\\\/#primaryimage\"},\"thumbnailUrl\":\"https:\\\/\\\/ship-tracker.org\\\/wp-content\\\/uploads\\\/2020\\\/04\\\/reederei-norwegian.jpg\",\"datePublished\":\"2020-04-29T12:27:18+00:00\",\"dateModified\":\"2024-09-20T12:35:09+00:00\",\"description\":\"Norwegian Cruise Line Fleet Location | Current Positions of Norwegian Cruise Line Ships, IMO numbers, MMSI, Webcam | Live Fleet Maps\",\"breadcrumb\":{\"@id\":\"https:\\\/\\\/ship-tracker.org\\\/norwegian-cruise-line\\\/#breadcrumb\"},\"inLanguage\":\"it-IT\",\"potentialAction\":[{\"@type\":\"ReadAction\",\"target\":[\"https:\\\/\\\/ship-tracker.org\\\/norwegian-cruise-line\\\/\"]}]},{\"@type\":\"ImageObject\",\"inLanguage\":\"it-IT\",\"@id\":\"https:\\\/\\\/ship-tracker.org\\\/norwegian-cruise-line\\\/#primaryimage\",\"url\":\"https:\\\/\\\/ship-tracker.org\\\/wp-content\\\/uploads\\\/2020\\\/04\\\/reederei-norwegian.jpg\",\"contentUrl\":\"https:\\\/\\\/ship-tracker.org\\\/wp-content\\\/uploads\\\/2020\\\/04\\\/reederei-norwegian.jpg\",\"width\":325,\"height\":245,\"caption\":\"Norwegian Cruise Line\"},{\"@type\":\"BreadcrumbList\",\"@id\":\"https:\\\/\\\/ship-tracker.org\\\/norwegian-cruise-line\\\/#breadcrumb\",\"itemListElement\":[{\"@type\":\"ListItem\",\"position\":1,\"name\":\"Startseite\",\"item\":\"https:\\\/\\\/ship-tracker.org\\\/\"},{\"@type\":\"ListItem\",\"position\":2,\"name\":\"Norwegian Cruise Line\"}]},{\"@type\":\"WebSite\",\"@id\":\"https:\\\/\\\/ship-tracker.org\\\/#website\",\"url\":\"https:\\\/\\\/ship-tracker.org\\\/\",\"name\":\"Ship-tracker.org\",\"description\":\"\",\"potentialAction\":[{\"@type\":\"SearchAction\",\"target\":{\"@type\":\"EntryPoint\",\"urlTemplate\":\"https:\\\/\\\/ship-tracker.org\\\/?s={search_term_string}\"},\"query-input\":{\"@type\":\"PropertyValueSpecification\",\"valueRequired\":true,\"valueName\":\"search_term_string\"}}],\"inLanguage\":\"it-IT\"}]}<\/script>\n<!-- \/ Yoast SEO plugin. -->","yoast_head_json":{"title":"Traccia Flotta Norwegian Cruise Line | Navi da crociera | Marine Vessel","description":"Posizione della flotta della Norwegian Cruise Line | Posizioni attuali delle navi Norwegian Cruise Line, numeri IMO, MMSI, webcam | Mappe della flotta in tempo reale","robots":{"index":"index","follow":"follow","max-snippet":"max-snippet:-1","max-image-preview":"max-image-preview:large","max-video-preview":"max-video-preview:-1"},"canonical":"https:\/\/ship-tracker.org\/it\/norwegian-cruise-line\/","og_locale":"it_IT","og_type":"article","og_title":"Track Norwegian Cruise Line Fleet | Cruise Ships | Marine Vessel","og_description":"Norwegian Cruise Line Fleet Location | Current Positions of Norwegian Cruise Line Ships, IMO numbers, MMSI, Webcam | Live Fleet Maps","og_url":"https:\/\/ship-tracker.org\/it\/norwegian-cruise-line\/","og_site_name":"Ship-tracker.org","article_modified_time":"2024-09-20T12:35:09+00:00","og_image":[{"width":325,"height":245,"url":"https:\/\/ship-tracker.org\/wp-content\/uploads\/2020\/04\/reederei-norwegian.jpg","type":"image\/jpeg"}],"twitter_card":"summary_large_image","twitter_misc":{"Tempo di lettura stimato":"2 minuti"},"schema":{"@context":"https:\/\/schema.org","@graph":[{"@type":"WebPage","@id":"https:\/\/ship-tracker.org\/norwegian-cruise-line\/","url":"https:\/\/ship-tracker.org\/norwegian-cruise-line\/","name":"Traccia Flotta Norwegian Cruise Line | Navi da crociera | Marine Vessel","isPartOf":{"@id":"https:\/\/ship-tracker.org\/#website"},"primaryImageOfPage":{"@id":"https:\/\/ship-tracker.org\/norwegian-cruise-line\/#primaryimage"},"image":{"@id":"https:\/\/ship-tracker.org\/norwegian-cruise-line\/#primaryimage"},"thumbnailUrl":"https:\/\/ship-tracker.org\/wp-content\/uploads\/2020\/04\/reederei-norwegian.jpg","datePublished":"2020-04-29T12:27:18+00:00","dateModified":"2024-09-20T12:35:09+00:00","description":"Posizione della flotta della Norwegian Cruise Line | Posizioni attuali delle navi Norwegian Cruise Line, numeri IMO, MMSI, webcam | Mappe della flotta in tempo reale","breadcrumb":{"@id":"https:\/\/ship-tracker.org\/norwegian-cruise-line\/#breadcrumb"},"inLanguage":"it-IT","potentialAction":[{"@type":"ReadAction","target":["https:\/\/ship-tracker.org\/norwegian-cruise-line\/"]}]},{"@type":"ImageObject","inLanguage":"it-IT","@id":"https:\/\/ship-tracker.org\/norwegian-cruise-line\/#primaryimage","url":"https:\/\/ship-tracker.org\/wp-content\/uploads\/2020\/04\/reederei-norwegian.jpg","contentUrl":"https:\/\/ship-tracker.org\/wp-content\/uploads\/2020\/04\/reederei-norwegian.jpg","width":325,"height":245,"caption":"Norwegian Cruise Line"},{"@type":"BreadcrumbList","@id":"https:\/\/ship-tracker.org\/norwegian-cruise-line\/#breadcrumb","itemListElement":[{"@type":"ListItem","position":1,"name":"Startseite","item":"https:\/\/ship-tracker.org\/"},{"@type":"ListItem","position":2,"name":"Norwegian Cruise Line"}]},{"@type":"WebSite","@id":"https:\/\/ship-tracker.org\/#website","url":"https:\/\/ship-tracker.org\/","name":"Ship-tracker.org","description":"","potentialAction":[{"@type":"SearchAction","target":{"@type":"EntryPoint","urlTemplate":"https:\/\/ship-tracker.org\/?s={search_term_string}"},"query-input":{"@type":"PropertyValueSpecification","valueRequired":true,"valueName":"search_term_string"}}],"inLanguage":"it-IT"}]}},"_links":{"self":[{"href":"https:\/\/ship-tracker.org\/it\/wp-json\/wp\/v2\/pages\/2103","targetHints":{"allow":["GET"]}}],"collection":[{"href":"https:\/\/ship-tracker.org\/it\/wp-json\/wp\/v2\/pages"}],"about":[{"href":"https:\/\/ship-tracker.org\/it\/wp-json\/wp\/v2\/types\/page"}],"author":[{"embeddable":true,"href":"https:\/\/ship-tracker.org\/it\/wp-json\/wp\/v2\/users\/1"}],"replies":[{"embeddable":true,"href":"https:\/\/ship-tracker.org\/it\/wp-json\/wp\/v2\/comments?post=2103"}],"version-history":[{"count":8,"href":"https:\/\/ship-tracker.org\/it\/wp-json\/wp\/v2\/pages\/2103\/revisions"}],"predecessor-version":[{"id":5334,"href":"https:\/\/ship-tracker.org\/it\/wp-json\/wp\/v2\/pages\/2103\/revisions\/5334"}],"wp:featuredmedia":[{"embeddable":true,"href":"https:\/\/ship-tracker.org\/it\/wp-json\/wp\/v2\/media\/2105"}],"wp:attachment":[{"href":"https:\/\/ship-tracker.org\/it\/wp-json\/wp\/v2\/media?parent=2103"}],"curies":[{"name":"parola chiave","href":"https:\/\/api.w.org\/{rel}","templated":true}]}}