{"id":2089,"date":"2020-04-29T14:28:30","date_gmt":"2020-04-29T12:28:30","guid":{"rendered":"https:\/\/ship-tracker.org\/?page_id=2089"},"modified":"2022-10-27T16:00:42","modified_gmt":"2022-10-27T14:00:42","slug":"crystal-cruises","status":"publish","type":"page","link":"https:\/\/ship-tracker.org\/it\/crystal-cruises\/","title":{"rendered":"Crystal Cruises"},"content":{"rendered":"<h2>Navi di localizzazione della flotta di Crystal Cruises, numeri IMO, MMSI, webcam<\/h2>\n<p>Dove si trova attualmente la posizione della flotta di Crystal Cruises?<\/p>\n<table style=\"border-collapse: collapse; width: 100%; height: 240px;\">\n<tbody>\n<tr style=\"height: 24px;\">\n<td style=\"width: 33.3333%; height: 24px;\"><span style=\"color: #1f405b;\"><strong>Nave<\/strong><\/span><\/td>\n<td style=\"width: 33.3333%; height: 24px;\"><span style=\"color: #1f405b;\"><strong>IMO<\/strong><\/span><\/td>\n<td style=\"width: 33.3333%; height: 24px;\"><span style=\"color: #1f405b;\"><strong>MMSI<\/strong><\/span><\/td>\n<\/tr>\n<tr style=\"height: 24px;\">\n<td style=\"width: 33.3333%; height: 24px;\"><a href=\"https:\/\/ship-tracker.org\/it\/crystal-endeavor\/\">Crystal Endeavour<\/a><\/td>\n<td style=\"width: 33.3333%; height: 24px;\">9821873<\/td>\n<td style=\"width: 33.3333%; height: 24px;\"><\/td>\n<\/tr>\n<tr style=\"height: 24px;\">\n<td style=\"width: 33.3333%; height: 24px;\"><a href=\"https:\/\/ship-tracker.org\/it\/crystal-serenity\/\">Crystal Serenity<\/a><\/td>\n<td style=\"width: 33.3333%; height: 24px;\">9243667<\/td>\n<td style=\"width: 33.3333%; height: 24px;\">311536000<\/td>\n<\/tr>\n<tr style=\"height: 24px;\">\n<td style=\"width: 33.3333%; height: 24px;\"><a href=\"https:\/\/ship-tracker.org\/it\/crystal-symphony\/\">Crystal Symphony<\/a><\/td>\n<td style=\"width: 33.3333%; height: 24px;\">9066667<\/td>\n<td style=\"width: 33.3333%; height: 24px;\">309168000<\/td>\n<\/tr>\n<tr style=\"height: 24px;\">\n<td style=\"width: 33.3333%; height: 24px;\"><a href=\"https:\/\/ship-tracker.org\/it\/crystal-esprit\/\">Crystal Esprit<\/a><\/td>\n<td style=\"width: 33.3333%; height: 24px;\">8705266<\/td>\n<td style=\"width: 33.3333%; height: 24px;\">311000506<\/td>\n<\/tr>\n<tr style=\"height: 24px;\">\n<td style=\"width: 33.3333%; height: 24px;\"><a href=\"https:\/\/ship-tracker.org\/it\/crystal-debussy\/\">Crystal Debussy<\/a><\/td>\n<td style=\"width: 33.3333%; height: 24px;\"><\/td>\n<td style=\"width: 33.3333%; height: 24px;\">248366000<\/td>\n<\/tr>\n<tr style=\"height: 24px;\">\n<td style=\"width: 33.3333%; height: 24px;\"><a href=\"https:\/\/ship-tracker.org\/it\/crystal-ravel\/\">Crystal Ravel<\/a><\/td>\n<td style=\"width: 33.3333%; height: 24px;\"><\/td>\n<td style=\"width: 33.3333%; height: 24px;\">248377000<\/td>\n<\/tr>\n<tr style=\"height: 24px;\">\n<td style=\"width: 33.3333%; height: 24px;\"><a href=\"https:\/\/ship-tracker.org\/it\/crystal-bach\/\">Crystal Bach<\/a><\/td>\n<td style=\"width: 33.3333%; height: 24px;\"><\/td>\n<td style=\"width: 33.3333%; height: 24px;\">248308000<\/td>\n<\/tr>\n<tr style=\"height: 24px;\">\n<td style=\"width: 33.3333%; height: 24px;\"><a href=\"https:\/\/ship-tracker.org\/it\/crystal-mahler\/\">Crystal Mahler<\/a><\/td>\n<td style=\"width: 33.3333%; height: 24px;\"><\/td>\n<td style=\"width: 33.3333%; height: 24px;\">248380000<\/td>\n<\/tr>\n<tr class=\"alt\" style=\"height: 24px;\">\n<td style=\"width: 33.3333%; height: 24px;\"><a href=\"https:\/\/ship-tracker.org\/it\/crystal-mozart\/\">Crystal Mozart<\/a><\/td>\n<td style=\"width: 33.3333%; height: 24px;\"><\/td>\n<td style=\"width: 33.3333%; height: 24px;\">248309000<\/td>\n<\/tr>\n<\/tbody>\n<\/table>\n<h2>Informazioni su Crystal Cruises<\/h2>\n<p>Crystal Cruises \u00e8 una compagnia di crociera di lusso fondata nel 1998 e con sede a Century City Los Angeles (USA). Con Crystal Serenity e Crystal Symphony, Crystal Cruises attualmente gestisce due navi molto lussuose. Le navi da crociera salpano sotto la bandiera delle Bahamas. Crystal \u00e8 una filiale della compagnia di navigazione giapponese Nippon Yusen Kaisha, fondata nel 1885 ed \u00e8 oggi una delle pi\u00f9 grandi compagnie di navigazione al mondo.<\/p>\n<p>Esiste un&#039;altra nave gemella della Crystal Symphony, la Crystal Harmony, che faceva parte della flotta di Crystal Cruises dal giugno 1990 al febbraio 2006. Nel 2006, questa nave da crociera \u00e8 stata consegnata alla societ\u00e0 madre e da allora naviga sotto il nome di Asuka 2 con la compagnia di spedizioni Asuka Cruises. A seconda del tuo viaggio, puoi andare a Citt\u00e0 del Capo, Venezia, Barcellona o molte altre fantastiche destinazioni da Crystal Cruises!<\/p>\n<p>&nbsp;<\/p>","protected":false},"excerpt":{"rendered":"<p>Posizione della flotta Crystal Cruises Navi, numeri IMO, MMSI, webcam Dov&#039;\u00e8 attualmente la posizione attuale della flotta Crystal Cruises? Nave IMO MMSI Crystal Endeavour 9821873 Crystal Serenity 9243667 311536000 Crystal Symphony 9066667 309168000 Crystal Esprit 8705266 311000506 Crystal Debussy 248366000 Crystal Ravel 248377000 Crystal Bach 248308000 Crystal Mahler 248380000 Crystal Mozart 248309000 Informazioni su Crystal Cruises\u2026&nbsp;<a href=\"https:\/\/ship-tracker.org\/it\/crystal-cruises\/\" rel=\"bookmark\">Per saperne di pi\u00f9 &quot;<span class=\"screen-reader-text\">Crystal Cruises<\/span><\/a><\/p>","protected":false},"author":1,"featured_media":2099,"parent":0,"menu_order":0,"comment_status":"closed","ping_status":"closed","template":"","meta":{"neve_meta_sidebar":"","neve_meta_container":"","neve_meta_enable_content_width":"","neve_meta_content_width":0,"neve_meta_title_alignment":"","neve_meta_author_avatar":"","neve_post_elements_order":"","neve_meta_disable_header":"","neve_meta_disable_footer":"","neve_meta_disable_title":"","neve_meta_reading_time":"","footnotes":""},"class_list":["post-2089","page","type-page","status-publish","has-post-thumbnail","hentry"],"yoast_head":"<!-- This site is optimized with the Yoast SEO plugin v26.9 - https:\/\/yoast.com\/product\/yoast-seo-wordpress\/ -->\n<title>Track Crystal Cruises Fleet | Cruise Ships | Marine Vessel<\/title>\n<meta name=\"description\" content=\"Crystal Cruises Fleet Location | Current Positions of Crystal Cruises Ships, IMO numbers, MMSI, Webcam | Live Fleet Maps | Live Ship Tracker\" \/>\n<meta name=\"robots\" content=\"index, follow, max-snippet:-1, max-image-preview:large, max-video-preview:-1\" \/>\n<link rel=\"canonical\" href=\"https:\/\/ship-tracker.org\/it\/crystal-cruises\/\" \/>\n<meta property=\"og:locale\" content=\"it_IT\" \/>\n<meta property=\"og:type\" content=\"article\" \/>\n<meta property=\"og:title\" content=\"Track Crystal Cruises Fleet | Cruise Ships | Marine Vessel\" \/>\n<meta property=\"og:description\" content=\"Crystal Cruises Fleet Location | Current Positions of Crystal Cruises Ships, IMO numbers, MMSI, Webcam | Live Fleet Maps | Live Ship Tracker\" \/>\n<meta property=\"og:url\" content=\"https:\/\/ship-tracker.org\/it\/crystal-cruises\/\" \/>\n<meta property=\"og:site_name\" content=\"Ship-tracker.org\" \/>\n<meta property=\"article:modified_time\" content=\"2022-10-27T14:00:42+00:00\" \/>\n<meta property=\"og:image\" content=\"https:\/\/ship-tracker.org\/wp-content\/uploads\/2020\/04\/17.jpg\" \/>\n\t<meta property=\"og:image:width\" content=\"800\" \/>\n\t<meta property=\"og:image:height\" content=\"600\" \/>\n\t<meta property=\"og:image:type\" content=\"image\/jpeg\" \/>\n<meta name=\"twitter:card\" content=\"summary_large_image\" \/>\n<meta name=\"twitter:label1\" content=\"Tempo di lettura stimato\" \/>\n\t<meta name=\"twitter:data1\" content=\"1 minuto\" \/>\n<script type=\"application\/ld+json\" class=\"yoast-schema-graph\">{\"@context\":\"https:\/\/schema.org\",\"@graph\":[{\"@type\":\"WebPage\",\"@id\":\"https:\/\/ship-tracker.org\/crystal-cruises\/\",\"url\":\"https:\/\/ship-tracker.org\/crystal-cruises\/\",\"name\":\"Track Crystal Cruises Fleet | Cruise Ships | Marine Vessel\",\"isPartOf\":{\"@id\":\"https:\/\/ship-tracker.org\/#website\"},\"primaryImageOfPage\":{\"@id\":\"https:\/\/ship-tracker.org\/crystal-cruises\/#primaryimage\"},\"image\":{\"@id\":\"https:\/\/ship-tracker.org\/crystal-cruises\/#primaryimage\"},\"thumbnailUrl\":\"https:\/\/ship-tracker.org\/wp-content\/uploads\/2020\/04\/17.jpg\",\"datePublished\":\"2020-04-29T12:28:30+00:00\",\"dateModified\":\"2022-10-27T14:00:42+00:00\",\"description\":\"Crystal Cruises Fleet Location | Current Positions of Crystal Cruises Ships, IMO numbers, MMSI, Webcam | Live Fleet Maps | Live Ship Tracker\",\"breadcrumb\":{\"@id\":\"https:\/\/ship-tracker.org\/crystal-cruises\/#breadcrumb\"},\"inLanguage\":\"it-IT\",\"potentialAction\":[{\"@type\":\"ReadAction\",\"target\":[\"https:\/\/ship-tracker.org\/crystal-cruises\/\"]}]},{\"@type\":\"ImageObject\",\"inLanguage\":\"it-IT\",\"@id\":\"https:\/\/ship-tracker.org\/crystal-cruises\/#primaryimage\",\"url\":\"https:\/\/ship-tracker.org\/wp-content\/uploads\/2020\/04\/17.jpg\",\"contentUrl\":\"https:\/\/ship-tracker.org\/wp-content\/uploads\/2020\/04\/17.jpg\",\"width\":800,\"height\":600,\"caption\":\"Crystal Cruises\"},{\"@type\":\"BreadcrumbList\",\"@id\":\"https:\/\/ship-tracker.org\/crystal-cruises\/#breadcrumb\",\"itemListElement\":[{\"@type\":\"ListItem\",\"position\":1,\"name\":\"Startseite\",\"item\":\"https:\/\/ship-tracker.org\/\"},{\"@type\":\"ListItem\",\"position\":2,\"name\":\"Crystal Cruises\"}]},{\"@type\":\"WebSite\",\"@id\":\"https:\/\/ship-tracker.org\/#website\",\"url\":\"https:\/\/ship-tracker.org\/\",\"name\":\"Ship-tracker.org\",\"description\":\"\",\"potentialAction\":[{\"@type\":\"SearchAction\",\"target\":{\"@type\":\"EntryPoint\",\"urlTemplate\":\"https:\/\/ship-tracker.org\/?s={search_term_string}\"},\"query-input\":{\"@type\":\"PropertyValueSpecification\",\"valueRequired\":true,\"valueName\":\"search_term_string\"}}],\"inLanguage\":\"it-IT\"}]}<\/script>\n<!-- \/ Yoast SEO plugin. -->","yoast_head_json":{"title":"Traccia la flotta di Crystal Cruises | Navi da crociera | Marine Vessel","description":"Posizione della flotta di Crystal Cruises | Posizioni attuali delle navi Crystal Cruises, numeri IMO, MMSI, webcam | Mappe della flotta in tempo reale | Localizzatore di navi in tempo reale","robots":{"index":"index","follow":"follow","max-snippet":"max-snippet:-1","max-image-preview":"max-image-preview:large","max-video-preview":"max-video-preview:-1"},"canonical":"https:\/\/ship-tracker.org\/it\/crystal-cruises\/","og_locale":"it_IT","og_type":"article","og_title":"Track Crystal Cruises Fleet | Cruise Ships | Marine Vessel","og_description":"Crystal Cruises Fleet Location | Current Positions of Crystal Cruises Ships, IMO numbers, MMSI, Webcam | Live Fleet Maps | Live Ship Tracker","og_url":"https:\/\/ship-tracker.org\/it\/crystal-cruises\/","og_site_name":"Ship-tracker.org","article_modified_time":"2022-10-27T14:00:42+00:00","og_image":[{"width":800,"height":600,"url":"https:\/\/ship-tracker.org\/wp-content\/uploads\/2020\/04\/17.jpg","type":"image\/jpeg"}],"twitter_card":"summary_large_image","twitter_misc":{"Tempo di lettura stimato":"1 minuto"},"schema":{"@context":"https:\/\/schema.org","@graph":[{"@type":"WebPage","@id":"https:\/\/ship-tracker.org\/crystal-cruises\/","url":"https:\/\/ship-tracker.org\/crystal-cruises\/","name":"Traccia la flotta di Crystal Cruises | Navi da crociera | Marine Vessel","isPartOf":{"@id":"https:\/\/ship-tracker.org\/#website"},"primaryImageOfPage":{"@id":"https:\/\/ship-tracker.org\/crystal-cruises\/#primaryimage"},"image":{"@id":"https:\/\/ship-tracker.org\/crystal-cruises\/#primaryimage"},"thumbnailUrl":"https:\/\/ship-tracker.org\/wp-content\/uploads\/2020\/04\/17.jpg","datePublished":"2020-04-29T12:28:30+00:00","dateModified":"2022-10-27T14:00:42+00:00","description":"Posizione della flotta di Crystal Cruises | Posizioni attuali delle navi Crystal Cruises, numeri IMO, MMSI, webcam | Mappe della flotta in tempo reale | Localizzatore di navi in tempo reale","breadcrumb":{"@id":"https:\/\/ship-tracker.org\/crystal-cruises\/#breadcrumb"},"inLanguage":"it-IT","potentialAction":[{"@type":"ReadAction","target":["https:\/\/ship-tracker.org\/crystal-cruises\/"]}]},{"@type":"ImageObject","inLanguage":"it-IT","@id":"https:\/\/ship-tracker.org\/crystal-cruises\/#primaryimage","url":"https:\/\/ship-tracker.org\/wp-content\/uploads\/2020\/04\/17.jpg","contentUrl":"https:\/\/ship-tracker.org\/wp-content\/uploads\/2020\/04\/17.jpg","width":800,"height":600,"caption":"Crystal Cruises"},{"@type":"BreadcrumbList","@id":"https:\/\/ship-tracker.org\/crystal-cruises\/#breadcrumb","itemListElement":[{"@type":"ListItem","position":1,"name":"Startseite","item":"https:\/\/ship-tracker.org\/"},{"@type":"ListItem","position":2,"name":"Crystal Cruises"}]},{"@type":"WebSite","@id":"https:\/\/ship-tracker.org\/#website","url":"https:\/\/ship-tracker.org\/","name":"Ship-tracker.org","description":"","potentialAction":[{"@type":"SearchAction","target":{"@type":"EntryPoint","urlTemplate":"https:\/\/ship-tracker.org\/?s={search_term_string}"},"query-input":{"@type":"PropertyValueSpecification","valueRequired":true,"valueName":"search_term_string"}}],"inLanguage":"it-IT"}]}},"_links":{"self":[{"href":"https:\/\/ship-tracker.org\/it\/wp-json\/wp\/v2\/pages\/2089","targetHints":{"allow":["GET"]}}],"collection":[{"href":"https:\/\/ship-tracker.org\/it\/wp-json\/wp\/v2\/pages"}],"about":[{"href":"https:\/\/ship-tracker.org\/it\/wp-json\/wp\/v2\/types\/page"}],"author":[{"embeddable":true,"href":"https:\/\/ship-tracker.org\/it\/wp-json\/wp\/v2\/users\/1"}],"replies":[{"embeddable":true,"href":"https:\/\/ship-tracker.org\/it\/wp-json\/wp\/v2\/comments?post=2089"}],"version-history":[{"count":5,"href":"https:\/\/ship-tracker.org\/it\/wp-json\/wp\/v2\/pages\/2089\/revisions"}],"predecessor-version":[{"id":2477,"href":"https:\/\/ship-tracker.org\/it\/wp-json\/wp\/v2\/pages\/2089\/revisions\/2477"}],"wp:featuredmedia":[{"embeddable":true,"href":"https:\/\/ship-tracker.org\/it\/wp-json\/wp\/v2\/media\/2099"}],"wp:attachment":[{"href":"https:\/\/ship-tracker.org\/it\/wp-json\/wp\/v2\/media?parent=2089"}],"curies":[{"name":"parola chiave","href":"https:\/\/api.w.org\/{rel}","templated":true}]}}