{"id":2086,"date":"2020-04-29T14:39:32","date_gmt":"2020-04-29T12:39:32","guid":{"rendered":"https:\/\/ship-tracker.org\/?page_id=2086"},"modified":"2023-06-03T12:24:30","modified_gmt":"2023-06-03T10:24:30","slug":"msc-cruises","status":"publish","type":"page","link":"https:\/\/ship-tracker.org\/it\/msc-cruises\/","title":{"rendered":"MSC Cruises"},"content":{"rendered":"<h2>Navi di localizzazione della flotta di MSC Crociere, numeri IMO, MMSI, webcam<\/h2>\n<p>Dove si trova attualmente la posizione della flotta MSC Crociere?<\/p>\n<table style=\"border-collapse: collapse; width: 100%; height: 504px;\">\n<tbody>\n<tr style=\"height: 24px;\">\n<td style=\"width: 33.3333%; height: 24px;\"><span style=\"color: #1f405b;\"><strong>Nave<\/strong><\/span><\/td>\n<td style=\"width: 33.3333%; height: 24px;\"><span style=\"color: #1f405b;\"><strong>IMO<\/strong><\/span><\/td>\n<td style=\"width: 33.3333%; height: 24px;\"><span style=\"color: #1f405b;\"><strong>MMSI<\/strong><\/span><\/td>\n<\/tr>\n<tr style=\"height: 24px;\">\n<td style=\"width: 33.3333%; height: 24px;\"><a href=\"https:\/\/ship-tracker.org\/it\/msc-preziosa\/\">MSC Preziosa<\/a><\/td>\n<td style=\"width: 33.3333%; height: 24px;\">9595321<\/td>\n<td style=\"width: 33.3333%; height: 24px;\">371861000<\/td>\n<\/tr>\n<tr style=\"height: 24px;\">\n<td style=\"width: 33.3333%; height: 24px;\"><a href=\"https:\/\/ship-tracker.org\/it\/msc-sinfonia\/\">MSC Sinfonia<\/a><\/td>\n<td style=\"width: 33.3333%; height: 24px;\">9210153<\/td>\n<td style=\"width: 33.3333%; height: 24px;\">356716000<\/td>\n<\/tr>\n<tr style=\"height: 24px;\">\n<td style=\"width: 33.3333%; height: 24px;\"><a href=\"https:\/\/ship-tracker.org\/it\/msc-poesia\/\">MSC Poesia<\/a><\/td>\n<td style=\"width: 33.3333%; height: 24px;\">9387073<\/td>\n<td style=\"width: 33.3333%; height: 24px;\">355931000<\/td>\n<\/tr>\n<tr style=\"height: 24px;\">\n<td style=\"width: 33.3333%; height: 24px;\"><a href=\"https:\/\/ship-tracker.org\/it\/msc-orchestra\/\">MSC Orchestra<\/a><\/td>\n<td style=\"width: 33.3333%; height: 24px;\">9320099<\/td>\n<td style=\"width: 33.3333%; height: 24px;\">372497000<\/td>\n<\/tr>\n<tr style=\"height: 24px;\">\n<td style=\"width: 33.3333%; height: 24px;\"><a href=\"https:\/\/ship-tracker.org\/it\/msc-opera\/\">MSC Opera<\/a><\/td>\n<td style=\"width: 33.3333%; height: 24px;\">9250464<\/td>\n<td style=\"width: 33.3333%; height: 24px;\">357627000<\/td>\n<\/tr>\n<tr style=\"height: 24px;\">\n<td style=\"width: 33.3333%; height: 24px;\"><a href=\"https:\/\/ship-tracker.org\/it\/msc-musica\/\">MSC Musica<\/a><\/td>\n<td style=\"width: 33.3333%; height: 24px;\">9320087<\/td>\n<td style=\"width: 33.3333%; height: 24px;\">352003000<\/td>\n<\/tr>\n<tr style=\"height: 24px;\">\n<td style=\"width: 33.3333%; height: 24px;\"><a href=\"https:\/\/ship-tracker.org\/it\/msc-magnifica\/\">MSC Magnifica<\/a><\/td>\n<td style=\"width: 33.3333%; height: 24px;\">9387085<\/td>\n<td style=\"width: 33.3333%; height: 24px;\">352594000<\/td>\n<\/tr>\n<tr style=\"height: 24px;\">\n<td style=\"width: 33.3333%; height: 24px;\"><a href=\"https:\/\/ship-tracker.org\/it\/msc-lirica\/\">MSC Lirica<\/a><\/td>\n<td style=\"width: 33.3333%; height: 24px;\">9246102<\/td>\n<td style=\"width: 33.3333%; height: 24px;\">356042000<\/td>\n<\/tr>\n<tr class=\"alt\" style=\"height: 24px;\">\n<td style=\"width: 33.3333%; height: 24px;\"><a href=\"https:\/\/ship-tracker.org\/it\/msc-fantasia\/\">MSC Fantasia<\/a><\/td>\n<td style=\"width: 33.3333%; height: 24px;\">9359791<\/td>\n<td style=\"width: 33.3333%; height: 24px;\">370648000<\/td>\n<\/tr>\n<tr style=\"height: 24px;\">\n<td style=\"width: 33.3333%; height: 24px;\"><a href=\"https:\/\/ship-tracker.org\/it\/msc-divina\/\">MSC Divina<\/a><\/td>\n<td style=\"width: 33.3333%; height: 24px;\">9585285<\/td>\n<td style=\"width: 33.3333%; height: 24px;\">373178000<\/td>\n<\/tr>\n<tr style=\"height: 24px;\">\n<td style=\"width: 33.3333%; height: 24px;\"><a href=\"https:\/\/ship-tracker.org\/it\/msc-armonia\/\">MSC Armonia<\/a><\/td>\n<td style=\"width: 33.3333%; height: 24px;\">9210141<\/td>\n<td style=\"width: 33.3333%; height: 24px;\">357281000<\/td>\n<\/tr>\n<tr style=\"height: 24px;\">\n<td style=\"width: 33.3333%; height: 24px;\"><a href=\"https:\/\/ship-tracker.org\/it\/msc-splendida\/\">MSC Splendida<\/a><\/td>\n<td style=\"width: 33.3333%; height: 24px;\">9359806<\/td>\n<td style=\"width: 33.3333%; height: 24px;\">357698000<\/td>\n<\/tr>\n<tr class=\"alt\" style=\"height: 24px;\">\n<td style=\"width: 33.3333%; height: 24px;\"><a href=\"https:\/\/ship-tracker.org\/it\/msc-meraviglia\/\">MSC Meraviglia<\/a><\/td>\n<td style=\"width: 33.3333%; height: 24px;\">9760512<\/td>\n<td style=\"width: 33.3333%; height: 24px;\">249973000<\/td>\n<\/tr>\n<tr style=\"height: 24px;\">\n<td style=\"width: 33.3333%; height: 24px;\"><a href=\"https:\/\/ship-tracker.org\/it\/msc-seaview\/\">MSC Seaview<\/a><\/td>\n<td style=\"width: 33.3333%; height: 24px;\">9745378<\/td>\n<td style=\"width: 33.3333%; height: 24px;\">248717000<\/td>\n<\/tr>\n<tr style=\"height: 24px;\">\n<td style=\"width: 33.3333%; height: 24px;\"><a href=\"https:\/\/ship-tracker.org\/it\/msc-seaside\/\">MSC Seaside<\/a><\/td>\n<td style=\"width: 33.3333%; height: 24px;\">9745366<\/td>\n<td style=\"width: 33.3333%; height: 24px;\">248392000<\/td>\n<\/tr>\n<tr style=\"height: 24px;\">\n<td style=\"width: 33.3333%; height: 24px;\"><a href=\"https:\/\/ship-tracker.org\/it\/msc-bellissima\/\">MSC Bellissima<\/a><\/td>\n<td style=\"width: 33.3333%; height: 24px;\">9760524<\/td>\n<td style=\"width: 33.3333%; height: 24px;\">248992000<\/td>\n<\/tr>\n<tr style=\"height: 24px;\">\n<td style=\"width: 33.3333%; height: 24px;\"><a href=\"https:\/\/ship-tracker.org\/it\/msc-grandiosa\/\">MSC Grandiosa<\/a><\/td>\n<td style=\"width: 33.3333%; height: 24px;\">9803613<\/td>\n<td style=\"width: 33.3333%; height: 24px;\">215325000<\/td>\n<\/tr>\n<tr style=\"height: 24px;\">\n<td style=\"width: 33.3333%; height: 24px;\"><a href=\"https:\/\/ship-tracker.org\/it\/msc-virtuosa\/\">MSC Virtuosa<\/a><\/td>\n<td style=\"width: 33.3333%; height: 24px;\">9803625<\/td>\n<td style=\"width: 33.3333%; height: 24px;\">215610000<\/td>\n<\/tr>\n<tr style=\"height: 24px;\">\n<td style=\"width: 33.3333%; height: 24px;\"><a href=\"https:\/\/ship-tracker.org\/it\/msc-seashore\/\">MSC Seashore<\/a><\/td>\n<td style=\"width: 33.3333%; height: 24px;\">9843792<\/td>\n<td style=\"width: 33.3333%; height: 24px;\">215920000<\/td>\n<\/tr>\n<tr>\n<td style=\"width: 33.3333%;\"><a href=\"https:\/\/ship-tracker.org\/it\/msc-seascape\/\">MSC Seascape<\/a><\/td>\n<td style=\"width: 33.3333%;\">9843807<\/td>\n<td style=\"width: 33.3333%;\">247474400<\/td>\n<\/tr>\n<tr style=\"height: 24px;\">\n<td style=\"width: 33.3333%; height: 24px;\"><a href=\"https:\/\/ship-tracker.org\/it\/msc-europa\/\">MSC World Europa<\/a><\/td>\n<td style=\"width: 33.3333%; height: 24px;\">9837420<\/td>\n<td style=\"width: 33.3333%; height: 24px;\">256070000<\/td>\n<\/tr>\n<tr>\n<td style=\"width: 33.3333%;\"><a href=\"https:\/\/ship-tracker.org\/it\/msc-euribia\/\">MSC Euribia<\/a><\/td>\n<td style=\"width: 33.3333%;\">9901544<\/td>\n<td style=\"width: 33.3333%;\">256281000<\/td>\n<\/tr>\n<tr>\n<td style=\"width: 33.3333%;\">MSC Mondo America<\/td>\n<td style=\"width: 33.3333%;\">2025<\/td>\n<td style=\"width: 33.3333%;\"><\/td>\n<\/tr>\n<\/tbody>\n<\/table>\n<h2>Informazioni su MSC Crociere<\/h2>\n<p>MSC Crociere \u00e8 sinonimo di divertimento e piacere. Le nostre crociere di lusso sono hotel a 5 stelle sull&#039;acqua e il modo migliore per visitare diverse destinazioni desiderate e arrivarci con comfort e stile. MSC Crociere \u00e8 diventata leader nel mercato delle crociere nel Mediterraneo. Grazie alla nostra struttura unica della flotta, ora abbiamo una delle flotte pi\u00f9 moderne al mondo. In linea con la significativa crescita degli ultimi anni, MSC Crociere ha stabilito una posizione di leadership nel Mediterraneo, in Sudafrica e in Brasile. La nostra azienda \u00e8 interamente europea. Diamo lavoro a 12.000 persone in tutto il mondo e la societ\u00e0 \u00e8 rappresentata in 45 paesi.<\/p>\n<p>Una moderna flotta di undici navi trasporta 1,2 milioni di passeggeri. MSC Crociere \u00e8 presente nel Mediterraneo tutto l&#039;anno e offre una vasta gamma di rotte stagionali verso il Nord Europa, l&#039;Atlantico, i Caraibi e le Antille, il Sud America, l&#039;Oceano Indiano, il Sud e l&#039;Africa occidentale e gli Emirati Arabi Uniti.<\/p>\n<p>Ogni crociera \u00e8 stata progettata per permetterti di vivere appieno la destinazione scelta. Dai monumenti storici del Mediterraneo classico agli Stati baltici, dalla diversit\u00e0 dell&#039;Africa ai ritmi caraibici liberati e l&#039;atmosfera esotica dei carnevali del Sud America, ogni crociera \u00e8 un&#039;avventura indimenticabile. Puoi goderti la vacanza dei tuoi sogni a prezzi convenienti e scegliere tra una vasta gamma di destinazioni, come le soleggiate isole greche, i bellissimi fiordi norvegesi, il mare turchese dei Caraibi e molto altro. MSC Crociere ti consente di visitare pi\u00f9 destinazioni con un solo viaggio!<\/p>\n<p>In termini di servizio e comfort, MSC Crociere continua a stabilire standard per crociere di lusso. Lo confermano MSC Aurea Spa, il lussuoso centro benessere e MSC Yacht Club. Nel Top Sail Lounge Bar, dotato di un tetto scorrevole Skydome, puoi gustare specialit\u00e0 gastronomiche sotto le stelle. \u00c8 inoltre possibile usufruire della MSC Aurea Spa.<\/p>","protected":false},"excerpt":{"rendered":"<p>Posizione della flotta MSC Crociere Navi, numeri IMO, MMSI, webcam Dov&#039;\u00e8 attualmente la posizione della flotta MSC Crociere? Nave IMO MMSI MSC Preziosa 9595321 371861000 MSC Sinfonia 9210153 356716000 MSC Poesia 9387073 355931000 MSC Orchestra 9320099 372497000 MSC Opera 9250464 357627000 MSC Musica 93 20087 352003000 MSC Magnifica 9387085 352594000 MSC Lirica 9246102 356042000 MSC\u2026&nbsp;<a href=\"https:\/\/ship-tracker.org\/it\/msc-cruises\/\" rel=\"bookmark\">Per saperne di pi\u00f9 &quot;<span class=\"screen-reader-text\">MSC Cruises<\/span><\/a><\/p>","protected":false},"author":1,"featured_media":2087,"parent":0,"menu_order":0,"comment_status":"closed","ping_status":"closed","template":"","meta":{"neve_meta_sidebar":"","neve_meta_container":"","neve_meta_enable_content_width":"","neve_meta_content_width":0,"neve_meta_title_alignment":"","neve_meta_author_avatar":"","neve_post_elements_order":"","neve_meta_disable_header":"","neve_meta_disable_footer":"","neve_meta_disable_title":"","neve_meta_reading_time":"","footnotes":""},"class_list":["post-2086","page","type-page","status-publish","has-post-thumbnail","hentry"],"yoast_head":"<!-- This site is optimized with the Yoast SEO plugin v26.9 - https:\/\/yoast.com\/product\/yoast-seo-wordpress\/ -->\n<title>Track MSC Cruises Fleet | Cruise Ships | Marine Vessel | Live Map<\/title>\n<meta name=\"description\" content=\"MSC Cruises Fleet Location | Current Positions of MSC Cruises Ships, IMO numbers, MMSI, Webcam | Live Fleet Maps | Live Ship Tracker\" \/>\n<meta name=\"robots\" content=\"index, follow, max-snippet:-1, max-image-preview:large, max-video-preview:-1\" \/>\n<link rel=\"canonical\" href=\"https:\/\/ship-tracker.org\/it\/msc-cruises\/\" \/>\n<meta property=\"og:locale\" content=\"it_IT\" \/>\n<meta property=\"og:type\" content=\"article\" \/>\n<meta property=\"og:title\" content=\"Track MSC Cruises Fleet | Cruise Ships | Marine Vessel | Live Map\" \/>\n<meta property=\"og:description\" content=\"MSC Cruises Fleet Location | Current Positions of MSC Cruises Ships, IMO numbers, MMSI, Webcam | Live Fleet Maps | Live Ship Tracker\" \/>\n<meta property=\"og:url\" content=\"https:\/\/ship-tracker.org\/it\/msc-cruises\/\" \/>\n<meta property=\"og:site_name\" content=\"Ship-tracker.org\" \/>\n<meta property=\"article:modified_time\" content=\"2023-06-03T10:24:30+00:00\" \/>\n<meta property=\"og:image\" content=\"https:\/\/ship-tracker.org\/wp-content\/uploads\/2020\/04\/reederei-msc.jpg\" \/>\n\t<meta property=\"og:image:width\" content=\"325\" \/>\n\t<meta property=\"og:image:height\" content=\"245\" \/>\n\t<meta property=\"og:image:type\" content=\"image\/jpeg\" \/>\n<meta name=\"twitter:card\" content=\"summary_large_image\" \/>\n<meta name=\"twitter:label1\" content=\"Tempo di lettura stimato\" \/>\n\t<meta name=\"twitter:data1\" content=\"2 minuti\" \/>\n<script type=\"application\/ld+json\" class=\"yoast-schema-graph\">{\"@context\":\"https:\/\/schema.org\",\"@graph\":[{\"@type\":\"WebPage\",\"@id\":\"https:\/\/ship-tracker.org\/msc-cruises\/\",\"url\":\"https:\/\/ship-tracker.org\/msc-cruises\/\",\"name\":\"Track MSC Cruises Fleet | Cruise Ships | Marine Vessel | Live Map\",\"isPartOf\":{\"@id\":\"https:\/\/ship-tracker.org\/#website\"},\"primaryImageOfPage\":{\"@id\":\"https:\/\/ship-tracker.org\/msc-cruises\/#primaryimage\"},\"image\":{\"@id\":\"https:\/\/ship-tracker.org\/msc-cruises\/#primaryimage\"},\"thumbnailUrl\":\"https:\/\/ship-tracker.org\/wp-content\/uploads\/2020\/04\/reederei-msc.jpg\",\"datePublished\":\"2020-04-29T12:39:32+00:00\",\"dateModified\":\"2023-06-03T10:24:30+00:00\",\"description\":\"MSC Cruises Fleet Location | Current Positions of MSC Cruises Ships, IMO numbers, MMSI, Webcam | Live Fleet Maps | Live Ship Tracker\",\"breadcrumb\":{\"@id\":\"https:\/\/ship-tracker.org\/msc-cruises\/#breadcrumb\"},\"inLanguage\":\"it-IT\",\"potentialAction\":[{\"@type\":\"ReadAction\",\"target\":[\"https:\/\/ship-tracker.org\/msc-cruises\/\"]}]},{\"@type\":\"ImageObject\",\"inLanguage\":\"it-IT\",\"@id\":\"https:\/\/ship-tracker.org\/msc-cruises\/#primaryimage\",\"url\":\"https:\/\/ship-tracker.org\/wp-content\/uploads\/2020\/04\/reederei-msc.jpg\",\"contentUrl\":\"https:\/\/ship-tracker.org\/wp-content\/uploads\/2020\/04\/reederei-msc.jpg\",\"width\":325,\"height\":245,\"caption\":\"MSC Cruises\"},{\"@type\":\"BreadcrumbList\",\"@id\":\"https:\/\/ship-tracker.org\/msc-cruises\/#breadcrumb\",\"itemListElement\":[{\"@type\":\"ListItem\",\"position\":1,\"name\":\"Startseite\",\"item\":\"https:\/\/ship-tracker.org\/\"},{\"@type\":\"ListItem\",\"position\":2,\"name\":\"MSC Cruises\"}]},{\"@type\":\"WebSite\",\"@id\":\"https:\/\/ship-tracker.org\/#website\",\"url\":\"https:\/\/ship-tracker.org\/\",\"name\":\"Ship-tracker.org\",\"description\":\"\",\"potentialAction\":[{\"@type\":\"SearchAction\",\"target\":{\"@type\":\"EntryPoint\",\"urlTemplate\":\"https:\/\/ship-tracker.org\/?s={search_term_string}\"},\"query-input\":{\"@type\":\"PropertyValueSpecification\",\"valueRequired\":true,\"valueName\":\"search_term_string\"}}],\"inLanguage\":\"it-IT\"}]}<\/script>\n<!-- \/ Yoast SEO plugin. -->","yoast_head_json":{"title":"Traccia la flotta di MSC Crociere | Navi da crociera | Nave marina | Mappa dal vivo","description":"Posizione della flotta MSC Crociere | Posizioni attuali delle navi MSC Crociere, numeri IMO, MMSI, webcam | Mappe della flotta in tempo reale | Localizzatore di navi in tempo reale","robots":{"index":"index","follow":"follow","max-snippet":"max-snippet:-1","max-image-preview":"max-image-preview:large","max-video-preview":"max-video-preview:-1"},"canonical":"https:\/\/ship-tracker.org\/it\/msc-cruises\/","og_locale":"it_IT","og_type":"article","og_title":"Track MSC Cruises Fleet | Cruise Ships | Marine Vessel | Live Map","og_description":"MSC Cruises Fleet Location | Current Positions of MSC Cruises Ships, IMO numbers, MMSI, Webcam | Live Fleet Maps | Live Ship Tracker","og_url":"https:\/\/ship-tracker.org\/it\/msc-cruises\/","og_site_name":"Ship-tracker.org","article_modified_time":"2023-06-03T10:24:30+00:00","og_image":[{"width":325,"height":245,"url":"https:\/\/ship-tracker.org\/wp-content\/uploads\/2020\/04\/reederei-msc.jpg","type":"image\/jpeg"}],"twitter_card":"summary_large_image","twitter_misc":{"Tempo di lettura stimato":"2 minuti"},"schema":{"@context":"https:\/\/schema.org","@graph":[{"@type":"WebPage","@id":"https:\/\/ship-tracker.org\/msc-cruises\/","url":"https:\/\/ship-tracker.org\/msc-cruises\/","name":"Traccia la flotta di MSC Crociere | Navi da crociera | Nave marina | Mappa dal vivo","isPartOf":{"@id":"https:\/\/ship-tracker.org\/#website"},"primaryImageOfPage":{"@id":"https:\/\/ship-tracker.org\/msc-cruises\/#primaryimage"},"image":{"@id":"https:\/\/ship-tracker.org\/msc-cruises\/#primaryimage"},"thumbnailUrl":"https:\/\/ship-tracker.org\/wp-content\/uploads\/2020\/04\/reederei-msc.jpg","datePublished":"2020-04-29T12:39:32+00:00","dateModified":"2023-06-03T10:24:30+00:00","description":"Posizione della flotta MSC Crociere | Posizioni attuali delle navi MSC Crociere, numeri IMO, MMSI, webcam | Mappe della flotta in tempo reale | Localizzatore di navi in tempo reale","breadcrumb":{"@id":"https:\/\/ship-tracker.org\/msc-cruises\/#breadcrumb"},"inLanguage":"it-IT","potentialAction":[{"@type":"ReadAction","target":["https:\/\/ship-tracker.org\/msc-cruises\/"]}]},{"@type":"ImageObject","inLanguage":"it-IT","@id":"https:\/\/ship-tracker.org\/msc-cruises\/#primaryimage","url":"https:\/\/ship-tracker.org\/wp-content\/uploads\/2020\/04\/reederei-msc.jpg","contentUrl":"https:\/\/ship-tracker.org\/wp-content\/uploads\/2020\/04\/reederei-msc.jpg","width":325,"height":245,"caption":"MSC Cruises"},{"@type":"BreadcrumbList","@id":"https:\/\/ship-tracker.org\/msc-cruises\/#breadcrumb","itemListElement":[{"@type":"ListItem","position":1,"name":"Startseite","item":"https:\/\/ship-tracker.org\/"},{"@type":"ListItem","position":2,"name":"MSC Cruises"}]},{"@type":"WebSite","@id":"https:\/\/ship-tracker.org\/#website","url":"https:\/\/ship-tracker.org\/","name":"Ship-tracker.org","description":"","potentialAction":[{"@type":"SearchAction","target":{"@type":"EntryPoint","urlTemplate":"https:\/\/ship-tracker.org\/?s={search_term_string}"},"query-input":{"@type":"PropertyValueSpecification","valueRequired":true,"valueName":"search_term_string"}}],"inLanguage":"it-IT"}]}},"_links":{"self":[{"href":"https:\/\/ship-tracker.org\/it\/wp-json\/wp\/v2\/pages\/2086","targetHints":{"allow":["GET"]}}],"collection":[{"href":"https:\/\/ship-tracker.org\/it\/wp-json\/wp\/v2\/pages"}],"about":[{"href":"https:\/\/ship-tracker.org\/it\/wp-json\/wp\/v2\/types\/page"}],"author":[{"embeddable":true,"href":"https:\/\/ship-tracker.org\/it\/wp-json\/wp\/v2\/users\/1"}],"replies":[{"embeddable":true,"href":"https:\/\/ship-tracker.org\/it\/wp-json\/wp\/v2\/comments?post=2086"}],"version-history":[{"count":9,"href":"https:\/\/ship-tracker.org\/it\/wp-json\/wp\/v2\/pages\/2086\/revisions"}],"predecessor-version":[{"id":3572,"href":"https:\/\/ship-tracker.org\/it\/wp-json\/wp\/v2\/pages\/2086\/revisions\/3572"}],"wp:featuredmedia":[{"embeddable":true,"href":"https:\/\/ship-tracker.org\/it\/wp-json\/wp\/v2\/media\/2087"}],"wp:attachment":[{"href":"https:\/\/ship-tracker.org\/it\/wp-json\/wp\/v2\/media?parent=2086"}],"curies":[{"name":"parola chiave","href":"https:\/\/api.w.org\/{rel}","templated":true}]}}