{"id":2081,"date":"2020-04-29T14:37:25","date_gmt":"2020-04-29T12:37:25","guid":{"rendered":"https:\/\/ship-tracker.org\/?page_id=2081"},"modified":"2022-10-27T16:00:06","modified_gmt":"2022-10-27T14:00:06","slug":"costa-cruises","status":"publish","type":"page","link":"https:\/\/ship-tracker.org\/it\/costa-cruises\/","title":{"rendered":"Costa Cruises"},"content":{"rendered":"<h2>Navi di localizzazione della flotta di Costa Crociere, numeri IMO, MMSI, webcam<\/h2>\n<p>Dove si trova attualmente la posizione della flotta Costa Crociere?<\/p>\n<table style=\"border-collapse: collapse; width: 100%; height: 480px;\">\n<tbody>\n<tr style=\"height: 24px;\">\n<td style=\"width: 33.3333%; height: 24px;\"><span style=\"color: #1f405b;\"><strong>Nave<\/strong><\/span><\/td>\n<td style=\"width: 33.3333%; height: 24px;\"><span style=\"color: #1f405b;\"><strong>IMO<\/strong><\/span><\/td>\n<td style=\"width: 33.3333%; height: 24px;\"><span style=\"color: #1f405b;\"><strong>MMSI<\/strong><\/span><\/td>\n<\/tr>\n<tr style=\"height: 24px;\">\n<td style=\"width: 33.3333%; height: 24px;\"><a href=\"https:\/\/ship-tracker.org\/it\/costa-deliziosa\/\">Costa Deliziosa<\/a><\/td>\n<td style=\"width: 33.3333%; height: 24px;\">9398917<\/td>\n<td style=\"width: 33.3333%; height: 24px;\">247282900<\/td>\n<\/tr>\n<tr style=\"height: 24px;\">\n<td style=\"width: 33.3333%; height: 24px;\"><a href=\"https:\/\/ship-tracker.org\/it\/costa-diadema\/\">Costa Diadema<\/a><\/td>\n<td style=\"width: 33.3333%; height: 24px;\">9636888<\/td>\n<td style=\"width: 33.3333%; height: 24px;\">247353700<\/td>\n<\/tr>\n<tr style=\"height: 24px;\">\n<td style=\"width: 33.3333%; height: 24px;\"><a href=\"https:\/\/ship-tracker.org\/it\/costa-fascinosa\/\">Costa Fascinosa<\/a><\/td>\n<td style=\"width: 33.3333%; height: 24px;\">9479864<\/td>\n<td style=\"width: 33.3333%; height: 24px;\">247313500<\/td>\n<\/tr>\n<tr style=\"height: 24px;\">\n<td style=\"width: 33.3333%; height: 24px;\"><a href=\"https:\/\/ship-tracker.org\/it\/costa-favolosa\/\">Costa Favolosa<\/a><\/td>\n<td style=\"width: 33.3333%; height: 24px;\">9479852<\/td>\n<td style=\"width: 33.3333%; height: 24px;\">247311100<\/td>\n<\/tr>\n<tr style=\"height: 24px;\">\n<td style=\"width: 33.3333%; height: 24px;\"><a href=\"https:\/\/ship-tracker.org\/it\/costa-fortuna\/\">Costa Fortuna<\/a><\/td>\n<td style=\"width: 33.3333%; height: 24px;\">9239783<\/td>\n<td style=\"width: 33.3333%; height: 24px;\">247094800<\/td>\n<\/tr>\n<tr style=\"height: 24px;\">\n<td style=\"width: 33.3333%; height: 24px;\"><a href=\"https:\/\/ship-tracker.org\/it\/costa-luminosa\/\">Costa Luminosa<\/a><\/td>\n<td style=\"width: 33.3333%; height: 24px;\">9172777<\/td>\n<td style=\"width: 33.3333%; height: 24px;\">247325300<\/td>\n<\/tr>\n<tr style=\"height: 24px;\">\n<td style=\"width: 33.3333%; height: 24px;\"><a href=\"https:\/\/ship-tracker.org\/it\/costa-magica\/\">Costa Magica<\/a><\/td>\n<td style=\"width: 33.3333%; height: 24px;\">9239795<\/td>\n<td style=\"width: 33.3333%; height: 24px;\">247113300<\/td>\n<\/tr>\n<tr class=\"alt\" style=\"height: 24px;\">\n<td style=\"width: 33.3333%; height: 24px;\"><a href=\"https:\/\/ship-tracker.org\/it\/costa-mediterranea\/\">Costa Mediterranea<\/a><\/td>\n<td style=\"width: 33.3333%; height: 24px;\">9237345<\/td>\n<td style=\"width: 33.3333%; height: 24px;\">247088200<\/td>\n<\/tr>\n<tr style=\"height: 24px;\">\n<td style=\"width: 33.3333%; height: 24px;\"><a href=\"https:\/\/ship-tracker.org\/it\/costa-pacifica\/\">Costa Pacifica<\/a><\/td>\n<td style=\"width: 33.3333%; height: 24px;\">9378498<\/td>\n<td style=\"width: 33.3333%; height: 24px;\">247258100<\/td>\n<\/tr>\n<tr style=\"height: 24px;\">\n<td style=\"width: 33.3333%; height: 24px;\"><a href=\"https:\/\/ship-tracker.org\/it\/costa-serena\/\">Costa Serena<\/a><\/td>\n<td style=\"width: 33.3333%; height: 24px;\">9343132<\/td>\n<td style=\"width: 33.3333%; height: 24px;\">247187600<\/td>\n<\/tr>\n<tr style=\"height: 24px;\">\n<td style=\"width: 33.3333%; height: 24px;\"><a href=\"https:\/\/ship-tracker.org\/it\/costa-smeralda\/\">Costa Smeralda<\/a><\/td>\n<td style=\"width: 33.3333%; height: 24px;\">9781889<\/td>\n<td style=\"width: 33.3333%; height: 24px;\">247391900<\/td>\n<\/tr>\n<tr style=\"height: 24px;\">\n<td style=\"width: 33.3333%; height: 24px;\"><a href=\"https:\/\/ship-tracker.org\/it\/costa-venezia\/\">Costa Venezia<\/a><\/td>\n<td style=\"width: 33.3333%; height: 24px;\">9801689<\/td>\n<td style=\"width: 33.3333%; height: 24px;\">247391100<\/td>\n<\/tr>\n<tr style=\"height: 24px;\">\n<td style=\"width: 33.3333%; height: 24px;\"><a href=\"https:\/\/ship-tracker.org\/it\/costa-firenze\/\">Costa Firenze<\/a><\/td>\n<td style=\"width: 33.3333%; height: 24px;\">9801691<\/td>\n<td style=\"width: 33.3333%; height: 24px;\">247431800<\/td>\n<\/tr>\n<tr style=\"height: 24px;\">\n<td style=\"width: 33.3333%; height: 24px;\"><a href=\"https:\/\/ship-tracker.org\/it\/costa-toscana\/\">Costa Toscana<\/a><\/td>\n<td style=\"width: 33.3333%; height: 24px;\">9781891<\/td>\n<td style=\"width: 33.3333%; height: 24px;\">247431200<\/td>\n<\/tr>\n<\/tbody>\n<\/table>\n<h2>Costa Crociere<\/h2>\n<p>Costa Crociere \u00e8 la pi\u00f9 grande compagnia di crociere in Europa e offre una vasta gamma di crociere e una variet\u00e0 di programmi diversi. Ogni barca unisce comfort, divertimento e divertimento in un modo inconfondibilmente italiano. Dal momento in cui ti imbarchi, scoprirai che una crociera con Costa Crociere sar\u00e0 indimenticabile.<\/p>\n<p>Ogni crociera Costa offre cos\u00ec tanti contenuti e piaceri diversi. Non devi nemmeno lasciare la nave, perch\u00e9 puoi anche trovare a bordo varie attivit\u00e0 per soddisfare ogni umore e gusto. Le moderne navi Costa sono dotate di tutto il necessario per una vacanza all-inclusive. Con tutte le attivit\u00e0 che soddisfano gusti e stili di vita diversi, non possiamo parlare di una tipica nave da crociera. Il nostro personale di agenzia amichevole e qualificato ti aiuter\u00e0 sempre a scegliere una crociera.<\/p>\n<p>Naviga verso il viaggio dei tuoi sogni! La pi\u00f9 grande selezione di crociere individuali e di gruppo su navi di lusso in Europa, Mediterraneo, Asia, Caraibi e Alaska ti coccoler\u00e0 con comfort, glamour e una variet\u00e0 di attivit\u00e0. Una crociera Costa Cruise include tutti i pasti, le attivit\u00e0 nautiche, l&#039;intrattenimento e le crociere tra le destinazioni. Tali crociere sono un modo molto piacevole di viaggiare, poich\u00e9 non devi pensare se puoi prendere il volo successivo per la destinazione successiva. Scoprirai che le nostre navi sono resort galleggianti che offrono il massimo comfort e tutte le attivit\u00e0 che puoi immaginare. Non sorprende quindi che sempre pi\u00f9 persone scelgano crociere per le loro vacanze.<\/p>\n<p>Inoltre, le nostre crociere hanno la pi\u00f9 alta percentuale di passeggeri soddisfatti rispetto a tutti gli altri tipi di viaggio. Naviga con Costa Crociere dal soleggiato est al soleggiato ovest ed esplora molte destinazioni diverse. O semplicemente rilassati su uno dei ponti della barca e goditi il sole e l&#039;odore del mare. Una cosa \u00e8 certa: con Costa Crociere non ti annoierai mai. Pi\u00f9 che mai, i viaggiatori stanno scoprendo i vantaggi e i piaceri della crociera con il miglior rapporto qualit\u00e0-prezzo.<\/p>","protected":false},"excerpt":{"rendered":"<p>Posizione della flotta Costa Crociere Navi, numeri IMO, MMSI, Webcam Dove si trova attualmente la posizione attuale della flotta Costa Crociere? Nave IMO MMSI Costa Deliziosa 9398917 247282900 Costa Diadema 9636888 247353700 Costa Fascinosa 9479864 247313500 Costa Favolosa 9479852 247311100 Costa Fortuna 9239783 247094800 Costa Luminosa 9172 777 247325300 Costa Magica 9239795 247113300 Costa Mediterranea 9237345 247088200 Costa Pacifica\u2026&nbsp;<a href=\"https:\/\/ship-tracker.org\/it\/costa-cruises\/\" rel=\"bookmark\">Per saperne di pi\u00f9 &quot;<span class=\"screen-reader-text\">Costa Cruises<\/span><\/a><\/p>","protected":false},"author":1,"featured_media":2083,"parent":0,"menu_order":0,"comment_status":"closed","ping_status":"closed","template":"","meta":{"neve_meta_sidebar":"","neve_meta_container":"","neve_meta_enable_content_width":"","neve_meta_content_width":0,"neve_meta_title_alignment":"","neve_meta_author_avatar":"","neve_post_elements_order":"","neve_meta_disable_header":"","neve_meta_disable_footer":"","neve_meta_disable_title":"","neve_meta_reading_time":"","footnotes":""},"class_list":["post-2081","page","type-page","status-publish","has-post-thumbnail","hentry"],"yoast_head":"<!-- This site is optimized with the Yoast SEO plugin v27.4 - https:\/\/yoast.com\/product\/yoast-seo-wordpress\/ -->\n<title>Track Costa Cruises Fleet | Cruise Ships | Marine Vessel<\/title>\n<meta name=\"description\" content=\"Costa Cruises Fleet Location | Current Positions of Costa Cruises Ships, IMO numbers, MMSI, Webcam | Live Fleet Maps | Live Ship Tracker\" \/>\n<meta name=\"robots\" content=\"index, follow, max-snippet:-1, max-image-preview:large, max-video-preview:-1\" \/>\n<link rel=\"canonical\" href=\"https:\/\/ship-tracker.org\/it\/costa-cruises\/\" \/>\n<meta property=\"og:locale\" content=\"it_IT\" \/>\n<meta property=\"og:type\" content=\"article\" \/>\n<meta property=\"og:title\" content=\"Track Costa Cruises Fleet | Cruise Ships | Marine Vessel\" \/>\n<meta property=\"og:description\" content=\"Costa Cruises Fleet Location | Current Positions of Costa Cruises Ships, IMO numbers, MMSI, Webcam | Live Fleet Maps | Live Ship Tracker\" \/>\n<meta property=\"og:url\" content=\"https:\/\/ship-tracker.org\/it\/costa-cruises\/\" \/>\n<meta property=\"og:site_name\" content=\"Ship-tracker.org\" \/>\n<meta property=\"article:modified_time\" content=\"2022-10-27T14:00:06+00:00\" \/>\n<meta property=\"og:image\" content=\"https:\/\/ship-tracker.org\/wp-content\/uploads\/2020\/04\/Costa_Logo4c_Positiv-1080x675-1.jpg\" \/>\n\t<meta property=\"og:image:width\" content=\"1080\" \/>\n\t<meta property=\"og:image:height\" content=\"675\" \/>\n\t<meta property=\"og:image:type\" content=\"image\/jpeg\" \/>\n<meta name=\"twitter:card\" content=\"summary_large_image\" \/>\n<meta name=\"twitter:label1\" content=\"Tempo di lettura stimato\" \/>\n\t<meta name=\"twitter:data1\" content=\"2 minuti\" \/>\n<script type=\"application\/ld+json\" class=\"yoast-schema-graph\">{\"@context\":\"https:\\\/\\\/schema.org\",\"@graph\":[{\"@type\":\"WebPage\",\"@id\":\"https:\\\/\\\/ship-tracker.org\\\/costa-cruises\\\/\",\"url\":\"https:\\\/\\\/ship-tracker.org\\\/costa-cruises\\\/\",\"name\":\"Track Costa Cruises Fleet | Cruise Ships | Marine Vessel\",\"isPartOf\":{\"@id\":\"https:\\\/\\\/ship-tracker.org\\\/#website\"},\"primaryImageOfPage\":{\"@id\":\"https:\\\/\\\/ship-tracker.org\\\/costa-cruises\\\/#primaryimage\"},\"image\":{\"@id\":\"https:\\\/\\\/ship-tracker.org\\\/costa-cruises\\\/#primaryimage\"},\"thumbnailUrl\":\"https:\\\/\\\/ship-tracker.org\\\/wp-content\\\/uploads\\\/2020\\\/04\\\/Costa_Logo4c_Positiv-1080x675-1.jpg\",\"datePublished\":\"2020-04-29T12:37:25+00:00\",\"dateModified\":\"2022-10-27T14:00:06+00:00\",\"description\":\"Costa Cruises Fleet Location | Current Positions of Costa Cruises Ships, IMO numbers, MMSI, Webcam | Live Fleet Maps | Live Ship Tracker\",\"breadcrumb\":{\"@id\":\"https:\\\/\\\/ship-tracker.org\\\/costa-cruises\\\/#breadcrumb\"},\"inLanguage\":\"it-IT\",\"potentialAction\":[{\"@type\":\"ReadAction\",\"target\":[\"https:\\\/\\\/ship-tracker.org\\\/costa-cruises\\\/\"]}]},{\"@type\":\"ImageObject\",\"inLanguage\":\"it-IT\",\"@id\":\"https:\\\/\\\/ship-tracker.org\\\/costa-cruises\\\/#primaryimage\",\"url\":\"https:\\\/\\\/ship-tracker.org\\\/wp-content\\\/uploads\\\/2020\\\/04\\\/Costa_Logo4c_Positiv-1080x675-1.jpg\",\"contentUrl\":\"https:\\\/\\\/ship-tracker.org\\\/wp-content\\\/uploads\\\/2020\\\/04\\\/Costa_Logo4c_Positiv-1080x675-1.jpg\",\"width\":1080,\"height\":675,\"caption\":\"Costa Cruises\"},{\"@type\":\"BreadcrumbList\",\"@id\":\"https:\\\/\\\/ship-tracker.org\\\/costa-cruises\\\/#breadcrumb\",\"itemListElement\":[{\"@type\":\"ListItem\",\"position\":1,\"name\":\"Startseite\",\"item\":\"https:\\\/\\\/ship-tracker.org\\\/\"},{\"@type\":\"ListItem\",\"position\":2,\"name\":\"Costa Cruises\"}]},{\"@type\":\"WebSite\",\"@id\":\"https:\\\/\\\/ship-tracker.org\\\/#website\",\"url\":\"https:\\\/\\\/ship-tracker.org\\\/\",\"name\":\"Ship-tracker.org\",\"description\":\"\",\"potentialAction\":[{\"@type\":\"SearchAction\",\"target\":{\"@type\":\"EntryPoint\",\"urlTemplate\":\"https:\\\/\\\/ship-tracker.org\\\/?s={search_term_string}\"},\"query-input\":{\"@type\":\"PropertyValueSpecification\",\"valueRequired\":true,\"valueName\":\"search_term_string\"}}],\"inLanguage\":\"it-IT\"}]}<\/script>\n<!-- \/ Yoast SEO plugin. -->","yoast_head_json":{"title":"Traccia la flotta Costa Crociere | Navi da crociera | Marine Vessel","description":"Posizione Flotta Costa Crociere | Posizioni attuali delle navi Costa Crociere, numeri IMO, MMSI, Webcam | Mappe della flotta in tempo reale | Localizzatore di navi in tempo reale","robots":{"index":"index","follow":"follow","max-snippet":"max-snippet:-1","max-image-preview":"max-image-preview:large","max-video-preview":"max-video-preview:-1"},"canonical":"https:\/\/ship-tracker.org\/it\/costa-cruises\/","og_locale":"it_IT","og_type":"article","og_title":"Track Costa Cruises Fleet | Cruise Ships | Marine Vessel","og_description":"Costa Cruises Fleet Location | Current Positions of Costa Cruises Ships, IMO numbers, MMSI, Webcam | Live Fleet Maps | Live Ship Tracker","og_url":"https:\/\/ship-tracker.org\/it\/costa-cruises\/","og_site_name":"Ship-tracker.org","article_modified_time":"2022-10-27T14:00:06+00:00","og_image":[{"width":1080,"height":675,"url":"https:\/\/ship-tracker.org\/wp-content\/uploads\/2020\/04\/Costa_Logo4c_Positiv-1080x675-1.jpg","type":"image\/jpeg"}],"twitter_card":"summary_large_image","twitter_misc":{"Tempo di lettura stimato":"2 minuti"},"schema":{"@context":"https:\/\/schema.org","@graph":[{"@type":"WebPage","@id":"https:\/\/ship-tracker.org\/costa-cruises\/","url":"https:\/\/ship-tracker.org\/costa-cruises\/","name":"Traccia la flotta Costa Crociere | Navi da crociera | Marine Vessel","isPartOf":{"@id":"https:\/\/ship-tracker.org\/#website"},"primaryImageOfPage":{"@id":"https:\/\/ship-tracker.org\/costa-cruises\/#primaryimage"},"image":{"@id":"https:\/\/ship-tracker.org\/costa-cruises\/#primaryimage"},"thumbnailUrl":"https:\/\/ship-tracker.org\/wp-content\/uploads\/2020\/04\/Costa_Logo4c_Positiv-1080x675-1.jpg","datePublished":"2020-04-29T12:37:25+00:00","dateModified":"2022-10-27T14:00:06+00:00","description":"Posizione Flotta Costa Crociere | Posizioni attuali delle navi Costa Crociere, numeri IMO, MMSI, Webcam | Mappe della flotta in tempo reale | Localizzatore di navi in tempo reale","breadcrumb":{"@id":"https:\/\/ship-tracker.org\/costa-cruises\/#breadcrumb"},"inLanguage":"it-IT","potentialAction":[{"@type":"ReadAction","target":["https:\/\/ship-tracker.org\/costa-cruises\/"]}]},{"@type":"ImageObject","inLanguage":"it-IT","@id":"https:\/\/ship-tracker.org\/costa-cruises\/#primaryimage","url":"https:\/\/ship-tracker.org\/wp-content\/uploads\/2020\/04\/Costa_Logo4c_Positiv-1080x675-1.jpg","contentUrl":"https:\/\/ship-tracker.org\/wp-content\/uploads\/2020\/04\/Costa_Logo4c_Positiv-1080x675-1.jpg","width":1080,"height":675,"caption":"Costa Cruises"},{"@type":"BreadcrumbList","@id":"https:\/\/ship-tracker.org\/costa-cruises\/#breadcrumb","itemListElement":[{"@type":"ListItem","position":1,"name":"Startseite","item":"https:\/\/ship-tracker.org\/"},{"@type":"ListItem","position":2,"name":"Costa Cruises"}]},{"@type":"WebSite","@id":"https:\/\/ship-tracker.org\/#website","url":"https:\/\/ship-tracker.org\/","name":"Ship-tracker.org","description":"","potentialAction":[{"@type":"SearchAction","target":{"@type":"EntryPoint","urlTemplate":"https:\/\/ship-tracker.org\/?s={search_term_string}"},"query-input":{"@type":"PropertyValueSpecification","valueRequired":true,"valueName":"search_term_string"}}],"inLanguage":"it-IT"}]}},"_links":{"self":[{"href":"https:\/\/ship-tracker.org\/it\/wp-json\/wp\/v2\/pages\/2081","targetHints":{"allow":["GET"]}}],"collection":[{"href":"https:\/\/ship-tracker.org\/it\/wp-json\/wp\/v2\/pages"}],"about":[{"href":"https:\/\/ship-tracker.org\/it\/wp-json\/wp\/v2\/types\/page"}],"author":[{"embeddable":true,"href":"https:\/\/ship-tracker.org\/it\/wp-json\/wp\/v2\/users\/1"}],"replies":[{"embeddable":true,"href":"https:\/\/ship-tracker.org\/it\/wp-json\/wp\/v2\/comments?post=2081"}],"version-history":[{"count":6,"href":"https:\/\/ship-tracker.org\/it\/wp-json\/wp\/v2\/pages\/2081\/revisions"}],"predecessor-version":[{"id":3488,"href":"https:\/\/ship-tracker.org\/it\/wp-json\/wp\/v2\/pages\/2081\/revisions\/3488"}],"wp:featuredmedia":[{"embeddable":true,"href":"https:\/\/ship-tracker.org\/it\/wp-json\/wp\/v2\/media\/2083"}],"wp:attachment":[{"href":"https:\/\/ship-tracker.org\/it\/wp-json\/wp\/v2\/media?parent=2081"}],"curies":[{"name":"parola chiave","href":"https:\/\/api.w.org\/{rel}","templated":true}]}}