{"id":2060,"date":"2020-04-29T14:15:55","date_gmt":"2020-04-29T12:15:55","guid":{"rendered":"https:\/\/ship-tracker.org\/?page_id=2060"},"modified":"2023-08-13T02:47:17","modified_gmt":"2023-08-13T00:47:17","slug":"royal-caribbean","status":"publish","type":"page","link":"https:\/\/ship-tracker.org\/it\/royal-caribbean\/","title":{"rendered":"Royal Caribbean"},"content":{"rendered":"<h2>Navi di localizzazione della flotta dei Caraibi reali, numeri IMO, MMSI, webcam<\/h2>\n<p>Dove si trova attualmente la posizione della flotta dei Caraibi reali?<\/p>\n<table style=\"border-collapse: collapse; width: 100%; height: 733px;\">\n<tbody>\n<tr style=\"height: 23px;\">\n<td style=\"width: 33.3333%; height: 23px;\"><span style=\"color: #1f405b;\"><strong>Nave<\/strong><\/span><\/td>\n<td style=\"width: 33.3333%; height: 23px;\"><span style=\"color: #1f405b;\"><strong>IMO<\/strong><\/span><\/td>\n<td style=\"width: 33.3333%; height: 23px;\"><span style=\"color: #1f405b;\"><strong>MMSI<\/strong><\/span><\/td>\n<\/tr>\n<tr style=\"height: 24px;\">\n<td style=\"width: 33.3333%; height: 24px;\"><a href=\"https:\/\/ship-tracker.org\/it\/adventure-of-the-seas\/\">Adventure of the Seas<\/a><\/td>\n<td style=\"width: 33.3333%; height: 24px;\">9167227<\/td>\n<td style=\"width: 33.3333%; height: 24px;\">311263000<\/td>\n<\/tr>\n<tr style=\"height: 24px;\">\n<td style=\"width: 33.3333%; height: 24px;\"><a href=\"https:\/\/ship-tracker.org\/it\/allure-of-the-seas\/\">Allure of the Seas<\/a><\/td>\n<td style=\"width: 33.3333%; height: 24px;\">9383948<\/td>\n<td style=\"width: 33.3333%; height: 24px;\">311020700<\/td>\n<\/tr>\n<tr style=\"height: 24px;\">\n<td style=\"width: 33.3333%; height: 24px;\"><a href=\"https:\/\/ship-tracker.org\/it\/anthem-of-the-seas\/\">Anthem of the Seas<\/a><\/td>\n<td style=\"width: 33.3333%; height: 24px;\">9656101<\/td>\n<td style=\"width: 33.3333%; height: 24px;\">311000274<\/td>\n<\/tr>\n<tr style=\"height: 24px;\">\n<td style=\"width: 33.3333%; height: 24px;\"><a href=\"https:\/\/ship-tracker.org\/it\/brilliance-of-the-seas\/\">Brilliance of the Seas<\/a><\/td>\n<td style=\"width: 33.3333%; height: 24px;\">9195200<\/td>\n<td style=\"width: 33.3333%; height: 24px;\">311361000<\/td>\n<\/tr>\n<tr style=\"height: 24px;\">\n<td style=\"width: 33.3333%; height: 24px;\"><a href=\"https:\/\/ship-tracker.org\/it\/enchantment-of-the-seas\/\">Enchantment of the Seas<\/a><\/td>\n<td style=\"width: 33.3333%; height: 24px;\">9111802<\/td>\n<td style=\"width: 33.3333%; height: 24px;\">311733000<\/td>\n<\/tr>\n<tr style=\"height: 24px;\">\n<td style=\"width: 33.3333%; height: 24px;\"><a href=\"https:\/\/ship-tracker.org\/it\/explorer-of-the-seas\/\">Explorer of the Seas<\/a><\/td>\n<td style=\"width: 33.3333%; height: 24px;\">9161728<\/td>\n<td style=\"width: 33.3333%; height: 24px;\">311316000<\/td>\n<\/tr>\n<tr style=\"height: 24px;\">\n<td style=\"width: 33.3333%; height: 24px;\"><a href=\"https:\/\/ship-tracker.org\/it\/freedom-of-the-seas\/\">Freedom of the Seas<\/a><\/td>\n<td style=\"width: 33.3333%; height: 24px;\">9304033<\/td>\n<td style=\"width: 33.3333%; height: 24px;\">309906000<\/td>\n<\/tr>\n<tr style=\"height: 24px;\">\n<td style=\"width: 33.3333%; height: 24px;\"><a href=\"https:\/\/ship-tracker.org\/it\/grandeur-of-the-seas\/\">Grandiosit\u00e0 dei mari<\/a><\/td>\n<td style=\"width: 33.3333%; height: 24px;\">9102978<\/td>\n<td style=\"width: 33.3333%; height: 24px;\">311315000<\/td>\n<\/tr>\n<tr style=\"height: 24px;\">\n<td style=\"width: 33.3333%; height: 24px;\"><a href=\"https:\/\/ship-tracker.org\/it\/harmony-of-the-seas\/\">Armonia dei mari<\/a><\/td>\n<td style=\"width: 33.3333%; height: 24px;\">9682875<\/td>\n<td style=\"width: 33.3333%; height: 24px;\">311000396<\/td>\n<\/tr>\n<tr style=\"height: 24px;\">\n<td style=\"width: 33.3333%; height: 24px;\"><a href=\"https:\/\/ship-tracker.org\/it\/independence-of-the-seas\/\">Independence of the Seas<\/a><\/td>\n<td style=\"width: 33.3333%; height: 24px;\">9349681<\/td>\n<td style=\"width: 33.3333%; height: 24px;\">309374000<\/td>\n<\/tr>\n<tr style=\"height: 24px;\">\n<td style=\"width: 33.3333%; height: 24px;\"><a href=\"https:\/\/ship-tracker.org\/it\/jewel-of-the-seas\/\">Jewel of the Seas<\/a><\/td>\n<td style=\"width: 33.3333%; height: 24px;\">9228356<\/td>\n<td style=\"width: 33.3333%; height: 24px;\">311583000<\/td>\n<\/tr>\n<tr style=\"height: 24px;\">\n<td style=\"width: 33.3333%; height: 24px;\"><a href=\"https:\/\/ship-tracker.org\/it\/liberty-of-the-seas\/\">Liberty of the Seas<\/a><\/td>\n<td style=\"width: 33.3333%; height: 24px;\">9330032<\/td>\n<td style=\"width: 33.3333%; height: 24px;\">309436000<\/td>\n<\/tr>\n<tr style=\"height: 24px;\">\n<td style=\"width: 33.3333%; height: 24px;\"><a href=\"https:\/\/ship-tracker.org\/it\/mariner-of-the-seas\/\">Mariner of the Seas<\/a><\/td>\n<td style=\"width: 33.3333%; height: 24px;\">9227510<\/td>\n<td style=\"width: 33.3333%; height: 24px;\">311493000<\/td>\n<\/tr>\n<tr style=\"height: 24px;\">\n<td style=\"width: 33.3333%; height: 24px;\"><a href=\"https:\/\/ship-tracker.org\/it\/navigator-of-the-seas\/\">Navigator of the Seas<\/a><\/td>\n<td style=\"width: 33.3333%; height: 24px;\">9227508<\/td>\n<td style=\"width: 33.3333%; height: 24px;\">311478000<\/td>\n<\/tr>\n<tr style=\"height: 24px;\">\n<td style=\"width: 33.3333%; height: 24px;\"><a href=\"https:\/\/ship-tracker.org\/it\/oasis-of-the-seas\/\">Oasis of the Seas<\/a><\/td>\n<td style=\"width: 33.3333%; height: 24px;\">9383936<\/td>\n<td style=\"width: 33.3333%; height: 24px;\">311020600<\/td>\n<\/tr>\n<tr style=\"height: 24px;\">\n<td style=\"width: 33.3333%; height: 24px;\"><a href=\"https:\/\/ship-tracker.org\/it\/ovation-of-the-seas\/\">Ovation of the Seas<\/a><\/td>\n<td style=\"width: 33.3333%; height: 24px;\">9697753<\/td>\n<td style=\"width: 33.3333%; height: 24px;\">311000397<\/td>\n<\/tr>\n<tr style=\"height: 24px;\">\n<td style=\"width: 33.3333%; height: 24px;\"><a href=\"https:\/\/ship-tracker.org\/it\/quantum-of-the-seas\/\">Quantum of the Seas<\/a><\/td>\n<td style=\"width: 33.3333%; height: 24px;\">9549463<\/td>\n<td style=\"width: 33.3333%; height: 24px;\">311000267<\/td>\n<\/tr>\n<tr style=\"height: 24px;\">\n<td style=\"width: 33.3333%; height: 24px;\"><a href=\"https:\/\/ship-tracker.org\/it\/radiance-of-the-seas\/\">Radiance of the Seas<\/a><\/td>\n<td style=\"width: 33.3333%; height: 24px;\">9195195<\/td>\n<td style=\"width: 33.3333%; height: 24px;\">311319000<\/td>\n<\/tr>\n<tr style=\"height: 24px;\">\n<td style=\"width: 33.3333%; height: 24px;\"><a href=\"https:\/\/ship-tracker.org\/it\/rhapsody-of-the-seas\/\">Rhapsody of the Seas<\/a><\/td>\n<td style=\"width: 33.3333%; height: 24px;\">9116864<\/td>\n<td style=\"width: 33.3333%; height: 24px;\">311805000<\/td>\n<\/tr>\n<tr style=\"height: 24px;\">\n<td style=\"width: 33.3333%; height: 24px;\"><a href=\"https:\/\/ship-tracker.org\/it\/serenade-of-the-seas\/\">Serenade of the Seas<\/a><\/td>\n<td style=\"width: 33.3333%; height: 24px;\">9228344<\/td>\n<td style=\"width: 33.3333%; height: 24px;\">311492000<\/td>\n<\/tr>\n<tr style=\"height: 24px;\">\n<td style=\"width: 33.3333%; height: 24px;\"><a href=\"https:\/\/ship-tracker.org\/it\/spectrum-of-the-seas\/\">Spectrum of the Seas<\/a><\/td>\n<td style=\"width: 33.3333%; height: 24px;\">9778856<\/td>\n<td style=\"width: 33.3333%; height: 24px;\">311000749<\/td>\n<\/tr>\n<tr style=\"height: 24px;\">\n<td style=\"width: 33.3333%; height: 24px;\"><a href=\"https:\/\/ship-tracker.org\/it\/symphony-of-the-seas\/\">Symphony of the Seas<\/a><\/td>\n<td style=\"width: 33.3333%; height: 24px;\">9744001<\/td>\n<td style=\"width: 33.3333%; height: 24px;\">311000660<\/td>\n<\/tr>\n<tr style=\"height: 24px;\">\n<td style=\"width: 33.3333%; height: 24px;\"><a href=\"https:\/\/ship-tracker.org\/it\/vision-of-the-seas\/\">Vision of the Seas<\/a><\/td>\n<td style=\"width: 33.3333%; height: 24px;\">9116876<\/td>\n<td style=\"width: 33.3333%; height: 24px;\">311321000<\/td>\n<\/tr>\n<tr style=\"height: 16px;\">\n<td style=\"width: 33.3333%; height: 16px;\"><a href=\"https:\/\/ship-tracker.org\/it\/voyager-of-the-seas\/\">Voyager of the Seas<\/a><\/td>\n<td style=\"width: 33.3333%; height: 16px;\">9161716<\/td>\n<td style=\"width: 33.3333%; height: 16px;\">311317000<\/td>\n<\/tr>\n<tr style=\"height: 24px;\">\n<td style=\"width: 33.3333%; height: 24px;\"><a href=\"https:\/\/ship-tracker.org\/it\/odyssey-of-the-seas\/\">Odyssey of the Seas<\/a><\/td>\n<td style=\"width: 33.3333%; height: 24px;\">9795737<\/td>\n<td style=\"width: 33.3333%; height: 24px;\">311000912<\/td>\n<\/tr>\n<tr style=\"height: 24px;\">\n<td style=\"width: 33.3333%; height: 24px;\"><a href=\"https:\/\/ship-tracker.org\/it\/wonder-of-the-seas\/\">Wonder Of The Seas<\/a><\/td>\n<td style=\"width: 33.3333%; height: 24px;\">9838345<\/td>\n<td style=\"width: 33.3333%; height: 24px;\">311001033<\/td>\n<\/tr>\n<tr style=\"height: 23px;\">\n<td style=\"width: 33.3333%; height: 23px;\"><a href=\"https:\/\/ship-tracker.org\/it\/icon-of-the-seas\/\">Icona dei mari<\/a><\/td>\n<td style=\"width: 33.3333%; height: 23px;\">9829930<\/td>\n<td style=\"width: 33.3333%; height: 23px;\">311001178<\/td>\n<\/tr>\n<tr style=\"height: 23px;\">\n<td style=\"width: 33.3333%; height: 23px;\"><a href=\"https:\/\/ship-tracker.org\/it\/utopia-of-the-seas\/\">L&#039;utopia dei mari<\/a><\/td>\n<td style=\"width: 33.3333%; height: 23px;\"><\/td>\n<td style=\"width: 33.3333%; height: 23px;\"><\/td>\n<\/tr>\n<\/tbody>\n<\/table>\n<h2>A proposito di Royal Caribbean<\/h2>\n<p>Royal Caribbean International \u00e8 uno dei pi\u00f9 grandi marchi di crociere mondiali, attualmente gestisce 20 navi e altre due in costruzione. Ci\u00f2 che distingue Royal Caribbean dalle altre compagnie di crociera \u00e8 la nostra filosofia: &quot;Il cielo \u00e8 il limite&quot;. Niente \u00e8 impossibile per la nostra compagnia di spedizioni. Ne sono la prova vivente le attivit\u00e0 a bordo, che spaziano da via ferrata, simulatori di surf, funivie, trampolini elastici, piste di pattinaggio su ghiaccio a voli di ricognizione in elicottero e nuoto con razze. Dici solo la parola e noi lo rendiamo possibile!<\/p>\n<p>Le nostre navi sono perle di classe innovativa che visitano quasi tutti i luoghi della terra. Attraenti crociere si svolgono tutto l&#039;anno nei Caraibi, nel Mediterraneo e sulla Riviera messicana. Anche le crociere stagionali verso il Nord Europa, il Sud America, l&#039;Estremo Oriente e l&#039;Australia sono prenotate volentieri e spesso. La Royal Caribbean International naviga verso le incantevoli Bahamas, la frastagliata Alaska, il Messico, le Hawaii tropicali, il Canada e il New England, il leggendario Panama, la ricca Europa e l&#039;Asia esotica.<\/p>\n<p>Royal Caribbean International \u00e8 la scelta perfetta per famiglie, coppie e individui di tutte le et\u00e0 in cerca di una vacanza attiva ed esperienza. Il Gold Anchor Service \u00e8 un popolare programma di fidelizzazione della Royal Caribbean International che premia i membri fedeli. Le nostre navi da crociera sono come centri ricreativi, complessi di intrattenimento, gallerie d&#039;arte, numerosi ristoranti e localit\u00e0 balneari in uno. Qui puoi gustare cucina gourmet, intrattenimento di prima classe e relax in alloggi spaziosi e arrampicate su roccia, il tutto sotto lo stesso tetto.<\/p>","protected":false},"excerpt":{"rendered":"<p>Posizione della flotta Royal Caribbean Navi, numeri IMO, MMSI, webcam Dov&#039;\u00e8 attualmente la posizione della flotta Royal Caribbean? Nave IMO MMSI Adventure of the Seas 9167227 311263000 Allure of the Seas 9383948 311020700 Anthem of the Seas 9656101 311000274 Brilliance of the Seas 9195200 311361000 Enchantment of the Seas 9111802 3117 33000 Esploratore del...&nbsp;<a href=\"https:\/\/ship-tracker.org\/it\/royal-caribbean\/\" rel=\"bookmark\">Per saperne di pi\u00f9 &quot;<span class=\"screen-reader-text\">Royal Caribbean<\/span><\/a><\/p>","protected":false},"author":1,"featured_media":2063,"parent":0,"menu_order":0,"comment_status":"closed","ping_status":"closed","template":"","meta":{"neve_meta_sidebar":"","neve_meta_container":"","neve_meta_enable_content_width":"off","neve_meta_content_width":100,"neve_meta_title_alignment":"","neve_meta_author_avatar":"","neve_post_elements_order":"","neve_meta_disable_header":"","neve_meta_disable_footer":"","neve_meta_disable_title":"","neve_meta_reading_time":"","footnotes":""},"class_list":["post-2060","page","type-page","status-publish","has-post-thumbnail","hentry"],"yoast_head":"<!-- This site is optimized with the Yoast SEO plugin v27.4 - https:\/\/yoast.com\/product\/yoast-seo-wordpress\/ -->\n<title>Track Royal Caribbean Fleet | Cruise Ships | Marine Vessel<\/title>\n<meta name=\"description\" content=\"Royal Caribbean Fleet Location | Current Positions of Royal Caribbean Ships, IMO numbers, MMSI, Webcam | Live Fleet Maps | Live Ship Tracker\" \/>\n<meta name=\"robots\" content=\"index, follow, max-snippet:-1, max-image-preview:large, max-video-preview:-1\" \/>\n<link rel=\"canonical\" href=\"https:\/\/ship-tracker.org\/it\/royal-caribbean\/\" \/>\n<meta property=\"og:locale\" content=\"it_IT\" \/>\n<meta property=\"og:type\" content=\"article\" \/>\n<meta property=\"og:title\" content=\"Track Royal Caribbean Fleet | Cruise Ships | Marine Vessel\" \/>\n<meta property=\"og:description\" content=\"Royal Caribbean Fleet Location | Current Positions of Royal Caribbean Ships, IMO numbers, MMSI, Webcam | Live Fleet Maps | Live Ship Tracker\" \/>\n<meta property=\"og:url\" content=\"https:\/\/ship-tracker.org\/it\/royal-caribbean\/\" \/>\n<meta property=\"og:site_name\" content=\"Ship-tracker.org\" \/>\n<meta property=\"article:modified_time\" content=\"2023-08-13T00:47:17+00:00\" \/>\n<meta property=\"og:image\" content=\"https:\/\/ship-tracker.org\/wp-content\/uploads\/2020\/04\/rcl-web.jpg\" \/>\n\t<meta property=\"og:image:width\" content=\"1000\" \/>\n\t<meta property=\"og:image:height\" content=\"682\" \/>\n\t<meta property=\"og:image:type\" content=\"image\/jpeg\" \/>\n<meta name=\"twitter:card\" content=\"summary_large_image\" \/>\n<meta name=\"twitter:label1\" content=\"Tempo di lettura stimato\" \/>\n\t<meta name=\"twitter:data1\" content=\"2 minuti\" \/>\n<script type=\"application\/ld+json\" class=\"yoast-schema-graph\">{\"@context\":\"https:\\\/\\\/schema.org\",\"@graph\":[{\"@type\":\"WebPage\",\"@id\":\"https:\\\/\\\/ship-tracker.org\\\/royal-caribbean\\\/\",\"url\":\"https:\\\/\\\/ship-tracker.org\\\/royal-caribbean\\\/\",\"name\":\"Track Royal Caribbean Fleet | Cruise Ships | Marine Vessel\",\"isPartOf\":{\"@id\":\"https:\\\/\\\/ship-tracker.org\\\/#website\"},\"primaryImageOfPage\":{\"@id\":\"https:\\\/\\\/ship-tracker.org\\\/royal-caribbean\\\/#primaryimage\"},\"image\":{\"@id\":\"https:\\\/\\\/ship-tracker.org\\\/royal-caribbean\\\/#primaryimage\"},\"thumbnailUrl\":\"https:\\\/\\\/ship-tracker.org\\\/wp-content\\\/uploads\\\/2020\\\/04\\\/rcl-web.jpg\",\"datePublished\":\"2020-04-29T12:15:55+00:00\",\"dateModified\":\"2023-08-13T00:47:17+00:00\",\"description\":\"Royal Caribbean Fleet Location | Current Positions of Royal Caribbean Ships, IMO numbers, MMSI, Webcam | Live Fleet Maps | Live Ship Tracker\",\"breadcrumb\":{\"@id\":\"https:\\\/\\\/ship-tracker.org\\\/royal-caribbean\\\/#breadcrumb\"},\"inLanguage\":\"it-IT\",\"potentialAction\":[{\"@type\":\"ReadAction\",\"target\":[\"https:\\\/\\\/ship-tracker.org\\\/royal-caribbean\\\/\"]}]},{\"@type\":\"ImageObject\",\"inLanguage\":\"it-IT\",\"@id\":\"https:\\\/\\\/ship-tracker.org\\\/royal-caribbean\\\/#primaryimage\",\"url\":\"https:\\\/\\\/ship-tracker.org\\\/wp-content\\\/uploads\\\/2020\\\/04\\\/rcl-web.jpg\",\"contentUrl\":\"https:\\\/\\\/ship-tracker.org\\\/wp-content\\\/uploads\\\/2020\\\/04\\\/rcl-web.jpg\",\"width\":1000,\"height\":682,\"caption\":\"Royal Caribbean\"},{\"@type\":\"BreadcrumbList\",\"@id\":\"https:\\\/\\\/ship-tracker.org\\\/royal-caribbean\\\/#breadcrumb\",\"itemListElement\":[{\"@type\":\"ListItem\",\"position\":1,\"name\":\"Startseite\",\"item\":\"https:\\\/\\\/ship-tracker.org\\\/\"},{\"@type\":\"ListItem\",\"position\":2,\"name\":\"Royal Caribbean\"}]},{\"@type\":\"WebSite\",\"@id\":\"https:\\\/\\\/ship-tracker.org\\\/#website\",\"url\":\"https:\\\/\\\/ship-tracker.org\\\/\",\"name\":\"Ship-tracker.org\",\"description\":\"\",\"potentialAction\":[{\"@type\":\"SearchAction\",\"target\":{\"@type\":\"EntryPoint\",\"urlTemplate\":\"https:\\\/\\\/ship-tracker.org\\\/?s={search_term_string}\"},\"query-input\":{\"@type\":\"PropertyValueSpecification\",\"valueRequired\":true,\"valueName\":\"search_term_string\"}}],\"inLanguage\":\"it-IT\"}]}<\/script>\n<!-- \/ Yoast SEO plugin. -->","yoast_head_json":{"title":"Traccia flotta Royal Caribbean | Navi da crociera | Marine Vessel","description":"Posizione della flotta dei Royal Caribbean | Posizioni attuali delle navi Royal Caribbean, numeri IMO, MMSI, webcam | Mappe della flotta in tempo reale | Localizzatore di navi in tempo reale","robots":{"index":"index","follow":"follow","max-snippet":"max-snippet:-1","max-image-preview":"max-image-preview:large","max-video-preview":"max-video-preview:-1"},"canonical":"https:\/\/ship-tracker.org\/it\/royal-caribbean\/","og_locale":"it_IT","og_type":"article","og_title":"Track Royal Caribbean Fleet | Cruise Ships | Marine Vessel","og_description":"Royal Caribbean Fleet Location | Current Positions of Royal Caribbean Ships, IMO numbers, MMSI, Webcam | Live Fleet Maps | Live Ship Tracker","og_url":"https:\/\/ship-tracker.org\/it\/royal-caribbean\/","og_site_name":"Ship-tracker.org","article_modified_time":"2023-08-13T00:47:17+00:00","og_image":[{"width":1000,"height":682,"url":"https:\/\/ship-tracker.org\/wp-content\/uploads\/2020\/04\/rcl-web.jpg","type":"image\/jpeg"}],"twitter_card":"summary_large_image","twitter_misc":{"Tempo di lettura stimato":"2 minuti"},"schema":{"@context":"https:\/\/schema.org","@graph":[{"@type":"WebPage","@id":"https:\/\/ship-tracker.org\/royal-caribbean\/","url":"https:\/\/ship-tracker.org\/royal-caribbean\/","name":"Traccia flotta Royal Caribbean | Navi da crociera | Marine Vessel","isPartOf":{"@id":"https:\/\/ship-tracker.org\/#website"},"primaryImageOfPage":{"@id":"https:\/\/ship-tracker.org\/royal-caribbean\/#primaryimage"},"image":{"@id":"https:\/\/ship-tracker.org\/royal-caribbean\/#primaryimage"},"thumbnailUrl":"https:\/\/ship-tracker.org\/wp-content\/uploads\/2020\/04\/rcl-web.jpg","datePublished":"2020-04-29T12:15:55+00:00","dateModified":"2023-08-13T00:47:17+00:00","description":"Posizione della flotta dei Royal Caribbean | Posizioni attuali delle navi Royal Caribbean, numeri IMO, MMSI, webcam | Mappe della flotta in tempo reale | Localizzatore di navi in tempo reale","breadcrumb":{"@id":"https:\/\/ship-tracker.org\/royal-caribbean\/#breadcrumb"},"inLanguage":"it-IT","potentialAction":[{"@type":"ReadAction","target":["https:\/\/ship-tracker.org\/royal-caribbean\/"]}]},{"@type":"ImageObject","inLanguage":"it-IT","@id":"https:\/\/ship-tracker.org\/royal-caribbean\/#primaryimage","url":"https:\/\/ship-tracker.org\/wp-content\/uploads\/2020\/04\/rcl-web.jpg","contentUrl":"https:\/\/ship-tracker.org\/wp-content\/uploads\/2020\/04\/rcl-web.jpg","width":1000,"height":682,"caption":"Royal Caribbean"},{"@type":"BreadcrumbList","@id":"https:\/\/ship-tracker.org\/royal-caribbean\/#breadcrumb","itemListElement":[{"@type":"ListItem","position":1,"name":"Startseite","item":"https:\/\/ship-tracker.org\/"},{"@type":"ListItem","position":2,"name":"Royal Caribbean"}]},{"@type":"WebSite","@id":"https:\/\/ship-tracker.org\/#website","url":"https:\/\/ship-tracker.org\/","name":"Ship-tracker.org","description":"","potentialAction":[{"@type":"SearchAction","target":{"@type":"EntryPoint","urlTemplate":"https:\/\/ship-tracker.org\/?s={search_term_string}"},"query-input":{"@type":"PropertyValueSpecification","valueRequired":true,"valueName":"search_term_string"}}],"inLanguage":"it-IT"}]}},"_links":{"self":[{"href":"https:\/\/ship-tracker.org\/it\/wp-json\/wp\/v2\/pages\/2060","targetHints":{"allow":["GET"]}}],"collection":[{"href":"https:\/\/ship-tracker.org\/it\/wp-json\/wp\/v2\/pages"}],"about":[{"href":"https:\/\/ship-tracker.org\/it\/wp-json\/wp\/v2\/types\/page"}],"author":[{"embeddable":true,"href":"https:\/\/ship-tracker.org\/it\/wp-json\/wp\/v2\/users\/1"}],"replies":[{"embeddable":true,"href":"https:\/\/ship-tracker.org\/it\/wp-json\/wp\/v2\/comments?post=2060"}],"version-history":[{"count":10,"href":"https:\/\/ship-tracker.org\/it\/wp-json\/wp\/v2\/pages\/2060\/revisions"}],"predecessor-version":[{"id":2952,"href":"https:\/\/ship-tracker.org\/it\/wp-json\/wp\/v2\/pages\/2060\/revisions\/2952"}],"wp:featuredmedia":[{"embeddable":true,"href":"https:\/\/ship-tracker.org\/it\/wp-json\/wp\/v2\/media\/2063"}],"wp:attachment":[{"href":"https:\/\/ship-tracker.org\/it\/wp-json\/wp\/v2\/media?parent=2060"}],"curies":[{"name":"parola chiave","href":"https:\/\/api.w.org\/{rel}","templated":true}]}}