{"id":2049,"date":"2020-04-29T14:38:31","date_gmt":"2020-04-29T12:38:31","guid":{"rendered":"https:\/\/ship-tracker.org\/?page_id=2049"},"modified":"2022-11-01T13:43:29","modified_gmt":"2022-11-01T12:43:29","slug":"cunard-line","status":"publish","type":"page","link":"https:\/\/ship-tracker.org\/it\/cunard-line\/","title":{"rendered":"Cunard Line"},"content":{"rendered":"<h2>Navi di localizzazione della flotta di Cunard Line, numeri IMO, MMSI, webcam<\/h2>\n<p>Dove si trova attualmente la posizione della flotta di Cunard Line?<\/p>\n<table style=\"border-collapse: collapse; width: 100%; height: 96px;\">\n<tbody>\n<tr style=\"height: 24px;\">\n<td style=\"width: 33.3333%; height: 24px;\"><span style=\"color: #1f405b;\"><strong>Nave<\/strong><\/span><\/td>\n<td style=\"width: 33.3333%; height: 24px;\"><span style=\"color: #1f405b;\"><strong>IMO<\/strong><\/span><\/td>\n<td style=\"width: 33.3333%; height: 24px;\"><span style=\"color: #1f405b;\"><strong>MMSI<\/strong><\/span><\/td>\n<\/tr>\n<tr style=\"height: 24px;\">\n<td style=\"width: 33.3333%; height: 24px;\"><a href=\"https:\/\/ship-tracker.org\/it\/queen-elizabeth\/\">Queen Elizabeth<\/a><\/td>\n<td style=\"width: 33.3333%; height: 24px;\">9477438<\/td>\n<td style=\"width: 33.3333%; height: 24px;\">310625000<\/td>\n<\/tr>\n<tr style=\"height: 24px;\">\n<td style=\"width: 33.3333%; height: 24px;\"><a href=\"https:\/\/ship-tracker.org\/it\/queen-victoria\/\">Queen Victoria<\/a><\/td>\n<td style=\"width: 33.3333%; height: 24px;\">9320556<\/td>\n<td style=\"width: 33.3333%; height: 24px;\">310624000<\/td>\n<\/tr>\n<tr style=\"height: 24px;\">\n<td style=\"width: 33.3333%; height: 24px;\"><a href=\"https:\/\/ship-tracker.org\/it\/queen-mary-2\/\">Queen Mary 2<\/a><\/td>\n<td style=\"width: 33.3333%; height: 24px;\">9241061<\/td>\n<td style=\"width: 33.3333%; height: 24px;\">310627000<\/td>\n<\/tr>\n<tr>\n<td style=\"width: 33.3333%;\"><a href=\"https:\/\/ship-tracker.org\/it\/queen-anne\/\">Regina Anna<\/a><\/td>\n<td style=\"width: 33.3333%;\">2024<\/td>\n<td style=\"width: 33.3333%;\"><\/td>\n<\/tr>\n<\/tbody>\n<\/table>\n<h2>Informazioni su Cunard Line<\/h2>\n<p>La linea Cunard \u00e8 sinonimo di lusso classico britannico ed eleganza. La flotta Cunard \u00e8 composta da tre eleganti navi da crociera a 5 stelle: la regina Elisabetta, la regina Vittoria e la regina Maria 2. Per 150 anni, le navi della Cunard Line hanno navigato negli oceani. Con navi come la Queen Mary e la Queen Elizabeth, la nostra compagnia di navigazione divenne famosa nel mondo sulla rotta tra Southampton e New York. Ancora oggi puoi provare tu stesso com&#039;\u00e8 vedere la Statua della Libert\u00e0 e lo skyline di Manhattan dopo un lussuoso viaggio di 6 giorni in mare.<\/p>\n<p>Scegli subito una crociera con Cunard Line per vivere avventure straordinarie e scoprire il mondo intero. Gli itinerari attentamente progettati ti garantiranno di sfruttare al massimo il tuo tempo di viaggio. La flotta Cunard ti porter\u00e0 nelle destinazioni pi\u00f9 belle del mondo come Norvegia, Creta, Bermuda e Australia. Puoi anche viaggiare per il mondo con crociere della durata massima di 4 mesi. Cunard Line offre versatilit\u00e0 di crociere, in modo che tutti i tuoi desideri possano essere soddisfatti.<\/p>\n<p>Sulle navi Cunard Line, i pasti nei ristoranti principali e nei ristoranti a buffet sono inclusi nel prezzo, cos\u00ec come caff\u00e8 e t\u00e8 dai distributori automatici nel ristorante a buffet. \u00c8 previsto un supplemento per le specialit\u00e0 di caff\u00e8 come cappuccino, caff\u00e8 espresso e bevande analcoliche. Nei ristoranti di specialit\u00e0, come il Verandah Grill, si paga un supplemento e si consiglia la prenotazione.<\/p>\n<p>Rilassati, ad esempio, su una sedia da lettura ben posizionata in biblioteca. Hai anche una vasta scelta di esperienze di ristoranti e bar tra cui scegliere, nonch\u00e9 una corroborante corsa mattutina sul ponte della passeggiata. Le nostre navi da crociera dispongono di camere progettate con cura, cabine spaziose e splendidi ristoranti rilassanti in modo da poterti divertire completamente durante la crociera. A bordo, la nostalgia si unisce alla modernit\u00e0. Nonostante il carattere classico, tutte le solite strutture moderne sono a vostra disposizione.<\/p>","protected":false},"excerpt":{"rendered":"<p>Posizione della flotta Cunard Line Navi, numeri IMO, MMSI, webcam Dov&#039;\u00e8 attualmente la posizione attuale della flotta Cunard Line? Nave IMO MMSI Queen Elizabeth 9477438 310625000 Queen Victoria 9320556 310624000 Queen Mary 2 9241061 310627000 Queen Anne 2024 Informazioni su Cunard Line Cunard Line \u00e8 sinonimo di lusso ed eleganza classici britannici. La flotta Cunard \u00e8 composta da...&nbsp;<a href=\"https:\/\/ship-tracker.org\/it\/cunard-line\/\" rel=\"bookmark\">Per saperne di pi\u00f9 &quot;<span class=\"screen-reader-text\">Cunard Line<\/span><\/a><\/p>","protected":false},"author":1,"featured_media":2055,"parent":0,"menu_order":0,"comment_status":"closed","ping_status":"closed","template":"","meta":{"neve_meta_sidebar":"","neve_meta_container":"","neve_meta_enable_content_width":"","neve_meta_content_width":0,"neve_meta_title_alignment":"","neve_meta_author_avatar":"","neve_post_elements_order":"","neve_meta_disable_header":"","neve_meta_disable_footer":"","neve_meta_disable_title":"","neve_meta_reading_time":"","footnotes":""},"class_list":["post-2049","page","type-page","status-publish","has-post-thumbnail","hentry"],"yoast_head":"<!-- This site is optimized with the Yoast SEO plugin v26.9 - https:\/\/yoast.com\/product\/yoast-seo-wordpress\/ -->\n<title>Track Cunard Line Fleet | Cruise Ships | Marine Vessel<\/title>\n<meta name=\"description\" content=\"Cunard Line Fleet Location | Current Positions of Cunard Line Ships, IMO numbers, MMSI, Webcam | Live Fleet Maps | Live Ship Tracker\" \/>\n<meta name=\"robots\" content=\"index, follow, max-snippet:-1, max-image-preview:large, max-video-preview:-1\" \/>\n<link rel=\"canonical\" href=\"https:\/\/ship-tracker.org\/it\/cunard-line\/\" \/>\n<meta property=\"og:locale\" content=\"it_IT\" \/>\n<meta property=\"og:type\" content=\"article\" \/>\n<meta property=\"og:title\" content=\"Track Cunard Line Fleet | Cruise Ships | Marine Vessel\" \/>\n<meta property=\"og:description\" content=\"Cunard Line Fleet Location | Current Positions of Cunard Line Ships, IMO numbers, MMSI, Webcam | Live Fleet Maps | Live Ship Tracker\" \/>\n<meta property=\"og:url\" content=\"https:\/\/ship-tracker.org\/it\/cunard-line\/\" \/>\n<meta property=\"og:site_name\" content=\"Ship-tracker.org\" \/>\n<meta property=\"article:modified_time\" content=\"2022-11-01T12:43:29+00:00\" \/>\n<meta property=\"og:image\" content=\"https:\/\/ship-tracker.org\/wp-content\/uploads\/2020\/04\/reederei-cunard.jpg\" \/>\n\t<meta property=\"og:image:width\" content=\"325\" \/>\n\t<meta property=\"og:image:height\" content=\"245\" \/>\n\t<meta property=\"og:image:type\" content=\"image\/jpeg\" \/>\n<meta name=\"twitter:card\" content=\"summary_large_image\" \/>\n<meta name=\"twitter:label1\" content=\"Tempo di lettura stimato\" \/>\n\t<meta name=\"twitter:data1\" content=\"2 minuti\" \/>\n<script type=\"application\/ld+json\" class=\"yoast-schema-graph\">{\"@context\":\"https:\/\/schema.org\",\"@graph\":[{\"@type\":\"WebPage\",\"@id\":\"https:\/\/ship-tracker.org\/cunard-line\/\",\"url\":\"https:\/\/ship-tracker.org\/cunard-line\/\",\"name\":\"Track Cunard Line Fleet | Cruise Ships | Marine Vessel\",\"isPartOf\":{\"@id\":\"https:\/\/ship-tracker.org\/#website\"},\"primaryImageOfPage\":{\"@id\":\"https:\/\/ship-tracker.org\/cunard-line\/#primaryimage\"},\"image\":{\"@id\":\"https:\/\/ship-tracker.org\/cunard-line\/#primaryimage\"},\"thumbnailUrl\":\"https:\/\/ship-tracker.org\/wp-content\/uploads\/2020\/04\/reederei-cunard.jpg\",\"datePublished\":\"2020-04-29T12:38:31+00:00\",\"dateModified\":\"2022-11-01T12:43:29+00:00\",\"description\":\"Cunard Line Fleet Location | Current Positions of Cunard Line Ships, IMO numbers, MMSI, Webcam | Live Fleet Maps | Live Ship Tracker\",\"breadcrumb\":{\"@id\":\"https:\/\/ship-tracker.org\/cunard-line\/#breadcrumb\"},\"inLanguage\":\"it-IT\",\"potentialAction\":[{\"@type\":\"ReadAction\",\"target\":[\"https:\/\/ship-tracker.org\/cunard-line\/\"]}]},{\"@type\":\"ImageObject\",\"inLanguage\":\"it-IT\",\"@id\":\"https:\/\/ship-tracker.org\/cunard-line\/#primaryimage\",\"url\":\"https:\/\/ship-tracker.org\/wp-content\/uploads\/2020\/04\/reederei-cunard.jpg\",\"contentUrl\":\"https:\/\/ship-tracker.org\/wp-content\/uploads\/2020\/04\/reederei-cunard.jpg\",\"width\":325,\"height\":245,\"caption\":\"Cunard Line\"},{\"@type\":\"BreadcrumbList\",\"@id\":\"https:\/\/ship-tracker.org\/cunard-line\/#breadcrumb\",\"itemListElement\":[{\"@type\":\"ListItem\",\"position\":1,\"name\":\"Startseite\",\"item\":\"https:\/\/ship-tracker.org\/\"},{\"@type\":\"ListItem\",\"position\":2,\"name\":\"Cunard Line\"}]},{\"@type\":\"WebSite\",\"@id\":\"https:\/\/ship-tracker.org\/#website\",\"url\":\"https:\/\/ship-tracker.org\/\",\"name\":\"Ship-tracker.org\",\"description\":\"\",\"potentialAction\":[{\"@type\":\"SearchAction\",\"target\":{\"@type\":\"EntryPoint\",\"urlTemplate\":\"https:\/\/ship-tracker.org\/?s={search_term_string}\"},\"query-input\":{\"@type\":\"PropertyValueSpecification\",\"valueRequired\":true,\"valueName\":\"search_term_string\"}}],\"inLanguage\":\"it-IT\"}]}<\/script>\n<!-- \/ Yoast SEO plugin. -->","yoast_head_json":{"title":"Traccia Flotta Cunard Line | Navi da crociera | Marine Vessel","description":"Posizione flotta Cunard Line | Posizioni attuali delle navi Cunard Line, numeri IMO, MMSI, webcam | Mappe della flotta in tempo reale | Localizzatore di navi dal vivo","robots":{"index":"index","follow":"follow","max-snippet":"max-snippet:-1","max-image-preview":"max-image-preview:large","max-video-preview":"max-video-preview:-1"},"canonical":"https:\/\/ship-tracker.org\/it\/cunard-line\/","og_locale":"it_IT","og_type":"article","og_title":"Track Cunard Line Fleet | Cruise Ships | Marine Vessel","og_description":"Cunard Line Fleet Location | Current Positions of Cunard Line Ships, IMO numbers, MMSI, Webcam | Live Fleet Maps | Live Ship Tracker","og_url":"https:\/\/ship-tracker.org\/it\/cunard-line\/","og_site_name":"Ship-tracker.org","article_modified_time":"2022-11-01T12:43:29+00:00","og_image":[{"width":325,"height":245,"url":"https:\/\/ship-tracker.org\/wp-content\/uploads\/2020\/04\/reederei-cunard.jpg","type":"image\/jpeg"}],"twitter_card":"summary_large_image","twitter_misc":{"Tempo di lettura stimato":"2 minuti"},"schema":{"@context":"https:\/\/schema.org","@graph":[{"@type":"WebPage","@id":"https:\/\/ship-tracker.org\/cunard-line\/","url":"https:\/\/ship-tracker.org\/cunard-line\/","name":"Traccia Flotta Cunard Line | Navi da crociera | Marine Vessel","isPartOf":{"@id":"https:\/\/ship-tracker.org\/#website"},"primaryImageOfPage":{"@id":"https:\/\/ship-tracker.org\/cunard-line\/#primaryimage"},"image":{"@id":"https:\/\/ship-tracker.org\/cunard-line\/#primaryimage"},"thumbnailUrl":"https:\/\/ship-tracker.org\/wp-content\/uploads\/2020\/04\/reederei-cunard.jpg","datePublished":"2020-04-29T12:38:31+00:00","dateModified":"2022-11-01T12:43:29+00:00","description":"Posizione flotta Cunard Line | Posizioni attuali delle navi Cunard Line, numeri IMO, MMSI, webcam | Mappe della flotta in tempo reale | Localizzatore di navi dal vivo","breadcrumb":{"@id":"https:\/\/ship-tracker.org\/cunard-line\/#breadcrumb"},"inLanguage":"it-IT","potentialAction":[{"@type":"ReadAction","target":["https:\/\/ship-tracker.org\/cunard-line\/"]}]},{"@type":"ImageObject","inLanguage":"it-IT","@id":"https:\/\/ship-tracker.org\/cunard-line\/#primaryimage","url":"https:\/\/ship-tracker.org\/wp-content\/uploads\/2020\/04\/reederei-cunard.jpg","contentUrl":"https:\/\/ship-tracker.org\/wp-content\/uploads\/2020\/04\/reederei-cunard.jpg","width":325,"height":245,"caption":"Cunard Line"},{"@type":"BreadcrumbList","@id":"https:\/\/ship-tracker.org\/cunard-line\/#breadcrumb","itemListElement":[{"@type":"ListItem","position":1,"name":"Startseite","item":"https:\/\/ship-tracker.org\/"},{"@type":"ListItem","position":2,"name":"Cunard Line"}]},{"@type":"WebSite","@id":"https:\/\/ship-tracker.org\/#website","url":"https:\/\/ship-tracker.org\/","name":"Ship-tracker.org","description":"","potentialAction":[{"@type":"SearchAction","target":{"@type":"EntryPoint","urlTemplate":"https:\/\/ship-tracker.org\/?s={search_term_string}"},"query-input":{"@type":"PropertyValueSpecification","valueRequired":true,"valueName":"search_term_string"}}],"inLanguage":"it-IT"}]}},"_links":{"self":[{"href":"https:\/\/ship-tracker.org\/it\/wp-json\/wp\/v2\/pages\/2049","targetHints":{"allow":["GET"]}}],"collection":[{"href":"https:\/\/ship-tracker.org\/it\/wp-json\/wp\/v2\/pages"}],"about":[{"href":"https:\/\/ship-tracker.org\/it\/wp-json\/wp\/v2\/types\/page"}],"author":[{"embeddable":true,"href":"https:\/\/ship-tracker.org\/it\/wp-json\/wp\/v2\/users\/1"}],"replies":[{"embeddable":true,"href":"https:\/\/ship-tracker.org\/it\/wp-json\/wp\/v2\/comments?post=2049"}],"version-history":[{"count":10,"href":"https:\/\/ship-tracker.org\/it\/wp-json\/wp\/v2\/pages\/2049\/revisions"}],"predecessor-version":[{"id":3541,"href":"https:\/\/ship-tracker.org\/it\/wp-json\/wp\/v2\/pages\/2049\/revisions\/3541"}],"wp:featuredmedia":[{"embeddable":true,"href":"https:\/\/ship-tracker.org\/it\/wp-json\/wp\/v2\/media\/2055"}],"wp:attachment":[{"href":"https:\/\/ship-tracker.org\/it\/wp-json\/wp\/v2\/media?parent=2049"}],"curies":[{"name":"parola chiave","href":"https:\/\/api.w.org\/{rel}","templated":true}]}}