{"id":87,"date":"2017-09-14T15:07:39","date_gmt":"2017-09-14T13:07:39","guid":{"rendered":"http:\/\/ship-tracker.org\/?page_id=87"},"modified":"2021-11-08T21:40:16","modified_gmt":"2021-11-08T20:40:16","slug":"majesty-of-the-seas","status":"publish","type":"page","link":"https:\/\/ship-tracker.org\/fr\/majesty-of-the-seas\/","title":{"rendered":"Majesty Of The Seas"},"content":{"rendered":"<p><script async src=\"https:\/\/pagead2.googlesyndication.com\/pagead\/js\/adsbygoogle.js\"><\/script><br \/>\n<!-- Ship-Tracker Display --><br \/>\n<ins class=\"adsbygoogle\" style=\"display: block;\" data-ad-client=\"ca-pub-1316785063791781\" data-ad-slot=\"8075999632\" data-ad-format=\"auto\" data-full-width-responsive=\"true\"><\/ins><br \/>\n<script>\n     (adsbygoogle = window.adsbygoogle || []).push({});\n<\/script><\/p>\n<h2><span style=\"color: #000000;\">Emplacement actuel et <\/span><span style=\"color: #000000;\">position de Majesty Of The Seas<\/span><\/h2>\n<p>O\u00f9 est actuellement la position de Majesty Of The Seas?<br \/>\n<script async src=\"https:\/\/pagead2.googlesyndication.com\/pagead\/js\/adsbygoogle.js\"><\/script><br \/>\n<!-- Schip-Tracker Linkanzeigen --><br \/>\n<ins class=\"adsbygoogle\" style=\"display: block;\" data-ad-client=\"ca-pub-1316785063791781\" data-ad-slot=\"3429004156\" data-ad-format=\"link\" data-full-width-responsive=\"true\"><\/ins><br \/>\n<script>\n     (adsbygoogle = window.adsbygoogle || []).push({});\n<\/script><br \/>\n<script type=\"text\/javascript\">\n  var width=\"1500\";\n  var height=\"500\";\n  var click_to_activate=false;\n  var default_maptype=2;\n  var imo=8819512;\n<\/script><br \/>\n<script type=\"text\/javascript\" src=\"https:\/\/www.vesselfinder.com\/aismap.js\">\n<\/script><br \/>\n<script async src=\"https:\/\/pagead2.googlesyndication.com\/pagead\/js\/adsbygoogle.js\"><\/script><br \/>\n<!-- Ship-Tracker Display --><br \/>\n<ins class=\"adsbygoogle\" style=\"display: block;\" data-ad-client=\"ca-pub-1316785063791781\" data-ad-slot=\"8075999632\" data-ad-format=\"auto\" data-full-width-responsive=\"true\"><\/ins><br \/>\n<script>\n     (adsbygoogle = window.adsbygoogle || []).push({});\n<\/script><\/p>\n<p>Voir l&#039;emplacement actuel de Majesty Of The Seas. La position de Majesty Of The Seas peut \u00eatre d\u00e9termin\u00e9e avec pr\u00e9cision par les cartes de VesselFinder et de MarineTraffic. Vous \u00eates donc toujours bien inform\u00e9 de l&#039;endroit o\u00f9 se trouve actuellement votre navire pr\u00e9f\u00e9r\u00e9.<\/p>\n<h2 class=\"title\"><span style=\"color: #000000;\">Examen et sp\u00e9cifications de Majesty Of The Seas<\/span><\/h2>\n<table style=\"height: 296px;\" width=\"400\">\n<tbody>\n<tr>\n<td style=\"width: 192px;\"><span style=\"color: #000000;\"><strong>\u00c9tat du pavillon<\/strong><\/span><\/td>\n<td style=\"width: 192px;\"><span style=\"color: #000000;\">Bahamas<\/span><\/td>\n<\/tr>\n<tr>\n<td style=\"width: 192px;\"><span style=\"color: #000000;\"><strong>Ann\u00e9e de construction<\/strong><\/span><\/td>\n<td style=\"width: 192px;\"><span style=\"color: #000000;\">1992 <\/span><\/td>\n<\/tr>\n<tr>\n<td style=\"width: 192px;\"><span style=\"color: #000000;\"><strong>Constructeur<\/strong><\/span><\/td>\n<td style=\"width: 192px;\"><span style=\"color: #000000;\">Chantiers de l&#039;Atlantique<\/span><\/td>\n<\/tr>\n<tr>\n<td style=\"width: 192px;\"><span style=\"color: #000000;\"><strong>Longueur<\/strong><\/span><\/td>\n<td style=\"width: 192px;\"><span style=\"color: #000000;\">268<span class=\"specificationUnit\">\u00a0m<\/span><\/span><\/td>\n<\/tr>\n<tr>\n<td style=\"width: 192px;\"><span style=\"color: #000000;\"><strong>Faisceau<\/strong><\/span><\/td>\n<td style=\"width: 192px;\"><span style=\"color: #000000;\">32<span class=\"specificationUnit\">\u00a0m<\/span><\/span><\/td>\n<\/tr>\n<tr>\n<td style=\"width: 192px;\"><span style=\"color: #000000;\"><strong>Jauge brute<\/strong><\/span><\/td>\n<td style=\"width: 192px;\"><span style=\"color: #000000;\">74077<span class=\"specificationUnit\">\u00a0gt<\/span><\/span><\/td>\n<\/tr>\n<tr>\n<td style=\"width: 192px;\"><span style=\"color: #000000;\"><strong>Les passagers<\/strong><\/span><\/td>\n<td style=\"width: 192px;\"><span style=\"color: #000000;\">2863<\/span><\/td>\n<\/tr>\n<tr>\n<td style=\"width: 192px;\"><span style=\"color: #000000;\"><strong>\u00c9quipage<\/strong><\/span><\/td>\n<td style=\"width: 192px;\"><span style=\"color: #000000;\">822<\/span><\/td>\n<\/tr>\n<tr>\n<td style=\"width: 192px;\"><span style=\"color: #000000;\"><strong>Decks<\/strong>\u00a0<\/span><\/td>\n<td style=\"width: 192px;\"><span style=\"color: #000000;\">12<\/span><\/td>\n<\/tr>\n<tr>\n<td style=\"width: 192px;\"><span style=\"color: #000000;\"><strong>La vitesse<\/strong><\/span><\/td>\n<td style=\"width: 192px;\"><span style=\"color: #000000;\">22<span class=\"specificationUnit\">\u00a0kn<\/span><\/span><\/td>\n<\/tr>\n<tr>\n<td style=\"width: 192px;\"><span style=\"color: #000000;\"><strong><b>Le port d&#039;enregistrement<\/b><\/strong><\/span><\/td>\n<td style=\"width: 192px;\"><span style=\"color: #000000;\">Nassau<\/span><\/td>\n<\/tr>\n<tr>\n<td style=\"width: 192px;\"><span style=\"color: #000000;\"><strong><b>Propulsion<\/b><\/strong><\/span><\/td>\n<td style=\"width: 192px;\"><span style=\"color: #000000;\">Diesel \u2013 \u00e9lectrique<\/span><\/td>\n<\/tr>\n<tr>\n<td style=\"width: 192px;\"><span style=\"color: #000000;\"><strong><b>Propri\u00e9taire<\/b><\/strong><\/span><\/td>\n<td style=\"width: 192px;\"><a href=\"https:\/\/ship-tracker.org\/fr\/royal-caribbean\/\">Royal Caribbean<\/a><\/td>\n<\/tr>\n<\/tbody>\n<\/table>\n<figure id=\"attachment_137\" aria-describedby=\"caption-attachment-137\" style=\"width: 721px\" class=\"wp-caption aligncenter\"><img loading=\"lazy\" decoding=\"async\" class=\"wp-image-137 size-full\" src=\"https:\/\/ship-tracker.org\/wp-content\/uploads\/2017\/09\/Majesty_Header.jpg\" alt=\"Majesty Of The Seas\" width=\"721\" height=\"270\" srcset=\"https:\/\/ship-tracker.org\/wp-content\/uploads\/2017\/09\/Majesty_Header.jpg 721w, https:\/\/ship-tracker.org\/wp-content\/uploads\/2017\/09\/Majesty_Header-300x112.jpg 300w, https:\/\/ship-tracker.org\/wp-content\/uploads\/2017\/09\/Majesty_Header-720x270.jpg 720w\" sizes=\"auto, (max-width: 721px) 100vw, 721px\" \/><figcaption id=\"caption-attachment-137\" class=\"wp-caption-text\">Majesty Of The Seas<\/p>\n<p>\u00a9 Royal Caribbean Cruises Ltd<\/figcaption><\/figure>\n<h3 class=\"title\">Flotte Royal Caribbean<\/h3>\n<ul>\n<li><a href=\"https:\/\/ship-tracker.org\/fr\/wonder-of-the-seas\/\">Wonder Of The Seas<\/a><\/li>\n<li><a href=\"https:\/\/ship-tracker.org\/fr\/odyssey-of-the-seas\/\">Odyssey Of The Seas<\/a><\/li>\n<li><a href=\"https:\/\/ship-tracker.org\/fr\/spectrum-of-the-seas\/\">Spectrum Of The Seas<\/a><\/li>\n<li><a href=\"https:\/\/ship-tracker.org\/fr\/symphony-of-the-seas\/\">Symphony Of The Seas<\/a><\/li>\n<li><a href=\"https:\/\/ship-tracker.org\/fr\/ovation-of-the-seas\/\">Ovation Of The Seas<\/a><\/li>\n<li><a href=\"https:\/\/ship-tracker.org\/fr\/harmony-of-the-seas\/\">Harmony Of The Seas<\/a><\/li>\n<li><a href=\"https:\/\/ship-tracker.org\/fr\/anthem-of-the-seas\/\">Anthem of the Seas<\/a><\/li>\n<li><a href=\"https:\/\/ship-tracker.org\/fr\/quantum-of-the-seas\/\">Quantum Of The Seas<\/a><\/li>\n<li><a href=\"https:\/\/ship-tracker.org\/fr\/allure-of-the-seas\/\">Allure of the Seas<\/a><\/li>\n<li><a href=\"https:\/\/ship-tracker.org\/fr\/oasis-of-the-seas\/\">Oasis Of The Seas<\/a><\/li>\n<li><a href=\"https:\/\/ship-tracker.org\/fr\/independence-of-the-seas\/\">Independence Of The Seas<\/a><\/li>\n<li><a href=\"https:\/\/ship-tracker.org\/fr\/liberty-of-the-seas\/\">Liberty Of The Seas<\/a><\/li>\n<li><a href=\"https:\/\/ship-tracker.org\/fr\/freedom-of-the-seas\/\">Freedom Of The Seas<\/a><\/li>\n<li><a href=\"https:\/\/ship-tracker.org\/fr\/jewel-of-the-seas\/\">Jewel Of The Seas<\/a><\/li>\n<li><a href=\"https:\/\/ship-tracker.org\/fr\/serenade-of-the-seas\/\">S\u00e9r\u00e9nade des mers<\/a><\/li>\n<li><a href=\"https:\/\/ship-tracker.org\/fr\/mariner-of-the-seas\/\">Mariner Of The Seas<\/a><\/li>\n<li><a href=\"https:\/\/ship-tracker.org\/fr\/navigator-of-the-seas\/\">Navigateur des mers<\/a><\/li>\n<li><a href=\"https:\/\/ship-tracker.org\/fr\/brilliance-of-the-seas\/\">Brilliance Of The Seas<\/a><\/li>\n<li><a href=\"https:\/\/ship-tracker.org\/fr\/adventure-of-the-seas\/\">Adventure Of The Seas<\/a><\/li>\n<li><a href=\"https:\/\/ship-tracker.org\/fr\/radiance-of-the-seas\/\">Radiance Of The Seas<\/a><\/li>\n<li><a href=\"https:\/\/ship-tracker.org\/fr\/explorer-of-the-seas\/\">Explorer Of The Seas<\/a><\/li>\n<li><a href=\"https:\/\/ship-tracker.org\/fr\/voyager-of-the-seas\/\">Voyager Of The Seas<\/a><\/li>\n<li><a href=\"https:\/\/ship-tracker.org\/fr\/vision-of-the-seas\/\">Vision des mers<\/a><\/li>\n<li><a href=\"https:\/\/ship-tracker.org\/fr\/enchantment-of-the-seas\/\">Enchantment Of The Seas<\/a><\/li>\n<li><a href=\"https:\/\/ship-tracker.org\/fr\/rhapsody-of-the-seas\/\">Rhapsodie des mers<\/a><\/li>\n<li><a href=\"https:\/\/ship-tracker.org\/fr\/grandeur-of-the-seas\/\">Grandeur Of The Seas<\/a><\/li>\n<li><a href=\"https:\/\/ship-tracker.org\/fr\/empress-of-the-seas\/\">Empress Of The Seas<\/a><\/li>\n<\/ul>\n<p>&nbsp;<\/p>\n<p><script async src=\"https:\/\/pagead2.googlesyndication.com\/pagead\/js\/adsbygoogle.js\"><\/script><br \/>\n<!-- Schip-Tracker Linkanzeigen --><br \/>\n<ins class=\"adsbygoogle\" style=\"display: block;\" data-ad-client=\"ca-pub-1316785063791781\" data-ad-slot=\"3429004156\" data-ad-format=\"link\" data-full-width-responsive=\"true\"><\/ins><br \/>\n<script>\n     (adsbygoogle = window.adsbygoogle || []).push({});\n<\/script><\/p>\n<h4><span style=\"color: #000000;\">Vid\u00e9o Majest\u00e9 des mers<\/span><\/h4>\n<div class=\"su-youtube su-u-responsive-media-yes\"><iframe loading=\"lazy\" width=\"600\" height=\"400\" src=\"https:\/\/www.youtube.com\/embed\/sG5e63W1pbo?\" frameborder=\"0\" allowfullscreen allow=\"autoplay; encrypted-media; picture-in-picture\" title=\"\"><\/iframe><\/div>","protected":false},"excerpt":{"rendered":"<p>Localisation actuelle du Majesty Of The Seas. O\u00f9 se trouve actuellement le Majesty Of The Seas\u00a0? Consultez sa position actuelle. La position du Majesty Of The Seas peut \u00eatre d\u00e9termin\u00e9e avec pr\u00e9cision gr\u00e2ce aux cartes de VesselFinder et MarineTraffic. Vous \u00eates ainsi toujours bien inform\u00e9 de la position de votre navire pr\u00e9f\u00e9r\u00e9\u2026&nbsp;<a href=\"https:\/\/ship-tracker.org\/fr\/majesty-of-the-seas\/\" rel=\"bookmark\">En savoir plus &quot;<span class=\"screen-reader-text\">Majesty Of The Seas<\/span><\/a><\/p>","protected":false},"author":1,"featured_media":0,"parent":0,"menu_order":0,"comment_status":"closed","ping_status":"closed","template":"","meta":{"neve_meta_sidebar":"","neve_meta_container":"","neve_meta_enable_content_width":"","neve_meta_content_width":0,"neve_meta_title_alignment":"","neve_meta_author_avatar":"","neve_post_elements_order":"","neve_meta_disable_header":"","neve_meta_disable_footer":"","neve_meta_disable_title":"","neve_meta_reading_time":"","footnotes":""},"class_list":["post-87","page","type-page","status-publish","hentry"],"yoast_head":"<!-- This site is optimized with the Yoast SEO plugin v27.4 - https:\/\/yoast.com\/product\/yoast-seo-wordpress\/ -->\n<title>Majesty Of The Seas \u2503Current location and position<\/title>\n<meta name=\"description\" content=\"Majesty Of The Seas \u2693 Current location and position of Majesty Of The Seas \u2713 Cruise Ship Tracker \u2713 Live Ship Tracker\" \/>\n<meta name=\"robots\" content=\"index, follow, max-snippet:-1, max-image-preview:large, max-video-preview:-1\" \/>\n<link rel=\"canonical\" href=\"https:\/\/ship-tracker.org\/fr\/majesty-of-the-seas\/\" \/>\n<meta property=\"og:locale\" content=\"fr_FR\" \/>\n<meta property=\"og:type\" content=\"article\" \/>\n<meta property=\"og:title\" content=\"Majesty Of The Seas \u2503Current location and position\" \/>\n<meta property=\"og:description\" content=\"Majesty Of The Seas \u2693 Current location and position of Majesty Of The Seas \u2713 Cruise Ship Tracker \u2713 Live Ship Tracker\" \/>\n<meta property=\"og:url\" content=\"https:\/\/ship-tracker.org\/fr\/majesty-of-the-seas\/\" \/>\n<meta property=\"og:site_name\" content=\"Ship-tracker.org\" \/>\n<meta property=\"article:modified_time\" content=\"2021-11-08T20:40:16+00:00\" \/>\n<meta property=\"og:image\" content=\"https:\/\/ship-tracker.org\/wp-content\/uploads\/2017\/09\/Majesty_Header.jpg\" \/>\n<meta name=\"twitter:card\" content=\"summary_large_image\" \/>\n<meta name=\"twitter:label1\" content=\"Dur\u00e9e de lecture estim\u00e9e\" \/>\n\t<meta name=\"twitter:data1\" content=\"1 minute\" \/>\n<script type=\"application\/ld+json\" class=\"yoast-schema-graph\">{\"@context\":\"https:\\\/\\\/schema.org\",\"@graph\":[{\"@type\":\"WebPage\",\"@id\":\"https:\\\/\\\/ship-tracker.org\\\/it\\\/majesty-of-the-seas\\\/\",\"url\":\"https:\\\/\\\/ship-tracker.org\\\/it\\\/majesty-of-the-seas\\\/\",\"name\":\"Majesty Of The Seas \u2503Current location and position\",\"isPartOf\":{\"@id\":\"https:\\\/\\\/ship-tracker.org\\\/#website\"},\"primaryImageOfPage\":{\"@id\":\"https:\\\/\\\/ship-tracker.org\\\/it\\\/majesty-of-the-seas\\\/#primaryimage\"},\"image\":{\"@id\":\"https:\\\/\\\/ship-tracker.org\\\/it\\\/majesty-of-the-seas\\\/#primaryimage\"},\"thumbnailUrl\":\"https:\\\/\\\/ship-tracker.org\\\/wp-content\\\/uploads\\\/2017\\\/09\\\/Majesty_Header.jpg\",\"datePublished\":\"2017-09-14T13:07:39+00:00\",\"dateModified\":\"2021-11-08T20:40:16+00:00\",\"description\":\"Majesty Of The Seas \u2693 Current location and position of Majesty Of The Seas \u2713 Cruise Ship Tracker \u2713 Live Ship Tracker\",\"breadcrumb\":{\"@id\":\"https:\\\/\\\/ship-tracker.org\\\/it\\\/majesty-of-the-seas\\\/#breadcrumb\"},\"inLanguage\":\"fr-FR\",\"potentialAction\":[{\"@type\":\"ReadAction\",\"target\":[\"https:\\\/\\\/ship-tracker.org\\\/it\\\/majesty-of-the-seas\\\/\"]}]},{\"@type\":\"ImageObject\",\"inLanguage\":\"fr-FR\",\"@id\":\"https:\\\/\\\/ship-tracker.org\\\/it\\\/majesty-of-the-seas\\\/#primaryimage\",\"url\":\"https:\\\/\\\/ship-tracker.org\\\/wp-content\\\/uploads\\\/2017\\\/09\\\/Majesty_Header.jpg\",\"contentUrl\":\"https:\\\/\\\/ship-tracker.org\\\/wp-content\\\/uploads\\\/2017\\\/09\\\/Majesty_Header.jpg\"},{\"@type\":\"BreadcrumbList\",\"@id\":\"https:\\\/\\\/ship-tracker.org\\\/it\\\/majesty-of-the-seas\\\/#breadcrumb\",\"itemListElement\":[{\"@type\":\"ListItem\",\"position\":1,\"name\":\"Startseite\",\"item\":\"https:\\\/\\\/ship-tracker.org\\\/\"},{\"@type\":\"ListItem\",\"position\":2,\"name\":\"Majesty Of The Seas\"}]},{\"@type\":\"WebSite\",\"@id\":\"https:\\\/\\\/ship-tracker.org\\\/#website\",\"url\":\"https:\\\/\\\/ship-tracker.org\\\/\",\"name\":\"Ship-tracker.org\",\"description\":\"\",\"potentialAction\":[{\"@type\":\"SearchAction\",\"target\":{\"@type\":\"EntryPoint\",\"urlTemplate\":\"https:\\\/\\\/ship-tracker.org\\\/?s={search_term_string}\"},\"query-input\":{\"@type\":\"PropertyValueSpecification\",\"valueRequired\":true,\"valueName\":\"search_term_string\"}}],\"inLanguage\":\"fr-FR\"}]}<\/script>\n<!-- \/ Yoast SEO plugin. -->","yoast_head_json":{"title":"Majesty Of The Seas locationEmplacement et position actuels","description":"Majesty Of The Seas \u2693 Emplacement actuel et position de Majesty Of The Seas \u2713 Suivi des navires de croisi\u00e8re \u2713 Suivi des navires en direct","robots":{"index":"index","follow":"follow","max-snippet":"max-snippet:-1","max-image-preview":"max-image-preview:large","max-video-preview":"max-video-preview:-1"},"canonical":"https:\/\/ship-tracker.org\/fr\/majesty-of-the-seas\/","og_locale":"fr_FR","og_type":"article","og_title":"Majesty Of The Seas \u2503Current location and position","og_description":"Majesty Of The Seas \u2693 Current location and position of Majesty Of The Seas \u2713 Cruise Ship Tracker \u2713 Live Ship Tracker","og_url":"https:\/\/ship-tracker.org\/fr\/majesty-of-the-seas\/","og_site_name":"Ship-tracker.org","article_modified_time":"2021-11-08T20:40:16+00:00","og_image":[{"url":"https:\/\/ship-tracker.org\/wp-content\/uploads\/2017\/09\/Majesty_Header.jpg","type":"","width":"","height":""}],"twitter_card":"summary_large_image","twitter_misc":{"Dur\u00e9e de lecture estim\u00e9e":"1 minute"},"schema":{"@context":"https:\/\/schema.org","@graph":[{"@type":"WebPage","@id":"https:\/\/ship-tracker.org\/it\/majesty-of-the-seas\/","url":"https:\/\/ship-tracker.org\/it\/majesty-of-the-seas\/","name":"Majesty Of The Seas locationEmplacement et position actuels","isPartOf":{"@id":"https:\/\/ship-tracker.org\/#website"},"primaryImageOfPage":{"@id":"https:\/\/ship-tracker.org\/it\/majesty-of-the-seas\/#primaryimage"},"image":{"@id":"https:\/\/ship-tracker.org\/it\/majesty-of-the-seas\/#primaryimage"},"thumbnailUrl":"https:\/\/ship-tracker.org\/wp-content\/uploads\/2017\/09\/Majesty_Header.jpg","datePublished":"2017-09-14T13:07:39+00:00","dateModified":"2021-11-08T20:40:16+00:00","description":"Majesty Of The Seas \u2693 Emplacement actuel et position de Majesty Of The Seas \u2713 Suivi des navires de croisi\u00e8re \u2713 Suivi des navires en direct","breadcrumb":{"@id":"https:\/\/ship-tracker.org\/it\/majesty-of-the-seas\/#breadcrumb"},"inLanguage":"fr-FR","potentialAction":[{"@type":"ReadAction","target":["https:\/\/ship-tracker.org\/it\/majesty-of-the-seas\/"]}]},{"@type":"ImageObject","inLanguage":"fr-FR","@id":"https:\/\/ship-tracker.org\/it\/majesty-of-the-seas\/#primaryimage","url":"https:\/\/ship-tracker.org\/wp-content\/uploads\/2017\/09\/Majesty_Header.jpg","contentUrl":"https:\/\/ship-tracker.org\/wp-content\/uploads\/2017\/09\/Majesty_Header.jpg"},{"@type":"BreadcrumbList","@id":"https:\/\/ship-tracker.org\/it\/majesty-of-the-seas\/#breadcrumb","itemListElement":[{"@type":"ListItem","position":1,"name":"Startseite","item":"https:\/\/ship-tracker.org\/"},{"@type":"ListItem","position":2,"name":"Majesty Of The Seas"}]},{"@type":"WebSite","@id":"https:\/\/ship-tracker.org\/#website","url":"https:\/\/ship-tracker.org\/","name":"Ship-tracker.org","description":"","potentialAction":[{"@type":"SearchAction","target":{"@type":"EntryPoint","urlTemplate":"https:\/\/ship-tracker.org\/?s={search_term_string}"},"query-input":{"@type":"PropertyValueSpecification","valueRequired":true,"valueName":"search_term_string"}}],"inLanguage":"fr-FR"}]}},"_links":{"self":[{"href":"https:\/\/ship-tracker.org\/fr\/wp-json\/wp\/v2\/pages\/87","targetHints":{"allow":["GET"]}}],"collection":[{"href":"https:\/\/ship-tracker.org\/fr\/wp-json\/wp\/v2\/pages"}],"about":[{"href":"https:\/\/ship-tracker.org\/fr\/wp-json\/wp\/v2\/types\/page"}],"author":[{"embeddable":true,"href":"https:\/\/ship-tracker.org\/fr\/wp-json\/wp\/v2\/users\/1"}],"replies":[{"embeddable":true,"href":"https:\/\/ship-tracker.org\/fr\/wp-json\/wp\/v2\/comments?post=87"}],"version-history":[{"count":9,"href":"https:\/\/ship-tracker.org\/fr\/wp-json\/wp\/v2\/pages\/87\/revisions"}],"predecessor-version":[{"id":2208,"href":"https:\/\/ship-tracker.org\/fr\/wp-json\/wp\/v2\/pages\/87\/revisions\/2208"}],"wp:attachment":[{"href":"https:\/\/ship-tracker.org\/fr\/wp-json\/wp\/v2\/media?parent=87"}],"curies":[{"name":"wp","href":"https:\/\/api.w.org\/{rel}","templated":true}]}}