{"id":745,"date":"2019-03-28T16:16:09","date_gmt":"2019-03-28T15:16:09","guid":{"rendered":"https:\/\/ship-tracker.org\/?page_id=745"},"modified":"2021-11-08T21:05:13","modified_gmt":"2021-11-08T20:05:13","slug":"cruise-ship-tracker","status":"publish","type":"page","link":"https:\/\/ship-tracker.org\/fr\/cruise-ship-tracker\/","title":{"rendered":"Traqueur de bateau de croisi\u00e8re"},"content":{"rendered":"<p><script async src=\"https:\/\/pagead2.googlesyndication.com\/pagead\/js\/adsbygoogle.js\"><span data-mce-type=\"bookmark\" style=\"display: inline-block; width: 0px; overflow: hidden; line-height: 0;\" class=\"mce_SELRES_start\">\ufeff<\/span><span data-mce-type=\"bookmark\" style=\"display: inline-block; width: 0px; overflow: hidden; line-height: 0;\" class=\"mce_SELRES_start\">\ufeff<\/span><\/script><br \/>\n<!-- Ship-Tracker Display --><br \/>\n<ins class=\"adsbygoogle\" style=\"display: block;\" data-ad-client=\"ca-pub-1316785063791781\" data-ad-slot=\"8075999632\" data-ad-format=\"auto\" data-full-width-responsive=\"true\"><\/ins><br \/>\n<script>\n     (adsbygoogle = window.adsbygoogle || []).push({});\n<\/script><\/p>\n<h2 class=\"p1\"><span class=\"s1\">Traqueur de bateau de croisi\u00e8re - <\/span>Localisation du navire en temps r\u00e9el<\/h2>\n<p><script type=\"text\/javascript\">\nwidth='100%';\nheight='450';\n<\/script><br \/>\n<script type=\"text\/javascript\" src=\"\/\/www.marinetraffic.com\/js\/embed.js\"><\/script><\/p>\n<p><script async src=\"https:\/\/pagead2.googlesyndication.com\/pagead\/js\/adsbygoogle.js\"><\/script><br \/>\n<!-- Schip-Tracker Linkanzeigen --><br \/>\n<ins class=\"adsbygoogle\" style=\"display: block;\" data-ad-client=\"ca-pub-1316785063791781\" data-ad-slot=\"3429004156\" data-ad-format=\"link\" data-full-width-responsive=\"true\"><\/ins><br \/>\n<script>\n     (adsbygoogle = window.adsbygoogle || []).push({});\n<\/script><\/p>\n<p style=\"text-align: justify;\">Le suivi des navires est le lieu de croisi\u00e8re le plus populaire. Les parents veulent souvent savoir si le voyage du bateau de croisi\u00e8re se d\u00e9roule bien ou si le navire arrivera au port ou \u00e0 destination \u00e0 temps.<\/p>\n<p class=\"p1\" style=\"text-align: justify;\"><span class=\"s1\">Il y a certaines choses que vous devez savoir sur le suivi des vols de croisi\u00e8re. N&#039;IMPORTE QUEL type de navire, c&#039;est que votre entreprise conduit, il est important de savoir qu&#039;il est s\u00fbr et hors de danger. Avec l&#039;aide de la tra\u00e7abilit\u00e9 globale de l&#039;AIS, vous pouvez vous assurer que vous savez tr\u00e8s bien o\u00f9 votre vaisseau est dirig\u00e9 et que les conducteurs du navire sont \u00e9galement en s\u00e9curit\u00e9. <\/span><\/p>\n<p class=\"p1\" style=\"text-align: justify;\"><span class=\"s1\">C&#039;est le plus efficace des trajets, car il en est de m\u00eame avec l&#039;utilisation de fonctionnalit\u00e9s et il est m\u00eame en cours. Vous pouvez \u00eatre \u00e9loign\u00e9 du travail et l&#039;avoir t\u00e9l\u00e9charg\u00e9 sur votre t\u00e9l\u00e9phone en tant qu&#039;application - et choisir les caract\u00e9ristiques de votre croisi\u00e8re pour faire en sorte que cela marche dans un sens qui va dans le bon sens, tout va dans le bon sens\u00a0<\/span><\/p>\n<h2>Comment localiser les bateaux de croisi\u00e8re?<\/h2>\n<p style=\"text-align: justify;\">La position des bateaux de croisi\u00e8re est la plus recherch\u00e9e. Les proches veulent souvent savoir si le voyage du bateau de croisi\u00e8re se d\u00e9roule bien ou si le navire arrivera au port ou \u00e0 destination \u00e0 l&#039;heure pr\u00e9vue. Pour afficher la position d&#039;un navire de croisi\u00e8re sp\u00e9cifique, cliquez simplement sur l&#039;ic\u00f4ne de la loupe dans le coin sup\u00e9rieur gauche. Ensuite, vous pouvez entrer le nom du navire que vous recherchez. Ensuite, le navire sera affich\u00e9 \u00e0 sa position actuelle avec toutes les informations.<\/p>\n<figure id=\"attachment_2025\" aria-describedby=\"caption-attachment-2025\" style=\"width: 768px\" class=\"wp-caption aligncenter\"><img loading=\"lazy\" decoding=\"async\" class=\"wp-image-2025 size-full\" src=\"https:\/\/ship-tracker.org\/wp-content\/uploads\/2020\/04\/karte-kreuzfahrt-kreuzfahrtschiff-schiffsposition-schiffsradar-768x388-1.jpg\" alt=\"Comment localiser les bateaux de croisi\u00e8re?\" width=\"768\" height=\"388\" srcset=\"https:\/\/ship-tracker.org\/wp-content\/uploads\/2020\/04\/karte-kreuzfahrt-kreuzfahrtschiff-schiffsposition-schiffsradar-768x388-1.jpg 768w, https:\/\/ship-tracker.org\/wp-content\/uploads\/2020\/04\/karte-kreuzfahrt-kreuzfahrtschiff-schiffsposition-schiffsradar-768x388-1-300x152.jpg 300w\" sizes=\"auto, (max-width: 768px) 100vw, 768px\" \/><figcaption id=\"caption-attachment-2025\" class=\"wp-caption-text\">Capture d&#039;\u00e9cran \u00a9 Marinetraffic.com<\/figcaption><\/figure>\n<p style=\"text-align: justify;\">Dans le trafic maritime, les navires \u00e0 passagers sont repr\u00e9sent\u00e9s par des symboles bleus. Ici, tous les navires de croisi\u00e8re peuvent \u00eatre facilement s\u00e9lectionn\u00e9s pour garder un aper\u00e7u et effectuer des recherches sp\u00e9cifiques.<\/p>\n<h2>Emplacement des navires de croisi\u00e8re dans le monde entier<\/h2>\n<p style=\"text-align: justify;\">Surtout avec les grands navires, il est tr\u00e8s important que la position la plus r\u00e9cente soit connue \u00e0 tout moment. Gr\u00e2ce \u00e0 la technologie moderne, ce n&#039;est bien s\u00fbr plus un probl\u00e8me. \u00c0 cette fin, le soi-disant <a href=\"https:\/\/en.wikipedia.org\/wiki\/Automatic_identification_system\" target=\"_blank\" rel=\"noopener noreferrer\">Syst\u00e8me d&#039;identification automatique<\/a> est utilis\u00e9, qui envoie en permanence l&#039;emplacement actuel du navire aux stations de base requises, qui sont r\u00e9parties dans le monde entier. En fait, il existe une r\u00e9glementation mondiale concernant l&#039;\u00e9quipement des navires avec ce syst\u00e8me.<\/p>\n<p style=\"text-align: justify;\">Ce syst\u00e8me doit donc toujours \u00eatre embarqu\u00e9 et bien s\u00fbr actif. Les donn\u00e9es du syst\u00e8me sont ensuite \u00e9valu\u00e9es et trait\u00e9es graphiquement afin de pouvoir \u00eatre mises \u00e0 votre disposition.<\/p>\n<p>Du navire de croisi\u00e8re classique Mariner Of The Seas, sur lequel des centaines de vacanciers profitent du soleil et se laissent dorloter par le personnel, au grand porte-conteneurs, sur lequel les marchandises sont transport\u00e9es vers tous les pays du monde, le choix des navires pourrait difficilement \u00eatre plus grand.<\/p>\n<h2>Comment la position du navire est-elle d\u00e9termin\u00e9e?<\/h2>\n<p style=\"text-align: justify;\">Si vous vous demandez comment fonctionne exactement l&#039;enqu\u00eate sur l&#039;AIS, voici l&#039;explication. AIS est la forme abr\u00e9g\u00e9e du syst\u00e8me d&#039;identification automatique. Il s&#039;agit d&#039;un syst\u00e8me radio utilis\u00e9 pour transmettre des donn\u00e9es sur les navires et la navigation. Il permet d&#039;identifier les navires avec pr\u00e9cision. Cette possibilit\u00e9 augmente consid\u00e9rablement la s\u00e9curit\u00e9 du navire. Les navires transmettent d&#039;importantes donn\u00e9es statistiques et li\u00e9es au voyage via AIS \u00e0 intervalles r\u00e9guliers de 2 secondes \u00e0 3 minutes, le tout via des \u00e9metteurs et r\u00e9cepteurs sp\u00e9ciaux.<\/p>\n<h2>Ce radar de croisi\u00e8re est \u00e0 votre disposition gratuitement<\/h2>\n<p style=\"text-align: justify;\">Si vous \u00eates int\u00e9ress\u00e9 par le suivi des navires de croisi\u00e8re et que vous souhaitez d\u00e9terminer une position de navire sp\u00e9cifique, vous \u00eates au bon endroit sur les pages Marinetraffic.com ou Vesselfinder.com. De nos jours, tous les navires sont \u00e9quip\u00e9s du syst\u00e8me dit AIS, qui leur permet de transmettre en continu leur position actuelle.<\/p>\n<p style=\"text-align: justify;\">Cela permet aux donn\u00e9es d&#039;\u00eatre saisies sur la carte en temps r\u00e9el, de sorte que vous pouvez suivre la position du navire en direct depuis la maison - que ce soit un bateau de croisi\u00e8re, un porte-conteneurs, un remorqueur ou m\u00eame un yacht. Chaque navire dans le monde peut \u00eatre discut\u00e9 sur la carte gr\u00e2ce au syst\u00e8me AIS, que vous recherchiez un navire sp\u00e9cifique ou que vous soyez simplement int\u00e9ress\u00e9 par la navigation. Explorer les oc\u00e9ans est amusant, r\u00e9v\u00e8le tous les jours de nouveaux d\u00e9tails et est \u00e9galement absolument gratuit pour tout le monde.<\/p>\n<p><script async src=\"https:\/\/pagead2.googlesyndication.com\/pagead\/js\/adsbygoogle.js\"><\/script><br \/>\n<!-- Ship-Tracker Display --><br \/>\n<ins class=\"adsbygoogle\" style=\"display: block;\" data-ad-client=\"ca-pub-1316785063791781\" data-ad-slot=\"8075999632\" data-ad-format=\"auto\" data-full-width-responsive=\"true\"><\/ins><br \/>\n<script>\n     (adsbygoogle = window.adsbygoogle || []).push({});\n<\/script><\/p>\n<h2 class=\"p1\"><span class=\"s1\">S\u00e9curit\u00e9 gr\u00e2ce au trafic maritime\u00a0<\/span><\/h2>\n<p class=\"p1\" style=\"text-align: justify;\"><span class=\"s1\">Le tra\u00e7age des diapositives est particuli\u00e8rement important parce que la s\u00e9curit\u00e9 de chaque diaphragme sur le diaphragme est entre vos mains. Le suivi des navires est \u00e9galement une obligation l\u00e9gale; il existe des caract\u00e9ristiques qui doivent \u00eatre suivies pour s&#039;assurer que tout fonctionne bien. Le fait de tracer un plan de navigation s\u00fbr est tout aussi important que le trafic principal, car il s&#039;agit de la s\u00e9curit\u00e9 des personnes sur la base et des op\u00e9rations de base.\u00a0<\/span><\/p>\n<p class=\"p1\" style=\"text-align: justify;\"><span class=\"s1\">Avec des mises \u00e0 jour sur les conditions m\u00e9t\u00e9orologiques, vous pouvez communiquer avec les chauffeurs sur le bateau pour leur donner une aide qui leur permettra d&#039;\u00e9viter de voyager pendant tout le temps. Avec l&#039;aide de pr\u00e8s, les randonneurs sur le bateau sauront \u00e9galement qu&#039;ils devraient \u00e9viter de recommencer en cours de route en partant des navires \u00e0 bord du bateau. C&#039;est simple \u00e0 utiliser et c&#039;est une excellente fa\u00e7on de s&#039;assurer que chaque programme fonctionne r\u00e9guli\u00e8rement.<\/span><\/p>\n<h3 class=\"p1\"><span class=\"s1\">Voir la dir\u0435\u0441ti\u043en\u00a0<\/span><\/h3>\n<p class=\"p1\" style=\"text-align: justify;\"><span class=\"s1\">Non seulement vous ne serez pas en mesure de voir votre propre exemple, mais la direction d&#039;autres exemples vous entourera. <a href=\"https:\/\/ship-tracker.org\/fr\/vesselfinder\/\">Vesselfind\u0435r<\/a> vous ne devez pas savoir qu&#039;il y a un autre navire ferm\u00e9 par et que le v\u00f4tre devrait indiquer les directions imm\u00e9diatement ou emp\u00eacher le reste du navire de s&#039;assurer que les chemins de croisement sont faits de mani\u00e8re s\u00fbre. Tous les panneaux qui se d\u00e9placent auront \u00e9galement acc\u00e8s \u00e0 ceux-ci et ils pourront voir les uns les autres, quelles que soient les conditions, la vitesse et la dur\u00e9e pendant laquelle il faudra pour les amener \u00e0 leur destination finale. <\/span><\/p>\n<p class=\"p1\" style=\"text-align: justify;\"><span class=\"s1\">Il s&#039;agit d&#039;un programme qui ne vous laissera pas faire ou travailler en cons\u00e9quence. Il est tr\u00e8s coh\u00e9rent et certains d&#039;entre eux comptent sur ceux-ci pour s&#039;assurer que leur \u00eatre s\u00fbr est ou qu&#039;ils sont dans leur intention.\u00a0<\/span><\/p>\n<p><img loading=\"lazy\" decoding=\"async\" class=\"wp-image-746 size-full aligncenter\" src=\"https:\/\/ship-tracker.org\/wp-content\/uploads\/2019\/03\/cruise-ship-615116_640-1.jpg\" alt=\"Traqueur de bateau de croisi\u00e8re\" width=\"640\" height=\"357\" srcset=\"https:\/\/ship-tracker.org\/wp-content\/uploads\/2019\/03\/cruise-ship-615116_640-1.jpg 640w, https:\/\/ship-tracker.org\/wp-content\/uploads\/2019\/03\/cruise-ship-615116_640-1-300x167.jpg 300w\" sizes=\"auto, (max-width: 640px) 100vw, 640px\" \/><\/p>","protected":false},"excerpt":{"rendered":"<p>Cruise Ship Tracker \u2013 Localisation des navires en temps r\u00e9el Le suivi des navires est l\u2019emplacement des navires de croisi\u00e8re le plus populaire. Les proches veulent souvent savoir si le voyage du bateau de croisi\u00e8re se d\u00e9roule sans probl\u00e8me ou si le bateau arrivera au port ou \u00e0 destination \u00e0 temps. Il y a certaines choses que vous devez savoir sur la croisi\u00e8re\u2026&nbsp;<a href=\"https:\/\/ship-tracker.org\/fr\/cruise-ship-tracker\/\" rel=\"bookmark\">En savoir plus &quot;<span class=\"screen-reader-text\">Traqueur de bateau de croisi\u00e8re<\/span><\/a><\/p>","protected":false},"author":1,"featured_media":0,"parent":0,"menu_order":0,"comment_status":"closed","ping_status":"closed","template":"","meta":{"neve_meta_sidebar":"","neve_meta_container":"","neve_meta_enable_content_width":"","neve_meta_content_width":0,"neve_meta_title_alignment":"","neve_meta_author_avatar":"","neve_post_elements_order":"","neve_meta_disable_header":"","neve_meta_disable_footer":"","neve_meta_disable_title":"","neve_meta_reading_time":"","footnotes":""},"class_list":["post-745","page","type-page","status-publish","hentry"],"yoast_head":"<!-- This site is optimized with the Yoast SEO plugin v26.9 - https:\/\/yoast.com\/product\/yoast-seo-wordpress\/ -->\n<title>Cruise Ship Tracker\u2503Current position location and Specifications<\/title>\n<meta name=\"description\" content=\"Cruise Ship Tracker \u2693 Current position of All Cruise ships \u2713 Ship Tracker \u2713 Live Ship Tracker \u2713 Review and Specifications \u2713 Webcam\" \/>\n<meta name=\"robots\" content=\"index, follow, max-snippet:-1, max-image-preview:large, max-video-preview:-1\" \/>\n<link rel=\"canonical\" href=\"https:\/\/ship-tracker.org\/fr\/cruise-ship-tracker\/\" \/>\n<meta property=\"og:locale\" content=\"fr_FR\" \/>\n<meta property=\"og:type\" content=\"article\" \/>\n<meta property=\"og:title\" content=\"Cruise Ship Tracker\u2503Current position location and Specifications\" \/>\n<meta property=\"og:description\" content=\"Cruise Ship Tracker \u2693 Current position of All Cruise ships \u2713 Ship Tracker \u2713 Live Ship Tracker \u2713 Review and Specifications \u2713 Webcam\" \/>\n<meta property=\"og:url\" content=\"https:\/\/ship-tracker.org\/fr\/cruise-ship-tracker\/\" \/>\n<meta property=\"og:site_name\" content=\"Ship-tracker.org\" \/>\n<meta property=\"article:modified_time\" content=\"2021-11-08T20:05:13+00:00\" \/>\n<meta property=\"og:image\" content=\"https:\/\/ship-tracker.org\/wp-content\/uploads\/2020\/04\/karte-kreuzfahrt-kreuzfahrtschiff-schiffsposition-schiffsradar-768x388-1.jpg\" \/>\n<meta name=\"twitter:card\" content=\"summary_large_image\" \/>\n<meta name=\"twitter:label1\" content=\"Dur\u00e9e de lecture estim\u00e9e\" \/>\n\t<meta name=\"twitter:data1\" content=\"6 minutes\" \/>\n<script type=\"application\/ld+json\" class=\"yoast-schema-graph\">{\"@context\":\"https:\/\/schema.org\",\"@graph\":[{\"@type\":\"WebPage\",\"@id\":\"https:\/\/ship-tracker.org\/nl\/cruise-ship-tracker\/\",\"url\":\"https:\/\/ship-tracker.org\/nl\/cruise-ship-tracker\/\",\"name\":\"Cruise Ship Tracker\u2503Current position location and Specifications\",\"isPartOf\":{\"@id\":\"https:\/\/ship-tracker.org\/#website\"},\"primaryImageOfPage\":{\"@id\":\"https:\/\/ship-tracker.org\/nl\/cruise-ship-tracker\/#primaryimage\"},\"image\":{\"@id\":\"https:\/\/ship-tracker.org\/nl\/cruise-ship-tracker\/#primaryimage\"},\"thumbnailUrl\":\"https:\/\/ship-tracker.org\/wp-content\/uploads\/2020\/04\/karte-kreuzfahrt-kreuzfahrtschiff-schiffsposition-schiffsradar-768x388-1.jpg\",\"datePublished\":\"2019-03-28T15:16:09+00:00\",\"dateModified\":\"2021-11-08T20:05:13+00:00\",\"description\":\"Cruise Ship Tracker \u2693 Current position of All Cruise ships \u2713 Ship Tracker \u2713 Live Ship Tracker \u2713 Review and Specifications \u2713 Webcam\",\"breadcrumb\":{\"@id\":\"https:\/\/ship-tracker.org\/nl\/cruise-ship-tracker\/#breadcrumb\"},\"inLanguage\":\"fr-FR\",\"potentialAction\":[{\"@type\":\"ReadAction\",\"target\":[\"https:\/\/ship-tracker.org\/nl\/cruise-ship-tracker\/\"]}]},{\"@type\":\"ImageObject\",\"inLanguage\":\"fr-FR\",\"@id\":\"https:\/\/ship-tracker.org\/nl\/cruise-ship-tracker\/#primaryimage\",\"url\":\"https:\/\/ship-tracker.org\/wp-content\/uploads\/2020\/04\/karte-kreuzfahrt-kreuzfahrtschiff-schiffsposition-schiffsradar-768x388-1.jpg\",\"contentUrl\":\"https:\/\/ship-tracker.org\/wp-content\/uploads\/2020\/04\/karte-kreuzfahrt-kreuzfahrtschiff-schiffsposition-schiffsradar-768x388-1.jpg\"},{\"@type\":\"BreadcrumbList\",\"@id\":\"https:\/\/ship-tracker.org\/nl\/cruise-ship-tracker\/#breadcrumb\",\"itemListElement\":[{\"@type\":\"ListItem\",\"position\":1,\"name\":\"Startseite\",\"item\":\"https:\/\/ship-tracker.org\/\"},{\"@type\":\"ListItem\",\"position\":2,\"name\":\"Cruise Ship Tracker\"}]},{\"@type\":\"WebSite\",\"@id\":\"https:\/\/ship-tracker.org\/#website\",\"url\":\"https:\/\/ship-tracker.org\/\",\"name\":\"Ship-tracker.org\",\"description\":\"\",\"potentialAction\":[{\"@type\":\"SearchAction\",\"target\":{\"@type\":\"EntryPoint\",\"urlTemplate\":\"https:\/\/ship-tracker.org\/?s={search_term_string}\"},\"query-input\":{\"@type\":\"PropertyValueSpecification\",\"valueRequired\":true,\"valueName\":\"search_term_string\"}}],\"inLanguage\":\"fr-FR\"}]}<\/script>\n<!-- \/ Yoast SEO plugin. -->","yoast_head_json":{"title":"Cruise Ship Tracker\u2503 Emplacement actuel et sp\u00e9cifications","description":"Cruise Ship Tracker \u2693 Position actuelle de tous les navires de croisi\u00e8re \u2713 Ship Tracker \u2713 Live Ship Tracker \u2713 Examen et sp\u00e9cifications \u2713 Webcam","robots":{"index":"index","follow":"follow","max-snippet":"max-snippet:-1","max-image-preview":"max-image-preview:large","max-video-preview":"max-video-preview:-1"},"canonical":"https:\/\/ship-tracker.org\/fr\/cruise-ship-tracker\/","og_locale":"fr_FR","og_type":"article","og_title":"Cruise Ship Tracker\u2503Current position location and Specifications","og_description":"Cruise Ship Tracker \u2693 Current position of All Cruise ships \u2713 Ship Tracker \u2713 Live Ship Tracker \u2713 Review and Specifications \u2713 Webcam","og_url":"https:\/\/ship-tracker.org\/fr\/cruise-ship-tracker\/","og_site_name":"Ship-tracker.org","article_modified_time":"2021-11-08T20:05:13+00:00","og_image":[{"url":"https:\/\/ship-tracker.org\/wp-content\/uploads\/2020\/04\/karte-kreuzfahrt-kreuzfahrtschiff-schiffsposition-schiffsradar-768x388-1.jpg","type":"","width":"","height":""}],"twitter_card":"summary_large_image","twitter_misc":{"Dur\u00e9e de lecture estim\u00e9e":"6 minutes"},"schema":{"@context":"https:\/\/schema.org","@graph":[{"@type":"WebPage","@id":"https:\/\/ship-tracker.org\/nl\/cruise-ship-tracker\/","url":"https:\/\/ship-tracker.org\/nl\/cruise-ship-tracker\/","name":"Cruise Ship Tracker\u2503 Emplacement actuel et sp\u00e9cifications","isPartOf":{"@id":"https:\/\/ship-tracker.org\/#website"},"primaryImageOfPage":{"@id":"https:\/\/ship-tracker.org\/nl\/cruise-ship-tracker\/#primaryimage"},"image":{"@id":"https:\/\/ship-tracker.org\/nl\/cruise-ship-tracker\/#primaryimage"},"thumbnailUrl":"https:\/\/ship-tracker.org\/wp-content\/uploads\/2020\/04\/karte-kreuzfahrt-kreuzfahrtschiff-schiffsposition-schiffsradar-768x388-1.jpg","datePublished":"2019-03-28T15:16:09+00:00","dateModified":"2021-11-08T20:05:13+00:00","description":"Cruise Ship Tracker \u2693 Position actuelle de tous les navires de croisi\u00e8re \u2713 Ship Tracker \u2713 Live Ship Tracker \u2713 Examen et sp\u00e9cifications \u2713 Webcam","breadcrumb":{"@id":"https:\/\/ship-tracker.org\/nl\/cruise-ship-tracker\/#breadcrumb"},"inLanguage":"fr-FR","potentialAction":[{"@type":"ReadAction","target":["https:\/\/ship-tracker.org\/nl\/cruise-ship-tracker\/"]}]},{"@type":"ImageObject","inLanguage":"fr-FR","@id":"https:\/\/ship-tracker.org\/nl\/cruise-ship-tracker\/#primaryimage","url":"https:\/\/ship-tracker.org\/wp-content\/uploads\/2020\/04\/karte-kreuzfahrt-kreuzfahrtschiff-schiffsposition-schiffsradar-768x388-1.jpg","contentUrl":"https:\/\/ship-tracker.org\/wp-content\/uploads\/2020\/04\/karte-kreuzfahrt-kreuzfahrtschiff-schiffsposition-schiffsradar-768x388-1.jpg"},{"@type":"BreadcrumbList","@id":"https:\/\/ship-tracker.org\/nl\/cruise-ship-tracker\/#breadcrumb","itemListElement":[{"@type":"ListItem","position":1,"name":"Startseite","item":"https:\/\/ship-tracker.org\/"},{"@type":"ListItem","position":2,"name":"Cruise Ship Tracker"}]},{"@type":"WebSite","@id":"https:\/\/ship-tracker.org\/#website","url":"https:\/\/ship-tracker.org\/","name":"Ship-tracker.org","description":"","potentialAction":[{"@type":"SearchAction","target":{"@type":"EntryPoint","urlTemplate":"https:\/\/ship-tracker.org\/?s={search_term_string}"},"query-input":{"@type":"PropertyValueSpecification","valueRequired":true,"valueName":"search_term_string"}}],"inLanguage":"fr-FR"}]}},"_links":{"self":[{"href":"https:\/\/ship-tracker.org\/fr\/wp-json\/wp\/v2\/pages\/745","targetHints":{"allow":["GET"]}}],"collection":[{"href":"https:\/\/ship-tracker.org\/fr\/wp-json\/wp\/v2\/pages"}],"about":[{"href":"https:\/\/ship-tracker.org\/fr\/wp-json\/wp\/v2\/types\/page"}],"author":[{"embeddable":true,"href":"https:\/\/ship-tracker.org\/fr\/wp-json\/wp\/v2\/users\/1"}],"replies":[{"embeddable":true,"href":"https:\/\/ship-tracker.org\/fr\/wp-json\/wp\/v2\/comments?post=745"}],"version-history":[{"count":10,"href":"https:\/\/ship-tracker.org\/fr\/wp-json\/wp\/v2\/pages\/745\/revisions"}],"predecessor-version":[{"id":2026,"href":"https:\/\/ship-tracker.org\/fr\/wp-json\/wp\/v2\/pages\/745\/revisions\/2026"}],"wp:attachment":[{"href":"https:\/\/ship-tracker.org\/fr\/wp-json\/wp\/v2\/media?parent=745"}],"curies":[{"name":"wp","href":"https:\/\/api.w.org\/{rel}","templated":true}]}}