{"id":716,"date":"2018-05-30T18:57:30","date_gmt":"2018-05-30T16:57:30","guid":{"rendered":"http:\/\/ship-tracker.org\/?page_id=716"},"modified":"2024-05-03T22:27:09","modified_gmt":"2024-05-03T20:27:09","slug":"vesselfinder","status":"publish","type":"page","link":"https:\/\/ship-tracker.org\/fr\/vesselfinder\/","title":{"rendered":"VesselFinder"},"content":{"rendered":"<p><script async src=\"https:\/\/pagead2.googlesyndication.com\/pagead\/js\/adsbygoogle.js\"><span data-mce-type=\"bookmark\" style=\"display: inline-block; width: 0px; overflow: hidden; line-height: 0;\" class=\"mce_SELRES_start\">\ufeff<\/span><span data-mce-type=\"bookmark\" style=\"display: inline-block; width: 0px; overflow: hidden; line-height: 0;\" class=\"mce_SELRES_start\">\ufeff<\/span><\/script><br \/>\n<!-- Ship-Tracker Display --><br \/>\n<ins class=\"adsbygoogle\" style=\"display: block;\" data-ad-client=\"ca-pub-1316785063791781\" data-ad-slot=\"8075999632\" data-ad-format=\"auto\" data-full-width-responsive=\"true\"><\/ins><br \/>\n<script>\n     (adsbygoogle = window.adsbygoogle || []).push({});\n<\/script><\/p>\n<h2>Suivi des navires en temps r\u00e9el par VesselFinder<\/h2>\n<p><script type=\"text\/javascript\">\n  var width=\"1500\";\n  var height=\"500\";\n  var zoom=\"3\";\n  var click_to_activate=false;\n<\/script><br \/>\n<script type=\"text\/javascript\" src=\"https:\/\/www.vesselfinder.com\/aismap.js\">\n<\/script><br \/>\n<script async src=\"https:\/\/pagead2.googlesyndication.com\/pagead\/js\/adsbygoogle.js\"><\/script><br \/>\n<!-- Schip-Tracker Linkanzeigen --><br \/>\n<ins class=\"adsbygoogle\" style=\"display: block;\" data-ad-client=\"ca-pub-1316785063791781\" data-ad-slot=\"3429004156\" data-ad-format=\"link\" data-full-width-responsive=\"true\"><\/ins><br \/>\n<script>\n     (adsbygoogle = window.adsbygoogle || []).push({});\n<\/script><\/p>\n<p class=\"p1\" style=\"text-align: justify;\"><span class=\"s1\">En fait, il y a plus de 100 000 visites en temps r\u00e9el sur une base quotidienne avec l&#039;aide d&#039;un grand r\u00e9seau de nouvelles AIS, des r\u00e9ceptions AIS tr\u00e8s r\u00e9centes, d\u00e9jeun\u00e9es et \u00e9tablies en 2011.\u00a0<\/span><\/p>\n<p class=\"p1\" style=\"text-align: justify;\"><span class=\"s1\">VesselFinder offre des services sur les plates-formes num\u00e9riques, sociales et mobiles, VesselFinder offre des services de surveillance efficaces, des escales, des donn\u00e9es de base et un historique d\u00e9taill\u00e9 du voyage. En outre, il fournit \u00e9galement des services de donn\u00e9es AIS historiques qui fournissent des rapports personnalis\u00e9s sur les mouvements des navires, une analyse de la densit\u00e9 du trafic et une simulation vid\u00e9o des mouvements des navires,<span class=\"Apple-converted-space\">\u00a0 <\/span>parmi d&#039;autres.<span class=\"Apple-converted-space\">\u00a0 \u00a0<\/span><\/span><\/p>\n<h2>Comment fonctionne VesselFinder ?<\/h2>\n<p class=\"p1\" style=\"text-align: justify;\"><span class=\"s1\">AIS Liv\u0435 <a href=\"https:\/\/ship-tracker.org\/fr\/ship-tracker\/\">suivi des navires<\/a><span class=\"Apple-converted-space\">\u00a0\u00a0<\/span>est un endroit o\u00f9 le plan peut faire une demande pour leur propre vue, navire de leur<span class=\"Apple-converted-space\">\u00a0 <\/span>certains, toutes les parties du monde, les derni\u00e8res nouvelles pour l\u2019industrie de la m\u00e9tropole<span class=\"Apple-converted-space\">\u00a0 <\/span>et les affaires. Le service de tra\u00e7abilit\u00e9 AIS Live est un service par Internet totalement gratuit, qui ne se d\u00e9roule pas correctement.<\/span><span class=\"s1\">uir\u0435 any<span class=\"Apple-converted-space\">\u00a0 <\/span>l&#039;enregistrement, c&#039;est aussi avec une interface vraiment rapide et g<\/span><span class=\"s1\">uit\u0435 simple<span class=\"Apple-converted-space\">\u00a0 <\/span>n\u00e1vig\u0430ti\u043en f\u0430\u0441ilit\u0443. Il s\u2019agit \u00e9galement d\u2019un mod\u00e8le simple modifi\u00e9 avec peu<span class=\"Apple-converted-space\">\u00a0 <\/span>est le meilleur moyen pour les utilisateurs de profiter de leurs trajets visuels.\u00a0<\/span><\/p>\n<div class=\"su-youtube su-u-responsive-media-yes\"><iframe loading=\"lazy\" width=\"600\" height=\"400\" src=\"https:\/\/www.youtube.com\/embed\/fIbwRnq4jdo?\" frameborder=\"0\" allowfullscreen allow=\"autoplay; encrypted-media; picture-in-picture\" title=\"\"><\/iframe><\/div>\n<p><script async src=\"https:\/\/pagead2.googlesyndication.com\/pagead\/js\/adsbygoogle.js\"><\/script><br \/>\n<!-- Ship-Tracker Display --><br \/>\n<ins class=\"adsbygoogle\" style=\"display: block;\" data-ad-client=\"ca-pub-1316785063791781\" data-ad-slot=\"8075999632\" data-ad-format=\"auto\" data-full-width-responsive=\"true\"><\/ins><br \/>\n<script>\n     (adsbygoogle = window.adsbygoogle || []).push({});\n<\/script><\/p>\n<h2>VesselFinder Informations sur les navires, la cargaison et Co.<\/h2>\n<p style=\"text-align: justify;\">Vous avez acc\u00e8s \u00e0 beaucoup plus de donn\u00e9es avec VesselFinder, vous pouvez non seulement suivre la position actuelle des navires. Avec certains navires et mod\u00e8les, par exemple, des photos sont disponibles. Gr\u00e2ce \u00e0 ceux-ci, vous pouvez obtenir directement une impression personnelle du navire, un simple clic ou un appui sur le symbole correspondant sur la carte est suffisant.<\/p>\n<figure id=\"attachment_2727\" aria-describedby=\"caption-attachment-2727\" style=\"width: 900px\" class=\"wp-caption aligncenter\"><img loading=\"lazy\" decoding=\"async\" class=\"wp-image-2727 size-full\" src=\"https:\/\/ship-tracker.org\/wp-content\/uploads\/2020\/05\/Unbenannt44-e1589046113367.png\" alt=\"Vesselfinder\" width=\"900\" height=\"455\" srcset=\"https:\/\/ship-tracker.org\/wp-content\/uploads\/2020\/05\/Unbenannt44-e1589046113367.png 900w, https:\/\/ship-tracker.org\/wp-content\/uploads\/2020\/05\/Unbenannt44-e1589046113367-300x152.png 300w, https:\/\/ship-tracker.org\/wp-content\/uploads\/2020\/05\/Unbenannt44-e1589046113367-768x388.png 768w\" sizes=\"auto, (max-width: 900px) 100vw, 900px\" \/><figcaption id=\"caption-attachment-2727\" class=\"wp-caption-text\">Capture d&#039;\u00e9cran \u00a9 VesselFinder.com<\/figcaption><\/figure>\n<p style=\"text-align: justify;\">De plus, des informations sur la cargaison et la destination du navire sont \u00e0 votre disposition. Si vous voulez \u00e9galement savoir o\u00f9 le navire a commenc\u00e9 et combien de temps le voyage prend, ce n&#039;est pas un probl\u00e8me. Enfin, la vitesse actuelle des navires devrait \u00e9galement \u00eatre int\u00e9ressante pour beaucoup. Vous pouvez m\u00eame les voir, ils sont mis \u00e0 jour \u00e0 intervalles r\u00e9guliers.<\/p>\n<p style=\"text-align: justify;\">Essayez vous-m\u00eame le d\u00e9tecteur de navires et laissez-vous convaincre par la fonctionnalit\u00e9 et la simplicit\u00e9 d&#039;utilisation. Nous vous souhaitons beaucoup de plaisir!<\/p>\n<p>Si vous recherchez des donn\u00e9es suppl\u00e9mentaires en temps r\u00e9el provenant de diff\u00e9rents types de radars, notamment a\u00e9riens, maritimes, m\u00e9t\u00e9orologiques, etc., vous pouvez les trouver sur le site Web. <a href=\"https:\/\/live-radar.org\/\" target=\"_blank\" rel=\"noopener noreferrer\">https:\/\/live-radar.org\/<\/a>.<\/p>\n<h3>Les diff\u00e9rents types de navires sur VesselFinder<\/h3>\n<p>Il existe un grand nombre de navires qui peuvent \u00eatre suivis \u00e0 l&#039;aide de VesselFinder. Dans notre tableau, nous avons r\u00e9sum\u00e9 tous les types de navires avec les symboles et la signification sur le radar du navire. \u00c0 l&#039;aide du tableau, vous pouvez facilement voir l&#039;emplacement du navire.<\/p>\n<table style=\"border-collapse: collapse; width: 100%;\">\n<tbody>\n<tr>\n<td style=\"width: 33.3333%;\"><strong>TYPE DE NAVIRE<\/strong><\/td>\n<td style=\"width: 33.3333%; text-align: center;\"><strong>TYPE DE NAVIRE<\/strong><\/td>\n<td style=\"width: 33.3333%; text-align: center;\"><strong>TYPE DE NAVIRE<\/strong><\/td>\n<\/tr>\n<tr>\n<td style=\"width: 33.3333%;\">Navire marchand<\/td>\n<td style=\"width: 33.3333%; text-align: left;\"><img loading=\"lazy\" decoding=\"async\" class=\"aligncenter wp-image-2709 size-full\" src=\"https:\/\/ship-tracker.org\/wp-content\/uploads\/2020\/05\/icon_4_8.png\" alt=\"Navire marchand\" width=\"32\" height=\"32\" \/><\/td>\n<td style=\"width: 33.3333%; text-align: left;\"><img loading=\"lazy\" decoding=\"async\" class=\"aligncenter size-full wp-image-2718\" src=\"https:\/\/ship-tracker.org\/wp-content\/uploads\/2020\/05\/icon_4_32.png\" alt=\"\" width=\"32\" height=\"32\" \/><\/td>\n<\/tr>\n<tr>\n<td style=\"width: 33.3333%;\">P\u00e9trolier<\/td>\n<td style=\"width: 33.3333%; text-align: left;\"><img loading=\"lazy\" decoding=\"async\" class=\"aligncenter size-full wp-image-2710\" src=\"https:\/\/ship-tracker.org\/wp-content\/uploads\/2020\/05\/icon_6_8.png\" alt=\"P\u00e9trolier\" width=\"32\" height=\"32\" \/><\/td>\n<td style=\"width: 33.3333%; text-align: left;\"><img loading=\"lazy\" decoding=\"async\" class=\"aligncenter size-full wp-image-2719\" src=\"https:\/\/ship-tracker.org\/wp-content\/uploads\/2020\/05\/icon_6_32.png\" alt=\"\" width=\"32\" height=\"32\" \/><\/td>\n<\/tr>\n<tr>\n<td style=\"width: 33.3333%;\">Navires militaires<\/td>\n<td style=\"width: 33.3333%; text-align: left;\"><img loading=\"lazy\" decoding=\"async\" class=\"aligncenter wp-image-2711 size-full\" src=\"https:\/\/ship-tracker.org\/wp-content\/uploads\/2020\/05\/icon_7_8.png\" alt=\"Navires militaires\" width=\"32\" height=\"32\" \/><\/td>\n<td style=\"width: 33.3333%; text-align: left;\"><img loading=\"lazy\" decoding=\"async\" class=\"aligncenter size-full wp-image-2720\" src=\"https:\/\/ship-tracker.org\/wp-content\/uploads\/2020\/05\/icon_7_32.png\" alt=\"\" width=\"32\" height=\"32\" \/><\/td>\n<\/tr>\n<tr>\n<td style=\"width: 33.3333%;\">Navire \u00e0 passagers<\/td>\n<td style=\"width: 33.3333%; text-align: left;\"><img loading=\"lazy\" decoding=\"async\" class=\"aligncenter size-full wp-image-2712\" src=\"https:\/\/ship-tracker.org\/wp-content\/uploads\/2020\/05\/icon_3_8.png\" alt=\"Navire \u00e0 passagers\" width=\"32\" height=\"32\" \/><\/td>\n<td style=\"width: 33.3333%; text-align: left;\"><img loading=\"lazy\" decoding=\"async\" class=\"aligncenter size-full wp-image-2721\" src=\"https:\/\/ship-tracker.org\/wp-content\/uploads\/2020\/05\/icon_3_32.png\" alt=\"\" width=\"32\" height=\"32\" \/><\/td>\n<\/tr>\n<tr>\n<td style=\"width: 33.3333%;\">Bateau de p\u00eache<\/td>\n<td style=\"width: 33.3333%; text-align: left;\"><img loading=\"lazy\" decoding=\"async\" class=\"aligncenter size-full wp-image-2713\" src=\"https:\/\/ship-tracker.org\/wp-content\/uploads\/2020\/05\/icon_5_8.png\" alt=\"Bateau de p\u00eache\" width=\"32\" height=\"32\" \/><\/td>\n<td style=\"width: 33.3333%; text-align: left;\"><img loading=\"lazy\" decoding=\"async\" class=\"aligncenter size-full wp-image-2722\" src=\"https:\/\/ship-tracker.org\/wp-content\/uploads\/2020\/05\/icon_5_32.png\" alt=\"\" width=\"32\" height=\"32\" \/><\/td>\n<\/tr>\n<tr>\n<td style=\"width: 33.3333%;\">Bateau rapide<\/td>\n<td style=\"width: 33.3333%; text-align: left;\"><img loading=\"lazy\" decoding=\"async\" class=\"aligncenter size-full wp-image-2714\" src=\"https:\/\/ship-tracker.org\/wp-content\/uploads\/2020\/05\/icon_2_8.png\" alt=\"Bateaux rapides\" width=\"32\" height=\"32\" \/><\/td>\n<td style=\"width: 33.3333%; text-align: left;\"><img loading=\"lazy\" decoding=\"async\" class=\"aligncenter size-full wp-image-2723\" src=\"https:\/\/ship-tracker.org\/wp-content\/uploads\/2020\/05\/icon_2_32.png\" alt=\"\" width=\"32\" height=\"32\" \/><\/td>\n<\/tr>\n<tr>\n<td style=\"width: 33.3333%;\">Bateau \u00e0 voile<\/td>\n<td style=\"width: 33.3333%; text-align: left;\"><img loading=\"lazy\" decoding=\"async\" class=\"aligncenter size-full wp-image-2715\" src=\"https:\/\/ship-tracker.org\/wp-content\/uploads\/2020\/05\/icon_8_8.png\" alt=\"Bateau \u00e0 voile\" width=\"32\" height=\"32\" \/><\/td>\n<td style=\"width: 33.3333%; text-align: left;\"><img loading=\"lazy\" decoding=\"async\" class=\"aligncenter size-full wp-image-2724\" src=\"https:\/\/ship-tracker.org\/wp-content\/uploads\/2020\/05\/icon_8_32.png\" alt=\"\" width=\"32\" height=\"32\" \/><\/td>\n<\/tr>\n<tr>\n<td style=\"width: 33.3333%;\">autre navire<\/td>\n<td style=\"width: 33.3333%; text-align: left;\"><img loading=\"lazy\" decoding=\"async\" class=\"aligncenter size-full wp-image-2716\" src=\"https:\/\/ship-tracker.org\/wp-content\/uploads\/2020\/05\/icon_1_8.png\" alt=\"autre navire\" width=\"32\" height=\"32\" \/><\/td>\n<td style=\"width: 33.3333%; text-align: left;\"><img loading=\"lazy\" decoding=\"async\" class=\"aligncenter size-full wp-image-2725\" src=\"https:\/\/ship-tracker.org\/wp-content\/uploads\/2020\/05\/icon_1_32.png\" alt=\"\" width=\"32\" height=\"32\" \/><\/td>\n<\/tr>\n<tr>\n<td style=\"width: 33.3333%;\">autres objets<\/td>\n<td style=\"width: 33.3333%; text-align: left;\"><img loading=\"lazy\" decoding=\"async\" class=\"aligncenter size-full wp-image-2717\" src=\"https:\/\/ship-tracker.org\/wp-content\/uploads\/2020\/05\/andere-Objekte.png\" alt=\"autres objets\" width=\"32\" height=\"32\" \/><\/td>\n<td style=\"width: 33.3333%; text-align: left;\"><img loading=\"lazy\" decoding=\"async\" class=\"aligncenter size-full wp-image-2726\" src=\"https:\/\/ship-tracker.org\/wp-content\/uploads\/2020\/05\/icon_0_32.png\" alt=\"\" width=\"32\" height=\"32\" \/><\/td>\n<\/tr>\n<\/tbody>\n<\/table>\n<h2 class=\"p1\"><span class=\"s1\">PRINCIPALES CARACT\u00c9RISTIQUES DU SYST\u00c8ME DE CONTR\u00d4LE DE VISUALISATION DU VISITEUR:<\/span><\/h2>\n<p>VesselFinder est bas\u00e9 sur le syst\u00e8me d&#039;identification automatique (AIS). Un vaste r\u00e9seau de r\u00e9cepteurs dans le monde entier envoie en permanence des signaux que le service de suivi d\u00e9code et convertit en mat\u00e9riel que vous pouvez voir sur le site Web.<\/p>\n<ul class=\"ul1\">\n<li class=\"li1\"><span class=\"s1\">C&#039;est une solution globale <\/span><\/li>\n<li class=\"li1\"><span class=\"s1\">Les utilisations peuvent montrer des exemples par nom, num\u00e9ro OMI, MMSI. Il est vraiment facile pour les utilisateurs de saisir les d\u00e9tails du navire dans la barre de lecture et de trouver les informations souhait\u00e9es. <\/span><\/li>\n<li class=\"li1\"><span class=\"s1\">Il y a des informations dans la base de donn\u00e9es du Finder pour plus de 150 000 navires, NAMME, IMO, TYPE, D\u00c9TERMINATION <\/span><\/li>\n<li class=\"li1\"><span class=\"s1\">Pour tous les navires, les utilisateurs peuvent trouver les positions, le parcours et l&#039;histoire du navire. <\/span><\/li>\n<li class=\"li1\"><span class=\"s1\">Ces derniers temps, des nouvelles, des pi\u00e8ces, des finitions, de nouveaux vaisseaux, des pi\u00e8ces et de nombreux autres \u00e9v\u00e9nements ponctuels. <\/span><\/li>\n<li class=\"li1\"><span class=\"s1\">Avec le port du navigateur, les donn\u00e9es peuvent \u00eatre utilis\u00e9es pour tout navire arrivant et partant <\/span><\/li>\n<li class=\"li1\"><span class=\"s1\">Il y a aussi une galerie avec de belles photos. <\/span><\/li>\n<li class=\"li1\"><span class=\"s1\">Vischer Finder est tr\u00e8s sympathique, avec une conception et une utilisation vraiment simples \u00e0 utiliser. <\/span><\/li>\n<li class=\"li1\"><span class=\"s1\">Une couverture continue \u00e9tendue pour les ports et les vues.<\/span><\/li>\n<\/ul>\n<p>Le syst\u00e8me de suivi des navires en direct AIS est utilis\u00e9 pour identifier avec pr\u00e9cision la position des navires et affiche leur position actuelle, leur vitesse, leur type, leur mouvement, etc. Ce syst\u00e8me de suivi des navires a \u00e9t\u00e9 principalement cr\u00e9\u00e9 pour \u00e9viter les collisions de navires dans le trafic maritime.<\/p>\n<h3>Applications mobiles VesselFinder<\/h3>\n<p>La version mobile de VesselFinder observation est \u00e9galement gratuite et peut \u00eatre <a href=\"https:\/\/play.google.com\/store\/apps\/details?id=com.astrapaging.vff&amp;hl=de\" target=\"_blank\" rel=\"noopener noreferrer\">t\u00e9l\u00e9charg\u00e9 comme application pour Android<\/a> et iOS. Cela vous permet de suivre tr\u00e8s bien les mouvements des navires, m\u00eame lorsque vous \u00eates en d\u00e9placement. Vous pouvez facilement acc\u00e9der \u00e0 la version mobile en cliquant sur le lien correspondant sur la carte radar en bas \u00e0 droite.<\/p>\n<h3>Utilisez la grande carte de VesselFinder<\/h3>\n<p>Des milliers de navires, qui sont en mouvement en m\u00eame temps et naviguent sur toutes les mers du monde. Ici, vous pouvez rapidement perdre le fil. Pour que cela ne vous arrive pas avec VesselFinder, vous pouvez voir toutes les informations directement sur une carte du monde compl\u00e8te. Ici, vous voyez non seulement tous les navires, continents et oc\u00e9ans \u00e0 premi\u00e8re vue, mais vous avez \u00e9galement la possibilit\u00e9 de vous concentrer sur une certaine zone. Surtout \u00e0 cet effet, le radar du navire a une simple possibilit\u00e9 de zoomer et d\u00e9zoomer sur cette carte.<\/p>\n<p class=\"p1\"><span class=\"s1\">Vesselfind\u0435r Vystique syst\u00e8me de suivi et <a href=\"https:\/\/ship-tracker.org\/fr\/marinetraffic\/\">MarineTraffic<\/a> utilise O\u0440\u0435n Street M\u0430\u0440 - ce qui am\u00e8ne \u00e0 l&#039;intuition et garantit la gratuit\u00e9 totale des donn\u00e9es sur la Terre et la carte du monde entier.<\/span><\/p>","protected":false},"excerpt":{"rendered":"<p>Le suivi des navires en temps r\u00e9el par VesselFinder Vesselfinder offre quotidiennement des donn\u00e9es en temps r\u00e9el sur plus de 100 000 navires avec l&#039;aide d&#039;un vaste r\u00e9seau de r\u00e9cepteurs AIS terrestres, lanc\u00e9 et cr\u00e9\u00e9 en 2011. Vesselfinder propose des services sur des plateformes num\u00e9riques, sociales et mobiles, VesselFinder propose des services de surveillance efficaces, des escales aux ports, des donn\u00e9es de base et\u2026&nbsp;<a href=\"https:\/\/ship-tracker.org\/fr\/vesselfinder\/\" rel=\"bookmark\">En savoir plus &quot;<span class=\"screen-reader-text\">VesselFinder<\/span><\/a><\/p>","protected":false},"author":1,"featured_media":0,"parent":0,"menu_order":0,"comment_status":"closed","ping_status":"closed","template":"","meta":{"neve_meta_sidebar":"","neve_meta_container":"","neve_meta_enable_content_width":"off","neve_meta_content_width":100,"neve_meta_title_alignment":"","neve_meta_author_avatar":"","neve_post_elements_order":"","neve_meta_disable_header":"","neve_meta_disable_footer":"","neve_meta_disable_title":"","neve_meta_reading_time":"","footnotes":""},"class_list":["post-716","page","type-page","status-publish","hentry"],"yoast_head":"<!-- This site is optimized with the Yoast SEO plugin v26.9 - https:\/\/yoast.com\/product\/yoast-seo-wordpress\/ -->\n<title>VesselFinder | Worldwide Ship Tracking In Real-time<\/title>\n<meta name=\"description\" content=\"VesselFinder for tracking Ships with live tracking maps based on Global AIS Network Data \u2713Current location and position \u2713 Ship Tracker\" \/>\n<meta name=\"robots\" content=\"index, follow, max-snippet:-1, max-image-preview:large, max-video-preview:-1\" \/>\n<link rel=\"canonical\" href=\"https:\/\/ship-tracker.org\/fr\/vesselfinder\/\" \/>\n<meta property=\"og:locale\" content=\"fr_FR\" \/>\n<meta property=\"og:type\" content=\"article\" \/>\n<meta property=\"og:title\" content=\"VesselFinder | Worldwide Ship Tracking In Real-time\" \/>\n<meta property=\"og:description\" content=\"VesselFinder for tracking Ships with live tracking maps based on Global AIS Network Data \u2713Current location and position \u2713 Ship Tracker\" \/>\n<meta property=\"og:url\" content=\"https:\/\/ship-tracker.org\/fr\/vesselfinder\/\" \/>\n<meta property=\"og:site_name\" content=\"Ship-tracker.org\" \/>\n<meta property=\"article:modified_time\" content=\"2024-05-03T20:27:09+00:00\" \/>\n<meta property=\"og:image\" content=\"https:\/\/ship-tracker.org\/wp-content\/uploads\/2020\/05\/Unbenannt44-e1589046113367.png\" \/>\n<meta name=\"twitter:card\" content=\"summary_large_image\" \/>\n<meta name=\"twitter:label1\" content=\"Dur\u00e9e de lecture estim\u00e9e\" \/>\n\t<meta name=\"twitter:data1\" content=\"8 minutes\" \/>\n<script type=\"application\/ld+json\" class=\"yoast-schema-graph\">{\"@context\":\"https:\/\/schema.org\",\"@graph\":[{\"@type\":\"WebPage\",\"@id\":\"https:\/\/ship-tracker.org\/vesselfinder\/\",\"url\":\"https:\/\/ship-tracker.org\/vesselfinder\/\",\"name\":\"VesselFinder | Worldwide Ship Tracking In Real-time\",\"isPartOf\":{\"@id\":\"https:\/\/ship-tracker.org\/#website\"},\"primaryImageOfPage\":{\"@id\":\"https:\/\/ship-tracker.org\/vesselfinder\/#primaryimage\"},\"image\":{\"@id\":\"https:\/\/ship-tracker.org\/vesselfinder\/#primaryimage\"},\"thumbnailUrl\":\"https:\/\/ship-tracker.org\/wp-content\/uploads\/2020\/05\/Unbenannt44-e1589046113367.png\",\"datePublished\":\"2018-05-30T16:57:30+00:00\",\"dateModified\":\"2024-05-03T20:27:09+00:00\",\"description\":\"VesselFinder for tracking Ships with live tracking maps based on Global AIS Network Data \u2713Current location and position \u2713 Ship Tracker\",\"breadcrumb\":{\"@id\":\"https:\/\/ship-tracker.org\/vesselfinder\/#breadcrumb\"},\"inLanguage\":\"fr-FR\",\"potentialAction\":[{\"@type\":\"ReadAction\",\"target\":[\"https:\/\/ship-tracker.org\/vesselfinder\/\"]}]},{\"@type\":\"ImageObject\",\"inLanguage\":\"fr-FR\",\"@id\":\"https:\/\/ship-tracker.org\/vesselfinder\/#primaryimage\",\"url\":\"https:\/\/ship-tracker.org\/wp-content\/uploads\/2020\/05\/Unbenannt44-e1589046113367.png\",\"contentUrl\":\"https:\/\/ship-tracker.org\/wp-content\/uploads\/2020\/05\/Unbenannt44-e1589046113367.png\"},{\"@type\":\"BreadcrumbList\",\"@id\":\"https:\/\/ship-tracker.org\/vesselfinder\/#breadcrumb\",\"itemListElement\":[{\"@type\":\"ListItem\",\"position\":1,\"name\":\"Startseite\",\"item\":\"https:\/\/ship-tracker.org\/\"},{\"@type\":\"ListItem\",\"position\":2,\"name\":\"VesselFinder\"}]},{\"@type\":\"WebSite\",\"@id\":\"https:\/\/ship-tracker.org\/#website\",\"url\":\"https:\/\/ship-tracker.org\/\",\"name\":\"Ship-tracker.org\",\"description\":\"\",\"potentialAction\":[{\"@type\":\"SearchAction\",\"target\":{\"@type\":\"EntryPoint\",\"urlTemplate\":\"https:\/\/ship-tracker.org\/?s={search_term_string}\"},\"query-input\":{\"@type\":\"PropertyValueSpecification\",\"valueRequired\":true,\"valueName\":\"search_term_string\"}}],\"inLanguage\":\"fr-FR\"}]}<\/script>\n<!-- \/ Yoast SEO plugin. -->","yoast_head_json":{"title":"Recherche de navire | Suivi des navires dans le monde entier en temps r\u00e9el","description":"VesselFinder pour le suivi des navires avec des cartes de suivi en direct bas\u00e9es sur les donn\u00e9es du r\u00e9seau mondial AIS \u2713 Emplacement et position actuels \u2713 Ship Tracker","robots":{"index":"index","follow":"follow","max-snippet":"max-snippet:-1","max-image-preview":"max-image-preview:large","max-video-preview":"max-video-preview:-1"},"canonical":"https:\/\/ship-tracker.org\/fr\/vesselfinder\/","og_locale":"fr_FR","og_type":"article","og_title":"VesselFinder | Worldwide Ship Tracking In Real-time","og_description":"VesselFinder for tracking Ships with live tracking maps based on Global AIS Network Data \u2713Current location and position \u2713 Ship Tracker","og_url":"https:\/\/ship-tracker.org\/fr\/vesselfinder\/","og_site_name":"Ship-tracker.org","article_modified_time":"2024-05-03T20:27:09+00:00","og_image":[{"url":"https:\/\/ship-tracker.org\/wp-content\/uploads\/2020\/05\/Unbenannt44-e1589046113367.png","type":"","width":"","height":""}],"twitter_card":"summary_large_image","twitter_misc":{"Dur\u00e9e de lecture estim\u00e9e":"8 minutes"},"schema":{"@context":"https:\/\/schema.org","@graph":[{"@type":"WebPage","@id":"https:\/\/ship-tracker.org\/vesselfinder\/","url":"https:\/\/ship-tracker.org\/vesselfinder\/","name":"Recherche de navire | Suivi des navires dans le monde entier en temps r\u00e9el","isPartOf":{"@id":"https:\/\/ship-tracker.org\/#website"},"primaryImageOfPage":{"@id":"https:\/\/ship-tracker.org\/vesselfinder\/#primaryimage"},"image":{"@id":"https:\/\/ship-tracker.org\/vesselfinder\/#primaryimage"},"thumbnailUrl":"https:\/\/ship-tracker.org\/wp-content\/uploads\/2020\/05\/Unbenannt44-e1589046113367.png","datePublished":"2018-05-30T16:57:30+00:00","dateModified":"2024-05-03T20:27:09+00:00","description":"VesselFinder pour le suivi des navires avec des cartes de suivi en direct bas\u00e9es sur les donn\u00e9es du r\u00e9seau mondial AIS \u2713 Emplacement et position actuels \u2713 Ship Tracker","breadcrumb":{"@id":"https:\/\/ship-tracker.org\/vesselfinder\/#breadcrumb"},"inLanguage":"fr-FR","potentialAction":[{"@type":"ReadAction","target":["https:\/\/ship-tracker.org\/vesselfinder\/"]}]},{"@type":"ImageObject","inLanguage":"fr-FR","@id":"https:\/\/ship-tracker.org\/vesselfinder\/#primaryimage","url":"https:\/\/ship-tracker.org\/wp-content\/uploads\/2020\/05\/Unbenannt44-e1589046113367.png","contentUrl":"https:\/\/ship-tracker.org\/wp-content\/uploads\/2020\/05\/Unbenannt44-e1589046113367.png"},{"@type":"BreadcrumbList","@id":"https:\/\/ship-tracker.org\/vesselfinder\/#breadcrumb","itemListElement":[{"@type":"ListItem","position":1,"name":"Startseite","item":"https:\/\/ship-tracker.org\/"},{"@type":"ListItem","position":2,"name":"VesselFinder"}]},{"@type":"WebSite","@id":"https:\/\/ship-tracker.org\/#website","url":"https:\/\/ship-tracker.org\/","name":"Ship-tracker.org","description":"","potentialAction":[{"@type":"SearchAction","target":{"@type":"EntryPoint","urlTemplate":"https:\/\/ship-tracker.org\/?s={search_term_string}"},"query-input":{"@type":"PropertyValueSpecification","valueRequired":true,"valueName":"search_term_string"}}],"inLanguage":"fr-FR"}]}},"_links":{"self":[{"href":"https:\/\/ship-tracker.org\/fr\/wp-json\/wp\/v2\/pages\/716","targetHints":{"allow":["GET"]}}],"collection":[{"href":"https:\/\/ship-tracker.org\/fr\/wp-json\/wp\/v2\/pages"}],"about":[{"href":"https:\/\/ship-tracker.org\/fr\/wp-json\/wp\/v2\/types\/page"}],"author":[{"embeddable":true,"href":"https:\/\/ship-tracker.org\/fr\/wp-json\/wp\/v2\/users\/1"}],"replies":[{"embeddable":true,"href":"https:\/\/ship-tracker.org\/fr\/wp-json\/wp\/v2\/comments?post=716"}],"version-history":[{"count":10,"href":"https:\/\/ship-tracker.org\/fr\/wp-json\/wp\/v2\/pages\/716\/revisions"}],"predecessor-version":[{"id":5321,"href":"https:\/\/ship-tracker.org\/fr\/wp-json\/wp\/v2\/pages\/716\/revisions\/5321"}],"wp:attachment":[{"href":"https:\/\/ship-tracker.org\/fr\/wp-json\/wp\/v2\/media?parent=716"}],"curies":[{"name":"wp","href":"https:\/\/api.w.org\/{rel}","templated":true}]}}