{"id":616,"date":"2017-09-19T16:47:11","date_gmt":"2017-09-19T14:47:11","guid":{"rendered":"http:\/\/ship-tracker.org\/?page_id=616"},"modified":"2022-10-27T14:18:32","modified_gmt":"2022-10-27T12:18:32","slug":"carnival-imagination","status":"publish","type":"page","link":"https:\/\/ship-tracker.org\/fr\/carnival-imagination\/","title":{"rendered":"Carnival Imagination"},"content":{"rendered":"<p><script async src=\"https:\/\/pagead2.googlesyndication.com\/pagead\/js\/adsbygoogle.js\"><\/script><br \/>\n<!-- Ship-Tracker Display --><br \/>\n<ins class=\"adsbygoogle\" style=\"display: block;\" data-ad-client=\"ca-pub-1316785063791781\" data-ad-slot=\"8075999632\" data-ad-format=\"auto\" data-full-width-responsive=\"true\"><\/ins><br \/>\n<script>\n     (adsbygoogle = window.adsbygoogle || []).push({});\n<\/script><\/p>\n<h2><span style=\"color: #000000;\">Emplacement actuel et <\/span><span style=\"color: #000000;\">position de Carnival Imagination<\/span><\/h2>\n<p>Quelle est la position actuelle de Carnival Imagination?<br \/>\n<script async src=\"https:\/\/pagead2.googlesyndication.com\/pagead\/js\/adsbygoogle.js\"><\/script><br \/>\n<!-- Schip-Tracker Linkanzeigen --><br \/>\n<ins class=\"adsbygoogle\" style=\"display: block;\" data-ad-client=\"ca-pub-1316785063791781\" data-ad-slot=\"3429004156\" data-ad-format=\"link\" data-full-width-responsive=\"true\"><\/ins><br \/>\n<script>\n     (adsbygoogle = window.adsbygoogle || []).push({});\n<\/script><br \/>\n<script type=\"text\/javascript\">\n  var width=\"1500\";\n  var height=\"500\";\n  var click_to_activate=false;\n  var default_maptype=2;\n  var imo=9053878;\n<\/script><br \/>\n<script type=\"text\/javascript\" src=\"https:\/\/www.vesselfinder.com\/aismap.js\">\n<\/script><br \/>\n<script async src=\"https:\/\/pagead2.googlesyndication.com\/pagead\/js\/adsbygoogle.js\"><\/script><br \/>\n<!-- Ship-Tracker Display --><br \/>\n<ins class=\"adsbygoogle\" style=\"display: block;\" data-ad-client=\"ca-pub-1316785063791781\" data-ad-slot=\"8075999632\" data-ad-format=\"auto\" data-full-width-responsive=\"true\"><\/ins><br \/>\n<script>\n     (adsbygoogle = window.adsbygoogle || []).push({});\n<\/script><\/p>\n<p>Voir l&#039;emplacement actuel de Carnival Imagination. La position de Carnival Imagination peut \u00eatre d\u00e9termin\u00e9e avec pr\u00e9cision par les cartes de VesselFinder et MarineTraffic. Ainsi, vous \u00eates toujours bien inform\u00e9, o\u00f9 se trouve actuellement votre navire pr\u00e9f\u00e9r\u00e9.<\/p>\n<h2 class=\"pageTitle shipItemTitle\"><span style=\"color: #000000;\">Examen et sp\u00e9cifications de l&#039;imagination du carnaval<\/span><\/h2>\n<table style=\"height: 294px;\" width=\"400\">\n<tbody>\n<tr>\n<td style=\"width: 192px;\"><span style=\"color: #000000;\"><strong>\u00c9tat du pavillon<\/strong><\/span><\/td>\n<td style=\"width: 192px;\"><span style=\"color: #000000;\">Bahamas<\/span><\/td>\n<\/tr>\n<tr>\n<td style=\"width: 192px;\"><span style=\"color: #000000;\"><strong>Ann\u00e9e de construction<\/strong><\/span><\/td>\n<td style=\"width: 192px;\"><span style=\"color: #000000;\">1995\u00a0<\/span><\/td>\n<\/tr>\n<tr>\n<td style=\"width: 192px;\"><span style=\"color: #000000;\"><strong>Constructeur<\/strong><\/span><\/td>\n<td style=\"width: 192px;\"><span style=\"color: #000000;\">Kvaerner Masa<\/span><\/td>\n<\/tr>\n<tr>\n<td style=\"width: 192px;\"><span style=\"color: #000000;\"><strong>Longueur<\/strong><\/span><\/td>\n<td style=\"width: 192px;\"><span style=\"color: #000000;\">262<span class=\"specificationUnit\">\u00a0m<\/span><br \/>\n<\/span><\/td>\n<\/tr>\n<tr>\n<td style=\"width: 192px;\"><span style=\"color: #000000;\"><strong>Faisceau<\/strong><\/span><\/td>\n<td style=\"width: 192px;\"><span style=\"color: #000000;\">31<span class=\"specificationUnit\">\u00a0m<\/span><\/span><\/td>\n<\/tr>\n<tr>\n<td style=\"width: 192px;\"><span style=\"color: #000000;\"><strong>Jauge brute<\/strong><\/span><\/td>\n<td style=\"width: 192px;\"><span style=\"color: #000000;\">70367<span class=\"specificationUnit\">\u00a0gt<\/span><\/span><\/td>\n<\/tr>\n<tr>\n<td style=\"width: 192px;\"><span style=\"color: #000000;\"><strong>Les passagers<\/strong><\/span><\/td>\n<td style=\"width: 192px;\"><span style=\"color: #000000;\">2462<\/span><\/td>\n<\/tr>\n<tr>\n<td style=\"width: 192px;\"><span style=\"color: #000000;\"><strong>\u00c9quipage<\/strong><\/span><\/td>\n<td style=\"width: 192px;\"><span style=\"color: #000000;\">980<\/span><\/td>\n<\/tr>\n<tr>\n<td style=\"width: 192px;\"><span style=\"color: #000000;\"><strong>Decks<\/strong>\u00a0<\/span><\/td>\n<td style=\"width: 192px;\"><span style=\"color: #000000;\">13<\/span><\/td>\n<\/tr>\n<tr>\n<td style=\"width: 192px;\"><span style=\"color: #000000;\"><strong>La vitesse<\/strong><\/span><\/td>\n<td style=\"width: 192px;\"><span style=\"color: #000000;\">21<span class=\"specificationUnit\">\u00a0kn<\/span><\/span><\/td>\n<\/tr>\n<tr>\n<td style=\"width: 192px;\"><span style=\"color: #000000;\"><strong><b>Propulsion<\/b><\/strong><\/span><\/td>\n<td style=\"width: 192px;\"><span style=\"color: #000000;\">Diesel \u2013 \u00e9lectrique<\/span><\/td>\n<\/tr>\n<tr>\n<td style=\"width: 192px;\"><span style=\"color: #000000;\"><strong><b>Propri\u00e9taire<\/b><\/strong><\/span><\/td>\n<td style=\"width: 192px;\"><a href=\"https:\/\/ship-tracker.org\/fr\/carnival-cruise-line\/\">Carnival Cruise Line<\/a><\/td>\n<\/tr>\n<\/tbody>\n<\/table>\n<p><img loading=\"lazy\" decoding=\"async\" class=\"aligncenter wp-image-382 size-full\" src=\"https:\/\/ship-tracker.org\/wp-content\/uploads\/2017\/09\/cruise-1419799_640.jpg\" alt=\"Carnival Imagination\" width=\"640\" height=\"283\" srcset=\"https:\/\/ship-tracker.org\/wp-content\/uploads\/2017\/09\/cruise-1419799_640.jpg 640w, https:\/\/ship-tracker.org\/wp-content\/uploads\/2017\/09\/cruise-1419799_640-300x133.jpg 300w\" sizes=\"auto, (max-width: 640px) 100vw, 640px\" \/><\/p>\n<h3 class=\"title\">Flotte Carnival Cruise Line<\/h3>\n<ul>\n<li><a href=\"https:\/\/ship-tracker.org\/fr\/carnival-mardi-gras\/\">Carnival Mardi Gras<\/a><\/li>\n<li><a href=\"https:\/\/ship-tracker.org\/fr\/carnival-panorama\/\">Carnival Panorama<\/a><\/li>\n<li><a href=\"https:\/\/ship-tracker.org\/fr\/carnival-horizon\/\">Carnival Horizon<\/a><\/li>\n<li><a href=\"https:\/\/ship-tracker.org\/fr\/carnival-vista\/\">Carnival Vista<\/a><\/li>\n<li><a href=\"https:\/\/ship-tracker.org\/fr\/carnival-breeze\/\">Carnival Breeze<\/a><\/li>\n<li><a href=\"https:\/\/ship-tracker.org\/fr\/carnival-magic\/\">Carnival Magic<\/a><\/li>\n<li><a href=\"https:\/\/ship-tracker.org\/fr\/carnival-dream\/\">Carnival Dream<\/a><\/li>\n<li><a href=\"https:\/\/ship-tracker.org\/fr\/carnival-splendor\/\">Carnival Splendor<\/a><\/li>\n<li><a href=\"https:\/\/ship-tracker.org\/fr\/carnival-freedom\/\">Carnival Freedom<\/a><\/li>\n<li><a href=\"https:\/\/ship-tracker.org\/fr\/carnival-liberty\/\">Carnival Liberty<\/a><\/li>\n<li><a href=\"https:\/\/ship-tracker.org\/fr\/carnival-valor\/\">Carnival Valor<\/a><\/li>\n<li><a href=\"https:\/\/ship-tracker.org\/fr\/carnival-miracle\/\">Carnival Miracle<\/a><\/li>\n<li><a href=\"https:\/\/ship-tracker.org\/fr\/carnival-glory\/\">Carnival Glory<\/a><\/li>\n<li><a href=\"https:\/\/ship-tracker.org\/fr\/carnival-legend\/\">Carnival Legend<\/a><\/li>\n<li><a href=\"https:\/\/ship-tracker.org\/fr\/carnival-conquest\/\">Carnival Conquest<\/a><\/li>\n<li><a href=\"https:\/\/ship-tracker.org\/fr\/carnival-spirit\/\">Carnival Spirit<\/a><\/li>\n<li><a href=\"https:\/\/ship-tracker.org\/fr\/carnival-pride\/\">Carnival Pride<\/a><\/li>\n<li><a href=\"https:\/\/ship-tracker.org\/fr\/carnival-radiance\/\">Carnival Radiance<\/a><\/li>\n<li><a href=\"https:\/\/ship-tracker.org\/fr\/carnival-sunrise\/\">Carnival Sunrise<\/a><\/li>\n<li><a href=\"https:\/\/ship-tracker.org\/fr\/carnival-elation\/\">Carnival Elation<\/a><\/li>\n<li><a href=\"https:\/\/ship-tracker.org\/fr\/carnival-paradise\/\">Carnival Paradise<\/a><\/li>\n<li><a href=\"https:\/\/ship-tracker.org\/fr\/carnival-inspiration\/\">Carnival Inspiration<\/a><\/li>\n<li><a href=\"https:\/\/ship-tracker.org\/fr\/carnival-sunshine\/\">Carnival Sunshine<\/a><\/li>\n<li><a href=\"https:\/\/ship-tracker.org\/fr\/carnival-fascination\/\">Carnival Fascination<\/a><\/li>\n<li><a href=\"https:\/\/ship-tracker.org\/fr\/carnival-sensation\/\">Carnival Sensation<\/a><\/li>\n<li><a href=\"https:\/\/ship-tracker.org\/fr\/carnival-ecstasy\/\">Carnival Ecstasy<\/a><\/li>\n<li><a href=\"https:\/\/ship-tracker.org\/fr\/carnival-fantasy\/\">Carnival Fantasy<\/a><\/li>\n<\/ul>\n<p><script async src=\"https:\/\/pagead2.googlesyndication.com\/pagead\/js\/adsbygoogle.js\"><\/script><br \/>\n<!-- Schip-Tracker Linkanzeigen --><br \/>\n<ins class=\"adsbygoogle\" style=\"display: block;\" data-ad-client=\"ca-pub-1316785063791781\" data-ad-slot=\"3429004156\" data-ad-format=\"link\" data-full-width-responsive=\"true\"><\/ins><br \/>\n<script>\n     (adsbygoogle = window.adsbygoogle || []).push({});\n<\/script><\/p>\n<h4><span style=\"color: #000000;\">Vid\u00e9o d&#039;imagination du carnaval<\/span><\/h4>\n<div class=\"su-youtube su-u-responsive-media-yes\"><iframe loading=\"lazy\" width=\"600\" height=\"400\" src=\"https:\/\/www.youtube.com\/embed\/zwF0cAbbVjw?\" frameborder=\"0\" allowfullscreen allow=\"autoplay; encrypted-media; picture-in-picture\" title=\"\"><\/iframe><\/div>","protected":false},"excerpt":{"rendered":"<p>Localisation et position actuelles du Carnival Imagination. O\u00f9 se trouve actuellement le Carnival Imagination\u00a0? Consultez sa position actuelle. Les cartes de VesselFinder et MarineTraffic permettent de d\u00e9terminer pr\u00e9cis\u00e9ment sa position. Vous savez ainsi toujours o\u00f9 se trouve votre navire pr\u00e9f\u00e9r\u00e9. Avis et sp\u00e9cifications du Carnival Imagination. \u00c9tat du pavillon\u2026&nbsp;<a href=\"https:\/\/ship-tracker.org\/fr\/carnival-imagination\/\" rel=\"bookmark\">En savoir plus &quot;<span class=\"screen-reader-text\">Carnival Imagination<\/span><\/a><\/p>","protected":false},"author":1,"featured_media":0,"parent":0,"menu_order":0,"comment_status":"closed","ping_status":"closed","template":"","meta":{"neve_meta_sidebar":"","neve_meta_container":"","neve_meta_enable_content_width":"","neve_meta_content_width":0,"neve_meta_title_alignment":"","neve_meta_author_avatar":"","neve_post_elements_order":"","neve_meta_disable_header":"","neve_meta_disable_footer":"","neve_meta_disable_title":"","neve_meta_reading_time":"","footnotes":""},"class_list":["post-616","page","type-page","status-publish","hentry"],"yoast_head":"<!-- This site is optimized with the Yoast SEO plugin v26.9 - https:\/\/yoast.com\/product\/yoast-seo-wordpress\/ -->\n<title>Carnival Imagination \u2503 Current location and position of Carnival<\/title>\n<meta name=\"description\" content=\"Carnival Imagination \u2693 Current location and position of Carnival Imagination \u2713 Cruise Ship Tracker \u2713 Live Ship Tracker \u2713 Webcam\" \/>\n<meta name=\"robots\" content=\"index, follow, max-snippet:-1, max-image-preview:large, max-video-preview:-1\" \/>\n<link rel=\"canonical\" href=\"https:\/\/ship-tracker.org\/fr\/carnival-imagination\/\" \/>\n<meta property=\"og:locale\" content=\"fr_FR\" \/>\n<meta property=\"og:type\" content=\"article\" \/>\n<meta property=\"og:title\" content=\"Carnival Imagination \u2503 Current location and position of Carnival\" \/>\n<meta property=\"og:description\" content=\"Carnival Imagination \u2693 Current location and position of Carnival Imagination \u2713 Cruise Ship Tracker \u2713 Live Ship Tracker \u2713 Webcam\" \/>\n<meta property=\"og:url\" content=\"https:\/\/ship-tracker.org\/fr\/carnival-imagination\/\" \/>\n<meta property=\"og:site_name\" content=\"Ship-tracker.org\" \/>\n<meta property=\"article:modified_time\" content=\"2022-10-27T12:18:32+00:00\" \/>\n<meta property=\"og:image\" content=\"https:\/\/ship-tracker.org\/wp-content\/uploads\/2017\/09\/cruise-1419799_640.jpg\" \/>\n<meta name=\"twitter:card\" content=\"summary_large_image\" \/>\n<meta name=\"twitter:label1\" content=\"Dur\u00e9e de lecture estim\u00e9e\" \/>\n\t<meta name=\"twitter:data1\" content=\"1 minute\" \/>\n<script type=\"application\/ld+json\" class=\"yoast-schema-graph\">{\"@context\":\"https:\/\/schema.org\",\"@graph\":[{\"@type\":\"WebPage\",\"@id\":\"https:\/\/ship-tracker.org\/carnival-imagination\/\",\"url\":\"https:\/\/ship-tracker.org\/carnival-imagination\/\",\"name\":\"Carnival Imagination \u2503 Current location and position of Carnival\",\"isPartOf\":{\"@id\":\"https:\/\/ship-tracker.org\/#website\"},\"primaryImageOfPage\":{\"@id\":\"https:\/\/ship-tracker.org\/carnival-imagination\/#primaryimage\"},\"image\":{\"@id\":\"https:\/\/ship-tracker.org\/carnival-imagination\/#primaryimage\"},\"thumbnailUrl\":\"https:\/\/ship-tracker.org\/wp-content\/uploads\/2017\/09\/cruise-1419799_640.jpg\",\"datePublished\":\"2017-09-19T14:47:11+00:00\",\"dateModified\":\"2022-10-27T12:18:32+00:00\",\"description\":\"Carnival Imagination \u2693 Current location and position of Carnival Imagination \u2713 Cruise Ship Tracker \u2713 Live Ship Tracker \u2713 Webcam\",\"breadcrumb\":{\"@id\":\"https:\/\/ship-tracker.org\/carnival-imagination\/#breadcrumb\"},\"inLanguage\":\"fr-FR\",\"potentialAction\":[{\"@type\":\"ReadAction\",\"target\":[\"https:\/\/ship-tracker.org\/carnival-imagination\/\"]}]},{\"@type\":\"ImageObject\",\"inLanguage\":\"fr-FR\",\"@id\":\"https:\/\/ship-tracker.org\/carnival-imagination\/#primaryimage\",\"url\":\"https:\/\/ship-tracker.org\/wp-content\/uploads\/2017\/09\/cruise-1419799_640.jpg\",\"contentUrl\":\"https:\/\/ship-tracker.org\/wp-content\/uploads\/2017\/09\/cruise-1419799_640.jpg\"},{\"@type\":\"BreadcrumbList\",\"@id\":\"https:\/\/ship-tracker.org\/carnival-imagination\/#breadcrumb\",\"itemListElement\":[{\"@type\":\"ListItem\",\"position\":1,\"name\":\"Startseite\",\"item\":\"https:\/\/ship-tracker.org\/\"},{\"@type\":\"ListItem\",\"position\":2,\"name\":\"Carnival Imagination\"}]},{\"@type\":\"WebSite\",\"@id\":\"https:\/\/ship-tracker.org\/#website\",\"url\":\"https:\/\/ship-tracker.org\/\",\"name\":\"Ship-tracker.org\",\"description\":\"\",\"potentialAction\":[{\"@type\":\"SearchAction\",\"target\":{\"@type\":\"EntryPoint\",\"urlTemplate\":\"https:\/\/ship-tracker.org\/?s={search_term_string}\"},\"query-input\":{\"@type\":\"PropertyValueSpecification\",\"valueRequired\":true,\"valueName\":\"search_term_string\"}}],\"inLanguage\":\"fr-FR\"}]}<\/script>\n<!-- \/ Yoast SEO plugin. -->","yoast_head_json":{"title":"Carnival Imagination \u2503 Emplacement et position actuels du Carnival","description":"Carnival Imagination \u2693 Emplacement et position actuels de Carnival Imagination \u2713 Suivi des navires de croisi\u00e8re \u2713 Suivi des navires en direct \u2713 Webcam","robots":{"index":"index","follow":"follow","max-snippet":"max-snippet:-1","max-image-preview":"max-image-preview:large","max-video-preview":"max-video-preview:-1"},"canonical":"https:\/\/ship-tracker.org\/fr\/carnival-imagination\/","og_locale":"fr_FR","og_type":"article","og_title":"Carnival Imagination \u2503 Current location and position of Carnival","og_description":"Carnival Imagination \u2693 Current location and position of Carnival Imagination \u2713 Cruise Ship Tracker \u2713 Live Ship Tracker \u2713 Webcam","og_url":"https:\/\/ship-tracker.org\/fr\/carnival-imagination\/","og_site_name":"Ship-tracker.org","article_modified_time":"2022-10-27T12:18:32+00:00","og_image":[{"url":"https:\/\/ship-tracker.org\/wp-content\/uploads\/2017\/09\/cruise-1419799_640.jpg","type":"","width":"","height":""}],"twitter_card":"summary_large_image","twitter_misc":{"Dur\u00e9e de lecture estim\u00e9e":"1 minute"},"schema":{"@context":"https:\/\/schema.org","@graph":[{"@type":"WebPage","@id":"https:\/\/ship-tracker.org\/carnival-imagination\/","url":"https:\/\/ship-tracker.org\/carnival-imagination\/","name":"Carnival Imagination \u2503 Emplacement et position actuels du Carnival","isPartOf":{"@id":"https:\/\/ship-tracker.org\/#website"},"primaryImageOfPage":{"@id":"https:\/\/ship-tracker.org\/carnival-imagination\/#primaryimage"},"image":{"@id":"https:\/\/ship-tracker.org\/carnival-imagination\/#primaryimage"},"thumbnailUrl":"https:\/\/ship-tracker.org\/wp-content\/uploads\/2017\/09\/cruise-1419799_640.jpg","datePublished":"2017-09-19T14:47:11+00:00","dateModified":"2022-10-27T12:18:32+00:00","description":"Carnival Imagination \u2693 Emplacement et position actuels de Carnival Imagination \u2713 Suivi des navires de croisi\u00e8re \u2713 Suivi des navires en direct \u2713 Webcam","breadcrumb":{"@id":"https:\/\/ship-tracker.org\/carnival-imagination\/#breadcrumb"},"inLanguage":"fr-FR","potentialAction":[{"@type":"ReadAction","target":["https:\/\/ship-tracker.org\/carnival-imagination\/"]}]},{"@type":"ImageObject","inLanguage":"fr-FR","@id":"https:\/\/ship-tracker.org\/carnival-imagination\/#primaryimage","url":"https:\/\/ship-tracker.org\/wp-content\/uploads\/2017\/09\/cruise-1419799_640.jpg","contentUrl":"https:\/\/ship-tracker.org\/wp-content\/uploads\/2017\/09\/cruise-1419799_640.jpg"},{"@type":"BreadcrumbList","@id":"https:\/\/ship-tracker.org\/carnival-imagination\/#breadcrumb","itemListElement":[{"@type":"ListItem","position":1,"name":"Startseite","item":"https:\/\/ship-tracker.org\/"},{"@type":"ListItem","position":2,"name":"Carnival Imagination"}]},{"@type":"WebSite","@id":"https:\/\/ship-tracker.org\/#website","url":"https:\/\/ship-tracker.org\/","name":"Ship-tracker.org","description":"","potentialAction":[{"@type":"SearchAction","target":{"@type":"EntryPoint","urlTemplate":"https:\/\/ship-tracker.org\/?s={search_term_string}"},"query-input":{"@type":"PropertyValueSpecification","valueRequired":true,"valueName":"search_term_string"}}],"inLanguage":"fr-FR"}]}},"_links":{"self":[{"href":"https:\/\/ship-tracker.org\/fr\/wp-json\/wp\/v2\/pages\/616","targetHints":{"allow":["GET"]}}],"collection":[{"href":"https:\/\/ship-tracker.org\/fr\/wp-json\/wp\/v2\/pages"}],"about":[{"href":"https:\/\/ship-tracker.org\/fr\/wp-json\/wp\/v2\/types\/page"}],"author":[{"embeddable":true,"href":"https:\/\/ship-tracker.org\/fr\/wp-json\/wp\/v2\/users\/1"}],"replies":[{"embeddable":true,"href":"https:\/\/ship-tracker.org\/fr\/wp-json\/wp\/v2\/comments?post=616"}],"version-history":[{"count":7,"href":"https:\/\/ship-tracker.org\/fr\/wp-json\/wp\/v2\/pages\/616\/revisions"}],"predecessor-version":[{"id":2325,"href":"https:\/\/ship-tracker.org\/fr\/wp-json\/wp\/v2\/pages\/616\/revisions\/2325"}],"wp:attachment":[{"href":"https:\/\/ship-tracker.org\/fr\/wp-json\/wp\/v2\/media?parent=616"}],"curies":[{"name":"wp","href":"https:\/\/api.w.org\/{rel}","templated":true}]}}