{"id":6,"date":"2017-09-13T13:59:08","date_gmt":"2017-09-13T11:59:08","guid":{"rendered":"http:\/\/ship-tracker.org\/?page_id=6"},"modified":"2017-09-14T16:43:07","modified_gmt":"2017-09-14T14:43:07","slug":"disclaimer","status":"publish","type":"page","link":"https:\/\/ship-tracker.org\/fr\/disclaimer\/","title":{"rendered":"Avertissement"},"content":{"rendered":"<p style=\"text-align: justify;\"><span style=\"font-family: georgia, palatino, serif;\"><span style=\"font-family: helvetica, arial, sans-serif;\">Le site Web ship-tracker.org (le \u00abSite\u00bb) est un service d&#039;information en ligne. \u00abShip-tracker.org\u00bb, sous r\u00e9serve de votre respect des termes et conditions \u00e9nonc\u00e9s ci-dessous.<\/span>\u00a0<span style=\"font-family: helvetica, arial, sans-serif;\"><strong>VEUILLEZ LIRE ATTENTIVEMENT CE DOCUMENT AVANT D&#039;ACC\u00c9DER OU D&#039;UTILISER LE SITE. EN ACC\u00c9DANT OU EN UTILISANT LE SITE, VOUS ACCEPTEZ D&#039;\u00caTRE LI\u00c9 PAR LES TERMES ET CONDITIONS D\u00c9FINIS CI-DESSOUS. SI VOUS NE SOUHAITEZ PAS \u00caTRE LI\u00c9 PAR CES CONDITIONS G\u00c9N\u00c9RALES, VOUS NE POUVEZ PAS ACC\u00c9DER OU UTILISER LE SITE. Ship-tracker.org PEUT MODIFIER CET ACCORD \u00c0 TOUT MOMENT ET DE TELLES MODIFICATIONS SERONT EN VIGUEUR IMM\u00c9DIATEMENT APR\u00c8S L&#039;AFFICHAGE DE L&#039;ACCORD MODIFI\u00c9 SUR LE SITE. VOUS ACCEPTEZ D&#039;EXAMINER LE CONTRAT P\u00c9RIODIQUEMENT POUR \u00caTRE CONSCIENT DE TELLES MODIFICATIONS ET VOTRE ACC\u00c8S OU UTILISATION CONTINUE DU SITE SERA CONSID\u00c9R\u00c9 COMME VOTRE ACCEPTATION CONCLUSIVE DE L&#039;ACCORD MODIFI\u00c9.<\/strong><\/span><\/span><\/p>\n<p style=\"text-align: justify;\"><span style=\"font-family: helvetica, arial, sans-serif;\"><strong>1. Copyright, licences et soumissions d&#039;id\u00e9es.<\/strong><\/span><\/p>\n<p style=\"text-align: justify;\"><span style=\"font-family: helvetica, arial, sans-serif;\">L&#039;ensemble du contenu du site est prot\u00e9g\u00e9 par les lois internationales sur le droit d&#039;auteur et les marques. Le propri\u00e9taire des droits d&#039;auteur et des marques commerciales est Ship-tracker.org, ses soci\u00e9t\u00e9s affili\u00e9es ou d&#039;autres conc\u00e9dants de licence tiers.\u00a0<strong>VOUS NE POUVEZ PAS MODIFIER, COPIER, REPRODUIRE, REPRODUIRE, T\u00c9L\u00c9CHARGER, PUBLIER, TRANSMETTRE OU DISTRIBUER, DE QUELQUE MANI\u00c8RE QUE CE SOIT, LE MAT\u00c9RIEL DU SITE, Y COMPRIS LE TEXTE, LES GRAPHIQUES, LE CODE ET \/ OU LES LOGICIELS.<\/strong>\u00a0Vous pouvez imprimer et t\u00e9l\u00e9charger des parties du mat\u00e9riel \u00e0 partir des diff\u00e9rentes zones du site uniquement pour votre propre usage non commercial \u00e0 condition que vous vous engagez \u00e0 ne pas modifier ou supprimer les droits d&#039;auteur ou les avis de propri\u00e9t\u00e9 des mat\u00e9riaux. Vous vous engagez \u00e0 accorder \u00e0 Ship-tracker.org une licence perp\u00e9tuelle non exclusive, libre de droits, dans le monde entier, avec le droit de sous-licencier, de reproduire, distribuer, transmettre, cr\u00e9er des \u0153uvres d\u00e9riv\u00e9es, afficher publiquement et ex\u00e9cuter publiquement tout les documents et autres informations (y compris, sans s&#039;y limiter, les id\u00e9es qu&#039;ils contiennent pour des produits et services nouveaux ou am\u00e9lior\u00e9s) que vous soumettez \u00e0 toutes les zones publiques du site (telles que les babillards \u00e9lectroniques, les forums et les groupes de discussion) ou par courrier \u00e9lectronique \u00e0 Ship-tracker. org par tous les moyens et dans tous les m\u00e9dias maintenant connus ou d\u00e9velopp\u00e9s ci-apr\u00e8s. Vous accordez \u00e9galement \u00e0 Ship-tracker.org le droit d&#039;utiliser votre nom en relation avec les documents soumis et autres informations ainsi qu&#039;en relation avec tous les documents publicitaires, marketing et promotionnels s&#039;y rapportant. Vous acceptez que vous n&#039;aurez aucun recours contre Ship-tracker.org pour toute violation pr\u00e9sum\u00e9e ou r\u00e9elle ou d\u00e9tournement de tout droit de propri\u00e9t\u00e9 dans vos communications \u00e0 Ship-tracker.org.\u00a0<strong>MARQUES.<\/strong>Les publications, produits, contenus ou services r\u00e9f\u00e9renc\u00e9s ici ou sur le Site sont des marques ou des services exclusifs de Ship-tracker.org. Les autres noms de produits et de soci\u00e9t\u00e9s mentionn\u00e9s sur le site peuvent \u00eatre des marques de commerce de leurs propri\u00e9taires respectifs.<\/span><\/p>\n<p style=\"text-align: justify;\"><span style=\"font-family: helvetica, arial, sans-serif;\"><strong>2. Utilisation du site.<\/strong><\/span><\/p>\n<p style=\"text-align: justify;\"><span style=\"font-family: helvetica, arial, sans-serif;\">Vous comprenez que, \u00e0 l&#039;exception des informations, produits ou services clairement identifi\u00e9s comme \u00e9tant fournis par Ship-tracker.org, Ship-tracker.org n&#039;exploite, ne contr\u00f4le ni n&#039;approuve aucune information, produit ou service sur Internet de quelque mani\u00e8re que ce soit. \u00c0 l&#039;exception des informations, produits ou services identifi\u00e9s par Ship-tracker.org, toutes les informations, produits et services propos\u00e9s via le Site ou sur Internet sont g\u00e9n\u00e9ralement propos\u00e9s par des tiers, qui ne sont pas affili\u00e9s \u00e0 Ship-tracker.org. Vous comprenez \u00e9galement que Ship-tracker.org ne peut pas garantir et ne garantit pas que les fichiers disponibles pour t\u00e9l\u00e9chargement via le Site seront exempts d&#039;infection ou de virus, vers, chevaux de Troie ou autre code qui manifestent des propri\u00e9t\u00e9s contaminantes ou destructrices. Vous \u00eates responsable de la mise en \u0153uvre de proc\u00e9dures et de points de contr\u00f4le suffisants pour r\u00e9pondre \u00e0 vos exigences particuli\u00e8res en mati\u00e8re d&#039;exactitude des donn\u00e9es d&#039;entr\u00e9e et de sortie, et de maintenir un moyen externe au Site pour la reconstruction de toutes les donn\u00e9es perdues.<\/span><\/p>\n<p style=\"text-align: justify;\"><span style=\"font-family: helvetica, arial, sans-serif;\">VOUS ASSUMEZ LA RESPONSABILIT\u00c9 ET LES RISQUES TOTAUX POUR VOTRE UTILISATION DU SITE ET D&#039;INTERNET. Ship-tracker.org FOURNIT LE SITE ET LES INFORMATIONS CONNEXES \u00abEN L&#039;\u00c9TAT\u00bb ET NE FAIT AUCUNE GARANTIE, REPR\u00c9SENTATION OU APPROBATION EXPLICITE OU IMPLICITE (Y COMPRIS, SANS S&#039;Y LIMITER, LES GARANTIES DE PROPRI\u00c9T\u00c9 OU DE NON-CONTREFA\u00c7ON, OU LES GARANTIES IMPLICITES DE QUALIT\u00c9 MARCHANDE OU DE QUALIT\u00c9 DE COMMERCIALISATION) BUT) EN CE QUI CONCERNE LE SERVICE, TOUTE INFORMATION COMMERCIALE OU SERVICE FOURNI PAR L&#039;INTERM\u00c9DIAIRE DU SERVICE OU SUR INTERNET, ET Ship-tracker.org NE SERA PAS RESPONSABLE DES CO\u00dbTS OU DOMMAGES R\u00c9SULTANT DIRECTEMENT OU INDIRECTEMENT DE TOUTES CES TRANSACTIONS. IL EST SEUL DE VOTRE RESPONSABILIT\u00c9 D&#039;\u00c9VALUER L&#039;EXACTITUDE, L&#039;EXHAUSTIVIT\u00c9 ET L&#039;UTILISATION DE TOUTES LES OPINIONS, CONSEILS, SERVICES, MARCHANDISES ET AUTRES INFORMATIONS FOURNIES PAR LE SERVICE OU SUR INTERNET EN G\u00c9N\u00c9RAL. Ship-tracker.org NE GARANTIT PAS QUE LE SERVICE SERA ININTERROMPU OU SANS ERREUR OU QUE LES D\u00c9FAUTS DU SERVICE SERONT CORRIG\u00c9S.<\/span><\/p>\n<p style=\"text-align: justify;\"><span style=\"font-family: helvetica, arial, sans-serif;\">VOUS COMPRENEZ EN OUTRE QUE LA NATURE PURE DE L&#039;INTERNET CONTIENT DES MAT\u00c9RIAUX NON \u00c9DIT\u00c9S DONT CERTAINS SONT EXPLICITES SEXUELLEMENT OU PEUVENT VOUS OFFENSER. VOTRE ACC\u00c8S \u00c0 CES MAT\u00c9RIAUX EST \u00c0 VOS RISQUES. Ship-tracker.org N&#039;A AUCUN CONTR\u00d4LE ET N&#039;ACCEPTE AUCUNE RESPONSABILIT\u00c9 QUE CE SOIT POUR CES MAT\u00c9RIAUX.<\/span><\/p>\n<p style=\"text-align: justify;\"><span style=\"font-family: helvetica, arial, sans-serif;\"><strong>LIMITATION DE RESPONSABILIT\u00c9<\/strong><\/span><\/p>\n<p style=\"text-align: justify;\"><span style=\"font-family: helvetica, arial, sans-serif;\">Ship-tracker.org NE SERA EN AUCUN CAS RESPONSABLE DE (I) TOUT DOMMAGE ACCESSOIRE, INDIRECT OU INDIRECT (Y COMPRIS, MAIS SANS S&#039;Y LIMITER, LES DOMMAGES LI\u00c9S \u00c0 LA PERTE DE PROFITS, L&#039;INTERRUPTION D&#039;AFFAIRES, LA PERTE DE PROGRAMMES OU D&#039;INFORMATIONS ET AUTRES) D\u00c9COULANT DE L&#039;UTILISATION OU DE L&#039;IMPOSSIBILIT\u00c9 D&#039;UTILISER LE SERVICE, DE TOUTE INFORMATION OU TRANSACTIONS FOURNIES SUR LE SERVICE, OU T\u00c9L\u00c9CHARG\u00c9ES \u00c0 PARTIR DU SERVICE, OU DE TOUT RETARD DE CES INFORMATIONS OU SERVICE. M\u00caME SI Ship-tracker.org OU SES REPR\u00c9SENTANTS AUTORIS\u00c9S ONT \u00c9T\u00c9 AVIS\u00c9S DE LA POSSIBILIT\u00c9 DE TELS DOMMAGES, OU (II) TOUTE R\u00c9CLAMATION ATTRIBUABLE AUX ERREURS, OMISSIONS OU AUTRES INEXACTITUDES DU SERVICE ET \/ OU MAT\u00c9RIAUX OU INFORMATIONS T\u00c9L\u00c9CHARG\u00c9S PAR LE SERVICE. PARCE QUE CERTAINS \u00c9TATS N&#039;AUTORISENT PAS L&#039;EXCLUSION OU LA LIMITATION DE RESPONSABILIT\u00c9 POUR LES DOMMAGES INDIRECTS OU ACCESSOIRES, LA LIMITATION CI-DESSUS PEUT NE PAS S&#039;APPLIQUER \u00c0 VOUS. DANS DE TELS \u00c9TATS, Ship-tracker.org LA RESPONSABILIT\u00c9 EST LIMIT\u00c9E DANS TOUTE LA MESURE PERMISE PAR LA LOI.<\/span><\/p>\n<p style=\"text-align: justify;\"><span style=\"font-family: helvetica, arial, sans-serif;\">Ship-tracker.org ne fait aucune d\u00e9claration que ce soit sur tout autre site Web auquel vous pouvez acc\u00e9der via celui-ci ou qui peut renvoyer vers ce site. Lorsque vous acc\u00e9dez \u00e0 un site Web non-Ship-tracker.org, veuillez comprendre qu&#039;il est ind\u00e9pendant de Ship-tracker.org et que Ship-tracker.org n&#039;a aucun contr\u00f4le sur le contenu de ce site Web. De plus, un lien vers un site Web Ship-tracker.org ne signifie pas que Ship-tracker.org endosse ou accepte toute responsabilit\u00e9 quant au contenu ou \u00e0 l&#039;utilisation de ce site Web.<\/span><\/p>\n<p style=\"text-align: justify;\"><span style=\"font-family: helvetica, arial, sans-serif;\"><strong>3. Indemnisation.<\/strong><\/span><\/p>\n<p style=\"text-align: justify;\"><span style=\"font-family: helvetica, arial, sans-serif;\">Vous acceptez d&#039;indemniser, de d\u00e9fendre et de d\u00e9gager Ship-tracker.org, ses dirigeants, administrateurs, employ\u00e9s, agents, conc\u00e9dants de licence, fournisseurs et tout fournisseur d&#039;informations tiers du Service de et contre toutes les pertes, d\u00e9penses, dommages et co\u00fbts, y compris raisonnables. les honoraires d&#039;avocat, r\u00e9sultant de toute violation du pr\u00e9sent Accord (y compris la conduite n\u00e9gligente ou fautive) de votre part ou de toute autre personne acc\u00e9dant au Service.<\/span><\/p>\n<p style=\"text-align: justify;\"><span style=\"font-family: helvetica, arial, sans-serif;\"><strong>4. Droits des tiers.<\/strong><\/span><\/p>\n<p style=\"text-align: justify;\"><span style=\"font-family: helvetica, arial, sans-serif;\">Les dispositions des paragraphes 2 (Utilisation du Service) et 3 (Indemnisation) sont \u00e0 l&#039;avantage de Ship-tracker.org et de ses dirigeants, administrateurs, employ\u00e9s, agents, conc\u00e9dants de licence, fournisseurs et tout tiers fournisseur d&#039;informations du Service . Chacune de ces personnes ou entit\u00e9s aura le droit de faire valoir et d&#039;appliquer ces dispositions directement contre vous en son propre nom.<\/span><\/p>\n<p style=\"text-align: justify;\"><span style=\"font-family: helvetica, arial, sans-serif;\"><strong>5.Term; R\u00e9siliation.<\/strong><\/span><\/p>\n<p style=\"text-align: justify;\"><span style=\"font-family: helvetica, arial, sans-serif;\">Le pr\u00e9sent Accord peut \u00eatre r\u00e9sili\u00e9 par l&#039;une ou l&#039;autre des parties sans pr\u00e9avis \u00e0 tout moment pour quelque raison que ce soit. Les dispositions des paragraphes 1 (droit d&#039;auteur, licences et soumissions d&#039;id\u00e9es), 2 (utilisation du service), 3 (indemnisation), 4 (droits des tiers) et 6 (divers) survivront \u00e0 toute r\u00e9siliation du pr\u00e9sent accord.<\/span><\/p>\n<p style=\"text-align: justify;\"><span style=\"font-family: helvetica, arial, sans-serif;\"><strong>6. divers.<\/strong><\/span><\/p>\n<p style=\"text-align: justify;\"><span style=\"font-family: helvetica, arial, sans-serif;\">Le pr\u00e9sent accord sera r\u00e9gi et interpr\u00e9t\u00e9 conform\u00e9ment aux lois de la Bulgarie applicables aux accords conclus et \u00e0 ex\u00e9cuter en Bulgarie. Vous acceptez que toute action ou proc\u00e9dure judiciaire entre Ship-tracker.org et vous \u00e0 quelque fin que ce soit concernant le pr\u00e9sent accord ou les obligations des parties en vertu des pr\u00e9sentes soit port\u00e9e exclusivement devant un tribunal f\u00e9d\u00e9ral ou \u00e9tatique comp\u00e9tent si\u00e9geant en Bulgarie. Toute cause d&#039;action ou r\u00e9clamation que vous pourriez avoir \u00e0 l&#039;\u00e9gard du Service doit \u00eatre introduite dans un d\u00e9lai d&#039;un (1) an apr\u00e8s la survenance de la r\u00e9clamation ou de la cause d&#039;action ou de l&#039;interdiction de cette r\u00e9clamation ou cause d&#039;action. Le fait que Ship-tracker.org n&#039;insiste pas sur l&#039;application stricte de toute disposition du pr\u00e9sent accord ou ne la fasse pas respecter ne doit pas \u00eatre interpr\u00e9t\u00e9 comme une renonciation \u00e0 une disposition ou \u00e0 un droit. Ni le cours de la conduite entre les parties ni les pratiques commerciales n&#039;agiront pour modifier une disposition du pr\u00e9sent accord. Ship-tracker.org peut c\u00e9der ses droits et devoirs en vertu du pr\u00e9sent accord \u00e0 toute partie \u00e0 tout moment sans pr\u00e9avis. Tous les droits non express\u00e9ment accord\u00e9s ici sont r\u00e9serv\u00e9s.<\/span><\/p>","protected":false},"excerpt":{"rendered":"<p>Le site Web ship-tracker.org (le \u00ab Site \u00bb) est un service d&#039;information en ligne. \u00ab Ship-tracker.org \u00bb, sous r\u00e9serve de votre respect des termes et conditions \u00e9nonc\u00e9s ci-dessous. VEUILLEZ LIRE ATTENTIVEMENT CE DOCUMENT AVANT D&#039;ACC\u00c9DER OU D&#039;UTILISER LE SITE. EN ACC\u00c9DANT OU EN UTILISANT LE SITE, VOUS ACCEPTEZ D&#039;\u00caTRE LI\u00c9 PAR LES TERMES ET CONDITIONS \u00c9NONC\u00c9S CI-DESSOUS. SI\u2026&nbsp;<a href=\"https:\/\/ship-tracker.org\/fr\/disclaimer\/\" rel=\"bookmark\">En savoir plus &quot;<span class=\"screen-reader-text\">Avertissement<\/span><\/a><\/p>","protected":false},"author":1,"featured_media":0,"parent":0,"menu_order":0,"comment_status":"closed","ping_status":"closed","template":"","meta":{"neve_meta_sidebar":"","neve_meta_container":"","neve_meta_enable_content_width":"","neve_meta_content_width":0,"neve_meta_title_alignment":"","neve_meta_author_avatar":"","neve_post_elements_order":"","neve_meta_disable_header":"","neve_meta_disable_footer":"","neve_meta_disable_title":"","neve_meta_reading_time":"","footnotes":""},"class_list":["post-6","page","type-page","status-publish","hentry"],"yoast_head":"<!-- This site is optimized with the Yoast SEO plugin v26.9 - https:\/\/yoast.com\/product\/yoast-seo-wordpress\/ -->\n<title>Disclaimer - Ship-tracker.org<\/title>\n<meta name=\"robots\" content=\"noindex, follow\" \/>\n<meta property=\"og:locale\" content=\"fr_FR\" \/>\n<meta property=\"og:type\" content=\"article\" \/>\n<meta property=\"og:title\" content=\"Disclaimer - Ship-tracker.org\" \/>\n<meta property=\"og:description\" content=\"The ship-tracker.org\u00a0Web Site (the &#8220;Site&#8221;) is an online information service . &#8220;Ship-tracker.org &#8220;, subject to your compliance with the terms and conditions set forth below.\u00a0PLEASE READ THIS DOCUMENT CAREFULLY BEFORE ACCESSING OR USING THE SITE. BY ACCESSING OR USING THE SITE, YOU AGREE TO BE BOUND BY THE TERMS AND CONDITIONS SET FORTH BELOW. IF&hellip;&nbsp;Read More &raquo;Disclaimer\" \/>\n<meta property=\"og:url\" content=\"https:\/\/ship-tracker.org\/fr\/disclaimer\/\" \/>\n<meta property=\"og:site_name\" content=\"Ship-tracker.org\" \/>\n<meta property=\"article:modified_time\" content=\"2017-09-14T14:43:07+00:00\" \/>\n<meta name=\"twitter:card\" content=\"summary_large_image\" \/>\n<meta name=\"twitter:label1\" content=\"Dur\u00e9e de lecture estim\u00e9e\" \/>\n\t<meta name=\"twitter:data1\" content=\"7 minutes\" \/>\n<script type=\"application\/ld+json\" class=\"yoast-schema-graph\">{\"@context\":\"https:\/\/schema.org\",\"@graph\":[{\"@type\":\"WebPage\",\"@id\":\"https:\/\/ship-tracker.org\/it\/disclaimer\/\",\"url\":\"https:\/\/ship-tracker.org\/it\/disclaimer\/\",\"name\":\"Disclaimer - Ship-tracker.org\",\"isPartOf\":{\"@id\":\"https:\/\/ship-tracker.org\/#website\"},\"datePublished\":\"2017-09-13T11:59:08+00:00\",\"dateModified\":\"2017-09-14T14:43:07+00:00\",\"breadcrumb\":{\"@id\":\"https:\/\/ship-tracker.org\/it\/disclaimer\/#breadcrumb\"},\"inLanguage\":\"fr-FR\",\"potentialAction\":[{\"@type\":\"ReadAction\",\"target\":[\"https:\/\/ship-tracker.org\/it\/disclaimer\/\"]}]},{\"@type\":\"BreadcrumbList\",\"@id\":\"https:\/\/ship-tracker.org\/it\/disclaimer\/#breadcrumb\",\"itemListElement\":[{\"@type\":\"ListItem\",\"position\":1,\"name\":\"Startseite\",\"item\":\"https:\/\/ship-tracker.org\/\"},{\"@type\":\"ListItem\",\"position\":2,\"name\":\"Disclaimer\"}]},{\"@type\":\"WebSite\",\"@id\":\"https:\/\/ship-tracker.org\/#website\",\"url\":\"https:\/\/ship-tracker.org\/\",\"name\":\"Ship-tracker.org\",\"description\":\"\",\"potentialAction\":[{\"@type\":\"SearchAction\",\"target\":{\"@type\":\"EntryPoint\",\"urlTemplate\":\"https:\/\/ship-tracker.org\/?s={search_term_string}\"},\"query-input\":{\"@type\":\"PropertyValueSpecification\",\"valueRequired\":true,\"valueName\":\"search_term_string\"}}],\"inLanguage\":\"fr-FR\"}]}<\/script>\n<!-- \/ Yoast SEO plugin. -->","yoast_head_json":{"title":"Mentions l\u00e9gales - Ship-tracker.org","robots":{"index":"noindex","follow":"follow"},"og_locale":"fr_FR","og_type":"article","og_title":"Disclaimer - Ship-tracker.org","og_description":"The ship-tracker.org\u00a0Web Site (the &#8220;Site&#8221;) is an online information service . &#8220;Ship-tracker.org &#8220;, subject to your compliance with the terms and conditions set forth below.\u00a0PLEASE READ THIS DOCUMENT CAREFULLY BEFORE ACCESSING OR USING THE SITE. BY ACCESSING OR USING THE SITE, YOU AGREE TO BE BOUND BY THE TERMS AND CONDITIONS SET FORTH BELOW. IF&hellip;&nbsp;Read More &raquo;Disclaimer","og_url":"https:\/\/ship-tracker.org\/fr\/disclaimer\/","og_site_name":"Ship-tracker.org","article_modified_time":"2017-09-14T14:43:07+00:00","twitter_card":"summary_large_image","twitter_misc":{"Dur\u00e9e de lecture estim\u00e9e":"7 minutes"},"schema":{"@context":"https:\/\/schema.org","@graph":[{"@type":"WebPage","@id":"https:\/\/ship-tracker.org\/it\/disclaimer\/","url":"https:\/\/ship-tracker.org\/it\/disclaimer\/","name":"Mentions l\u00e9gales - Ship-tracker.org","isPartOf":{"@id":"https:\/\/ship-tracker.org\/#website"},"datePublished":"2017-09-13T11:59:08+00:00","dateModified":"2017-09-14T14:43:07+00:00","breadcrumb":{"@id":"https:\/\/ship-tracker.org\/it\/disclaimer\/#breadcrumb"},"inLanguage":"fr-FR","potentialAction":[{"@type":"ReadAction","target":["https:\/\/ship-tracker.org\/it\/disclaimer\/"]}]},{"@type":"BreadcrumbList","@id":"https:\/\/ship-tracker.org\/it\/disclaimer\/#breadcrumb","itemListElement":[{"@type":"ListItem","position":1,"name":"Startseite","item":"https:\/\/ship-tracker.org\/"},{"@type":"ListItem","position":2,"name":"Disclaimer"}]},{"@type":"WebSite","@id":"https:\/\/ship-tracker.org\/#website","url":"https:\/\/ship-tracker.org\/","name":"Ship-tracker.org","description":"","potentialAction":[{"@type":"SearchAction","target":{"@type":"EntryPoint","urlTemplate":"https:\/\/ship-tracker.org\/?s={search_term_string}"},"query-input":{"@type":"PropertyValueSpecification","valueRequired":true,"valueName":"search_term_string"}}],"inLanguage":"fr-FR"}]}},"_links":{"self":[{"href":"https:\/\/ship-tracker.org\/fr\/wp-json\/wp\/v2\/pages\/6","targetHints":{"allow":["GET"]}}],"collection":[{"href":"https:\/\/ship-tracker.org\/fr\/wp-json\/wp\/v2\/pages"}],"about":[{"href":"https:\/\/ship-tracker.org\/fr\/wp-json\/wp\/v2\/types\/page"}],"author":[{"embeddable":true,"href":"https:\/\/ship-tracker.org\/fr\/wp-json\/wp\/v2\/users\/1"}],"replies":[{"embeddable":true,"href":"https:\/\/ship-tracker.org\/fr\/wp-json\/wp\/v2\/comments?post=6"}],"version-history":[{"count":3,"href":"https:\/\/ship-tracker.org\/fr\/wp-json\/wp\/v2\/pages\/6\/revisions"}],"predecessor-version":[{"id":9,"href":"https:\/\/ship-tracker.org\/fr\/wp-json\/wp\/v2\/pages\/6\/revisions\/9"}],"wp:attachment":[{"href":"https:\/\/ship-tracker.org\/fr\/wp-json\/wp\/v2\/media?parent=6"}],"curies":[{"name":"wp","href":"https:\/\/api.w.org\/{rel}","templated":true}]}}