{"id":5331,"date":"2024-09-20T14:16:10","date_gmt":"2024-09-20T12:16:10","guid":{"rendered":"https:\/\/ship-tracker.org\/?page_id=5331"},"modified":"2024-09-20T14:50:42","modified_gmt":"2024-09-20T12:50:42","slug":"norwegian-luna","status":"publish","type":"page","link":"https:\/\/ship-tracker.org\/fr\/norwegian-luna\/","title":{"rendered":"Luna norv\u00e9gienne"},"content":{"rendered":"<h2><span style=\"color: #000000;\">Emplacement actuel et <\/span><span style=\"color: #000000;\">position du Norwegian Luna<\/span><\/h2>\n<p>Quelle est la position actuelle du Norwegian Luna actuellement ?<br \/>\n<div class=\"su-gmap su-u-responsive-media-yes\"><iframe loading=\"lazy\" width=\"600\" height=\"400\" src=\"\/\/maps.google.com\/maps?q=Fincantieri%20Triest&amp;output=embed\" title=\"\"><\/iframe><\/div>\nAfficher la position actuelle du Norwegian Luna. La position du Norwegian Luna peut \u00eatre d\u00e9termin\u00e9e avec pr\u00e9cision gr\u00e2ce aux cartes de VesselFinder et MarineTraffic. Ainsi, vous \u00eates toujours bien inform\u00e9 de l&#039;endroit o\u00f9 se trouve actuellement votre navire pr\u00e9f\u00e9r\u00e9.<\/p>\n<h2 class=\"title\"><span style=\"color: #000000;\">Test et sp\u00e9cifications du Norwegian Luna<\/span><\/h2>\n<table style=\"height: 296px;\" width=\"400\">\n<tbody>\n<tr>\n<td style=\"width: 192px;\"><span style=\"color: #000000;\"><strong>\u00c9tat du pavillon<\/strong><\/span><\/td>\n<td style=\"width: 192px;\">Bahamas<\/td>\n<\/tr>\n<tr>\n<td style=\"width: 192px;\"><span style=\"color: #000000;\"><strong>Ann\u00e9e de construction<\/strong><\/span><\/td>\n<td style=\"width: 192px;\"><span style=\"color: #000000;\">2026<\/span><\/td>\n<\/tr>\n<tr>\n<td style=\"width: 192px;\"><span style=\"color: #000000;\"><strong>Constructeur<\/strong><\/span><\/td>\n<td style=\"width: 192px;\"><span style=\"color: #000000;\">Fincantieri<\/span><\/td>\n<\/tr>\n<tr>\n<td style=\"width: 192px;\"><span style=\"color: #000000;\"><strong>Longueur<\/strong><\/span><\/td>\n<td style=\"width: 192px;\"><span style=\"color: #000000;\"><span class=\"specificationUnit\">322 m<\/span><\/span><\/td>\n<\/tr>\n<tr>\n<td style=\"width: 192px;\"><span style=\"color: #000000;\"><strong>Faisceau<\/strong><\/span><\/td>\n<td style=\"width: 192px;\"><span style=\"color: #000000;\"><span class=\"specificationUnit\">42 m<\/span><\/span><\/td>\n<\/tr>\n<tr>\n<td style=\"width: 192px;\"><span style=\"color: #000000;\"><strong>Jauge brute<\/strong><\/span><\/td>\n<td style=\"width: 192px;\"><span style=\"color: #000000;\"><span class=\"specificationUnit\">156300 gt<\/span><\/span><\/td>\n<\/tr>\n<tr>\n<td style=\"width: 192px;\"><span style=\"color: #000000;\"><strong>Les passagers<\/strong><\/span><\/td>\n<td style=\"width: 192px;\">3571 \u2013 4224<\/td>\n<\/tr>\n<tr>\n<td style=\"width: 192px;\"><span style=\"color: #000000;\"><strong>\u00c9quipage<\/strong><\/span><\/td>\n<td style=\"width: 192px;\"><span style=\"color: #000000;\">1388<\/span><\/td>\n<\/tr>\n<tr>\n<td style=\"width: 192px;\"><span style=\"color: #000000;\"><strong>Decks<\/strong>\u00a0<\/span><\/td>\n<td style=\"width: 192px;\"><span style=\"color: #000000;\">20<\/span><\/td>\n<\/tr>\n<tr>\n<td style=\"width: 192px;\"><span style=\"color: #000000;\"><strong>La vitesse<\/strong><\/span><\/td>\n<td style=\"width: 192px;\"><span style=\"color: #000000;\">22<span class=\"specificationUnit\">\u00a0kn<\/span><\/span><\/td>\n<\/tr>\n<tr>\n<td style=\"width: 192px;\"><span style=\"color: #000000;\"><strong><b>Le port d&#039;enregistrement<\/b><\/strong><\/span><\/td>\n<td style=\"width: 192px;\">Nassau<\/td>\n<\/tr>\n<tr>\n<td style=\"width: 192px;\"><span style=\"color: #000000;\"><strong>Cabines<\/strong><\/span><\/td>\n<td style=\"width: 192px;\">1760<\/td>\n<\/tr>\n<tr>\n<td style=\"width: 192px;\"><span style=\"color: #000000;\"><strong><b>Propri\u00e9taire<\/b><\/strong><\/span><\/td>\n<td style=\"width: 192px;\"><a href=\"https:\/\/ship-tracker.org\/fr\/norwegian-cruise-line\/\"><span style=\"color: #000000;\">Norwegian Cruise Line<\/span><\/a><\/td>\n<\/tr>\n<\/tbody>\n<\/table>\n<p><script async src=\"https:\/\/pagead2.googlesyndication.com\/pagead\/js\/adsbygoogle.js\"><\/script><br \/>\n<!-- Schip-Tracker Linkanzeigen --><br \/>\n<ins class=\"adsbygoogle\" style=\"display: block;\" data-ad-client=\"ca-pub-1316785063791781\" data-ad-slot=\"3429004156\" data-ad-format=\"link\" data-full-width-responsive=\"true\"><\/ins><br \/>\n<script>\n     (adsbygoogle = window.adsbygoogle || []).push({});\n<\/script><\/p>\n<figure id=\"attachment_3534\" aria-describedby=\"caption-attachment-3534\" style=\"width: 900px\" class=\"wp-caption aligncenter\"><img loading=\"lazy\" decoding=\"async\" class=\"wp-image-3534 size-full\" src=\"https:\/\/ship-tracker.org\/wp-content\/uploads\/2022\/11\/208806-PR-Prima-Act_ssets_Carousel2-e1632326284334.jpg\" alt=\"Viva norv\u00e9gien\" width=\"900\" height=\"506\" srcset=\"https:\/\/ship-tracker.org\/wp-content\/uploads\/2022\/11\/208806-PR-Prima-Act_ssets_Carousel2-e1632326284334.jpg 900w, https:\/\/ship-tracker.org\/wp-content\/uploads\/2022\/11\/208806-PR-Prima-Act_ssets_Carousel2-e1632326284334-300x169.jpg 300w, https:\/\/ship-tracker.org\/wp-content\/uploads\/2022\/11\/208806-PR-Prima-Act_ssets_Carousel2-e1632326284334-768x432.jpg 768w, https:\/\/ship-tracker.org\/wp-content\/uploads\/2022\/11\/208806-PR-Prima-Act_ssets_Carousel2-e1632326284334-18x10.jpg 18w, https:\/\/ship-tracker.org\/wp-content\/uploads\/2022\/11\/208806-PR-Prima-Act_ssets_Carousel2-e1632326284334-800x450.jpg 800w\" sizes=\"auto, (max-width: 900px) 100vw, 900px\" \/><figcaption id=\"caption-attachment-3534\" class=\"wp-caption-text\">\u00a9 Norwegian Cruise Line<\/figcaption><\/figure>\n<h3 class=\"title\">Flotte Norwegian Cruise Line<\/h3>\n<ul>\n<li><a href=\"https:\/\/ship-tracker.org\/fr\/norwegian-encore\/\">Norwegian Encore<\/a><\/li>\n<li><a href=\"https:\/\/ship-tracker.org\/fr\/norwegian-bliss\/\">Norwegian Bliss<\/a><\/li>\n<li><a href=\"https:\/\/ship-tracker.org\/fr\/norwegian-escape\/\">Norwegian Escape<\/a><\/li>\n<li><a href=\"https:\/\/ship-tracker.org\/fr\/norwegian-getaway\/\">Norwegian Getaway<\/a><\/li>\n<li><a href=\"https:\/\/ship-tracker.org\/fr\/norwegian-breakaway\/\">Norwegian Breakaway<\/a><\/li>\n<li><a href=\"https:\/\/ship-tracker.org\/fr\/norwegian-epic\/\">Norwegian Epic<\/a><\/li>\n<li><a href=\"https:\/\/ship-tracker.org\/fr\/norwegian-gem\/\">Norwegian Gem<\/a><\/li>\n<li><a href=\"https:\/\/ship-tracker.org\/fr\/norwegian-jade\/\">Norwegian Jade<\/a><\/li>\n<li><a href=\"https:\/\/ship-tracker.org\/fr\/norwegian-joy\/\">Norwegian Joy<\/a><\/li>\n<li><a href=\"https:\/\/ship-tracker.org\/fr\/norwegian-pearl\/\">Norwegian Pearl<\/a><\/li>\n<li><a href=\"https:\/\/ship-tracker.org\/fr\/norwegian-jewel\/\">Norwegian Jewel<\/a><\/li>\n<li><a href=\"https:\/\/ship-tracker.org\/fr\/pride-of-america\/\">Pride of America<\/a><\/li>\n<li><a href=\"https:\/\/ship-tracker.org\/fr\/norwegian-dawn\/\">Norwegian Dawn<\/a><\/li>\n<li><a href=\"https:\/\/ship-tracker.org\/fr\/norwegian-star\/\">Norwegian Star<\/a><\/li>\n<li><a href=\"https:\/\/ship-tracker.org\/fr\/norwegian-sun\/\">Norwegian Sun<\/a><\/li>\n<li><a href=\"https:\/\/ship-tracker.org\/fr\/norwegian-sky\/\">Norwegian Sky<\/a><\/li>\n<li><a href=\"https:\/\/ship-tracker.org\/fr\/norwegian-spirit\/\">Norwegian Spirit<\/a><\/li>\n<li><a href=\"https:\/\/ship-tracker.org\/fr\/norwegian-prima\/\">Prima norv\u00e9gienne<\/a><\/li>\n<li><a href=\"https:\/\/ship-tracker.org\/fr\/norwegian-viva\/\">Viva norv\u00e9gien<\/a><\/li>\n<li><a href=\"https:\/\/ship-tracker.org\/fr\/norwegian-aqua\/\">Aqua norv\u00e9gien<\/a><\/li>\n<\/ul>\n<div id=\"gtx-trans\" style=\"position: absolute; left: 30px; top: 1796.28px;\">\n<div class=\"gtx-trans-icon\"><\/div>\n<\/div>","protected":false},"excerpt":{"rendered":"<p>Position actuelle du Norwegian Luna. O\u00f9 se trouve actuellement le Norwegian Luna\u00a0? Consultez la position actuelle du Norwegian Luna. La position du Norwegian Luna peut \u00eatre d\u00e9termin\u00e9e avec pr\u00e9cision gr\u00e2ce aux cartes de VesselFinder et MarineTraffic. Vous \u00eates ainsi toujours bien inform\u00e9 de la position de votre navire pr\u00e9f\u00e9r\u00e9. Avis et sp\u00e9cifications du Norwegian Luna. \u00c9tat du pavillon\u2026&nbsp;<a href=\"https:\/\/ship-tracker.org\/fr\/norwegian-luna\/\" rel=\"bookmark\">En savoir plus &quot;<span class=\"screen-reader-text\">Luna norv\u00e9gienne<\/span><\/a><\/p>","protected":false},"author":1,"featured_media":5332,"parent":0,"menu_order":0,"comment_status":"closed","ping_status":"closed","template":"","meta":{"neve_meta_sidebar":"","neve_meta_container":"","neve_meta_enable_content_width":"off","neve_meta_content_width":100,"neve_meta_title_alignment":"","neve_meta_author_avatar":"","neve_post_elements_order":"","neve_meta_disable_header":"","neve_meta_disable_footer":"","neve_meta_disable_title":"","neve_meta_reading_time":"","footnotes":""},"class_list":["post-5331","page","type-page","status-publish","has-post-thumbnail","hentry"],"yoast_head":"<!-- This site is optimized with the Yoast SEO plugin v26.9 - https:\/\/yoast.com\/product\/yoast-seo-wordpress\/ -->\n<title>Norwegian Luna \u2503 Current location and position of Norwegian<\/title>\n<meta name=\"description\" content=\"Norwegian Luna \u2693 Current location and position of Norwegian Luna \u2713 Cruise Ship Tracker \u2713 Live Ship Tracker \u2713 Review and Specifications\" \/>\n<meta name=\"robots\" content=\"index, follow, max-snippet:-1, max-image-preview:large, max-video-preview:-1\" \/>\n<link rel=\"canonical\" href=\"https:\/\/ship-tracker.org\/fr\/norwegian-luna\/\" \/>\n<meta property=\"og:locale\" content=\"fr_FR\" \/>\n<meta property=\"og:type\" content=\"article\" \/>\n<meta property=\"og:title\" content=\"Norwegian Luna \u2503 Current location and position of Norwegian\" \/>\n<meta property=\"og:description\" content=\"Norwegian Luna \u2693 Current location and position of Norwegian Luna \u2713 Cruise Ship Tracker \u2713 Live Ship Tracker \u2713 Review and Specifications\" \/>\n<meta property=\"og:url\" content=\"https:\/\/ship-tracker.org\/fr\/norwegian-luna\/\" \/>\n<meta property=\"og:site_name\" content=\"Ship-tracker.org\" \/>\n<meta property=\"article:modified_time\" content=\"2024-09-20T12:50:42+00:00\" \/>\n<meta property=\"og:image\" content=\"https:\/\/ship-tracker.org\/wp-content\/uploads\/2024\/09\/66eb3a56d17aa3c7b2b3f52c-1.webp\" \/>\n\t<meta property=\"og:image:width\" content=\"1327\" \/>\n\t<meta property=\"og:image:height\" content=\"995\" \/>\n\t<meta property=\"og:image:type\" content=\"image\/webp\" \/>\n<meta name=\"twitter:card\" content=\"summary_large_image\" \/>\n<meta name=\"twitter:label1\" content=\"Dur\u00e9e de lecture estim\u00e9e\" \/>\n\t<meta name=\"twitter:data1\" content=\"2 minutes\" \/>\n<script type=\"application\/ld+json\" class=\"yoast-schema-graph\">{\"@context\":\"https:\/\/schema.org\",\"@graph\":[{\"@type\":\"WebPage\",\"@id\":\"https:\/\/ship-tracker.org\/norwegian-luna\/\",\"url\":\"https:\/\/ship-tracker.org\/norwegian-luna\/\",\"name\":\"Norwegian Luna \u2503 Current location and position of Norwegian\",\"isPartOf\":{\"@id\":\"https:\/\/ship-tracker.org\/#website\"},\"primaryImageOfPage\":{\"@id\":\"https:\/\/ship-tracker.org\/norwegian-luna\/#primaryimage\"},\"image\":{\"@id\":\"https:\/\/ship-tracker.org\/norwegian-luna\/#primaryimage\"},\"thumbnailUrl\":\"https:\/\/ship-tracker.org\/wp-content\/uploads\/2024\/09\/66eb3a56d17aa3c7b2b3f52c-1.webp\",\"datePublished\":\"2024-09-20T12:16:10+00:00\",\"dateModified\":\"2024-09-20T12:50:42+00:00\",\"description\":\"Norwegian Luna \u2693 Current location and position of Norwegian Luna \u2713 Cruise Ship Tracker \u2713 Live Ship Tracker \u2713 Review and Specifications\",\"breadcrumb\":{\"@id\":\"https:\/\/ship-tracker.org\/norwegian-luna\/#breadcrumb\"},\"inLanguage\":\"fr-FR\",\"potentialAction\":[{\"@type\":\"ReadAction\",\"target\":[\"https:\/\/ship-tracker.org\/norwegian-luna\/\"]}]},{\"@type\":\"ImageObject\",\"inLanguage\":\"fr-FR\",\"@id\":\"https:\/\/ship-tracker.org\/norwegian-luna\/#primaryimage\",\"url\":\"https:\/\/ship-tracker.org\/wp-content\/uploads\/2024\/09\/66eb3a56d17aa3c7b2b3f52c-1.webp\",\"contentUrl\":\"https:\/\/ship-tracker.org\/wp-content\/uploads\/2024\/09\/66eb3a56d17aa3c7b2b3f52c-1.webp\",\"width\":1327,\"height\":995,\"caption\":\"\u00a9 Norwegian Cruise Line\"},{\"@type\":\"BreadcrumbList\",\"@id\":\"https:\/\/ship-tracker.org\/norwegian-luna\/#breadcrumb\",\"itemListElement\":[{\"@type\":\"ListItem\",\"position\":1,\"name\":\"Startseite\",\"item\":\"https:\/\/ship-tracker.org\/\"},{\"@type\":\"ListItem\",\"position\":2,\"name\":\"Norwegian Luna\"}]},{\"@type\":\"WebSite\",\"@id\":\"https:\/\/ship-tracker.org\/#website\",\"url\":\"https:\/\/ship-tracker.org\/\",\"name\":\"Ship-tracker.org\",\"description\":\"\",\"potentialAction\":[{\"@type\":\"SearchAction\",\"target\":{\"@type\":\"EntryPoint\",\"urlTemplate\":\"https:\/\/ship-tracker.org\/?s={search_term_string}\"},\"query-input\":{\"@type\":\"PropertyValueSpecification\",\"valueRequired\":true,\"valueName\":\"search_term_string\"}}],\"inLanguage\":\"fr-FR\"}]}<\/script>\n<!-- \/ Yoast SEO plugin. -->","yoast_head_json":{"title":"Norwegian Luna \u2503 Emplacement et position actuels de Norwegian","description":"Norwegian Luna \u2693 Emplacement actuel et position du Norwegian Luna \u2713 Suivi des navires de croisi\u00e8re \u2713 Suivi des navires en direct \u2713 Avis et sp\u00e9cifications","robots":{"index":"index","follow":"follow","max-snippet":"max-snippet:-1","max-image-preview":"max-image-preview:large","max-video-preview":"max-video-preview:-1"},"canonical":"https:\/\/ship-tracker.org\/fr\/norwegian-luna\/","og_locale":"fr_FR","og_type":"article","og_title":"Norwegian Luna \u2503 Current location and position of Norwegian","og_description":"Norwegian Luna \u2693 Current location and position of Norwegian Luna \u2713 Cruise Ship Tracker \u2713 Live Ship Tracker \u2713 Review and Specifications","og_url":"https:\/\/ship-tracker.org\/fr\/norwegian-luna\/","og_site_name":"Ship-tracker.org","article_modified_time":"2024-09-20T12:50:42+00:00","og_image":[{"width":1327,"height":995,"url":"https:\/\/ship-tracker.org\/wp-content\/uploads\/2024\/09\/66eb3a56d17aa3c7b2b3f52c-1.webp","type":"image\/webp"}],"twitter_card":"summary_large_image","twitter_misc":{"Dur\u00e9e de lecture estim\u00e9e":"2 minutes"},"schema":{"@context":"https:\/\/schema.org","@graph":[{"@type":"WebPage","@id":"https:\/\/ship-tracker.org\/norwegian-luna\/","url":"https:\/\/ship-tracker.org\/norwegian-luna\/","name":"Norwegian Luna \u2503 Emplacement et position actuels de Norwegian","isPartOf":{"@id":"https:\/\/ship-tracker.org\/#website"},"primaryImageOfPage":{"@id":"https:\/\/ship-tracker.org\/norwegian-luna\/#primaryimage"},"image":{"@id":"https:\/\/ship-tracker.org\/norwegian-luna\/#primaryimage"},"thumbnailUrl":"https:\/\/ship-tracker.org\/wp-content\/uploads\/2024\/09\/66eb3a56d17aa3c7b2b3f52c-1.webp","datePublished":"2024-09-20T12:16:10+00:00","dateModified":"2024-09-20T12:50:42+00:00","description":"Norwegian Luna \u2693 Emplacement actuel et position du Norwegian Luna \u2713 Suivi des navires de croisi\u00e8re \u2713 Suivi des navires en direct \u2713 Avis et sp\u00e9cifications","breadcrumb":{"@id":"https:\/\/ship-tracker.org\/norwegian-luna\/#breadcrumb"},"inLanguage":"fr-FR","potentialAction":[{"@type":"ReadAction","target":["https:\/\/ship-tracker.org\/norwegian-luna\/"]}]},{"@type":"ImageObject","inLanguage":"fr-FR","@id":"https:\/\/ship-tracker.org\/norwegian-luna\/#primaryimage","url":"https:\/\/ship-tracker.org\/wp-content\/uploads\/2024\/09\/66eb3a56d17aa3c7b2b3f52c-1.webp","contentUrl":"https:\/\/ship-tracker.org\/wp-content\/uploads\/2024\/09\/66eb3a56d17aa3c7b2b3f52c-1.webp","width":1327,"height":995,"caption":"\u00a9 Norwegian Cruise Line"},{"@type":"BreadcrumbList","@id":"https:\/\/ship-tracker.org\/norwegian-luna\/#breadcrumb","itemListElement":[{"@type":"ListItem","position":1,"name":"Startseite","item":"https:\/\/ship-tracker.org\/"},{"@type":"ListItem","position":2,"name":"Norwegian Luna"}]},{"@type":"WebSite","@id":"https:\/\/ship-tracker.org\/#website","url":"https:\/\/ship-tracker.org\/","name":"Ship-tracker.org","description":"","potentialAction":[{"@type":"SearchAction","target":{"@type":"EntryPoint","urlTemplate":"https:\/\/ship-tracker.org\/?s={search_term_string}"},"query-input":{"@type":"PropertyValueSpecification","valueRequired":true,"valueName":"search_term_string"}}],"inLanguage":"fr-FR"}]}},"_links":{"self":[{"href":"https:\/\/ship-tracker.org\/fr\/wp-json\/wp\/v2\/pages\/5331","targetHints":{"allow":["GET"]}}],"collection":[{"href":"https:\/\/ship-tracker.org\/fr\/wp-json\/wp\/v2\/pages"}],"about":[{"href":"https:\/\/ship-tracker.org\/fr\/wp-json\/wp\/v2\/types\/page"}],"author":[{"embeddable":true,"href":"https:\/\/ship-tracker.org\/fr\/wp-json\/wp\/v2\/users\/1"}],"replies":[{"embeddable":true,"href":"https:\/\/ship-tracker.org\/fr\/wp-json\/wp\/v2\/comments?post=5331"}],"version-history":[{"count":2,"href":"https:\/\/ship-tracker.org\/fr\/wp-json\/wp\/v2\/pages\/5331\/revisions"}],"predecessor-version":[{"id":5361,"href":"https:\/\/ship-tracker.org\/fr\/wp-json\/wp\/v2\/pages\/5331\/revisions\/5361"}],"wp:featuredmedia":[{"embeddable":true,"href":"https:\/\/ship-tracker.org\/fr\/wp-json\/wp\/v2\/media\/5332"}],"wp:attachment":[{"href":"https:\/\/ship-tracker.org\/fr\/wp-json\/wp\/v2\/media?parent=5331"}],"curies":[{"name":"wp","href":"https:\/\/api.w.org\/{rel}","templated":true}]}}