{"id":4458,"date":"2023-08-13T02:23:48","date_gmt":"2023-08-13T00:23:48","guid":{"rendered":"https:\/\/ship-tracker.org\/?page_id=4458"},"modified":"2024-02-03T18:58:06","modified_gmt":"2024-02-03T17:58:06","slug":"icon-of-the-seas","status":"publish","type":"page","link":"https:\/\/ship-tracker.org\/fr\/icon-of-the-seas\/","title":{"rendered":"Ic\u00f4ne des mers"},"content":{"rendered":"<h2><span style=\"color: #000000;\">Emplacement actuel et <\/span><span style=\"color: #000000;\">position de l&#039;ic\u00f4ne des mers<\/span><\/h2>\n<p>O\u00f9 est la position actuelle d&#039;Icon Of The Seas actuellement ?<\/p>\n<p><script type=\"text\/javascript\">\n  var width=\"100%\";var height=\"400\";\n  var mmsi=311001178;\n<\/script><script type=\"text\/javascript\" src=\"https:\/\/www.vesselfinder.com\/aismap.js\"><\/script><\/p>\n<p>Afficher l&#039;emplacement actuel de Icon Of The Seas. La position d&#039;Icon Of The Seas peut \u00eatre d\u00e9termin\u00e9e avec pr\u00e9cision par les cartes de VesselFinder et MarineTraffic. Ainsi, vous \u00eates toujours bien inform\u00e9 de l&#039;emplacement actuel de votre navire pr\u00e9f\u00e9r\u00e9.<\/p>\n<h2 class=\"title\"><span style=\"color: #000000;\">Icon Of The Seas Revue et Sp\u00e9cifications<\/span><\/h2>\n<table>\n<tbody>\n<tr style=\"height: 24px;\">\n<td style=\"width: 192px; height: 24px;\"><strong><span style=\"color: #000000;\">Ann\u00e9e de construction<\/span><\/strong><\/td>\n<td style=\"width: 192px; height: 24px;\">2023<\/td>\n<\/tr>\n<tr style=\"height: 24px;\">\n<td style=\"width: 192px; height: 24px;\"><strong><span style=\"color: #000000;\">Constructeur<\/span><\/strong><\/td>\n<td style=\"width: 192px; height: 24px;\"><span style=\"color: #000000;\">Meyer Werft Turku\u00a0<\/span><\/td>\n<\/tr>\n<tr>\n<td style=\"width: 192px;\"><strong>Type de navire<span style=\"color: #000000;\"><br \/>\n<\/span><\/strong><\/td>\n<td style=\"width: 192px;\"><span style=\"color: #000000;\">Navire \u00e0 passagers (de croisi\u00e8re)<\/span><\/td>\n<\/tr>\n<tr style=\"height: 24px;\">\n<td style=\"width: 192px; height: 24px;\"><strong><span style=\"color: #000000;\">Classe<\/span><\/strong><\/td>\n<td style=\"width: 192px; height: 24px;\"><span style=\"color: #000000;\">IC\u00d4NE RCI<\/span><\/td>\n<\/tr>\n<tr>\n<td style=\"width: 192px;\"><strong>Signe d&#039;appel<span style=\"color: #000000;\"><br \/>\n<\/span><\/strong><\/td>\n<td style=\"width: 192px;\"><span style=\"color: #000000;\">C6FU5<\/span><\/td>\n<\/tr>\n<tr>\n<td style=\"width: 192px;\"><strong><span style=\"color: #000000;\">Drapeau<\/span><\/strong><\/td>\n<td style=\"width: 192px;\"><span style=\"color: #000000;\">Bahamas<\/span><\/td>\n<\/tr>\n<tr style=\"height: 24px;\">\n<td style=\"width: 192px; height: 24px;\"><strong><span style=\"color: #000000;\">Jauge brute<\/span><\/strong><\/td>\n<td style=\"width: 192px; height: 24px;\"><span style=\"color: #000000;\"><span class=\"specificationUnit\">250800 gt<\/span><\/span><\/td>\n<\/tr>\n<tr style=\"height: 24px;\">\n<td style=\"width: 192px; height: 24px;\"><strong><span style=\"color: #000000;\">Les passagers<\/span><\/strong><\/td>\n<td style=\"width: 192px; height: 24px;\">7600<\/td>\n<\/tr>\n<tr style=\"height: 24px;\">\n<td style=\"width: 192px; height: 24px;\"><strong><span style=\"color: #000000;\">\u00c9quipage<\/span><\/strong><\/td>\n<td style=\"width: 192px; height: 24px;\">2805<\/td>\n<\/tr>\n<tr>\n<td style=\"width: 192px;\"><strong><span style=\"color: #000000;\">Cabines <\/span><\/strong><\/td>\n<td style=\"width: 192px;\">2805<\/td>\n<\/tr>\n<tr>\n<td style=\"width: 192px;\"><strong><span style=\"color: #000000;\">Ponts avec cabines<\/span><\/strong><\/td>\n<td style=\"width: 192px;\">12<\/td>\n<\/tr>\n<tr style=\"height: 24px;\">\n<td style=\"width: 192px; height: 24px;\"><strong><span style=\"color: #000000;\">Decks<\/span><\/strong><\/td>\n<td style=\"width: 192px; height: 24px;\"><span style=\"color: #000000;\">19<\/span><\/td>\n<\/tr>\n<tr style=\"height: 24px;\">\n<td style=\"width: 192px; height: 24px;\"><strong><span style=\"color: #000000;\">La vitesse<\/span><\/strong><\/td>\n<td style=\"width: 192px; height: 24px;\"><span style=\"color: #000000;\">22<span class=\"specificationUnit\">\u00a0kn<\/span><\/span><\/td>\n<\/tr>\n<tr style=\"height: 24px;\">\n<td style=\"width: 192px; height: 24px;\"><strong><span style=\"color: #000000;\">Longueur<\/span><\/strong><\/td>\n<td style=\"width: 192px; height: 24px;\"><span style=\"color: #000000;\"><span class=\"specificationUnit\">365 m\u00e8tres<\/span><\/span><\/td>\n<\/tr>\n<tr style=\"height: 24px;\">\n<td style=\"width: 192px; height: 24px;\"><strong><span style=\"color: #000000;\">Faisceau<\/span><\/strong><\/td>\n<td style=\"width: 192px; height: 24px;\"><span style=\"color: #000000;\">65 m\u00e8tres<\/span><\/td>\n<\/tr>\n<tr style=\"height: 24px;\">\n<td style=\"width: 192px; height: 24px;\"><span style=\"color: #000000;\"><strong><b>Propri\u00e9taire<\/b><\/strong><\/span><\/td>\n<td style=\"width: 192px; height: 24px;\"><a href=\"https:\/\/ship-tracker.org\/fr\/royal-caribbean\/\">Royal Caribbean\u00a0<\/a><\/td>\n<\/tr>\n<tr>\n<td style=\"width: 192px;\"><span style=\"color: #000000;\"><strong><b>OMI<\/b><\/strong><\/span><\/td>\n<td style=\"width: 192px;\">9829930<\/td>\n<\/tr>\n<tr>\n<td style=\"width: 192px;\"><span style=\"color: #000000;\"><strong><b>MMSI<\/b><\/strong><\/span><\/td>\n<td style=\"width: 192px;\">311001178<\/td>\n<\/tr>\n<\/tbody>\n<\/table>\n<figure id=\"attachment_16882\" aria-describedby=\"caption-attachment-16882\" style=\"width: 1024px\" class=\"wp-caption aligncenter\"><img loading=\"lazy\" decoding=\"async\" class=\"wp-image-16882 size-full\" src=\"https:\/\/schiffsradar.org\/wp-content\/uploads\/2020\/02\/wonder-of-the-seas-name-reveal-asset-1024x683-1.jpg\" alt=\"Ic\u00f4ne des mers\" width=\"1024\" height=\"683\" \/><figcaption id=\"caption-attachment-16882\" class=\"wp-caption-text\">\u00a9 Royal Caribbean<\/figcaption><\/figure>\n<h3 class=\"title\">Flotte Royal Caribbean<\/h3>\n<ul>\n<li><a href=\"https:\/\/ship-tracker.org\/fr\/odyssey-of-the-seas\/\">Odyssey Of The Seas<\/a><\/li>\n<li><a href=\"https:\/\/ship-tracker.org\/fr\/spectrum-of-the-seas\/\">Spectrum Of The Seas<\/a><\/li>\n<li><a href=\"https:\/\/ship-tracker.org\/fr\/symphony-of-the-seas\/\">Symphony Of The Seas<\/a><\/li>\n<li><a href=\"https:\/\/ship-tracker.org\/fr\/ovation-of-the-seas\/\">Ovation Of The Seas<\/a><\/li>\n<li><a href=\"https:\/\/ship-tracker.org\/fr\/harmony-of-the-seas\/\">Harmony Of The Seas<\/a><\/li>\n<li><a href=\"https:\/\/ship-tracker.org\/fr\/anthem-of-the-seas\/\">Anthem of the Seas<\/a><\/li>\n<li><a href=\"https:\/\/ship-tracker.org\/fr\/quantum-of-the-seas\/\">Quantum Of The Seas<\/a><\/li>\n<li><a href=\"https:\/\/ship-tracker.org\/fr\/allure-of-the-seas\/\">Allure of the Seas<\/a><\/li>\n<li><a href=\"https:\/\/ship-tracker.org\/fr\/oasis-of-the-seas\/\">Oasis Of The Seas<\/a><\/li>\n<li><a href=\"https:\/\/ship-tracker.org\/fr\/independence-of-the-seas\/\">Independence Of The Seas<\/a><\/li>\n<li><a href=\"https:\/\/ship-tracker.org\/fr\/liberty-of-the-seas\/\">Liberty Of The Seas<\/a><\/li>\n<li><a href=\"https:\/\/ship-tracker.org\/fr\/freedom-of-the-seas\/\">Freedom Of The Seas<\/a><\/li>\n<li><a href=\"https:\/\/ship-tracker.org\/fr\/jewel-of-the-seas\/\">Jewel Of The Seas<\/a><\/li>\n<li><a href=\"https:\/\/ship-tracker.org\/fr\/serenade-of-the-seas\/\">S\u00e9r\u00e9nade des mers<\/a><\/li>\n<li><a href=\"https:\/\/ship-tracker.org\/fr\/mariner-of-the-seas\/\">Mariner Of The Seas<\/a><\/li>\n<li><a href=\"https:\/\/ship-tracker.org\/fr\/navigator-of-the-seas\/\">Navigateur des mers<\/a><\/li>\n<li><a href=\"https:\/\/ship-tracker.org\/fr\/brilliance-of-the-seas\/\">Brilliance Of The Seas<\/a><\/li>\n<li><a href=\"https:\/\/ship-tracker.org\/fr\/adventure-of-the-seas\/\">Adventure Of The Seas<\/a><\/li>\n<li><a href=\"https:\/\/ship-tracker.org\/fr\/radiance-of-the-seas\/\">Radiance Of The Seas<\/a><\/li>\n<li><a href=\"https:\/\/ship-tracker.org\/fr\/explorer-of-the-seas\/\">Explorer Of The Seas<\/a><\/li>\n<li><a href=\"https:\/\/ship-tracker.org\/fr\/voyager-of-the-seas\/\">Voyager Of The Seas<\/a><\/li>\n<li><a href=\"https:\/\/ship-tracker.org\/fr\/vision-of-the-seas\/\">Vision des mers<\/a><\/li>\n<li><a href=\"https:\/\/ship-tracker.org\/fr\/enchantment-of-the-seas\/\">Enchantment Of The Seas<\/a><\/li>\n<li><a href=\"https:\/\/ship-tracker.org\/fr\/rhapsody-of-the-seas\/\">Rhapsodie des mers<\/a><\/li>\n<li><a href=\"https:\/\/ship-tracker.org\/fr\/grandeur-of-the-seas\/\">Grandeur Of The Seas<\/a><\/li>\n<li><a href=\"https:\/\/ship-tracker.org\/fr\/wonder-of-the-seas\/\">Wonder Of The Seas<\/a><\/li>\n<li><a href=\"https:\/\/ship-tracker.org\/fr\/utopia-of-the-seas\/\">Utopie des mers<\/a><\/li>\n<\/ul>","protected":false},"excerpt":{"rendered":"<p>Localisation et position actuelles de l&#039;Icon Of The Seas. O\u00f9 se trouve l&#039;Icon Of The Seas\u00a0? Consultez sa position actuelle. La position de l&#039;Icon Of The Seas peut \u00eatre d\u00e9termin\u00e9e avec pr\u00e9cision gr\u00e2ce aux cartes de VesselFinder et MarineTraffic. Vous \u00eates ainsi toujours bien inform\u00e9 de la position de votre navire pr\u00e9f\u00e9r\u00e9\u2026&nbsp;<a href=\"https:\/\/ship-tracker.org\/fr\/icon-of-the-seas\/\" rel=\"bookmark\">En savoir plus &quot;<span class=\"screen-reader-text\">Ic\u00f4ne des mers<\/span><\/a><\/p>","protected":false},"author":1,"featured_media":4459,"parent":0,"menu_order":0,"comment_status":"closed","ping_status":"closed","template":"","meta":{"neve_meta_sidebar":"","neve_meta_container":"","neve_meta_enable_content_width":"off","neve_meta_content_width":100,"neve_meta_title_alignment":"","neve_meta_author_avatar":"","neve_post_elements_order":"","neve_meta_disable_header":"","neve_meta_disable_footer":"","neve_meta_disable_title":"","neve_meta_reading_time":"","footnotes":""},"class_list":["post-4458","page","type-page","status-publish","has-post-thumbnail","hentry"],"yoast_head":"<!-- This site is optimized with the Yoast SEO plugin v26.9 - https:\/\/yoast.com\/product\/yoast-seo-wordpress\/ -->\n<title>Icon Of The Seas\u2503Current location and position<\/title>\n<meta name=\"description\" content=\"Icon Of The Seas \u2693 Current location and position of Icon Of The Seas \u2713 Cruise Ship Tracker \u2713 Live Ship Tracker\" \/>\n<meta name=\"robots\" content=\"index, follow, max-snippet:-1, max-image-preview:large, max-video-preview:-1\" \/>\n<link rel=\"canonical\" href=\"https:\/\/ship-tracker.org\/fr\/icon-of-the-seas\/\" \/>\n<meta property=\"og:locale\" content=\"fr_FR\" \/>\n<meta property=\"og:type\" content=\"article\" \/>\n<meta property=\"og:title\" content=\"Icon Of The Seas\u2503Current location and position\" \/>\n<meta property=\"og:description\" content=\"Icon Of The Seas \u2693 Current location and position of Icon Of The Seas \u2713 Cruise Ship Tracker \u2713 Live Ship Tracker\" \/>\n<meta property=\"og:url\" content=\"https:\/\/ship-tracker.org\/fr\/icon-of-the-seas\/\" \/>\n<meta property=\"og:site_name\" content=\"Ship-tracker.org\" \/>\n<meta property=\"article:modified_time\" content=\"2024-02-03T17:58:06+00:00\" \/>\n<meta property=\"og:image\" content=\"https:\/\/ship-tracker.org\/wp-content\/uploads\/2023\/08\/wonder-of-the-seas-name-reveal-asset-1024x683-1.webp\" \/>\n\t<meta property=\"og:image:width\" content=\"1024\" \/>\n\t<meta property=\"og:image:height\" content=\"683\" \/>\n\t<meta property=\"og:image:type\" content=\"image\/webp\" \/>\n<meta name=\"twitter:card\" content=\"summary_large_image\" \/>\n<meta name=\"twitter:label1\" content=\"Dur\u00e9e de lecture estim\u00e9e\" \/>\n\t<meta name=\"twitter:data1\" content=\"2 minutes\" \/>\n<script type=\"application\/ld+json\" class=\"yoast-schema-graph\">{\"@context\":\"https:\/\/schema.org\",\"@graph\":[{\"@type\":\"WebPage\",\"@id\":\"https:\/\/ship-tracker.org\/icon-of-the-seas\/\",\"url\":\"https:\/\/ship-tracker.org\/icon-of-the-seas\/\",\"name\":\"Icon Of The Seas\u2503Current location and position\",\"isPartOf\":{\"@id\":\"https:\/\/ship-tracker.org\/#website\"},\"primaryImageOfPage\":{\"@id\":\"https:\/\/ship-tracker.org\/icon-of-the-seas\/#primaryimage\"},\"image\":{\"@id\":\"https:\/\/ship-tracker.org\/icon-of-the-seas\/#primaryimage\"},\"thumbnailUrl\":\"https:\/\/ship-tracker.org\/wp-content\/uploads\/2023\/08\/wonder-of-the-seas-name-reveal-asset-1024x683-1.webp\",\"datePublished\":\"2023-08-13T00:23:48+00:00\",\"dateModified\":\"2024-02-03T17:58:06+00:00\",\"description\":\"Icon Of The Seas \u2693 Current location and position of Icon Of The Seas \u2713 Cruise Ship Tracker \u2713 Live Ship Tracker\",\"breadcrumb\":{\"@id\":\"https:\/\/ship-tracker.org\/icon-of-the-seas\/#breadcrumb\"},\"inLanguage\":\"fr-FR\",\"potentialAction\":[{\"@type\":\"ReadAction\",\"target\":[\"https:\/\/ship-tracker.org\/icon-of-the-seas\/\"]}]},{\"@type\":\"ImageObject\",\"inLanguage\":\"fr-FR\",\"@id\":\"https:\/\/ship-tracker.org\/icon-of-the-seas\/#primaryimage\",\"url\":\"https:\/\/ship-tracker.org\/wp-content\/uploads\/2023\/08\/wonder-of-the-seas-name-reveal-asset-1024x683-1.webp\",\"contentUrl\":\"https:\/\/ship-tracker.org\/wp-content\/uploads\/2023\/08\/wonder-of-the-seas-name-reveal-asset-1024x683-1.webp\",\"width\":1024,\"height\":683,\"caption\":\"\u00a9 Royal Caribbean\"},{\"@type\":\"BreadcrumbList\",\"@id\":\"https:\/\/ship-tracker.org\/icon-of-the-seas\/#breadcrumb\",\"itemListElement\":[{\"@type\":\"ListItem\",\"position\":1,\"name\":\"Startseite\",\"item\":\"https:\/\/ship-tracker.org\/\"},{\"@type\":\"ListItem\",\"position\":2,\"name\":\"Icon Of The Seas\"}]},{\"@type\":\"WebSite\",\"@id\":\"https:\/\/ship-tracker.org\/#website\",\"url\":\"https:\/\/ship-tracker.org\/\",\"name\":\"Ship-tracker.org\",\"description\":\"\",\"potentialAction\":[{\"@type\":\"SearchAction\",\"target\":{\"@type\":\"EntryPoint\",\"urlTemplate\":\"https:\/\/ship-tracker.org\/?s={search_term_string}\"},\"query-input\":{\"@type\":\"PropertyValueSpecification\",\"valueRequired\":true,\"valueName\":\"search_term_string\"}}],\"inLanguage\":\"fr-FR\"}]}<\/script>\n<!-- \/ Yoast SEO plugin. -->","yoast_head_json":{"title":"Icon Of The Seas\u2503Emplacement et position actuels","description":"Icon Of The Seas \u2693 Emplacement et position actuels de Icon Of The Seas \u2713 Suivi des navires de croisi\u00e8re \u2713 Suivi des navires en direct","robots":{"index":"index","follow":"follow","max-snippet":"max-snippet:-1","max-image-preview":"max-image-preview:large","max-video-preview":"max-video-preview:-1"},"canonical":"https:\/\/ship-tracker.org\/fr\/icon-of-the-seas\/","og_locale":"fr_FR","og_type":"article","og_title":"Icon Of The Seas\u2503Current location and position","og_description":"Icon Of The Seas \u2693 Current location and position of Icon Of The Seas \u2713 Cruise Ship Tracker \u2713 Live Ship Tracker","og_url":"https:\/\/ship-tracker.org\/fr\/icon-of-the-seas\/","og_site_name":"Ship-tracker.org","article_modified_time":"2024-02-03T17:58:06+00:00","og_image":[{"width":1024,"height":683,"url":"https:\/\/ship-tracker.org\/wp-content\/uploads\/2023\/08\/wonder-of-the-seas-name-reveal-asset-1024x683-1.webp","type":"image\/webp"}],"twitter_card":"summary_large_image","twitter_misc":{"Dur\u00e9e de lecture estim\u00e9e":"2 minutes"},"schema":{"@context":"https:\/\/schema.org","@graph":[{"@type":"WebPage","@id":"https:\/\/ship-tracker.org\/icon-of-the-seas\/","url":"https:\/\/ship-tracker.org\/icon-of-the-seas\/","name":"Icon Of The Seas\u2503Emplacement et position actuels","isPartOf":{"@id":"https:\/\/ship-tracker.org\/#website"},"primaryImageOfPage":{"@id":"https:\/\/ship-tracker.org\/icon-of-the-seas\/#primaryimage"},"image":{"@id":"https:\/\/ship-tracker.org\/icon-of-the-seas\/#primaryimage"},"thumbnailUrl":"https:\/\/ship-tracker.org\/wp-content\/uploads\/2023\/08\/wonder-of-the-seas-name-reveal-asset-1024x683-1.webp","datePublished":"2023-08-13T00:23:48+00:00","dateModified":"2024-02-03T17:58:06+00:00","description":"Icon Of The Seas \u2693 Emplacement et position actuels de Icon Of The Seas \u2713 Suivi des navires de croisi\u00e8re \u2713 Suivi des navires en direct","breadcrumb":{"@id":"https:\/\/ship-tracker.org\/icon-of-the-seas\/#breadcrumb"},"inLanguage":"fr-FR","potentialAction":[{"@type":"ReadAction","target":["https:\/\/ship-tracker.org\/icon-of-the-seas\/"]}]},{"@type":"ImageObject","inLanguage":"fr-FR","@id":"https:\/\/ship-tracker.org\/icon-of-the-seas\/#primaryimage","url":"https:\/\/ship-tracker.org\/wp-content\/uploads\/2023\/08\/wonder-of-the-seas-name-reveal-asset-1024x683-1.webp","contentUrl":"https:\/\/ship-tracker.org\/wp-content\/uploads\/2023\/08\/wonder-of-the-seas-name-reveal-asset-1024x683-1.webp","width":1024,"height":683,"caption":"\u00a9 Royal Caribbean"},{"@type":"BreadcrumbList","@id":"https:\/\/ship-tracker.org\/icon-of-the-seas\/#breadcrumb","itemListElement":[{"@type":"ListItem","position":1,"name":"Startseite","item":"https:\/\/ship-tracker.org\/"},{"@type":"ListItem","position":2,"name":"Icon Of The Seas"}]},{"@type":"WebSite","@id":"https:\/\/ship-tracker.org\/#website","url":"https:\/\/ship-tracker.org\/","name":"Ship-tracker.org","description":"","potentialAction":[{"@type":"SearchAction","target":{"@type":"EntryPoint","urlTemplate":"https:\/\/ship-tracker.org\/?s={search_term_string}"},"query-input":{"@type":"PropertyValueSpecification","valueRequired":true,"valueName":"search_term_string"}}],"inLanguage":"fr-FR"}]}},"_links":{"self":[{"href":"https:\/\/ship-tracker.org\/fr\/wp-json\/wp\/v2\/pages\/4458","targetHints":{"allow":["GET"]}}],"collection":[{"href":"https:\/\/ship-tracker.org\/fr\/wp-json\/wp\/v2\/pages"}],"about":[{"href":"https:\/\/ship-tracker.org\/fr\/wp-json\/wp\/v2\/types\/page"}],"author":[{"embeddable":true,"href":"https:\/\/ship-tracker.org\/fr\/wp-json\/wp\/v2\/users\/1"}],"replies":[{"embeddable":true,"href":"https:\/\/ship-tracker.org\/fr\/wp-json\/wp\/v2\/comments?post=4458"}],"version-history":[{"count":5,"href":"https:\/\/ship-tracker.org\/fr\/wp-json\/wp\/v2\/pages\/4458\/revisions"}],"predecessor-version":[{"id":5318,"href":"https:\/\/ship-tracker.org\/fr\/wp-json\/wp\/v2\/pages\/4458\/revisions\/5318"}],"wp:featuredmedia":[{"embeddable":true,"href":"https:\/\/ship-tracker.org\/fr\/wp-json\/wp\/v2\/media\/4459"}],"wp:attachment":[{"href":"https:\/\/ship-tracker.org\/fr\/wp-json\/wp\/v2\/media?parent=4458"}],"curies":[{"name":"wp","href":"https:\/\/api.w.org\/{rel}","templated":true}]}}