{"id":400,"date":"2017-09-15T22:26:10","date_gmt":"2017-09-15T20:26:10","guid":{"rendered":"http:\/\/ship-tracker.org\/?page_id=400"},"modified":"2021-11-08T21:04:41","modified_gmt":"2021-11-08T20:04:41","slug":"ship-tracker","status":"publish","type":"page","link":"https:\/\/ship-tracker.org\/fr\/","title":{"rendered":"Suivi des navires"},"content":{"rendered":"<p><script async src=\"https:\/\/pagead2.googlesyndication.com\/pagead\/js\/adsbygoogle.js\"><\/script><br \/>\n<!-- Ship-Tracker Display --><br \/>\n<ins class=\"adsbygoogle\" style=\"display: block;\" data-ad-client=\"ca-pub-1316785063791781\" data-ad-slot=\"8075999632\" data-ad-format=\"auto\" data-full-width-responsive=\"true\"><\/ins><br \/>\n<script>\n     (adsbygoogle = window.adsbygoogle || []).push({});\n<\/script><\/p>\n<h2>Suivi des navires - Comment fonctionne le suivi des navires et des navires?<\/h2>\n<p><script type=\"text\/javascript\">\nwidth='100%';\nheight='450';\n<\/script><br \/>\n<script type=\"text\/javascript\" src=\"\/\/www.marinetraffic.com\/js\/embed.js\"><\/script><br \/>\n<script async src=\"https:\/\/pagead2.googlesyndication.com\/pagead\/js\/adsbygoogle.js\"><\/script><br \/>\n<!-- Schip-Tracker Linkanzeigen --><br \/>\n<ins class=\"adsbygoogle\" style=\"display: block;\" data-ad-client=\"ca-pub-1316785063791781\" data-ad-slot=\"3429004156\" data-ad-format=\"link\" data-full-width-responsive=\"true\"><\/ins><br \/>\n<script>\n     (adsbygoogle = window.adsbygoogle || []).push({});\n<\/script><\/p>\n<p class=\"p1\" style=\"text-align: justify;\"><span class=\"s1\">Le suivi des navires avec le bouton d&#039;un clic de souris - gr\u00e2ce \u00e0 Internet, c&#039;est la r\u00e9alit\u00e9. Mais comment pouvez-vous r\u00e9ellement suivre de gros navires et des navires de tous types? Comment pouvez-vous utiliser les bonnes plates-formes \u00e0 votre avantage et comment d\u00e9terminer le type de navire que vous venez de s\u00e9lectionner? Retrouvez ici toutes les informations sur le suivi des navires et d\u00e9couvrez autant de connaissances que possible sur le navire de votre choix!<\/span><\/p>\n<h2 class=\"p1\"><span class=\"s1\">Comment fonctionne un traqueur de navire?<\/span><\/h2>\n<p class=\"p1\" style=\"text-align: justify;\"><span class=\"s1\">Des milliers de grands navires sillonnent les oc\u00e9ans chaque jour. Chacun de ces navires utilise un suivi appel\u00e9 \u00absyst\u00e8me d&#039;identification automatique\u00bb. Ce programme de suivi des navires permet d&#039;\u00e9viter les collisions et sert \u00e9galement de moyen de trouver rapidement des navires dans des situations d&#039;urgence. Quelques entreprises se sont concentr\u00e9es sur la fourniture en ligne d&#039;un suivi pr\u00e9cis des navires en temps r\u00e9el. Ils utilisent les donn\u00e9es de suivi des navires et le suivi AIS et fournissent des cartes en ligne, repr\u00e9sentant les navires et les navires en temps r\u00e9el. L&#039;AIS est une technologie fascinante qui sauve des vies et facilite le transport maritime, mais fournit \u00e9galement des informations pr\u00e9cieuses sur l&#039;industrie maritime dans le monde.<\/span><\/p>\n<h2 class=\"p1\"><span class=\"s1\">Que contient un message AIS?<\/span><\/h2>\n<p class=\"p1\" style=\"text-align: justify;\"><span class=\"s1\">Le \u00absyst\u00e8me d&#039;identification automatique\u00bb fournit beaucoup d&#039;informations. Chaque message indique la position GPS de l&#039;exp\u00e9diteur. De plus, il contient la vitesse par rapport au sol (\u00abSOG\u00bb) - en gros, la vitesse r\u00e9elle du navire. De plus, l&#039;AIS fournit le cours sur le terrain (\u00abCOG\u00bb). Vous savez donc aussi dans quelle direction le navire se dirige. Lorsque vous recevez \u00e9galement l&#039;identifiant unique du navire, vous pouvez g\u00e9n\u00e9ralement trouver plus d&#039;informations sur le bateau sp\u00e9cifique que vous regardez. C&#039;est pourquoi les sites Web gratuits de suivi des navires sont capables de fournir une telle quantit\u00e9 de donn\u00e9es.<\/span><\/p>\n<h2 class=\"p1\"><span class=\"s1\">Que peut-on trouver facilement sur un site Web de suivi des navires?<\/span><\/h2>\n<p class=\"p1\" style=\"text-align: justify;\"><span class=\"s1\">Le suivi des navires en direct gratuitement n&#039;est pas limit\u00e9 \u00e0 la position actuelle, comme nous l&#039;avons vu dans le paragraphe pr\u00e9c\u00e9dent. Il fournit en fait bien plus que cela. Par exemple, le site Web <a href=\"https:\/\/www.marinetraffic.com\/\" target=\"_blank\" rel=\"noopener noreferrer\"><span class=\"s2\">MarineTraffic<\/span><\/a> offre beaucoup d&#039;informations. Vous pouvez trouver les donn\u00e9es suivantes:<\/span><\/p>\n<ul class=\"ul1\">\n<li class=\"li1\"><span class=\"s1\">tirant d&#039;eau du navire<\/span><\/li>\n<li class=\"li1\"><span class=\"s1\">longueur et large<\/span><\/li>\n<li class=\"li1\"><span class=\"s1\">\u00abNationalit\u00e9\u00bb du navire - o\u00f9 le navire a-t-il obtenu sa licence?<\/span><\/li>\n<li class=\"li1\"><span class=\"s1\">destination<\/span><\/li>\n<li class=\"li1\"><span class=\"s1\">vitesse moyenne en n\u0153uds<\/span><\/li>\n<li class=\"li1\"><span class=\"s1\">vitesse maximale en n\u0153uds<\/span><\/li>\n<li class=\"li1\"><span class=\"s1\">cours actuel (angulaire)<\/span><\/li>\n<li class=\"li1\"><span class=\"s1\">heure d&#039;arriv\u00e9e pr\u00e9vue (\u00abETA\u00bb)<\/span><\/li>\n<li class=\"li1\"><span class=\"s1\">heure r\u00e9elle de d\u00e9part (\u00abATD\u00bb)<\/span><\/li>\n<\/ul>\n<figure id=\"attachment_2025\" aria-describedby=\"caption-attachment-2025\" style=\"width: 768px\" class=\"wp-caption aligncenter\"><img loading=\"lazy\" decoding=\"async\" class=\"wp-image-2025 size-full\" src=\"https:\/\/ship-tracker.org\/wp-content\/uploads\/2020\/04\/karte-kreuzfahrt-kreuzfahrtschiff-schiffsposition-schiffsradar-768x388-1.jpg\" alt=\"Marinetraffic\" width=\"768\" height=\"388\" srcset=\"https:\/\/ship-tracker.org\/wp-content\/uploads\/2020\/04\/karte-kreuzfahrt-kreuzfahrtschiff-schiffsposition-schiffsradar-768x388-1.jpg 768w, https:\/\/ship-tracker.org\/wp-content\/uploads\/2020\/04\/karte-kreuzfahrt-kreuzfahrtschiff-schiffsposition-schiffsradar-768x388-1-300x152.jpg 300w\" sizes=\"auto, (max-width: 768px) 100vw, 768px\" \/><figcaption id=\"caption-attachment-2025\" class=\"wp-caption-text\">Capture d&#039;\u00e9cran \u00a9 Marinetraffic.com<\/figcaption><\/figure>\n<p class=\"p1\"><span class=\"s1\">Il y a beaucoup plus de donn\u00e9es disponibles sur le site Web. Pour des informations plus d\u00e9taill\u00e9es, vous devez payer afin de recevoir toutes les informations.<\/span><\/p>\n<h3 class=\"p1\"><span class=\"s1\">Vesselfinder - Une alternative int\u00e9ressante \u00e0 MarineTraffic<\/span><\/h3>\n<p class=\"p1\" style=\"text-align: justify;\"><span class=\"s1\">Bien s\u00fbr, vous ne voulez pas n\u00e9cessairement payer pour un abonnement premium. Voil\u00e0 pourquoi le site Web <a href=\"http:\/\/www.vesselfinder.com\" target=\"_blank\" rel=\"noopener noreferrer\"><span class=\"s2\">VesselFinder<\/span><\/a> convient parfaitement comme alternative. Bien que les deux sites aient une carte en direct assez similaire de tous les navires commerciaux dans le monde, il existe quelques diff\u00e9rences. Surtout, vous recevez simplement beaucoup plus d&#039;informations sur chaque navire naviguant actuellement.<\/span><\/p>\n<figure id=\"attachment_2727\" aria-describedby=\"caption-attachment-2727\" style=\"width: 900px\" class=\"wp-caption aligncenter\"><img loading=\"lazy\" decoding=\"async\" class=\"wp-image-2727 size-full\" src=\"https:\/\/ship-tracker.org\/wp-content\/uploads\/2020\/05\/Unbenannt44-e1589046113367.png\" alt=\"Vesselfinder\" width=\"900\" height=\"455\" srcset=\"https:\/\/ship-tracker.org\/wp-content\/uploads\/2020\/05\/Unbenannt44-e1589046113367.png 900w, https:\/\/ship-tracker.org\/wp-content\/uploads\/2020\/05\/Unbenannt44-e1589046113367-300x152.png 300w, https:\/\/ship-tracker.org\/wp-content\/uploads\/2020\/05\/Unbenannt44-e1589046113367-768x388.png 768w\" sizes=\"auto, (max-width: 900px) 100vw, 900px\" \/><figcaption id=\"caption-attachment-2727\" class=\"wp-caption-text\">Capture d&#039;\u00e9cran \u00a9 Vesselfinder.com<\/figcaption><\/figure>\n<p class=\"p1\" style=\"text-align: justify;\"><span class=\"s1\">Par exemple, vous pouvez savoir o\u00f9 le navire de votre choix est rest\u00e9 en dernier. \u00c9tait-ce le havre de Hambourg ou par exemple Bremerhaven? Vous pouvez le d\u00e9couvrir en cliquant simplement sur le navire. Vous trouverez beaucoup plus d&#039;informations disponibles gratuitement sans obligation d&#039;adh\u00e9sion.<\/span><\/p>\n<h3 class=\"p1\"><span class=\"s1\">Comment pouvez-vous profiter du traqueur de navire gratuit?<\/span><\/h3>\n<p class=\"p1\" style=\"text-align: justify;\"><span class=\"s1\">D&#039;abord et avant tout, c&#039;est tout simplement int\u00e9ressant pour beaucoup de gens. L&#039;industrie maritime fascine depuis des si\u00e8cles et le vif int\u00e9r\u00eat persiste jusqu&#039;\u00e0 aujourd&#039;hui. Par cons\u00e9quent, la plupart des gens v\u00e9rifient un tracker de navire comme un passe-temps et un int\u00e9r\u00eat, car vous pouvez trouver de nombreuses informations sur les navires. C&#039;est-\u00e0-dire des connaissances que d&#039;autres personnes, qui ne connaissent pas l&#039;id\u00e9e d&#039;un traqueur de navires, pourraient ne pas en avoir.<\/span><\/p>\n<p class=\"p1\" style=\"text-align: justify;\"><span class=\"s1\">Mais bien s\u00fbr, vous pouvez \u00e9galement utiliser un traqueur de navire comme moyen pratique d&#039;acqu\u00e9rir plus de connaissances afin de mieux comprendre la vie quotidienne. Par exemple, vous pouvez suivre le chemin des navires marchands voyageant de la Chine vers l&#039;Europe. Vous pouvez suivre leurs itin\u00e9raires et v\u00e9rifier par vous-m\u00eame jusqu&#039;o\u00f9 ils vont. Cela pourrait \u00eatre int\u00e9ressant pour vous, si vous \u00eates passionn\u00e9 par la pollution et le changement climatique.<\/span><\/p>\n<h2 class=\"p1\"><span class=\"s1\">Utilisation pratique d&#039;un traqueur de navire<\/span><\/h2>\n<p class=\"p1\" style=\"text-align: justify;\"><span class=\"s1\">De toute \u00e9vidence, les sites de suivi des navires comme VesselFinder et MarineTraffic ne sont pas uniquement con\u00e7us pour les personnes curieuses des navires dans l&#039;oc\u00e9an. Ces sites Web de suivi des navires offrent une utilisation pratique \u00e0 de nombreuses personnes dans le monde.<\/span><\/p>\n<p class=\"p1\" style=\"text-align: justify;\"><span class=\"s1\">Par exemple, vous pouvez b\u00e9n\u00e9ficier de nombreux traqueurs de navires si vous d\u00e9cidez de choisir des \u00e9tudes maritimes apr\u00e8s vos finales. Par exemple, si vous choisissez d&#039;\u00e9tudier le droit maritime, vous pourriez en apprendre beaucoup en v\u00e9rifiant les donn\u00e9es juridiques des navires et des navires qui naviguent actuellement. Sous quels drapeaux la plupart des navires naviguent dans le monde? Tous les navires du monde naviguent-ils l\u00e9galement ou y a-t-il des navires qui ne respectent pas la loi - par exemple lorsqu&#039;il s&#039;agit de capacit\u00e9 maximale ou de normes ISO (r\u00e8gles g\u00e9n\u00e9rales pour tous les porte-conteneurs).<\/span><\/p>\n<h3 class=\"p1\"><span class=\"s1\">Autres id\u00e9es sur la fa\u00e7on d&#039;utiliser les trackers de navire<\/span><\/h3>\n<p class=\"p1\" style=\"text-align: justify;\"><span class=\"s1\">Il existe de nombreuses options que vous pouvez utiliser pour en savoir plus sur votre environnement marin. Par exemple, vous pouvez prendre l&#039;exemple de l&#039;option \u00abPorts Near Me\u00bb. Cela vous permet de trouver des ports proches de votre ville natale, si vous habitez pr\u00e8s de la mer. Les sites Web de suivi des navires comme MarineTraffic sont \u00e9galement tr\u00e8s utiles lorsque vous \u00eates en vacances et que vous souhaitez passer du temps sur les ports locaux. La culture maritime et l&#039;environnement des ports ont g\u00e9n\u00e9ralement toujours une atmosph\u00e8re unique. C&#039;est diff\u00e9rent dans chaque pays, donc ce sera une nouvelle exp\u00e9rience pour vous - peu importe si vous \u00eates actuellement \u00e0 Shanghai, en Chine ou \u00e0 Hambourg, en Allemagne.<\/span><\/p>\n<h2 class=\"p1\"><span class=\"s1\">Comment puis-je trouver plus d&#039;informations sur le fonctionnement du syst\u00e8me de suivi des navires?<\/span><\/h2>\n<p class=\"p1\" style=\"text-align: justify;\"><span class=\"s1\">Le suivi des navires et l&#039;AIS jouent un r\u00f4le \u00e9norme dans le monde maritime. Par cons\u00e9quent, vous pouvez trouver des tonnes d&#039;informations sur Internet. Des sites Web tels que <a href=\"http:\/\/www.marineinsight.com\" target=\"_blank\" rel=\"noopener noreferrer\"><span class=\"s2\">www.marineinsight.com<\/span><\/a> fournir une vari\u00e9t\u00e9 d&#039;articles sur divers sujets qui vous aideront \u00e0 comprendre pleinement le monde maritime. Ils couvrent \u00e9galement des articles et des nouvelles sur l&#039;AIS et d&#039;autres syst\u00e8mes. <\/span><\/p>\n<h3 class=\"p1\"><span class=\"s1\">R\u00e9sum\u00e9 - Pourquoi le suivi des navires devrait vous \u00eatre familier<\/span><\/h3>\n<p class=\"p1\" style=\"text-align: justify;\"><span class=\"s1\">L&#039;exp\u00e9dition de grandes quantit\u00e9s de marchandises par-dessus l&#039;oc\u00e9an \u00e0 l&#039;aide d&#039;\u00e9normes porte-conteneurs a contribu\u00e9 essentiellement \u00e0 notre niveau de vie \u00e9lev\u00e9 et \u00e0 notre richesse. Il s&#039;agit d&#039;un moyen de transport extr\u00eamement bon march\u00e9 et fiable qui a \u00e9t\u00e9 consid\u00e9rablement optimis\u00e9 au cours des derni\u00e8res d\u00e9cennies. En utilisant un traqueur de navire, vous pouvez trouver chaque navire et chaque navire marchand avec un ID de navire unique en quelques clics de souris. Il n&#039;est pas seulement int\u00e9ressant de le v\u00e9rifier - y consacrer du temps enrichira votre perspective sur le commerce mondial et bien d&#039;autres aspects.<\/span><\/p>\n<p><script async src=\"https:\/\/pagead2.googlesyndication.com\/pagead\/js\/adsbygoogle.js\"><\/script><br \/>\n<!-- Ship-Tracker Display --><br \/>\n<ins class=\"adsbygoogle\" style=\"display: block;\" data-ad-client=\"ca-pub-1316785063791781\" data-ad-slot=\"8075999632\" data-ad-format=\"auto\" data-full-width-responsive=\"true\"><\/ins><br \/>\n<script>\n     (adsbygoogle = window.adsbygoogle || []).push({});\n<\/script><\/p>\n<p>Voir tout <a href=\"https:\/\/ship-tracker.org\/fr\/cruise-ship-tracker\/\">Cruise Ships emplacement actuel.<\/a> La position des navires de croisi\u00e8re peut \u00eatre d\u00e9termin\u00e9e avec pr\u00e9cision par les cartes de <a href=\"https:\/\/ship-tracker.org\/fr\/vesselfinder\/\">VesselFinder<\/a> et <a href=\"https:\/\/ship-tracker.org\/fr\/marinetraffic\/\">MarineTraffic<\/a>. Vous \u00eates donc toujours bien inform\u00e9 de l&#039;endroit o\u00f9 se trouve actuellement votre navire pr\u00e9f\u00e9r\u00e9.<\/p>\n<p>&nbsp;<\/p>","protected":false},"excerpt":{"rendered":"<p>Suivi des navires \u2013 Comment fonctionne le suivi des navires et des navires\u00a0? Suivre les navires d&#039;un simple clic de souris \u2013 gr\u00e2ce \u00e0 Internet, c&#039;est devenu une r\u00e9alit\u00e9. Mais comment pouvez-vous r\u00e9ellement suivre les grands navires et les navires de tous types\u00a0? Comment pouvez-vous utiliser les bonnes plateformes \u00e0 votre avantage et comment pouvez-vous d\u00e9terminer\u2026&nbsp;<a href=\"https:\/\/ship-tracker.org\/fr\/\" rel=\"bookmark\">En savoir plus &quot;<span class=\"screen-reader-text\">Suivi des navires<\/span><\/a><\/p>","protected":false},"author":1,"featured_media":2025,"parent":0,"menu_order":0,"comment_status":"closed","ping_status":"closed","template":"","meta":{"neve_meta_sidebar":"","neve_meta_container":"","neve_meta_enable_content_width":"","neve_meta_content_width":0,"neve_meta_title_alignment":"","neve_meta_author_avatar":"","neve_post_elements_order":"","neve_meta_disable_header":"","neve_meta_disable_footer":"","neve_meta_disable_title":"","neve_meta_reading_time":"","footnotes":""},"class_list":["post-400","page","type-page","status-publish","has-post-thumbnail","hentry"],"yoast_head":"<!-- This site is optimized with the Yoast SEO plugin v27.4 - https:\/\/yoast.com\/product\/yoast-seo-wordpress\/ -->\n<title>Ship Tracker \u2503How does tracking vessels and ships work?<\/title>\n<meta name=\"description\" content=\"Ship Tracker \u2693 Current position of All Cruise-ships \u2713 Live Ship Tracker \u2713 Review and Specifications \u2713 Webcam \u2713 Ship Tracking\" \/>\n<meta name=\"robots\" content=\"index, follow, max-snippet:-1, max-image-preview:large, max-video-preview:-1\" \/>\n<link rel=\"canonical\" href=\"https:\/\/ship-tracker.org\/fr\/\" \/>\n<meta property=\"og:locale\" content=\"fr_FR\" \/>\n<meta property=\"og:type\" content=\"article\" \/>\n<meta property=\"og:title\" content=\"Ship Tracker \u2503How does tracking vessels and ships work?\" \/>\n<meta property=\"og:description\" content=\"Ship Tracker \u2693 Current position of All Cruise-ships \u2713 Live Ship Tracker \u2713 Review and Specifications \u2713 Webcam \u2713 Ship Tracking\" \/>\n<meta property=\"og:url\" content=\"https:\/\/ship-tracker.org\/fr\/\" \/>\n<meta property=\"og:site_name\" content=\"Ship-tracker.org\" \/>\n<meta property=\"article:modified_time\" content=\"2021-11-08T20:04:41+00:00\" \/>\n<meta property=\"og:image\" content=\"https:\/\/ship-tracker.org\/wp-content\/uploads\/2020\/04\/karte-kreuzfahrt-kreuzfahrtschiff-schiffsposition-schiffsradar-768x388-1.jpg\" \/>\n\t<meta property=\"og:image:width\" content=\"768\" \/>\n\t<meta property=\"og:image:height\" content=\"388\" \/>\n\t<meta property=\"og:image:type\" content=\"image\/jpeg\" \/>\n<meta name=\"twitter:card\" content=\"summary_large_image\" \/>\n<meta name=\"twitter:label1\" content=\"Dur\u00e9e de lecture estim\u00e9e\" \/>\n\t<meta name=\"twitter:data1\" content=\"6 minutes\" \/>\n<script type=\"application\/ld+json\" class=\"yoast-schema-graph\">{\"@context\":\"https:\\\/\\\/schema.org\",\"@graph\":[{\"@type\":\"WebPage\",\"@id\":\"https:\\\/\\\/ship-tracker.org\\\/\",\"url\":\"https:\\\/\\\/ship-tracker.org\\\/\",\"name\":\"Ship Tracker \u2503How does tracking vessels and ships work?\",\"isPartOf\":{\"@id\":\"https:\\\/\\\/ship-tracker.org\\\/#website\"},\"primaryImageOfPage\":{\"@id\":\"https:\\\/\\\/ship-tracker.org\\\/#primaryimage\"},\"image\":{\"@id\":\"https:\\\/\\\/ship-tracker.org\\\/#primaryimage\"},\"thumbnailUrl\":\"https:\\\/\\\/ship-tracker.org\\\/wp-content\\\/uploads\\\/2020\\\/04\\\/karte-kreuzfahrt-kreuzfahrtschiff-schiffsposition-schiffsradar-768x388-1.jpg\",\"datePublished\":\"2017-09-15T20:26:10+00:00\",\"dateModified\":\"2021-11-08T20:04:41+00:00\",\"description\":\"Ship Tracker \u2693 Current position of All Cruise-ships \u2713 Live Ship Tracker \u2713 Review and Specifications \u2713 Webcam \u2713 Ship Tracking\",\"breadcrumb\":{\"@id\":\"https:\\\/\\\/ship-tracker.org\\\/#breadcrumb\"},\"inLanguage\":\"fr-FR\",\"potentialAction\":[{\"@type\":\"ReadAction\",\"target\":[\"https:\\\/\\\/ship-tracker.org\\\/\"]}]},{\"@type\":\"ImageObject\",\"inLanguage\":\"fr-FR\",\"@id\":\"https:\\\/\\\/ship-tracker.org\\\/#primaryimage\",\"url\":\"https:\\\/\\\/ship-tracker.org\\\/wp-content\\\/uploads\\\/2020\\\/04\\\/karte-kreuzfahrt-kreuzfahrtschiff-schiffsposition-schiffsradar-768x388-1.jpg\",\"contentUrl\":\"https:\\\/\\\/ship-tracker.org\\\/wp-content\\\/uploads\\\/2020\\\/04\\\/karte-kreuzfahrt-kreuzfahrtschiff-schiffsposition-schiffsradar-768x388-1.jpg\",\"width\":768,\"height\":388,\"caption\":\"MarineTraffic\"},{\"@type\":\"BreadcrumbList\",\"@id\":\"https:\\\/\\\/ship-tracker.org\\\/#breadcrumb\",\"itemListElement\":[{\"@type\":\"ListItem\",\"position\":1,\"name\":\"Startseite\",\"item\":\"https:\\\/\\\/ship-tracker.org\\\/\"},{\"@type\":\"ListItem\",\"position\":2,\"name\":\"Ship Tracker\"}]},{\"@type\":\"WebSite\",\"@id\":\"https:\\\/\\\/ship-tracker.org\\\/#website\",\"url\":\"https:\\\/\\\/ship-tracker.org\\\/\",\"name\":\"Ship-tracker.org\",\"description\":\"\",\"potentialAction\":[{\"@type\":\"SearchAction\",\"target\":{\"@type\":\"EntryPoint\",\"urlTemplate\":\"https:\\\/\\\/ship-tracker.org\\\/?s={search_term_string}\"},\"query-input\":{\"@type\":\"PropertyValueSpecification\",\"valueRequired\":true,\"valueName\":\"search_term_string\"}}],\"inLanguage\":\"fr-FR\"}]}<\/script>\n<!-- \/ Yoast SEO plugin. -->","yoast_head_json":{"title":"Ship Tracker owComment fonctionne le suivi des navires et des navires?","description":"Ship Tracker \u2693 Position actuelle de tous les navires de croisi\u00e8re \u2713 Live Ship Tracker \u2713 Examen et sp\u00e9cifications \u2713 Webcam \u2713 Suivi des navires","robots":{"index":"index","follow":"follow","max-snippet":"max-snippet:-1","max-image-preview":"max-image-preview:large","max-video-preview":"max-video-preview:-1"},"canonical":"https:\/\/ship-tracker.org\/fr\/","og_locale":"fr_FR","og_type":"article","og_title":"Ship Tracker \u2503How does tracking vessels and ships work?","og_description":"Ship Tracker \u2693 Current position of All Cruise-ships \u2713 Live Ship Tracker \u2713 Review and Specifications \u2713 Webcam \u2713 Ship Tracking","og_url":"https:\/\/ship-tracker.org\/fr\/","og_site_name":"Ship-tracker.org","article_modified_time":"2021-11-08T20:04:41+00:00","og_image":[{"width":768,"height":388,"url":"https:\/\/ship-tracker.org\/wp-content\/uploads\/2020\/04\/karte-kreuzfahrt-kreuzfahrtschiff-schiffsposition-schiffsradar-768x388-1.jpg","type":"image\/jpeg"}],"twitter_card":"summary_large_image","twitter_misc":{"Dur\u00e9e de lecture estim\u00e9e":"6 minutes"},"schema":{"@context":"https:\/\/schema.org","@graph":[{"@type":"WebPage","@id":"https:\/\/ship-tracker.org\/","url":"https:\/\/ship-tracker.org\/","name":"Ship Tracker owComment fonctionne le suivi des navires et des navires?","isPartOf":{"@id":"https:\/\/ship-tracker.org\/#website"},"primaryImageOfPage":{"@id":"https:\/\/ship-tracker.org\/#primaryimage"},"image":{"@id":"https:\/\/ship-tracker.org\/#primaryimage"},"thumbnailUrl":"https:\/\/ship-tracker.org\/wp-content\/uploads\/2020\/04\/karte-kreuzfahrt-kreuzfahrtschiff-schiffsposition-schiffsradar-768x388-1.jpg","datePublished":"2017-09-15T20:26:10+00:00","dateModified":"2021-11-08T20:04:41+00:00","description":"Ship Tracker \u2693 Position actuelle de tous les navires de croisi\u00e8re \u2713 Live Ship Tracker \u2713 Examen et sp\u00e9cifications \u2713 Webcam \u2713 Suivi des navires","breadcrumb":{"@id":"https:\/\/ship-tracker.org\/#breadcrumb"},"inLanguage":"fr-FR","potentialAction":[{"@type":"ReadAction","target":["https:\/\/ship-tracker.org\/"]}]},{"@type":"ImageObject","inLanguage":"fr-FR","@id":"https:\/\/ship-tracker.org\/#primaryimage","url":"https:\/\/ship-tracker.org\/wp-content\/uploads\/2020\/04\/karte-kreuzfahrt-kreuzfahrtschiff-schiffsposition-schiffsradar-768x388-1.jpg","contentUrl":"https:\/\/ship-tracker.org\/wp-content\/uploads\/2020\/04\/karte-kreuzfahrt-kreuzfahrtschiff-schiffsposition-schiffsradar-768x388-1.jpg","width":768,"height":388,"caption":"MarineTraffic"},{"@type":"BreadcrumbList","@id":"https:\/\/ship-tracker.org\/#breadcrumb","itemListElement":[{"@type":"ListItem","position":1,"name":"Startseite","item":"https:\/\/ship-tracker.org\/"},{"@type":"ListItem","position":2,"name":"Ship Tracker"}]},{"@type":"WebSite","@id":"https:\/\/ship-tracker.org\/#website","url":"https:\/\/ship-tracker.org\/","name":"Ship-tracker.org","description":"","potentialAction":[{"@type":"SearchAction","target":{"@type":"EntryPoint","urlTemplate":"https:\/\/ship-tracker.org\/?s={search_term_string}"},"query-input":{"@type":"PropertyValueSpecification","valueRequired":true,"valueName":"search_term_string"}}],"inLanguage":"fr-FR"}]}},"_links":{"self":[{"href":"https:\/\/ship-tracker.org\/fr\/wp-json\/wp\/v2\/pages\/400","targetHints":{"allow":["GET"]}}],"collection":[{"href":"https:\/\/ship-tracker.org\/fr\/wp-json\/wp\/v2\/pages"}],"about":[{"href":"https:\/\/ship-tracker.org\/fr\/wp-json\/wp\/v2\/types\/page"}],"author":[{"embeddable":true,"href":"https:\/\/ship-tracker.org\/fr\/wp-json\/wp\/v2\/users\/1"}],"replies":[{"embeddable":true,"href":"https:\/\/ship-tracker.org\/fr\/wp-json\/wp\/v2\/comments?post=400"}],"version-history":[{"count":10,"href":"https:\/\/ship-tracker.org\/fr\/wp-json\/wp\/v2\/pages\/400\/revisions"}],"predecessor-version":[{"id":3281,"href":"https:\/\/ship-tracker.org\/fr\/wp-json\/wp\/v2\/pages\/400\/revisions\/3281"}],"wp:featuredmedia":[{"embeddable":true,"href":"https:\/\/ship-tracker.org\/fr\/wp-json\/wp\/v2\/media\/2025"}],"wp:attachment":[{"href":"https:\/\/ship-tracker.org\/fr\/wp-json\/wp\/v2\/media?parent=400"}],"curies":[{"name":"wp","href":"https:\/\/api.w.org\/{rel}","templated":true}]}}