{"id":3970,"date":"2023-06-21T17:46:43","date_gmt":"2023-06-21T15:46:43","guid":{"rendered":"https:\/\/ship-tracker.org\/?page_id=3970"},"modified":"2023-06-21T17:46:43","modified_gmt":"2023-06-21T15:46:43","slug":"maersk-chambal","status":"publish","type":"page","link":"https:\/\/ship-tracker.org\/fr\/maersk-chambal\/","title":{"rendered":"MAERSK CHAMBAL"},"content":{"rendered":"<h2><span style=\"color: #000000;\">Emplacement actuel et <\/span><span style=\"color: #000000;\">position de MAERSK CHAMBAL<\/span><\/h2>\n<p>O\u00f9 se trouve actuellement MAERSK CHAMBAL ?<br \/>\n<script type=\"text\/javascript\">\n  var width=\"100%\";var height=\"400\";\n  var mmsi=477083800;\n<\/script><script type=\"text\/javascript\" src=\"https:\/\/www.vesselfinder.com\/aismap.js\"><\/script><\/p>\n<p>Le MAERSK CHAMBAL, cargo immatricul\u00e9 sous pavillon de Hong Kong, navigue actuellement sur les mers. Le navire, portant le num\u00e9ro OMI 9525376 et le num\u00e9ro MMSI 477083800, mesure 248 m\u00e8tres de longueur et 42 m\u00e8tres de large. Les cartes fournies ci-dessous d\u00e9taillent les informations pertinentes sur le voyage, notamment l&#039;emplacement actuel du navire, son prochain port d&#039;escale pr\u00e9vu, l&#039;heure d&#039;arriv\u00e9e estim\u00e9e (ETA), l&#039;heure d&#039;arriv\u00e9e pr\u00e9vue (PTA), la vitesse, le cap et le tirant d&#039;eau. Des ressources suppl\u00e9mentaires telles que des photos, des vid\u00e9os, l&#039;heure locale et l&#039;heure UTC sont \u00e9galement fournies.<\/p>\n<h2 class=\"pageTitle shipItemTitle\"><span style=\"color: #000000;\">MAERSK CHAMBAL Examen et sp\u00e9cifications<\/span><\/h2>\n<table>\n<tbody>\n<tr>\n<td style=\"width: 192px;\">\u00c9tat du pavillon<\/td>\n<td style=\"width: 192px;\">Hong Kong<\/td>\n<\/tr>\n<tr>\n<td style=\"width: 192px;\">Ann\u00e9e de construction<strong><br \/>\n<\/strong><\/td>\n<td style=\"width: 192px;\">2012<\/td>\n<\/tr>\n<tr>\n<td style=\"width: 192px;\">Type de navire<\/td>\n<td style=\"width: 192px;\">Porte-conteneurs<\/td>\n<\/tr>\n<tr>\n<td style=\"width: 192px;\">Signe d&#039;appel<\/td>\n<td style=\"width: 192px;\">VRJT5<\/td>\n<\/tr>\n<tr>\n<td style=\"width: 192px;\">Jauge brute<\/td>\n<td style=\"width: 192px;\">50714<\/td>\n<\/tr>\n<tr>\n<td style=\"width: 192px;\">Poids mort d&#039;\u00e9t\u00e9<\/td>\n<td style=\"width: 192px;\">61614<\/td>\n<\/tr>\n<tr>\n<td style=\"width: 192px;\">Longueur<\/td>\n<td style=\"width: 192px;\"><span class=\"specificationUnit\">248 m\u00e8tres<\/span><\/td>\n<\/tr>\n<tr>\n<td style=\"width: 192px;\">Faisceau<\/td>\n<td style=\"width: 192px;\"><span class=\"specificationUnit\">42 m<\/span><\/td>\n<\/tr>\n<tr>\n<td style=\"width: 192px;\">OMI<\/td>\n<td style=\"width: 192px;\">9525376<\/td>\n<\/tr>\n<tr>\n<td style=\"width: 192px;\">MMSI<\/td>\n<td style=\"width: 192px;\">477083800<\/td>\n<\/tr>\n<tr>\n<td style=\"width: 192px;\">Propri\u00e9taire<\/td>\n<td style=\"width: 192px;\"><a href=\"https:\/\/ship-tracker.org\/fr\/maersk\/\">Maersk<\/a><\/td>\n<\/tr>\n<\/tbody>\n<\/table>","protected":false},"excerpt":{"rendered":"<p>Current location and position of MAERSK CHAMBAL Where is the current location of MAERSK CHAMBAL presently? The MAERSK CHAMBAL, a cargo vessel registered under the flag of Hong Kong, is currently navigating the seas. The ship, bearing IMO number 9525376 and MMSI number 477083800, measures 248 meters in length and 42 meters in beam. The&hellip;&nbsp;<a href=\"https:\/\/ship-tracker.org\/fr\/maersk-chambal\/\" rel=\"bookmark\">En savoir plus &quot;<span class=\"screen-reader-text\">MAERSK CHAMBAL<\/span><\/a><\/p>","protected":false},"author":1,"featured_media":3637,"parent":0,"menu_order":0,"comment_status":"closed","ping_status":"closed","template":"","meta":{"neve_meta_sidebar":"","neve_meta_container":"","neve_meta_enable_content_width":"off","neve_meta_content_width":100,"neve_meta_title_alignment":"","neve_meta_author_avatar":"","neve_post_elements_order":"","neve_meta_disable_header":"","neve_meta_disable_footer":"","neve_meta_disable_title":"","neve_meta_reading_time":"","footnotes":""},"class_list":["post-3970","page","type-page","status-publish","has-post-thumbnail","hentry"],"yoast_head":"<!-- This site is optimized with the Yoast SEO plugin v26.9 - https:\/\/yoast.com\/product\/yoast-seo-wordpress\/ -->\n<title>MAERSK CHAMBAL\u2503Current location and position (cargo ship)<\/title>\n<meta name=\"description\" content=\"MAERSK CHAMBAL \u2693 Current location and position of MAERSK Vessel \u2713 Maersk container tracking \u2713 Live Ship Tracker \u2713 Container ship\" \/>\n<meta name=\"robots\" content=\"index, follow, max-snippet:-1, max-image-preview:large, max-video-preview:-1\" \/>\n<link rel=\"canonical\" href=\"https:\/\/ship-tracker.org\/fr\/maersk-chambal\/\" \/>\n<meta property=\"og:locale\" content=\"fr_FR\" \/>\n<meta property=\"og:type\" content=\"article\" \/>\n<meta property=\"og:title\" content=\"MAERSK CHAMBAL\u2503Current location and position (cargo ship)\" \/>\n<meta property=\"og:description\" content=\"MAERSK CHAMBAL \u2693 Current location and position of MAERSK Vessel \u2713 Maersk container tracking \u2713 Live Ship Tracker \u2713 Container ship\" \/>\n<meta property=\"og:url\" content=\"https:\/\/ship-tracker.org\/fr\/maersk-chambal\/\" \/>\n<meta property=\"og:site_name\" content=\"Ship-tracker.org\" \/>\n<meta property=\"og:image\" content=\"https:\/\/ship-tracker.org\/wp-content\/uploads\/2023\/06\/maersk-tanjong-g275700498_640.jpg\" \/>\n\t<meta property=\"og:image:width\" content=\"640\" \/>\n\t<meta property=\"og:image:height\" content=\"446\" \/>\n\t<meta property=\"og:image:type\" content=\"image\/jpeg\" \/>\n<meta name=\"twitter:card\" content=\"summary_large_image\" \/>\n<meta name=\"twitter:label1\" content=\"Dur\u00e9e de lecture estim\u00e9e\" \/>\n\t<meta name=\"twitter:data1\" content=\"1 minute\" \/>\n<script type=\"application\/ld+json\" class=\"yoast-schema-graph\">{\"@context\":\"https:\/\/schema.org\",\"@graph\":[{\"@type\":\"WebPage\",\"@id\":\"https:\/\/ship-tracker.org\/maersk-chambal\/\",\"url\":\"https:\/\/ship-tracker.org\/maersk-chambal\/\",\"name\":\"MAERSK CHAMBAL\u2503Current location and position (cargo ship)\",\"isPartOf\":{\"@id\":\"https:\/\/ship-tracker.org\/#website\"},\"primaryImageOfPage\":{\"@id\":\"https:\/\/ship-tracker.org\/maersk-chambal\/#primaryimage\"},\"image\":{\"@id\":\"https:\/\/ship-tracker.org\/maersk-chambal\/#primaryimage\"},\"thumbnailUrl\":\"https:\/\/ship-tracker.org\/wp-content\/uploads\/2023\/06\/maersk-tanjong-g275700498_640.jpg\",\"datePublished\":\"2023-06-21T15:46:43+00:00\",\"description\":\"MAERSK CHAMBAL \u2693 Current location and position of MAERSK Vessel \u2713 Maersk container tracking \u2713 Live Ship Tracker \u2713 Container ship\",\"breadcrumb\":{\"@id\":\"https:\/\/ship-tracker.org\/maersk-chambal\/#breadcrumb\"},\"inLanguage\":\"fr-FR\",\"potentialAction\":[{\"@type\":\"ReadAction\",\"target\":[\"https:\/\/ship-tracker.org\/maersk-chambal\/\"]}]},{\"@type\":\"ImageObject\",\"inLanguage\":\"fr-FR\",\"@id\":\"https:\/\/ship-tracker.org\/maersk-chambal\/#primaryimage\",\"url\":\"https:\/\/ship-tracker.org\/wp-content\/uploads\/2023\/06\/maersk-tanjong-g275700498_640.jpg\",\"contentUrl\":\"https:\/\/ship-tracker.org\/wp-content\/uploads\/2023\/06\/maersk-tanjong-g275700498_640.jpg\",\"width\":640,\"height\":446,\"caption\":\"MAERSK ABERDEEN\"},{\"@type\":\"BreadcrumbList\",\"@id\":\"https:\/\/ship-tracker.org\/maersk-chambal\/#breadcrumb\",\"itemListElement\":[{\"@type\":\"ListItem\",\"position\":1,\"name\":\"Startseite\",\"item\":\"https:\/\/ship-tracker.org\/\"},{\"@type\":\"ListItem\",\"position\":2,\"name\":\"MAERSK CHAMBAL\"}]},{\"@type\":\"WebSite\",\"@id\":\"https:\/\/ship-tracker.org\/#website\",\"url\":\"https:\/\/ship-tracker.org\/\",\"name\":\"Ship-tracker.org\",\"description\":\"\",\"potentialAction\":[{\"@type\":\"SearchAction\",\"target\":{\"@type\":\"EntryPoint\",\"urlTemplate\":\"https:\/\/ship-tracker.org\/?s={search_term_string}\"},\"query-input\":{\"@type\":\"PropertyValueSpecification\",\"valueRequired\":true,\"valueName\":\"search_term_string\"}}],\"inLanguage\":\"fr-FR\"}]}<\/script>\n<!-- \/ Yoast SEO plugin. -->","yoast_head_json":{"title":"MAERSK CHAMBAL\u2503Emplacement et position actuels (cargo)","description":"MAERSK CHAMBAL \u2693 Emplacement et position actuels du navire MAERSK \u2713 Suivi des conteneurs Maersk \u2713 Live Ship Tracker \u2713 Porte-conteneurs","robots":{"index":"index","follow":"follow","max-snippet":"max-snippet:-1","max-image-preview":"max-image-preview:large","max-video-preview":"max-video-preview:-1"},"canonical":"https:\/\/ship-tracker.org\/fr\/maersk-chambal\/","og_locale":"fr_FR","og_type":"article","og_title":"MAERSK CHAMBAL\u2503Current location and position (cargo ship)","og_description":"MAERSK CHAMBAL \u2693 Current location and position of MAERSK Vessel \u2713 Maersk container tracking \u2713 Live Ship Tracker \u2713 Container ship","og_url":"https:\/\/ship-tracker.org\/fr\/maersk-chambal\/","og_site_name":"Ship-tracker.org","og_image":[{"width":640,"height":446,"url":"https:\/\/ship-tracker.org\/wp-content\/uploads\/2023\/06\/maersk-tanjong-g275700498_640.jpg","type":"image\/jpeg"}],"twitter_card":"summary_large_image","twitter_misc":{"Dur\u00e9e de lecture estim\u00e9e":"1 minute"},"schema":{"@context":"https:\/\/schema.org","@graph":[{"@type":"WebPage","@id":"https:\/\/ship-tracker.org\/maersk-chambal\/","url":"https:\/\/ship-tracker.org\/maersk-chambal\/","name":"MAERSK CHAMBAL\u2503Emplacement et position actuels (cargo)","isPartOf":{"@id":"https:\/\/ship-tracker.org\/#website"},"primaryImageOfPage":{"@id":"https:\/\/ship-tracker.org\/maersk-chambal\/#primaryimage"},"image":{"@id":"https:\/\/ship-tracker.org\/maersk-chambal\/#primaryimage"},"thumbnailUrl":"https:\/\/ship-tracker.org\/wp-content\/uploads\/2023\/06\/maersk-tanjong-g275700498_640.jpg","datePublished":"2023-06-21T15:46:43+00:00","description":"MAERSK CHAMBAL \u2693 Emplacement et position actuels du navire MAERSK \u2713 Suivi des conteneurs Maersk \u2713 Live Ship Tracker \u2713 Porte-conteneurs","breadcrumb":{"@id":"https:\/\/ship-tracker.org\/maersk-chambal\/#breadcrumb"},"inLanguage":"fr-FR","potentialAction":[{"@type":"ReadAction","target":["https:\/\/ship-tracker.org\/maersk-chambal\/"]}]},{"@type":"ImageObject","inLanguage":"fr-FR","@id":"https:\/\/ship-tracker.org\/maersk-chambal\/#primaryimage","url":"https:\/\/ship-tracker.org\/wp-content\/uploads\/2023\/06\/maersk-tanjong-g275700498_640.jpg","contentUrl":"https:\/\/ship-tracker.org\/wp-content\/uploads\/2023\/06\/maersk-tanjong-g275700498_640.jpg","width":640,"height":446,"caption":"MAERSK ABERDEEN"},{"@type":"BreadcrumbList","@id":"https:\/\/ship-tracker.org\/maersk-chambal\/#breadcrumb","itemListElement":[{"@type":"ListItem","position":1,"name":"Startseite","item":"https:\/\/ship-tracker.org\/"},{"@type":"ListItem","position":2,"name":"MAERSK CHAMBAL"}]},{"@type":"WebSite","@id":"https:\/\/ship-tracker.org\/#website","url":"https:\/\/ship-tracker.org\/","name":"Ship-tracker.org","description":"","potentialAction":[{"@type":"SearchAction","target":{"@type":"EntryPoint","urlTemplate":"https:\/\/ship-tracker.org\/?s={search_term_string}"},"query-input":{"@type":"PropertyValueSpecification","valueRequired":true,"valueName":"search_term_string"}}],"inLanguage":"fr-FR"}]}},"_links":{"self":[{"href":"https:\/\/ship-tracker.org\/fr\/wp-json\/wp\/v2\/pages\/3970","targetHints":{"allow":["GET"]}}],"collection":[{"href":"https:\/\/ship-tracker.org\/fr\/wp-json\/wp\/v2\/pages"}],"about":[{"href":"https:\/\/ship-tracker.org\/fr\/wp-json\/wp\/v2\/types\/page"}],"author":[{"embeddable":true,"href":"https:\/\/ship-tracker.org\/fr\/wp-json\/wp\/v2\/users\/1"}],"replies":[{"embeddable":true,"href":"https:\/\/ship-tracker.org\/fr\/wp-json\/wp\/v2\/comments?post=3970"}],"version-history":[{"count":1,"href":"https:\/\/ship-tracker.org\/fr\/wp-json\/wp\/v2\/pages\/3970\/revisions"}],"predecessor-version":[{"id":3971,"href":"https:\/\/ship-tracker.org\/fr\/wp-json\/wp\/v2\/pages\/3970\/revisions\/3971"}],"wp:featuredmedia":[{"embeddable":true,"href":"https:\/\/ship-tracker.org\/fr\/wp-json\/wp\/v2\/media\/3637"}],"wp:attachment":[{"href":"https:\/\/ship-tracker.org\/fr\/wp-json\/wp\/v2\/media?parent=3970"}],"curies":[{"name":"wp","href":"https:\/\/api.w.org\/{rel}","templated":true}]}}