{"id":376,"date":"2017-09-16T19:47:17","date_gmt":"2017-09-16T17:47:17","guid":{"rendered":"http:\/\/ship-tracker.org\/?page_id=376"},"modified":"2020-02-14T12:10:26","modified_gmt":"2020-02-14T11:10:26","slug":"celebrity-xperience","status":"publish","type":"page","link":"https:\/\/ship-tracker.org\/fr\/celebrity-xperience\/","title":{"rendered":"Celebrity Xperience"},"content":{"rendered":"<p><script async src=\"https:\/\/pagead2.googlesyndication.com\/pagead\/js\/adsbygoogle.js\"><\/script><br \/>\n<!-- Ship-Tracker Display --><br \/>\n<ins class=\"adsbygoogle\" style=\"display: block;\" data-ad-client=\"ca-pub-1316785063791781\" data-ad-slot=\"8075999632\" data-ad-format=\"auto\" data-full-width-responsive=\"true\"><\/ins><br \/>\n<script>\n     (adsbygoogle = window.adsbygoogle || []).push({});\n<\/script><\/p>\n<h2><span style=\"color: #000000;\">Emplacement actuel et <\/span><span style=\"color: #000000;\">position de Celebrity Xperience<\/span><\/h2>\n<p>O\u00f9 est actuellement la position actuelle de Celebrity Xperience?<br \/>\n<script async src=\"https:\/\/pagead2.googlesyndication.com\/pagead\/js\/adsbygoogle.js\"><\/script><br \/>\n<!-- Schip-Tracker Linkanzeigen --><br \/>\n<ins class=\"adsbygoogle\" style=\"display: block;\" data-ad-client=\"ca-pub-1316785063791781\" data-ad-slot=\"3429004156\" data-ad-format=\"link\" data-full-width-responsive=\"true\"><\/ins><br \/>\n<script>\n     (adsbygoogle = window.adsbygoogle || []).push({});\n<\/script><br \/>\n<script type=\"text\/javascript\">\n  var width=\"1500\";\n  var height=\"500\";\n  var click_to_activate=false;\n  var default_maptype=2;\n  var imo=8112902;\n<\/script><br \/>\n<script type=\"text\/javascript\" src=\"https:\/\/www.vesselfinder.com\/aismap.js\">\n<\/script><br \/>\n<script async src=\"https:\/\/pagead2.googlesyndication.com\/pagead\/js\/adsbygoogle.js\"><\/script><br \/>\n<!-- Ship-Tracker Display --><br \/>\n<ins class=\"adsbygoogle\" style=\"display: block;\" data-ad-client=\"ca-pub-1316785063791781\" data-ad-slot=\"8075999632\" data-ad-format=\"auto\" data-full-width-responsive=\"true\"><\/ins><br \/>\n<script>\n     (adsbygoogle = window.adsbygoogle || []).push({});\n<\/script><\/p>\n<p>Voir l&#039;emplacement actuel de Celebrity Xperience.La position de Celebrity Xperience peut \u00eatre d\u00e9termin\u00e9e avec pr\u00e9cision par les cartes de VesselFinder et de MarineTraffic. Vous \u00eates donc toujours bien inform\u00e9 de l&#039;endroit o\u00f9 se trouve actuellement votre navire pr\u00e9f\u00e9r\u00e9.<\/p>\n<h2 class=\"title\"><span style=\"color: #000000;\">Critique et sp\u00e9cifications de Celebrity Xperience<\/span><\/h2>\n<table style=\"height: 294px;\" width=\"400\">\n<tbody>\n<tr>\n<td style=\"width: 192px;\"><span style=\"color: #000000;\"><strong>\u00c9tat du pavillon<\/strong><\/span><\/td>\n<td style=\"width: 192px;\"><span style=\"color: #000000;\">\u00c9quateur<\/span><\/td>\n<\/tr>\n<tr>\n<td style=\"width: 192px;\"><span style=\"color: #000000;\"><strong>Ann\u00e9e de construction<\/strong><\/span><\/td>\n<td style=\"width: 192px;\"><span style=\"color: #000000;\">2002<\/span><\/td>\n<\/tr>\n<tr>\n<td style=\"width: 192px;\"><span style=\"color: #000000;\"><strong>Constructeur<\/strong><\/span><\/td>\n<td style=\"width: 192px;\"><span style=\"color: #000000;\">Grupo Astilleros Construcciones\u00a0<\/span><\/td>\n<\/tr>\n<tr>\n<td style=\"width: 192px;\"><span style=\"color: #000000;\"><strong>Longueur<\/strong><\/span><\/td>\n<td style=\"width: 192px;\"><span style=\"color: #000000;\">64<span class=\"specificationUnit\">\u00a0m<\/span><\/span><\/td>\n<\/tr>\n<tr>\n<td style=\"width: 192px;\"><span style=\"color: #000000;\"><strong>Faisceau<\/strong><\/span><\/td>\n<td style=\"width: 192px;\"><span style=\"color: #000000;\">13<span class=\"specificationUnit\">\u00a0m<\/span><\/span><\/td>\n<\/tr>\n<tr>\n<td style=\"width: 192px;\"><span style=\"color: #000000;\"><strong>Jauge brute<\/strong><\/span><\/td>\n<td style=\"width: 192px;\"><span style=\"color: #000000;\">1610<span class=\"specificationUnit\">\u00a0gt<\/span><\/span><\/td>\n<\/tr>\n<tr>\n<td style=\"width: 192px;\"><span style=\"color: #000000;\"><strong>Les passagers<\/strong><\/span><\/td>\n<td style=\"width: 192px;\"><span style=\"color: #000000;\">52<\/span><\/td>\n<\/tr>\n<tr>\n<td style=\"width: 192px;\"><span style=\"color: #000000;\"><strong>\u00c9quipage<\/strong><\/span><\/td>\n<td style=\"width: 192px;\"><span style=\"color: #000000;\">34<\/span><\/td>\n<\/tr>\n<tr>\n<td style=\"width: 192px;\"><span style=\"color: #000000;\"><strong>Decks<\/strong>\u00a0<\/span><\/td>\n<td style=\"width: 192px;\"><span style=\"color: #000000;\">4<\/span><\/td>\n<\/tr>\n<tr>\n<td style=\"width: 192px;\"><span style=\"color: #000000;\"><strong>La vitesse<\/strong><\/span><\/td>\n<td style=\"width: 192px;\"><span style=\"color: #000000;\">11<span class=\"specificationUnit\">\u00a0kn<\/span><\/span><\/td>\n<\/tr>\n<tr>\n<td style=\"width: 192px;\"><span style=\"color: #000000;\"><strong><b>Le port d&#039;enregistrement<\/b><\/strong><\/span><\/td>\n<td style=\"width: 192px;\"><span style=\"color: #000000;\">Guayaquil<\/span><\/td>\n<\/tr>\n<tr>\n<td style=\"width: 192px;\"><span style=\"color: #000000;\"><strong><b>Propulsion<\/b><\/strong><\/span><\/td>\n<td style=\"width: 192px;\"><span style=\"color: #000000;\">Diesel \u2013 \u00e9lectrique<\/span><\/td>\n<\/tr>\n<tr>\n<td style=\"width: 192px;\"><span style=\"color: #000000;\"><strong><b>Propri\u00e9taire<\/b><\/strong><\/span><\/td>\n<td style=\"width: 192px;\"><a href=\"https:\/\/www.royalcaribbean.com\/\" target=\"_blank\" rel=\"noopener noreferrer\">Croisi\u00e8res Royal Caribbean<\/a><\/td>\n<\/tr>\n<\/tbody>\n<\/table>\n<p><img loading=\"lazy\" decoding=\"async\" class=\"aligncenter wp-image-382 size-full\" src=\"https:\/\/ship-tracker.org\/wp-content\/uploads\/2017\/09\/cruise-1419799_640.jpg\" alt=\"Celebrity Xperience\" width=\"640\" height=\"283\" srcset=\"https:\/\/ship-tracker.org\/wp-content\/uploads\/2017\/09\/cruise-1419799_640.jpg 640w, https:\/\/ship-tracker.org\/wp-content\/uploads\/2017\/09\/cruise-1419799_640-300x133.jpg 300w\" sizes=\"auto, (max-width: 640px) 100vw, 640px\" \/><\/p>\n<h3 class=\"title\">Flotte Celebrity Cruises<\/h3>\n<ul>\n<li><a href=\"https:\/\/ship-tracker.org\/fr\/celebrity-beyond\/\">Celebrity Beyond<\/a><\/li>\n<li><a href=\"https:\/\/ship-tracker.org\/fr\/celebrity-apex\/\">Celebrity Apex<\/a><\/li>\n<li><a href=\"https:\/\/ship-tracker.org\/fr\/celebrity-flora\/\">Celebrity Flora<\/a><\/li>\n<li><a href=\"https:\/\/ship-tracker.org\/fr\/celebrity-edge\/\">Celebrity Edge<\/a><\/li>\n<li><a href=\"https:\/\/ship-tracker.org\/fr\/celebrity-reflection\/\">Celebrity Reflection<\/a><\/li>\n<li><a href=\"https:\/\/ship-tracker.org\/fr\/celebrity-silhouette\/\">Celebrity Silhouette<\/a><\/li>\n<li><a href=\"https:\/\/ship-tracker.org\/fr\/celebrity-eclipse\/\">Celebrity Eclipse<\/a><\/li>\n<li><a href=\"https:\/\/ship-tracker.org\/fr\/celebrity-equinox\/\">Celebrity Equinox<\/a><\/li>\n<li><a href=\"https:\/\/ship-tracker.org\/fr\/celebrity-solstice\/\">Celebrity Solstice<\/a><\/li>\n<li><a href=\"https:\/\/ship-tracker.org\/fr\/celebrity-xploration\/\">Celebrity Xploration<\/a><\/li>\n<li><a href=\"https:\/\/ship-tracker.org\/fr\/celebrity-constellation\/\">Celebrity Constellation<\/a><\/li>\n<li><a href=\"https:\/\/ship-tracker.org\/fr\/celebrity-infinity\/\">Celebrity Infinity<\/a><\/li>\n<li><a href=\"https:\/\/ship-tracker.org\/fr\/celebrity-summit\/\">Celebrity Summit<\/a><\/li>\n<li><a href=\"https:\/\/ship-tracker.org\/fr\/celebrity-xpedition\/\">Celebrity Xpedition<\/a><\/li>\n<li><a href=\"https:\/\/ship-tracker.org\/fr\/celebrity-millennium\/\">Celebrity Millennium<\/a><\/li>\n<\/ul>\n<p><script async src=\"https:\/\/pagead2.googlesyndication.com\/pagead\/js\/adsbygoogle.js\"><\/script><br \/>\n<!-- Schip-Tracker Linkanzeigen --><br \/>\n<ins class=\"adsbygoogle\" style=\"display: block;\" data-ad-client=\"ca-pub-1316785063791781\" data-ad-slot=\"3429004156\" data-ad-format=\"link\" data-full-width-responsive=\"true\"><\/ins><br \/>\n<script>\n     (adsbygoogle = window.adsbygoogle || []).push({});\n<\/script><\/p>\n<h4><span style=\"color: #000000;\">Vid\u00e9o Celebrity Xperience<\/span><\/h4>\n<div class=\"su-youtube su-u-responsive-media-yes\"><iframe loading=\"lazy\" width=\"600\" height=\"400\" src=\"https:\/\/www.youtube.com\/embed\/Ic0sPZGwSYk?\" frameborder=\"0\" allowfullscreen allow=\"autoplay; encrypted-media; picture-in-picture\" title=\"\"><\/iframe><\/div>\n<div id=\"gtx-trans\" style=\"position: absolute; left: 30px; top: 1596.78px;\">\n<div class=\"gtx-trans-icon\"><\/div>\n<\/div>","protected":false},"excerpt":{"rendered":"<p>Position actuelle du Celebrity Xperience. O\u00f9 se trouve actuellement le Celebrity Xperience\u00a0? Consultez la position actuelle du Celebrity Xperience. La position du Celebrity Xperience peut \u00eatre d\u00e9termin\u00e9e avec pr\u00e9cision gr\u00e2ce aux cartes de VesselFinder et MarineTraffic. Vous savez ainsi toujours o\u00f9 se trouve votre navire pr\u00e9f\u00e9r\u00e9. Test et sp\u00e9cifications du Celebrity Xperience. \u00c9tat du pavillon\u2026&nbsp;<a href=\"https:\/\/ship-tracker.org\/fr\/celebrity-xperience\/\" rel=\"bookmark\">En savoir plus &quot;<span class=\"screen-reader-text\">Celebrity Xperience<\/span><\/a><\/p>","protected":false},"author":1,"featured_media":0,"parent":0,"menu_order":0,"comment_status":"closed","ping_status":"closed","template":"","meta":{"neve_meta_sidebar":"","neve_meta_container":"","neve_meta_enable_content_width":"","neve_meta_content_width":0,"neve_meta_title_alignment":"","neve_meta_author_avatar":"","neve_post_elements_order":"","neve_meta_disable_header":"","neve_meta_disable_footer":"","neve_meta_disable_title":"","neve_meta_reading_time":"","footnotes":""},"class_list":["post-376","page","type-page","status-publish","hentry"],"yoast_head":"<!-- This site is optimized with the Yoast SEO plugin v27.4 - https:\/\/yoast.com\/product\/yoast-seo-wordpress\/ -->\n<title>Celebrity Xperience \u2503Current location and position of Celebrity Cruises<\/title>\n<meta name=\"description\" content=\"ll\u2b50\u27a4 Celebrity Xperience \u2693 \u2705 Current location and position of Celebrity Xperience \u2705 Cruise Ship Tracker \u2705 Live Ship Tracker \u250326. avril 2026 \u2503\" \/>\n<meta name=\"robots\" content=\"index, follow, max-snippet:-1, max-image-preview:large, max-video-preview:-1\" \/>\n<link rel=\"canonical\" href=\"https:\/\/ship-tracker.org\/fr\/celebrity-xperience\/\" \/>\n<meta property=\"og:locale\" content=\"fr_FR\" \/>\n<meta property=\"og:type\" content=\"article\" \/>\n<meta property=\"og:title\" content=\"Celebrity Xperience \u2503Current location and position of Celebrity Cruises\" \/>\n<meta property=\"og:description\" content=\"ll\u2b50\u27a4 Celebrity Xperience \u2693 \u2705 Current location and position of Celebrity Xperience \u2705 Cruise Ship Tracker \u2705 Live Ship Tracker \u250326. avril 2026 \u2503\" \/>\n<meta property=\"og:url\" content=\"https:\/\/ship-tracker.org\/fr\/celebrity-xperience\/\" \/>\n<meta property=\"og:site_name\" content=\"Ship-tracker.org\" \/>\n<meta property=\"article:modified_time\" content=\"2020-02-14T11:10:26+00:00\" \/>\n<meta property=\"og:image\" content=\"https:\/\/ship-tracker.org\/wp-content\/uploads\/2017\/09\/cruise-1419799_640.jpg\" \/>\n<meta name=\"twitter:card\" content=\"summary_large_image\" \/>\n<meta name=\"twitter:label1\" content=\"Dur\u00e9e de lecture estim\u00e9e\" \/>\n\t<meta name=\"twitter:data1\" content=\"1 minute\" \/>\n<script type=\"application\/ld+json\" class=\"yoast-schema-graph\">{\"@context\":\"https:\\\/\\\/schema.org\",\"@graph\":[{\"@type\":\"WebPage\",\"@id\":\"https:\\\/\\\/ship-tracker.org\\\/celebrity-xperience\\\/\",\"url\":\"https:\\\/\\\/ship-tracker.org\\\/celebrity-xperience\\\/\",\"name\":\"Celebrity Xperience \u2503Current location and position of Celebrity Cruises\",\"isPartOf\":{\"@id\":\"https:\\\/\\\/ship-tracker.org\\\/#website\"},\"primaryImageOfPage\":{\"@id\":\"https:\\\/\\\/ship-tracker.org\\\/celebrity-xperience\\\/#primaryimage\"},\"image\":{\"@id\":\"https:\\\/\\\/ship-tracker.org\\\/celebrity-xperience\\\/#primaryimage\"},\"thumbnailUrl\":\"https:\\\/\\\/ship-tracker.org\\\/wp-content\\\/uploads\\\/2017\\\/09\\\/cruise-1419799_640.jpg\",\"datePublished\":\"2017-09-16T17:47:17+00:00\",\"dateModified\":\"2020-02-14T11:10:26+00:00\",\"description\":\"ll\u2b50\u27a4 Celebrity Xperience \u2693 \u2705 Current location and position of Celebrity Xperience \u2705 Cruise Ship Tracker \u2705 Live Ship Tracker \u250326. avril 2026 \u2503\",\"breadcrumb\":{\"@id\":\"https:\\\/\\\/ship-tracker.org\\\/celebrity-xperience\\\/#breadcrumb\"},\"inLanguage\":\"fr-FR\",\"potentialAction\":[{\"@type\":\"ReadAction\",\"target\":[\"https:\\\/\\\/ship-tracker.org\\\/celebrity-xperience\\\/\"]}]},{\"@type\":\"ImageObject\",\"inLanguage\":\"fr-FR\",\"@id\":\"https:\\\/\\\/ship-tracker.org\\\/celebrity-xperience\\\/#primaryimage\",\"url\":\"https:\\\/\\\/ship-tracker.org\\\/wp-content\\\/uploads\\\/2017\\\/09\\\/cruise-1419799_640.jpg\",\"contentUrl\":\"https:\\\/\\\/ship-tracker.org\\\/wp-content\\\/uploads\\\/2017\\\/09\\\/cruise-1419799_640.jpg\"},{\"@type\":\"BreadcrumbList\",\"@id\":\"https:\\\/\\\/ship-tracker.org\\\/celebrity-xperience\\\/#breadcrumb\",\"itemListElement\":[{\"@type\":\"ListItem\",\"position\":1,\"name\":\"Startseite\",\"item\":\"https:\\\/\\\/ship-tracker.org\\\/\"},{\"@type\":\"ListItem\",\"position\":2,\"name\":\"Celebrity Xperience\"}]},{\"@type\":\"WebSite\",\"@id\":\"https:\\\/\\\/ship-tracker.org\\\/#website\",\"url\":\"https:\\\/\\\/ship-tracker.org\\\/\",\"name\":\"Ship-tracker.org\",\"description\":\"\",\"potentialAction\":[{\"@type\":\"SearchAction\",\"target\":{\"@type\":\"EntryPoint\",\"urlTemplate\":\"https:\\\/\\\/ship-tracker.org\\\/?s={search_term_string}\"},\"query-input\":{\"@type\":\"PropertyValueSpecification\",\"valueRequired\":true,\"valueName\":\"search_term_string\"}}],\"inLanguage\":\"fr-FR\"}]}<\/script>\n<!-- \/ Yoast SEO plugin. -->","yoast_head_json":{"title":"Celebrity Xperience locationEmplacement et position actuels de Celebrity Cruises","description":"ll\u2b50\u27a4 Celebrity Xperience \u2693 \u2705 Current location and position of Celebrity Xperience \u2705 Cruise Ship Tracker \u2705 Live Ship Tracker \u250326. avril 2026 \u2503","robots":{"index":"index","follow":"follow","max-snippet":"max-snippet:-1","max-image-preview":"max-image-preview:large","max-video-preview":"max-video-preview:-1"},"canonical":"https:\/\/ship-tracker.org\/fr\/celebrity-xperience\/","og_locale":"fr_FR","og_type":"article","og_title":"Celebrity Xperience \u2503Current location and position of Celebrity Cruises","og_description":"ll\u2b50\u27a4 Celebrity Xperience \u2693 \u2705 Current location and position of Celebrity Xperience \u2705 Cruise Ship Tracker \u2705 Live Ship Tracker \u250326. avril 2026 \u2503","og_url":"https:\/\/ship-tracker.org\/fr\/celebrity-xperience\/","og_site_name":"Ship-tracker.org","article_modified_time":"2020-02-14T11:10:26+00:00","og_image":[{"url":"https:\/\/ship-tracker.org\/wp-content\/uploads\/2017\/09\/cruise-1419799_640.jpg","type":"","width":"","height":""}],"twitter_card":"summary_large_image","twitter_misc":{"Dur\u00e9e de lecture estim\u00e9e":"1 minute"},"schema":{"@context":"https:\/\/schema.org","@graph":[{"@type":"WebPage","@id":"https:\/\/ship-tracker.org\/celebrity-xperience\/","url":"https:\/\/ship-tracker.org\/celebrity-xperience\/","name":"Celebrity Xperience locationEmplacement et position actuels de Celebrity Cruises","isPartOf":{"@id":"https:\/\/ship-tracker.org\/#website"},"primaryImageOfPage":{"@id":"https:\/\/ship-tracker.org\/celebrity-xperience\/#primaryimage"},"image":{"@id":"https:\/\/ship-tracker.org\/celebrity-xperience\/#primaryimage"},"thumbnailUrl":"https:\/\/ship-tracker.org\/wp-content\/uploads\/2017\/09\/cruise-1419799_640.jpg","datePublished":"2017-09-16T17:47:17+00:00","dateModified":"2020-02-14T11:10:26+00:00","description":"ll\u2b50\u27a4 Celebrity Xperience \u2693 \u2705 Current location and position of Celebrity Xperience \u2705 Cruise Ship Tracker \u2705 Live Ship Tracker \u250326. avril 2026 \u2503","breadcrumb":{"@id":"https:\/\/ship-tracker.org\/celebrity-xperience\/#breadcrumb"},"inLanguage":"fr-FR","potentialAction":[{"@type":"ReadAction","target":["https:\/\/ship-tracker.org\/celebrity-xperience\/"]}]},{"@type":"ImageObject","inLanguage":"fr-FR","@id":"https:\/\/ship-tracker.org\/celebrity-xperience\/#primaryimage","url":"https:\/\/ship-tracker.org\/wp-content\/uploads\/2017\/09\/cruise-1419799_640.jpg","contentUrl":"https:\/\/ship-tracker.org\/wp-content\/uploads\/2017\/09\/cruise-1419799_640.jpg"},{"@type":"BreadcrumbList","@id":"https:\/\/ship-tracker.org\/celebrity-xperience\/#breadcrumb","itemListElement":[{"@type":"ListItem","position":1,"name":"Startseite","item":"https:\/\/ship-tracker.org\/"},{"@type":"ListItem","position":2,"name":"Celebrity Xperience"}]},{"@type":"WebSite","@id":"https:\/\/ship-tracker.org\/#website","url":"https:\/\/ship-tracker.org\/","name":"Ship-tracker.org","description":"","potentialAction":[{"@type":"SearchAction","target":{"@type":"EntryPoint","urlTemplate":"https:\/\/ship-tracker.org\/?s={search_term_string}"},"query-input":{"@type":"PropertyValueSpecification","valueRequired":true,"valueName":"search_term_string"}}],"inLanguage":"fr-FR"}]}},"_links":{"self":[{"href":"https:\/\/ship-tracker.org\/fr\/wp-json\/wp\/v2\/pages\/376","targetHints":{"allow":["GET"]}}],"collection":[{"href":"https:\/\/ship-tracker.org\/fr\/wp-json\/wp\/v2\/pages"}],"about":[{"href":"https:\/\/ship-tracker.org\/fr\/wp-json\/wp\/v2\/types\/page"}],"author":[{"embeddable":true,"href":"https:\/\/ship-tracker.org\/fr\/wp-json\/wp\/v2\/users\/1"}],"replies":[{"embeddable":true,"href":"https:\/\/ship-tracker.org\/fr\/wp-json\/wp\/v2\/comments?post=376"}],"version-history":[{"count":6,"href":"https:\/\/ship-tracker.org\/fr\/wp-json\/wp\/v2\/pages\/376\/revisions"}],"predecessor-version":[{"id":1718,"href":"https:\/\/ship-tracker.org\/fr\/wp-json\/wp\/v2\/pages\/376\/revisions\/1718"}],"wp:attachment":[{"href":"https:\/\/ship-tracker.org\/fr\/wp-json\/wp\/v2\/media?parent=376"}],"curies":[{"name":"wp","href":"https:\/\/api.w.org\/{rel}","templated":true}]}}