{"id":3604,"date":"2023-06-14T15:31:49","date_gmt":"2023-06-14T13:31:49","guid":{"rendered":"https:\/\/ship-tracker.org\/?page_id=3604"},"modified":"2023-06-14T15:31:49","modified_gmt":"2023-06-14T13:31:49","slug":"nato-military-ship-tracker","status":"publish","type":"page","link":"https:\/\/ship-tracker.org\/fr\/nato-military-ship-tracker\/","title":{"rendered":"Suivi des navires militaires de l&#039;OTAN"},"content":{"rendered":"<p>Suivez tous les navires de guerre de l&#039;OTAN dans le monde entier avec notre traqueur de navires militaires 24h\/24 et 7j\/7 en temps r\u00e9el\u00a0! Obtenez diverses informations suppl\u00e9mentaires en cliquant sur une ic\u00f4ne de navire sur la carte. Voir o\u00f9 sont les navires de la Marine actuellement.<\/p>\n<h2>Carte en temps r\u00e9el des navires de guerre de l&#039;OTAN<\/h2>\n<p><iframe loading=\"lazy\" id=\"vesselfinder\" src=\"https:\/\/www.vesselfinder.com\/aismap?zoom=undefined&amp;lat=41&amp;lon=-96&amp;width=100%25&amp;height=746&amp;names=true&amp;track=false&amp;fleet=fdabe0b3082dcb0991cd855905433d79&amp;fleet_name=NATO%20WARSHIPS&amp;fleet_timespan=1440&amp;fleet_hide_old_positions=false&amp;clicktoact=false&amp;store_pos=true&amp;ra=https%3A%2F%2Fwww.marinevesseltraffic.com%2FNATO-navy-ships\" name=\"vesselfinder\" width=\"100%\" height=\"746\" frameborder=\"0\" data-dashlane-frameid=\"516\">Le navigateur ne prend pas en charge les objets int\u00e9gr\u00e9s.<br \/>\nVisitez directement <a href=\"https:\/\/www.vesselfinder.com\" target=\"_blank\" rel=\"noopener\">www.vesselfinder.com<\/a><\/iframe><\/p>\n<p><a href=\"https:\/\/ship-tracker.org\/fr\/military-ship-tracker\/\">Suivi des navires militaires<\/a> joue un r\u00f4le essentiel dans les op\u00e9rations strat\u00e9giques des marines du monde entier. Il permet aux marines de surveiller les positions de leurs navires, d&#039;am\u00e9liorer l&#039;efficacit\u00e9 op\u00e9rationnelle et d&#039;assurer la s\u00e9curit\u00e9 maritime.<\/p>\n<p>Le suivi des navires militaires est une n\u00e9cessit\u00e9 strat\u00e9gique qui contribue de mani\u00e8re significative \u00e0 l&#039;efficacit\u00e9 op\u00e9rationnelle, \u00e0 la s\u00fbret\u00e9 et \u00e0 la s\u00e9curit\u00e9 d&#039;une marine. Au fur et \u00e0 mesure que les progr\u00e8s technologiques se poursuivent, les syst\u00e8mes de suivi deviendront encore plus pr\u00e9cis, fiables et s\u00e9curis\u00e9s, renfor\u00e7ant encore leur valeur strat\u00e9gique dans les op\u00e9rations maritimes.<\/p>","protected":false},"excerpt":{"rendered":"<p>Suivez tous les navires de guerre de l&#039;OTAN dans le monde entier avec notre outil de suivi des navires militaires 24h\/24 et 7j\/7 en temps r\u00e9el ! Obtenez diverses informations suppl\u00e9mentaires en cliquant sur une ic\u00f4ne de navire sur la carte. D\u00e9couvrez o\u00f9 se trouvent actuellement les navires de la Marine. Le navigateur de cartes Live Map de NATO Warships ne prend pas en charge les objets int\u00e9gr\u00e9s. Visitez directement www.vesselfinder.com Le suivi des navires militaires joue un r\u00f4le essentiel dans\u2026&nbsp;<a href=\"https:\/\/ship-tracker.org\/fr\/nato-military-ship-tracker\/\" rel=\"bookmark\">En savoir plus &quot;<span class=\"screen-reader-text\">Suivi des navires militaires de l&#039;OTAN<\/span><\/a><\/p>","protected":false},"author":1,"featured_media":3605,"parent":0,"menu_order":0,"comment_status":"closed","ping_status":"closed","template":"","meta":{"neve_meta_sidebar":"","neve_meta_container":"","neve_meta_enable_content_width":"","neve_meta_content_width":0,"neve_meta_title_alignment":"","neve_meta_author_avatar":"","neve_post_elements_order":"","neve_meta_disable_header":"","neve_meta_disable_footer":"","neve_meta_disable_title":"","neve_meta_reading_time":"","footnotes":""},"class_list":["post-3604","page","type-page","status-publish","has-post-thumbnail","hentry"],"yoast_head":"<!-- This site is optimized with the Yoast SEO plugin v27.4 - https:\/\/yoast.com\/product\/yoast-seo-wordpress\/ -->\n<title>NATO Military Ship Tracker - Ship-tracker.org<\/title>\n<meta name=\"description\" content=\"NATO Military Ship Tracker \u2693 Current position of All NATO warships \u2713 Live Ship Tracker \u2713 IMO, MMSI and Specifications \u2713 Live Map by country\" \/>\n<meta name=\"robots\" content=\"index, follow, max-snippet:-1, max-image-preview:large, max-video-preview:-1\" \/>\n<link rel=\"canonical\" href=\"https:\/\/ship-tracker.org\/fr\/nato-military-ship-tracker\/\" \/>\n<meta property=\"og:locale\" content=\"fr_FR\" \/>\n<meta property=\"og:type\" content=\"article\" \/>\n<meta property=\"og:title\" content=\"NATO Military Ship Tracker - Ship-tracker.org\" \/>\n<meta property=\"og:description\" content=\"NATO Military Ship Tracker \u2693 Current position of All NATO warships \u2713 Live Ship Tracker \u2713 IMO, MMSI and Specifications \u2713 Live Map by country\" \/>\n<meta property=\"og:url\" content=\"https:\/\/ship-tracker.org\/fr\/nato-military-ship-tracker\/\" \/>\n<meta property=\"og:site_name\" content=\"Ship-tracker.org\" \/>\n<meta property=\"og:image\" content=\"https:\/\/ship-tracker.org\/wp-content\/uploads\/2023\/06\/warship-g95e5a46c7_640.jpg\" \/>\n\t<meta property=\"og:image:width\" content=\"640\" \/>\n\t<meta property=\"og:image:height\" content=\"427\" \/>\n\t<meta property=\"og:image:type\" content=\"image\/jpeg\" \/>\n<meta name=\"twitter:card\" content=\"summary_large_image\" \/>\n<meta name=\"twitter:label1\" content=\"Dur\u00e9e de lecture estim\u00e9e\" \/>\n\t<meta name=\"twitter:data1\" content=\"1 minute\" \/>\n<script type=\"application\/ld+json\" class=\"yoast-schema-graph\">{\"@context\":\"https:\\\/\\\/schema.org\",\"@graph\":[{\"@type\":\"WebPage\",\"@id\":\"https:\\\/\\\/ship-tracker.org\\\/nato-military-ship-tracker\\\/\",\"url\":\"https:\\\/\\\/ship-tracker.org\\\/nato-military-ship-tracker\\\/\",\"name\":\"NATO Military Ship Tracker - Ship-tracker.org\",\"isPartOf\":{\"@id\":\"https:\\\/\\\/ship-tracker.org\\\/#website\"},\"primaryImageOfPage\":{\"@id\":\"https:\\\/\\\/ship-tracker.org\\\/nato-military-ship-tracker\\\/#primaryimage\"},\"image\":{\"@id\":\"https:\\\/\\\/ship-tracker.org\\\/nato-military-ship-tracker\\\/#primaryimage\"},\"thumbnailUrl\":\"https:\\\/\\\/ship-tracker.org\\\/wp-content\\\/uploads\\\/2023\\\/06\\\/warship-g95e5a46c7_640.jpg\",\"datePublished\":\"2023-06-14T13:31:49+00:00\",\"description\":\"NATO Military Ship Tracker \u2693 Current position of All NATO warships \u2713 Live Ship Tracker \u2713 IMO, MMSI and Specifications \u2713 Live Map by country\",\"breadcrumb\":{\"@id\":\"https:\\\/\\\/ship-tracker.org\\\/nato-military-ship-tracker\\\/#breadcrumb\"},\"inLanguage\":\"fr-FR\",\"potentialAction\":[{\"@type\":\"ReadAction\",\"target\":[\"https:\\\/\\\/ship-tracker.org\\\/nato-military-ship-tracker\\\/\"]}]},{\"@type\":\"ImageObject\",\"inLanguage\":\"fr-FR\",\"@id\":\"https:\\\/\\\/ship-tracker.org\\\/nato-military-ship-tracker\\\/#primaryimage\",\"url\":\"https:\\\/\\\/ship-tracker.org\\\/wp-content\\\/uploads\\\/2023\\\/06\\\/warship-g95e5a46c7_640.jpg\",\"contentUrl\":\"https:\\\/\\\/ship-tracker.org\\\/wp-content\\\/uploads\\\/2023\\\/06\\\/warship-g95e5a46c7_640.jpg\",\"width\":640,\"height\":427,\"caption\":\"NATO Military Ship Tracker\"},{\"@type\":\"BreadcrumbList\",\"@id\":\"https:\\\/\\\/ship-tracker.org\\\/nato-military-ship-tracker\\\/#breadcrumb\",\"itemListElement\":[{\"@type\":\"ListItem\",\"position\":1,\"name\":\"Startseite\",\"item\":\"https:\\\/\\\/ship-tracker.org\\\/\"},{\"@type\":\"ListItem\",\"position\":2,\"name\":\"NATO Military Ship Tracker\"}]},{\"@type\":\"WebSite\",\"@id\":\"https:\\\/\\\/ship-tracker.org\\\/#website\",\"url\":\"https:\\\/\\\/ship-tracker.org\\\/\",\"name\":\"Ship-tracker.org\",\"description\":\"\",\"potentialAction\":[{\"@type\":\"SearchAction\",\"target\":{\"@type\":\"EntryPoint\",\"urlTemplate\":\"https:\\\/\\\/ship-tracker.org\\\/?s={search_term_string}\"},\"query-input\":{\"@type\":\"PropertyValueSpecification\",\"valueRequired\":true,\"valueName\":\"search_term_string\"}}],\"inLanguage\":\"fr-FR\"}]}<\/script>\n<!-- \/ Yoast SEO plugin. -->","yoast_head_json":{"title":"Suivi des navires militaires de l&#039;OTAN - Ship-tracker.org","description":"Suivi des navires militaires de l&#039;OTAN \u2693 Position actuelle de tous les navires de guerre de l&#039;OTAN \u2713 Suivi des navires en direct \u2713 IMO, MMSI et sp\u00e9cifications \u2713 Carte en direct par pays","robots":{"index":"index","follow":"follow","max-snippet":"max-snippet:-1","max-image-preview":"max-image-preview:large","max-video-preview":"max-video-preview:-1"},"canonical":"https:\/\/ship-tracker.org\/fr\/nato-military-ship-tracker\/","og_locale":"fr_FR","og_type":"article","og_title":"NATO Military Ship Tracker - Ship-tracker.org","og_description":"NATO Military Ship Tracker \u2693 Current position of All NATO warships \u2713 Live Ship Tracker \u2713 IMO, MMSI and Specifications \u2713 Live Map by country","og_url":"https:\/\/ship-tracker.org\/fr\/nato-military-ship-tracker\/","og_site_name":"Ship-tracker.org","og_image":[{"width":640,"height":427,"url":"https:\/\/ship-tracker.org\/wp-content\/uploads\/2023\/06\/warship-g95e5a46c7_640.jpg","type":"image\/jpeg"}],"twitter_card":"summary_large_image","twitter_misc":{"Dur\u00e9e de lecture estim\u00e9e":"1 minute"},"schema":{"@context":"https:\/\/schema.org","@graph":[{"@type":"WebPage","@id":"https:\/\/ship-tracker.org\/nato-military-ship-tracker\/","url":"https:\/\/ship-tracker.org\/nato-military-ship-tracker\/","name":"Suivi des navires militaires de l&#039;OTAN - Ship-tracker.org","isPartOf":{"@id":"https:\/\/ship-tracker.org\/#website"},"primaryImageOfPage":{"@id":"https:\/\/ship-tracker.org\/nato-military-ship-tracker\/#primaryimage"},"image":{"@id":"https:\/\/ship-tracker.org\/nato-military-ship-tracker\/#primaryimage"},"thumbnailUrl":"https:\/\/ship-tracker.org\/wp-content\/uploads\/2023\/06\/warship-g95e5a46c7_640.jpg","datePublished":"2023-06-14T13:31:49+00:00","description":"Suivi des navires militaires de l&#039;OTAN \u2693 Position actuelle de tous les navires de guerre de l&#039;OTAN \u2713 Suivi des navires en direct \u2713 IMO, MMSI et sp\u00e9cifications \u2713 Carte en direct par pays","breadcrumb":{"@id":"https:\/\/ship-tracker.org\/nato-military-ship-tracker\/#breadcrumb"},"inLanguage":"fr-FR","potentialAction":[{"@type":"ReadAction","target":["https:\/\/ship-tracker.org\/nato-military-ship-tracker\/"]}]},{"@type":"ImageObject","inLanguage":"fr-FR","@id":"https:\/\/ship-tracker.org\/nato-military-ship-tracker\/#primaryimage","url":"https:\/\/ship-tracker.org\/wp-content\/uploads\/2023\/06\/warship-g95e5a46c7_640.jpg","contentUrl":"https:\/\/ship-tracker.org\/wp-content\/uploads\/2023\/06\/warship-g95e5a46c7_640.jpg","width":640,"height":427,"caption":"NATO Military Ship Tracker"},{"@type":"BreadcrumbList","@id":"https:\/\/ship-tracker.org\/nato-military-ship-tracker\/#breadcrumb","itemListElement":[{"@type":"ListItem","position":1,"name":"Startseite","item":"https:\/\/ship-tracker.org\/"},{"@type":"ListItem","position":2,"name":"NATO Military Ship Tracker"}]},{"@type":"WebSite","@id":"https:\/\/ship-tracker.org\/#website","url":"https:\/\/ship-tracker.org\/","name":"Ship-tracker.org","description":"","potentialAction":[{"@type":"SearchAction","target":{"@type":"EntryPoint","urlTemplate":"https:\/\/ship-tracker.org\/?s={search_term_string}"},"query-input":{"@type":"PropertyValueSpecification","valueRequired":true,"valueName":"search_term_string"}}],"inLanguage":"fr-FR"}]}},"_links":{"self":[{"href":"https:\/\/ship-tracker.org\/fr\/wp-json\/wp\/v2\/pages\/3604","targetHints":{"allow":["GET"]}}],"collection":[{"href":"https:\/\/ship-tracker.org\/fr\/wp-json\/wp\/v2\/pages"}],"about":[{"href":"https:\/\/ship-tracker.org\/fr\/wp-json\/wp\/v2\/types\/page"}],"author":[{"embeddable":true,"href":"https:\/\/ship-tracker.org\/fr\/wp-json\/wp\/v2\/users\/1"}],"replies":[{"embeddable":true,"href":"https:\/\/ship-tracker.org\/fr\/wp-json\/wp\/v2\/comments?post=3604"}],"version-history":[{"count":5,"href":"https:\/\/ship-tracker.org\/fr\/wp-json\/wp\/v2\/pages\/3604\/revisions"}],"predecessor-version":[{"id":3612,"href":"https:\/\/ship-tracker.org\/fr\/wp-json\/wp\/v2\/pages\/3604\/revisions\/3612"}],"wp:featuredmedia":[{"embeddable":true,"href":"https:\/\/ship-tracker.org\/fr\/wp-json\/wp\/v2\/media\/3605"}],"wp:attachment":[{"href":"https:\/\/ship-tracker.org\/fr\/wp-json\/wp\/v2\/media?parent=3604"}],"curies":[{"name":"wp","href":"https:\/\/api.w.org\/{rel}","templated":true}]}}