{"id":3597,"date":"2023-06-14T15:13:28","date_gmt":"2023-06-14T13:13:28","guid":{"rendered":"https:\/\/ship-tracker.org\/?page_id=3597"},"modified":"2024-11-10T22:20:54","modified_gmt":"2024-11-10T21:20:54","slug":"military-ship-tracker","status":"publish","type":"page","link":"https:\/\/ship-tracker.org\/fr\/military-ship-tracker\/","title":{"rendered":"Traqueur de navires militaires"},"content":{"rendered":"<p>Suivez tous les navires de guerre dans le monde avec notre traqueur de navires militaires 24h\/24 et 7j\/7 en temps r\u00e9el\u00a0! Obtenez diverses informations suppl\u00e9mentaires en cliquant sur une ic\u00f4ne de navire sur la carte.<\/p>\n<h2>Carte en temps r\u00e9el des navires de guerre mondiaux<\/h2>\n<p><iframe loading=\"lazy\" id=\"vesselfinder\" src=\"https:\/\/www.vesselfinder.com\/aismap?zoom=undefined&amp;lat=49&amp;lon=6.3&amp;width=100%25&amp;height=736&amp;names=true&amp;track=false&amp;fleet=&amp;fleet_name=false&amp;fleet_hide_old_positions=false&amp;clicktoact=false&amp;store_pos=true&amp;fil=4&amp;ra=https%3A%2F%2Fwww.marinevesseltraffic.com%2F2013%2F02%2Fmilitary-ship-track.html%3Ffull_screen%3Dyes\" name=\"vesselfinder\" width=\"100%\" height=\"736\" frameborder=\"0\" data-dashlane-frameid=\"382\">Le navigateur ne prend pas en charge les objets int\u00e9gr\u00e9s.<br \/>\nVisitez directement <a href=\"https:\/\/www.vesselfinder.com\" target=\"_blank\" rel=\"noopener\">www.vesselfinder.com<\/a><\/iframe><br \/>\nLe suivi des navires militaires joue un r\u00f4le essentiel dans les op\u00e9rations strat\u00e9giques des marines du monde entier. Il permet aux marines de surveiller les positions de leurs navires, d&#039;am\u00e9liorer l&#039;efficacit\u00e9 op\u00e9rationnelle et d&#039;assurer la s\u00e9curit\u00e9 maritime.<\/p>\n<h2>Importance du suivi des navires militaires<\/h2>\n<p>Le suivi des navires dans le contexte militaire est vital pour plusieurs raisons\u00a0:<\/p>\n<ol>\n<li><strong>Sensibilisation tactique\u00a0:<\/strong> Le suivi en temps r\u00e9el fournit aux marines une image pr\u00e9cise de l&#039;emplacement de leurs actifs, contribuant \u00e0 am\u00e9liorer la sensibilisation tactique et la prise de d\u00e9cision.<\/li>\n<li><strong>Efficacit\u00e9 op\u00e9rationnelle\u00a0:<\/strong> Il aide \u00e0 optimiser le d\u00e9ploiement et l&#039;acheminement des navires de guerre, augmentant ainsi l&#039;efficacit\u00e9 op\u00e9rationnelle et pr\u00e9servant les ressources.<\/li>\n<li><strong>S\u00fbret\u00e9 et s\u00e9curit\u00e9:<\/strong> Le suivi peut aider \u00e0 pr\u00e9venir les accidents en identifiant les trajectoires de collision potentielles. Il am\u00e9liore \u00e9galement la s\u00e9curit\u00e9 en alertant les centres de commandement des d\u00e9viations impr\u00e9vues, qui pourraient indiquer une menace potentielle ou une urgence.<\/li>\n<\/ol>\n<h2>Technologie<\/h2>\n<p>Plusieurs technologies permettent le suivi des navires militaires\u00a0:<\/p>\n<ol>\n<li><strong>Syst\u00e8mes radar\u00a0:<\/strong> Les syst\u00e8mes radar, tels que le syst\u00e8me d&#039;identification automatique (AIS), sont couramment utilis\u00e9s pour suivre les navires. Cependant, les navires militaires \u00e9teignent souvent leurs transpondeurs AIS pour des raisons de s\u00e9curit\u00e9, car ils peuvent \u00e9galement \u00eatre d\u00e9tect\u00e9s par des adversaires.<\/li>\n<li><strong>Surveillance par satellite :<\/strong> Les satellites offrent une vue globale des oc\u00e9ans, permettant aux militaires de surveiller leurs navires, en particulier dans les r\u00e9gions \u00e9loign\u00e9es.<\/li>\n<li><strong>Syst\u00e8mes sonar\u00a0:<\/strong> Les syst\u00e8mes de sonar sous-marins peuvent suivre les sous-marins et autres ressources militaires sous-marines.<\/li>\n<\/ol>\n<p>D\u00e9fis et d\u00e9veloppements futurs\u00a0:<\/p>\n<p>Bien que le suivi des navires militaires offre de nombreux avantages, il comporte \u00e9galement son lot de d\u00e9fis. Les informations strat\u00e9giques impliqu\u00e9es font de la s\u00e9curit\u00e9 une priorit\u00e9 absolue. Un cryptage avanc\u00e9 et d&#039;autres mesures de cybers\u00e9curit\u00e9 sont n\u00e9cessaires pour emp\u00eacher les adversaires d&#039;intercepter les donn\u00e9es de suivi.<\/p>\n<p>De plus, le suivi dans des r\u00e9gions \u00e9loign\u00e9es, telles que l&#039;Arctique, peut \u00eatre difficile en raison d&#039;un manque d&#039;infrastructures et de conditions environnementales difficiles. Les technologies \u00e9mergentes telles que les drones sans pilote et l&#039;IA devraient am\u00e9liorer les capacit\u00e9s de suivi dans ces r\u00e9gions.<\/p>\n<h3>Conclusion<\/h3>\n<p>Les militaires <a href=\"https:\/\/ship-tracker.org\/fr\/\">traqueur de navire<\/a> est une n\u00e9cessit\u00e9 strat\u00e9gique qui contribue de mani\u00e8re significative \u00e0 l&#039;efficacit\u00e9 op\u00e9rationnelle, \u00e0 la s\u00fbret\u00e9 et \u00e0 la s\u00e9curit\u00e9 d&#039;une marine. Au fur et \u00e0 mesure que les progr\u00e8s technologiques se poursuivent, les syst\u00e8mes de suivi deviendront encore plus pr\u00e9cis, fiables et s\u00e9curis\u00e9s, renfor\u00e7ant encore leur valeur strat\u00e9gique dans les op\u00e9rations maritimes.<\/p>","protected":false},"excerpt":{"rendered":"<p>Suivez tous les navires de guerre du monde entier avec notre tracker de navires militaires 24h\/24 et 7j\/7 en temps r\u00e9el ! Obtenez diverses informations suppl\u00e9mentaires en cliquant sur une ic\u00f4ne de navire sur la carte. Le navigateur de cartes Global Warships Live ne prend pas en charge les objets int\u00e9gr\u00e9s. Visitez directement www.vesselfinder.com Le suivi des navires militaires joue un r\u00f4le essentiel dans les op\u00e9rations strat\u00e9giques des marines du monde entier. Il permet\u2026&nbsp;<a href=\"https:\/\/ship-tracker.org\/fr\/military-ship-tracker\/\" rel=\"bookmark\">En savoir plus &quot;<span class=\"screen-reader-text\">Traqueur de navires militaires<\/span><\/a><\/p>","protected":false},"author":1,"featured_media":3599,"parent":0,"menu_order":0,"comment_status":"closed","ping_status":"closed","template":"","meta":{"neve_meta_sidebar":"","neve_meta_container":"","neve_meta_enable_content_width":"off","neve_meta_content_width":100,"neve_meta_title_alignment":"","neve_meta_author_avatar":"","neve_post_elements_order":"","neve_meta_disable_header":"","neve_meta_disable_footer":"","neve_meta_disable_title":"","neve_meta_reading_time":"","footnotes":""},"class_list":["post-3597","page","type-page","status-publish","has-post-thumbnail","hentry"],"yoast_head":"<!-- This site is optimized with the Yoast SEO plugin v26.9 - https:\/\/yoast.com\/product\/yoast-seo-wordpress\/ -->\n<title>Military Ship Tracker - Ship-tracker.org<\/title>\n<meta name=\"description\" content=\"Military Ship Tracker \u2693 Current position of All warships \u2713 Live Ship Tracker \u2713 IMO, MMSI and Specifications \u2713 Live Map by country\" \/>\n<meta name=\"robots\" content=\"index, follow, max-snippet:-1, max-image-preview:large, max-video-preview:-1\" \/>\n<link rel=\"canonical\" href=\"https:\/\/ship-tracker.org\/fr\/military-ship-tracker\/\" \/>\n<meta property=\"og:locale\" content=\"fr_FR\" \/>\n<meta property=\"og:type\" content=\"article\" \/>\n<meta property=\"og:title\" content=\"Military Ship Tracker - Ship-tracker.org\" \/>\n<meta property=\"og:description\" content=\"Military Ship Tracker \u2693 Current position of All warships \u2713 Live Ship Tracker \u2713 IMO, MMSI and Specifications \u2713 Live Map by country\" \/>\n<meta property=\"og:url\" content=\"https:\/\/ship-tracker.org\/fr\/military-ship-tracker\/\" \/>\n<meta property=\"og:site_name\" content=\"Ship-tracker.org\" \/>\n<meta property=\"article:modified_time\" content=\"2024-11-10T21:20:54+00:00\" \/>\n<meta property=\"og:image\" content=\"https:\/\/ship-tracker.org\/wp-content\/uploads\/2023\/06\/ships-g5e179667c_640.jpg\" \/>\n\t<meta property=\"og:image:width\" content=\"640\" \/>\n\t<meta property=\"og:image:height\" content=\"420\" \/>\n\t<meta property=\"og:image:type\" content=\"image\/jpeg\" \/>\n<meta name=\"twitter:card\" content=\"summary_large_image\" \/>\n<meta name=\"twitter:label1\" content=\"Dur\u00e9e de lecture estim\u00e9e\" \/>\n\t<meta name=\"twitter:data1\" content=\"2 minutes\" \/>\n<script type=\"application\/ld+json\" class=\"yoast-schema-graph\">{\"@context\":\"https:\/\/schema.org\",\"@graph\":[{\"@type\":\"WebPage\",\"@id\":\"https:\/\/ship-tracker.org\/military-ship-tracker\/\",\"url\":\"https:\/\/ship-tracker.org\/military-ship-tracker\/\",\"name\":\"Military Ship Tracker - Ship-tracker.org\",\"isPartOf\":{\"@id\":\"https:\/\/ship-tracker.org\/#website\"},\"primaryImageOfPage\":{\"@id\":\"https:\/\/ship-tracker.org\/military-ship-tracker\/#primaryimage\"},\"image\":{\"@id\":\"https:\/\/ship-tracker.org\/military-ship-tracker\/#primaryimage\"},\"thumbnailUrl\":\"https:\/\/ship-tracker.org\/wp-content\/uploads\/2023\/06\/ships-g5e179667c_640.jpg\",\"datePublished\":\"2023-06-14T13:13:28+00:00\",\"dateModified\":\"2024-11-10T21:20:54+00:00\",\"description\":\"Military Ship Tracker \u2693 Current position of All warships \u2713 Live Ship Tracker \u2713 IMO, MMSI and Specifications \u2713 Live Map by country\",\"breadcrumb\":{\"@id\":\"https:\/\/ship-tracker.org\/military-ship-tracker\/#breadcrumb\"},\"inLanguage\":\"fr-FR\",\"potentialAction\":[{\"@type\":\"ReadAction\",\"target\":[\"https:\/\/ship-tracker.org\/military-ship-tracker\/\"]}]},{\"@type\":\"ImageObject\",\"inLanguage\":\"fr-FR\",\"@id\":\"https:\/\/ship-tracker.org\/military-ship-tracker\/#primaryimage\",\"url\":\"https:\/\/ship-tracker.org\/wp-content\/uploads\/2023\/06\/ships-g5e179667c_640.jpg\",\"contentUrl\":\"https:\/\/ship-tracker.org\/wp-content\/uploads\/2023\/06\/ships-g5e179667c_640.jpg\",\"width\":640,\"height\":420,\"caption\":\"Military Ship Tracker\"},{\"@type\":\"BreadcrumbList\",\"@id\":\"https:\/\/ship-tracker.org\/military-ship-tracker\/#breadcrumb\",\"itemListElement\":[{\"@type\":\"ListItem\",\"position\":1,\"name\":\"Startseite\",\"item\":\"https:\/\/ship-tracker.org\/\"},{\"@type\":\"ListItem\",\"position\":2,\"name\":\"Military Ship Tracker\"}]},{\"@type\":\"WebSite\",\"@id\":\"https:\/\/ship-tracker.org\/#website\",\"url\":\"https:\/\/ship-tracker.org\/\",\"name\":\"Ship-tracker.org\",\"description\":\"\",\"potentialAction\":[{\"@type\":\"SearchAction\",\"target\":{\"@type\":\"EntryPoint\",\"urlTemplate\":\"https:\/\/ship-tracker.org\/?s={search_term_string}\"},\"query-input\":{\"@type\":\"PropertyValueSpecification\",\"valueRequired\":true,\"valueName\":\"search_term_string\"}}],\"inLanguage\":\"fr-FR\"}]}<\/script>\n<!-- \/ Yoast SEO plugin. -->","yoast_head_json":{"title":"Suivi des navires militaires - Ship-tracker.org","description":"Suivi des navires militaires \u2693 Position actuelle de tous les navires de guerre \u2713 Suivi des navires en direct \u2713 IMO, MMSI et sp\u00e9cifications \u2713 Carte en direct par pays","robots":{"index":"index","follow":"follow","max-snippet":"max-snippet:-1","max-image-preview":"max-image-preview:large","max-video-preview":"max-video-preview:-1"},"canonical":"https:\/\/ship-tracker.org\/fr\/military-ship-tracker\/","og_locale":"fr_FR","og_type":"article","og_title":"Military Ship Tracker - Ship-tracker.org","og_description":"Military Ship Tracker \u2693 Current position of All warships \u2713 Live Ship Tracker \u2713 IMO, MMSI and Specifications \u2713 Live Map by country","og_url":"https:\/\/ship-tracker.org\/fr\/military-ship-tracker\/","og_site_name":"Ship-tracker.org","article_modified_time":"2024-11-10T21:20:54+00:00","og_image":[{"width":640,"height":420,"url":"https:\/\/ship-tracker.org\/wp-content\/uploads\/2023\/06\/ships-g5e179667c_640.jpg","type":"image\/jpeg"}],"twitter_card":"summary_large_image","twitter_misc":{"Dur\u00e9e de lecture estim\u00e9e":"2 minutes"},"schema":{"@context":"https:\/\/schema.org","@graph":[{"@type":"WebPage","@id":"https:\/\/ship-tracker.org\/military-ship-tracker\/","url":"https:\/\/ship-tracker.org\/military-ship-tracker\/","name":"Suivi des navires militaires - Ship-tracker.org","isPartOf":{"@id":"https:\/\/ship-tracker.org\/#website"},"primaryImageOfPage":{"@id":"https:\/\/ship-tracker.org\/military-ship-tracker\/#primaryimage"},"image":{"@id":"https:\/\/ship-tracker.org\/military-ship-tracker\/#primaryimage"},"thumbnailUrl":"https:\/\/ship-tracker.org\/wp-content\/uploads\/2023\/06\/ships-g5e179667c_640.jpg","datePublished":"2023-06-14T13:13:28+00:00","dateModified":"2024-11-10T21:20:54+00:00","description":"Suivi des navires militaires \u2693 Position actuelle de tous les navires de guerre \u2713 Suivi des navires en direct \u2713 IMO, MMSI et sp\u00e9cifications \u2713 Carte en direct par pays","breadcrumb":{"@id":"https:\/\/ship-tracker.org\/military-ship-tracker\/#breadcrumb"},"inLanguage":"fr-FR","potentialAction":[{"@type":"ReadAction","target":["https:\/\/ship-tracker.org\/military-ship-tracker\/"]}]},{"@type":"ImageObject","inLanguage":"fr-FR","@id":"https:\/\/ship-tracker.org\/military-ship-tracker\/#primaryimage","url":"https:\/\/ship-tracker.org\/wp-content\/uploads\/2023\/06\/ships-g5e179667c_640.jpg","contentUrl":"https:\/\/ship-tracker.org\/wp-content\/uploads\/2023\/06\/ships-g5e179667c_640.jpg","width":640,"height":420,"caption":"Military Ship Tracker"},{"@type":"BreadcrumbList","@id":"https:\/\/ship-tracker.org\/military-ship-tracker\/#breadcrumb","itemListElement":[{"@type":"ListItem","position":1,"name":"Startseite","item":"https:\/\/ship-tracker.org\/"},{"@type":"ListItem","position":2,"name":"Military Ship Tracker"}]},{"@type":"WebSite","@id":"https:\/\/ship-tracker.org\/#website","url":"https:\/\/ship-tracker.org\/","name":"Ship-tracker.org","description":"","potentialAction":[{"@type":"SearchAction","target":{"@type":"EntryPoint","urlTemplate":"https:\/\/ship-tracker.org\/?s={search_term_string}"},"query-input":{"@type":"PropertyValueSpecification","valueRequired":true,"valueName":"search_term_string"}}],"inLanguage":"fr-FR"}]}},"_links":{"self":[{"href":"https:\/\/ship-tracker.org\/fr\/wp-json\/wp\/v2\/pages\/3597","targetHints":{"allow":["GET"]}}],"collection":[{"href":"https:\/\/ship-tracker.org\/fr\/wp-json\/wp\/v2\/pages"}],"about":[{"href":"https:\/\/ship-tracker.org\/fr\/wp-json\/wp\/v2\/types\/page"}],"author":[{"embeddable":true,"href":"https:\/\/ship-tracker.org\/fr\/wp-json\/wp\/v2\/users\/1"}],"replies":[{"embeddable":true,"href":"https:\/\/ship-tracker.org\/fr\/wp-json\/wp\/v2\/comments?post=3597"}],"version-history":[{"count":6,"href":"https:\/\/ship-tracker.org\/fr\/wp-json\/wp\/v2\/pages\/3597\/revisions"}],"predecessor-version":[{"id":5369,"href":"https:\/\/ship-tracker.org\/fr\/wp-json\/wp\/v2\/pages\/3597\/revisions\/5369"}],"wp:featuredmedia":[{"embeddable":true,"href":"https:\/\/ship-tracker.org\/fr\/wp-json\/wp\/v2\/media\/3599"}],"wp:attachment":[{"href":"https:\/\/ship-tracker.org\/fr\/wp-json\/wp\/v2\/media?parent=3597"}],"curies":[{"name":"wp","href":"https:\/\/api.w.org\/{rel}","templated":true}]}}