{"id":3519,"date":"2022-11-01T13:04:27","date_gmt":"2022-11-01T12:04:27","guid":{"rendered":"https:\/\/ship-tracker.org\/?page_id=3519"},"modified":"2022-11-01T13:08:19","modified_gmt":"2022-11-01T12:08:19","slug":"viking-octantis","status":"publish","type":"page","link":"https:\/\/ship-tracker.org\/fr\/viking-octantis\/","title":{"rendered":"Viking Octantis"},"content":{"rendered":"<h2><span style=\"color: #000000;\">Emplacement actuel et <\/span><span style=\"color: #000000;\">position de Viking Octantis<\/span><\/h2>\n<p>O\u00f9 est la position actuelle de Viking Octantis actuellement ?<\/p>\n<p><script type=\"text\/javascript\">\n  var width=\"100%\";var height=\"400\";\n  var mmsi=259070000;\n<\/script><script type=\"text\/javascript\" src=\"https:\/\/www.vesselfinder.com\/aismap.js\"><\/script><\/p>\n<p>Voir l&#039;emplacement actuel de Viking Octantis. La position de Viking Octantis peut \u00eatre d\u00e9termin\u00e9e avec pr\u00e9cision par les cartes de VesselFinder et MarineTraffic. Ainsi, vous \u00eates toujours bien inform\u00e9 de l&#039;emplacement actuel de votre navire pr\u00e9f\u00e9r\u00e9.<\/p>\n<h2 class=\"title\"><span style=\"color: #000000;\">Examen et sp\u00e9cifications de Viking Octantis<\/span><\/h2>\n<table class=\"responsive\">\n<tbody>\n<tr>\n<td style=\"width: 192px;\"><span style=\"color: #000000;\"><strong>\u00c9tat du pavillon<\/strong><\/span><\/td>\n<td style=\"width: 192px;\"><span style=\"color: #000000;\">Norv\u00e8ge<\/span><\/td>\n<\/tr>\n<tr>\n<td style=\"width: 192px;\"><span style=\"color: #000000;\"><strong>Ann\u00e9e de construction<\/strong><\/span><\/td>\n<td style=\"width: 192px;\">2021<\/td>\n<\/tr>\n<tr>\n<td style=\"width: 192px;\"><span style=\"color: #000000;\"><strong>Constructeur<\/strong><\/span><\/td>\n<td style=\"width: 192px;\">Chantiers VARD<\/td>\n<\/tr>\n<tr>\n<td style=\"width: 192px;\"><span style=\"color: #000000;\"><strong>Longueur<\/strong><\/span><\/td>\n<td style=\"width: 192px;\"><span style=\"color: #000000;\"><span class=\"specificationUnit\">203 m\u00e8tres<\/span><\/span><\/td>\n<\/tr>\n<tr>\n<td style=\"width: 192px;\"><span style=\"color: #000000;\"><strong>Faisceau<\/strong><\/span><\/td>\n<td style=\"width: 192px;\"><span style=\"color: #000000;\"><span class=\"specificationUnit\">24 m<\/span><\/span><\/td>\n<\/tr>\n<tr>\n<td style=\"width: 192px;\"><span style=\"color: #000000;\"><strong>Jauge brute<\/strong><\/span><\/td>\n<td style=\"width: 192px;\"><span style=\"color: #000000;\"><span class=\"specificationUnit\">30150 gt<\/span><\/span><\/td>\n<\/tr>\n<tr>\n<td style=\"width: 192px;\"><span style=\"color: #000000;\"><strong>Les passagers<\/strong><\/span><\/td>\n<td style=\"width: 192px;\">378<\/td>\n<\/tr>\n<tr>\n<td style=\"width: 192px;\"><span style=\"color: #000000;\"><strong>\u00c9quipage<\/strong><\/span><\/td>\n<td style=\"width: 192px;\">260<\/td>\n<\/tr>\n<tr>\n<td style=\"width: 192px;\"><span style=\"color: #000000;\"><strong>Decks<\/strong>\u00a0<\/span><\/td>\n<td style=\"width: 192px;\"><span style=\"color: #000000;\">7<\/span><\/td>\n<\/tr>\n<tr>\n<td style=\"width: 192px;\"><span style=\"color: #000000;\"><strong>La vitesse<\/strong><\/span><\/td>\n<td style=\"width: 192px;\"><span style=\"color: #000000;\"><span class=\"specificationUnit\">18 kn<\/span><\/span><\/td>\n<\/tr>\n<tr>\n<td style=\"width: 192px;\"><span style=\"color: #000000;\"><strong><b>Le port d&#039;enregistrement<\/b><\/strong><\/span><\/td>\n<td style=\"width: 192px;\"><span style=\"color: #000000;\">Bergen<\/span><\/td>\n<\/tr>\n<tr>\n<td style=\"width: 192px;\"><strong><span style=\"color: #000000;\">Cabines<\/span><\/strong><\/td>\n<td style=\"width: 192px;\">189<\/td>\n<\/tr>\n<tr>\n<td style=\"width: 192px;\"><span style=\"color: #000000;\"><strong><b>Propri\u00e9taire<\/b><\/strong><\/span><\/td>\n<td style=\"width: 192px;\"><a href=\"https:\/\/ship-tracker.org\/fr\/viking-ocean-cruises\/\">Viking Ocean Cruises<\/a><\/td>\n<\/tr>\n<\/tbody>\n<\/table>\n<figure id=\"attachment_3517\" aria-describedby=\"caption-attachment-3517\" style=\"width: 1000px\" class=\"wp-caption aligncenter\"><img loading=\"lazy\" decoding=\"async\" class=\"wp-image-3517 size-full\" src=\"https:\/\/ship-tracker.org\/wp-content\/uploads\/2022\/11\/Viking-Octantis.jpg\" alt=\"Viking Octantis\" width=\"1000\" height=\"637\" srcset=\"https:\/\/ship-tracker.org\/wp-content\/uploads\/2022\/11\/Viking-Octantis.jpg 1000w, https:\/\/ship-tracker.org\/wp-content\/uploads\/2022\/11\/Viking-Octantis-300x191.jpg 300w, https:\/\/ship-tracker.org\/wp-content\/uploads\/2022\/11\/Viking-Octantis-768x489.jpg 768w, https:\/\/ship-tracker.org\/wp-content\/uploads\/2022\/11\/Viking-Octantis-18x12.jpg 18w\" sizes=\"auto, (max-width: 1000px) 100vw, 1000px\" \/><figcaption id=\"caption-attachment-3517\" class=\"wp-caption-text\">\u00a9 Croisi\u00e8res Viking<\/figcaption><\/figure>\n<h3 class=\"title\">Flotte Viking Cruises<\/h3>\n<ul>\n<li><a href=\"https:\/\/ship-tracker.org\/fr\/viking-jupiter\/\">Viking Jupiter<\/a><\/li>\n<li><a href=\"https:\/\/ship-tracker.org\/fr\/viking-orion\/\">Viking Orion<\/a><\/li>\n<li><a href=\"https:\/\/ship-tracker.org\/fr\/viking-sky\/\">Viking Sky<\/a><\/li>\n<li><a href=\"https:\/\/ship-tracker.org\/fr\/viking-sun\/\">Viking Sun<\/a><\/li>\n<li><a href=\"https:\/\/ship-tracker.org\/fr\/viking-sea\/\">Viking Sea<\/a><\/li>\n<\/ul>","protected":false},"excerpt":{"rendered":"<p>Position actuelle du Viking Octantis. O\u00f9 se trouve actuellement le Viking Octantis\u00a0? Consultez sa position actuelle. Les cartes de VesselFinder et MarineTraffic permettent de d\u00e9terminer pr\u00e9cis\u00e9ment sa position. Vous savez ainsi toujours o\u00f9 se trouve votre navire pr\u00e9f\u00e9r\u00e9. Test et sp\u00e9cifications du Viking Octantis. \u00c9tat du pavillon\u2026&nbsp;<a href=\"https:\/\/ship-tracker.org\/fr\/viking-octantis\/\" rel=\"bookmark\">En savoir plus &quot;<span class=\"screen-reader-text\">Viking Octantis<\/span><\/a><\/p>","protected":false},"author":1,"featured_media":0,"parent":0,"menu_order":0,"comment_status":"closed","ping_status":"closed","template":"","meta":{"neve_meta_sidebar":"","neve_meta_container":"","neve_meta_enable_content_width":"","neve_meta_content_width":0,"neve_meta_title_alignment":"","neve_meta_author_avatar":"","neve_post_elements_order":"","neve_meta_disable_header":"","neve_meta_disable_footer":"","neve_meta_disable_title":"","neve_meta_reading_time":"","footnotes":""},"class_list":["post-3519","page","type-page","status-publish","hentry"],"yoast_head":"<!-- This site is optimized with the Yoast SEO plugin v26.9 - https:\/\/yoast.com\/product\/yoast-seo-wordpress\/ -->\n<title>Viking Octantis \u2503 Current location and position of Viking Cruises<\/title>\n<meta name=\"description\" content=\"Viking Octantis \u2693 Current location and position of Viking Octantis \u2713 Cruise Ship Tracker \u2713 Live Ship Tracker \u2713 Review and Specifications\" \/>\n<meta name=\"robots\" content=\"index, follow, max-snippet:-1, max-image-preview:large, max-video-preview:-1\" \/>\n<link rel=\"canonical\" href=\"https:\/\/ship-tracker.org\/fr\/viking-octantis\/\" \/>\n<meta property=\"og:locale\" content=\"fr_FR\" \/>\n<meta property=\"og:type\" content=\"article\" \/>\n<meta property=\"og:title\" content=\"Viking Octantis \u2503 Current location and position of Viking Cruises\" \/>\n<meta property=\"og:description\" content=\"Viking Octantis \u2693 Current location and position of Viking Octantis \u2713 Cruise Ship Tracker \u2713 Live Ship Tracker \u2713 Review and Specifications\" \/>\n<meta property=\"og:url\" content=\"https:\/\/ship-tracker.org\/fr\/viking-octantis\/\" \/>\n<meta property=\"og:site_name\" content=\"Ship-tracker.org\" \/>\n<meta property=\"article:modified_time\" content=\"2022-11-01T12:08:19+00:00\" \/>\n<meta property=\"og:image\" content=\"https:\/\/ship-tracker.org\/wp-content\/uploads\/2022\/11\/Viking-Octantis.jpg\" \/>\n<meta name=\"twitter:card\" content=\"summary_large_image\" \/>\n<meta name=\"twitter:label1\" content=\"Dur\u00e9e de lecture estim\u00e9e\" \/>\n\t<meta name=\"twitter:data1\" content=\"1 minute\" \/>\n<script type=\"application\/ld+json\" class=\"yoast-schema-graph\">{\"@context\":\"https:\/\/schema.org\",\"@graph\":[{\"@type\":\"WebPage\",\"@id\":\"https:\/\/ship-tracker.org\/viking-octantis\/\",\"url\":\"https:\/\/ship-tracker.org\/viking-octantis\/\",\"name\":\"Viking Octantis \u2503 Current location and position of Viking Cruises\",\"isPartOf\":{\"@id\":\"https:\/\/ship-tracker.org\/#website\"},\"primaryImageOfPage\":{\"@id\":\"https:\/\/ship-tracker.org\/viking-octantis\/#primaryimage\"},\"image\":{\"@id\":\"https:\/\/ship-tracker.org\/viking-octantis\/#primaryimage\"},\"thumbnailUrl\":\"https:\/\/ship-tracker.org\/wp-content\/uploads\/2022\/11\/Viking-Octantis.jpg\",\"datePublished\":\"2022-11-01T12:04:27+00:00\",\"dateModified\":\"2022-11-01T12:08:19+00:00\",\"description\":\"Viking Octantis \u2693 Current location and position of Viking Octantis \u2713 Cruise Ship Tracker \u2713 Live Ship Tracker \u2713 Review and Specifications\",\"breadcrumb\":{\"@id\":\"https:\/\/ship-tracker.org\/viking-octantis\/#breadcrumb\"},\"inLanguage\":\"fr-FR\",\"potentialAction\":[{\"@type\":\"ReadAction\",\"target\":[\"https:\/\/ship-tracker.org\/viking-octantis\/\"]}]},{\"@type\":\"ImageObject\",\"inLanguage\":\"fr-FR\",\"@id\":\"https:\/\/ship-tracker.org\/viking-octantis\/#primaryimage\",\"url\":\"https:\/\/ship-tracker.org\/wp-content\/uploads\/2022\/11\/Viking-Octantis.jpg\",\"contentUrl\":\"https:\/\/ship-tracker.org\/wp-content\/uploads\/2022\/11\/Viking-Octantis.jpg\"},{\"@type\":\"BreadcrumbList\",\"@id\":\"https:\/\/ship-tracker.org\/viking-octantis\/#breadcrumb\",\"itemListElement\":[{\"@type\":\"ListItem\",\"position\":1,\"name\":\"Startseite\",\"item\":\"https:\/\/ship-tracker.org\/\"},{\"@type\":\"ListItem\",\"position\":2,\"name\":\"Viking Octantis\"}]},{\"@type\":\"WebSite\",\"@id\":\"https:\/\/ship-tracker.org\/#website\",\"url\":\"https:\/\/ship-tracker.org\/\",\"name\":\"Ship-tracker.org\",\"description\":\"\",\"potentialAction\":[{\"@type\":\"SearchAction\",\"target\":{\"@type\":\"EntryPoint\",\"urlTemplate\":\"https:\/\/ship-tracker.org\/?s={search_term_string}\"},\"query-input\":{\"@type\":\"PropertyValueSpecification\",\"valueRequired\":true,\"valueName\":\"search_term_string\"}}],\"inLanguage\":\"fr-FR\"}]}<\/script>\n<!-- \/ Yoast SEO plugin. -->","yoast_head_json":{"title":"Viking Octantis \u2503 Localisation et position actuelles de Viking Cruises","description":"Viking Octantis \u2693 Emplacement et position actuels de Viking Octantis \u2713 Suivi des navires de croisi\u00e8re \u2713 Suivi des navires en direct \u2713 Examen et sp\u00e9cifications","robots":{"index":"index","follow":"follow","max-snippet":"max-snippet:-1","max-image-preview":"max-image-preview:large","max-video-preview":"max-video-preview:-1"},"canonical":"https:\/\/ship-tracker.org\/fr\/viking-octantis\/","og_locale":"fr_FR","og_type":"article","og_title":"Viking Octantis \u2503 Current location and position of Viking Cruises","og_description":"Viking Octantis \u2693 Current location and position of Viking Octantis \u2713 Cruise Ship Tracker \u2713 Live Ship Tracker \u2713 Review and Specifications","og_url":"https:\/\/ship-tracker.org\/fr\/viking-octantis\/","og_site_name":"Ship-tracker.org","article_modified_time":"2022-11-01T12:08:19+00:00","og_image":[{"url":"https:\/\/ship-tracker.org\/wp-content\/uploads\/2022\/11\/Viking-Octantis.jpg","type":"","width":"","height":""}],"twitter_card":"summary_large_image","twitter_misc":{"Dur\u00e9e de lecture estim\u00e9e":"1 minute"},"schema":{"@context":"https:\/\/schema.org","@graph":[{"@type":"WebPage","@id":"https:\/\/ship-tracker.org\/viking-octantis\/","url":"https:\/\/ship-tracker.org\/viking-octantis\/","name":"Viking Octantis \u2503 Localisation et position actuelles de Viking Cruises","isPartOf":{"@id":"https:\/\/ship-tracker.org\/#website"},"primaryImageOfPage":{"@id":"https:\/\/ship-tracker.org\/viking-octantis\/#primaryimage"},"image":{"@id":"https:\/\/ship-tracker.org\/viking-octantis\/#primaryimage"},"thumbnailUrl":"https:\/\/ship-tracker.org\/wp-content\/uploads\/2022\/11\/Viking-Octantis.jpg","datePublished":"2022-11-01T12:04:27+00:00","dateModified":"2022-11-01T12:08:19+00:00","description":"Viking Octantis \u2693 Emplacement et position actuels de Viking Octantis \u2713 Suivi des navires de croisi\u00e8re \u2713 Suivi des navires en direct \u2713 Examen et sp\u00e9cifications","breadcrumb":{"@id":"https:\/\/ship-tracker.org\/viking-octantis\/#breadcrumb"},"inLanguage":"fr-FR","potentialAction":[{"@type":"ReadAction","target":["https:\/\/ship-tracker.org\/viking-octantis\/"]}]},{"@type":"ImageObject","inLanguage":"fr-FR","@id":"https:\/\/ship-tracker.org\/viking-octantis\/#primaryimage","url":"https:\/\/ship-tracker.org\/wp-content\/uploads\/2022\/11\/Viking-Octantis.jpg","contentUrl":"https:\/\/ship-tracker.org\/wp-content\/uploads\/2022\/11\/Viking-Octantis.jpg"},{"@type":"BreadcrumbList","@id":"https:\/\/ship-tracker.org\/viking-octantis\/#breadcrumb","itemListElement":[{"@type":"ListItem","position":1,"name":"Startseite","item":"https:\/\/ship-tracker.org\/"},{"@type":"ListItem","position":2,"name":"Viking Octantis"}]},{"@type":"WebSite","@id":"https:\/\/ship-tracker.org\/#website","url":"https:\/\/ship-tracker.org\/","name":"Ship-tracker.org","description":"","potentialAction":[{"@type":"SearchAction","target":{"@type":"EntryPoint","urlTemplate":"https:\/\/ship-tracker.org\/?s={search_term_string}"},"query-input":{"@type":"PropertyValueSpecification","valueRequired":true,"valueName":"search_term_string"}}],"inLanguage":"fr-FR"}]}},"_links":{"self":[{"href":"https:\/\/ship-tracker.org\/fr\/wp-json\/wp\/v2\/pages\/3519","targetHints":{"allow":["GET"]}}],"collection":[{"href":"https:\/\/ship-tracker.org\/fr\/wp-json\/wp\/v2\/pages"}],"about":[{"href":"https:\/\/ship-tracker.org\/fr\/wp-json\/wp\/v2\/types\/page"}],"author":[{"embeddable":true,"href":"https:\/\/ship-tracker.org\/fr\/wp-json\/wp\/v2\/users\/1"}],"replies":[{"embeddable":true,"href":"https:\/\/ship-tracker.org\/fr\/wp-json\/wp\/v2\/comments?post=3519"}],"version-history":[{"count":1,"href":"https:\/\/ship-tracker.org\/fr\/wp-json\/wp\/v2\/pages\/3519\/revisions"}],"predecessor-version":[{"id":3520,"href":"https:\/\/ship-tracker.org\/fr\/wp-json\/wp\/v2\/pages\/3519\/revisions\/3520"}],"wp:attachment":[{"href":"https:\/\/ship-tracker.org\/fr\/wp-json\/wp\/v2\/media?parent=3519"}],"curies":[{"name":"wp","href":"https:\/\/api.w.org\/{rel}","templated":true}]}}