{"id":3416,"date":"2022-02-06T18:24:15","date_gmt":"2022-02-06T17:24:15","guid":{"rendered":"https:\/\/ship-tracker.org\/?page_id=3416"},"modified":"2022-02-06T18:25:13","modified_gmt":"2022-02-06T17:25:13","slug":"seago-istanbul","status":"publish","type":"page","link":"https:\/\/ship-tracker.org\/fr\/seago-istanbul\/","title":{"rendered":"SEAGO ISTANBUL"},"content":{"rendered":"<p><strong>SEAGO ISTANBUL<\/strong> (IMO : 9313943, MMSI 219116000) naviguant actuellement sous le pavillon de <strong>Danemark<\/strong>. Le navire SEAGO ISTANBUL est un <strong>Porte-conteneurs<\/strong> int\u00e9gr\u00e9 <strong>2007<\/strong>. Sa longueur longueur hors tout (LOA) est <strong>293.86<\/strong>\u00a0m, le faisceau est <strong>32.28<\/strong>\u00a0m\u00e8tres.<strong> SEAGO ISTANBUL<\/strong> la capacit\u00e9 du conteneur est <strong>4504<\/strong>\u00a0<strong>TUE<\/strong>.<\/p>\n<h2>Localisation et position actuelles de SEAGO ISTANBUL (IMO 9313943) \u2013 Container Ship<\/h2>\n<p>O\u00f9 est la position actuelle de SEAGO ISTANBUL actuellement ?<\/p>\n<p><script type=\"text\/javascript\">\n  var width=\"100%\";var height=\"400\";\n  var mmsi=219116000;\n<\/script><script type=\"text\/javascript\" src=\"https:\/\/www.vesselfinder.com\/aismap.js\"><\/script><\/p>\n<p>Voir l&#039;emplacement actuel de SEAGO ISTANBUL. La position de SEAGO ISTANBUL peut \u00eatre d\u00e9termin\u00e9e avec pr\u00e9cision par les cartes de VesselFinder et MarineTraffic. Ainsi, vous \u00eates toujours bien inform\u00e9 de l&#039;emplacement actuel de votre navire pr\u00e9f\u00e9r\u00e9.<\/p>\n<h2>D\u00e9tailles du navire pour SEAGO ISTANBUL<\/h2>\n<table>\n<tbody>\n<tr>\n<td style=\"width: 50%;\"><strong>D\u00e9tails du navire<\/strong><\/td>\n<td style=\"width: 50%;\"><strong>\u00c9valuer<\/strong><\/td>\n<\/tr>\n<tr>\n<td style=\"width: 50%;\">Nom du navire<\/td>\n<td style=\"width: 50%;\">SEAGO ISTANBUL<\/td>\n<\/tr>\n<tr>\n<td style=\"width: 50%;\">Type de navire<\/td>\n<td style=\"width: 50%;\">Porte-conteneurs<\/td>\n<\/tr>\n<tr>\n<td style=\"width: 50%;\">OMI<\/td>\n<td style=\"width: 50%;\">9313943<\/td>\n<\/tr>\n<tr>\n<td style=\"width: 50%;\">MMSI<\/td>\n<td style=\"width: 50%;\">219116000<\/td>\n<\/tr>\n<tr>\n<td style=\"width: 50%;\">Signe d&#039;appel<\/td>\n<td style=\"width: 50%;\">OXVE2<\/td>\n<\/tr>\n<tr>\n<td style=\"width: 50%;\">Drapeau<\/td>\n<td style=\"width: 50%;\">Danemark<\/td>\n<\/tr>\n<tr>\n<td style=\"width: 50%;\">Jauge brute<\/td>\n<td style=\"width: 50%;\">48788<\/td>\n<\/tr>\n<tr>\n<td style=\"width: 50%;\">Poids mort<\/td>\n<td style=\"width: 50%;\">53701<\/td>\n<\/tr>\n<tr>\n<td style=\"width: 50%;\">Longueur<\/td>\n<td style=\"width: 50%;\">293,86 m<\/td>\n<\/tr>\n<tr>\n<td style=\"width: 50%;\">Faisceau<\/td>\n<td style=\"width: 50%;\">32,28 m<\/td>\n<\/tr>\n<tr>\n<td style=\"width: 50%;\">Ann\u00e9e de construction<\/td>\n<td style=\"width: 50%;\">2007<\/td>\n<\/tr>\n<tr>\n<td style=\"width: 50%;\">Constructeur<\/td>\n<td style=\"width: 50%;\">PS WERFTEN STRALSUND<\/td>\n<\/tr>\n<tr>\n<td style=\"width: 50%;\">Cour<\/td>\n<td style=\"width: 50%;\">STRALSUND<\/td>\n<\/tr>\n<tr>\n<td style=\"width: 50%;\">TUE<\/td>\n<td style=\"width: 50%;\">4504<\/td>\n<\/tr>\n<tr>\n<td style=\"width: 50%;\">Op\u00e9rateur de navire<\/td>\n<td style=\"width: 50%;\"><a href=\"https:\/\/ship-tracker.org\/fr\/maersk-line\/\">Ligne maersk<\/a><\/td>\n<\/tr>\n<\/tbody>\n<\/table>\n<p>Tous les d\u00e9tails sont \u00e0 titre informatif et ship-tracker.org n&#039;est pas responsable de l&#039;exactitude et de la fiabilit\u00e9 des valeurs des donn\u00e9es.<\/p>","protected":false},"excerpt":{"rendered":"<p>SEAGO ISTANBUL (IMO : 9313943, MMSI 219116000) navigue actuellement sous pavillon danois. Le SEAGO ISTANBUL est un porte-conteneurs construit en 2007. Sa longueur hors tout (LHT) est de 293,86 m et sa largeur de 32,28 m. Sa capacit\u00e9 de conteneurs est de 4\u00a0504 EVP. Position actuelle du SEAGO ISTANBUL (IMO 9313943) \u2013 Porte-conteneurs. O\u00f9 se trouve\u2026&nbsp;<a href=\"https:\/\/ship-tracker.org\/fr\/seago-istanbul\/\" rel=\"bookmark\">En savoir plus &quot;<span class=\"screen-reader-text\">SEAGO ISTANBUL<\/span><\/a><\/p>","protected":false},"author":1,"featured_media":0,"parent":0,"menu_order":0,"comment_status":"closed","ping_status":"closed","template":"","meta":{"neve_meta_sidebar":"","neve_meta_container":"","neve_meta_enable_content_width":"","neve_meta_content_width":0,"neve_meta_title_alignment":"","neve_meta_author_avatar":"","neve_post_elements_order":"","neve_meta_disable_header":"","neve_meta_disable_footer":"","neve_meta_disable_title":"","neve_meta_reading_time":"","footnotes":""},"class_list":["post-3416","page","type-page","status-publish","hentry"],"yoast_head":"<!-- This site is optimized with the Yoast SEO plugin v26.9 - https:\/\/yoast.com\/product\/yoast-seo-wordpress\/ -->\n<title>SEAGO ISTANBUL - Container Ship, IMO 9313943 - Current location<\/title>\n<meta name=\"description\" content=\"Track current location and position of SEAGO ISTANBUL Container Ship on Live Map - IMO: 9313943 \u2713 Container Ship Tracking\" \/>\n<meta name=\"robots\" content=\"index, follow, max-snippet:-1, max-image-preview:large, max-video-preview:-1\" \/>\n<link rel=\"canonical\" href=\"https:\/\/ship-tracker.org\/fr\/seago-istanbul\/\" \/>\n<meta property=\"og:locale\" content=\"fr_FR\" \/>\n<meta property=\"og:type\" content=\"article\" \/>\n<meta property=\"og:title\" content=\"SEAGO ISTANBUL - Container Ship, IMO 9313943 - Current location\" \/>\n<meta property=\"og:description\" content=\"Track current location and position of SEAGO ISTANBUL Container Ship on Live Map - IMO: 9313943 \u2713 Container Ship Tracking\" \/>\n<meta property=\"og:url\" content=\"https:\/\/ship-tracker.org\/fr\/seago-istanbul\/\" \/>\n<meta property=\"og:site_name\" content=\"Ship-tracker.org\" \/>\n<meta property=\"article:modified_time\" content=\"2022-02-06T17:25:13+00:00\" \/>\n<meta name=\"twitter:card\" content=\"summary_large_image\" \/>\n<meta name=\"twitter:label1\" content=\"Dur\u00e9e de lecture estim\u00e9e\" \/>\n\t<meta name=\"twitter:data1\" content=\"1 minute\" \/>\n<script type=\"application\/ld+json\" class=\"yoast-schema-graph\">{\"@context\":\"https:\/\/schema.org\",\"@graph\":[{\"@type\":\"WebPage\",\"@id\":\"https:\/\/ship-tracker.org\/seago-istanbul\/\",\"url\":\"https:\/\/ship-tracker.org\/seago-istanbul\/\",\"name\":\"SEAGO ISTANBUL - Container Ship, IMO 9313943 - Current location\",\"isPartOf\":{\"@id\":\"https:\/\/ship-tracker.org\/#website\"},\"datePublished\":\"2022-02-06T17:24:15+00:00\",\"dateModified\":\"2022-02-06T17:25:13+00:00\",\"description\":\"Track current location and position of SEAGO ISTANBUL Container Ship on Live Map - IMO: 9313943 \u2713 Container Ship Tracking\",\"breadcrumb\":{\"@id\":\"https:\/\/ship-tracker.org\/seago-istanbul\/#breadcrumb\"},\"inLanguage\":\"fr-FR\",\"potentialAction\":[{\"@type\":\"ReadAction\",\"target\":[\"https:\/\/ship-tracker.org\/seago-istanbul\/\"]}]},{\"@type\":\"BreadcrumbList\",\"@id\":\"https:\/\/ship-tracker.org\/seago-istanbul\/#breadcrumb\",\"itemListElement\":[{\"@type\":\"ListItem\",\"position\":1,\"name\":\"Startseite\",\"item\":\"https:\/\/ship-tracker.org\/\"},{\"@type\":\"ListItem\",\"position\":2,\"name\":\"SEAGO ISTANBUL\"}]},{\"@type\":\"WebSite\",\"@id\":\"https:\/\/ship-tracker.org\/#website\",\"url\":\"https:\/\/ship-tracker.org\/\",\"name\":\"Ship-tracker.org\",\"description\":\"\",\"potentialAction\":[{\"@type\":\"SearchAction\",\"target\":{\"@type\":\"EntryPoint\",\"urlTemplate\":\"https:\/\/ship-tracker.org\/?s={search_term_string}\"},\"query-input\":{\"@type\":\"PropertyValueSpecification\",\"valueRequired\":true,\"valueName\":\"search_term_string\"}}],\"inLanguage\":\"fr-FR\"}]}<\/script>\n<!-- \/ Yoast SEO plugin. -->","yoast_head_json":{"title":"SEAGO ISTANBUL - Porte-conteneurs, IMO 9313943 - Emplacement actuel","description":"Suivez l&#039;emplacement et la position actuels du porte-conteneurs SEAGO ISTANBUL sur la carte en direct - IMO: 9313943 \u2713 Suivi des porte-conteneurs","robots":{"index":"index","follow":"follow","max-snippet":"max-snippet:-1","max-image-preview":"max-image-preview:large","max-video-preview":"max-video-preview:-1"},"canonical":"https:\/\/ship-tracker.org\/fr\/seago-istanbul\/","og_locale":"fr_FR","og_type":"article","og_title":"SEAGO ISTANBUL - Container Ship, IMO 9313943 - Current location","og_description":"Track current location and position of SEAGO ISTANBUL Container Ship on Live Map - IMO: 9313943 \u2713 Container Ship Tracking","og_url":"https:\/\/ship-tracker.org\/fr\/seago-istanbul\/","og_site_name":"Ship-tracker.org","article_modified_time":"2022-02-06T17:25:13+00:00","twitter_card":"summary_large_image","twitter_misc":{"Dur\u00e9e de lecture estim\u00e9e":"1 minute"},"schema":{"@context":"https:\/\/schema.org","@graph":[{"@type":"WebPage","@id":"https:\/\/ship-tracker.org\/seago-istanbul\/","url":"https:\/\/ship-tracker.org\/seago-istanbul\/","name":"SEAGO ISTANBUL - Porte-conteneurs, IMO 9313943 - Emplacement actuel","isPartOf":{"@id":"https:\/\/ship-tracker.org\/#website"},"datePublished":"2022-02-06T17:24:15+00:00","dateModified":"2022-02-06T17:25:13+00:00","description":"Suivez l&#039;emplacement et la position actuels du porte-conteneurs SEAGO ISTANBUL sur la carte en direct - IMO: 9313943 \u2713 Suivi des porte-conteneurs","breadcrumb":{"@id":"https:\/\/ship-tracker.org\/seago-istanbul\/#breadcrumb"},"inLanguage":"fr-FR","potentialAction":[{"@type":"ReadAction","target":["https:\/\/ship-tracker.org\/seago-istanbul\/"]}]},{"@type":"BreadcrumbList","@id":"https:\/\/ship-tracker.org\/seago-istanbul\/#breadcrumb","itemListElement":[{"@type":"ListItem","position":1,"name":"Startseite","item":"https:\/\/ship-tracker.org\/"},{"@type":"ListItem","position":2,"name":"SEAGO ISTANBUL"}]},{"@type":"WebSite","@id":"https:\/\/ship-tracker.org\/#website","url":"https:\/\/ship-tracker.org\/","name":"Ship-tracker.org","description":"","potentialAction":[{"@type":"SearchAction","target":{"@type":"EntryPoint","urlTemplate":"https:\/\/ship-tracker.org\/?s={search_term_string}"},"query-input":{"@type":"PropertyValueSpecification","valueRequired":true,"valueName":"search_term_string"}}],"inLanguage":"fr-FR"}]}},"_links":{"self":[{"href":"https:\/\/ship-tracker.org\/fr\/wp-json\/wp\/v2\/pages\/3416","targetHints":{"allow":["GET"]}}],"collection":[{"href":"https:\/\/ship-tracker.org\/fr\/wp-json\/wp\/v2\/pages"}],"about":[{"href":"https:\/\/ship-tracker.org\/fr\/wp-json\/wp\/v2\/types\/page"}],"author":[{"embeddable":true,"href":"https:\/\/ship-tracker.org\/fr\/wp-json\/wp\/v2\/users\/1"}],"replies":[{"embeddable":true,"href":"https:\/\/ship-tracker.org\/fr\/wp-json\/wp\/v2\/comments?post=3416"}],"version-history":[{"count":3,"href":"https:\/\/ship-tracker.org\/fr\/wp-json\/wp\/v2\/pages\/3416\/revisions"}],"predecessor-version":[{"id":3421,"href":"https:\/\/ship-tracker.org\/fr\/wp-json\/wp\/v2\/pages\/3416\/revisions\/3421"}],"wp:attachment":[{"href":"https:\/\/ship-tracker.org\/fr\/wp-json\/wp\/v2\/media?parent=3416"}],"curies":[{"name":"wp","href":"https:\/\/api.w.org\/{rel}","templated":true}]}}