{"id":3261,"date":"2020-05-17T19:57:06","date_gmt":"2020-05-17T17:57:06","guid":{"rendered":"https:\/\/ship-tracker.org\/?page_id=3261"},"modified":"2021-11-08T21:10:17","modified_gmt":"2021-11-08T20:10:17","slug":"thunderstorm-tracker","status":"publish","type":"page","link":"https:\/\/ship-tracker.org\/fr\/thunderstorm-tracker\/","title":{"rendered":"Traqueur d&#039;orage"},"content":{"rendered":"<h2 class=\"cruisin-style01\">Traqueur d&#039;orage - Carte de foudre<\/h2>\n<p><script async src=\"https:\/\/pagead2.googlesyndication.com\/pagead\/js\/adsbygoogle.js\"><\/script><br \/>\n<!-- Ship-Tracker Display --><br \/>\n<ins class=\"adsbygoogle\" style=\"display: block;\" data-ad-client=\"ca-pub-1316785063791781\" data-ad-slot=\"8075999632\" data-ad-format=\"auto\" data-full-width-responsive=\"true\"><\/ins><br \/>\n<script>\n     (adsbygoogle = window.adsbygoogle || []).push({});\n<\/script><br \/>\n<strong>Live Thunderstorm Tracker. Comprend une carte de suivi, un radar en direct, des c\u00f4nes et des pistes de pr\u00e9vision, des graphiques de vitesse et de pression du vent.<\/strong><\/p>\n<p>La carte radar m\u00e9t\u00e9orologique vous montre les orages violents, les orages et les \u00e9clairs dans le monde entier et vous fait savoir comment se d\u00e9place une temp\u00eate. La carte montre o\u00f9 il y a des coups de foudre actuels et vous permet de suivre les conditions m\u00e9t\u00e9orologiques violentes en direct.<\/p>\n<p><strong>D\u00e9placez la carte pour trouver la temp\u00eate que vous souhaitez suivre.<\/strong><br \/>\n<iframe loading=\"lazy\" src=\"https:\/\/embed.windy.com\/embed2.html?lat=55.529&amp;lon=3.164&amp;zoom=4&amp;level=surface&amp;overlay=radar&amp;menu=&amp;message=&amp;marker=&amp;calendar=&amp;pressure=&amp;type=map&amp;location=coordinates&amp;detail=&amp;detailLat=47.828&amp;detailLon=11.360&amp;metricWind=default&amp;metricTemp=default&amp;radarRange=-1\" width=\"100%\" height=\"450\" frameborder=\"0\"><\/iframe><\/p>\n<h2>comment se cr\u00e9ent les orages?<\/h2>\n<p>Le sol est chauff\u00e9 par le soleil et l&#039;humidit\u00e9 du sol ou de l&#039;eau s&#039;\u00e9vapore et se m\u00e9lange \u00e0 la couche d&#039;air au-dessus du sol, qui est ainsi chauff\u00e9e. Cet air chaud et humide devient plus l\u00e9ger, monte vers le haut et se refroidit \u00e0 nouveau. Le r\u00e9sultat est un nuage qui se d\u00e9veloppe de plus en plus en un nuage d&#039;orage. Semblable \u00e0 un choc \u00e9lectrique, une tension \u00e9lectrique est g\u00e9n\u00e9r\u00e9e qui est d\u00e9charg\u00e9e sous forme de foudre. L&#039;air dans le soi-disant canal de foudre se r\u00e9chauffe de mani\u00e8re explosive, d\u00e9clenchant une onde de pression. Celui-ci se d\u00e9place \u00e0 une vitesse du son d&#039;environ 333 m\u00e8tres par seconde et forme le son du tonnerre.<\/p>\n<p><a href=\"https:\/\/ship-tracker.org\/fr\/hurricane-tracker\/\">V\u00e9rifiez ici pour une temp\u00eate tropicale<\/a>.<\/p>\n<p><script async src=\"https:\/\/pagead2.googlesyndication.com\/pagead\/js\/adsbygoogle.js\"><\/script><br \/>\n<!-- Ship-Tracker Display --><br \/>\n<ins class=\"adsbygoogle\" style=\"display: block;\" data-ad-client=\"ca-pub-1316785063791781\" data-ad-slot=\"8075999632\" data-ad-format=\"auto\" data-full-width-responsive=\"true\"><\/ins><br \/>\n<script>\n     (adsbygoogle = window.adsbygoogle || []).push({});\n<\/script><\/p>","protected":false},"excerpt":{"rendered":"<p>Suivi des orages \u2013 Suivi des orages en direct sur Lightning Map. Comprend une carte de suivi, un radar en direct, des c\u00f4nes et des traces de pr\u00e9vision, des graphiques de vitesse et de pression du vent. La carte radar m\u00e9t\u00e9orologique vous montre les temp\u00eates violentes, les orages et les \u00e9clairs dans le monde entier et vous permet de savoir comment se d\u00e9place une temp\u00eate. La carte montre o\u00f9 se trouvent actuellement les \u00e9clairs et vous permet de suivre\u2026&nbsp;<a href=\"https:\/\/ship-tracker.org\/fr\/thunderstorm-tracker\/\" rel=\"bookmark\">En savoir plus &quot;<span class=\"screen-reader-text\">Traqueur d&#039;orage<\/span><\/a><\/p>","protected":false},"author":1,"featured_media":3263,"parent":0,"menu_order":0,"comment_status":"closed","ping_status":"closed","template":"","meta":{"neve_meta_sidebar":"","neve_meta_container":"","neve_meta_enable_content_width":"","neve_meta_content_width":0,"neve_meta_title_alignment":"","neve_meta_author_avatar":"","neve_post_elements_order":"","neve_meta_disable_header":"","neve_meta_disable_footer":"","neve_meta_disable_title":"","neve_meta_reading_time":"","footnotes":""},"class_list":["post-3261","page","type-page","status-publish","has-post-thumbnail","hentry"],"yoast_head":"<!-- This site is optimized with the Yoast SEO plugin v26.9 - https:\/\/yoast.com\/product\/yoast-seo-wordpress\/ -->\n<title>Thunderstorm Tracker - Lightning Map - Ship-tracker.org<\/title>\n<meta name=\"description\" content=\"Thunderstorm Tracker \u2713 Includes tracking map, live radar, forecast cones and tracks, wind speed and pressure charts \u2713 Tropical Storms Map\" \/>\n<meta name=\"robots\" content=\"index, follow, max-snippet:-1, max-image-preview:large, max-video-preview:-1\" \/>\n<link rel=\"canonical\" href=\"https:\/\/ship-tracker.org\/fr\/thunderstorm-tracker\/\" \/>\n<meta property=\"og:locale\" content=\"fr_FR\" \/>\n<meta property=\"og:type\" content=\"article\" \/>\n<meta property=\"og:title\" content=\"Thunderstorm Tracker - Lightning Map - Ship-tracker.org\" \/>\n<meta property=\"og:description\" content=\"Thunderstorm Tracker \u2713 Includes tracking map, live radar, forecast cones and tracks, wind speed and pressure charts \u2713 Tropical Storms Map\" \/>\n<meta property=\"og:url\" content=\"https:\/\/ship-tracker.org\/fr\/thunderstorm-tracker\/\" \/>\n<meta property=\"og:site_name\" content=\"Ship-tracker.org\" \/>\n<meta property=\"article:modified_time\" content=\"2021-11-08T20:10:17+00:00\" \/>\n<meta property=\"og:image\" content=\"https:\/\/ship-tracker.org\/wp-content\/uploads\/2020\/05\/lightning-1056419_640.jpg\" \/>\n\t<meta property=\"og:image:width\" content=\"640\" \/>\n\t<meta property=\"og:image:height\" content=\"408\" \/>\n\t<meta property=\"og:image:type\" content=\"image\/jpeg\" \/>\n<meta name=\"twitter:card\" content=\"summary_large_image\" \/>\n<meta name=\"twitter:label1\" content=\"Dur\u00e9e de lecture estim\u00e9e\" \/>\n\t<meta name=\"twitter:data1\" content=\"1 minute\" \/>\n<script type=\"application\/ld+json\" class=\"yoast-schema-graph\">{\"@context\":\"https:\/\/schema.org\",\"@graph\":[{\"@type\":\"WebPage\",\"@id\":\"https:\/\/ship-tracker.org\/thunderstorm-tracker\/\",\"url\":\"https:\/\/ship-tracker.org\/thunderstorm-tracker\/\",\"name\":\"Thunderstorm Tracker - Lightning Map - Ship-tracker.org\",\"isPartOf\":{\"@id\":\"https:\/\/ship-tracker.org\/#website\"},\"primaryImageOfPage\":{\"@id\":\"https:\/\/ship-tracker.org\/thunderstorm-tracker\/#primaryimage\"},\"image\":{\"@id\":\"https:\/\/ship-tracker.org\/thunderstorm-tracker\/#primaryimage\"},\"thumbnailUrl\":\"https:\/\/ship-tracker.org\/wp-content\/uploads\/2020\/05\/lightning-1056419_640.jpg\",\"datePublished\":\"2020-05-17T17:57:06+00:00\",\"dateModified\":\"2021-11-08T20:10:17+00:00\",\"description\":\"Thunderstorm Tracker \u2713 Includes tracking map, live radar, forecast cones and tracks, wind speed and pressure charts \u2713 Tropical Storms Map\",\"breadcrumb\":{\"@id\":\"https:\/\/ship-tracker.org\/thunderstorm-tracker\/#breadcrumb\"},\"inLanguage\":\"fr-FR\",\"potentialAction\":[{\"@type\":\"ReadAction\",\"target\":[\"https:\/\/ship-tracker.org\/thunderstorm-tracker\/\"]}]},{\"@type\":\"ImageObject\",\"inLanguage\":\"fr-FR\",\"@id\":\"https:\/\/ship-tracker.org\/thunderstorm-tracker\/#primaryimage\",\"url\":\"https:\/\/ship-tracker.org\/wp-content\/uploads\/2020\/05\/lightning-1056419_640.jpg\",\"contentUrl\":\"https:\/\/ship-tracker.org\/wp-content\/uploads\/2020\/05\/lightning-1056419_640.jpg\",\"width\":640,\"height\":408,\"caption\":\"Thunderstorm Tracker\"},{\"@type\":\"BreadcrumbList\",\"@id\":\"https:\/\/ship-tracker.org\/thunderstorm-tracker\/#breadcrumb\",\"itemListElement\":[{\"@type\":\"ListItem\",\"position\":1,\"name\":\"Startseite\",\"item\":\"https:\/\/ship-tracker.org\/\"},{\"@type\":\"ListItem\",\"position\":2,\"name\":\"Thunderstorm Tracker\"}]},{\"@type\":\"WebSite\",\"@id\":\"https:\/\/ship-tracker.org\/#website\",\"url\":\"https:\/\/ship-tracker.org\/\",\"name\":\"Ship-tracker.org\",\"description\":\"\",\"potentialAction\":[{\"@type\":\"SearchAction\",\"target\":{\"@type\":\"EntryPoint\",\"urlTemplate\":\"https:\/\/ship-tracker.org\/?s={search_term_string}\"},\"query-input\":{\"@type\":\"PropertyValueSpecification\",\"valueRequired\":true,\"valueName\":\"search_term_string\"}}],\"inLanguage\":\"fr-FR\"}]}<\/script>\n<!-- \/ Yoast SEO plugin. -->","yoast_head_json":{"title":"Traqueur d&#039;orage - Carte de foudre - Ship-tracker.org","description":"Thunderstorm Tracker \u2713 Comprend une carte de suivi, un radar en direct, des c\u00f4nes et des pistes de pr\u00e9vision, des graphiques de vitesse et de pression du vent \u2713 Carte des temp\u00eates tropicales","robots":{"index":"index","follow":"follow","max-snippet":"max-snippet:-1","max-image-preview":"max-image-preview:large","max-video-preview":"max-video-preview:-1"},"canonical":"https:\/\/ship-tracker.org\/fr\/thunderstorm-tracker\/","og_locale":"fr_FR","og_type":"article","og_title":"Thunderstorm Tracker - Lightning Map - Ship-tracker.org","og_description":"Thunderstorm Tracker \u2713 Includes tracking map, live radar, forecast cones and tracks, wind speed and pressure charts \u2713 Tropical Storms Map","og_url":"https:\/\/ship-tracker.org\/fr\/thunderstorm-tracker\/","og_site_name":"Ship-tracker.org","article_modified_time":"2021-11-08T20:10:17+00:00","og_image":[{"width":640,"height":408,"url":"https:\/\/ship-tracker.org\/wp-content\/uploads\/2020\/05\/lightning-1056419_640.jpg","type":"image\/jpeg"}],"twitter_card":"summary_large_image","twitter_misc":{"Dur\u00e9e de lecture estim\u00e9e":"1 minute"},"schema":{"@context":"https:\/\/schema.org","@graph":[{"@type":"WebPage","@id":"https:\/\/ship-tracker.org\/thunderstorm-tracker\/","url":"https:\/\/ship-tracker.org\/thunderstorm-tracker\/","name":"Traqueur d&#039;orage - Carte de foudre - Ship-tracker.org","isPartOf":{"@id":"https:\/\/ship-tracker.org\/#website"},"primaryImageOfPage":{"@id":"https:\/\/ship-tracker.org\/thunderstorm-tracker\/#primaryimage"},"image":{"@id":"https:\/\/ship-tracker.org\/thunderstorm-tracker\/#primaryimage"},"thumbnailUrl":"https:\/\/ship-tracker.org\/wp-content\/uploads\/2020\/05\/lightning-1056419_640.jpg","datePublished":"2020-05-17T17:57:06+00:00","dateModified":"2021-11-08T20:10:17+00:00","description":"Thunderstorm Tracker \u2713 Comprend une carte de suivi, un radar en direct, des c\u00f4nes et des pistes de pr\u00e9vision, des graphiques de vitesse et de pression du vent \u2713 Carte des temp\u00eates tropicales","breadcrumb":{"@id":"https:\/\/ship-tracker.org\/thunderstorm-tracker\/#breadcrumb"},"inLanguage":"fr-FR","potentialAction":[{"@type":"ReadAction","target":["https:\/\/ship-tracker.org\/thunderstorm-tracker\/"]}]},{"@type":"ImageObject","inLanguage":"fr-FR","@id":"https:\/\/ship-tracker.org\/thunderstorm-tracker\/#primaryimage","url":"https:\/\/ship-tracker.org\/wp-content\/uploads\/2020\/05\/lightning-1056419_640.jpg","contentUrl":"https:\/\/ship-tracker.org\/wp-content\/uploads\/2020\/05\/lightning-1056419_640.jpg","width":640,"height":408,"caption":"Thunderstorm Tracker"},{"@type":"BreadcrumbList","@id":"https:\/\/ship-tracker.org\/thunderstorm-tracker\/#breadcrumb","itemListElement":[{"@type":"ListItem","position":1,"name":"Startseite","item":"https:\/\/ship-tracker.org\/"},{"@type":"ListItem","position":2,"name":"Thunderstorm Tracker"}]},{"@type":"WebSite","@id":"https:\/\/ship-tracker.org\/#website","url":"https:\/\/ship-tracker.org\/","name":"Ship-tracker.org","description":"","potentialAction":[{"@type":"SearchAction","target":{"@type":"EntryPoint","urlTemplate":"https:\/\/ship-tracker.org\/?s={search_term_string}"},"query-input":{"@type":"PropertyValueSpecification","valueRequired":true,"valueName":"search_term_string"}}],"inLanguage":"fr-FR"}]}},"_links":{"self":[{"href":"https:\/\/ship-tracker.org\/fr\/wp-json\/wp\/v2\/pages\/3261","targetHints":{"allow":["GET"]}}],"collection":[{"href":"https:\/\/ship-tracker.org\/fr\/wp-json\/wp\/v2\/pages"}],"about":[{"href":"https:\/\/ship-tracker.org\/fr\/wp-json\/wp\/v2\/types\/page"}],"author":[{"embeddable":true,"href":"https:\/\/ship-tracker.org\/fr\/wp-json\/wp\/v2\/users\/1"}],"replies":[{"embeddable":true,"href":"https:\/\/ship-tracker.org\/fr\/wp-json\/wp\/v2\/comments?post=3261"}],"version-history":[{"count":9,"href":"https:\/\/ship-tracker.org\/fr\/wp-json\/wp\/v2\/pages\/3261\/revisions"}],"predecessor-version":[{"id":3274,"href":"https:\/\/ship-tracker.org\/fr\/wp-json\/wp\/v2\/pages\/3261\/revisions\/3274"}],"wp:featuredmedia":[{"embeddable":true,"href":"https:\/\/ship-tracker.org\/fr\/wp-json\/wp\/v2\/media\/3263"}],"wp:attachment":[{"href":"https:\/\/ship-tracker.org\/fr\/wp-json\/wp\/v2\/media?parent=3261"}],"curies":[{"name":"wp","href":"https:\/\/api.w.org\/{rel}","templated":true}]}}