{"id":322,"date":"2017-09-17T22:35:12","date_gmt":"2017-09-17T20:35:12","guid":{"rendered":"http:\/\/ship-tracker.org\/?page_id=322"},"modified":"2022-10-27T13:45:00","modified_gmt":"2022-10-27T11:45:00","slug":"costa-victoria","status":"publish","type":"page","link":"https:\/\/ship-tracker.org\/fr\/costa-victoria\/","title":{"rendered":"Costa Victoria"},"content":{"rendered":"<p><script async src=\"https:\/\/pagead2.googlesyndication.com\/pagead\/js\/adsbygoogle.js\"><\/script><br \/>\n<!-- Ship-Tracker Display --><br \/>\n<ins class=\"adsbygoogle\" style=\"display: block;\" data-ad-client=\"ca-pub-1316785063791781\" data-ad-slot=\"8075999632\" data-ad-format=\"auto\" data-full-width-responsive=\"true\"><\/ins><br \/>\n<script>\n     (adsbygoogle = window.adsbygoogle || []).push({});\n<\/script><\/p>\n<h2><span style=\"color: #000000;\">Emplacement actuel et <\/span><span style=\"color: #000000;\">position de Costa Victoria<\/span><\/h2>\n<p>O\u00f9 est actuellement la position de Costa Victoria?<br \/>\n<script async src=\"https:\/\/pagead2.googlesyndication.com\/pagead\/js\/adsbygoogle.js\"><\/script><br \/>\n<!-- Schip-Tracker Linkanzeigen --><br \/>\n<ins class=\"adsbygoogle\" style=\"display: block;\" data-ad-client=\"ca-pub-1316785063791781\" data-ad-slot=\"3429004156\" data-ad-format=\"link\" data-full-width-responsive=\"true\"><\/ins><br \/>\n<script>\n     (adsbygoogle = window.adsbygoogle || []).push({});\n<\/script><br \/>\n<script type=\"text\/javascript\">\n  var width=\"1500\";\n  var height=\"500\";\n  var click_to_activate=false;\n  var default_maptype=2;\n  var imo=9109031;\n<\/script><br \/>\n<script type=\"text\/javascript\" src=\"https:\/\/www.vesselfinder.com\/aismap.js\">\n<\/script><\/p>\n<p><script async src=\"https:\/\/pagead2.googlesyndication.com\/pagead\/js\/adsbygoogle.js\"><\/script><br \/>\n<!-- Ship-Tracker Display --><br \/>\n<ins class=\"adsbygoogle\" style=\"display: block;\" data-ad-client=\"ca-pub-1316785063791781\" data-ad-slot=\"8075999632\" data-ad-format=\"auto\" data-full-width-responsive=\"true\"><\/ins><br \/>\n<script>\n     (adsbygoogle = window.adsbygoogle || []).push({});\n<\/script><\/p>\n<p>Voir l&#039;emplacement actuel de Costa Victoria.La position de Costa Victoria peut \u00eatre d\u00e9termin\u00e9e avec pr\u00e9cision par les cartes de VesselFinder et de MarineTraffic. Vous \u00eates donc toujours bien inform\u00e9 de l&#039;endroit o\u00f9 se trouve actuellement votre navire pr\u00e9f\u00e9r\u00e9.<\/p>\n<h2 class=\"title\"><span style=\"color: #000000;\">Examen et sp\u00e9cifications de la Costa Victoria<\/span><\/h2>\n<table style=\"height: 294px;\" width=\"400\">\n<tbody>\n<tr>\n<td style=\"width: 192px;\"><strong><span style=\"color: #000000;\">Drapeau<\/span><\/strong><\/td>\n<td style=\"width: 192px;\"><span style=\"color: #000000;\">Italie<\/span><\/td>\n<\/tr>\n<tr>\n<td style=\"width: 192px;\"><strong><span style=\"color: #000000;\">Ann\u00e9e de construction<\/span><\/strong><\/td>\n<td style=\"width: 192px;\"><span style=\"color: #000000;\">1996<\/span><\/td>\n<\/tr>\n<tr>\n<td style=\"width: 192px;\"><strong><span style=\"color: #000000;\">Constructeur<\/span><\/strong><\/td>\n<td style=\"width: 192px;\"><span style=\"color: #000000;\">Bremer Vulkan Werft<\/span><\/td>\n<\/tr>\n<tr>\n<td style=\"width: 192px;\"><strong><span style=\"color: #000000;\">Longueur<\/span><\/strong><\/td>\n<td style=\"width: 192px;\"><span style=\"color: #000000;\">250<span class=\"specificationUnit\">\u00a0m<\/span><\/span><\/td>\n<\/tr>\n<tr>\n<td style=\"width: 192px;\"><strong><span style=\"color: #000000;\">Faisceau<\/span><\/strong><\/td>\n<td style=\"width: 192px;\"><span style=\"color: #000000;\">32<span class=\"specificationUnit\">\u00a0m<\/span><\/span><\/td>\n<\/tr>\n<tr>\n<td style=\"width: 192px;\"><strong><span style=\"color: #000000;\">Jauge brute<\/span><\/strong><\/td>\n<td style=\"width: 192px;\"><span style=\"color: #000000;\">75166<span class=\"specificationUnit\">\u00a0gt<\/span><\/span><\/td>\n<\/tr>\n<tr>\n<td style=\"width: 192px;\"><strong><span style=\"color: #000000;\">Les passagers<\/span><\/strong><\/td>\n<td style=\"width: 192px;\"><span style=\"color: #000000;\">2314<\/span><\/td>\n<\/tr>\n<tr>\n<td style=\"width: 192px;\"><strong><span style=\"color: #000000;\">\u00c9quipage<\/span><\/strong><\/td>\n<td style=\"width: 192px;\"><span style=\"color: #000000;\">820<\/span><\/td>\n<\/tr>\n<tr>\n<td style=\"width: 192px;\"><strong><span style=\"color: #000000;\">Decks<\/span><\/strong><\/td>\n<td style=\"width: 192px;\"><span style=\"color: #000000;\">14<\/span><\/td>\n<\/tr>\n<tr>\n<td style=\"width: 192px;\"><span style=\"color: #000000;\"><strong>La vitesse<\/strong><\/span><\/td>\n<td style=\"width: 192px;\"><span style=\"color: #000000;\">23<span class=\"specificationUnit\">\u00a0kn<\/span><\/span><\/td>\n<\/tr>\n<tr>\n<td style=\"width: 192px;\"><span style=\"color: #000000;\"><strong><b>Le port d&#039;enregistrement<\/b><\/strong><\/span><\/td>\n<td style=\"width: 192px;\"><span style=\"color: #000000;\">Genua<\/span><\/td>\n<\/tr>\n<tr>\n<td style=\"width: 192px;\"><span style=\"color: #000000;\"><strong><b>Propulsion<\/b><\/strong><\/span><\/td>\n<td style=\"width: 192px;\"><span style=\"color: #000000;\">Diesel \u2013 \u00e9lectrique<\/span><\/td>\n<\/tr>\n<tr>\n<td style=\"width: 192px;\"><span style=\"color: #000000;\"><strong><b>Cruise Line<\/b><\/strong><\/span><\/td>\n<td style=\"width: 192px;\"><a href=\"https:\/\/ship-tracker.org\/fr\/costa-cruises\/\">Costa Cruises<\/a><\/td>\n<\/tr>\n<\/tbody>\n<\/table>\n<figure id=\"attachment_440\" aria-describedby=\"caption-attachment-440\" style=\"width: 300px\" class=\"wp-caption aligncenter\"><img loading=\"lazy\" decoding=\"async\" class=\"wp-image-440 size-medium\" src=\"https:\/\/ship-tracker.org\/wp-content\/uploads\/2017\/09\/Header_Serena_960x350-300x109-300x109.jpg\" alt=\"Costa Victoria\" width=\"300\" height=\"109\" \/><figcaption id=\"caption-attachment-440\" class=\"wp-caption-text\">Costa Victoria<\/p>\n<p>\u00a9 Costa Crociere<\/figcaption><\/figure>\n<h3 class=\"title\">Flotte Costa Cruises<\/h3>\n<ul>\n<li><a href=\"https:\/\/ship-tracker.org\/fr\/costa-toscana\/\">Costa Toscana<\/a><\/li>\n<li><a href=\"https:\/\/ship-tracker.org\/fr\/costa-firenze\/\">Costa Firenze<\/a><\/li>\n<li><a href=\"https:\/\/ship-tracker.org\/fr\/costa-venezia\/\">Costa Venezia<\/a><\/li>\n<li><a href=\"https:\/\/ship-tracker.org\/fr\/costa-smeralda\/\">Costa Smeralda<\/a><\/li>\n<li><a href=\"https:\/\/ship-tracker.org\/fr\/costa-diadema\/\">Costa Diadema<\/a><\/li>\n<li><a href=\"https:\/\/ship-tracker.org\/fr\/costa-fascinosa\/\">Costa Fascinosa<\/a><\/li>\n<li><a href=\"https:\/\/ship-tracker.org\/fr\/costa-favolosa\/\">Costa Favolosa<\/a><\/li>\n<li><a href=\"https:\/\/ship-tracker.org\/fr\/costa-deliziosa\/\">Costa Deliziosa<\/a><\/li>\n<li><a href=\"https:\/\/ship-tracker.org\/fr\/costa-luminosa\/\">Costa Luminosa<\/a><\/li>\n<li><a href=\"https:\/\/ship-tracker.org\/fr\/costa-pacifica\/\">Costa Pacifica<\/a><\/li>\n<li><a href=\"https:\/\/ship-tracker.org\/fr\/costa-serena\/\">Costa Serena<\/a><\/li>\n<li><a href=\"https:\/\/ship-tracker.org\/fr\/costa-magica\/\">Costa Magica<\/a><\/li>\n<li><a href=\"https:\/\/ship-tracker.org\/fr\/costa-mediterranea\/\">Costa Mediterranea<\/a><\/li>\n<li><a href=\"https:\/\/ship-tracker.org\/fr\/costa-fortuna\/\">Costa Fortuna<\/a><\/li>\n<li><a href=\"https:\/\/ship-tracker.org\/fr\/costa-neoromantica\/\">Costa neoRomantica<\/a><\/li>\n<\/ul>\n<p><script async src=\"https:\/\/pagead2.googlesyndication.com\/pagead\/js\/adsbygoogle.js\"><\/script><br \/>\n<!-- Schip-Tracker Linkanzeigen --><br \/>\n<ins class=\"adsbygoogle\" style=\"display: block;\" data-ad-client=\"ca-pub-1316785063791781\" data-ad-slot=\"3429004156\" data-ad-format=\"link\" data-full-width-responsive=\"true\"><\/ins><br \/>\n<script>\n     (adsbygoogle = window.adsbygoogle || []).push({});\n<\/script><\/p>\n<h4><span style=\"color: #000000;\">Vid\u00e9o de Costa Victoria<\/span><\/h4>\n<div class=\"su-youtube su-u-responsive-media-yes\"><iframe loading=\"lazy\" width=\"600\" height=\"400\" src=\"https:\/\/www.youtube.com\/embed\/_HmbGARJqk8?\" frameborder=\"0\" allowfullscreen allow=\"autoplay; encrypted-media; picture-in-picture\" title=\"\"><\/iframe><\/div>","protected":false},"excerpt":{"rendered":"<p>Current location and position of Costa Victoria Where is the current position of Costa Victoria presently? View Costa Victoria current location.The position of Costa Victoria can be accurately determined by the maps of VesselFinder and MarineTraffic. So you are always well informed, where your favorite ship is currently. Costa Victoria Review and Specifications Flag Italy&hellip;&nbsp;<a href=\"https:\/\/ship-tracker.org\/fr\/costa-victoria\/\" rel=\"bookmark\">En savoir plus &quot;<span class=\"screen-reader-text\">Costa Victoria<\/span><\/a><\/p>","protected":false},"author":1,"featured_media":0,"parent":0,"menu_order":0,"comment_status":"closed","ping_status":"closed","template":"","meta":{"neve_meta_sidebar":"","neve_meta_container":"","neve_meta_enable_content_width":"","neve_meta_content_width":0,"neve_meta_title_alignment":"","neve_meta_author_avatar":"","neve_post_elements_order":"","neve_meta_disable_header":"","neve_meta_disable_footer":"","neve_meta_disable_title":"","neve_meta_reading_time":"","footnotes":""},"class_list":["post-322","page","type-page","status-publish","hentry"],"yoast_head":"<!-- This site is optimized with the Yoast SEO plugin v26.9 - https:\/\/yoast.com\/product\/yoast-seo-wordpress\/ -->\n<title>Costa Victoria \u2503 Current location and position of Costa Cruises<\/title>\n<meta name=\"description\" content=\"Costa Victoria \u2693 Current location and position of Costa Victoria \u2713 Cruise Ship Tracker \u2713 Live Ship Tracker \u2713 Webcam\" \/>\n<meta name=\"robots\" content=\"index, follow, max-snippet:-1, max-image-preview:large, max-video-preview:-1\" \/>\n<link rel=\"canonical\" href=\"https:\/\/ship-tracker.org\/fr\/costa-victoria\/\" \/>\n<meta property=\"og:locale\" content=\"fr_FR\" \/>\n<meta property=\"og:type\" content=\"article\" \/>\n<meta property=\"og:title\" content=\"Costa Victoria \u2503 Current location and position of Costa Cruises\" \/>\n<meta property=\"og:description\" content=\"Costa Victoria \u2693 Current location and position of Costa Victoria \u2713 Cruise Ship Tracker \u2713 Live Ship Tracker \u2713 Webcam\" \/>\n<meta property=\"og:url\" content=\"https:\/\/ship-tracker.org\/fr\/costa-victoria\/\" \/>\n<meta property=\"og:site_name\" content=\"Ship-tracker.org\" \/>\n<meta property=\"article:modified_time\" content=\"2022-10-27T11:45:00+00:00\" \/>\n<meta property=\"og:image\" content=\"https:\/\/ship-tracker.org\/wp-content\/uploads\/2017\/09\/Header_Serena_960x350-300x109-300x109.jpg\" \/>\n<meta name=\"twitter:card\" content=\"summary_large_image\" \/>\n<meta name=\"twitter:label1\" content=\"Dur\u00e9e de lecture estim\u00e9e\" \/>\n\t<meta name=\"twitter:data1\" content=\"1 minute\" \/>\n<script type=\"application\/ld+json\" class=\"yoast-schema-graph\">{\"@context\":\"https:\/\/schema.org\",\"@graph\":[{\"@type\":\"WebPage\",\"@id\":\"https:\/\/ship-tracker.org\/costa-victoria\/\",\"url\":\"https:\/\/ship-tracker.org\/costa-victoria\/\",\"name\":\"Costa Victoria \u2503 Current location and position of Costa Cruises\",\"isPartOf\":{\"@id\":\"https:\/\/ship-tracker.org\/#website\"},\"primaryImageOfPage\":{\"@id\":\"https:\/\/ship-tracker.org\/costa-victoria\/#primaryimage\"},\"image\":{\"@id\":\"https:\/\/ship-tracker.org\/costa-victoria\/#primaryimage\"},\"thumbnailUrl\":\"https:\/\/ship-tracker.org\/wp-content\/uploads\/2017\/09\/Header_Serena_960x350-300x109-300x109.jpg\",\"datePublished\":\"2017-09-17T20:35:12+00:00\",\"dateModified\":\"2022-10-27T11:45:00+00:00\",\"description\":\"Costa Victoria \u2693 Current location and position of Costa Victoria \u2713 Cruise Ship Tracker \u2713 Live Ship Tracker \u2713 Webcam\",\"breadcrumb\":{\"@id\":\"https:\/\/ship-tracker.org\/costa-victoria\/#breadcrumb\"},\"inLanguage\":\"fr-FR\",\"potentialAction\":[{\"@type\":\"ReadAction\",\"target\":[\"https:\/\/ship-tracker.org\/costa-victoria\/\"]}]},{\"@type\":\"ImageObject\",\"inLanguage\":\"fr-FR\",\"@id\":\"https:\/\/ship-tracker.org\/costa-victoria\/#primaryimage\",\"url\":\"https:\/\/ship-tracker.org\/wp-content\/uploads\/2017\/09\/Header_Serena_960x350-300x109-300x109.jpg\",\"contentUrl\":\"https:\/\/ship-tracker.org\/wp-content\/uploads\/2017\/09\/Header_Serena_960x350-300x109-300x109.jpg\"},{\"@type\":\"BreadcrumbList\",\"@id\":\"https:\/\/ship-tracker.org\/costa-victoria\/#breadcrumb\",\"itemListElement\":[{\"@type\":\"ListItem\",\"position\":1,\"name\":\"Startseite\",\"item\":\"https:\/\/ship-tracker.org\/\"},{\"@type\":\"ListItem\",\"position\":2,\"name\":\"Costa Victoria\"}]},{\"@type\":\"WebSite\",\"@id\":\"https:\/\/ship-tracker.org\/#website\",\"url\":\"https:\/\/ship-tracker.org\/\",\"name\":\"Ship-tracker.org\",\"description\":\"\",\"potentialAction\":[{\"@type\":\"SearchAction\",\"target\":{\"@type\":\"EntryPoint\",\"urlTemplate\":\"https:\/\/ship-tracker.org\/?s={search_term_string}\"},\"query-input\":{\"@type\":\"PropertyValueSpecification\",\"valueRequired\":true,\"valueName\":\"search_term_string\"}}],\"inLanguage\":\"fr-FR\"}]}<\/script>\n<!-- \/ Yoast SEO plugin. -->","yoast_head_json":{"title":"Costa Victoria location Emplacement actuel et position de Costa Cruises","description":"Costa Victoria \u2693 Emplacement et position actuels de Costa Victoria \u2713 Suivi des navires de croisi\u00e8re \u2713 Suivi des navires en direct \u2713 Webcam","robots":{"index":"index","follow":"follow","max-snippet":"max-snippet:-1","max-image-preview":"max-image-preview:large","max-video-preview":"max-video-preview:-1"},"canonical":"https:\/\/ship-tracker.org\/fr\/costa-victoria\/","og_locale":"fr_FR","og_type":"article","og_title":"Costa Victoria \u2503 Current location and position of Costa Cruises","og_description":"Costa Victoria \u2693 Current location and position of Costa Victoria \u2713 Cruise Ship Tracker \u2713 Live Ship Tracker \u2713 Webcam","og_url":"https:\/\/ship-tracker.org\/fr\/costa-victoria\/","og_site_name":"Ship-tracker.org","article_modified_time":"2022-10-27T11:45:00+00:00","og_image":[{"url":"https:\/\/ship-tracker.org\/wp-content\/uploads\/2017\/09\/Header_Serena_960x350-300x109-300x109.jpg","type":"","width":"","height":""}],"twitter_card":"summary_large_image","twitter_misc":{"Dur\u00e9e de lecture estim\u00e9e":"1 minute"},"schema":{"@context":"https:\/\/schema.org","@graph":[{"@type":"WebPage","@id":"https:\/\/ship-tracker.org\/costa-victoria\/","url":"https:\/\/ship-tracker.org\/costa-victoria\/","name":"Costa Victoria location Emplacement actuel et position de Costa Cruises","isPartOf":{"@id":"https:\/\/ship-tracker.org\/#website"},"primaryImageOfPage":{"@id":"https:\/\/ship-tracker.org\/costa-victoria\/#primaryimage"},"image":{"@id":"https:\/\/ship-tracker.org\/costa-victoria\/#primaryimage"},"thumbnailUrl":"https:\/\/ship-tracker.org\/wp-content\/uploads\/2017\/09\/Header_Serena_960x350-300x109-300x109.jpg","datePublished":"2017-09-17T20:35:12+00:00","dateModified":"2022-10-27T11:45:00+00:00","description":"Costa Victoria \u2693 Emplacement et position actuels de Costa Victoria \u2713 Suivi des navires de croisi\u00e8re \u2713 Suivi des navires en direct \u2713 Webcam","breadcrumb":{"@id":"https:\/\/ship-tracker.org\/costa-victoria\/#breadcrumb"},"inLanguage":"fr-FR","potentialAction":[{"@type":"ReadAction","target":["https:\/\/ship-tracker.org\/costa-victoria\/"]}]},{"@type":"ImageObject","inLanguage":"fr-FR","@id":"https:\/\/ship-tracker.org\/costa-victoria\/#primaryimage","url":"https:\/\/ship-tracker.org\/wp-content\/uploads\/2017\/09\/Header_Serena_960x350-300x109-300x109.jpg","contentUrl":"https:\/\/ship-tracker.org\/wp-content\/uploads\/2017\/09\/Header_Serena_960x350-300x109-300x109.jpg"},{"@type":"BreadcrumbList","@id":"https:\/\/ship-tracker.org\/costa-victoria\/#breadcrumb","itemListElement":[{"@type":"ListItem","position":1,"name":"Startseite","item":"https:\/\/ship-tracker.org\/"},{"@type":"ListItem","position":2,"name":"Costa Victoria"}]},{"@type":"WebSite","@id":"https:\/\/ship-tracker.org\/#website","url":"https:\/\/ship-tracker.org\/","name":"Ship-tracker.org","description":"","potentialAction":[{"@type":"SearchAction","target":{"@type":"EntryPoint","urlTemplate":"https:\/\/ship-tracker.org\/?s={search_term_string}"},"query-input":{"@type":"PropertyValueSpecification","valueRequired":true,"valueName":"search_term_string"}}],"inLanguage":"fr-FR"}]}},"_links":{"self":[{"href":"https:\/\/ship-tracker.org\/fr\/wp-json\/wp\/v2\/pages\/322","targetHints":{"allow":["GET"]}}],"collection":[{"href":"https:\/\/ship-tracker.org\/fr\/wp-json\/wp\/v2\/pages"}],"about":[{"href":"https:\/\/ship-tracker.org\/fr\/wp-json\/wp\/v2\/types\/page"}],"author":[{"embeddable":true,"href":"https:\/\/ship-tracker.org\/fr\/wp-json\/wp\/v2\/users\/1"}],"replies":[{"embeddable":true,"href":"https:\/\/ship-tracker.org\/fr\/wp-json\/wp\/v2\/comments?post=322"}],"version-history":[{"count":7,"href":"https:\/\/ship-tracker.org\/fr\/wp-json\/wp\/v2\/pages\/322\/revisions"}],"predecessor-version":[{"id":2273,"href":"https:\/\/ship-tracker.org\/fr\/wp-json\/wp\/v2\/pages\/322\/revisions\/2273"}],"wp:attachment":[{"href":"https:\/\/ship-tracker.org\/fr\/wp-json\/wp\/v2\/media?parent=322"}],"curies":[{"name":"wp","href":"https:\/\/api.w.org\/{rel}","templated":true}]}}