{"id":3125,"date":"2020-05-14T18:53:00","date_gmt":"2020-05-14T16:53:00","guid":{"rendered":"https:\/\/ship-tracker.org\/?page_id=3125"},"modified":"2022-10-27T16:31:22","modified_gmt":"2022-10-27T14:31:22","slug":"kerry","status":"publish","type":"page","link":"https:\/\/ship-tracker.org\/fr\/kerry\/","title":{"rendered":"Kerry"},"content":{"rendered":"<p><script async src=\"https:\/\/pagead2.googlesyndication.com\/pagead\/js\/adsbygoogle.js\"><span data-mce-type=\"bookmark\" style=\"display: inline-block; width: 0px; overflow: hidden; line-height: 0;\" class=\"mce_SELRES_start\">\ufeff<\/span><span data-mce-type=\"bookmark\" style=\"display: inline-block; width: 0px; overflow: hidden; line-height: 0;\" class=\"mce_SELRES_start\">\ufeff<\/span><span data-mce-type=\"bookmark\" style=\"display: inline-block; width: 0px; overflow: hidden; line-height: 0;\" class=\"mce_SELRES_start\">\ufeff<\/span><\/script><br \/>\n<!-- Ship-Tracker Display --><br \/>\n<ins class=\"adsbygoogle\" style=\"display: block;\" data-ad-client=\"ca-pub-1316785063791781\" data-ad-slot=\"8075999632\" data-ad-format=\"auto\" data-full-width-responsive=\"true\"><\/ins><br \/>\n<script>\n     (adsbygoogle = window.adsbygoogle || []).push({});\n<\/script><\/p>\n<h2><span style=\"color: #000000;\">Emplacement actuel et <\/span><span style=\"color: #000000;\">position de Kerry<\/span><\/h2>\n<p>O\u00f9 est actuellement la position actuelle de Kerry?<br \/>\n<script async src=\"https:\/\/pagead2.googlesyndication.com\/pagead\/js\/adsbygoogle.js\"><\/script><br \/>\n<!-- Schip-Tracker Linkanzeigen --><br \/>\n<ins class=\"adsbygoogle\" style=\"display: block;\" data-ad-client=\"ca-pub-1316785063791781\" data-ad-slot=\"3429004156\" data-ad-format=\"link\" data-full-width-responsive=\"true\"><\/ins><br \/>\n<script>\n     (adsbygoogle = window.adsbygoogle || []).push({});\n<\/script><br \/>\n<script type=\"text\/javascript\">\n  var width=\"100%\";var height=\"400\";\n  var mmsi=210772000;\n<\/script><script type=\"text\/javascript\" src=\"https:\/\/www.vesselfinder.com\/aismap.js\"><\/script><br \/>\n<script async src=\"https:\/\/pagead2.googlesyndication.com\/pagead\/js\/adsbygoogle.js\"><\/script><br \/>\n<!-- Ship-Tracker Display --><br \/>\n<ins class=\"adsbygoogle\" style=\"display: block;\" data-ad-client=\"ca-pub-1316785063791781\" data-ad-slot=\"8075999632\" data-ad-format=\"auto\" data-full-width-responsive=\"true\"><\/ins><br \/>\n<script>\n     (adsbygoogle = window.adsbygoogle || []).push({});\n<\/script><\/p>\n<p>Voir l&#039;emplacement actuel de Kerry. La position de Kerry peut \u00eatre d\u00e9termin\u00e9e avec pr\u00e9cision par les cartes de VesselFinder et de MarineTraffic. Vous \u00eates donc toujours bien inform\u00e9 de l&#039;endroit o\u00f9 se trouve actuellement votre navire pr\u00e9f\u00e9r\u00e9.<\/p>\n<h2 class=\"title\"><span style=\"color: #000000;\">Examen et sp\u00e9cifications Kerry<\/span><\/h2>\n<table>\n<tbody>\n<tr style=\"height: 30px;\">\n<td style=\"width: 192px; height: 30px;\"><span style=\"color: #000000;\"><strong>\u00c9tat du pavillon<\/strong><\/span><\/td>\n<td style=\"width: 192px; height: 30px;\"><span style=\"color: #000000;\">Chypre<\/span><\/td>\n<\/tr>\n<tr style=\"height: 30px;\">\n<td style=\"width: 192px; height: 30px;\"><span style=\"color: #000000;\"><strong>Ann\u00e9e de construction<\/strong><\/span><\/td>\n<td style=\"width: 192px; height: 30px;\"><span style=\"color: #000000;\">2001<\/span><\/td>\n<\/tr>\n<tr style=\"height: 30px;\">\n<td style=\"width: 192px; height: 30px;\"><span style=\"color: #000000;\"><strong>Longueur<\/strong><\/span><\/td>\n<td style=\"width: 192px; height: 30px;\"><span style=\"color: #000000;\"><span class=\"specificationUnit\">187 m<\/span><\/span><\/td>\n<\/tr>\n<tr style=\"height: 30px;\">\n<td style=\"width: 192px; height: 30px;\"><span style=\"color: #000000;\"><strong>Faisceau<\/strong><\/span><\/td>\n<td style=\"width: 192px; height: 30px;\"><span style=\"color: #000000;\"><span class=\"specificationUnit\">26 m<\/span><\/span><\/td>\n<\/tr>\n<tr style=\"height: 30px;\">\n<td style=\"width: 192px; height: 30px;\"><span style=\"color: #000000;\"><strong>Jauge brute<\/strong><\/span><\/td>\n<td style=\"width: 192px; height: 30px;\"><span style=\"color: #000000;\"><span class=\"specificationUnit\">24418 gt<\/span><\/span><\/td>\n<\/tr>\n<tr style=\"height: 30px;\">\n<td style=\"width: 192px; height: 30px;\"><span style=\"color: #000000;\"><strong>\u00c9quipage<\/strong><\/span><\/td>\n<td style=\"width: 192px; height: 30px;\"><span style=\"color: #000000;\">130<\/span><\/td>\n<\/tr>\n<tr style=\"height: 31px;\">\n<td style=\"width: 192px; height: 31px;\"><span style=\"color: #000000;\"><strong>La vitesse<\/strong><\/span><\/td>\n<td style=\"width: 192px; height: 31px;\"><span style=\"color: #000000;\"><span class=\"specificationUnit\">21 kn<\/span><\/span><\/td>\n<\/tr>\n<tr style=\"height: 31px;\">\n<td style=\"width: 192px; height: 31px;\"><span style=\"color: #000000;\"><strong><b>Propri\u00e9taire<\/b><\/strong><\/span><\/td>\n<td style=\"width: 192px; height: 31px;\"><a href=\"https:\/\/ship-tracker.org\/fr\/brittany-ferries\/\"><span style=\"color: #000000;\">Brittany Ferries<\/span><\/a><\/td>\n<\/tr>\n<\/tbody>\n<\/table>\n<h3 class=\"title\">Flotte Brittany Ferries<\/h3>\n<ul>\n<li><a href=\"https:\/\/ship-tracker.org\/fr\/honfleur\/\">Honfleur<\/a><\/li>\n<li><a href=\"https:\/\/ship-tracker.org\/fr\/baie-de-seine\/\">Baie de Seine<\/a><\/li>\n<li><a href=\"https:\/\/ship-tracker.org\/fr\/armorique\/\">Armorique<\/a><\/li>\n<li><a href=\"https:\/\/ship-tracker.org\/fr\/normandie-express\/\">Normandie Express<\/a><\/li>\n<li><a href=\"https:\/\/ship-tracker.org\/fr\/etretat\/\">Etretat<\/a><\/li>\n<li><a href=\"https:\/\/ship-tracker.org\/fr\/normandie\/\">Normandie<\/a><\/li>\n<li><a href=\"https:\/\/ship-tracker.org\/fr\/barfleur\/\">Barfleur<\/a><\/li>\n<li><a href=\"https:\/\/ship-tracker.org\/fr\/mont-st-michel\/\">Mont St Michel<\/a><\/li>\n<li><a href=\"https:\/\/ship-tracker.org\/fr\/cap-finistere\/\">Cap Finist\u00e8re<\/a><\/li>\n<li><a href=\"https:\/\/ship-tracker.org\/fr\/pont-aven\/\">Pont Aven<\/a><\/li>\n<li><a href=\"https:\/\/ship-tracker.org\/fr\/bretagne\/\">Bretagne<\/a><\/li>\n<\/ul>\n<p><script async src=\"https:\/\/pagead2.googlesyndication.com\/pagead\/js\/adsbygoogle.js\"><\/script><br \/>\n<!-- Schip-Tracker Linkanzeigen --><br \/>\n<ins class=\"adsbygoogle\" style=\"display: block;\" data-ad-client=\"ca-pub-1316785063791781\" data-ad-slot=\"3429004156\" data-ad-format=\"link\" data-full-width-responsive=\"true\"><\/ins><br \/>\n<script>\n     (adsbygoogle = window.adsbygoogle || []).push({});\n<\/script><\/p>\n<h4><span style=\"color: #000000;\">Vid\u00e9o Kerry<\/span><\/h4>\n<div class=\"su-youtube su-u-responsive-media-yes\"><iframe loading=\"lazy\" width=\"600\" height=\"400\" src=\"https:\/\/www.youtube.com\/embed\/KjoeLRE0KeQ?\" frameborder=\"0\" allowfullscreen allow=\"autoplay; encrypted-media; picture-in-picture\" title=\"\"><\/iframe><\/div>","protected":false},"excerpt":{"rendered":"<p>Localisation et position actuelles du Kerry. O\u00f9 se trouve actuellement le Kerry\u00a0? Consultez la position actuelle du Kerry. La position du Kerry peut \u00eatre d\u00e9termin\u00e9e avec pr\u00e9cision gr\u00e2ce aux cartes de VesselFinder et MarineTraffic. Vous \u00eates ainsi toujours bien inform\u00e9 de la position actuelle de votre navire pr\u00e9f\u00e9r\u00e9. Avis et sp\u00e9cifications du Kerry. Pavillon\u00a0: Chypre. Ann\u00e9e de construction\u00a0: 2001.&nbsp;<a href=\"https:\/\/ship-tracker.org\/fr\/kerry\/\" rel=\"bookmark\">En savoir plus &quot;<span class=\"screen-reader-text\">Kerry<\/span><\/a><\/p>","protected":false},"author":1,"featured_media":3104,"parent":0,"menu_order":0,"comment_status":"closed","ping_status":"closed","template":"","meta":{"neve_meta_sidebar":"","neve_meta_container":"","neve_meta_enable_content_width":"","neve_meta_content_width":0,"neve_meta_title_alignment":"","neve_meta_author_avatar":"","neve_post_elements_order":"","neve_meta_disable_header":"","neve_meta_disable_footer":"","neve_meta_disable_title":"","neve_meta_reading_time":"","footnotes":""},"class_list":["post-3125","page","type-page","status-publish","has-post-thumbnail","hentry"],"yoast_head":"<!-- This site is optimized with the Yoast SEO plugin v26.9 - https:\/\/yoast.com\/product\/yoast-seo-wordpress\/ -->\n<title>Kerry\u2503Current location and position of Brittany Ferries<\/title>\n<meta name=\"description\" content=\"Kerry \u2693 Current location and position of Kerry \u2713 Cruise Ship Tracker \u2713 Live Ship Tracker \u2503Track Ferries \u2503Brittany Ferries\" \/>\n<meta name=\"robots\" content=\"index, follow, max-snippet:-1, max-image-preview:large, max-video-preview:-1\" \/>\n<link rel=\"canonical\" href=\"https:\/\/ship-tracker.org\/fr\/kerry\/\" \/>\n<meta property=\"og:locale\" content=\"fr_FR\" \/>\n<meta property=\"og:type\" content=\"article\" \/>\n<meta property=\"og:title\" content=\"Kerry\u2503Current location and position of Brittany Ferries\" \/>\n<meta property=\"og:description\" content=\"Kerry \u2693 Current location and position of Kerry \u2713 Cruise Ship Tracker \u2713 Live Ship Tracker \u2503Track Ferries \u2503Brittany Ferries\" \/>\n<meta property=\"og:url\" content=\"https:\/\/ship-tracker.org\/fr\/kerry\/\" \/>\n<meta property=\"og:site_name\" content=\"Ship-tracker.org\" \/>\n<meta property=\"article:modified_time\" content=\"2022-10-27T14:31:22+00:00\" \/>\n<meta property=\"og:image\" content=\"https:\/\/ship-tracker.org\/wp-content\/uploads\/2020\/05\/brittany_ferries_bretagne.jpg\" \/>\n\t<meta property=\"og:image:width\" content=\"360\" \/>\n\t<meta property=\"og:image:height\" content=\"250\" \/>\n\t<meta property=\"og:image:type\" content=\"image\/jpeg\" \/>\n<meta name=\"twitter:card\" content=\"summary_large_image\" \/>\n<meta name=\"twitter:label1\" content=\"Dur\u00e9e de lecture estim\u00e9e\" \/>\n\t<meta name=\"twitter:data1\" content=\"1 minute\" \/>\n<script type=\"application\/ld+json\" class=\"yoast-schema-graph\">{\"@context\":\"https:\/\/schema.org\",\"@graph\":[{\"@type\":\"WebPage\",\"@id\":\"https:\/\/ship-tracker.org\/kerry\/\",\"url\":\"https:\/\/ship-tracker.org\/kerry\/\",\"name\":\"Kerry\u2503Current location and position of Brittany Ferries\",\"isPartOf\":{\"@id\":\"https:\/\/ship-tracker.org\/#website\"},\"primaryImageOfPage\":{\"@id\":\"https:\/\/ship-tracker.org\/kerry\/#primaryimage\"},\"image\":{\"@id\":\"https:\/\/ship-tracker.org\/kerry\/#primaryimage\"},\"thumbnailUrl\":\"https:\/\/ship-tracker.org\/wp-content\/uploads\/2020\/05\/brittany_ferries_bretagne.jpg\",\"datePublished\":\"2020-05-14T16:53:00+00:00\",\"dateModified\":\"2022-10-27T14:31:22+00:00\",\"description\":\"Kerry \u2693 Current location and position of Kerry \u2713 Cruise Ship Tracker \u2713 Live Ship Tracker \u2503Track Ferries \u2503Brittany Ferries\",\"breadcrumb\":{\"@id\":\"https:\/\/ship-tracker.org\/kerry\/#breadcrumb\"},\"inLanguage\":\"fr-FR\",\"potentialAction\":[{\"@type\":\"ReadAction\",\"target\":[\"https:\/\/ship-tracker.org\/kerry\/\"]}]},{\"@type\":\"ImageObject\",\"inLanguage\":\"fr-FR\",\"@id\":\"https:\/\/ship-tracker.org\/kerry\/#primaryimage\",\"url\":\"https:\/\/ship-tracker.org\/wp-content\/uploads\/2020\/05\/brittany_ferries_bretagne.jpg\",\"contentUrl\":\"https:\/\/ship-tracker.org\/wp-content\/uploads\/2020\/05\/brittany_ferries_bretagne.jpg\",\"width\":360,\"height\":250,\"caption\":\"Honfleur\"},{\"@type\":\"BreadcrumbList\",\"@id\":\"https:\/\/ship-tracker.org\/kerry\/#breadcrumb\",\"itemListElement\":[{\"@type\":\"ListItem\",\"position\":1,\"name\":\"Startseite\",\"item\":\"https:\/\/ship-tracker.org\/\"},{\"@type\":\"ListItem\",\"position\":2,\"name\":\"Kerry\"}]},{\"@type\":\"WebSite\",\"@id\":\"https:\/\/ship-tracker.org\/#website\",\"url\":\"https:\/\/ship-tracker.org\/\",\"name\":\"Ship-tracker.org\",\"description\":\"\",\"potentialAction\":[{\"@type\":\"SearchAction\",\"target\":{\"@type\":\"EntryPoint\",\"urlTemplate\":\"https:\/\/ship-tracker.org\/?s={search_term_string}\"},\"query-input\":{\"@type\":\"PropertyValueSpecification\",\"valueRequired\":true,\"valueName\":\"search_term_string\"}}],\"inLanguage\":\"fr-FR\"}]}<\/script>\n<!-- \/ Yoast SEO plugin. -->","yoast_head_json":{"title":"Kerry\u2503 Emplacement et position actuels de Brittany Ferries","description":"Kerry \u2693 Emplacement et position actuels de Kerry \u2713 Suivi des navires de croisi\u00e8re \u2713 Suivi des navires en direct \u2503Suivre les ferries \u2503Brittany Ferries","robots":{"index":"index","follow":"follow","max-snippet":"max-snippet:-1","max-image-preview":"max-image-preview:large","max-video-preview":"max-video-preview:-1"},"canonical":"https:\/\/ship-tracker.org\/fr\/kerry\/","og_locale":"fr_FR","og_type":"article","og_title":"Kerry\u2503Current location and position of Brittany Ferries","og_description":"Kerry \u2693 Current location and position of Kerry \u2713 Cruise Ship Tracker \u2713 Live Ship Tracker \u2503Track Ferries \u2503Brittany Ferries","og_url":"https:\/\/ship-tracker.org\/fr\/kerry\/","og_site_name":"Ship-tracker.org","article_modified_time":"2022-10-27T14:31:22+00:00","og_image":[{"width":360,"height":250,"url":"https:\/\/ship-tracker.org\/wp-content\/uploads\/2020\/05\/brittany_ferries_bretagne.jpg","type":"image\/jpeg"}],"twitter_card":"summary_large_image","twitter_misc":{"Dur\u00e9e de lecture estim\u00e9e":"1 minute"},"schema":{"@context":"https:\/\/schema.org","@graph":[{"@type":"WebPage","@id":"https:\/\/ship-tracker.org\/kerry\/","url":"https:\/\/ship-tracker.org\/kerry\/","name":"Kerry\u2503 Emplacement et position actuels de Brittany Ferries","isPartOf":{"@id":"https:\/\/ship-tracker.org\/#website"},"primaryImageOfPage":{"@id":"https:\/\/ship-tracker.org\/kerry\/#primaryimage"},"image":{"@id":"https:\/\/ship-tracker.org\/kerry\/#primaryimage"},"thumbnailUrl":"https:\/\/ship-tracker.org\/wp-content\/uploads\/2020\/05\/brittany_ferries_bretagne.jpg","datePublished":"2020-05-14T16:53:00+00:00","dateModified":"2022-10-27T14:31:22+00:00","description":"Kerry \u2693 Emplacement et position actuels de Kerry \u2713 Suivi des navires de croisi\u00e8re \u2713 Suivi des navires en direct \u2503Suivre les ferries \u2503Brittany Ferries","breadcrumb":{"@id":"https:\/\/ship-tracker.org\/kerry\/#breadcrumb"},"inLanguage":"fr-FR","potentialAction":[{"@type":"ReadAction","target":["https:\/\/ship-tracker.org\/kerry\/"]}]},{"@type":"ImageObject","inLanguage":"fr-FR","@id":"https:\/\/ship-tracker.org\/kerry\/#primaryimage","url":"https:\/\/ship-tracker.org\/wp-content\/uploads\/2020\/05\/brittany_ferries_bretagne.jpg","contentUrl":"https:\/\/ship-tracker.org\/wp-content\/uploads\/2020\/05\/brittany_ferries_bretagne.jpg","width":360,"height":250,"caption":"Honfleur"},{"@type":"BreadcrumbList","@id":"https:\/\/ship-tracker.org\/kerry\/#breadcrumb","itemListElement":[{"@type":"ListItem","position":1,"name":"Startseite","item":"https:\/\/ship-tracker.org\/"},{"@type":"ListItem","position":2,"name":"Kerry"}]},{"@type":"WebSite","@id":"https:\/\/ship-tracker.org\/#website","url":"https:\/\/ship-tracker.org\/","name":"Ship-tracker.org","description":"","potentialAction":[{"@type":"SearchAction","target":{"@type":"EntryPoint","urlTemplate":"https:\/\/ship-tracker.org\/?s={search_term_string}"},"query-input":{"@type":"PropertyValueSpecification","valueRequired":true,"valueName":"search_term_string"}}],"inLanguage":"fr-FR"}]}},"_links":{"self":[{"href":"https:\/\/ship-tracker.org\/fr\/wp-json\/wp\/v2\/pages\/3125","targetHints":{"allow":["GET"]}}],"collection":[{"href":"https:\/\/ship-tracker.org\/fr\/wp-json\/wp\/v2\/pages"}],"about":[{"href":"https:\/\/ship-tracker.org\/fr\/wp-json\/wp\/v2\/types\/page"}],"author":[{"embeddable":true,"href":"https:\/\/ship-tracker.org\/fr\/wp-json\/wp\/v2\/users\/1"}],"replies":[{"embeddable":true,"href":"https:\/\/ship-tracker.org\/fr\/wp-json\/wp\/v2\/comments?post=3125"}],"version-history":[{"count":5,"href":"https:\/\/ship-tracker.org\/fr\/wp-json\/wp\/v2\/pages\/3125\/revisions"}],"predecessor-version":[{"id":3196,"href":"https:\/\/ship-tracker.org\/fr\/wp-json\/wp\/v2\/pages\/3125\/revisions\/3196"}],"wp:featuredmedia":[{"embeddable":true,"href":"https:\/\/ship-tracker.org\/fr\/wp-json\/wp\/v2\/media\/3104"}],"wp:attachment":[{"href":"https:\/\/ship-tracker.org\/fr\/wp-json\/wp\/v2\/media?parent=3125"}],"curies":[{"name":"wp","href":"https:\/\/api.w.org\/{rel}","templated":true}]}}