{"id":2606,"date":"2020-05-09T14:06:50","date_gmt":"2020-05-09T12:06:50","guid":{"rendered":"https:\/\/ship-tracker.org\/?page_id=2606"},"modified":"2022-11-01T13:55:44","modified_gmt":"2022-11-01T12:55:44","slug":"hapag-lloyd-cruises","status":"publish","type":"page","link":"https:\/\/ship-tracker.org\/fr\/hapag-lloyd-cruises\/","title":{"rendered":"Hapag-Lloyd Cruises"},"content":{"rendered":"<h2>Navires de localisation de la flotte Hapag-Lloyd Cruises, num\u00e9ros OMI, MMSI, webcams<\/h2>\n<p>O\u00f9 est actuellement la position de la flotte de Hapag-Lloyd Cruises?<\/p>\n<table style=\"border-collapse: collapse; width: 100%; height: 168px;\">\n<tbody>\n<tr style=\"height: 24px;\">\n<td style=\"width: 457px; height: 24px;\"><span style=\"color: #1f405b;\"><strong>Navire<\/strong><\/span><\/td>\n<td style=\"width: 456px; height: 24px;\"><span style=\"color: #1f405b;\"><strong>OMI<\/strong><\/span><\/td>\n<td style=\"width: 456px; height: 24px;\"><span style=\"color: #1f405b;\"><strong>MMSI<\/strong><\/span><\/td>\n<\/tr>\n<tr style=\"height: 24px;\">\n<td style=\"width: 457px; height: 24px;\"><a href=\"https:\/\/ship-tracker.org\/fr\/hanseatic-spirit\/\">Hanseatic Spirit<\/a><\/td>\n<td style=\"width: 456px; height: 24px;\">9857640<\/td>\n<td style=\"width: 456px; height: 24px;\">215973000<\/td>\n<\/tr>\n<tr style=\"height: 24px;\">\n<td style=\"width: 457px; height: 24px;\"><a href=\"https:\/\/ship-tracker.org\/fr\/hanseatic-inspiration\/\">Hanseatic Inspiration<\/a><\/td>\n<td style=\"width: 456px; height: 24px;\">9817145<\/td>\n<td style=\"width: 456px; height: 24px;\">311000910<\/td>\n<\/tr>\n<tr style=\"height: 24px;\">\n<td style=\"width: 457px; height: 24px;\"><a href=\"https:\/\/ship-tracker.org\/fr\/hanseatic-nature\/\">Hanseatic Nature<\/a><\/td>\n<td style=\"width: 456px; height: 24px;\">9817133<\/td>\n<td style=\"width: 456px; height: 24px;\">311000865<\/td>\n<\/tr>\n<tr style=\"height: 24px;\">\n<td style=\"width: 457px; height: 24px;\"><a href=\"https:\/\/ship-tracker.org\/fr\/ms-europa\/\">MS Europa\u00a0<\/a><\/td>\n<td style=\"width: 456px; height: 24px;\">9183855<\/td>\n<td style=\"width: 456px; height: 24px;\">308007000<\/td>\n<\/tr>\n<tr style=\"height: 24px;\">\n<td style=\"width: 457px; height: 24px;\"><a href=\"https:\/\/ship-tracker.org\/fr\/ms-europa-2\/\">MS Europa 2<\/a><\/td>\n<td style=\"width: 456px; height: 24px;\">9616230<\/td>\n<td style=\"width: 456px; height: 24px;\">229378000<\/td>\n<\/tr>\n<\/tbody>\n<\/table>\n<h2>\u00c0 propos de Hapag-Lloyd Cruises<\/h2>\n<p>Hapag Lloyd Cruises n&#039;offre pas de navires pour le march\u00e9 de masse mais se sp\u00e9cialise dans les croisi\u00e8res de luxe et d&#039;exp\u00e9dition. La compagnie maritime se concentre toujours sur le march\u00e9 allemand, malgr\u00e9 l&#039;augmentation du nombre de passagers \u00e9trangers. La flotte de Hapag Lloyd se compose actuellement de quatre navires de croisi\u00e8re. En 2019, deux autres navires d&#039;exp\u00e9dition seront mis en service. Les navires de la flotte offrent chacun relativement peu de si\u00e8ges pour les passagers, ce qui pr\u00e9sente l&#039;avantage que le passager individuel est davantage offert lors des croisi\u00e8res d&#039;exp\u00e9dition.<\/p>\n<p>La flotte de croisi\u00e8re de Hapag Lloyd se compose de quatre navires et sera \u00e9tendue \u00e0 six navires en 2019, car deux nouveaux b\u00e2timents du segment des exp\u00e9ditions de luxe seront mis en service au cours de ces deux ann\u00e9es. En g\u00e9n\u00e9ral, les navires offrent de l&#039;espace pour peu de passagers et sont \u00e9galement con\u00e7us pour des exp\u00e9ditions plut\u00f4t que pour le march\u00e9 de masse. Les navires individuels de la flotte ont tous une classe de glace tr\u00e8s \u00e9lev\u00e9e, de sorte que des destinations telles que l&#039;Arctique ou l&#039;Antarctique peuvent \u00e9galement \u00eatre atteintes.<\/p>","protected":false},"excerpt":{"rendered":"<p>Emplacement de la flotte de Hapag-Lloyd Cruises Navires, num\u00e9ros OMI, MMSI, webcams O\u00f9 est actuellement la position de la flotte de Hapag-Lloyd Cruises ? Navire IMO MMSI Hanseatic Spirit 9857640 215973000 Hanseatic Inspiration 9817145 311000910 Hanseatic Nature 9817133 311000865 MS Europa 9183855 308007000 MS Europa 2 9616230 229378000 \u00c0 propos de Hapag-Lloyd Cruises Hapag Lloyd Cruises ne propose pas de navires pour le\u2026&nbsp;<a href=\"https:\/\/ship-tracker.org\/fr\/hapag-lloyd-cruises\/\" rel=\"bookmark\">En savoir plus &quot;<span class=\"screen-reader-text\">Hapag-Lloyd Cruises<\/span><\/a><\/p>","protected":false},"author":1,"featured_media":2607,"parent":0,"menu_order":0,"comment_status":"closed","ping_status":"closed","template":"","meta":{"neve_meta_sidebar":"","neve_meta_container":"","neve_meta_enable_content_width":"","neve_meta_content_width":0,"neve_meta_title_alignment":"","neve_meta_author_avatar":"","neve_post_elements_order":"","neve_meta_disable_header":"","neve_meta_disable_footer":"","neve_meta_disable_title":"","neve_meta_reading_time":"","footnotes":""},"class_list":["post-2606","page","type-page","status-publish","has-post-thumbnail","hentry"],"yoast_head":"<!-- This site is optimized with the Yoast SEO plugin v26.9 - https:\/\/yoast.com\/product\/yoast-seo-wordpress\/ -->\n<title>Track Hapag-Lloyd Cruises Fleet | Cruise Ships | Marine Vessel<\/title>\n<meta name=\"description\" content=\"Hapag-Lloyd Cruises Fleet Location | Current Positions of Hapag-Lloyd Cruises Ships, IMO numbers, MMSI, Webcam | Live Fleet Maps\" \/>\n<meta name=\"robots\" content=\"index, follow, max-snippet:-1, max-image-preview:large, max-video-preview:-1\" \/>\n<link rel=\"canonical\" href=\"https:\/\/ship-tracker.org\/fr\/hapag-lloyd-cruises\/\" \/>\n<meta property=\"og:locale\" content=\"fr_FR\" \/>\n<meta property=\"og:type\" content=\"article\" \/>\n<meta property=\"og:title\" content=\"Track Hapag-Lloyd Cruises Fleet | Cruise Ships | Marine Vessel\" \/>\n<meta property=\"og:description\" content=\"Hapag-Lloyd Cruises Fleet Location | Current Positions of Hapag-Lloyd Cruises Ships, IMO numbers, MMSI, Webcam | Live Fleet Maps\" \/>\n<meta property=\"og:url\" content=\"https:\/\/ship-tracker.org\/fr\/hapag-lloyd-cruises\/\" \/>\n<meta property=\"og:site_name\" content=\"Ship-tracker.org\" \/>\n<meta property=\"article:modified_time\" content=\"2022-11-01T12:55:44+00:00\" \/>\n<meta property=\"og:image\" content=\"https:\/\/ship-tracker.org\/wp-content\/uploads\/2020\/05\/HL_Logo3.svg.png\" \/>\n\t<meta property=\"og:image:width\" content=\"1200\" \/>\n\t<meta property=\"og:image:height\" content=\"785\" \/>\n\t<meta property=\"og:image:type\" content=\"image\/png\" \/>\n<meta name=\"twitter:card\" content=\"summary_large_image\" \/>\n<meta name=\"twitter:label1\" content=\"Dur\u00e9e de lecture estim\u00e9e\" \/>\n\t<meta name=\"twitter:data1\" content=\"1 minute\" \/>\n<script type=\"application\/ld+json\" class=\"yoast-schema-graph\">{\"@context\":\"https:\/\/schema.org\",\"@graph\":[{\"@type\":\"WebPage\",\"@id\":\"https:\/\/ship-tracker.org\/hapag-lloyd-cruises\/\",\"url\":\"https:\/\/ship-tracker.org\/hapag-lloyd-cruises\/\",\"name\":\"Track Hapag-Lloyd Cruises Fleet | Cruise Ships | Marine Vessel\",\"isPartOf\":{\"@id\":\"https:\/\/ship-tracker.org\/#website\"},\"primaryImageOfPage\":{\"@id\":\"https:\/\/ship-tracker.org\/hapag-lloyd-cruises\/#primaryimage\"},\"image\":{\"@id\":\"https:\/\/ship-tracker.org\/hapag-lloyd-cruises\/#primaryimage\"},\"thumbnailUrl\":\"https:\/\/ship-tracker.org\/wp-content\/uploads\/2020\/05\/HL_Logo3.svg.png\",\"datePublished\":\"2020-05-09T12:06:50+00:00\",\"dateModified\":\"2022-11-01T12:55:44+00:00\",\"description\":\"Hapag-Lloyd Cruises Fleet Location | Current Positions of Hapag-Lloyd Cruises Ships, IMO numbers, MMSI, Webcam | Live Fleet Maps\",\"breadcrumb\":{\"@id\":\"https:\/\/ship-tracker.org\/hapag-lloyd-cruises\/#breadcrumb\"},\"inLanguage\":\"fr-FR\",\"potentialAction\":[{\"@type\":\"ReadAction\",\"target\":[\"https:\/\/ship-tracker.org\/hapag-lloyd-cruises\/\"]}]},{\"@type\":\"ImageObject\",\"inLanguage\":\"fr-FR\",\"@id\":\"https:\/\/ship-tracker.org\/hapag-lloyd-cruises\/#primaryimage\",\"url\":\"https:\/\/ship-tracker.org\/wp-content\/uploads\/2020\/05\/HL_Logo3.svg.png\",\"contentUrl\":\"https:\/\/ship-tracker.org\/wp-content\/uploads\/2020\/05\/HL_Logo3.svg.png\",\"width\":1200,\"height\":785,\"caption\":\"Hapag-Lloyd Cruises\"},{\"@type\":\"BreadcrumbList\",\"@id\":\"https:\/\/ship-tracker.org\/hapag-lloyd-cruises\/#breadcrumb\",\"itemListElement\":[{\"@type\":\"ListItem\",\"position\":1,\"name\":\"Startseite\",\"item\":\"https:\/\/ship-tracker.org\/\"},{\"@type\":\"ListItem\",\"position\":2,\"name\":\"Hapag-Lloyd Cruises\"}]},{\"@type\":\"WebSite\",\"@id\":\"https:\/\/ship-tracker.org\/#website\",\"url\":\"https:\/\/ship-tracker.org\/\",\"name\":\"Ship-tracker.org\",\"description\":\"\",\"potentialAction\":[{\"@type\":\"SearchAction\",\"target\":{\"@type\":\"EntryPoint\",\"urlTemplate\":\"https:\/\/ship-tracker.org\/?s={search_term_string}\"},\"query-input\":{\"@type\":\"PropertyValueSpecification\",\"valueRequired\":true,\"valueName\":\"search_term_string\"}}],\"inLanguage\":\"fr-FR\"}]}<\/script>\n<!-- \/ Yoast SEO plugin. -->","yoast_head_json":{"title":"Suivre la flotte de Hapag-Lloyd Cruises | Navires de croisi\u00e8re | Navire maritime","description":"Hapag-Lloyd Cruises Emplacement de la flotte | Positions actuelles des navires de croisi\u00e8re Hapag-Lloyd, num\u00e9ros IMO, MMSI, webcam | Cartes de la flotte en direct","robots":{"index":"index","follow":"follow","max-snippet":"max-snippet:-1","max-image-preview":"max-image-preview:large","max-video-preview":"max-video-preview:-1"},"canonical":"https:\/\/ship-tracker.org\/fr\/hapag-lloyd-cruises\/","og_locale":"fr_FR","og_type":"article","og_title":"Track Hapag-Lloyd Cruises Fleet | Cruise Ships | Marine Vessel","og_description":"Hapag-Lloyd Cruises Fleet Location | Current Positions of Hapag-Lloyd Cruises Ships, IMO numbers, MMSI, Webcam | Live Fleet Maps","og_url":"https:\/\/ship-tracker.org\/fr\/hapag-lloyd-cruises\/","og_site_name":"Ship-tracker.org","article_modified_time":"2022-11-01T12:55:44+00:00","og_image":[{"width":1200,"height":785,"url":"https:\/\/ship-tracker.org\/wp-content\/uploads\/2020\/05\/HL_Logo3.svg.png","type":"image\/png"}],"twitter_card":"summary_large_image","twitter_misc":{"Dur\u00e9e de lecture estim\u00e9e":"1 minute"},"schema":{"@context":"https:\/\/schema.org","@graph":[{"@type":"WebPage","@id":"https:\/\/ship-tracker.org\/hapag-lloyd-cruises\/","url":"https:\/\/ship-tracker.org\/hapag-lloyd-cruises\/","name":"Suivre la flotte de Hapag-Lloyd Cruises | Navires de croisi\u00e8re | Navire maritime","isPartOf":{"@id":"https:\/\/ship-tracker.org\/#website"},"primaryImageOfPage":{"@id":"https:\/\/ship-tracker.org\/hapag-lloyd-cruises\/#primaryimage"},"image":{"@id":"https:\/\/ship-tracker.org\/hapag-lloyd-cruises\/#primaryimage"},"thumbnailUrl":"https:\/\/ship-tracker.org\/wp-content\/uploads\/2020\/05\/HL_Logo3.svg.png","datePublished":"2020-05-09T12:06:50+00:00","dateModified":"2022-11-01T12:55:44+00:00","description":"Hapag-Lloyd Cruises Emplacement de la flotte | Positions actuelles des navires de croisi\u00e8re Hapag-Lloyd, num\u00e9ros IMO, MMSI, webcam | Cartes de la flotte en direct","breadcrumb":{"@id":"https:\/\/ship-tracker.org\/hapag-lloyd-cruises\/#breadcrumb"},"inLanguage":"fr-FR","potentialAction":[{"@type":"ReadAction","target":["https:\/\/ship-tracker.org\/hapag-lloyd-cruises\/"]}]},{"@type":"ImageObject","inLanguage":"fr-FR","@id":"https:\/\/ship-tracker.org\/hapag-lloyd-cruises\/#primaryimage","url":"https:\/\/ship-tracker.org\/wp-content\/uploads\/2020\/05\/HL_Logo3.svg.png","contentUrl":"https:\/\/ship-tracker.org\/wp-content\/uploads\/2020\/05\/HL_Logo3.svg.png","width":1200,"height":785,"caption":"Hapag-Lloyd Cruises"},{"@type":"BreadcrumbList","@id":"https:\/\/ship-tracker.org\/hapag-lloyd-cruises\/#breadcrumb","itemListElement":[{"@type":"ListItem","position":1,"name":"Startseite","item":"https:\/\/ship-tracker.org\/"},{"@type":"ListItem","position":2,"name":"Hapag-Lloyd Cruises"}]},{"@type":"WebSite","@id":"https:\/\/ship-tracker.org\/#website","url":"https:\/\/ship-tracker.org\/","name":"Ship-tracker.org","description":"","potentialAction":[{"@type":"SearchAction","target":{"@type":"EntryPoint","urlTemplate":"https:\/\/ship-tracker.org\/?s={search_term_string}"},"query-input":{"@type":"PropertyValueSpecification","valueRequired":true,"valueName":"search_term_string"}}],"inLanguage":"fr-FR"}]}},"_links":{"self":[{"href":"https:\/\/ship-tracker.org\/fr\/wp-json\/wp\/v2\/pages\/2606","targetHints":{"allow":["GET"]}}],"collection":[{"href":"https:\/\/ship-tracker.org\/fr\/wp-json\/wp\/v2\/pages"}],"about":[{"href":"https:\/\/ship-tracker.org\/fr\/wp-json\/wp\/v2\/types\/page"}],"author":[{"embeddable":true,"href":"https:\/\/ship-tracker.org\/fr\/wp-json\/wp\/v2\/users\/1"}],"replies":[{"embeddable":true,"href":"https:\/\/ship-tracker.org\/fr\/wp-json\/wp\/v2\/comments?post=2606"}],"version-history":[{"count":4,"href":"https:\/\/ship-tracker.org\/fr\/wp-json\/wp\/v2\/pages\/2606\/revisions"}],"predecessor-version":[{"id":3550,"href":"https:\/\/ship-tracker.org\/fr\/wp-json\/wp\/v2\/pages\/2606\/revisions\/3550"}],"wp:featuredmedia":[{"embeddable":true,"href":"https:\/\/ship-tracker.org\/fr\/wp-json\/wp\/v2\/media\/2607"}],"wp:attachment":[{"href":"https:\/\/ship-tracker.org\/fr\/wp-json\/wp\/v2\/media?parent=2606"}],"curies":[{"name":"wp","href":"https:\/\/api.w.org\/{rel}","templated":true}]}}